{"id":113845,"date":"2020-08-17T12:33:01","date_gmt":"2020-08-17T11:33:01","guid":{"rendered":"https:\/\/dev.tg4.ie\/?page_id=113845"},"modified":"2020-08-18T09:07:18","modified_gmt":"2020-08-18T08:07:18","slug":"sceim-forbartha-oiliuna-sna-meain-fogartha-ag-tg4-udaras-na-gaeltachta-don-dara-bliain","status":"publish","type":"page","link":"https:\/\/dev.tg4.ie\/ga\/eolas\/preas\/nuacht-raitis\/2020-2\/sceim-forbartha-oiliuna-sna-meain-fogartha-ag-tg4-udaras-na-gaeltachta-don-dara-bliain\/","title":{"rendered":"Sc\u00e9im Forbartha Oili\u00fana sna Me\u00e1in F\u00f3gartha ag TG4 &#038; \u00dadar\u00e1s na Gaeltachta don dara bliain"},"content":{"rendered":"<p><a href=\"https:\/\/tg4-docs.s3.amazonaws.com\/tg4-redesign-2015\/wp-content\/uploads\/2020\/08\/Sceim_Forbartha_2020.jpg\"><img loading=\"lazy\" decoding=\"async\" width=\"1920\" height=\"1080\" class=\"aligncenter size-full wp-image-113824\" src=\"https:\/\/tg4-docs.s3.amazonaws.com\/tg4-redesign-2015\/wp-content\/uploads\/2020\/08\/Sceim_Forbartha_2020.jpg\" alt=\"\" srcset=\"https:\/\/tg4-docs.s3.amazonaws.com\/tg4-redesign-2015\/wp-content\/uploads\/2020\/08\/Sceim_Forbartha_2020.jpg 1920w, https:\/\/tg4-docs.s3.amazonaws.com\/tg4-redesign-2015\/wp-content\/uploads\/2020\/08\/Sceim_Forbartha_2020-250x141.jpg 250w, https:\/\/tg4-docs.s3.amazonaws.com\/tg4-redesign-2015\/wp-content\/uploads\/2020\/08\/Sceim_Forbartha_2020-700x394.jpg 700w, https:\/\/tg4-docs.s3.amazonaws.com\/tg4-redesign-2015\/wp-content\/uploads\/2020\/08\/Sceim_Forbartha_2020-252x141.jpg 252w, https:\/\/tg4-docs.s3.amazonaws.com\/tg4-redesign-2015\/wp-content\/uploads\/2020\/08\/Sceim_Forbartha_2020-1536x864.jpg 1536w, https:\/\/tg4-docs.s3.amazonaws.com\/tg4-redesign-2015\/wp-content\/uploads\/2020\/08\/Sceim_Forbartha_2020-120x68.jpg 120w\" sizes=\"(max-width: 1920px) 100vw, 1920px\" \/><\/a><\/p>\n<p>&nbsp;<\/p>\n<p>T\u00e1 an<span>\u00a0<\/span><strong>Sc\u00e9im Forbartha Oili\u00fana sna Me\u00e1in,<\/strong><span>\u00a0<\/span>f\u00f3gartha ag<span>\u00a0<\/span><strong>TG4<\/strong><span>\u00a0<\/span>agus ag<span>\u00a0<\/span><strong>\u00dadar\u00e1s na Gaeltachta<\/strong><span>\u00a0<\/span>don dara huair. An aidhm at\u00e1 leis an sc\u00e9im n\u00e1 taca\u00edocht a thabhairt do chomhlachta\u00ed l\u00e9iri\u00fach\u00e1in scileanna agus tallann fhoireann an chomhlachta l\u00e9iri\u00fach\u00e1in a fhorbairt, agus tallann nua a bhfuil Gaeilge acu a thabhairt chun cinn sa tionscal.<br \/>\n&nbsp;<br \/>\nD\u00e9anfaidh TG4 agus \u00dadar\u00e1s na Gaeltachta araon infheist\u00edocht shuntasach \u20ac160,000 sa sc\u00e9im seo chomh maith le hionchur na hearn\u00e1la neamhsple\u00e1iche ina mbeidh na deiseanna fosta\u00edochta agus oili\u00fana ar f\u00e1il. Beidh taca\u00edocht oili\u00fana ar f\u00e1il freisin i gcomhph\u00e1irt le Gr\u00e9as\u00e1n na Me\u00e1n Skillnet, Galway Film Centre agus GMIT.<br \/>\n&nbsp;<br \/>\nT\u00e1 dh\u00e1 chuid i gceist sa tionscadal seo,<span>\u00a0<\/span><strong>Sc\u00e9im Taith\u00ed Oibre<\/strong>, at\u00e1 d\u00edrithe ar dhaoine at\u00e1 ag tos\u00fa amach san earn\u00e1il agus at\u00e1 ag iarraidh taith\u00ed phraitici\u00fail a fh\u00e1il agus Sc\u00e9im Spar\u00e1nachta Uasoili\u00fana at\u00e1 d\u00edrithe ar dhaoine at\u00e1 ag saothr\u00fa sa tionscal cheana f\u00e9in agus at\u00e1 ag iarraidh cur lena gcuid oili\u00fana. Faoin Sc\u00e9im Taith\u00ed Oibre, cuirfear f\u00e1ilte roimh iarratais \u00f3 Chomhlachta\u00ed L\u00e9iri\u00fach\u00e1in a bhfuil suim acu duine a fhost\u00fa ar feadh tr\u00e9imhse bliana, i r\u00e9ims\u00ed forbartha agus cruthaitheacha, n\u00f3 scileanna ar leith ina bhfuil lucht saothair gann dar leis an gcomhlacht. Cuirfear b\u00e9im ar leith ar r\u00e9ims\u00ed scileanna a bhaineann le forbairt smaointe, L\u00e9iritheoir Cruthaitheach n\u00f3 Sti\u00farth\u00f3ir \u00c1bhar. Iarrtar ar chomhlachta\u00ed ainm an oili\u00fana\u00ed a bheith mar chuid den iarratas. Mar aon leis an taith\u00ed oibre, cuirfear cl\u00e1r cuimsitheach oili\u00fana ar f\u00e1il faoi sti\u00fair GMIT, Galway Film Centre agus Gr\u00e9as\u00e1n na Me\u00e1n Skillnet ina mbeidh creidi\u00faint Leibh\u00e9al 8 ar f\u00e1il i gCleachtas na Me\u00e1n.<br \/>\n&nbsp;<br \/>\nMaidir leis an<span>\u00a0<\/span><strong>Spar\u00e1nacht Uasoili\u00fana<\/strong>, t\u00e1 iarratais \u00e1 lorg \u00f3 chomhlacht, n\u00f3 \u00f3 dhuine aonair, at\u00e1 ag obair sa tionscal cheana f\u00e9in, ar thaca\u00edocht chun freastal ar ch\u00farsa sainscileanna n\u00f3 ar \u00f3c\u00e1id foghlamtha sainsp\u00e9ise a chuideoidh leo a ngairm a fhorbairt. Is \u00e9 aidhm na spar\u00e1nachta\u00ed seo n\u00e1 scileanna a fhorbairt agus saineolas ardleibh\u00e9il a spreagadh san earn\u00e1il agus tac\u00fa le l\u00e9iritheoir\u00ed le h-idirn\u00e1isi\u00fan\u00fa agus le forbairt a ngn\u00f3.<br \/>\n&nbsp;<br \/>\nD\u00fairt Alan Esslemont, Ard-Sti\u00farth\u00f3ir TG4:<span>\u00a0<\/span><em>&#8220;T\u00e1 an-\u00e1thas orm go bhfuil TG4 agus \u00dadar\u00e1s na Gaeltachta ag f\u00f3gairt an dara bhliain den sc\u00e9im seo. D&#8217;\u00e9irigh go maith leis an gc\u00e9ad bhliain de san earn\u00e1il agus t\u00e1 daoine cumasacha, oilte tagtha chun cinn, a raibh toradh a gcuid oibre le feice\u00e1il cheana f\u00e9in ar sc\u00e1ile\u00e1n. T\u00e1 forbairt ar thallann agus ar an earn\u00e1il l\u00e9iri\u00fach\u00e1in neamhsple\u00e1ch l\u00e1rnach i strait\u00e9is c\u00faig bliana TG4, go h\u00e1irithe i gceantair Ghaeltachta agus sna r\u00e9igi\u00fain.&#8221;<\/em><\/p>\n<p>&nbsp;<\/p>\n<p>D\u00fairt M\u00edche\u00e1l \u00d3 h\u00c9anaigh, Pr\u00edomhfheidhmeannach \u00dadar\u00e1s na Gaeltachta:<span>\u00a0<\/span><em>\u201cIs c\u00fais \u00e1thais d\u00fainn go bhfuil an sc\u00e9im faoi l\u00e1n seoil ar\u00eds don dara bliain, a bhu\u00edochas sin don chomhph\u00e1irt\u00edocht idir muid f\u00e9in agus TG4. T\u00e1 blianta fada caite ag an \u00dadar\u00e1s ag obair le tionscal na me\u00e1n cruathaitheach digiteach agus is bre\u00e1 an rud \u00e9 go bhfuil t\u00f3ir ar an sc\u00e9im nu\u00e1la\u00edoch bhr\u00edomhar seo agus go bhfuil sruth tallainne agus scileanna nua san earn\u00e1il closamhairc agus me\u00e1n digiteach Gaeilge in 2020 \u00e1 fhorbairt.&#8221;<\/em><br \/>\n&nbsp;<\/p>\n<p>T\u00e1 TG4 agus \u00dadar\u00e1s na Gaeltachta ag lorg l\u00e9irithe sp\u00e9ise \u00f3 Chomhlachta\u00ed Neamhsple\u00e1cha L\u00e9iri\u00fach\u00e1n a bhfuil suim acu p\u00e1irt a ghlacadh sa Sc\u00e9im Forbartha Oili\u00fana sna Me\u00e1in. Is f\u00e9idir sonra\u00ed na sc\u00e9ime agus foirmeacha iarratais a fh\u00e1il ag <a href=\"https:\/\/dev.tg4.ie\/oiliuint\" rel=\"noopener noreferrer\" target=\"_blank\">www.tg4.ie\/oiliuint<\/a>\u00a0agus <a href=\"https:\/\/www.udaras.ie\" rel=\"noopener noreferrer\" target=\"_blank\">www.udaras.ie<\/a><\/p>\n<p>&nbsp;<br \/>\n<iframe loading=\"lazy\" width=\"560\" height=\"315\" src=\"https:\/\/www.youtube.com\/embed\/YHIjqBCJ0yw\" frameborder=\"0\" allow=\"accelerometer; autoplay; encrypted-media; gyroscope; picture-in-picture\" allowfullscreen><\/iframe><br \/>\n&nbsp;<br \/>\n&nbsp;<\/p>\n","protected":false},"excerpt":{"rendered":"<p>&nbsp; T\u00e1 an\u00a0Sc\u00e9im Forbartha Oili\u00fana sna Me\u00e1in,\u00a0f\u00f3gartha ag\u00a0TG4\u00a0agus ag\u00a0\u00dadar\u00e1s na Gaeltachta\u00a0don dara huair. An aidhm at\u00e1 leis an sc\u00e9im n\u00e1 taca\u00edocht a thabhairt do chomhlachta\u00ed l\u00e9iri\u00fach\u00e1in scileanna agus tallann fhoireann an chomhlachta l\u00e9iri\u00fach\u00e1in a fhorbairt, agus tallann nua a bhfuil Gaeilge acu a thabhairt chun cinn sa tionscal. &nbsp; D\u00e9anfaidh TG4 agus \u00dadar\u00e1s na Gaeltachta [&hellip;]<\/p>\n","protected":false},"author":876,"featured_media":0,"parent":111525,"menu_order":35,"comment_status":"closed","ping_status":"closed","template":"page-templates\/template-pr.php","meta":{"_acf_changed":false,"footnotes":""},"acf":[],"yoast_head":"<!-- This site is optimized with the Yoast SEO plugin v22.6 - https:\/\/yoast.com\/wordpress\/plugins\/seo\/ -->\n<title>Sc\u00e9im Forbartha Oili\u00fana sna Me\u00e1in F\u00f3gartha ag TG4 &amp; \u00dadar\u00e1s na Gaeltachta don dara bliain | Preas R\u00e1iteas | TG4<\/title>\n<meta name=\"robots\" content=\"index, follow, max-snippet:-1, max-image-preview:large, max-video-preview:-1\" \/>\n<meta property=\"og:locale\" content=\"en_US\" \/>\n<meta property=\"og:type\" content=\"article\" \/>\n<meta property=\"og:title\" content=\"Sc\u00e9im Forbartha Oili\u00fana sna Me\u00e1in F\u00f3gartha ag TG4 &amp; \u00dadar\u00e1s na Gaeltachta don dara bliain | Preas R\u00e1iteas | TG4\" \/>\n<meta property=\"og:description\" content=\"&nbsp; T\u00e1 an\u00a0Sc\u00e9im Forbartha Oili\u00fana sna Me\u00e1in,\u00a0f\u00f3gartha ag\u00a0TG4\u00a0agus ag\u00a0\u00dadar\u00e1s na Gaeltachta\u00a0don dara huair. An aidhm at\u00e1 leis an sc\u00e9im n\u00e1 taca\u00edocht a thabhairt do chomhlachta\u00ed l\u00e9iri\u00fach\u00e1in scileanna agus tallann fhoireann an chomhlachta l\u00e9iri\u00fach\u00e1in a fhorbairt, agus tallann nua a bhfuil Gaeilge acu a thabhairt chun cinn sa tionscal. &nbsp; D\u00e9anfaidh TG4 agus \u00dadar\u00e1s na Gaeltachta [&hellip;]\" \/>\n<meta property=\"og:url\" content=\"https:\/\/dev.tg4.ie\/ga\/eolas\/preas\/nuacht-raitis\/2020-2\/sceim-forbartha-oiliuna-sna-meain-fogartha-ag-tg4-udaras-na-gaeltachta-don-dara-bliain\/\" \/>\n<meta property=\"og:site_name\" content=\"TG4\" \/>\n<meta property=\"article:publisher\" content=\"https:\/\/www.facebook.com\/TG4TV\" \/>\n<meta property=\"article:modified_time\" content=\"2020-08-18T08:07:18+00:00\" \/>\n<meta property=\"og:image\" content=\"https:\/\/tg4-docs.s3.amazonaws.com\/tg4-redesign-2015\/wp-content\/uploads\/2020\/08\/Sceim_Forbartha_2020.jpg\" \/>\n\t<meta property=\"og:image:width\" content=\"1920\" \/>\n\t<meta property=\"og:image:height\" content=\"1080\" \/>\n\t<meta property=\"og:image:type\" content=\"image\/jpeg\" \/>\n<meta name=\"twitter:card\" content=\"summary_large_image\" \/>\n<meta name=\"twitter:image\" content=\"https:\/\/tg4-docs.s3.amazonaws.com\/tg4-redesign-2015\/wp-content\/uploads\/2020\/08\/Sceim_Forbartha_2020.jpg\" \/>\n<meta name=\"twitter:site\" content=\"@TG4TV\" \/>\n<meta name=\"twitter:label1\" content=\"Est. reading time\" \/>\n\t<meta name=\"twitter:data1\" content=\"3 minutes\" \/>\n<script type=\"application\/ld+json\" class=\"yoast-schema-graph\">{\"@context\":\"https:\/\/schema.org\",\"@graph\":[{\"@type\":\"WebPage\",\"@id\":\"https:\/\/dev.tg4.ie\/ga\/eolas\/preas\/nuacht-raitis\/2020-2\/sceim-forbartha-oiliuna-sna-meain-fogartha-ag-tg4-udaras-na-gaeltachta-don-dara-bliain\/\",\"url\":\"https:\/\/dev.tg4.ie\/ga\/eolas\/preas\/nuacht-raitis\/2020-2\/sceim-forbartha-oiliuna-sna-meain-fogartha-ag-tg4-udaras-na-gaeltachta-don-dara-bliain\/\",\"name\":\"Sc\u00e9im Forbartha Oili\u00fana sna Me\u00e1in F\u00f3gartha ag TG4 & \u00dadar\u00e1s na Gaeltachta don dara bliain | Preas R\u00e1iteas | TG4\",\"isPartOf\":{\"@id\":\"https:\/\/dev.tg4.ie\/en\/#website\"},\"primaryImageOfPage\":{\"@id\":\"https:\/\/dev.tg4.ie\/ga\/eolas\/preas\/nuacht-raitis\/2020-2\/sceim-forbartha-oiliuna-sna-meain-fogartha-ag-tg4-udaras-na-gaeltachta-don-dara-bliain\/#primaryimage\"},\"image\":{\"@id\":\"https:\/\/dev.tg4.ie\/ga\/eolas\/preas\/nuacht-raitis\/2020-2\/sceim-forbartha-oiliuna-sna-meain-fogartha-ag-tg4-udaras-na-gaeltachta-don-dara-bliain\/#primaryimage\"},\"thumbnailUrl\":\"https:\/\/dev.tg4.ie\/wp-content\/uploads\/2020\/08\/Sceim_Forbartha_2020.jpg\",\"datePublished\":\"2020-08-17T11:33:01+00:00\",\"dateModified\":\"2020-08-18T08:07:18+00:00\",\"breadcrumb\":{\"@id\":\"https:\/\/dev.tg4.ie\/ga\/eolas\/preas\/nuacht-raitis\/2020-2\/sceim-forbartha-oiliuna-sna-meain-fogartha-ag-tg4-udaras-na-gaeltachta-don-dara-bliain\/#breadcrumb\"},\"inLanguage\":\"ga\",\"potentialAction\":[{\"@type\":\"ReadAction\",\"target\":[\"https:\/\/dev.tg4.ie\/ga\/eolas\/preas\/nuacht-raitis\/2020-2\/sceim-forbartha-oiliuna-sna-meain-fogartha-ag-tg4-udaras-na-gaeltachta-don-dara-bliain\/\"]}]},{\"@type\":\"ImageObject\",\"inLanguage\":\"ga\",\"@id\":\"https:\/\/dev.tg4.ie\/ga\/eolas\/preas\/nuacht-raitis\/2020-2\/sceim-forbartha-oiliuna-sna-meain-fogartha-ag-tg4-udaras-na-gaeltachta-don-dara-bliain\/#primaryimage\",\"url\":\"https:\/\/dev.tg4.ie\/wp-content\/uploads\/2020\/08\/Sceim_Forbartha_2020.jpg\",\"contentUrl\":\"https:\/\/dev.tg4.ie\/wp-content\/uploads\/2020\/08\/Sceim_Forbartha_2020.jpg\"},{\"@type\":\"BreadcrumbList\",\"@id\":\"https:\/\/dev.tg4.ie\/ga\/eolas\/preas\/nuacht-raitis\/2020-2\/sceim-forbartha-oiliuna-sna-meain-fogartha-ag-tg4-udaras-na-gaeltachta-don-dara-bliain\/#breadcrumb\",\"itemListElement\":[{\"@type\":\"ListItem\",\"position\":1,\"name\":\"Home\",\"item\":\"https:\/\/dev.tg4.ie\/ga\/\"},{\"@type\":\"ListItem\",\"position\":2,\"name\":\"Eolas\",\"item\":\"https:\/\/dev.tg4.ie\/ga\/eolas\/\"},{\"@type\":\"ListItem\",\"position\":3,\"name\":\"Preas\",\"item\":\"https:\/\/dev.tg4.ie\/ga\/eolas\/preas\/\"},{\"@type\":\"ListItem\",\"position\":4,\"name\":\"Nuacht R\u00e1itis\",\"item\":\"https:\/\/dev.tg4.ie\/ga\/eolas\/preas\/nuacht-raitis\/\"},{\"@type\":\"ListItem\",\"position\":5,\"name\":\"2020\",\"item\":\"https:\/\/dev.tg4.ie\/ga\/eolas\/preas\/nuacht-raitis\/2020-2\/\"},{\"@type\":\"ListItem\",\"position\":6,\"name\":\"Sc\u00e9im Forbartha Oili\u00fana sna Me\u00e1in F\u00f3gartha ag TG4 &#038; \u00dadar\u00e1s na Gaeltachta don dara bliain\"}]},{\"@type\":\"WebSite\",\"@id\":\"https:\/\/dev.tg4.ie\/en\/#website\",\"url\":\"https:\/\/dev.tg4.ie\/en\/\",\"name\":\"TG4\",\"description\":\"S\u00fail Eile\",\"potentialAction\":[{\"@type\":\"SearchAction\",\"target\":{\"@type\":\"EntryPoint\",\"urlTemplate\":\"https:\/\/dev.tg4.ie\/en\/?s={search_term_string}\"},\"query-input\":\"required name=search_term_string\"}],\"inLanguage\":\"ga\"}]}<\/script>\n<!-- \/ Yoast SEO plugin. -->","yoast_head_json":{"title":"Sc\u00e9im Forbartha Oili\u00fana sna Me\u00e1in F\u00f3gartha ag TG4 & \u00dadar\u00e1s na Gaeltachta don dara bliain | Preas R\u00e1iteas | TG4","robots":{"index":"index","follow":"follow","max-snippet":"max-snippet:-1","max-image-preview":"max-image-preview:large","max-video-preview":"max-video-preview:-1"},"og_locale":"en_US","og_type":"article","og_title":"Sc\u00e9im Forbartha Oili\u00fana sna Me\u00e1in F\u00f3gartha ag TG4 & \u00dadar\u00e1s na Gaeltachta don dara bliain | Preas R\u00e1iteas | TG4","og_description":"&nbsp; T\u00e1 an\u00a0Sc\u00e9im Forbartha Oili\u00fana sna Me\u00e1in,\u00a0f\u00f3gartha ag\u00a0TG4\u00a0agus ag\u00a0\u00dadar\u00e1s na Gaeltachta\u00a0don dara huair. An aidhm at\u00e1 leis an sc\u00e9im n\u00e1 taca\u00edocht a thabhairt do chomhlachta\u00ed l\u00e9iri\u00fach\u00e1in scileanna agus tallann fhoireann an chomhlachta l\u00e9iri\u00fach\u00e1in a fhorbairt, agus tallann nua a bhfuil Gaeilge acu a thabhairt chun cinn sa tionscal. &nbsp; D\u00e9anfaidh TG4 agus \u00dadar\u00e1s na Gaeltachta [&hellip;]","og_url":"https:\/\/dev.tg4.ie\/ga\/eolas\/preas\/nuacht-raitis\/2020-2\/sceim-forbartha-oiliuna-sna-meain-fogartha-ag-tg4-udaras-na-gaeltachta-don-dara-bliain\/","og_site_name":"TG4","article_publisher":"https:\/\/www.facebook.com\/TG4TV","article_modified_time":"2020-08-18T08:07:18+00:00","og_image":[{"width":1920,"height":1080,"url":"https:\/\/tg4-docs.s3.amazonaws.com\/tg4-redesign-2015\/wp-content\/uploads\/2020\/08\/Sceim_Forbartha_2020.jpg","type":"image\/jpeg"}],"twitter_card":"summary_large_image","twitter_image":"https:\/\/tg4-docs.s3.amazonaws.com\/tg4-redesign-2015\/wp-content\/uploads\/2020\/08\/Sceim_Forbartha_2020.jpg","twitter_site":"@TG4TV","twitter_misc":{"Est. reading time":"3 minutes"},"schema":{"@context":"https:\/\/schema.org","@graph":[{"@type":"WebPage","@id":"https:\/\/dev.tg4.ie\/ga\/eolas\/preas\/nuacht-raitis\/2020-2\/sceim-forbartha-oiliuna-sna-meain-fogartha-ag-tg4-udaras-na-gaeltachta-don-dara-bliain\/","url":"https:\/\/dev.tg4.ie\/ga\/eolas\/preas\/nuacht-raitis\/2020-2\/sceim-forbartha-oiliuna-sna-meain-fogartha-ag-tg4-udaras-na-gaeltachta-don-dara-bliain\/","name":"Sc\u00e9im Forbartha Oili\u00fana sna Me\u00e1in F\u00f3gartha ag TG4 & \u00dadar\u00e1s na Gaeltachta don dara bliain | Preas R\u00e1iteas | TG4","isPartOf":{"@id":"https:\/\/dev.tg4.ie\/en\/#website"},"primaryImageOfPage":{"@id":"https:\/\/dev.tg4.ie\/ga\/eolas\/preas\/nuacht-raitis\/2020-2\/sceim-forbartha-oiliuna-sna-meain-fogartha-ag-tg4-udaras-na-gaeltachta-don-dara-bliain\/#primaryimage"},"image":{"@id":"https:\/\/dev.tg4.ie\/ga\/eolas\/preas\/nuacht-raitis\/2020-2\/sceim-forbartha-oiliuna-sna-meain-fogartha-ag-tg4-udaras-na-gaeltachta-don-dara-bliain\/#primaryimage"},"thumbnailUrl":"https:\/\/dev.tg4.ie\/wp-content\/uploads\/2020\/08\/Sceim_Forbartha_2020.jpg","datePublished":"2020-08-17T11:33:01+00:00","dateModified":"2020-08-18T08:07:18+00:00","breadcrumb":{"@id":"https:\/\/dev.tg4.ie\/ga\/eolas\/preas\/nuacht-raitis\/2020-2\/sceim-forbartha-oiliuna-sna-meain-fogartha-ag-tg4-udaras-na-gaeltachta-don-dara-bliain\/#breadcrumb"},"inLanguage":"ga","potentialAction":[{"@type":"ReadAction","target":["https:\/\/dev.tg4.ie\/ga\/eolas\/preas\/nuacht-raitis\/2020-2\/sceim-forbartha-oiliuna-sna-meain-fogartha-ag-tg4-udaras-na-gaeltachta-don-dara-bliain\/"]}]},{"@type":"ImageObject","inLanguage":"ga","@id":"https:\/\/dev.tg4.ie\/ga\/eolas\/preas\/nuacht-raitis\/2020-2\/sceim-forbartha-oiliuna-sna-meain-fogartha-ag-tg4-udaras-na-gaeltachta-don-dara-bliain\/#primaryimage","url":"https:\/\/dev.tg4.ie\/wp-content\/uploads\/2020\/08\/Sceim_Forbartha_2020.jpg","contentUrl":"https:\/\/dev.tg4.ie\/wp-content\/uploads\/2020\/08\/Sceim_Forbartha_2020.jpg"},{"@type":"BreadcrumbList","@id":"https:\/\/dev.tg4.ie\/ga\/eolas\/preas\/nuacht-raitis\/2020-2\/sceim-forbartha-oiliuna-sna-meain-fogartha-ag-tg4-udaras-na-gaeltachta-don-dara-bliain\/#breadcrumb","itemListElement":[{"@type":"ListItem","position":1,"name":"Home","item":"https:\/\/dev.tg4.ie\/ga\/"},{"@type":"ListItem","position":2,"name":"Eolas","item":"https:\/\/dev.tg4.ie\/ga\/eolas\/"},{"@type":"ListItem","position":3,"name":"Preas","item":"https:\/\/dev.tg4.ie\/ga\/eolas\/preas\/"},{"@type":"ListItem","position":4,"name":"Nuacht R\u00e1itis","item":"https:\/\/dev.tg4.ie\/ga\/eolas\/preas\/nuacht-raitis\/"},{"@type":"ListItem","position":5,"name":"2020","item":"https:\/\/dev.tg4.ie\/ga\/eolas\/preas\/nuacht-raitis\/2020-2\/"},{"@type":"ListItem","position":6,"name":"Sc\u00e9im Forbartha Oili\u00fana sna Me\u00e1in F\u00f3gartha ag TG4 &#038; \u00dadar\u00e1s na Gaeltachta don dara bliain"}]},{"@type":"WebSite","@id":"https:\/\/dev.tg4.ie\/en\/#website","url":"https:\/\/dev.tg4.ie\/en\/","name":"TG4","description":"S\u00fail Eile","potentialAction":[{"@type":"SearchAction","target":{"@type":"EntryPoint","urlTemplate":"https:\/\/dev.tg4.ie\/en\/?s={search_term_string}"},"query-input":"required name=search_term_string"}],"inLanguage":"ga"}]}},"_links":{"self":[{"href":"https:\/\/dev.tg4.ie\/ga\/wp-json\/wp\/v2\/pages\/113845"}],"collection":[{"href":"https:\/\/dev.tg4.ie\/ga\/wp-json\/wp\/v2\/pages"}],"about":[{"href":"https:\/\/dev.tg4.ie\/ga\/wp-json\/wp\/v2\/types\/page"}],"author":[{"embeddable":true,"href":"https:\/\/dev.tg4.ie\/ga\/wp-json\/wp\/v2\/users\/876"}],"replies":[{"embeddable":true,"href":"https:\/\/dev.tg4.ie\/ga\/wp-json\/wp\/v2\/comments?post=113845"}],"version-history":[{"count":0,"href":"https:\/\/dev.tg4.ie\/ga\/wp-json\/wp\/v2\/pages\/113845\/revisions"}],"up":[{"embeddable":true,"href":"https:\/\/dev.tg4.ie\/ga\/wp-json\/wp\/v2\/pages\/111525"}],"wp:attachment":[{"href":"https:\/\/dev.tg4.ie\/ga\/wp-json\/wp\/v2\/media?parent=113845"}],"curies":[{"name":"wp","href":"https:\/\/api.w.org\/{rel}","templated":true}]}}