{"id":113939,"date":"2020-08-20T15:40:32","date_gmt":"2020-08-20T14:40:32","guid":{"rendered":"https:\/\/dev.tg4.ie\/?page_id=113939"},"modified":"2020-08-20T15:42:35","modified_gmt":"2020-08-20T14:42:35","slug":"fleadh2020-ceiliuradh-deanta-ar-fud-an-domhain-ar-fhleadh-fhioruil-tg4-agus-chomhaltas-ceoltoiri-eireann","status":"publish","type":"page","link":"https:\/\/dev.tg4.ie\/ga\/eolas\/preas\/nuacht-raitis\/2020-2\/fleadh2020-ceiliuradh-deanta-ar-fud-an-domhain-ar-fhleadh-fhioruil-tg4-agus-chomhaltas-ceoltoiri-eireann\/","title":{"rendered":"Fleadh2020 &#8211; Ceili\u00faradh d\u00e9anta ar fud an domhain ar fhleadh fh\u00edor\u00fail TG4 agus Chomhaltas Ceolt\u00f3ir\u00ed \u00c9ireann"},"content":{"rendered":"<p><a href=\"https:\/\/tg4-docs.s3.amazonaws.com\/tg4-redesign-2015\/wp-content\/uploads\/2020\/08\/Fleadh2020_Logo_1920x1080.jpg\"><img loading=\"lazy\" decoding=\"async\" width=\"1920\" height=\"1080\" class=\"aligncenter size-full wp-image-113944\" src=\"https:\/\/tg4-docs.s3.amazonaws.com\/tg4-redesign-2015\/wp-content\/uploads\/2020\/08\/Fleadh2020_Logo_1920x1080.jpg\" alt=\"\" srcset=\"https:\/\/tg4-docs.s3.amazonaws.com\/tg4-redesign-2015\/wp-content\/uploads\/2020\/08\/Fleadh2020_Logo_1920x1080.jpg 1920w, https:\/\/tg4-docs.s3.amazonaws.com\/tg4-redesign-2015\/wp-content\/uploads\/2020\/08\/Fleadh2020_Logo_1920x1080-250x141.jpg 250w, https:\/\/tg4-docs.s3.amazonaws.com\/tg4-redesign-2015\/wp-content\/uploads\/2020\/08\/Fleadh2020_Logo_1920x1080-700x394.jpg 700w, https:\/\/tg4-docs.s3.amazonaws.com\/tg4-redesign-2015\/wp-content\/uploads\/2020\/08\/Fleadh2020_Logo_1920x1080-252x141.jpg 252w, https:\/\/tg4-docs.s3.amazonaws.com\/tg4-redesign-2015\/wp-content\/uploads\/2020\/08\/Fleadh2020_Logo_1920x1080-1536x864.jpg 1536w, https:\/\/tg4-docs.s3.amazonaws.com\/tg4-redesign-2015\/wp-content\/uploads\/2020\/08\/Fleadh2020_Logo_1920x1080-120x68.jpg 120w\" sizes=\"(max-width: 1920px) 100vw, 1920px\" \/><\/a><\/p>\n<p>&nbsp;<\/p>\n<p>Rinne pobail ar fud an domhain, pobal Chomhaltas Ceolt\u00f3ir\u00ed \u00c9ireann agus pobal na Fleaidhe Ceoil ceili\u00faradh bre\u00e1 ar fhleadh fh\u00edor\u00fail TG4 i gcomhar le Comhaltas Ceolt\u00f3ir\u00ed \u00c9ireann an tseachtain seo caite. Murach c\u00farsa\u00ed a bheith mar at\u00e1, ba sa Mhuileann gCearr a bheadh Fleadh Cheoil na h\u00c9ireann na bliana seo agus bh\u00ed s\u00fail leis na m\u00edlte chuig an &#8216;bhFilleadh Abhaile&#8217;.  Ina \u00e1it sin, ba cheili\u00faradh 4 o\u00edche ar an bhFleadh Cheoil a bh\u00ed in <strong>Fleadh2020<\/strong>  ar TG4 \u00f3n 6 go 9 L\u00fanasa, agus bh\u00ed pobail \u00f3 ar fud na cruinne p\u00e1irteach sa bhfleadh cheoil fh\u00edor\u00fail seo tr\u00ed \u00fas\u00e1id a bhaint as an haischlib <strong>#Fleadh2020<\/strong>.<br \/>\n&nbsp;<\/p>\n<p>Is iad D\u00e1ith\u00ed \u00d3 S\u00e9, Doireann N\u00ed Ghlac\u00e1in agus Kieran Hanrahan a chuir <strong>Fleadh2020<\/strong> i l\u00e1thair agus taifeadadh an cl\u00e1r sa Mhuileann gCearr ag deireadh mh\u00ed I\u00fail chun clo\u00ed le treoirl\u00ednte Covid-19.  Th\u00e1inig m\u00f3ruaisle an cheoil thraidisi\u00fanta, <strong>Four Men and a Dog<\/strong>, ar ais le ch\u00e9ile don \u00f3c\u00e1id speisialta chomh maith leis na ceolt\u00f3ir\u00ed m\u00f3r le r\u00e1, <strong>Steve Cooney<\/strong> agus <strong>S\u00e9amus Begley<\/strong> a bheith p\u00e1irteach.  Tugadh ard\u00e1n do na banna\u00ed C\u00e9il\u00ed ar gach cl\u00e1r agus bh\u00ed banna\u00ed as T\u00edr Eoghain, T\u00f3ice\u00f3 agus neart \u00e1iteanna eile ar an gcl\u00e1r <strong>Banna\u00ed C\u00e9il\u00ed Blackwater<\/strong>, <strong>Mhagh Loirg<\/strong>, <strong>Crossfields<\/strong> agus <strong>T\u00f3ice\u00f3<\/strong> ina measc.  Chas S\u00e9amus agus Caoimhe N\u00ed Fhlatharta  dearth\u00e1ir agus deirfi\u00far as Carna i gConamara leagan \u00e1lainn den amhr\u00e1n sean-n\u00f3is &#8216;Elean\u00f3ir a&#8217; R\u00fan&#8217; agus ba \u00e9 mh\u00f3 tr\u00e1cht de na taispe\u00e1ntais feadh na gceithre o\u00edche ar na me\u00e1in sh\u00f3isialta, taispe\u00e1ntas ar f\u00e9achadh 430,000 uair air ar na me\u00e1in sh\u00f3isialta. Is f\u00e9idir f\u00e9achaint anseo air:  <a href=\"https:\/\/youtu.be\/QisR33eN6Cs\" rel=\"noopener noreferrer\" target=\"_blank\">Elean\u00f3ir a&#8217;R\u00fan S\u00e9amus &amp; Caoimhe U\u00ed Fh\u00e1tharta<\/a><br \/>\n&nbsp;<\/p>\n<p>D&#8217;fh\u00e9ach breis is 330,000 ar an tsraith ar TG4, agus ba \u00e9 an cl\u00e1r ba mh\u00f3 lucht f\u00e9achana \u00e9 o\u00edche D\u00e9 Sathairn an 8 L\u00fanasa, le sciar 6.86% den lucht f\u00e9achana. D&#8217;fh\u00e9ach 67,500 duine ar an me\u00e1n ar an tsraith agus mar sin ba \u00e9 an cl\u00e1r Fleaidhe ba mh\u00f3 a raibh lucht f\u00e9achana aige ar TG4 le dh\u00e1 bhliain.  T\u00e1 beagnach 8,000 sruth\u00fa d\u00e9anta ar l\u00edne, ar Sheinnteoir TG4, ar an tsraith \u00f3 craoladh \u00ed.<br \/>\n&nbsp;<br \/>\nBh\u00ed daoine \u00f3 ar fud an domhain p\u00e1irteach ar l\u00edne sa bhfleadh fh\u00edor\u00fail, ag cruth\u00fa a gcuid \u00e1bhair f\u00e9in agus iad rannph\u00e1irteach sa cheili\u00faradh ag \u00fas\u00e1id na haischlibe #Fleadh2020. T\u00e1 an haischlib luaite breis is 83 milli\u00fan uair ar na me\u00e1in sh\u00f3isialta, agus t\u00e1 breis is 1.4 milli\u00fan amharc go dt\u00ed seo ar chain\u00e9il me\u00e1n s\u00f3isialta agus b&#8217;\u00e1bhar a bh\u00ed cruthaithe ag \u00fas\u00e1ideoir\u00ed 120 m\u00edr de.  Is f\u00e9idir mont\u00e1is de na taispe\u00e1ntais a fheice\u00e1il anseo: <a href=\"https:\/\/youtu.be\/HoH7m9-AOT8\" rel=\"noopener noreferrer\" target=\"_blank\">Mont\u00e1is Dhomhanda Fleadh2020<\/a><br \/>\n&nbsp;<br \/>\nIs f\u00e9idir breathn\u00fa ar an tsraith seo ar fud an domhain ar Sheinnteoir TG4: <a href=\"https:\/\/dev.tg4.ie\/player\/boxset\/?series=Fleadh%202020&#038;genre=Siamsaiocht\" rel=\"noopener noreferrer\" target=\"_blank\">F\u00e9ach ar fud an Domhain ar Fleadh2020<\/a>.<br \/>\n&nbsp;<\/p>\n<p>Rinne Alan Esslemont, Ard-Sti\u00farth\u00f3ir TG4, comhghairdeas le gach duine a raibh baint acu leis an bhFleadh agus d\u00fairt <em>&#8220;Ba mhaith le TG4 aitheantas a thabhairt don fhoireann l\u00e9iri\u00fach\u00e1in, do na ceolt\u00f3ir\u00ed agus do gach duine a raibh baint acu le &#8216;Fleadh2020&#8217; a chur ar bun i mbliana, agus do phobal na Fleaidhe a bh\u00ed p\u00e1irteach ar l\u00edne chun ceili\u00faradh bre\u00e1 a dh\u00e9anamh ar an gceol agus ar an gcult\u00far, ainneoin na srianta a bh\u00ed i bhfeidhm.  L\u00e9ir\u00edonn Fleadh2020 an chomhph\u00e1irt\u00edocht at\u00e1 idir TG4 agus Comhaltas Ceolt\u00f3ir\u00ed \u00c9ireann chun an pobal cumasach ceoil seo \u00f3 ar fud an domhain a bh\u00edonn p\u00e1irteach sa bhFleadh Cheoil a chur os comhair an phobail agus t\u00e1imid ag s\u00fail go m\u00f3r le bheith ag obair in \u00e9ineacht leo ar\u00eds an bhliain seo chugainn. Leanann an ceol.&#8221;<\/em><br \/>\n&nbsp;<\/p>\n<p>D\u00fairt Labhr\u00e1s \u00d3 Murch\u00fa, Ardsti\u00farth\u00f3ir, Comhaltas Ceolt\u00f3ir\u00ed \u00c9ireann, <em>&#8220;C\u00e9 nach rabhthas \u00e1balta Fleadh Cheoil na h\u00c9ireann a re\u00e1cht\u00e1il sa Mhuileann gCearr i mbliana, n\u00edor tugadh suas an c\u00e1s. Rinne TG4 a sheacht dh\u00edcheall f\u00e9asta de shiamsa\u00edocht agus cuimhn\u00ed bre\u00e1tha na Fleaidhe a roinnt linn agus l\u00e9ir\u00edonn an lucht f\u00e9achana ollmh\u00f3r a bh\u00ed ag an tsraith go ndearna siad an beart.  Aistear ceoil den chruthaitheacht, tallann, nu\u00e1la\u00edocht, cumha agus m\u00f3rtas pobail a bh\u00ed sa bhFleadh Fh\u00edor\u00fail seo.  T\u00e1 moladh m\u00f3r tuillte ag TG4, ag an gComhaltas agus ag muintir na h\u00c9ireann. N\u00edl deireadh leis an bhFleadh!&#8221;<\/em><\/p>\n<p>&nbsp;<br \/>\n&nbsp;<\/p>\n<p><a href=\"https:\/\/tg4-docs.s3.amazonaws.com\/tg4-redesign-2015\/wp-content\/uploads\/2020\/08\/DoireannN%C3%ADGhlac%C3%A1inD%C3%A1ith%C3%AD%C3%93S%C3%A9-Fleadh20206LowresPress_1280x720.jpg\"><img decoding=\"async\" src=\"https:\/\/tg4-docs.s3.amazonaws.com\/tg4-redesign-2015\/wp-content\/uploads\/2020\/08\/DoireannN%C3%ADGhlac%C3%A1inD%C3%A1ith%C3%AD%C3%93S%C3%A9-Fleadh20206LowresPress_1280x720-252x141.jpg\" alt=\"\" class=\"aligncenter size-thumbnail wp-image-113947\" \/><\/a><a href=\"https:\/\/tg4-docs.s3.amazonaws.com\/tg4-redesign-2015\/wp-content\/uploads\/2020\/08\/Seamus-CaoimheOFatharta-Fleadh2020LowresPress_1280x720.jpg\"><img loading=\"lazy\" decoding=\"async\" width=\"252\" height=\"141\" src=\"https:\/\/tg4-docs.s3.amazonaws.com\/tg4-redesign-2015\/wp-content\/uploads\/2020\/08\/Seamus-CaoimheOFatharta-Fleadh2020LowresPress_1280x720-252x141.jpg\" alt=\"\" class=\"aligncenter size-thumbnail wp-image-113949\" srcset=\"https:\/\/tg4-docs.s3.amazonaws.com\/tg4-redesign-2015\/wp-content\/uploads\/2020\/08\/Seamus-CaoimheOFatharta-Fleadh2020LowresPress_1280x720-252x141.jpg 252w, https:\/\/tg4-docs.s3.amazonaws.com\/tg4-redesign-2015\/wp-content\/uploads\/2020\/08\/Seamus-CaoimheOFatharta-Fleadh2020LowresPress_1280x720-250x141.jpg 250w, https:\/\/tg4-docs.s3.amazonaws.com\/tg4-redesign-2015\/wp-content\/uploads\/2020\/08\/Seamus-CaoimheOFatharta-Fleadh2020LowresPress_1280x720-700x394.jpg 700w, https:\/\/tg4-docs.s3.amazonaws.com\/tg4-redesign-2015\/wp-content\/uploads\/2020\/08\/Seamus-CaoimheOFatharta-Fleadh2020LowresPress_1280x720-120x68.jpg 120w, https:\/\/tg4-docs.s3.amazonaws.com\/tg4-redesign-2015\/wp-content\/uploads\/2020\/08\/Seamus-CaoimheOFatharta-Fleadh2020LowresPress_1280x720.jpg 1280w\" sizes=\"(max-width: 252px) 100vw, 252px\" \/><\/a><a href=\"https:\/\/tg4-docs.s3.amazonaws.com\/tg4-redesign-2015\/wp-content\/uploads\/2020\/08\/Steve_Cooney_Fleadh_2020_1920x1080.jpg\"><img loading=\"lazy\" decoding=\"async\" width=\"252\" height=\"141\" src=\"https:\/\/tg4-docs.s3.amazonaws.com\/tg4-redesign-2015\/wp-content\/uploads\/2020\/08\/Steve_Cooney_Fleadh_2020_1920x1080-252x141.jpg\" alt=\"\" class=\"aligncenter size-thumbnail wp-image-113948\" srcset=\"https:\/\/tg4-docs.s3.amazonaws.com\/tg4-redesign-2015\/wp-content\/uploads\/2020\/08\/Steve_Cooney_Fleadh_2020_1920x1080-252x141.jpg 252w, https:\/\/tg4-docs.s3.amazonaws.com\/tg4-redesign-2015\/wp-content\/uploads\/2020\/08\/Steve_Cooney_Fleadh_2020_1920x1080-250x141.jpg 250w, https:\/\/tg4-docs.s3.amazonaws.com\/tg4-redesign-2015\/wp-content\/uploads\/2020\/08\/Steve_Cooney_Fleadh_2020_1920x1080-700x394.jpg 700w, https:\/\/tg4-docs.s3.amazonaws.com\/tg4-redesign-2015\/wp-content\/uploads\/2020\/08\/Steve_Cooney_Fleadh_2020_1920x1080-1536x864.jpg 1536w, https:\/\/tg4-docs.s3.amazonaws.com\/tg4-redesign-2015\/wp-content\/uploads\/2020\/08\/Steve_Cooney_Fleadh_2020_1920x1080-120x68.jpg 120w, https:\/\/tg4-docs.s3.amazonaws.com\/tg4-redesign-2015\/wp-content\/uploads\/2020\/08\/Steve_Cooney_Fleadh_2020_1920x1080.jpg 1920w\" sizes=\"(max-width: 252px) 100vw, 252px\" \/><\/a><a href=\"https:\/\/tg4-docs.s3.amazonaws.com\/tg4-redesign-2015\/wp-content\/uploads\/2020\/08\/Four_Men_and_a_Dog_-Fleadh_2020_1920x1080.jpg\"><img loading=\"lazy\" decoding=\"async\" width=\"252\" height=\"141\" src=\"https:\/\/tg4-docs.s3.amazonaws.com\/tg4-redesign-2015\/wp-content\/uploads\/2020\/08\/Four_Men_and_a_Dog_-Fleadh_2020_1920x1080-252x141.jpg\" alt=\"\" class=\"aligncenter size-thumbnail wp-image-113950\" srcset=\"https:\/\/tg4-docs.s3.amazonaws.com\/tg4-redesign-2015\/wp-content\/uploads\/2020\/08\/Four_Men_and_a_Dog_-Fleadh_2020_1920x1080-252x141.jpg 252w, https:\/\/tg4-docs.s3.amazonaws.com\/tg4-redesign-2015\/wp-content\/uploads\/2020\/08\/Four_Men_and_a_Dog_-Fleadh_2020_1920x1080-250x141.jpg 250w, https:\/\/tg4-docs.s3.amazonaws.com\/tg4-redesign-2015\/wp-content\/uploads\/2020\/08\/Four_Men_and_a_Dog_-Fleadh_2020_1920x1080-700x394.jpg 700w, https:\/\/tg4-docs.s3.amazonaws.com\/tg4-redesign-2015\/wp-content\/uploads\/2020\/08\/Four_Men_and_a_Dog_-Fleadh_2020_1920x1080-1536x864.jpg 1536w, https:\/\/tg4-docs.s3.amazonaws.com\/tg4-redesign-2015\/wp-content\/uploads\/2020\/08\/Four_Men_and_a_Dog_-Fleadh_2020_1920x1080-120x68.jpg 120w, https:\/\/tg4-docs.s3.amazonaws.com\/tg4-redesign-2015\/wp-content\/uploads\/2020\/08\/Four_Men_and_a_Dog_-Fleadh_2020_1920x1080.jpg 1920w\" sizes=\"(max-width: 252px) 100vw, 252px\" \/><\/a><\/p>\n<p>&nbsp;<\/p>\n","protected":false},"excerpt":{"rendered":"<p>&nbsp; Rinne pobail ar fud an domhain, pobal Chomhaltas Ceolt\u00f3ir\u00ed \u00c9ireann agus pobal na Fleaidhe Ceoil ceili\u00faradh bre\u00e1 ar fhleadh fh\u00edor\u00fail TG4 i gcomhar le Comhaltas Ceolt\u00f3ir\u00ed \u00c9ireann an tseachtain seo caite. Murach c\u00farsa\u00ed a bheith mar at\u00e1, ba sa Mhuileann gCearr a bheadh Fleadh Cheoil na h\u00c9ireann na bliana seo agus bh\u00ed s\u00fail leis [&hellip;]<\/p>\n","protected":false},"author":876,"featured_media":0,"parent":111525,"menu_order":36,"comment_status":"closed","ping_status":"closed","template":"page-templates\/template-pr.php","meta":{"_acf_changed":false,"footnotes":""},"acf":[],"yoast_head":"<!-- This site is optimized with the Yoast SEO plugin v22.6 - https:\/\/yoast.com\/wordpress\/plugins\/seo\/ -->\n<title>Fleadh2020 - Ceili\u00faradh d\u00e9anta ar fud an domhain ar fhleadh fh\u00edor\u00fail TG4 agus Chomhaltas Ceolt\u00f3ir\u00ed \u00c9ireann | Preas R\u00e1iteas | TG4<\/title>\n<meta name=\"robots\" content=\"index, follow, max-snippet:-1, max-image-preview:large, max-video-preview:-1\" \/>\n<meta property=\"og:locale\" content=\"en_US\" \/>\n<meta property=\"og:type\" content=\"article\" \/>\n<meta property=\"og:title\" content=\"Fleadh2020 - Ceili\u00faradh d\u00e9anta ar fud an domhain ar fhleadh fh\u00edor\u00fail TG4 agus Chomhaltas Ceolt\u00f3ir\u00ed \u00c9ireann | Preas R\u00e1iteas | TG4\" \/>\n<meta property=\"og:description\" content=\"&nbsp; Rinne pobail ar fud an domhain, pobal Chomhaltas Ceolt\u00f3ir\u00ed \u00c9ireann agus pobal na Fleaidhe Ceoil ceili\u00faradh bre\u00e1 ar fhleadh fh\u00edor\u00fail TG4 i gcomhar le Comhaltas Ceolt\u00f3ir\u00ed \u00c9ireann an tseachtain seo caite. Murach c\u00farsa\u00ed a bheith mar at\u00e1, ba sa Mhuileann gCearr a bheadh Fleadh Cheoil na h\u00c9ireann na bliana seo agus bh\u00ed s\u00fail leis [&hellip;]\" \/>\n<meta property=\"og:url\" content=\"https:\/\/dev.tg4.ie\/ga\/eolas\/preas\/nuacht-raitis\/2020-2\/fleadh2020-ceiliuradh-deanta-ar-fud-an-domhain-ar-fhleadh-fhioruil-tg4-agus-chomhaltas-ceoltoiri-eireann\/\" \/>\n<meta property=\"og:site_name\" content=\"TG4\" \/>\n<meta property=\"article:publisher\" content=\"https:\/\/www.facebook.com\/TG4TV\" \/>\n<meta property=\"article:modified_time\" content=\"2020-08-20T14:42:35+00:00\" \/>\n<meta property=\"og:image\" content=\"https:\/\/tg4-docs.s3.amazonaws.com\/tg4-redesign-2015\/wp-content\/uploads\/2020\/08\/Fleadh2020_Logo_1920x1080.jpg\" \/>\n\t<meta property=\"og:image:width\" content=\"1920\" \/>\n\t<meta property=\"og:image:height\" content=\"1080\" \/>\n\t<meta property=\"og:image:type\" content=\"image\/jpeg\" \/>\n<meta name=\"twitter:card\" content=\"summary_large_image\" \/>\n<meta name=\"twitter:image\" content=\"https:\/\/tg4-docs.s3.amazonaws.com\/tg4-redesign-2015\/wp-content\/uploads\/2020\/08\/Fleadh2020_Logo_1920x1080.jpg\" \/>\n<meta name=\"twitter:site\" content=\"@TG4TV\" \/>\n<meta name=\"twitter:label1\" content=\"Est. reading time\" \/>\n\t<meta name=\"twitter:data1\" content=\"4 minutes\" \/>\n<script type=\"application\/ld+json\" class=\"yoast-schema-graph\">{\"@context\":\"https:\/\/schema.org\",\"@graph\":[{\"@type\":\"WebPage\",\"@id\":\"https:\/\/dev.tg4.ie\/ga\/eolas\/preas\/nuacht-raitis\/2020-2\/fleadh2020-ceiliuradh-deanta-ar-fud-an-domhain-ar-fhleadh-fhioruil-tg4-agus-chomhaltas-ceoltoiri-eireann\/\",\"url\":\"https:\/\/dev.tg4.ie\/ga\/eolas\/preas\/nuacht-raitis\/2020-2\/fleadh2020-ceiliuradh-deanta-ar-fud-an-domhain-ar-fhleadh-fhioruil-tg4-agus-chomhaltas-ceoltoiri-eireann\/\",\"name\":\"Fleadh2020 - Ceili\u00faradh d\u00e9anta ar fud an domhain ar fhleadh fh\u00edor\u00fail TG4 agus Chomhaltas Ceolt\u00f3ir\u00ed \u00c9ireann | Preas R\u00e1iteas | TG4\",\"isPartOf\":{\"@id\":\"https:\/\/dev.tg4.ie\/en\/#website\"},\"primaryImageOfPage\":{\"@id\":\"https:\/\/dev.tg4.ie\/ga\/eolas\/preas\/nuacht-raitis\/2020-2\/fleadh2020-ceiliuradh-deanta-ar-fud-an-domhain-ar-fhleadh-fhioruil-tg4-agus-chomhaltas-ceoltoiri-eireann\/#primaryimage\"},\"image\":{\"@id\":\"https:\/\/dev.tg4.ie\/ga\/eolas\/preas\/nuacht-raitis\/2020-2\/fleadh2020-ceiliuradh-deanta-ar-fud-an-domhain-ar-fhleadh-fhioruil-tg4-agus-chomhaltas-ceoltoiri-eireann\/#primaryimage\"},\"thumbnailUrl\":\"https:\/\/dev.tg4.ie\/wp-content\/uploads\/2020\/08\/Fleadh2020_Logo_1920x1080.jpg\",\"datePublished\":\"2020-08-20T14:40:32+00:00\",\"dateModified\":\"2020-08-20T14:42:35+00:00\",\"breadcrumb\":{\"@id\":\"https:\/\/dev.tg4.ie\/ga\/eolas\/preas\/nuacht-raitis\/2020-2\/fleadh2020-ceiliuradh-deanta-ar-fud-an-domhain-ar-fhleadh-fhioruil-tg4-agus-chomhaltas-ceoltoiri-eireann\/#breadcrumb\"},\"inLanguage\":\"ga\",\"potentialAction\":[{\"@type\":\"ReadAction\",\"target\":[\"https:\/\/dev.tg4.ie\/ga\/eolas\/preas\/nuacht-raitis\/2020-2\/fleadh2020-ceiliuradh-deanta-ar-fud-an-domhain-ar-fhleadh-fhioruil-tg4-agus-chomhaltas-ceoltoiri-eireann\/\"]}]},{\"@type\":\"ImageObject\",\"inLanguage\":\"ga\",\"@id\":\"https:\/\/dev.tg4.ie\/ga\/eolas\/preas\/nuacht-raitis\/2020-2\/fleadh2020-ceiliuradh-deanta-ar-fud-an-domhain-ar-fhleadh-fhioruil-tg4-agus-chomhaltas-ceoltoiri-eireann\/#primaryimage\",\"url\":\"https:\/\/dev.tg4.ie\/wp-content\/uploads\/2020\/08\/Fleadh2020_Logo_1920x1080.jpg\",\"contentUrl\":\"https:\/\/dev.tg4.ie\/wp-content\/uploads\/2020\/08\/Fleadh2020_Logo_1920x1080.jpg\"},{\"@type\":\"BreadcrumbList\",\"@id\":\"https:\/\/dev.tg4.ie\/ga\/eolas\/preas\/nuacht-raitis\/2020-2\/fleadh2020-ceiliuradh-deanta-ar-fud-an-domhain-ar-fhleadh-fhioruil-tg4-agus-chomhaltas-ceoltoiri-eireann\/#breadcrumb\",\"itemListElement\":[{\"@type\":\"ListItem\",\"position\":1,\"name\":\"Home\",\"item\":\"https:\/\/dev.tg4.ie\/ga\/\"},{\"@type\":\"ListItem\",\"position\":2,\"name\":\"Eolas\",\"item\":\"https:\/\/dev.tg4.ie\/ga\/eolas\/\"},{\"@type\":\"ListItem\",\"position\":3,\"name\":\"Preas\",\"item\":\"https:\/\/dev.tg4.ie\/ga\/eolas\/preas\/\"},{\"@type\":\"ListItem\",\"position\":4,\"name\":\"Nuacht R\u00e1itis\",\"item\":\"https:\/\/dev.tg4.ie\/ga\/eolas\/preas\/nuacht-raitis\/\"},{\"@type\":\"ListItem\",\"position\":5,\"name\":\"2020\",\"item\":\"https:\/\/dev.tg4.ie\/ga\/eolas\/preas\/nuacht-raitis\/2020-2\/\"},{\"@type\":\"ListItem\",\"position\":6,\"name\":\"Fleadh2020 &#8211; Ceili\u00faradh d\u00e9anta ar fud an domhain ar fhleadh fh\u00edor\u00fail TG4 agus Chomhaltas Ceolt\u00f3ir\u00ed \u00c9ireann\"}]},{\"@type\":\"WebSite\",\"@id\":\"https:\/\/dev.tg4.ie\/en\/#website\",\"url\":\"https:\/\/dev.tg4.ie\/en\/\",\"name\":\"TG4\",\"description\":\"S\u00fail Eile\",\"potentialAction\":[{\"@type\":\"SearchAction\",\"target\":{\"@type\":\"EntryPoint\",\"urlTemplate\":\"https:\/\/dev.tg4.ie\/en\/?s={search_term_string}\"},\"query-input\":\"required name=search_term_string\"}],\"inLanguage\":\"ga\"}]}<\/script>\n<!-- \/ Yoast SEO plugin. -->","yoast_head_json":{"title":"Fleadh2020 - Ceili\u00faradh d\u00e9anta ar fud an domhain ar fhleadh fh\u00edor\u00fail TG4 agus Chomhaltas Ceolt\u00f3ir\u00ed \u00c9ireann | Preas R\u00e1iteas | TG4","robots":{"index":"index","follow":"follow","max-snippet":"max-snippet:-1","max-image-preview":"max-image-preview:large","max-video-preview":"max-video-preview:-1"},"og_locale":"en_US","og_type":"article","og_title":"Fleadh2020 - Ceili\u00faradh d\u00e9anta ar fud an domhain ar fhleadh fh\u00edor\u00fail TG4 agus Chomhaltas Ceolt\u00f3ir\u00ed \u00c9ireann | Preas R\u00e1iteas | TG4","og_description":"&nbsp; Rinne pobail ar fud an domhain, pobal Chomhaltas Ceolt\u00f3ir\u00ed \u00c9ireann agus pobal na Fleaidhe Ceoil ceili\u00faradh bre\u00e1 ar fhleadh fh\u00edor\u00fail TG4 i gcomhar le Comhaltas Ceolt\u00f3ir\u00ed \u00c9ireann an tseachtain seo caite. Murach c\u00farsa\u00ed a bheith mar at\u00e1, ba sa Mhuileann gCearr a bheadh Fleadh Cheoil na h\u00c9ireann na bliana seo agus bh\u00ed s\u00fail leis [&hellip;]","og_url":"https:\/\/dev.tg4.ie\/ga\/eolas\/preas\/nuacht-raitis\/2020-2\/fleadh2020-ceiliuradh-deanta-ar-fud-an-domhain-ar-fhleadh-fhioruil-tg4-agus-chomhaltas-ceoltoiri-eireann\/","og_site_name":"TG4","article_publisher":"https:\/\/www.facebook.com\/TG4TV","article_modified_time":"2020-08-20T14:42:35+00:00","og_image":[{"width":1920,"height":1080,"url":"https:\/\/tg4-docs.s3.amazonaws.com\/tg4-redesign-2015\/wp-content\/uploads\/2020\/08\/Fleadh2020_Logo_1920x1080.jpg","type":"image\/jpeg"}],"twitter_card":"summary_large_image","twitter_image":"https:\/\/tg4-docs.s3.amazonaws.com\/tg4-redesign-2015\/wp-content\/uploads\/2020\/08\/Fleadh2020_Logo_1920x1080.jpg","twitter_site":"@TG4TV","twitter_misc":{"Est. reading time":"4 minutes"},"schema":{"@context":"https:\/\/schema.org","@graph":[{"@type":"WebPage","@id":"https:\/\/dev.tg4.ie\/ga\/eolas\/preas\/nuacht-raitis\/2020-2\/fleadh2020-ceiliuradh-deanta-ar-fud-an-domhain-ar-fhleadh-fhioruil-tg4-agus-chomhaltas-ceoltoiri-eireann\/","url":"https:\/\/dev.tg4.ie\/ga\/eolas\/preas\/nuacht-raitis\/2020-2\/fleadh2020-ceiliuradh-deanta-ar-fud-an-domhain-ar-fhleadh-fhioruil-tg4-agus-chomhaltas-ceoltoiri-eireann\/","name":"Fleadh2020 - Ceili\u00faradh d\u00e9anta ar fud an domhain ar fhleadh fh\u00edor\u00fail TG4 agus Chomhaltas Ceolt\u00f3ir\u00ed \u00c9ireann | Preas R\u00e1iteas | TG4","isPartOf":{"@id":"https:\/\/dev.tg4.ie\/en\/#website"},"primaryImageOfPage":{"@id":"https:\/\/dev.tg4.ie\/ga\/eolas\/preas\/nuacht-raitis\/2020-2\/fleadh2020-ceiliuradh-deanta-ar-fud-an-domhain-ar-fhleadh-fhioruil-tg4-agus-chomhaltas-ceoltoiri-eireann\/#primaryimage"},"image":{"@id":"https:\/\/dev.tg4.ie\/ga\/eolas\/preas\/nuacht-raitis\/2020-2\/fleadh2020-ceiliuradh-deanta-ar-fud-an-domhain-ar-fhleadh-fhioruil-tg4-agus-chomhaltas-ceoltoiri-eireann\/#primaryimage"},"thumbnailUrl":"https:\/\/dev.tg4.ie\/wp-content\/uploads\/2020\/08\/Fleadh2020_Logo_1920x1080.jpg","datePublished":"2020-08-20T14:40:32+00:00","dateModified":"2020-08-20T14:42:35+00:00","breadcrumb":{"@id":"https:\/\/dev.tg4.ie\/ga\/eolas\/preas\/nuacht-raitis\/2020-2\/fleadh2020-ceiliuradh-deanta-ar-fud-an-domhain-ar-fhleadh-fhioruil-tg4-agus-chomhaltas-ceoltoiri-eireann\/#breadcrumb"},"inLanguage":"ga","potentialAction":[{"@type":"ReadAction","target":["https:\/\/dev.tg4.ie\/ga\/eolas\/preas\/nuacht-raitis\/2020-2\/fleadh2020-ceiliuradh-deanta-ar-fud-an-domhain-ar-fhleadh-fhioruil-tg4-agus-chomhaltas-ceoltoiri-eireann\/"]}]},{"@type":"ImageObject","inLanguage":"ga","@id":"https:\/\/dev.tg4.ie\/ga\/eolas\/preas\/nuacht-raitis\/2020-2\/fleadh2020-ceiliuradh-deanta-ar-fud-an-domhain-ar-fhleadh-fhioruil-tg4-agus-chomhaltas-ceoltoiri-eireann\/#primaryimage","url":"https:\/\/dev.tg4.ie\/wp-content\/uploads\/2020\/08\/Fleadh2020_Logo_1920x1080.jpg","contentUrl":"https:\/\/dev.tg4.ie\/wp-content\/uploads\/2020\/08\/Fleadh2020_Logo_1920x1080.jpg"},{"@type":"BreadcrumbList","@id":"https:\/\/dev.tg4.ie\/ga\/eolas\/preas\/nuacht-raitis\/2020-2\/fleadh2020-ceiliuradh-deanta-ar-fud-an-domhain-ar-fhleadh-fhioruil-tg4-agus-chomhaltas-ceoltoiri-eireann\/#breadcrumb","itemListElement":[{"@type":"ListItem","position":1,"name":"Home","item":"https:\/\/dev.tg4.ie\/ga\/"},{"@type":"ListItem","position":2,"name":"Eolas","item":"https:\/\/dev.tg4.ie\/ga\/eolas\/"},{"@type":"ListItem","position":3,"name":"Preas","item":"https:\/\/dev.tg4.ie\/ga\/eolas\/preas\/"},{"@type":"ListItem","position":4,"name":"Nuacht R\u00e1itis","item":"https:\/\/dev.tg4.ie\/ga\/eolas\/preas\/nuacht-raitis\/"},{"@type":"ListItem","position":5,"name":"2020","item":"https:\/\/dev.tg4.ie\/ga\/eolas\/preas\/nuacht-raitis\/2020-2\/"},{"@type":"ListItem","position":6,"name":"Fleadh2020 &#8211; Ceili\u00faradh d\u00e9anta ar fud an domhain ar fhleadh fh\u00edor\u00fail TG4 agus Chomhaltas Ceolt\u00f3ir\u00ed \u00c9ireann"}]},{"@type":"WebSite","@id":"https:\/\/dev.tg4.ie\/en\/#website","url":"https:\/\/dev.tg4.ie\/en\/","name":"TG4","description":"S\u00fail Eile","potentialAction":[{"@type":"SearchAction","target":{"@type":"EntryPoint","urlTemplate":"https:\/\/dev.tg4.ie\/en\/?s={search_term_string}"},"query-input":"required name=search_term_string"}],"inLanguage":"ga"}]}},"_links":{"self":[{"href":"https:\/\/dev.tg4.ie\/ga\/wp-json\/wp\/v2\/pages\/113939"}],"collection":[{"href":"https:\/\/dev.tg4.ie\/ga\/wp-json\/wp\/v2\/pages"}],"about":[{"href":"https:\/\/dev.tg4.ie\/ga\/wp-json\/wp\/v2\/types\/page"}],"author":[{"embeddable":true,"href":"https:\/\/dev.tg4.ie\/ga\/wp-json\/wp\/v2\/users\/876"}],"replies":[{"embeddable":true,"href":"https:\/\/dev.tg4.ie\/ga\/wp-json\/wp\/v2\/comments?post=113939"}],"version-history":[{"count":0,"href":"https:\/\/dev.tg4.ie\/ga\/wp-json\/wp\/v2\/pages\/113939\/revisions"}],"up":[{"embeddable":true,"href":"https:\/\/dev.tg4.ie\/ga\/wp-json\/wp\/v2\/pages\/111525"}],"wp:attachment":[{"href":"https:\/\/dev.tg4.ie\/ga\/wp-json\/wp\/v2\/media?parent=113939"}],"curies":[{"name":"wp","href":"https:\/\/api.w.org\/{rel}","templated":true}]}}