{"id":114028,"date":"2020-08-24T15:59:42","date_gmt":"2020-08-24T14:59:42","guid":{"rendered":"https:\/\/dev.tg4.ie\/?page_id=114028"},"modified":"2020-08-26T11:08:48","modified_gmt":"2020-08-26T10:08:48","slug":"cula4-ar-scoil-ar-ais-ar-tg4-go-luath","status":"publish","type":"page","link":"https:\/\/dev.tg4.ie\/ga\/eolas\/preas\/nuacht-raitis\/2020-2\/cula4-ar-scoil-ar-ais-ar-tg4-go-luath\/","title":{"rendered":"C\u00fala4 ar Scoil ar ais ar TG4 go luath"},"content":{"rendered":"<p><a href=\"https:\/\/tg4-docs.s3.amazonaws.com\/tg4-redesign-2015\/wp-content\/uploads\/2020\/08\/Orla_Ni_Fhinneadha_2_1920x1080.jpg\"><img loading=\"lazy\" decoding=\"async\" width=\"1920\" height=\"1080\" src=\"https:\/\/tg4-docs.s3.amazonaws.com\/tg4-redesign-2015\/wp-content\/uploads\/2020\/08\/Orla_Ni_Fhinneadha_2_1920x1080.jpg\" alt=\"\" class=\"aligncenter size-full wp-image-114033\" srcset=\"https:\/\/tg4-docs.s3.amazonaws.com\/tg4-redesign-2015\/wp-content\/uploads\/2020\/08\/Orla_Ni_Fhinneadha_2_1920x1080.jpg 1920w, https:\/\/tg4-docs.s3.amazonaws.com\/tg4-redesign-2015\/wp-content\/uploads\/2020\/08\/Orla_Ni_Fhinneadha_2_1920x1080-250x141.jpg 250w, https:\/\/tg4-docs.s3.amazonaws.com\/tg4-redesign-2015\/wp-content\/uploads\/2020\/08\/Orla_Ni_Fhinneadha_2_1920x1080-700x394.jpg 700w, https:\/\/tg4-docs.s3.amazonaws.com\/tg4-redesign-2015\/wp-content\/uploads\/2020\/08\/Orla_Ni_Fhinneadha_2_1920x1080-252x141.jpg 252w, https:\/\/tg4-docs.s3.amazonaws.com\/tg4-redesign-2015\/wp-content\/uploads\/2020\/08\/Orla_Ni_Fhinneadha_2_1920x1080-1536x864.jpg 1536w, https:\/\/tg4-docs.s3.amazonaws.com\/tg4-redesign-2015\/wp-content\/uploads\/2020\/08\/Orla_Ni_Fhinneadha_2_1920x1080-120x68.jpg 120w\" sizes=\"(max-width: 1920px) 100vw, 1920px\" \/><\/a><\/p>\n<p>&nbsp;<\/p>\n<p>Beidh sraith nua de\u00a0<strong>C\u00fala4 ar Scoil<\/strong>\u00a0ar ais ar TG4 ag deireadh na m\u00edosa ag tos\u00fa ar an Luan 31 L\u00fanasa ag 10am.\u00a0 Is \u00ed Orla N\u00ed Fhinneadha a bheidh \u00e1 chur i l\u00e1thair an uair seo agus beidh na m\u00fainteoir\u00ed Miche\u00e1l \u00d3 Dubhghaill, Caitr\u00edona N\u00ed Chual\u00e1in, Joe \u00d3 hEachtairn, S\u00edle N\u00ed Chonghaile agus Caitr\u00edona McAtee l\u00e9i ag amanta difr\u00fala sa tsraith nua.<br \/>\n&nbsp;<br \/>\nBeidh t\u00e9ama coic\u00edse ann don dara sraith. Sa ch\u00e9ad choic\u00eds, is ag d\u00edri\u00fa ar th\u00e9ama \u201cAn Scoil\u201d a bheidh C\u00fala4 ar Scoil.\u00a0 Beidh na m\u00fainteoir\u00ed ag cabhr\u00fa le tuismitheoir\u00ed agus p\u00e1ist\u00ed socr\u00fa ar ais ar scoil agus dul i ngleic leis na hathruithe, na n\u00f3sanna agus na modhanna oibre nua a bheidh i bhfeidhm.\u00a0 F\u00e9achfaidh an M\u00fainteoir Miche\u00e1l \u00d3 Dubhghaill ar athr\u00fa agus lean\u00fanachas thar na blianta sna scoileanna in \u00c9irinn.\u00a0 Beidh blaiseadh den leabhar \u2018An M\u00fainteoir Nua\u2019 le h\u00c1ine N\u00ed Ghlinn agus taispe\u00e1nfar d\u00fainn conas rialacha ranga a chur i l\u00e1thair.\u00a0 Spreagfar na gas\u00fair chun spriocanna don scoilbhliain nua a roghn\u00fa agus a scr\u00edobh, agus bainfidh an ceacht eala\u00edne leas as seandl\u00fathdhiosca\u00ed chun prionta a dh\u00e9anamh.\u00a0 \u00a0Cuirfidh M\u00fainteoir Orla N\u00ed Fhinneadha\u00a0saint\u00e9arma\u00edocht na scoile i l\u00e1thair do na bunranganna, lena n-\u00e1ir\u00edtear trealamh sa mh\u00e1la scoile agus trosc\u00e1n sa seomra ranga.\u00a0 L\u00e9ifidh s\u00ed sc\u00e9al d\u00fainn d\u00e1r teideal \u2018N\u00e1 Gabh ar Scoil\u2019 agus fiosr\u00f3idh s\u00ed c\u00e9n trealamh scoile at\u00e1 maighn\u00e9adach n\u00f3 neamhmaighn\u00e9adach.<\/p>\n<p>&nbsp;<\/p>\n<p>Beidh an tsraith \u00e1 l\u00e9iri\u00fa le maoini\u00fa \u00f3 TG4 agus le comhairle faoin \u00e1bhar oideachais agus curaclaim \u00f3n Roinn Oideachais, Col\u00e1iste Mhuire gan Sm\u00e1l, an Chomhairle um Oideachas Gaeltachta agus Gaelscola\u00edochta (COGG), An tSeirbh\u00eds Um Fhorbairt Ghairmi\u00fail do Mh\u00fainteoir\u00ed (PDST) agus Gaeloideachas. T\u00e1 saintaith\u00ed agus comhairle Thuismitheoir\u00ed na Gaeltachta curtha san \u00e1ireamh sa chur chuige a bheidh sa chl\u00e1r freisin. Is iad an chomhlacht l\u00e9\u00edri\u00fach\u00e1in Meangadh F\u00edb\u00edn faoi sti\u00fair Ethel Burke agus Darach \u00d3 Tuairisg a bheidh i mbun an l\u00e9irithe, i Scoil na bhForbacha, Conamara.<br \/>\n&nbsp;<br \/>\nMaidir le f\u00f3gra TG4 go bhfuil s\u00e9 beartaithe ag an st\u00e1isi\u00fan lean\u00faint le C\u00fala4 ar Scoil sa scoilbhliain nua, d\u00fairt na tAire Oideachais Norma Foley TD:\u00a0<em>\u201cT\u00e1 r\u00edm\u00e9ad orm go bhfuil TG4 chun lean\u00faint leis an tionscnamh den ch\u00e9ad scoth seo.\u00a0 Cuirim f\u00e1ilte roimh an sol\u00e1thar seo d&#8217;acmhainn\u00ed teanga ar ardchaighde\u00e1n chun tac\u00fa le leana\u00ed bunscoile a bheith ag foghlaim tr\u00ed mhe\u00e1n na Gaeilge.\u00a0 T\u00e1 r\u00edm\u00e9ad orm go bhfuil mo Roinn in ann taca\u00edocht agus comhairle a chur ar f\u00e1il d\u2019fhoireann an chl\u00e1ir maidir le h\u00e1bhar na gcl\u00e1r.\u00a0Bh\u00ed C\u00fala4 ar Scoil ar cheann de na m\u00edreanna ab fhearr le leana\u00ed, tuismitheoir\u00ed agus m\u00fainteoir\u00ed araon nuair a bh\u00ed na scoileanna d\u00fanta. N\u00edl aon amhras ach go leanfaidh go leor m\u00fainteoir\u00ed ag \u00fas\u00e1id na n-acmhainn\u00ed iontacha seo chun tac\u00fa le m\u00faineadh agus le foghlaim sa bhliain nua acad\u00fail.\u00a0Gabhaim bu\u00edochas le gach duine a bh\u00ed p\u00e1irteach agus d\u00e9anaim comhghairdeas\u00a0leo.\u201d<\/em><\/p>\n<p>&nbsp;<br \/>\n&nbsp;<\/p>\n<p><strong><u>Eolas faoi na M\u00fainteoir\u00ed<\/u><\/strong><\/p>\n<p><strong><br \/>\nOrla N\u00ed Fhinneadha<\/strong><br \/>\n<a href=\"https:\/\/tg4-docs.s3.amazonaws.com\/tg4-redesign-2015\/wp-content\/uploads\/2020\/08\/Orla_Ni_Fhinneadha_4_720x1280.jpg\"><img loading=\"lazy\" decoding=\"async\" width=\"79\" height=\"141\" src=\"https:\/\/tg4-docs.s3.amazonaws.com\/tg4-redesign-2015\/wp-content\/uploads\/2020\/08\/Orla_Ni_Fhinneadha_4_720x1280-79x141.jpg\" alt=\"\" class=\"aligncenter size-thumbnail wp-image-114041\" srcset=\"https:\/\/tg4-docs.s3.amazonaws.com\/tg4-redesign-2015\/wp-content\/uploads\/2020\/08\/Orla_Ni_Fhinneadha_4_720x1280-79x141.jpg 79w, https:\/\/tg4-docs.s3.amazonaws.com\/tg4-redesign-2015\/wp-content\/uploads\/2020\/08\/Orla_Ni_Fhinneadha_4_720x1280-250x444.jpg 250w, https:\/\/tg4-docs.s3.amazonaws.com\/tg4-redesign-2015\/wp-content\/uploads\/2020\/08\/Orla_Ni_Fhinneadha_4_720x1280-700x1244.jpg 700w, https:\/\/tg4-docs.s3.amazonaws.com\/tg4-redesign-2015\/wp-content\/uploads\/2020\/08\/Orla_Ni_Fhinneadha_4_720x1280-120x213.jpg 120w, https:\/\/tg4-docs.s3.amazonaws.com\/tg4-redesign-2015\/wp-content\/uploads\/2020\/08\/Orla_Ni_Fhinneadha_4_720x1280.jpg 720w\" sizes=\"(max-width: 79px) 100vw, 79px\" \/><\/a><br \/>\nIs m\u00fainteoir bunscoile \u00ed Orla N\u00ed Fhinneadha. Chaith s\u00ed c\u00fapla bliain ag teagasc i nGaelscoileanna sular thosaigh s\u00ed i Scoil \u00c9inne ar an Spid\u00e9al. Bhain s\u00ed bunch\u00e9im san oideachas bunscoile amach i gCol\u00e1iste Mhuire gan Sm\u00e1l. Anuas ar sin t\u00e1 M. Oid bainte amach aici inar dh\u00edrigh s\u00ed ar an bhfreastal a dh\u00e9antar ar chainteoir\u00ed d\u00fachais i scoileanna Gaeltachta ina cuid taighde. Is leis na Na\u00edon\u00e1in bheaga a bh\u00ed s\u00ed le blianta beaga anuas ach is le Rang 6 a bheas s\u00ed i mbliana. Chuir s\u00ed Campa C\u00fala4 sna heala\u00edona traidi\u00fanta i l\u00e1thair i rith an tsamhraidh agus \u00ed ar b\u00eds bheith ar ais linn.<br \/>\n&nbsp;<br \/>\n&nbsp;<\/p>\n<p><strong>M\u00edche\u00e1l \u00d3 Dubhghaill<\/strong><br \/>\n<a href=\"https:\/\/tg4-docs.s3.amazonaws.com\/tg4-redesign-2015\/wp-content\/uploads\/2020\/08\/Micheal_O_Dubhghaill_1.jpg\"><img loading=\"lazy\" decoding=\"async\" width=\"79\" height=\"141\" src=\"https:\/\/tg4-docs.s3.amazonaws.com\/tg4-redesign-2015\/wp-content\/uploads\/2020\/08\/Micheal_O_Dubhghaill_1-79x141.jpg\" alt=\"\" class=\"aligncenter size-thumbnail wp-image-114038\" srcset=\"https:\/\/tg4-docs.s3.amazonaws.com\/tg4-redesign-2015\/wp-content\/uploads\/2020\/08\/Micheal_O_Dubhghaill_1-79x141.jpg 79w, https:\/\/tg4-docs.s3.amazonaws.com\/tg4-redesign-2015\/wp-content\/uploads\/2020\/08\/Micheal_O_Dubhghaill_1-250x444.jpg 250w, https:\/\/tg4-docs.s3.amazonaws.com\/tg4-redesign-2015\/wp-content\/uploads\/2020\/08\/Micheal_O_Dubhghaill_1-700x1244.jpg 700w, https:\/\/tg4-docs.s3.amazonaws.com\/tg4-redesign-2015\/wp-content\/uploads\/2020\/08\/Micheal_O_Dubhghaill_1-120x213.jpg 120w, https:\/\/tg4-docs.s3.amazonaws.com\/tg4-redesign-2015\/wp-content\/uploads\/2020\/08\/Micheal_O_Dubhghaill_1.jpg 720w\" sizes=\"(max-width: 79px) 100vw, 79px\" \/><\/a><br \/>\nT\u00e1 M\u00edche\u00e1l \u00d3 Dubhghaill ag m\u00faineadh le s\u00e9 bliana d\u00e9ag. Chaith s\u00e9 formh\u00f3r d\u00e1 shaol m\u00fainteoireachta ag m\u00faineadh i gcathair Luimn\u00ed ach t\u00e1 s\u00e9 ag m\u00faineadh i dTr\u00e1 L\u00ed anois le tr\u00ed bliana anuas. Is bre\u00e1 leis a bheith ag m\u00faineadh ceoil,\u00a0dr\u00e1ma\u00edocht,\u00a0Gaeilge agus Mata. Nuair nach mb\u00edonn s\u00e9 ag m\u00faineadh b\u00edonn s\u00e9 ag aisteoireacht agus ag casadh ceoil.<br \/>\n&nbsp;<br \/>\n&nbsp;<\/p>\n<p><strong>Caitr\u00edona N\u00ed Chual\u00e1in\u00a0<\/strong><br \/>\n<a href=\"https:\/\/tg4-docs.s3.amazonaws.com\/tg4-redesign-2015\/wp-content\/uploads\/2020\/08\/Caitriona_Ni_Chualain_1_720x1280.jpg\"><img loading=\"lazy\" decoding=\"async\" width=\"79\" height=\"141\" src=\"https:\/\/tg4-docs.s3.amazonaws.com\/tg4-redesign-2015\/wp-content\/uploads\/2020\/08\/Caitriona_Ni_Chualain_1_720x1280-79x141.jpg\" alt=\"\" class=\"aligncenter size-thumbnail wp-image-114042\" srcset=\"https:\/\/tg4-docs.s3.amazonaws.com\/tg4-redesign-2015\/wp-content\/uploads\/2020\/08\/Caitriona_Ni_Chualain_1_720x1280-79x141.jpg 79w, https:\/\/tg4-docs.s3.amazonaws.com\/tg4-redesign-2015\/wp-content\/uploads\/2020\/08\/Caitriona_Ni_Chualain_1_720x1280-250x444.jpg 250w, https:\/\/tg4-docs.s3.amazonaws.com\/tg4-redesign-2015\/wp-content\/uploads\/2020\/08\/Caitriona_Ni_Chualain_1_720x1280-700x1244.jpg 700w, https:\/\/tg4-docs.s3.amazonaws.com\/tg4-redesign-2015\/wp-content\/uploads\/2020\/08\/Caitriona_Ni_Chualain_1_720x1280-120x213.jpg 120w, https:\/\/tg4-docs.s3.amazonaws.com\/tg4-redesign-2015\/wp-content\/uploads\/2020\/08\/Caitriona_Ni_Chualain_1_720x1280.jpg 720w\" sizes=\"(max-width: 79px) 100vw, 79px\" \/><\/a><br \/>\nIs m\u00fainteoir bunscoile as Indreabh\u00e1n, Conamara \u00ed Caitr\u00edona N\u00ed Chual\u00e1in. Chuir Caitr\u00edona agus Fiachra \u00d3 Dubhghaill an ch\u00e9ad sraith de C\u00fala4 ar Scoil i l\u00e1thair. T\u00e1 s\u00ed ag m\u00faineadh le ceithre bliana anuas i nGaelscoil U\u00ed Fhiaich i Maigh Nuad. Is scoil iontach ceolmhar \u00ed agus t\u00e1 an-ghr\u00e1 ag an scoil don Ghaeilge agus don chult\u00far Gaelach agus t\u00e1 an t-\u00e1dh uirthi go bhfuil s\u00ed ann. B\u00edonn s\u00ed ag obair go p\u00e1irt aimseartha freisin le TG4 mar l\u00e1ithreoir aimsire agus lean\u00fanachais chomh maith, rud a bhaineann s\u00ed an-sult as.<br \/>\n&nbsp;<br \/>\n&nbsp;<\/p>\n<p><strong>S\u00edle N\u00ed Chonghaile<\/strong><br \/>\n<a href=\"https:\/\/tg4-docs.s3.amazonaws.com\/tg4-redesign-2015\/wp-content\/uploads\/2020\/08\/Si%CC%81le_Ni%CC%81_Chonghaile-1_720x1280.jpg\"><img decoding=\"async\" src=\"https:\/\/tg4-docs.s3.amazonaws.com\/tg4-redesign-2015\/wp-content\/uploads\/2020\/08\/Si%CC%81le_Ni%CC%81_Chonghaile-1_720x1280-79x141.jpg\" alt=\"\" class=\"aligncenter size-thumbnail wp-image-114044\" \/><\/a><br \/>\nIs m\u00fainteoir \u00ed S\u00edle i nGaelscoil Riada i mBaile \u00c1tha an R\u00ed, Co. na Gaillimhe.\u00a0 T\u00e1 m\u00e1istreacht san oideachas \u00f3 Chol\u00e1iste Ph\u00e1draig agus t\u00e1 s\u00ed ag m\u00faineadh le 5 bliana anuas. Is bre\u00e1 l\u00e9i Gaeilge, corp oideachais agus stair. Nuair nach mb\u00edonn s\u00ed ar scoil, is maith l\u00e9i a bheith ag imirt sp\u00f3irt agus ag seinm ceoil.<br \/>\n&nbsp;<br \/>\n&nbsp;<\/p>\n<p><strong>Joe \u00d3 hEachteirn<\/strong><br \/>\n<a href=\"https:\/\/tg4-docs.s3.amazonaws.com\/tg4-redesign-2015\/wp-content\/uploads\/2020\/08\/Joe_O__hEachteirn_1_720x1280.jpg\"><img loading=\"lazy\" decoding=\"async\" width=\"79\" height=\"141\" src=\"https:\/\/tg4-docs.s3.amazonaws.com\/tg4-redesign-2015\/wp-content\/uploads\/2020\/08\/Joe_O__hEachteirn_1_720x1280-79x141.jpg\" alt=\"\" class=\"aligncenter size-thumbnail wp-image-114045\" srcset=\"https:\/\/tg4-docs.s3.amazonaws.com\/tg4-redesign-2015\/wp-content\/uploads\/2020\/08\/Joe_O__hEachteirn_1_720x1280-79x141.jpg 79w, https:\/\/tg4-docs.s3.amazonaws.com\/tg4-redesign-2015\/wp-content\/uploads\/2020\/08\/Joe_O__hEachteirn_1_720x1280-250x444.jpg 250w, https:\/\/tg4-docs.s3.amazonaws.com\/tg4-redesign-2015\/wp-content\/uploads\/2020\/08\/Joe_O__hEachteirn_1_720x1280-700x1244.jpg 700w, https:\/\/tg4-docs.s3.amazonaws.com\/tg4-redesign-2015\/wp-content\/uploads\/2020\/08\/Joe_O__hEachteirn_1_720x1280-120x213.jpg 120w, https:\/\/tg4-docs.s3.amazonaws.com\/tg4-redesign-2015\/wp-content\/uploads\/2020\/08\/Joe_O__hEachteirn_1_720x1280.jpg 720w\" sizes=\"(max-width: 79px) 100vw, 79px\" \/><\/a><br \/>\nIs m\u00fainteoir bunscoile \u00e9 i Scoil na n\u00d3g, Gleann Maghair i gCorcaigh! Is as Cill Uird d\u00f3 i dtuaisceart Chorca\u00ed. T\u00e1 s\u00e9 ag m\u00faineadh le haon bhliain d\u00e9ag anois.\u00a0 T\u00e1 m\u00e1istreacht bainte amach aige san Oideachas L\u00e1n-Ghaeilge i gCol\u00e1iste Mhuire gan Sm\u00e1l, Luimneach.\u00a0 T\u00e1 suim aige i gc\u00farsa\u00ed sp\u00f3irt, Staire, Eola\u00edochta, fil\u00edochta agus dar nd\u00f3igh Gaeilge.<br \/>\n&nbsp;<br \/>\n&nbsp;<\/p>\n<p><strong>Caitr\u00edona McAteer<\/strong><br \/>\n<a href=\"https:\/\/tg4-docs.s3.amazonaws.com\/tg4-redesign-2015\/wp-content\/uploads\/2020\/08\/Caitriona_McAteer_1_720x1280.jpg\"><img loading=\"lazy\" decoding=\"async\" width=\"79\" height=\"141\" src=\"https:\/\/tg4-docs.s3.amazonaws.com\/tg4-redesign-2015\/wp-content\/uploads\/2020\/08\/Caitriona_McAteer_1_720x1280-79x141.jpg\" alt=\"\" class=\"aligncenter size-thumbnail wp-image-114046\" srcset=\"https:\/\/tg4-docs.s3.amazonaws.com\/tg4-redesign-2015\/wp-content\/uploads\/2020\/08\/Caitriona_McAteer_1_720x1280-79x141.jpg 79w, https:\/\/tg4-docs.s3.amazonaws.com\/tg4-redesign-2015\/wp-content\/uploads\/2020\/08\/Caitriona_McAteer_1_720x1280-250x444.jpg 250w, https:\/\/tg4-docs.s3.amazonaws.com\/tg4-redesign-2015\/wp-content\/uploads\/2020\/08\/Caitriona_McAteer_1_720x1280-700x1244.jpg 700w, https:\/\/tg4-docs.s3.amazonaws.com\/tg4-redesign-2015\/wp-content\/uploads\/2020\/08\/Caitriona_McAteer_1_720x1280-120x213.jpg 120w, https:\/\/tg4-docs.s3.amazonaws.com\/tg4-redesign-2015\/wp-content\/uploads\/2020\/08\/Caitriona_McAteer_1_720x1280.jpg 720w\" sizes=\"(max-width: 79px) 100vw, 79px\" \/><\/a><br \/>\nIs as Contae Aontroma do Chaitr\u00edona. T\u00e1 s\u00ed\u00a0 ag m\u00faineadh le 4 bliana anois agus bhain s\u00ed a c\u00e9im amach \u00f3 Chol\u00e1iste Ollscoile Naomh Muire i mB\u00e9al Feirste. Ina ham saor, imr\u00edonn s\u00ed camoga\u00edocht agus peil Ghaelach lena club agus t\u00e1 suim mh\u00f3r aici san amhr\u00e1na\u00edocht chomh maith.<br \/>\n&nbsp;<br \/>\n&nbsp;<br \/>\n&nbsp;<\/p>\n","protected":false},"excerpt":{"rendered":"<p>&nbsp; Beidh sraith nua de\u00a0C\u00fala4 ar Scoil\u00a0ar ais ar TG4 ag deireadh na m\u00edosa ag tos\u00fa ar an Luan 31 L\u00fanasa ag 10am.\u00a0 Is \u00ed Orla N\u00ed Fhinneadha a bheidh \u00e1 chur i l\u00e1thair an uair seo agus beidh na m\u00fainteoir\u00ed Miche\u00e1l \u00d3 Dubhghaill, Caitr\u00edona N\u00ed Chual\u00e1in, Joe \u00d3 hEachtairn, S\u00edle N\u00ed Chonghaile agus Caitr\u00edona [&hellip;]<\/p>\n","protected":false},"author":876,"featured_media":0,"parent":111525,"menu_order":37,"comment_status":"closed","ping_status":"closed","template":"page-templates\/template-pr.php","meta":{"_acf_changed":false,"footnotes":""},"acf":[],"yoast_head":"<!-- This site is optimized with the Yoast SEO plugin v22.6 - https:\/\/yoast.com\/wordpress\/plugins\/seo\/ -->\n<title>C\u00fala4 ar Scoil ar ais ar TG4 go luath | Preas R\u00e1iteas | TG4<\/title>\n<meta name=\"robots\" content=\"index, follow, max-snippet:-1, max-image-preview:large, max-video-preview:-1\" \/>\n<meta property=\"og:locale\" content=\"en_US\" \/>\n<meta property=\"og:type\" content=\"article\" \/>\n<meta property=\"og:title\" content=\"C\u00fala4 ar Scoil ar ais ar TG4 go luath | Preas R\u00e1iteas | TG4\" \/>\n<meta property=\"og:description\" content=\"&nbsp; Beidh sraith nua de\u00a0C\u00fala4 ar Scoil\u00a0ar ais ar TG4 ag deireadh na m\u00edosa ag tos\u00fa ar an Luan 31 L\u00fanasa ag 10am.\u00a0 Is \u00ed Orla N\u00ed Fhinneadha a bheidh \u00e1 chur i l\u00e1thair an uair seo agus beidh na m\u00fainteoir\u00ed Miche\u00e1l \u00d3 Dubhghaill, Caitr\u00edona N\u00ed Chual\u00e1in, Joe \u00d3 hEachtairn, S\u00edle N\u00ed Chonghaile agus Caitr\u00edona [&hellip;]\" \/>\n<meta property=\"og:url\" content=\"https:\/\/dev.tg4.ie\/ga\/eolas\/preas\/nuacht-raitis\/2020-2\/cula4-ar-scoil-ar-ais-ar-tg4-go-luath\/\" \/>\n<meta property=\"og:site_name\" content=\"TG4\" \/>\n<meta property=\"article:publisher\" content=\"https:\/\/www.facebook.com\/TG4TV\" \/>\n<meta property=\"article:modified_time\" content=\"2020-08-26T10:08:48+00:00\" \/>\n<meta property=\"og:image\" content=\"https:\/\/tg4-docs.s3.amazonaws.com\/tg4-redesign-2015\/wp-content\/uploads\/2020\/08\/LaithC4arScoil_1_1920x1080.jpg\" \/>\n\t<meta property=\"og:image:width\" content=\"1920\" \/>\n\t<meta property=\"og:image:height\" content=\"1080\" \/>\n\t<meta property=\"og:image:type\" content=\"image\/jpeg\" \/>\n<meta name=\"twitter:card\" content=\"summary_large_image\" \/>\n<meta name=\"twitter:image\" content=\"https:\/\/tg4-docs.s3.amazonaws.com\/tg4-redesign-2015\/wp-content\/uploads\/2020\/08\/LaithC4arScoil_1_1920x1080.jpg\" \/>\n<meta name=\"twitter:site\" content=\"@TG4TV\" \/>\n<meta name=\"twitter:label1\" content=\"Est. reading time\" \/>\n\t<meta name=\"twitter:data1\" content=\"5 minutes\" \/>\n<script type=\"application\/ld+json\" class=\"yoast-schema-graph\">{\"@context\":\"https:\/\/schema.org\",\"@graph\":[{\"@type\":\"WebPage\",\"@id\":\"https:\/\/dev.tg4.ie\/ga\/eolas\/preas\/nuacht-raitis\/2020-2\/cula4-ar-scoil-ar-ais-ar-tg4-go-luath\/\",\"url\":\"https:\/\/dev.tg4.ie\/ga\/eolas\/preas\/nuacht-raitis\/2020-2\/cula4-ar-scoil-ar-ais-ar-tg4-go-luath\/\",\"name\":\"C\u00fala4 ar Scoil ar ais ar TG4 go luath | Preas R\u00e1iteas | TG4\",\"isPartOf\":{\"@id\":\"https:\/\/dev.tg4.ie\/en\/#website\"},\"primaryImageOfPage\":{\"@id\":\"https:\/\/dev.tg4.ie\/ga\/eolas\/preas\/nuacht-raitis\/2020-2\/cula4-ar-scoil-ar-ais-ar-tg4-go-luath\/#primaryimage\"},\"image\":{\"@id\":\"https:\/\/dev.tg4.ie\/ga\/eolas\/preas\/nuacht-raitis\/2020-2\/cula4-ar-scoil-ar-ais-ar-tg4-go-luath\/#primaryimage\"},\"thumbnailUrl\":\"https:\/\/dev.tg4.ie\/wp-content\/uploads\/2020\/08\/Orla_Ni_Fhinneadha_2_1920x1080.jpg\",\"datePublished\":\"2020-08-24T14:59:42+00:00\",\"dateModified\":\"2020-08-26T10:08:48+00:00\",\"breadcrumb\":{\"@id\":\"https:\/\/dev.tg4.ie\/ga\/eolas\/preas\/nuacht-raitis\/2020-2\/cula4-ar-scoil-ar-ais-ar-tg4-go-luath\/#breadcrumb\"},\"inLanguage\":\"ga\",\"potentialAction\":[{\"@type\":\"ReadAction\",\"target\":[\"https:\/\/dev.tg4.ie\/ga\/eolas\/preas\/nuacht-raitis\/2020-2\/cula4-ar-scoil-ar-ais-ar-tg4-go-luath\/\"]}]},{\"@type\":\"ImageObject\",\"inLanguage\":\"ga\",\"@id\":\"https:\/\/dev.tg4.ie\/ga\/eolas\/preas\/nuacht-raitis\/2020-2\/cula4-ar-scoil-ar-ais-ar-tg4-go-luath\/#primaryimage\",\"url\":\"https:\/\/dev.tg4.ie\/wp-content\/uploads\/2020\/08\/Orla_Ni_Fhinneadha_2_1920x1080.jpg\",\"contentUrl\":\"https:\/\/dev.tg4.ie\/wp-content\/uploads\/2020\/08\/Orla_Ni_Fhinneadha_2_1920x1080.jpg\"},{\"@type\":\"BreadcrumbList\",\"@id\":\"https:\/\/dev.tg4.ie\/ga\/eolas\/preas\/nuacht-raitis\/2020-2\/cula4-ar-scoil-ar-ais-ar-tg4-go-luath\/#breadcrumb\",\"itemListElement\":[{\"@type\":\"ListItem\",\"position\":1,\"name\":\"Home\",\"item\":\"https:\/\/dev.tg4.ie\/ga\/\"},{\"@type\":\"ListItem\",\"position\":2,\"name\":\"Eolas\",\"item\":\"https:\/\/dev.tg4.ie\/ga\/eolas\/\"},{\"@type\":\"ListItem\",\"position\":3,\"name\":\"Preas\",\"item\":\"https:\/\/dev.tg4.ie\/ga\/eolas\/preas\/\"},{\"@type\":\"ListItem\",\"position\":4,\"name\":\"Nuacht R\u00e1itis\",\"item\":\"https:\/\/dev.tg4.ie\/ga\/eolas\/preas\/nuacht-raitis\/\"},{\"@type\":\"ListItem\",\"position\":5,\"name\":\"2020\",\"item\":\"https:\/\/dev.tg4.ie\/ga\/eolas\/preas\/nuacht-raitis\/2020-2\/\"},{\"@type\":\"ListItem\",\"position\":6,\"name\":\"C\u00fala4 ar Scoil ar ais ar TG4 go luath\"}]},{\"@type\":\"WebSite\",\"@id\":\"https:\/\/dev.tg4.ie\/en\/#website\",\"url\":\"https:\/\/dev.tg4.ie\/en\/\",\"name\":\"TG4\",\"description\":\"S\u00fail Eile\",\"potentialAction\":[{\"@type\":\"SearchAction\",\"target\":{\"@type\":\"EntryPoint\",\"urlTemplate\":\"https:\/\/dev.tg4.ie\/en\/?s={search_term_string}\"},\"query-input\":\"required name=search_term_string\"}],\"inLanguage\":\"ga\"}]}<\/script>\n<!-- \/ Yoast SEO plugin. -->","yoast_head_json":{"title":"C\u00fala4 ar Scoil ar ais ar TG4 go luath | Preas R\u00e1iteas | TG4","robots":{"index":"index","follow":"follow","max-snippet":"max-snippet:-1","max-image-preview":"max-image-preview:large","max-video-preview":"max-video-preview:-1"},"og_locale":"en_US","og_type":"article","og_title":"C\u00fala4 ar Scoil ar ais ar TG4 go luath | Preas R\u00e1iteas | TG4","og_description":"&nbsp; Beidh sraith nua de\u00a0C\u00fala4 ar Scoil\u00a0ar ais ar TG4 ag deireadh na m\u00edosa ag tos\u00fa ar an Luan 31 L\u00fanasa ag 10am.\u00a0 Is \u00ed Orla N\u00ed Fhinneadha a bheidh \u00e1 chur i l\u00e1thair an uair seo agus beidh na m\u00fainteoir\u00ed Miche\u00e1l \u00d3 Dubhghaill, Caitr\u00edona N\u00ed Chual\u00e1in, Joe \u00d3 hEachtairn, S\u00edle N\u00ed Chonghaile agus Caitr\u00edona [&hellip;]","og_url":"https:\/\/dev.tg4.ie\/ga\/eolas\/preas\/nuacht-raitis\/2020-2\/cula4-ar-scoil-ar-ais-ar-tg4-go-luath\/","og_site_name":"TG4","article_publisher":"https:\/\/www.facebook.com\/TG4TV","article_modified_time":"2020-08-26T10:08:48+00:00","og_image":[{"width":1920,"height":1080,"url":"https:\/\/tg4-docs.s3.amazonaws.com\/tg4-redesign-2015\/wp-content\/uploads\/2020\/08\/LaithC4arScoil_1_1920x1080.jpg","type":"image\/jpeg"}],"twitter_card":"summary_large_image","twitter_image":"https:\/\/tg4-docs.s3.amazonaws.com\/tg4-redesign-2015\/wp-content\/uploads\/2020\/08\/LaithC4arScoil_1_1920x1080.jpg","twitter_site":"@TG4TV","twitter_misc":{"Est. reading time":"5 minutes"},"schema":{"@context":"https:\/\/schema.org","@graph":[{"@type":"WebPage","@id":"https:\/\/dev.tg4.ie\/ga\/eolas\/preas\/nuacht-raitis\/2020-2\/cula4-ar-scoil-ar-ais-ar-tg4-go-luath\/","url":"https:\/\/dev.tg4.ie\/ga\/eolas\/preas\/nuacht-raitis\/2020-2\/cula4-ar-scoil-ar-ais-ar-tg4-go-luath\/","name":"C\u00fala4 ar Scoil ar ais ar TG4 go luath | Preas R\u00e1iteas | TG4","isPartOf":{"@id":"https:\/\/dev.tg4.ie\/en\/#website"},"primaryImageOfPage":{"@id":"https:\/\/dev.tg4.ie\/ga\/eolas\/preas\/nuacht-raitis\/2020-2\/cula4-ar-scoil-ar-ais-ar-tg4-go-luath\/#primaryimage"},"image":{"@id":"https:\/\/dev.tg4.ie\/ga\/eolas\/preas\/nuacht-raitis\/2020-2\/cula4-ar-scoil-ar-ais-ar-tg4-go-luath\/#primaryimage"},"thumbnailUrl":"https:\/\/dev.tg4.ie\/wp-content\/uploads\/2020\/08\/Orla_Ni_Fhinneadha_2_1920x1080.jpg","datePublished":"2020-08-24T14:59:42+00:00","dateModified":"2020-08-26T10:08:48+00:00","breadcrumb":{"@id":"https:\/\/dev.tg4.ie\/ga\/eolas\/preas\/nuacht-raitis\/2020-2\/cula4-ar-scoil-ar-ais-ar-tg4-go-luath\/#breadcrumb"},"inLanguage":"ga","potentialAction":[{"@type":"ReadAction","target":["https:\/\/dev.tg4.ie\/ga\/eolas\/preas\/nuacht-raitis\/2020-2\/cula4-ar-scoil-ar-ais-ar-tg4-go-luath\/"]}]},{"@type":"ImageObject","inLanguage":"ga","@id":"https:\/\/dev.tg4.ie\/ga\/eolas\/preas\/nuacht-raitis\/2020-2\/cula4-ar-scoil-ar-ais-ar-tg4-go-luath\/#primaryimage","url":"https:\/\/dev.tg4.ie\/wp-content\/uploads\/2020\/08\/Orla_Ni_Fhinneadha_2_1920x1080.jpg","contentUrl":"https:\/\/dev.tg4.ie\/wp-content\/uploads\/2020\/08\/Orla_Ni_Fhinneadha_2_1920x1080.jpg"},{"@type":"BreadcrumbList","@id":"https:\/\/dev.tg4.ie\/ga\/eolas\/preas\/nuacht-raitis\/2020-2\/cula4-ar-scoil-ar-ais-ar-tg4-go-luath\/#breadcrumb","itemListElement":[{"@type":"ListItem","position":1,"name":"Home","item":"https:\/\/dev.tg4.ie\/ga\/"},{"@type":"ListItem","position":2,"name":"Eolas","item":"https:\/\/dev.tg4.ie\/ga\/eolas\/"},{"@type":"ListItem","position":3,"name":"Preas","item":"https:\/\/dev.tg4.ie\/ga\/eolas\/preas\/"},{"@type":"ListItem","position":4,"name":"Nuacht R\u00e1itis","item":"https:\/\/dev.tg4.ie\/ga\/eolas\/preas\/nuacht-raitis\/"},{"@type":"ListItem","position":5,"name":"2020","item":"https:\/\/dev.tg4.ie\/ga\/eolas\/preas\/nuacht-raitis\/2020-2\/"},{"@type":"ListItem","position":6,"name":"C\u00fala4 ar Scoil ar ais ar TG4 go luath"}]},{"@type":"WebSite","@id":"https:\/\/dev.tg4.ie\/en\/#website","url":"https:\/\/dev.tg4.ie\/en\/","name":"TG4","description":"S\u00fail Eile","potentialAction":[{"@type":"SearchAction","target":{"@type":"EntryPoint","urlTemplate":"https:\/\/dev.tg4.ie\/en\/?s={search_term_string}"},"query-input":"required name=search_term_string"}],"inLanguage":"ga"}]}},"_links":{"self":[{"href":"https:\/\/dev.tg4.ie\/ga\/wp-json\/wp\/v2\/pages\/114028"}],"collection":[{"href":"https:\/\/dev.tg4.ie\/ga\/wp-json\/wp\/v2\/pages"}],"about":[{"href":"https:\/\/dev.tg4.ie\/ga\/wp-json\/wp\/v2\/types\/page"}],"author":[{"embeddable":true,"href":"https:\/\/dev.tg4.ie\/ga\/wp-json\/wp\/v2\/users\/876"}],"replies":[{"embeddable":true,"href":"https:\/\/dev.tg4.ie\/ga\/wp-json\/wp\/v2\/comments?post=114028"}],"version-history":[{"count":0,"href":"https:\/\/dev.tg4.ie\/ga\/wp-json\/wp\/v2\/pages\/114028\/revisions"}],"up":[{"embeddable":true,"href":"https:\/\/dev.tg4.ie\/ga\/wp-json\/wp\/v2\/pages\/111525"}],"wp:attachment":[{"href":"https:\/\/dev.tg4.ie\/ga\/wp-json\/wp\/v2\/media?parent=114028"}],"curies":[{"name":"wp","href":"https:\/\/api.w.org\/{rel}","templated":true}]}}