{"id":114304,"date":"2020-09-15T09:55:27","date_gmt":"2020-09-15T08:55:27","guid":{"rendered":"https:\/\/dev.tg4.ie\/?page_id=114304"},"modified":"2020-09-15T09:55:27","modified_gmt":"2020-09-15T08:55:27","slug":"cogadh-ar-mhna","status":"publish","type":"page","link":"https:\/\/dev.tg4.ie\/ga\/eolas\/preas\/nuacht-raitis\/2020-2\/cogadh-ar-mhna\/","title":{"rendered":"Cogadh ar Mhn\u00e1"},"content":{"rendered":"<p><a href=\"https:\/\/tg4-docs.s3.amazonaws.com\/tg4-redesign-2015\/wp-content\/uploads\/2020\/09\/Cogadh_Ar_Mhna_2_1920x1080.jpg\"><img loading=\"lazy\" decoding=\"async\" width=\"1920\" height=\"1080\" class=\"alignnone size-full wp-image-114305\" src=\"https:\/\/tg4-docs.s3.amazonaws.com\/tg4-redesign-2015\/wp-content\/uploads\/2020\/09\/Cogadh_Ar_Mhna_2_1920x1080.jpg\" alt=\"\" srcset=\"https:\/\/tg4-docs.s3.amazonaws.com\/tg4-redesign-2015\/wp-content\/uploads\/2020\/09\/Cogadh_Ar_Mhna_2_1920x1080.jpg 1920w, https:\/\/tg4-docs.s3.amazonaws.com\/tg4-redesign-2015\/wp-content\/uploads\/2020\/09\/Cogadh_Ar_Mhna_2_1920x1080-250x141.jpg 250w, https:\/\/tg4-docs.s3.amazonaws.com\/tg4-redesign-2015\/wp-content\/uploads\/2020\/09\/Cogadh_Ar_Mhna_2_1920x1080-700x394.jpg 700w, https:\/\/tg4-docs.s3.amazonaws.com\/tg4-redesign-2015\/wp-content\/uploads\/2020\/09\/Cogadh_Ar_Mhna_2_1920x1080-252x141.jpg 252w, https:\/\/tg4-docs.s3.amazonaws.com\/tg4-redesign-2015\/wp-content\/uploads\/2020\/09\/Cogadh_Ar_Mhna_2_1920x1080-1536x864.jpg 1536w, https:\/\/tg4-docs.s3.amazonaws.com\/tg4-redesign-2015\/wp-content\/uploads\/2020\/09\/Cogadh_Ar_Mhna_2_1920x1080-120x68.jpg 120w\" sizes=\"(max-width: 1920px) 100vw, 1920px\" \/><\/a><br \/>\n&nbsp;<br \/>\n<strong>TG4 23 Me\u00e1n F\u00f3mhair ag 9.30pm<\/strong><br \/>\n&nbsp;<br \/>\n<iframe loading=\"lazy\" width=\"560\" height=\"315\" src=\"https:\/\/www.youtube.com\/embed\/1dZCT9Wpiok\" frameborder=\"0\" allow=\"accelerometer; autoplay; clipboard-write; encrypted-media; gyroscope; picture-in-picture\" allowfullscreen><\/iframe><br \/>\n&nbsp;<br \/>\nSa chl\u00e1r faisn\u00e9ise nua,<strong>Cogadh ar Mhn\u00e1<\/strong>, br\u00e9agna\u00edtear an tuairim n\u00e1r tharla for\u00e9igean gn\u00e9is i gcoinne na mban le linn Chogadh na Saoirse n\u00e1 Chogadh na gCarad. Inseofar den ch\u00e9ad uair sa chl\u00e1r seo sc\u00e9al chuid de na mn\u00e1 a d\u2019fhulaing.<strong><br \/>\n<\/strong><\/p>\n<p>Tabharfar l\u00e9argas eile d\u00fainn ar an r\u00e9abhl\u00f3id in \u00c9irinn agus mar a cuireadh sc\u00e9alta na mban faoin tr\u00e9imhse sin faoi chois.\u00a0 Arna l\u00e9iri\u00fa tr\u00ed chomhph\u00e1irt\u00edocht nua idir TG4 agus RT\u00c9 le taca\u00edocht \u00f3 \u00dadar\u00e1s Craolach\u00e1in na h\u00c9ireann.<\/p>\n<p>Is \u00ed Ciara Hyland sti\u00farth\u00f3ir <strong>Cogadh ar Mhn\u00e1<\/strong> agus Tony McCarthy \u00f3 Forefront Productions an l\u00e9iritheoir \u2013 an fhoireann ch\u00e9anna a l\u00e9irigh an cl\u00e1r <strong>\u2018De Valera i Meirice\u00e1\u2019<\/strong> anuraidh.<\/p>\n<p>C\u00e9n t-\u00fadar n\u00e1r chualathas riamh gur tharla for\u00e9igean i gcoinne na mban le linn Chogadh na Saoirse n\u00e1 Chogadh na gCarad ina dhiaidh sin?<\/p>\n<p>Rud a bh\u00ed amhlaidh i ngach cogadh eile &#8211; An Ch\u00e9ad Chogadh Domhanda, An Dara Cogadh Domhanda agus fi\u00fa an Cogadh sa Bhoisnia go deireadh.\u00a0 Ar bhain a leith\u00e9id leis an R\u00e9abhl\u00f3id in \u00c9irinn?<\/p>\n<p>Measadh ar feadh blianta an m\u00e9id a thit amach in \u00c9irinn a bheith eisceacht\u00fail sa tsl\u00ed is gur ceapadh n\u00e1r tharla a leith\u00e9id. Ach an f\u00edor sin?\u00a0 An \u00e9 n\u00e1r tharla ainghn\u00edomhartha mar sin in \u00c9irinn? An raibh an cogadh in \u00c9irinn neamhchos\u00fail leis na coga\u00ed a bh\u00ed i ngach \u00e1it eile? Agus an raibh na fir anseo n\u00edos tuisceana\u00ed?<\/p>\n<p>N\u00ed d\u00f3igh leis an gcl\u00e1r seo \u00e9.<\/p>\n<p>T\u00e1 l\u00e9argas eile ag teacht chun cinn i bhfianaise taighde nua ceannr\u00f3da\u00edoch \u00f3 staraithe mar Mary McAuliffe agus Lindsey Earner-Byrne, na socheolaithe Linda Connolly agus Louise Ryan agus an stara\u00ed agus scr\u00edbhneoir Ann Mathwews. I ndiaidh s\u00fail eile a chaitheamh ar sheanfhoins\u00ed agus ar \u00e1bhar nua, t\u00e1 siad ag teacht ar sc\u00e9alta faoi fhor\u00e9igean i gcoinne na mban n\u00e1r caint\u00edodh riamh cheana orthu.<\/p>\n<p>Sc\u00e9alta mar sc\u00e9al Mary M as an Iarmh\u00ed ar \u00e9ignigh bu\u00edon Poblacht\u00e1nach \u00ed agus ar casadh le p\u00e1iste \u00ed ina dhiaidh sin. T\u00e1thar tagtha ar litreacha a scr\u00edobh s\u00ed chuig Ard-Easpag Bhaile \u00c1tha Cliath ag iarraidh c\u00fanaimh. N\u00f3 sc\u00e9al a tharla sa Neid\u00edn nuair a d\u2019ionsaigh comhalta d\u2019Arm an tSaorst\u00e1it beirt chail\u00edn\u00ed ach gur bhuail na h\u00fadar\u00e1is is airde sa rialtas nuabhunaithe cois air.\u00a0 N\u00f3 an litir s\u00e9 leathanach \u00f3 Norah Healy as Cathair Chorca\u00ed a bh\u00ed ag iompar clainne nuair a d\u2019\u00e9ignigh F\u00f3rsa\u00ed na Cor\u00f3nach \u00ed. Ar sc\u00e9al a thabhairt don RIC, chonaic s\u00ed duine de an fir a d\u2019ionsaigh \u00ed sa st\u00e1isi\u00fan p\u00f3il\u00edn\u00ed.\u00a0 An chomhairle a chuir an S\u00e1irsint i gCeannas uirthi gan bacadh aon n\u00ed a raibh faoi.<\/p>\n<p>T\u00e1 sc\u00e9alta den chine\u00e1l seo fairsing &#8211; bu\u00edonta armtha fear \u00f3 gach aon taobh den choimhlint ag ionsa\u00ed mn\u00e1 a bh\u00ed sa bhaile ina gcuid tithe a raibh gcuid dearth\u00e1ireacha, fir ch\u00e9ile n\u00f3 aithreacha ar a dteitheadh n\u00f3 i bhfolach.\u00a0 San o\u00edche is m\u00f3 a tharla\u00edodh na ruathair &#8211; agus is minic gur tharla measc\u00e1n d\u00edobh seo a leanas &#8211; tharraing\u00edt\u00ed mn\u00e1 amach as an leaba ina gcuid \u00e9ada\u00ed leapa, bhuailt\u00ed sa chloigeann agus san \u00e9adan iad, chait\u00ed uisce orthu le go mbeadh a gcolainn le feice\u00e1il tr\u00edna gcuid \u00e9ada\u00ed, bhearrta\u00ed a ngruaig. Scarta\u00ed \u00f3na muintir iad agus dh\u00e9anta\u00ed ionsa\u00ed gn\u00e9is n\u00f3 \u00e9igni\u00fa orthu. C\u00e9 n\u00e1rbh bheart \u00e9 \u00e9igni\u00fa n\u00e1 for\u00e9igean gn\u00e9is a bh\u00ed ordaithe n\u00e1 ceadaithe ar aon taobh, bh\u00ed an deis ann d\u2019fhor\u00e9igean fisici\u00fail agus gn\u00e9is mar go mb\u00edt\u00ed ag d\u00e9anamh ruathair sheasta ar thithe. B\u2019ionann na ruathair is teachtaireacht l\u00e1idir a chur chuig na fir a bh\u00ed i bhfolach sna cnoic &#8211; nach raibh siad in ann a gcuid ban n\u00e1 a gcuid tithe a chosaint.<\/p>\n<p>N\u00edl ceachtar taobh glan ar na coireanna seo &#8211; F\u00f3rsa\u00ed na Cor\u00f3nach, Poblacht\u00e1naigh n\u00e1 lucht an tSaorst\u00e1it &#8211; t\u00e1 sc\u00e9alta ann go ndearna gach taobh d\u00edobh for\u00e9igean in i gcoinne ban.<\/p>\n<p>Is minic gur ceileadh sc\u00e9alta na mban seo mar gheall ar n\u00e1ire a bheith orthu agus fait\u00edos nach nglacfadh an pobal leo agus mar gheall gur beag seans go bhfaigheadh siad cothrom na f\u00e9inne.<\/p>\n<p>Cuirtear leagan dr\u00e1mat\u00fail de na sc\u00e9alta seo i l\u00e1thair\u00a0 i \u201cCogadh ar Mhn\u00e1\u201d ar bhealach ar leith tr\u00ed \u00fas\u00e1id a bhaint as focal na mban f\u00e9in, nuair at\u00e1 cuntas uathu f\u00e9in ar f\u00e1il.\u00a0\u00a0 Tugtar guth d\u2019fhocail na mban agus tugtar ard\u00e1n d\u00f3ibh den ch\u00e9ad uair le c\u00e9ad bliain agus f\u00e9achtar an bh\u00e9im mh\u00f3r a bh\u00ed ar lucht troda agus ar bhearta\u00edocht mh\u00edleata sa stair go dt\u00ed seo maidir leis an tr\u00e9imhse sin a chur ina ceart.<\/p>\n<p>T\u00e1 s\u00e9 t\u00e1bhachtach go n-inseofa\u00ed na sc\u00e9alta seo &#8211; ba mhn\u00e1 leath den daonra le linn na r\u00e9abhl\u00f3ide in \u00c9irinn. Ba mh\u00f3 i bhfad mn\u00e1 a bh\u00ed i measc na sibhialtach n\u00e1 a bh\u00ed p\u00e1irteach sa chath &#8211; ach f\u00e1gadh ar bhain leosan agus ar fhulaing siad ar l\u00e1r as an stair mar a ins\u00edtear \u00e9.<\/p>\n<p>Ins\u00edtear in Cogadh ar Mhn\u00e1 nithe n\u00e1r d\u00faradh cheana riamh, t\u00e9itear go bun an \u00fadair sna sc\u00e9alta seo agus br\u00e9agna\u00edtear an tuiscint a bh\u00ed ann gur eisceacht a bh\u00ed sa chogadh in \u00c9irinn le hais coga\u00ed eile ar fud an domhain. T\u00e1 s\u00e9 in am a tharla do na mn\u00e1 seo a insint, guth a thabhairt d\u00f3ibh agus caint a dh\u00e9anamh faoin tsl\u00ed ar caitheadh leo. Cuirimis ina cheart anois an fail\u00ed a rinneadh san am a caitheadh agus tugaimis an fh\u00edrinne chun solais. Cuirtear t\u00fas leis sin sa chl\u00e1r faisn\u00e9ise seo.<\/p>\n<p>Rinneadh \u2018Cogadh ar Mhn\u00e1\u2019 a mhaoini\u00fa le cabhair \u00f3 \u00dadar\u00e1s Craolach\u00e1in na h\u00c9ireann leis an T\u00e1ille Cead\u00fanais Teilif\u00edse.<\/p>\n<p><strong>Taispe\u00e1nfar Cogadh ar Mhn\u00e1 ar TG4 an 23 Me\u00e1n F\u00f3mhair ag 9.30pm<\/strong><br \/>\n&nbsp;<\/p>\n","protected":false},"excerpt":{"rendered":"<p>&nbsp; TG4 23 Me\u00e1n F\u00f3mhair ag 9.30pm &nbsp; &nbsp; Sa chl\u00e1r faisn\u00e9ise nua,Cogadh ar Mhn\u00e1, br\u00e9agna\u00edtear an tuairim n\u00e1r tharla for\u00e9igean gn\u00e9is i gcoinne na mban le linn Chogadh na Saoirse n\u00e1 Chogadh na gCarad. Inseofar den ch\u00e9ad uair sa chl\u00e1r seo sc\u00e9al chuid de na mn\u00e1 a d\u2019fhulaing. Tabharfar l\u00e9argas eile d\u00fainn ar an [&hellip;]<\/p>\n","protected":false},"author":876,"featured_media":0,"parent":111525,"menu_order":38,"comment_status":"closed","ping_status":"closed","template":"page-templates\/template-pr.php","meta":{"_acf_changed":false,"footnotes":""},"acf":[],"yoast_head":"<!-- This site is optimized with the Yoast SEO plugin v22.6 - https:\/\/yoast.com\/wordpress\/plugins\/seo\/ -->\n<title>Cogadh ar Mhn\u00e1 | Preas R\u00e1iteas | TG4<\/title>\n<meta name=\"robots\" content=\"index, follow, max-snippet:-1, max-image-preview:large, max-video-preview:-1\" \/>\n<meta property=\"og:locale\" content=\"en_US\" \/>\n<meta property=\"og:type\" content=\"article\" \/>\n<meta property=\"og:title\" content=\"Cogadh ar Mhn\u00e1 | Preas R\u00e1iteas | TG4\" \/>\n<meta property=\"og:description\" content=\"&nbsp; TG4 23 Me\u00e1n F\u00f3mhair ag 9.30pm &nbsp; &nbsp; Sa chl\u00e1r faisn\u00e9ise nua,Cogadh ar Mhn\u00e1, br\u00e9agna\u00edtear an tuairim n\u00e1r tharla for\u00e9igean gn\u00e9is i gcoinne na mban le linn Chogadh na Saoirse n\u00e1 Chogadh na gCarad. Inseofar den ch\u00e9ad uair sa chl\u00e1r seo sc\u00e9al chuid de na mn\u00e1 a d\u2019fhulaing. Tabharfar l\u00e9argas eile d\u00fainn ar an [&hellip;]\" \/>\n<meta property=\"og:url\" content=\"https:\/\/dev.tg4.ie\/ga\/eolas\/preas\/nuacht-raitis\/2020-2\/cogadh-ar-mhna\/\" \/>\n<meta property=\"og:site_name\" content=\"TG4\" \/>\n<meta property=\"article:publisher\" content=\"https:\/\/www.facebook.com\/TG4TV\" \/>\n<meta property=\"og:image\" content=\"https:\/\/tg4-docs.s3.amazonaws.com\/tg4-redesign-2015\/wp-content\/uploads\/2020\/09\/Cogadh_Ar_Mhna_2_1920x1080.jpg\" \/>\n\t<meta property=\"og:image:width\" content=\"1920\" \/>\n\t<meta property=\"og:image:height\" content=\"1080\" \/>\n\t<meta property=\"og:image:type\" content=\"image\/jpeg\" \/>\n<meta name=\"twitter:card\" content=\"summary_large_image\" \/>\n<meta name=\"twitter:image\" content=\"https:\/\/tg4-docs.s3.amazonaws.com\/tg4-redesign-2015\/wp-content\/uploads\/2020\/09\/Cogadh_Ar_Mhna_2_1920x1080.jpg\" \/>\n<meta name=\"twitter:site\" content=\"@TG4TV\" \/>\n<meta name=\"twitter:label1\" content=\"Est. reading time\" \/>\n\t<meta name=\"twitter:data1\" content=\"5 minutes\" \/>\n<script type=\"application\/ld+json\" class=\"yoast-schema-graph\">{\"@context\":\"https:\/\/schema.org\",\"@graph\":[{\"@type\":\"WebPage\",\"@id\":\"https:\/\/dev.tg4.ie\/ga\/eolas\/preas\/nuacht-raitis\/2020-2\/cogadh-ar-mhna\/\",\"url\":\"https:\/\/dev.tg4.ie\/ga\/eolas\/preas\/nuacht-raitis\/2020-2\/cogadh-ar-mhna\/\",\"name\":\"Cogadh ar Mhn\u00e1 | Preas R\u00e1iteas | TG4\",\"isPartOf\":{\"@id\":\"https:\/\/dev.tg4.ie\/en\/#website\"},\"primaryImageOfPage\":{\"@id\":\"https:\/\/dev.tg4.ie\/ga\/eolas\/preas\/nuacht-raitis\/2020-2\/cogadh-ar-mhna\/#primaryimage\"},\"image\":{\"@id\":\"https:\/\/dev.tg4.ie\/ga\/eolas\/preas\/nuacht-raitis\/2020-2\/cogadh-ar-mhna\/#primaryimage\"},\"thumbnailUrl\":\"https:\/\/dev.tg4.ie\/wp-content\/uploads\/2020\/09\/Cogadh_Ar_Mhna_2_1920x1080.jpg\",\"datePublished\":\"2020-09-15T08:55:27+00:00\",\"dateModified\":\"2020-09-15T08:55:27+00:00\",\"breadcrumb\":{\"@id\":\"https:\/\/dev.tg4.ie\/ga\/eolas\/preas\/nuacht-raitis\/2020-2\/cogadh-ar-mhna\/#breadcrumb\"},\"inLanguage\":\"ga\",\"potentialAction\":[{\"@type\":\"ReadAction\",\"target\":[\"https:\/\/dev.tg4.ie\/ga\/eolas\/preas\/nuacht-raitis\/2020-2\/cogadh-ar-mhna\/\"]}]},{\"@type\":\"ImageObject\",\"inLanguage\":\"ga\",\"@id\":\"https:\/\/dev.tg4.ie\/ga\/eolas\/preas\/nuacht-raitis\/2020-2\/cogadh-ar-mhna\/#primaryimage\",\"url\":\"https:\/\/dev.tg4.ie\/wp-content\/uploads\/2020\/09\/Cogadh_Ar_Mhna_2_1920x1080.jpg\",\"contentUrl\":\"https:\/\/dev.tg4.ie\/wp-content\/uploads\/2020\/09\/Cogadh_Ar_Mhna_2_1920x1080.jpg\"},{\"@type\":\"BreadcrumbList\",\"@id\":\"https:\/\/dev.tg4.ie\/ga\/eolas\/preas\/nuacht-raitis\/2020-2\/cogadh-ar-mhna\/#breadcrumb\",\"itemListElement\":[{\"@type\":\"ListItem\",\"position\":1,\"name\":\"Home\",\"item\":\"https:\/\/dev.tg4.ie\/ga\/\"},{\"@type\":\"ListItem\",\"position\":2,\"name\":\"Eolas\",\"item\":\"https:\/\/dev.tg4.ie\/ga\/eolas\/\"},{\"@type\":\"ListItem\",\"position\":3,\"name\":\"Preas\",\"item\":\"https:\/\/dev.tg4.ie\/ga\/eolas\/preas\/\"},{\"@type\":\"ListItem\",\"position\":4,\"name\":\"Nuacht R\u00e1itis\",\"item\":\"https:\/\/dev.tg4.ie\/ga\/eolas\/preas\/nuacht-raitis\/\"},{\"@type\":\"ListItem\",\"position\":5,\"name\":\"2020\",\"item\":\"https:\/\/dev.tg4.ie\/ga\/eolas\/preas\/nuacht-raitis\/2020-2\/\"},{\"@type\":\"ListItem\",\"position\":6,\"name\":\"Cogadh ar Mhn\u00e1\"}]},{\"@type\":\"WebSite\",\"@id\":\"https:\/\/dev.tg4.ie\/en\/#website\",\"url\":\"https:\/\/dev.tg4.ie\/en\/\",\"name\":\"TG4\",\"description\":\"S\u00fail Eile\",\"potentialAction\":[{\"@type\":\"SearchAction\",\"target\":{\"@type\":\"EntryPoint\",\"urlTemplate\":\"https:\/\/dev.tg4.ie\/en\/?s={search_term_string}\"},\"query-input\":\"required name=search_term_string\"}],\"inLanguage\":\"ga\"}]}<\/script>\n<!-- \/ Yoast SEO plugin. -->","yoast_head_json":{"title":"Cogadh ar Mhn\u00e1 | Preas R\u00e1iteas | TG4","robots":{"index":"index","follow":"follow","max-snippet":"max-snippet:-1","max-image-preview":"max-image-preview:large","max-video-preview":"max-video-preview:-1"},"og_locale":"en_US","og_type":"article","og_title":"Cogadh ar Mhn\u00e1 | Preas R\u00e1iteas | TG4","og_description":"&nbsp; TG4 23 Me\u00e1n F\u00f3mhair ag 9.30pm &nbsp; &nbsp; Sa chl\u00e1r faisn\u00e9ise nua,Cogadh ar Mhn\u00e1, br\u00e9agna\u00edtear an tuairim n\u00e1r tharla for\u00e9igean gn\u00e9is i gcoinne na mban le linn Chogadh na Saoirse n\u00e1 Chogadh na gCarad. Inseofar den ch\u00e9ad uair sa chl\u00e1r seo sc\u00e9al chuid de na mn\u00e1 a d\u2019fhulaing. Tabharfar l\u00e9argas eile d\u00fainn ar an [&hellip;]","og_url":"https:\/\/dev.tg4.ie\/ga\/eolas\/preas\/nuacht-raitis\/2020-2\/cogadh-ar-mhna\/","og_site_name":"TG4","article_publisher":"https:\/\/www.facebook.com\/TG4TV","og_image":[{"width":1920,"height":1080,"url":"https:\/\/tg4-docs.s3.amazonaws.com\/tg4-redesign-2015\/wp-content\/uploads\/2020\/09\/Cogadh_Ar_Mhna_2_1920x1080.jpg","type":"image\/jpeg"}],"twitter_card":"summary_large_image","twitter_image":"https:\/\/tg4-docs.s3.amazonaws.com\/tg4-redesign-2015\/wp-content\/uploads\/2020\/09\/Cogadh_Ar_Mhna_2_1920x1080.jpg","twitter_site":"@TG4TV","twitter_misc":{"Est. reading time":"5 minutes"},"schema":{"@context":"https:\/\/schema.org","@graph":[{"@type":"WebPage","@id":"https:\/\/dev.tg4.ie\/ga\/eolas\/preas\/nuacht-raitis\/2020-2\/cogadh-ar-mhna\/","url":"https:\/\/dev.tg4.ie\/ga\/eolas\/preas\/nuacht-raitis\/2020-2\/cogadh-ar-mhna\/","name":"Cogadh ar Mhn\u00e1 | Preas R\u00e1iteas | TG4","isPartOf":{"@id":"https:\/\/dev.tg4.ie\/en\/#website"},"primaryImageOfPage":{"@id":"https:\/\/dev.tg4.ie\/ga\/eolas\/preas\/nuacht-raitis\/2020-2\/cogadh-ar-mhna\/#primaryimage"},"image":{"@id":"https:\/\/dev.tg4.ie\/ga\/eolas\/preas\/nuacht-raitis\/2020-2\/cogadh-ar-mhna\/#primaryimage"},"thumbnailUrl":"https:\/\/dev.tg4.ie\/wp-content\/uploads\/2020\/09\/Cogadh_Ar_Mhna_2_1920x1080.jpg","datePublished":"2020-09-15T08:55:27+00:00","dateModified":"2020-09-15T08:55:27+00:00","breadcrumb":{"@id":"https:\/\/dev.tg4.ie\/ga\/eolas\/preas\/nuacht-raitis\/2020-2\/cogadh-ar-mhna\/#breadcrumb"},"inLanguage":"ga","potentialAction":[{"@type":"ReadAction","target":["https:\/\/dev.tg4.ie\/ga\/eolas\/preas\/nuacht-raitis\/2020-2\/cogadh-ar-mhna\/"]}]},{"@type":"ImageObject","inLanguage":"ga","@id":"https:\/\/dev.tg4.ie\/ga\/eolas\/preas\/nuacht-raitis\/2020-2\/cogadh-ar-mhna\/#primaryimage","url":"https:\/\/dev.tg4.ie\/wp-content\/uploads\/2020\/09\/Cogadh_Ar_Mhna_2_1920x1080.jpg","contentUrl":"https:\/\/dev.tg4.ie\/wp-content\/uploads\/2020\/09\/Cogadh_Ar_Mhna_2_1920x1080.jpg"},{"@type":"BreadcrumbList","@id":"https:\/\/dev.tg4.ie\/ga\/eolas\/preas\/nuacht-raitis\/2020-2\/cogadh-ar-mhna\/#breadcrumb","itemListElement":[{"@type":"ListItem","position":1,"name":"Home","item":"https:\/\/dev.tg4.ie\/ga\/"},{"@type":"ListItem","position":2,"name":"Eolas","item":"https:\/\/dev.tg4.ie\/ga\/eolas\/"},{"@type":"ListItem","position":3,"name":"Preas","item":"https:\/\/dev.tg4.ie\/ga\/eolas\/preas\/"},{"@type":"ListItem","position":4,"name":"Nuacht R\u00e1itis","item":"https:\/\/dev.tg4.ie\/ga\/eolas\/preas\/nuacht-raitis\/"},{"@type":"ListItem","position":5,"name":"2020","item":"https:\/\/dev.tg4.ie\/ga\/eolas\/preas\/nuacht-raitis\/2020-2\/"},{"@type":"ListItem","position":6,"name":"Cogadh ar Mhn\u00e1"}]},{"@type":"WebSite","@id":"https:\/\/dev.tg4.ie\/en\/#website","url":"https:\/\/dev.tg4.ie\/en\/","name":"TG4","description":"S\u00fail Eile","potentialAction":[{"@type":"SearchAction","target":{"@type":"EntryPoint","urlTemplate":"https:\/\/dev.tg4.ie\/en\/?s={search_term_string}"},"query-input":"required name=search_term_string"}],"inLanguage":"ga"}]}},"_links":{"self":[{"href":"https:\/\/dev.tg4.ie\/ga\/wp-json\/wp\/v2\/pages\/114304"}],"collection":[{"href":"https:\/\/dev.tg4.ie\/ga\/wp-json\/wp\/v2\/pages"}],"about":[{"href":"https:\/\/dev.tg4.ie\/ga\/wp-json\/wp\/v2\/types\/page"}],"author":[{"embeddable":true,"href":"https:\/\/dev.tg4.ie\/ga\/wp-json\/wp\/v2\/users\/876"}],"replies":[{"embeddable":true,"href":"https:\/\/dev.tg4.ie\/ga\/wp-json\/wp\/v2\/comments?post=114304"}],"version-history":[{"count":0,"href":"https:\/\/dev.tg4.ie\/ga\/wp-json\/wp\/v2\/pages\/114304\/revisions"}],"up":[{"embeddable":true,"href":"https:\/\/dev.tg4.ie\/ga\/wp-json\/wp\/v2\/pages\/111525"}],"wp:attachment":[{"href":"https:\/\/dev.tg4.ie\/ga\/wp-json\/wp\/v2\/media?parent=114304"}],"curies":[{"name":"wp","href":"https:\/\/api.w.org\/{rel}","templated":true}]}}