{"id":114318,"date":"2020-09-15T17:08:28","date_gmt":"2020-09-15T16:08:28","guid":{"rendered":"https:\/\/dev.tg4.ie\/?page_id=114318"},"modified":"2020-09-15T17:11:51","modified_gmt":"2020-09-15T16:11:51","slug":"le-cheile-tri-chultur-oiche-chultuir-2020-ar-tg4","status":"publish","type":"page","link":"https:\/\/dev.tg4.ie\/ga\/eolas\/preas\/nuacht-raitis\/2020-2\/le-cheile-tri-chultur-oiche-chultuir-2020-ar-tg4\/","title":{"rendered":"Le Ch\u00e9ile Tr\u00ed Chult\u00far &#8211; O\u00edche Chult\u00fair 2020 ar TG4"},"content":{"rendered":"<p><a href=\"https:\/\/tg4-docs.s3.amazonaws.com\/tg4-redesign-2015\/wp-content\/uploads\/2020\/09\/Cumar_4_ROISIN_SEOIGHE_1920x1080.jpg\"><img loading=\"lazy\" decoding=\"async\" width=\"1920\" height=\"1080\" src=\"https:\/\/tg4-docs.s3.amazonaws.com\/tg4-redesign-2015\/wp-content\/uploads\/2020\/09\/Cumar_4_ROISIN_SEOIGHE_1920x1080.jpg\" alt=\"\" class=\"alignnone size-full wp-image-114319\" srcset=\"https:\/\/tg4-docs.s3.amazonaws.com\/tg4-redesign-2015\/wp-content\/uploads\/2020\/09\/Cumar_4_ROISIN_SEOIGHE_1920x1080.jpg 1920w, https:\/\/tg4-docs.s3.amazonaws.com\/tg4-redesign-2015\/wp-content\/uploads\/2020\/09\/Cumar_4_ROISIN_SEOIGHE_1920x1080-250x141.jpg 250w, https:\/\/tg4-docs.s3.amazonaws.com\/tg4-redesign-2015\/wp-content\/uploads\/2020\/09\/Cumar_4_ROISIN_SEOIGHE_1920x1080-700x394.jpg 700w, https:\/\/tg4-docs.s3.amazonaws.com\/tg4-redesign-2015\/wp-content\/uploads\/2020\/09\/Cumar_4_ROISIN_SEOIGHE_1920x1080-252x141.jpg 252w, https:\/\/tg4-docs.s3.amazonaws.com\/tg4-redesign-2015\/wp-content\/uploads\/2020\/09\/Cumar_4_ROISIN_SEOIGHE_1920x1080-1536x864.jpg 1536w, https:\/\/tg4-docs.s3.amazonaws.com\/tg4-redesign-2015\/wp-content\/uploads\/2020\/09\/Cumar_4_ROISIN_SEOIGHE_1920x1080-120x68.jpg 120w\" sizes=\"(max-width: 1920px) 100vw, 1920px\" \/><\/a><br \/>\n&nbsp;<\/p>\n<p><iframe loading=\"lazy\" width=\"560\" height=\"315\" src=\"https:\/\/www.youtube.com\/embed\/xMlR2ZPJkdI\" frameborder=\"0\" allow=\"accelerometer; autoplay; clipboard-write; encrypted-media; gyroscope; picture-in-picture\" allowfullscreen><\/iframe><br \/>\n&nbsp;<br \/>\n<strong>D\u00e9anfar na heala\u00edona sna pobail Ghaeltachta a cheili\u00faradh ar TG4 O\u00edche Chult\u00fair 2020 i gcomhar le hEala\u00edn na Gaeltachta sa chl\u00e1r &#8216;Tearmann&#8217;. Taispe\u00e1nfar den ch\u00e9ad uair ar an teilif\u00eds an scann\u00e1n \u2018Cumar\u2019, scann\u00e1n a rinne pobal eala\u00edon na Gaillimhe le gean ar an gcathair f\u00e9in. <\/strong><br \/>\n&nbsp;<br \/>\nAg a 8pm ar an O\u00edche Chult\u00fair taispe\u00e1nfar <strong>\u2018Tearmann\u2019<\/strong> cl\u00e1r faisn\u00e9ise g\u00e9arch\u00faiseach ina l\u00e9ir\u00edtear saothair nua agus nu\u00e1lacha \u00f3 eala\u00edont\u00f3ir\u00ed \u00e9ags\u00fala Gaeltachta.  Fiosra\u00edtear sa scann\u00e1n mar at\u00e1 an t\u00edrdhreach, n\u00f3sanna na h\u00e1ite agus go deimhin pobal na Gaeltachta ag dul i bhfeidhm ar ghl\u00fain nua eala\u00edont\u00f3ir\u00ed. P\u00e1irteach sa scann\u00e1n t\u00e1 Cathal Mac Fhionnghaile, Siobh\u00e1n N\u00ed Dhuinn\u00edn, \u00c1ine N\u00ed Chiobh\u00e1in and Johnny \u00d3g Connolly.  Arna l\u00e9iri\u00fa ag Aniar Productions, i gcomhar le hEala\u00edn na Gaeltachta.<br \/>\n&nbsp;<\/p>\n<p>Is scann\u00e1n d\u00e1theangach \u00e9 <strong>\u2018Cumar\u2019<\/strong> ina nd\u00e9antar scr\u00fad\u00fa go f\u00eds\u00fail ar an gceangal at\u00e1 ag eala\u00edont\u00f3ir\u00ed at\u00e1 bunaithe i nGaillimh lena dtimpeallacht agus craolfar sin ag 9:30pm. Fiosra\u00edtear in \u2018Cumar\u2019 an tarraingt at\u00e1 ag eala\u00edont\u00f3ir\u00ed ar Ghaillimh agus an tionchar d\u00e1 r\u00e9ir at\u00e1 aige sin ar chult\u00far na cathrach. Rinneadh an scann\u00e1n\u00fa feadh ceithre sh\u00e9as\u00far agus ann tugtar l\u00e9argas ar an athr\u00fa a thagann ar an gcathair agus ar an gcontae feadh na s\u00e9as\u00far sin.  I measc na n-eala\u00edont\u00f3ir\u00ed at\u00e1 p\u00e1irteach ann t\u00e1 an scr\u00edbhneoir Mike McCormack, an file Rita Ann Higgins, sti\u00farth\u00f3ir Macnas Noeline Kavanagh, an t-amhr\u00e1na\u00ed R\u00f3is\u00edn Seoighe, an t-eala\u00edont\u00f3ir f\u00edsi\u00fail Padraic Reaney, an ceolt\u00f3ir M\u00e1irt\u00edn O&#8217;Connor agus an fear grinn Tommy Tiernan.  Tagann na heala\u00edont\u00f3ir\u00ed le ch\u00e9ile chun l\u00e9argas \u00far, spreag\u00fail agus go minic neamhbhalbh a thabhairt ar shaol an eala\u00edont\u00f3ra i nGaillimh. F\u00e9achann siad ar an gcathair agus fiosra\u00edonn an \u00ed Gaillimh pr\u00edomhchathair an chult\u00fair i nd\u00e1ir\u00edre?  Arna l\u00e9iri\u00fa ag Tua Films. Is scann\u00e1n ilD\u00e1na \u00e9\u2018CUMAR \u2013 A Galway Rhapsody\u2019 arna mhaoini\u00fa ag TG4 agus an Chomhairle Eala\u00edon i gcomhar le hIonad Scann\u00e1n na Gaillimhe.<br \/>\n&nbsp;<\/p>\n<p>Craolfar sraith d\u2019fh\u00edse\u00e1in ghearra chun ceili\u00faradh a dh\u00e9anamh ar eala\u00edont\u00f3ir\u00ed Gaeltachta ar <strong>Molsc\u00e9al<\/strong> ar an l\u00e1ithre\u00e1n gr\u00e9as\u00e1in <a href=\"http:\/\/www.molsceal.ie\/\" rel=\"noopener noreferrer\" target=\"_blank\">www.molsceal.ie<\/a> agus ar na me\u00e1in sh\u00f3isialta.   Cuirfidh eala\u00edont\u00f3ir\u00ed f\u00e1ilte roimh an lucht f\u00e9achana isteach i ndomhan na cruthaitheachta agus tabharfaidh l\u00e9argas ar a gcuid togra\u00ed iontacha. I measc na n-eala\u00edont\u00f3ir\u00ed beidh P\u00f3l \u00d3 Ceannabh\u00e1in, ambasad\u00f3ir d\u2019Eala\u00edn na Gaeltachta don bhliain 2020, amhr\u00e1na\u00ed a bhfuil gradaim bainte aige agus aisteoir a f\u00e1isceadh as teaghlach m\u00f3r sean-n\u00f3is. P\u00e1irteach freisin beidh M\u00e1nus Lunny, a mbuailfimid leis sa sti\u00faideo fuaime i nD\u00fan na nGall, \u00e1it a mb\u00edonn s\u00e9 ag obair le ceolt\u00f3ir\u00ed na h\u00e1ite, Ruair\u00ed \u00d3 Donnabh\u00e1in \u00f3 Oile\u00e1n Chl\u00e9ire. T\u00e1 tri\u00far eala\u00edont\u00f3ir\u00ed mn\u00e1 tagtha le ch\u00e9ile i gConamara, chun &#8216;C\u00fal an T\u00ed&#8217; a bhun\u00fa, sin iad Lelia N\u00ed Chathmhaoil, Aoife Casby agus Andrea Rossi agus leabharlann d\u2019eala\u00edont\u00f3ir\u00ed bunaithe acu a thugann deis d\u2019\u00f3g agus aosta a gcumas cruthaitheach f\u00e9in a fhorbairt agus beidh Deirdre Nic Ghinnea ag obair ar chl\u00f3phreas m\u00f3r agus i mbun eala\u00edne le cabhair \u00f3n meais\u00edn.<br \/>\n&nbsp;<\/p>\n<p>Maidir leis an O\u00edche Chult\u00fair d\u00fairt Ard-Sti\u00farth\u00f3ir TG4 Alan Esslemont, <em>&#8220;T\u00e1 an-r\u00edm\u00e9ad ar TG4 tac\u00fa leis na hEala\u00edona agus iad a cheili\u00faradh mar chuid  d\u2019O\u00edche Chult\u00fair 2020. T\u00e1 go leor den earn\u00e1il chruthaitheach fr\u00e9amhaithe sna heala\u00edona agus cuireann TG4 f\u00e1ilte roimh an deis seo tac\u00fa leis na heala\u00edona at\u00e1 fr\u00e9amhaithe sa teanga. Cuireann tionscadail choimisi\u00fanaithe mar ilD\u00e1na agus Amharc ard\u00e1n ar leith ar f\u00e1il do na hEala\u00edona agus is  seod ar leith an ch\u00e9ad taispe\u00e1ntas ina gcraolfar den ch\u00e9ad uair an scann\u00e1n Cumar a bhfuil duaiseanna buaite aige agus a th\u00e1inig faoin sc\u00e9im ilD\u00e1na.&#8221;<\/em><br \/>\n&nbsp;<\/p>\n<p>Measann Miche\u00e1l \u00d3 Fearraigh, Feidhmeannach Forbartha Eala\u00edon, Eala\u00edn na Gaeltachta, <em>&#8220;Tr\u00ed shaibhreas cult\u00fair agus eala\u00edon na Gaeltachta a cheili\u00faradh tugtar l\u00e9argas br\u00edomhar agus ar leith go n\u00e1isi\u00fanta agus go hidirn\u00e1isi\u00fanta ar shaini\u00falacht na Gaeltachta. Iarraimid ar an bpobal a bheith p\u00e1irteach san eala\u00edon ar ardchaighde\u00e1n seo at\u00e1 eala\u00edont\u00f3ir\u00ed na Gaeltachta a shol\u00e1thar agus a bheith br\u00f3d\u00fail aisti.&#8221;<\/em><br \/>\n&nbsp;<\/p>\n","protected":false},"excerpt":{"rendered":"<p>&nbsp; &nbsp; D\u00e9anfar na heala\u00edona sna pobail Ghaeltachta a cheili\u00faradh ar TG4 O\u00edche Chult\u00fair 2020 i gcomhar le hEala\u00edn na Gaeltachta sa chl\u00e1r &#8216;Tearmann&#8217;. Taispe\u00e1nfar den ch\u00e9ad uair ar an teilif\u00eds an scann\u00e1n \u2018Cumar\u2019, scann\u00e1n a rinne pobal eala\u00edon na Gaillimhe le gean ar an gcathair f\u00e9in. &nbsp; Ag a 8pm ar an O\u00edche Chult\u00fair [&hellip;]<\/p>\n","protected":false},"author":876,"featured_media":0,"parent":111525,"menu_order":39,"comment_status":"closed","ping_status":"closed","template":"page-templates\/template-pr.php","meta":{"_acf_changed":false,"footnotes":""},"acf":[],"yoast_head":"<!-- This site is optimized with the Yoast SEO plugin v22.6 - https:\/\/yoast.com\/wordpress\/plugins\/seo\/ -->\n<title>Le Ch\u00e9ile Tr\u00ed Chult\u00far - O\u00edche Chult\u00fair 2020 ar TG4 | Preas R\u00e1iteas | TG4<\/title>\n<meta name=\"robots\" content=\"index, follow, max-snippet:-1, max-image-preview:large, max-video-preview:-1\" \/>\n<meta property=\"og:locale\" content=\"en_US\" \/>\n<meta property=\"og:type\" content=\"article\" \/>\n<meta property=\"og:title\" content=\"Le Ch\u00e9ile Tr\u00ed Chult\u00far - O\u00edche Chult\u00fair 2020 ar TG4 | Preas R\u00e1iteas | TG4\" \/>\n<meta property=\"og:description\" content=\"&nbsp; &nbsp; D\u00e9anfar na heala\u00edona sna pobail Ghaeltachta a cheili\u00faradh ar TG4 O\u00edche Chult\u00fair 2020 i gcomhar le hEala\u00edn na Gaeltachta sa chl\u00e1r &#8216;Tearmann&#8217;. Taispe\u00e1nfar den ch\u00e9ad uair ar an teilif\u00eds an scann\u00e1n \u2018Cumar\u2019, scann\u00e1n a rinne pobal eala\u00edon na Gaillimhe le gean ar an gcathair f\u00e9in. &nbsp; Ag a 8pm ar an O\u00edche Chult\u00fair [&hellip;]\" \/>\n<meta property=\"og:url\" content=\"https:\/\/dev.tg4.ie\/ga\/eolas\/preas\/nuacht-raitis\/2020-2\/le-cheile-tri-chultur-oiche-chultuir-2020-ar-tg4\/\" \/>\n<meta property=\"og:site_name\" content=\"TG4\" \/>\n<meta property=\"article:publisher\" content=\"https:\/\/www.facebook.com\/TG4TV\" \/>\n<meta property=\"article:modified_time\" content=\"2020-09-15T16:11:51+00:00\" \/>\n<meta property=\"og:image\" content=\"https:\/\/tg4-docs.s3.amazonaws.com\/tg4-redesign-2015\/wp-content\/uploads\/2020\/09\/Cumar_4_ROISIN_SEOIGHE_1920x1080.jpg\" \/>\n\t<meta property=\"og:image:width\" content=\"1920\" \/>\n\t<meta property=\"og:image:height\" content=\"1080\" \/>\n\t<meta property=\"og:image:type\" content=\"image\/jpeg\" \/>\n<meta name=\"twitter:card\" content=\"summary_large_image\" \/>\n<meta name=\"twitter:image\" content=\"https:\/\/tg4-docs.s3.amazonaws.com\/tg4-redesign-2015\/wp-content\/uploads\/2020\/09\/Cumar_4_ROISIN_SEOIGHE_1920x1080.jpg\" \/>\n<meta name=\"twitter:site\" content=\"@TG4TV\" \/>\n<meta name=\"twitter:label1\" content=\"Est. reading time\" \/>\n\t<meta name=\"twitter:data1\" content=\"4 minutes\" \/>\n<script type=\"application\/ld+json\" class=\"yoast-schema-graph\">{\"@context\":\"https:\/\/schema.org\",\"@graph\":[{\"@type\":\"WebPage\",\"@id\":\"https:\/\/dev.tg4.ie\/ga\/eolas\/preas\/nuacht-raitis\/2020-2\/le-cheile-tri-chultur-oiche-chultuir-2020-ar-tg4\/\",\"url\":\"https:\/\/dev.tg4.ie\/ga\/eolas\/preas\/nuacht-raitis\/2020-2\/le-cheile-tri-chultur-oiche-chultuir-2020-ar-tg4\/\",\"name\":\"Le Ch\u00e9ile Tr\u00ed Chult\u00far - O\u00edche Chult\u00fair 2020 ar TG4 | Preas R\u00e1iteas | TG4\",\"isPartOf\":{\"@id\":\"https:\/\/dev.tg4.ie\/en\/#website\"},\"primaryImageOfPage\":{\"@id\":\"https:\/\/dev.tg4.ie\/ga\/eolas\/preas\/nuacht-raitis\/2020-2\/le-cheile-tri-chultur-oiche-chultuir-2020-ar-tg4\/#primaryimage\"},\"image\":{\"@id\":\"https:\/\/dev.tg4.ie\/ga\/eolas\/preas\/nuacht-raitis\/2020-2\/le-cheile-tri-chultur-oiche-chultuir-2020-ar-tg4\/#primaryimage\"},\"thumbnailUrl\":\"https:\/\/dev.tg4.ie\/wp-content\/uploads\/2020\/09\/Cumar_4_ROISIN_SEOIGHE_1920x1080.jpg\",\"datePublished\":\"2020-09-15T16:08:28+00:00\",\"dateModified\":\"2020-09-15T16:11:51+00:00\",\"breadcrumb\":{\"@id\":\"https:\/\/dev.tg4.ie\/ga\/eolas\/preas\/nuacht-raitis\/2020-2\/le-cheile-tri-chultur-oiche-chultuir-2020-ar-tg4\/#breadcrumb\"},\"inLanguage\":\"ga\",\"potentialAction\":[{\"@type\":\"ReadAction\",\"target\":[\"https:\/\/dev.tg4.ie\/ga\/eolas\/preas\/nuacht-raitis\/2020-2\/le-cheile-tri-chultur-oiche-chultuir-2020-ar-tg4\/\"]}]},{\"@type\":\"ImageObject\",\"inLanguage\":\"ga\",\"@id\":\"https:\/\/dev.tg4.ie\/ga\/eolas\/preas\/nuacht-raitis\/2020-2\/le-cheile-tri-chultur-oiche-chultuir-2020-ar-tg4\/#primaryimage\",\"url\":\"https:\/\/dev.tg4.ie\/wp-content\/uploads\/2020\/09\/Cumar_4_ROISIN_SEOIGHE_1920x1080.jpg\",\"contentUrl\":\"https:\/\/dev.tg4.ie\/wp-content\/uploads\/2020\/09\/Cumar_4_ROISIN_SEOIGHE_1920x1080.jpg\"},{\"@type\":\"BreadcrumbList\",\"@id\":\"https:\/\/dev.tg4.ie\/ga\/eolas\/preas\/nuacht-raitis\/2020-2\/le-cheile-tri-chultur-oiche-chultuir-2020-ar-tg4\/#breadcrumb\",\"itemListElement\":[{\"@type\":\"ListItem\",\"position\":1,\"name\":\"Home\",\"item\":\"https:\/\/dev.tg4.ie\/ga\/\"},{\"@type\":\"ListItem\",\"position\":2,\"name\":\"Eolas\",\"item\":\"https:\/\/dev.tg4.ie\/ga\/eolas\/\"},{\"@type\":\"ListItem\",\"position\":3,\"name\":\"Preas\",\"item\":\"https:\/\/dev.tg4.ie\/ga\/eolas\/preas\/\"},{\"@type\":\"ListItem\",\"position\":4,\"name\":\"Nuacht R\u00e1itis\",\"item\":\"https:\/\/dev.tg4.ie\/ga\/eolas\/preas\/nuacht-raitis\/\"},{\"@type\":\"ListItem\",\"position\":5,\"name\":\"2020\",\"item\":\"https:\/\/dev.tg4.ie\/ga\/eolas\/preas\/nuacht-raitis\/2020-2\/\"},{\"@type\":\"ListItem\",\"position\":6,\"name\":\"Le Ch\u00e9ile Tr\u00ed Chult\u00far &#8211; O\u00edche Chult\u00fair 2020 ar TG4\"}]},{\"@type\":\"WebSite\",\"@id\":\"https:\/\/dev.tg4.ie\/en\/#website\",\"url\":\"https:\/\/dev.tg4.ie\/en\/\",\"name\":\"TG4\",\"description\":\"S\u00fail Eile\",\"potentialAction\":[{\"@type\":\"SearchAction\",\"target\":{\"@type\":\"EntryPoint\",\"urlTemplate\":\"https:\/\/dev.tg4.ie\/en\/?s={search_term_string}\"},\"query-input\":\"required name=search_term_string\"}],\"inLanguage\":\"ga\"}]}<\/script>\n<!-- \/ Yoast SEO plugin. -->","yoast_head_json":{"title":"Le Ch\u00e9ile Tr\u00ed Chult\u00far - O\u00edche Chult\u00fair 2020 ar TG4 | Preas R\u00e1iteas | TG4","robots":{"index":"index","follow":"follow","max-snippet":"max-snippet:-1","max-image-preview":"max-image-preview:large","max-video-preview":"max-video-preview:-1"},"og_locale":"en_US","og_type":"article","og_title":"Le Ch\u00e9ile Tr\u00ed Chult\u00far - O\u00edche Chult\u00fair 2020 ar TG4 | Preas R\u00e1iteas | TG4","og_description":"&nbsp; &nbsp; D\u00e9anfar na heala\u00edona sna pobail Ghaeltachta a cheili\u00faradh ar TG4 O\u00edche Chult\u00fair 2020 i gcomhar le hEala\u00edn na Gaeltachta sa chl\u00e1r &#8216;Tearmann&#8217;. Taispe\u00e1nfar den ch\u00e9ad uair ar an teilif\u00eds an scann\u00e1n \u2018Cumar\u2019, scann\u00e1n a rinne pobal eala\u00edon na Gaillimhe le gean ar an gcathair f\u00e9in. &nbsp; Ag a 8pm ar an O\u00edche Chult\u00fair [&hellip;]","og_url":"https:\/\/dev.tg4.ie\/ga\/eolas\/preas\/nuacht-raitis\/2020-2\/le-cheile-tri-chultur-oiche-chultuir-2020-ar-tg4\/","og_site_name":"TG4","article_publisher":"https:\/\/www.facebook.com\/TG4TV","article_modified_time":"2020-09-15T16:11:51+00:00","og_image":[{"width":1920,"height":1080,"url":"https:\/\/tg4-docs.s3.amazonaws.com\/tg4-redesign-2015\/wp-content\/uploads\/2020\/09\/Cumar_4_ROISIN_SEOIGHE_1920x1080.jpg","type":"image\/jpeg"}],"twitter_card":"summary_large_image","twitter_image":"https:\/\/tg4-docs.s3.amazonaws.com\/tg4-redesign-2015\/wp-content\/uploads\/2020\/09\/Cumar_4_ROISIN_SEOIGHE_1920x1080.jpg","twitter_site":"@TG4TV","twitter_misc":{"Est. reading time":"4 minutes"},"schema":{"@context":"https:\/\/schema.org","@graph":[{"@type":"WebPage","@id":"https:\/\/dev.tg4.ie\/ga\/eolas\/preas\/nuacht-raitis\/2020-2\/le-cheile-tri-chultur-oiche-chultuir-2020-ar-tg4\/","url":"https:\/\/dev.tg4.ie\/ga\/eolas\/preas\/nuacht-raitis\/2020-2\/le-cheile-tri-chultur-oiche-chultuir-2020-ar-tg4\/","name":"Le Ch\u00e9ile Tr\u00ed Chult\u00far - O\u00edche Chult\u00fair 2020 ar TG4 | Preas R\u00e1iteas | TG4","isPartOf":{"@id":"https:\/\/dev.tg4.ie\/en\/#website"},"primaryImageOfPage":{"@id":"https:\/\/dev.tg4.ie\/ga\/eolas\/preas\/nuacht-raitis\/2020-2\/le-cheile-tri-chultur-oiche-chultuir-2020-ar-tg4\/#primaryimage"},"image":{"@id":"https:\/\/dev.tg4.ie\/ga\/eolas\/preas\/nuacht-raitis\/2020-2\/le-cheile-tri-chultur-oiche-chultuir-2020-ar-tg4\/#primaryimage"},"thumbnailUrl":"https:\/\/dev.tg4.ie\/wp-content\/uploads\/2020\/09\/Cumar_4_ROISIN_SEOIGHE_1920x1080.jpg","datePublished":"2020-09-15T16:08:28+00:00","dateModified":"2020-09-15T16:11:51+00:00","breadcrumb":{"@id":"https:\/\/dev.tg4.ie\/ga\/eolas\/preas\/nuacht-raitis\/2020-2\/le-cheile-tri-chultur-oiche-chultuir-2020-ar-tg4\/#breadcrumb"},"inLanguage":"ga","potentialAction":[{"@type":"ReadAction","target":["https:\/\/dev.tg4.ie\/ga\/eolas\/preas\/nuacht-raitis\/2020-2\/le-cheile-tri-chultur-oiche-chultuir-2020-ar-tg4\/"]}]},{"@type":"ImageObject","inLanguage":"ga","@id":"https:\/\/dev.tg4.ie\/ga\/eolas\/preas\/nuacht-raitis\/2020-2\/le-cheile-tri-chultur-oiche-chultuir-2020-ar-tg4\/#primaryimage","url":"https:\/\/dev.tg4.ie\/wp-content\/uploads\/2020\/09\/Cumar_4_ROISIN_SEOIGHE_1920x1080.jpg","contentUrl":"https:\/\/dev.tg4.ie\/wp-content\/uploads\/2020\/09\/Cumar_4_ROISIN_SEOIGHE_1920x1080.jpg"},{"@type":"BreadcrumbList","@id":"https:\/\/dev.tg4.ie\/ga\/eolas\/preas\/nuacht-raitis\/2020-2\/le-cheile-tri-chultur-oiche-chultuir-2020-ar-tg4\/#breadcrumb","itemListElement":[{"@type":"ListItem","position":1,"name":"Home","item":"https:\/\/dev.tg4.ie\/ga\/"},{"@type":"ListItem","position":2,"name":"Eolas","item":"https:\/\/dev.tg4.ie\/ga\/eolas\/"},{"@type":"ListItem","position":3,"name":"Preas","item":"https:\/\/dev.tg4.ie\/ga\/eolas\/preas\/"},{"@type":"ListItem","position":4,"name":"Nuacht R\u00e1itis","item":"https:\/\/dev.tg4.ie\/ga\/eolas\/preas\/nuacht-raitis\/"},{"@type":"ListItem","position":5,"name":"2020","item":"https:\/\/dev.tg4.ie\/ga\/eolas\/preas\/nuacht-raitis\/2020-2\/"},{"@type":"ListItem","position":6,"name":"Le Ch\u00e9ile Tr\u00ed Chult\u00far &#8211; O\u00edche Chult\u00fair 2020 ar TG4"}]},{"@type":"WebSite","@id":"https:\/\/dev.tg4.ie\/en\/#website","url":"https:\/\/dev.tg4.ie\/en\/","name":"TG4","description":"S\u00fail Eile","potentialAction":[{"@type":"SearchAction","target":{"@type":"EntryPoint","urlTemplate":"https:\/\/dev.tg4.ie\/en\/?s={search_term_string}"},"query-input":"required name=search_term_string"}],"inLanguage":"ga"}]}},"_links":{"self":[{"href":"https:\/\/dev.tg4.ie\/ga\/wp-json\/wp\/v2\/pages\/114318"}],"collection":[{"href":"https:\/\/dev.tg4.ie\/ga\/wp-json\/wp\/v2\/pages"}],"about":[{"href":"https:\/\/dev.tg4.ie\/ga\/wp-json\/wp\/v2\/types\/page"}],"author":[{"embeddable":true,"href":"https:\/\/dev.tg4.ie\/ga\/wp-json\/wp\/v2\/users\/876"}],"replies":[{"embeddable":true,"href":"https:\/\/dev.tg4.ie\/ga\/wp-json\/wp\/v2\/comments?post=114318"}],"version-history":[{"count":0,"href":"https:\/\/dev.tg4.ie\/ga\/wp-json\/wp\/v2\/pages\/114318\/revisions"}],"up":[{"embeddable":true,"href":"https:\/\/dev.tg4.ie\/ga\/wp-json\/wp\/v2\/pages\/111525"}],"wp:attachment":[{"href":"https:\/\/dev.tg4.ie\/ga\/wp-json\/wp\/v2\/media?parent=114318"}],"curies":[{"name":"wp","href":"https:\/\/api.w.org\/{rel}","templated":true}]}}