{"id":114332,"date":"2020-09-16T10:54:16","date_gmt":"2020-09-16T09:54:16","guid":{"rendered":"https:\/\/dev.tg4.ie\/?page_id=114332"},"modified":"2020-09-16T10:54:16","modified_gmt":"2020-09-16T09:54:16","slug":"peil-na-mban-agus-underdogs-tg4-2021","status":"publish","type":"page","link":"https:\/\/dev.tg4.ie\/ga\/eolas\/preas\/nuacht-raitis\/2020-2\/peil-na-mban-agus-underdogs-tg4-2021\/","title":{"rendered":"Peil na mBan agus Underdogs TG4 2021"},"content":{"rendered":"<p><a href=\"https:\/\/tg4-docs.s3.amazonaws.com\/tg4-redesign-2015\/wp-content\/uploads\/2018\/04\/Underdogs_Logo_M%C3%B3r.jpg\"><img decoding=\"async\" src=\"https:\/\/tg4-docs.s3.amazonaws.com\/tg4-redesign-2015\/wp-content\/uploads\/2018\/04\/Underdogs_Logo_M%C3%B3r.jpg\" alt=\"\" class=\"alignnone size-full wp-image-81698\" \/><\/a><br \/>\n&nbsp;<\/p>\n<p>C\u00e9 gur bliain ar leith \u00ed seo, t\u00e1 <strong>Underdogs<\/strong> TG4 ar ais agus t\u00e1imid sa t\u00f3ir ar fhoireann nua Peilead\u00f3ir\u00ed Mn\u00e1 don bhliain 2021. T\u00e1thar ag t\u00f3ra\u00edocht ar\u00eds agus ag iarraidh teacht ar ghr\u00fapa ban at\u00e1 cumasach, d\u00edocasach agus uaillmhianach go leor le haghaidh a thabhairt ar cheann de na foirne peile Gaela\u00ed is fearr sa t\u00edr. F\u00e1ilteoidh TG4 agus Adare Productions roimh iarratais anois do shraith 2021 de <strong>Underdogs<\/strong>.<br \/>\n&nbsp;<\/p>\n<p>Deir Helen O\u2019Rourke, Pr\u00edomhfheidmeannach Pheil na mBan: <em>\u201cT\u00e1 r\u00edm\u00e9ad ar Chumann Pheil na mBan a bheith rannph\u00e1irteach ar\u00eds sa tsraith Underdogs, sraith a bhfuil an-t\u00f3ir uirthi. T\u00e1imid ag s\u00fail leis na daoine bre\u00e1tha a thiocfaidh chun cinn de bharr na sraith seo a fheice\u00e1il agus is ard\u00e1n den scoth eile \u00e9 chun na s\u00e1rpheilead\u00f3ir\u00ed mn\u00e1 seo a chur os comhair an phobail. Is \u00ed seo an 20\u00fa bliain againn ag obair i gcomhar le TG4.\u201d<\/em><br \/>\n&nbsp;<\/p>\n<p>Deir R\u00f3n\u00e1n \u00d3 Coisdealbha, Ceannaire Sp\u00f3irt TG4:<br \/>\n<em>\u201cT\u00e1 TG4 ag s\u00fail leis an tSraith Teilif\u00edse Underdogs an bhliain seo chugainn agus t\u00e1imid ag s\u00fail go m\u00f3r le bheith ag obair le Cumann Pheil na mBan ag f\u00e9achaint le peilead\u00f3ir\u00ed mn\u00e1 a aimsi\u00fa a bheidh mar chuid d\u2019fhoireann na Underdogs. L\u00e9ir\u00edtear leis an tSraith nua Underdogs do Pheilead\u00f3ir\u00ed Mn\u00e1 go bhfuil tiomantas TG4 do chl\u00fadach a dh\u00e9anamh ar sp\u00f3irt na mban ag dul i m\u00e9id gach bliain\u201d<\/em><br \/>\n&nbsp;<\/p>\n<p>Is \u00e9 seo do sheans dul ag traen\u00e1il in \u00e9ineacht le laochra m\u00f3ra an chluiche agus a bheith faoina sti\u00fair. Is deis \u00e9 d&#8217;imreoir\u00ed nach bhfuil eolas ar bith ag an bpobal orthu aghaidh a thabhairt ar roinnt de na b\u00e1ireoir\u00ed is fearr sa t\u00edr.<br \/>\n&nbsp;<\/p>\n<p>C\u00e9 at\u00e1 \u00e1balta iarratas a dh\u00e9anamh?<\/p>\n<ul>\n<li>N\u00ed f\u00e9idir le daoine a bh\u00ed ag imirt ar phain\u00e9al craoibhe idirchontae i bPeil na mBan ag leibh\u00e9al do dhaoine f\u00e1sta (s\u00f3isir, idirmhe\u00e1nach n\u00f3 sinsir) le c\u00faig bliana anuas cur isteach ar an gcl\u00e1r.<\/li>\n<li>N\u00ed f\u00e9idir le daoine a bhfuil Craobh idirchontae na h\u00c9ireann i bPeil na mBan ag leibh\u00e9al do dhaoine f\u00e1sta (s\u00f3isir, idirmhe\u00e1nach n\u00f3 sinsir) buaite acu cur isteach ar an gcl\u00e1r.<\/li>\n<li>N\u00ed m\u00f3r d&#8217;iarrth\u00f3ir\u00ed a bheith ina mbaill chl\u00e1raithe de Chumann Pheil na mBan (LGFA).<\/li>\n<li>N\u00ed m\u00f3r d&#8217;iarrth\u00f3ir\u00ed a bheith 18 mbliana d&#8217;aois n\u00f3 n\u00edos sine ar an 16\u00fa Me\u00e1n F\u00f3mhair 2020.<\/li>\n<\/ul>\n<p>&nbsp;<br \/>\nBeidh trialacha don tsraith ar si\u00fal i nDeireadh F\u00f3mhair 2020. Ar nd\u00f3igh, d\u00e9anfar an taifeadadh go l\u00e9ir de r\u00e9ir threoirli\u0301nte an Rialtais agus Fheidhmeannacht na Seirbh\u00edse Sl\u00e1inte. Is f\u00e9idir le himreoir\u00ed dul chuig <a href=\"https:\/\/dev.tg4.ie\/underdogs\" rel=\"noopener noreferrer\" target=\"_blank\">www.tg4.ie\/Underdogs<\/a> chun iarratas a dh\u00e9anamh.<br \/>\n&nbsp;<\/p>\n","protected":false},"excerpt":{"rendered":"<p>&nbsp; C\u00e9 gur bliain ar leith \u00ed seo, t\u00e1 Underdogs TG4 ar ais agus t\u00e1imid sa t\u00f3ir ar fhoireann nua Peilead\u00f3ir\u00ed Mn\u00e1 don bhliain 2021. T\u00e1thar ag t\u00f3ra\u00edocht ar\u00eds agus ag iarraidh teacht ar ghr\u00fapa ban at\u00e1 cumasach, d\u00edocasach agus uaillmhianach go leor le haghaidh a thabhairt ar cheann de na foirne peile Gaela\u00ed is [&hellip;]<\/p>\n","protected":false},"author":876,"featured_media":0,"parent":111525,"menu_order":40,"comment_status":"closed","ping_status":"closed","template":"page-templates\/template-pr.php","meta":{"_acf_changed":false,"footnotes":""},"acf":[],"yoast_head":"<!-- This site is optimized with the Yoast SEO plugin v22.6 - https:\/\/yoast.com\/wordpress\/plugins\/seo\/ -->\n<title>Peil na mBan agus Underdogs TG4 2021 | Preas R\u00e1iteas | TG4<\/title>\n<meta name=\"robots\" content=\"index, follow, max-snippet:-1, max-image-preview:large, max-video-preview:-1\" \/>\n<meta property=\"og:locale\" content=\"en_US\" \/>\n<meta property=\"og:type\" content=\"article\" \/>\n<meta property=\"og:title\" content=\"Peil na mBan agus Underdogs TG4 2021 | Preas R\u00e1iteas | TG4\" \/>\n<meta property=\"og:description\" content=\"&nbsp; C\u00e9 gur bliain ar leith \u00ed seo, t\u00e1 Underdogs TG4 ar ais agus t\u00e1imid sa t\u00f3ir ar fhoireann nua Peilead\u00f3ir\u00ed Mn\u00e1 don bhliain 2021. T\u00e1thar ag t\u00f3ra\u00edocht ar\u00eds agus ag iarraidh teacht ar ghr\u00fapa ban at\u00e1 cumasach, d\u00edocasach agus uaillmhianach go leor le haghaidh a thabhairt ar cheann de na foirne peile Gaela\u00ed is [&hellip;]\" \/>\n<meta property=\"og:url\" content=\"https:\/\/dev.tg4.ie\/ga\/eolas\/preas\/nuacht-raitis\/2020-2\/peil-na-mban-agus-underdogs-tg4-2021\/\" \/>\n<meta property=\"og:site_name\" content=\"TG4\" \/>\n<meta property=\"article:publisher\" content=\"https:\/\/www.facebook.com\/TG4TV\" \/>\n<meta property=\"og:image\" content=\"https:\/\/tg4-docs.s3.amazonaws.com\/tg4-redesign-2015\/wp-content\/uploads\/2018\/10\/Underdogs_Logo_M%C3%B3r_dubh.jpg\" \/>\n\t<meta property=\"og:image:width\" content=\"1920\" \/>\n\t<meta property=\"og:image:height\" content=\"1080\" \/>\n\t<meta property=\"og:image:type\" content=\"image\/jpeg\" \/>\n<meta name=\"twitter:card\" content=\"summary_large_image\" \/>\n<meta name=\"twitter:image\" content=\"https:\/\/tg4-docs.s3.amazonaws.com\/tg4-redesign-2015\/wp-content\/uploads\/2018\/10\/Underdogs_Logo_M%C3%B3r_dubh.jpg\" \/>\n<meta name=\"twitter:site\" content=\"@TG4TV\" \/>\n<meta name=\"twitter:label1\" content=\"Est. reading time\" \/>\n\t<meta name=\"twitter:data1\" content=\"2 minutes\" \/>\n<script type=\"application\/ld+json\" class=\"yoast-schema-graph\">{\"@context\":\"https:\/\/schema.org\",\"@graph\":[{\"@type\":\"WebPage\",\"@id\":\"https:\/\/dev.tg4.ie\/ga\/eolas\/preas\/nuacht-raitis\/2020-2\/peil-na-mban-agus-underdogs-tg4-2021\/\",\"url\":\"https:\/\/dev.tg4.ie\/ga\/eolas\/preas\/nuacht-raitis\/2020-2\/peil-na-mban-agus-underdogs-tg4-2021\/\",\"name\":\"Peil na mBan agus Underdogs TG4 2021 | Preas R\u00e1iteas | TG4\",\"isPartOf\":{\"@id\":\"https:\/\/dev.tg4.ie\/en\/#website\"},\"datePublished\":\"2020-09-16T09:54:16+00:00\",\"dateModified\":\"2020-09-16T09:54:16+00:00\",\"breadcrumb\":{\"@id\":\"https:\/\/dev.tg4.ie\/ga\/eolas\/preas\/nuacht-raitis\/2020-2\/peil-na-mban-agus-underdogs-tg4-2021\/#breadcrumb\"},\"inLanguage\":\"ga\",\"potentialAction\":[{\"@type\":\"ReadAction\",\"target\":[\"https:\/\/dev.tg4.ie\/ga\/eolas\/preas\/nuacht-raitis\/2020-2\/peil-na-mban-agus-underdogs-tg4-2021\/\"]}]},{\"@type\":\"BreadcrumbList\",\"@id\":\"https:\/\/dev.tg4.ie\/ga\/eolas\/preas\/nuacht-raitis\/2020-2\/peil-na-mban-agus-underdogs-tg4-2021\/#breadcrumb\",\"itemListElement\":[{\"@type\":\"ListItem\",\"position\":1,\"name\":\"Home\",\"item\":\"https:\/\/dev.tg4.ie\/ga\/\"},{\"@type\":\"ListItem\",\"position\":2,\"name\":\"Eolas\",\"item\":\"https:\/\/dev.tg4.ie\/ga\/eolas\/\"},{\"@type\":\"ListItem\",\"position\":3,\"name\":\"Preas\",\"item\":\"https:\/\/dev.tg4.ie\/ga\/eolas\/preas\/\"},{\"@type\":\"ListItem\",\"position\":4,\"name\":\"Nuacht R\u00e1itis\",\"item\":\"https:\/\/dev.tg4.ie\/ga\/eolas\/preas\/nuacht-raitis\/\"},{\"@type\":\"ListItem\",\"position\":5,\"name\":\"2020\",\"item\":\"https:\/\/dev.tg4.ie\/ga\/eolas\/preas\/nuacht-raitis\/2020-2\/\"},{\"@type\":\"ListItem\",\"position\":6,\"name\":\"Peil na mBan agus Underdogs TG4 2021\"}]},{\"@type\":\"WebSite\",\"@id\":\"https:\/\/dev.tg4.ie\/en\/#website\",\"url\":\"https:\/\/dev.tg4.ie\/en\/\",\"name\":\"TG4\",\"description\":\"S\u00fail Eile\",\"potentialAction\":[{\"@type\":\"SearchAction\",\"target\":{\"@type\":\"EntryPoint\",\"urlTemplate\":\"https:\/\/dev.tg4.ie\/en\/?s={search_term_string}\"},\"query-input\":\"required name=search_term_string\"}],\"inLanguage\":\"ga\"}]}<\/script>\n<!-- \/ Yoast SEO plugin. -->","yoast_head_json":{"title":"Peil na mBan agus Underdogs TG4 2021 | Preas R\u00e1iteas | TG4","robots":{"index":"index","follow":"follow","max-snippet":"max-snippet:-1","max-image-preview":"max-image-preview:large","max-video-preview":"max-video-preview:-1"},"og_locale":"en_US","og_type":"article","og_title":"Peil na mBan agus Underdogs TG4 2021 | Preas R\u00e1iteas | TG4","og_description":"&nbsp; C\u00e9 gur bliain ar leith \u00ed seo, t\u00e1 Underdogs TG4 ar ais agus t\u00e1imid sa t\u00f3ir ar fhoireann nua Peilead\u00f3ir\u00ed Mn\u00e1 don bhliain 2021. T\u00e1thar ag t\u00f3ra\u00edocht ar\u00eds agus ag iarraidh teacht ar ghr\u00fapa ban at\u00e1 cumasach, d\u00edocasach agus uaillmhianach go leor le haghaidh a thabhairt ar cheann de na foirne peile Gaela\u00ed is [&hellip;]","og_url":"https:\/\/dev.tg4.ie\/ga\/eolas\/preas\/nuacht-raitis\/2020-2\/peil-na-mban-agus-underdogs-tg4-2021\/","og_site_name":"TG4","article_publisher":"https:\/\/www.facebook.com\/TG4TV","og_image":[{"width":1920,"height":1080,"url":"https:\/\/tg4-docs.s3.amazonaws.com\/tg4-redesign-2015\/wp-content\/uploads\/2018\/10\/Underdogs_Logo_M%C3%B3r_dubh.jpg","type":"image\/jpeg"}],"twitter_card":"summary_large_image","twitter_image":"https:\/\/tg4-docs.s3.amazonaws.com\/tg4-redesign-2015\/wp-content\/uploads\/2018\/10\/Underdogs_Logo_M%C3%B3r_dubh.jpg","twitter_site":"@TG4TV","twitter_misc":{"Est. reading time":"2 minutes"},"schema":{"@context":"https:\/\/schema.org","@graph":[{"@type":"WebPage","@id":"https:\/\/dev.tg4.ie\/ga\/eolas\/preas\/nuacht-raitis\/2020-2\/peil-na-mban-agus-underdogs-tg4-2021\/","url":"https:\/\/dev.tg4.ie\/ga\/eolas\/preas\/nuacht-raitis\/2020-2\/peil-na-mban-agus-underdogs-tg4-2021\/","name":"Peil na mBan agus Underdogs TG4 2021 | Preas R\u00e1iteas | TG4","isPartOf":{"@id":"https:\/\/dev.tg4.ie\/en\/#website"},"datePublished":"2020-09-16T09:54:16+00:00","dateModified":"2020-09-16T09:54:16+00:00","breadcrumb":{"@id":"https:\/\/dev.tg4.ie\/ga\/eolas\/preas\/nuacht-raitis\/2020-2\/peil-na-mban-agus-underdogs-tg4-2021\/#breadcrumb"},"inLanguage":"ga","potentialAction":[{"@type":"ReadAction","target":["https:\/\/dev.tg4.ie\/ga\/eolas\/preas\/nuacht-raitis\/2020-2\/peil-na-mban-agus-underdogs-tg4-2021\/"]}]},{"@type":"BreadcrumbList","@id":"https:\/\/dev.tg4.ie\/ga\/eolas\/preas\/nuacht-raitis\/2020-2\/peil-na-mban-agus-underdogs-tg4-2021\/#breadcrumb","itemListElement":[{"@type":"ListItem","position":1,"name":"Home","item":"https:\/\/dev.tg4.ie\/ga\/"},{"@type":"ListItem","position":2,"name":"Eolas","item":"https:\/\/dev.tg4.ie\/ga\/eolas\/"},{"@type":"ListItem","position":3,"name":"Preas","item":"https:\/\/dev.tg4.ie\/ga\/eolas\/preas\/"},{"@type":"ListItem","position":4,"name":"Nuacht R\u00e1itis","item":"https:\/\/dev.tg4.ie\/ga\/eolas\/preas\/nuacht-raitis\/"},{"@type":"ListItem","position":5,"name":"2020","item":"https:\/\/dev.tg4.ie\/ga\/eolas\/preas\/nuacht-raitis\/2020-2\/"},{"@type":"ListItem","position":6,"name":"Peil na mBan agus Underdogs TG4 2021"}]},{"@type":"WebSite","@id":"https:\/\/dev.tg4.ie\/en\/#website","url":"https:\/\/dev.tg4.ie\/en\/","name":"TG4","description":"S\u00fail Eile","potentialAction":[{"@type":"SearchAction","target":{"@type":"EntryPoint","urlTemplate":"https:\/\/dev.tg4.ie\/en\/?s={search_term_string}"},"query-input":"required name=search_term_string"}],"inLanguage":"ga"}]}},"_links":{"self":[{"href":"https:\/\/dev.tg4.ie\/ga\/wp-json\/wp\/v2\/pages\/114332"}],"collection":[{"href":"https:\/\/dev.tg4.ie\/ga\/wp-json\/wp\/v2\/pages"}],"about":[{"href":"https:\/\/dev.tg4.ie\/ga\/wp-json\/wp\/v2\/types\/page"}],"author":[{"embeddable":true,"href":"https:\/\/dev.tg4.ie\/ga\/wp-json\/wp\/v2\/users\/876"}],"replies":[{"embeddable":true,"href":"https:\/\/dev.tg4.ie\/ga\/wp-json\/wp\/v2\/comments?post=114332"}],"version-history":[{"count":0,"href":"https:\/\/dev.tg4.ie\/ga\/wp-json\/wp\/v2\/pages\/114332\/revisions"}],"up":[{"embeddable":true,"href":"https:\/\/dev.tg4.ie\/ga\/wp-json\/wp\/v2\/pages\/111525"}],"wp:attachment":[{"href":"https:\/\/dev.tg4.ie\/ga\/wp-json\/wp\/v2\/media?parent=114332"}],"curies":[{"name":"wp","href":"https:\/\/api.w.org\/{rel}","templated":true}]}}