{"id":114442,"date":"2020-09-28T13:32:51","date_gmt":"2020-09-28T12:32:51","guid":{"rendered":"https:\/\/dev.tg4.ie\/?page_id=114442"},"modified":"2020-09-28T13:40:34","modified_gmt":"2020-09-28T12:40:34","slug":"cork-folk-festival-ar-tg4","status":"publish","type":"page","link":"https:\/\/dev.tg4.ie\/ga\/eolas\/preas\/nuacht-raitis\/2020-2\/cork-folk-festival-ar-tg4\/","title":{"rendered":"Cork Folk Festival ar TG4"},"content":{"rendered":"<p>YouTube <a href=\"https:\/\/youtu.be\/Jt0eASul0bM\" rel=\"noopener noreferrer\" target=\"_blank\">https:\/\/youtu.be\/Jt0eASul0bM<\/a><br \/>\n&nbsp;<br \/>\n<a href=\"https:\/\/tg4-docs.s3.amazonaws.com\/tg4-redesign-2015\/wp-content\/uploads\/2020\/09\/CorkFolkFestival_Doireann_1_1920x1080.jpg\"><img loading=\"lazy\" decoding=\"async\" width=\"1920\" height=\"1080\" src=\"https:\/\/tg4-docs.s3.amazonaws.com\/tg4-redesign-2015\/wp-content\/uploads\/2020\/09\/CorkFolkFestival_Doireann_1_1920x1080.jpg\" alt=\"\" class=\"alignnone size-full wp-image-114443\" srcset=\"https:\/\/tg4-docs.s3.amazonaws.com\/tg4-redesign-2015\/wp-content\/uploads\/2020\/09\/CorkFolkFestival_Doireann_1_1920x1080.jpg 1920w, https:\/\/tg4-docs.s3.amazonaws.com\/tg4-redesign-2015\/wp-content\/uploads\/2020\/09\/CorkFolkFestival_Doireann_1_1920x1080-250x141.jpg 250w, https:\/\/tg4-docs.s3.amazonaws.com\/tg4-redesign-2015\/wp-content\/uploads\/2020\/09\/CorkFolkFestival_Doireann_1_1920x1080-700x394.jpg 700w, https:\/\/tg4-docs.s3.amazonaws.com\/tg4-redesign-2015\/wp-content\/uploads\/2020\/09\/CorkFolkFestival_Doireann_1_1920x1080-252x141.jpg 252w, https:\/\/tg4-docs.s3.amazonaws.com\/tg4-redesign-2015\/wp-content\/uploads\/2020\/09\/CorkFolkFestival_Doireann_1_1920x1080-1536x864.jpg 1536w, https:\/\/tg4-docs.s3.amazonaws.com\/tg4-redesign-2015\/wp-content\/uploads\/2020\/09\/CorkFolkFestival_Doireann_1_1920x1080-120x68.jpg 120w\" sizes=\"(max-width: 1920px) 100vw, 1920px\" \/><\/a><br \/>\n&nbsp;<br \/>\nTugann an <strong>Cork Folk Festival<\/strong> an nua agus an sean le ch\u00e9ile i measc\u00e1n bre\u00e1 ceoil ag tos\u00fa <strong>D\u00e9 Domhnaigh an 4 Deireadh F\u00f3mhair ag 9.30pm ar TG4<\/strong>.<\/p>\n<p>D\u00e9anfar ceolchoirmeacha a <strong>shruth\u00fa beo<\/strong> ar an <strong>2 &#038; 3 Deireadh F\u00f3mhair<\/strong> ar <strong>ard\u00e1in sh\u00f3isialta TG4<\/strong>.<\/p>\n<p>F\u00e9asta f\u00edsi\u00fail agus instinni\u00fail a bheidh ann do lucht sp\u00e9ise an cheoil thraidisi\u00fanta agus an cheoil t\u00edre nuair a chuirfear an chuid is fearr d&#8217;fh\u00e9ile bhliant\u00fail an Cork Folk Festival ar f\u00e1il ar \u00e1r sc\u00e1ile\u00e1in i sraith nua s\u00e9 chl\u00e1r a taifeadadh i roinnt de na hionaid is fearr aithne i gCorcaigh le linn Cork Folk Festival 2019. <\/p>\n<p>Is iad Aniar TV a l\u00e9irigh \u2018Cork Folk Festival\u2019, sraith s\u00e9 chl\u00e1r a thugann l\u00e9argas ar dhl\u00faithe agus ar neasacht an cheoil thraidisi\u00fanta agus an cheoil t\u00edre ina gcuid foirmeacha go l\u00e9ir. Is \u00ed Doireann N\u00ed Ghlac\u00e1in a chuirfidh an cl\u00e1r i l\u00e1thair.<\/p>\n<p>Beidh an 41\u00fa Cork Folk Festival ar si\u00fal \u00f3n 1 \u2013 4 Deireadh F\u00f3mhair 2020. T\u00e1 ceann de ghr\u00fapa\u00ed ceoil thraidisi\u00fanta is ionta\u00ed na h\u00c9ireann, The Bonny Men, scr\u00edbhneoir amhr\u00e1n m\u00f3r le r\u00e1 Chorca\u00ed, John Spillane, a bheidh ag casadh in \u00e9ineacht leis an amhr\u00e1na\u00ed as Daingean U\u00ed Ch\u00fais Pauline Scanlon, i measc na ndaoine bre\u00e1tha a fuair cuireadh a bheith p\u00e1irteach sna ceolchoirmeacha f\u00edor\u00fala aon uaire seo \u2014 a bheidh ar si\u00fal gan aon lucht f\u00e9achana \u2014 ar an 2 agus 3 Deireadh F\u00f3mhair. D\u00e9anfar iad a shruth\u00fa beo ar leathanach Facebook TG4, ar leathanach Facebook Cork Folk Festival chomh maith le cain\u00e9al YouTube TG4 Trad. <\/p>\n<p>Is bunaithe ar an taibhl\u00e9iri\u00fa den chuid is m\u00f3 at\u00e1 an tsraith cheoil seo agus tabharfaidh Doireann N\u00ed Ghlac\u00e1in &#8211; ar fidl\u00e9ir agus amhr\u00e1na\u00ed m\u00f3r le r\u00e1 \u00ed f\u00e9in a f\u00e1isceadh as traidisi\u00fan an cheoil a bhain le dh\u00e1 theaghlach ceoil m\u00f3r le r\u00e1, muintir U\u00ed Riada agus muintir U\u00ed Ghlac\u00e1in &#8211; neart eolais d\u00fainn le linn di a bheith ag cur an chl\u00e1ir i l\u00e1thair agus is deas go bhfuil seantaith\u00ed ag daoine uirthi faoin tr\u00e1th seo. <\/p>\n<p>D\u00e9anfar agallaimh dh\u00e1theangacha leis na ceolt\u00f3ir\u00ed &#8211; i roinnt \u00e1iteanna iontacha ar leith &#8211; agus nochtar leis an tsraith seo an paisean neamhchoitianta at\u00e1 de dh\u00edth i nd\u00e1il le cro\u00edl\u00e1r chult\u00far na h\u00c9ireann.  <\/p>\n<p>Roinnfidh lucht an cheoil thraidisi\u00fanta agus an cheoil t\u00edre chomh maith le ceolt\u00f3ir\u00ed bre\u00e1tha eile at\u00e1 ag teacht chun cinn an st\u00e1itse sa tsraith seo. Beidh measc\u00e1n bre\u00e1 ceoil, idir cheol comhaimseartha agus cheol traidisi\u00fanta le cloiste\u00e1il sa tsraith \u00f3 ghabh\u00e1il fhoinn agus \u00f3 cheol as cuimse leith\u00e9id\u00ed mh\u00f3ruaisle mar Iarla \u00d3 Lion\u00e1ird agus Steve Cooney, D\u00f3nal Lunny &#038; Zoe Conway go r\u00e9alta cheol t\u00edre Shasana Eliza Carthy, agus r\u00e9alta\u00ed \u00c9ireannacha mar an draoi ar an ngiot\u00e1r Shane Hennessy agus Ye Vagabonds. <\/p>\n<p><em>&#8220;T\u00e1 r\u00edm\u00e9ad orainn a bheith ag obair leis an Cork Festival chun cuid de cheolt\u00f3ir\u00ed an cheoil t\u00edre agus an cheoil thraidisi\u00fanta is fearr sa t\u00edr a chur i l\u00e1thair chomh maith le ceolt\u00f3ir\u00ed nua at\u00e1 ag teacht chun cinn,&#8221;<\/em> Niamh N\u00ed Bhaoill, Sti\u00farth\u00f3ir Cruthaitheach Aniar TV. <em>&#8220;Is m\u00f3 ard\u00fa meanman agus cro\u00ed at\u00e1 ag teast\u00e1il na laethanta seo uainn n\u00e1 mar a bh\u00ed riamh agus, go deimhin, t\u00e1 s\u00e9 sin le brath go tr\u00e9an sna taibhl\u00e9irithe ag an Cork Music Festival.&#8221;<\/em><\/p>\n<p>Beidh \u2018Cork Folk Festival\u2019, a sti\u00fair Maurice Linnane agus a l\u00e9irigh Ciar\u00e1n \u00d3 Maonaigh, ag tos\u00fa ar TG4 an 4 Deireadh F\u00f3mhair ag 9.30pm.<br \/>\n&nbsp;<\/p>\n<p><a href=\"https:\/\/twitter.com\/tg4tv?lang=en\" rel=\"noopener noreferrer\" target=\"_blank\">@TG4TV<\/a> <a href=\"https:\/\/twitter.com\/search?q=%23CorkFolkFestival&#038;src=typed_query\" rel=\"noopener noreferrer\" target=\"_blank\">#CorkFolkFestival<\/a><\/p>\n<p>&nbsp;<\/p>\n","protected":false},"excerpt":{"rendered":"<p>YouTube https:\/\/youtu.be\/Jt0eASul0bM &nbsp; &nbsp; Tugann an Cork Folk Festival an nua agus an sean le ch\u00e9ile i measc\u00e1n bre\u00e1 ceoil ag tos\u00fa D\u00e9 Domhnaigh an 4 Deireadh F\u00f3mhair ag 9.30pm ar TG4. D\u00e9anfar ceolchoirmeacha a shruth\u00fa beo ar an 2 &#038; 3 Deireadh F\u00f3mhair ar ard\u00e1in sh\u00f3isialta TG4. F\u00e9asta f\u00edsi\u00fail agus instinni\u00fail a bheidh ann [&hellip;]<\/p>\n","protected":false},"author":876,"featured_media":0,"parent":111525,"menu_order":41,"comment_status":"closed","ping_status":"closed","template":"page-templates\/template-pr.php","meta":{"_acf_changed":false,"footnotes":""},"acf":[],"yoast_head":"<!-- This site is optimized with the Yoast SEO plugin v22.6 - https:\/\/yoast.com\/wordpress\/plugins\/seo\/ -->\n<title>Cork Folk Festival ar TG4 | Preas R\u00e1iteas | TG4<\/title>\n<meta name=\"robots\" content=\"index, follow, max-snippet:-1, max-image-preview:large, max-video-preview:-1\" \/>\n<meta property=\"og:locale\" content=\"en_US\" \/>\n<meta property=\"og:type\" content=\"article\" \/>\n<meta property=\"og:title\" content=\"Cork Folk Festival ar TG4 | Preas R\u00e1iteas | TG4\" \/>\n<meta property=\"og:description\" content=\"YouTube https:\/\/youtu.be\/Jt0eASul0bM &nbsp; &nbsp; Tugann an Cork Folk Festival an nua agus an sean le ch\u00e9ile i measc\u00e1n bre\u00e1 ceoil ag tos\u00fa D\u00e9 Domhnaigh an 4 Deireadh F\u00f3mhair ag 9.30pm ar TG4. D\u00e9anfar ceolchoirmeacha a shruth\u00fa beo ar an 2 &#038; 3 Deireadh F\u00f3mhair ar ard\u00e1in sh\u00f3isialta TG4. F\u00e9asta f\u00edsi\u00fail agus instinni\u00fail a bheidh ann [&hellip;]\" \/>\n<meta property=\"og:url\" content=\"https:\/\/dev.tg4.ie\/ga\/eolas\/preas\/nuacht-raitis\/2020-2\/cork-folk-festival-ar-tg4\/\" \/>\n<meta property=\"og:site_name\" content=\"TG4\" \/>\n<meta property=\"article:publisher\" content=\"https:\/\/www.facebook.com\/TG4TV\" \/>\n<meta property=\"article:modified_time\" content=\"2020-09-28T12:40:34+00:00\" \/>\n<meta property=\"og:image\" content=\"https:\/\/tg4-docs.s3.amazonaws.com\/tg4-redesign-2015\/wp-content\/uploads\/2020\/09\/CorkFolkFestival_Doireann_1_1920x1080.jpg\" \/>\n\t<meta property=\"og:image:width\" content=\"1920\" \/>\n\t<meta property=\"og:image:height\" content=\"1080\" \/>\n\t<meta property=\"og:image:type\" content=\"image\/jpeg\" \/>\n<meta name=\"twitter:card\" content=\"summary_large_image\" \/>\n<meta name=\"twitter:image\" content=\"https:\/\/tg4-docs.s3.amazonaws.com\/tg4-redesign-2015\/wp-content\/uploads\/2020\/09\/CorkFolkFestival_Doireann_1_1920x1080.jpg\" \/>\n<meta name=\"twitter:site\" content=\"@TG4TV\" \/>\n<meta name=\"twitter:label1\" content=\"Est. reading time\" \/>\n\t<meta name=\"twitter:data1\" content=\"3 minutes\" \/>\n<script type=\"application\/ld+json\" class=\"yoast-schema-graph\">{\"@context\":\"https:\/\/schema.org\",\"@graph\":[{\"@type\":\"WebPage\",\"@id\":\"https:\/\/dev.tg4.ie\/ga\/eolas\/preas\/nuacht-raitis\/2020-2\/cork-folk-festival-ar-tg4\/\",\"url\":\"https:\/\/dev.tg4.ie\/ga\/eolas\/preas\/nuacht-raitis\/2020-2\/cork-folk-festival-ar-tg4\/\",\"name\":\"Cork Folk Festival ar TG4 | Preas R\u00e1iteas | TG4\",\"isPartOf\":{\"@id\":\"https:\/\/dev.tg4.ie\/en\/#website\"},\"primaryImageOfPage\":{\"@id\":\"https:\/\/dev.tg4.ie\/ga\/eolas\/preas\/nuacht-raitis\/2020-2\/cork-folk-festival-ar-tg4\/#primaryimage\"},\"image\":{\"@id\":\"https:\/\/dev.tg4.ie\/ga\/eolas\/preas\/nuacht-raitis\/2020-2\/cork-folk-festival-ar-tg4\/#primaryimage\"},\"thumbnailUrl\":\"https:\/\/dev.tg4.ie\/wp-content\/uploads\/2020\/09\/CorkFolkFestival_Doireann_1_1920x1080.jpg\",\"datePublished\":\"2020-09-28T12:32:51+00:00\",\"dateModified\":\"2020-09-28T12:40:34+00:00\",\"breadcrumb\":{\"@id\":\"https:\/\/dev.tg4.ie\/ga\/eolas\/preas\/nuacht-raitis\/2020-2\/cork-folk-festival-ar-tg4\/#breadcrumb\"},\"inLanguage\":\"ga\",\"potentialAction\":[{\"@type\":\"ReadAction\",\"target\":[\"https:\/\/dev.tg4.ie\/ga\/eolas\/preas\/nuacht-raitis\/2020-2\/cork-folk-festival-ar-tg4\/\"]}]},{\"@type\":\"ImageObject\",\"inLanguage\":\"ga\",\"@id\":\"https:\/\/dev.tg4.ie\/ga\/eolas\/preas\/nuacht-raitis\/2020-2\/cork-folk-festival-ar-tg4\/#primaryimage\",\"url\":\"https:\/\/dev.tg4.ie\/wp-content\/uploads\/2020\/09\/CorkFolkFestival_Doireann_1_1920x1080.jpg\",\"contentUrl\":\"https:\/\/dev.tg4.ie\/wp-content\/uploads\/2020\/09\/CorkFolkFestival_Doireann_1_1920x1080.jpg\"},{\"@type\":\"BreadcrumbList\",\"@id\":\"https:\/\/dev.tg4.ie\/ga\/eolas\/preas\/nuacht-raitis\/2020-2\/cork-folk-festival-ar-tg4\/#breadcrumb\",\"itemListElement\":[{\"@type\":\"ListItem\",\"position\":1,\"name\":\"Home\",\"item\":\"https:\/\/dev.tg4.ie\/ga\/\"},{\"@type\":\"ListItem\",\"position\":2,\"name\":\"Eolas\",\"item\":\"https:\/\/dev.tg4.ie\/ga\/eolas\/\"},{\"@type\":\"ListItem\",\"position\":3,\"name\":\"Preas\",\"item\":\"https:\/\/dev.tg4.ie\/ga\/eolas\/preas\/\"},{\"@type\":\"ListItem\",\"position\":4,\"name\":\"Nuacht R\u00e1itis\",\"item\":\"https:\/\/dev.tg4.ie\/ga\/eolas\/preas\/nuacht-raitis\/\"},{\"@type\":\"ListItem\",\"position\":5,\"name\":\"2020\",\"item\":\"https:\/\/dev.tg4.ie\/ga\/eolas\/preas\/nuacht-raitis\/2020-2\/\"},{\"@type\":\"ListItem\",\"position\":6,\"name\":\"Cork Folk Festival ar TG4\"}]},{\"@type\":\"WebSite\",\"@id\":\"https:\/\/dev.tg4.ie\/en\/#website\",\"url\":\"https:\/\/dev.tg4.ie\/en\/\",\"name\":\"TG4\",\"description\":\"S\u00fail Eile\",\"potentialAction\":[{\"@type\":\"SearchAction\",\"target\":{\"@type\":\"EntryPoint\",\"urlTemplate\":\"https:\/\/dev.tg4.ie\/en\/?s={search_term_string}\"},\"query-input\":\"required name=search_term_string\"}],\"inLanguage\":\"ga\"}]}<\/script>\n<!-- \/ Yoast SEO plugin. -->","yoast_head_json":{"title":"Cork Folk Festival ar TG4 | Preas R\u00e1iteas | TG4","robots":{"index":"index","follow":"follow","max-snippet":"max-snippet:-1","max-image-preview":"max-image-preview:large","max-video-preview":"max-video-preview:-1"},"og_locale":"en_US","og_type":"article","og_title":"Cork Folk Festival ar TG4 | Preas R\u00e1iteas | TG4","og_description":"YouTube https:\/\/youtu.be\/Jt0eASul0bM &nbsp; &nbsp; Tugann an Cork Folk Festival an nua agus an sean le ch\u00e9ile i measc\u00e1n bre\u00e1 ceoil ag tos\u00fa D\u00e9 Domhnaigh an 4 Deireadh F\u00f3mhair ag 9.30pm ar TG4. D\u00e9anfar ceolchoirmeacha a shruth\u00fa beo ar an 2 &#038; 3 Deireadh F\u00f3mhair ar ard\u00e1in sh\u00f3isialta TG4. F\u00e9asta f\u00edsi\u00fail agus instinni\u00fail a bheidh ann [&hellip;]","og_url":"https:\/\/dev.tg4.ie\/ga\/eolas\/preas\/nuacht-raitis\/2020-2\/cork-folk-festival-ar-tg4\/","og_site_name":"TG4","article_publisher":"https:\/\/www.facebook.com\/TG4TV","article_modified_time":"2020-09-28T12:40:34+00:00","og_image":[{"width":1920,"height":1080,"url":"https:\/\/tg4-docs.s3.amazonaws.com\/tg4-redesign-2015\/wp-content\/uploads\/2020\/09\/CorkFolkFestival_Doireann_1_1920x1080.jpg","type":"image\/jpeg"}],"twitter_card":"summary_large_image","twitter_image":"https:\/\/tg4-docs.s3.amazonaws.com\/tg4-redesign-2015\/wp-content\/uploads\/2020\/09\/CorkFolkFestival_Doireann_1_1920x1080.jpg","twitter_site":"@TG4TV","twitter_misc":{"Est. reading time":"3 minutes"},"schema":{"@context":"https:\/\/schema.org","@graph":[{"@type":"WebPage","@id":"https:\/\/dev.tg4.ie\/ga\/eolas\/preas\/nuacht-raitis\/2020-2\/cork-folk-festival-ar-tg4\/","url":"https:\/\/dev.tg4.ie\/ga\/eolas\/preas\/nuacht-raitis\/2020-2\/cork-folk-festival-ar-tg4\/","name":"Cork Folk Festival ar TG4 | Preas R\u00e1iteas | TG4","isPartOf":{"@id":"https:\/\/dev.tg4.ie\/en\/#website"},"primaryImageOfPage":{"@id":"https:\/\/dev.tg4.ie\/ga\/eolas\/preas\/nuacht-raitis\/2020-2\/cork-folk-festival-ar-tg4\/#primaryimage"},"image":{"@id":"https:\/\/dev.tg4.ie\/ga\/eolas\/preas\/nuacht-raitis\/2020-2\/cork-folk-festival-ar-tg4\/#primaryimage"},"thumbnailUrl":"https:\/\/dev.tg4.ie\/wp-content\/uploads\/2020\/09\/CorkFolkFestival_Doireann_1_1920x1080.jpg","datePublished":"2020-09-28T12:32:51+00:00","dateModified":"2020-09-28T12:40:34+00:00","breadcrumb":{"@id":"https:\/\/dev.tg4.ie\/ga\/eolas\/preas\/nuacht-raitis\/2020-2\/cork-folk-festival-ar-tg4\/#breadcrumb"},"inLanguage":"ga","potentialAction":[{"@type":"ReadAction","target":["https:\/\/dev.tg4.ie\/ga\/eolas\/preas\/nuacht-raitis\/2020-2\/cork-folk-festival-ar-tg4\/"]}]},{"@type":"ImageObject","inLanguage":"ga","@id":"https:\/\/dev.tg4.ie\/ga\/eolas\/preas\/nuacht-raitis\/2020-2\/cork-folk-festival-ar-tg4\/#primaryimage","url":"https:\/\/dev.tg4.ie\/wp-content\/uploads\/2020\/09\/CorkFolkFestival_Doireann_1_1920x1080.jpg","contentUrl":"https:\/\/dev.tg4.ie\/wp-content\/uploads\/2020\/09\/CorkFolkFestival_Doireann_1_1920x1080.jpg"},{"@type":"BreadcrumbList","@id":"https:\/\/dev.tg4.ie\/ga\/eolas\/preas\/nuacht-raitis\/2020-2\/cork-folk-festival-ar-tg4\/#breadcrumb","itemListElement":[{"@type":"ListItem","position":1,"name":"Home","item":"https:\/\/dev.tg4.ie\/ga\/"},{"@type":"ListItem","position":2,"name":"Eolas","item":"https:\/\/dev.tg4.ie\/ga\/eolas\/"},{"@type":"ListItem","position":3,"name":"Preas","item":"https:\/\/dev.tg4.ie\/ga\/eolas\/preas\/"},{"@type":"ListItem","position":4,"name":"Nuacht R\u00e1itis","item":"https:\/\/dev.tg4.ie\/ga\/eolas\/preas\/nuacht-raitis\/"},{"@type":"ListItem","position":5,"name":"2020","item":"https:\/\/dev.tg4.ie\/ga\/eolas\/preas\/nuacht-raitis\/2020-2\/"},{"@type":"ListItem","position":6,"name":"Cork Folk Festival ar TG4"}]},{"@type":"WebSite","@id":"https:\/\/dev.tg4.ie\/en\/#website","url":"https:\/\/dev.tg4.ie\/en\/","name":"TG4","description":"S\u00fail Eile","potentialAction":[{"@type":"SearchAction","target":{"@type":"EntryPoint","urlTemplate":"https:\/\/dev.tg4.ie\/en\/?s={search_term_string}"},"query-input":"required name=search_term_string"}],"inLanguage":"ga"}]}},"_links":{"self":[{"href":"https:\/\/dev.tg4.ie\/ga\/wp-json\/wp\/v2\/pages\/114442"}],"collection":[{"href":"https:\/\/dev.tg4.ie\/ga\/wp-json\/wp\/v2\/pages"}],"about":[{"href":"https:\/\/dev.tg4.ie\/ga\/wp-json\/wp\/v2\/types\/page"}],"author":[{"embeddable":true,"href":"https:\/\/dev.tg4.ie\/ga\/wp-json\/wp\/v2\/users\/876"}],"replies":[{"embeddable":true,"href":"https:\/\/dev.tg4.ie\/ga\/wp-json\/wp\/v2\/comments?post=114442"}],"version-history":[{"count":0,"href":"https:\/\/dev.tg4.ie\/ga\/wp-json\/wp\/v2\/pages\/114442\/revisions"}],"up":[{"embeddable":true,"href":"https:\/\/dev.tg4.ie\/ga\/wp-json\/wp\/v2\/pages\/111525"}],"wp:attachment":[{"href":"https:\/\/dev.tg4.ie\/ga\/wp-json\/wp\/v2\/media?parent=114442"}],"curies":[{"name":"wp","href":"https:\/\/api.w.org\/{rel}","templated":true}]}}