{"id":114468,"date":"2020-09-28T16:37:06","date_gmt":"2020-09-28T15:37:06","guid":{"rendered":"https:\/\/dev.tg4.ie\/?page_id=114468"},"modified":"2020-09-28T16:37:06","modified_gmt":"2020-09-28T15:37:06","slug":"tus-le-cur-leis-an-tsraith-nua-rugbai-sa-chomortas-pro14-guinness-ar-tg4","status":"publish","type":"page","link":"https:\/\/dev.tg4.ie\/ga\/eolas\/preas\/nuacht-raitis\/2020-2\/tus-le-cur-leis-an-tsraith-nua-rugbai-sa-chomortas-pro14-guinness-ar-tg4\/","title":{"rendered":"T\u00fas le cur leis an tSraith Nua Rugba\u00ed sa Chom\u00f3rtas PRO14 Guinness ar TG4"},"content":{"rendered":"<p><a href=\"https:\/\/tg4-docs.s3.amazonaws.com\/tg4-redesign-2015\/wp-content\/uploads\/2020\/09\/PRO14_20_MT_1_1920x1080.jpg\"><img loading=\"lazy\" decoding=\"async\" width=\"1920\" height=\"1080\" src=\"https:\/\/tg4-docs.s3.amazonaws.com\/tg4-redesign-2015\/wp-content\/uploads\/2020\/09\/PRO14_20_MT_1_1920x1080.jpg\" alt=\"\" class=\"alignnone size-full wp-image-114469\" srcset=\"https:\/\/tg4-docs.s3.amazonaws.com\/tg4-redesign-2015\/wp-content\/uploads\/2020\/09\/PRO14_20_MT_1_1920x1080.jpg 1920w, https:\/\/tg4-docs.s3.amazonaws.com\/tg4-redesign-2015\/wp-content\/uploads\/2020\/09\/PRO14_20_MT_1_1920x1080-250x141.jpg 250w, https:\/\/tg4-docs.s3.amazonaws.com\/tg4-redesign-2015\/wp-content\/uploads\/2020\/09\/PRO14_20_MT_1_1920x1080-700x394.jpg 700w, https:\/\/tg4-docs.s3.amazonaws.com\/tg4-redesign-2015\/wp-content\/uploads\/2020\/09\/PRO14_20_MT_1_1920x1080-252x141.jpg 252w, https:\/\/tg4-docs.s3.amazonaws.com\/tg4-redesign-2015\/wp-content\/uploads\/2020\/09\/PRO14_20_MT_1_1920x1080-1536x864.jpg 1536w, https:\/\/tg4-docs.s3.amazonaws.com\/tg4-redesign-2015\/wp-content\/uploads\/2020\/09\/PRO14_20_MT_1_1920x1080-120x68.jpg 120w\" sizes=\"(max-width: 1920px) 100vw, 1920px\" \/><\/a><br \/>\n&nbsp;<br \/>\nC\u00e9 go bhfuil athr\u00fa ollmh\u00f3r tagtha ar ch\u00farsa\u00ed sp\u00f3irt, tabharfaidh s\u00e9 misneach d\u00fainn go mbeidh <strong>Rugba\u00ed Beo<\/strong> TG4 ag filleadh ar \u00e1r sc\u00e1ile\u00e1in. T\u00e1 Rugba\u00ed Beo ar cheann de phr\u00edomhchl\u00e1ir sp\u00f3irt an st\u00e1isi\u00fain \u00f3 cuireadh t\u00fas ar dt\u00fas leis an tSraith Cheilteach sa bhliain 2001 agus fillfidh s\u00e9 ar na sc\u00e1ile\u00e1in D\u00e9 hAoine an 2 Deireadh F\u00f3mhair le 3 chluiche beo ina mbeidh Laighin, Mumha agus Connachta ag imirt chomh maith le buaicphoint\u00ed as Ulaidh. <\/p>\n<p>Cuirfear t\u00fas le craoladh beo an chraolt\u00f3ra Gaeilge D\u00e9 hAoine an 2 Deireadh nuair a thabharfaidh Laighin, a bhuaigh an tsraith le gairid agus a bhfuil an tsraith buaite 4 huaire acu, aghaidh ar na Dragons san RDS agus taispe\u00e1nfar buaicphoint\u00ed ina dhiaidh de chom\u00f3rtas Ulaidh, an fhoireann a clo\u00edodh sa chluiche ceannais, \u00f3 St\u00e1id Kingspan. Beidh neart rugba\u00ed beo againn daoibh ar TG4 D\u00e9 Sathairn an 3 Deireadh F\u00f3mhair nuair a chuirfidh Scarlets f\u00e1ilte roimh Mhumha in Parc y Scarlets agus taispe\u00e1nfar craoladh beo as an Sportsground ina dhiaidh sin nuair a bheidh Connachta le Glasch\u00fa sa ch\u00e9ad bhabhta de Chraobhchom\u00f3rtas an Guinness PRO14.<\/p>\n<p>T\u00e1 r\u00edm\u00e9ad ar TG4 a fh\u00f3gairt chomh maith go mbeidh cl\u00fadach buaicama acu chomh maith nuair a chraolfar cluiche dheireadh seachtaine bainc mh\u00ed Dheireadh F\u00f3mhair na Mumha le Cardiff ar <strong>Monday Night Rugby<\/strong> a bheidh ar f\u00e1il saor go haer, ag tos\u00fa ag 20:15.<\/p>\n<p>Craolfaidh TG4 28 cluiche beo saor go haer an s\u00e9as\u00far seo chomh maith le han-chuid buaicphoint\u00ed \u00f3 gach babhta agus craoladh iarchurtha a dh\u00e9anamh ar 6 cinn de na cluich\u00ed a bheidh idir na c\u00faig\u00ed. Is f\u00e9idir leis an lucht f\u00e9achana a bheith ag s\u00fail le tuilleadh de nu\u00e1lacha TG4, a bhfuil moladh m\u00f3r faighte acu, a fheice\u00e1il &#8211; treor\u00fa na r\u00e9iteoir\u00ed sa ch\u00falra, agallaimh roimh na cluich\u00ed leis na pr\u00edomhch\u00f3itse\u00e1laithe agus c\u00falmhonat\u00f3ireacht fuaime a dh\u00e9anamh ar na c\u00f3itse\u00e1laithe agus ar na himreoir\u00ed. Beidh leith\u00e9id\u00ed Eimear Considine, Deirbhile Nic a Bh\u00e1ird, Marcus Horan, Stephen Ferris, Mike Sherry, Ronan Loughney, Eoghan \u00d3 Neachtain, Eamonn Molloy agus neart eile a i mbun na hanail\u00edse agus is \u00ed an bhean ghealgh\u00e1ireach, M\u00e1ire Treasa N\u00ed Dhubhghaill, a chuirfidh an tsraith i l\u00e1thair.<\/p>\n<p>Is ar Ch\u00faig\u00ed na h\u00c9ireann a bheifear ag d\u00edri\u00fa i  gCraobhchom\u00f3rtas PRO14 Guinness, \u00f3 tharla go bhfuil Laighin, a thug leo s\u00e9as\u00far 2018\/19 go h\u00e9asca, ag iarraidh an ceathr\u00fa craobh stairi\u00fail a thabhairt leo agus beidh s\u00fail ag Connachta an dul chun cinn at\u00e1 d\u00e9anta acu go dt\u00ed seo a fhorbairt tuilleadh faoin bpr\u00edomhch\u00f3itse\u00e1la\u00ed Andy Friend.  Bh\u00ed fir Uladh iontach ar fad sa s\u00e9as\u00far deiridh, c\u00e9 gur buaileadh go dona iad ina gcluiche crua deiridh, beidh siad ag s\u00fail go n-\u00e9ireoidh n\u00edos fearr leo an tr\u00e1th seo. Beidh s\u00fail ag Mumha dul n\u00edos faide n\u00e1 na cluich\u00ed leathcheannais i mbliana agus an Cluiche Ceannais a bhaint amach den ch\u00e9ad uair \u00f3 2017.<\/p>\n<p>Is \u00e9ard a d\u00fairt Ceannasa\u00ed Sp\u00f3irt TG4 R\u00f3n\u00e1n \u00d3 Coistealbha inniu sular cuireadh t\u00fas leis an ts\u00e9as\u00fair nua de Rugba\u00ed Beo: <em>&#8220;T\u00e1 an taith\u00ed chomhchoiteann a bhaineann le sp\u00f3rt saor go haer n\u00edos t\u00e1bhachta\u00ed anois n\u00e1 mar a bh\u00ed riamh. T\u00e1 r\u00edm\u00e9ad orainn go bhfuilimid \u00e1balta an craoladh rugba\u00ed is cuimsith\u00ed at\u00e1 ar f\u00e1il ar bhonn trast\u00edre a chur ar f\u00e1il do lucht f\u00e9achana na h\u00c9ireann, ina gcuims\u00edtear 28 cluiche agus buaicphoint\u00ed cuimsitheacha chomh maith le cluich\u00ed iarbheo. I bhfianaise na srianta at\u00e1 ann ar dhaoine freastal ar ionaid imeartha, leanfaidh TG4 de bheith ag tabhairt lucht f\u00e9achana n\u00edos c\u00f3ngara\u00ed den aicsean tr\u00edn\u00e1r n-iarracht s\u00edora\u00ed a bheith nu\u00e1lach maidir len\u00e1r gcraoladh sp\u00f3irt.&#8221;<\/em><\/p>\n<p>Iris Productions, at\u00e1 lonnaithe ar an Spid\u00e9al, a l\u00e9ir\u00edonn craoladh rugba\u00ed TG4.<br \/>\n&nbsp;<br \/>\n<strong>\u00c1ir\u00edtear ar chl\u00fadach Rugba\u00ed Beo ar TG4:<\/strong><\/p>\n<ul>\n<li>Craoladh beo ar Chluich\u00ed Rugba\u00ed na Mumhan ar fad in aghaidh fhoirne na Breataine Bige.<\/li>\n<li>Craoladh beo ar chluich\u00ed baile Rugba\u00ed Chonnacht.<\/li>\n<li>Craoladh beo &#038; eisiach ar chluich\u00ed Chonnacht ar fad in aghaidh fhoirne na Breataine Bige.<\/li>\n<\/ul>\n<p>&nbsp;<br \/>\nBabhta 1:<\/p>\n<ul>\n<li>D\u00e9 hAoine an 2 Deireadh F\u00f3mhair             Ulaidh v Benetton                   KO: 20:15  Buaicphoint\u00ed<\/li>\n<li>D\u00e9 hAoine an 2 Deireadh F\u00f3mhair              Laighin v Dragons                 KO: 20:15         Beo<\/li>\n<li>D\u00e9 Sathairn an 3 Deireadh F\u00f3mhair            Scarlets v Mumha                 KO: 15:00         Beo<\/li>\n<li>D\u00e9 Sathairn an 3 Deireadh F\u00f3mhair             Connachta v Glasch\u00fa          KO: 17:15          Beo<\/li>\n<\/ul>\n<p>&nbsp;<br \/>\nBabhta 2:<\/p>\n<ul>\n<li>D\u00e9 Sathairn an 10 Deireadh F\u00f3mhair Benetton v Laighin                        KO: 17:15             Buaicphoint\u00ed<\/li>\n<li>D\u00e9 Sathairn an 10 Deireadh F\u00f3mhair Ospreys v Ulaidh                          KO: 17:15             Buaicphoint\u00ed<\/li>\n<li>D\u00e9 Sathairn an 10 Deireadh F\u00f3mhair Mumha v D\u00fan \u00c9ideann                 KO: 19:35             Buaicphoint\u00ed<\/li>\n<li>D\u00e9 Sathairn an 10 Deireadh F\u00f3mhair Cardiff v Connachta                      KO: 19:30             Beo<\/li>\n<\/ul>\n<p>&nbsp;<br \/>\nBabhta 3:<\/p>\n<ul>\n<li>D\u00e9 hAoine an 23 Deireadh F\u00f3mhair             Laighin v Zebre                      KO: 19:35           Beo<\/li>\n<li>D\u00e9 Domhnaigh an 25 Deireadh F\u00f3mhair      Ulaidh v Dragons                   KO: 15:00           Buaicphoint\u00ed<\/li>\n<li>D\u00e9 Domhnaigh an 25 Deireadh F\u00f3mhair      D\u00fan \u00c9ideann v Connachta     KO: 19:35          Buaicphoint\u00ed<\/li>\n<li>D\u00e9 Luain an 26 Deireadh F\u00f3mhair Mumha v Cardiff                                   KO: 20:15           Beo<\/li>\n<\/ul>\n<p>&nbsp;<br \/>\nBabhta 4:<\/p>\n<ul>\n<li>D\u00e9 Domhnaigh an 1 Samhain Dragons v Mumha             KO: 14:00              Beo<\/li>\n<li>D\u00e9 Domhnaigh an 1 Samhain Connachta v Benetton       KO: 16:30              Beo<\/li>\n<li>D\u00e9 Luain an 2 Samhain Cardiff v Ulaidh                            KO: 18:00             Buaicphoint\u00ed<\/li>\n<li>D\u00e9 Luain an 2 Samhain Glasch\u00fa v Laighin                        KO: 20:15             Buaicphoint\u00ed<\/li>\n<\/ul>\n<p>&nbsp;<br \/>\nBabhta 5:<\/p>\n<ul>\n<li>D\u00e9 Sathairn an 7 Samhain Benetton v Mumha                 KO: 14:00         Buaicphoint\u00ed<\/li>\n<li>D\u00e9 Sathairn an 7 Samhain Dragons v Connachta             KO: 17:15         Beo<\/li>\n<li>D\u00e9 Domhnaigh an 8 Samhain Ospreys v Laighin              KO: 15:00         Beo<\/li>\n<li>D\u00e9 Luain an 9 Samhain Ulaidh v Glasch\u00fa                         KO: 20:15         Buaicphoint\u00ed<\/li>\n<\/ul>\n<p>&nbsp;<br \/>\nBabhta 6:<\/p>\n<ul>\n<li>D\u00e9 Sathairn an 14 Samhain Connachta v Scarlets           KO: 19:35        Beo<\/li>\n<li>D\u00e9 Domhnaigh an 15 Samhain Mumha v Ospreys          KO: 14:45         Beo<\/li>\n<li>De Luain an 16 Samhain Zebre v Ulaidh                         KO: 18:00         Buaicphoint\u00ed<\/li>\n<li>D\u00e9 Luain an 16 Samhain Laighin v D\u00fan \u00c9ideann            KO: 20:15         Buaicphoint\u00ed<\/li>\n<\/ul>\n<p>&nbsp;<br \/>\nBabhta 7:<\/p>\n<ul>\n<li>D\u00e9 Domhnaigh an 22 Samhain Zebre v Connachta                 KO: 12:30         Buaicphoint\u00ed<\/li>\n<li>D\u00e9 Domhnaigh an 22 Samhain          Laighin v Cardiff             KO: 17:15         Beo<\/li>\n<li>D\u00e9 Domhnaigh an 22 Samhain Ulaidh v Scarlets                     KO: 19:35         Buaicphoint\u00ed<\/li>\n<li>D\u00e9 Luain an 23 Samhain Glasch\u00fa v Mumha                             KO: 20:15         Buaicphoint\u00ed<\/li>\n<\/ul>\n<p>&nbsp;<br \/>\nBabhta 8:<\/p>\n<ul>\n<li>D\u00e9 Sathairn an 28 Samhain Connachta v Ospreys                   KO: 19:35         Beo<\/li>\n<li>D\u00e9 Domhnaigh an 29 Samhain Scarlets v Laighin                    KO: 17:15         Beo<\/li>\n<li>D\u00e9 Luain an 30 Samhain Mumha v Zebre                                 KO: 20:15         Buaicphoint\u00ed<\/li>\n<li>D\u00e9 Luain an 30 Samhain D\u00fan \u00c9ideann v Ulaidh                       KO: 20:15         Buaicphoint\u00ed<\/li>\n<\/ul>\n<p>&nbsp;<\/p>\n","protected":false},"excerpt":{"rendered":"<p>&nbsp; C\u00e9 go bhfuil athr\u00fa ollmh\u00f3r tagtha ar ch\u00farsa\u00ed sp\u00f3irt, tabharfaidh s\u00e9 misneach d\u00fainn go mbeidh Rugba\u00ed Beo TG4 ag filleadh ar \u00e1r sc\u00e1ile\u00e1in. T\u00e1 Rugba\u00ed Beo ar cheann de phr\u00edomhchl\u00e1ir sp\u00f3irt an st\u00e1isi\u00fain \u00f3 cuireadh t\u00fas ar dt\u00fas leis an tSraith Cheilteach sa bhliain 2001 agus fillfidh s\u00e9 ar na sc\u00e1ile\u00e1in D\u00e9 hAoine an [&hellip;]<\/p>\n","protected":false},"author":876,"featured_media":0,"parent":111525,"menu_order":42,"comment_status":"closed","ping_status":"closed","template":"page-templates\/template-pr.php","meta":{"_acf_changed":false,"footnotes":""},"acf":[],"yoast_head":"<!-- This site is optimized with the Yoast SEO plugin v22.6 - https:\/\/yoast.com\/wordpress\/plugins\/seo\/ -->\n<title>T\u00fas le cur leis an tSraith Nua Rugba\u00ed sa Chom\u00f3rtas PRO14 Guinness ar TG4 | Preas R\u00e1iteas | TG4<\/title>\n<meta name=\"robots\" content=\"index, follow, max-snippet:-1, max-image-preview:large, max-video-preview:-1\" \/>\n<meta property=\"og:locale\" content=\"en_US\" \/>\n<meta property=\"og:type\" content=\"article\" \/>\n<meta property=\"og:title\" content=\"T\u00fas le cur leis an tSraith Nua Rugba\u00ed sa Chom\u00f3rtas PRO14 Guinness ar TG4 | Preas R\u00e1iteas | TG4\" \/>\n<meta property=\"og:description\" content=\"&nbsp; C\u00e9 go bhfuil athr\u00fa ollmh\u00f3r tagtha ar ch\u00farsa\u00ed sp\u00f3irt, tabharfaidh s\u00e9 misneach d\u00fainn go mbeidh Rugba\u00ed Beo TG4 ag filleadh ar \u00e1r sc\u00e1ile\u00e1in. T\u00e1 Rugba\u00ed Beo ar cheann de phr\u00edomhchl\u00e1ir sp\u00f3irt an st\u00e1isi\u00fain \u00f3 cuireadh t\u00fas ar dt\u00fas leis an tSraith Cheilteach sa bhliain 2001 agus fillfidh s\u00e9 ar na sc\u00e1ile\u00e1in D\u00e9 hAoine an [&hellip;]\" \/>\n<meta property=\"og:url\" content=\"https:\/\/dev.tg4.ie\/ga\/eolas\/preas\/nuacht-raitis\/2020-2\/tus-le-cur-leis-an-tsraith-nua-rugbai-sa-chomortas-pro14-guinness-ar-tg4\/\" \/>\n<meta property=\"og:site_name\" content=\"TG4\" \/>\n<meta property=\"article:publisher\" content=\"https:\/\/www.facebook.com\/TG4TV\" \/>\n<meta property=\"og:image\" content=\"https:\/\/tg4-docs.s3.amazonaws.com\/tg4-redesign-2015\/wp-content\/uploads\/2020\/09\/PRO14_20_MT_1_1920x1080.jpg\" \/>\n\t<meta property=\"og:image:width\" content=\"1920\" \/>\n\t<meta property=\"og:image:height\" content=\"1080\" \/>\n\t<meta property=\"og:image:type\" content=\"image\/jpeg\" \/>\n<meta name=\"twitter:card\" content=\"summary_large_image\" \/>\n<meta name=\"twitter:image\" content=\"https:\/\/tg4-docs.s3.amazonaws.com\/tg4-redesign-2015\/wp-content\/uploads\/2020\/09\/PRO14_20_MT_1_1920x1080.jpg\" \/>\n<meta name=\"twitter:site\" content=\"@TG4TV\" \/>\n<meta name=\"twitter:label1\" content=\"Est. reading time\" \/>\n\t<meta name=\"twitter:data1\" content=\"5 minutes\" \/>\n<script type=\"application\/ld+json\" class=\"yoast-schema-graph\">{\"@context\":\"https:\/\/schema.org\",\"@graph\":[{\"@type\":\"WebPage\",\"@id\":\"https:\/\/dev.tg4.ie\/ga\/eolas\/preas\/nuacht-raitis\/2020-2\/tus-le-cur-leis-an-tsraith-nua-rugbai-sa-chomortas-pro14-guinness-ar-tg4\/\",\"url\":\"https:\/\/dev.tg4.ie\/ga\/eolas\/preas\/nuacht-raitis\/2020-2\/tus-le-cur-leis-an-tsraith-nua-rugbai-sa-chomortas-pro14-guinness-ar-tg4\/\",\"name\":\"T\u00fas le cur leis an tSraith Nua Rugba\u00ed sa Chom\u00f3rtas PRO14 Guinness ar TG4 | Preas R\u00e1iteas | TG4\",\"isPartOf\":{\"@id\":\"https:\/\/dev.tg4.ie\/en\/#website\"},\"primaryImageOfPage\":{\"@id\":\"https:\/\/dev.tg4.ie\/ga\/eolas\/preas\/nuacht-raitis\/2020-2\/tus-le-cur-leis-an-tsraith-nua-rugbai-sa-chomortas-pro14-guinness-ar-tg4\/#primaryimage\"},\"image\":{\"@id\":\"https:\/\/dev.tg4.ie\/ga\/eolas\/preas\/nuacht-raitis\/2020-2\/tus-le-cur-leis-an-tsraith-nua-rugbai-sa-chomortas-pro14-guinness-ar-tg4\/#primaryimage\"},\"thumbnailUrl\":\"https:\/\/dev.tg4.ie\/wp-content\/uploads\/2020\/09\/PRO14_20_MT_1_1920x1080.jpg\",\"datePublished\":\"2020-09-28T15:37:06+00:00\",\"dateModified\":\"2020-09-28T15:37:06+00:00\",\"breadcrumb\":{\"@id\":\"https:\/\/dev.tg4.ie\/ga\/eolas\/preas\/nuacht-raitis\/2020-2\/tus-le-cur-leis-an-tsraith-nua-rugbai-sa-chomortas-pro14-guinness-ar-tg4\/#breadcrumb\"},\"inLanguage\":\"ga\",\"potentialAction\":[{\"@type\":\"ReadAction\",\"target\":[\"https:\/\/dev.tg4.ie\/ga\/eolas\/preas\/nuacht-raitis\/2020-2\/tus-le-cur-leis-an-tsraith-nua-rugbai-sa-chomortas-pro14-guinness-ar-tg4\/\"]}]},{\"@type\":\"ImageObject\",\"inLanguage\":\"ga\",\"@id\":\"https:\/\/dev.tg4.ie\/ga\/eolas\/preas\/nuacht-raitis\/2020-2\/tus-le-cur-leis-an-tsraith-nua-rugbai-sa-chomortas-pro14-guinness-ar-tg4\/#primaryimage\",\"url\":\"https:\/\/dev.tg4.ie\/wp-content\/uploads\/2020\/09\/PRO14_20_MT_1_1920x1080.jpg\",\"contentUrl\":\"https:\/\/dev.tg4.ie\/wp-content\/uploads\/2020\/09\/PRO14_20_MT_1_1920x1080.jpg\"},{\"@type\":\"BreadcrumbList\",\"@id\":\"https:\/\/dev.tg4.ie\/ga\/eolas\/preas\/nuacht-raitis\/2020-2\/tus-le-cur-leis-an-tsraith-nua-rugbai-sa-chomortas-pro14-guinness-ar-tg4\/#breadcrumb\",\"itemListElement\":[{\"@type\":\"ListItem\",\"position\":1,\"name\":\"Home\",\"item\":\"https:\/\/dev.tg4.ie\/ga\/\"},{\"@type\":\"ListItem\",\"position\":2,\"name\":\"Eolas\",\"item\":\"https:\/\/dev.tg4.ie\/ga\/eolas\/\"},{\"@type\":\"ListItem\",\"position\":3,\"name\":\"Preas\",\"item\":\"https:\/\/dev.tg4.ie\/ga\/eolas\/preas\/\"},{\"@type\":\"ListItem\",\"position\":4,\"name\":\"Nuacht R\u00e1itis\",\"item\":\"https:\/\/dev.tg4.ie\/ga\/eolas\/preas\/nuacht-raitis\/\"},{\"@type\":\"ListItem\",\"position\":5,\"name\":\"2020\",\"item\":\"https:\/\/dev.tg4.ie\/ga\/eolas\/preas\/nuacht-raitis\/2020-2\/\"},{\"@type\":\"ListItem\",\"position\":6,\"name\":\"T\u00fas le cur leis an tSraith Nua Rugba\u00ed sa Chom\u00f3rtas PRO14 Guinness ar TG4\"}]},{\"@type\":\"WebSite\",\"@id\":\"https:\/\/dev.tg4.ie\/en\/#website\",\"url\":\"https:\/\/dev.tg4.ie\/en\/\",\"name\":\"TG4\",\"description\":\"S\u00fail Eile\",\"potentialAction\":[{\"@type\":\"SearchAction\",\"target\":{\"@type\":\"EntryPoint\",\"urlTemplate\":\"https:\/\/dev.tg4.ie\/en\/?s={search_term_string}\"},\"query-input\":\"required name=search_term_string\"}],\"inLanguage\":\"ga\"}]}<\/script>\n<!-- \/ Yoast SEO plugin. -->","yoast_head_json":{"title":"T\u00fas le cur leis an tSraith Nua Rugba\u00ed sa Chom\u00f3rtas PRO14 Guinness ar TG4 | Preas R\u00e1iteas | TG4","robots":{"index":"index","follow":"follow","max-snippet":"max-snippet:-1","max-image-preview":"max-image-preview:large","max-video-preview":"max-video-preview:-1"},"og_locale":"en_US","og_type":"article","og_title":"T\u00fas le cur leis an tSraith Nua Rugba\u00ed sa Chom\u00f3rtas PRO14 Guinness ar TG4 | Preas R\u00e1iteas | TG4","og_description":"&nbsp; C\u00e9 go bhfuil athr\u00fa ollmh\u00f3r tagtha ar ch\u00farsa\u00ed sp\u00f3irt, tabharfaidh s\u00e9 misneach d\u00fainn go mbeidh Rugba\u00ed Beo TG4 ag filleadh ar \u00e1r sc\u00e1ile\u00e1in. T\u00e1 Rugba\u00ed Beo ar cheann de phr\u00edomhchl\u00e1ir sp\u00f3irt an st\u00e1isi\u00fain \u00f3 cuireadh t\u00fas ar dt\u00fas leis an tSraith Cheilteach sa bhliain 2001 agus fillfidh s\u00e9 ar na sc\u00e1ile\u00e1in D\u00e9 hAoine an [&hellip;]","og_url":"https:\/\/dev.tg4.ie\/ga\/eolas\/preas\/nuacht-raitis\/2020-2\/tus-le-cur-leis-an-tsraith-nua-rugbai-sa-chomortas-pro14-guinness-ar-tg4\/","og_site_name":"TG4","article_publisher":"https:\/\/www.facebook.com\/TG4TV","og_image":[{"width":1920,"height":1080,"url":"https:\/\/tg4-docs.s3.amazonaws.com\/tg4-redesign-2015\/wp-content\/uploads\/2020\/09\/PRO14_20_MT_1_1920x1080.jpg","type":"image\/jpeg"}],"twitter_card":"summary_large_image","twitter_image":"https:\/\/tg4-docs.s3.amazonaws.com\/tg4-redesign-2015\/wp-content\/uploads\/2020\/09\/PRO14_20_MT_1_1920x1080.jpg","twitter_site":"@TG4TV","twitter_misc":{"Est. reading time":"5 minutes"},"schema":{"@context":"https:\/\/schema.org","@graph":[{"@type":"WebPage","@id":"https:\/\/dev.tg4.ie\/ga\/eolas\/preas\/nuacht-raitis\/2020-2\/tus-le-cur-leis-an-tsraith-nua-rugbai-sa-chomortas-pro14-guinness-ar-tg4\/","url":"https:\/\/dev.tg4.ie\/ga\/eolas\/preas\/nuacht-raitis\/2020-2\/tus-le-cur-leis-an-tsraith-nua-rugbai-sa-chomortas-pro14-guinness-ar-tg4\/","name":"T\u00fas le cur leis an tSraith Nua Rugba\u00ed sa Chom\u00f3rtas PRO14 Guinness ar TG4 | Preas R\u00e1iteas | TG4","isPartOf":{"@id":"https:\/\/dev.tg4.ie\/en\/#website"},"primaryImageOfPage":{"@id":"https:\/\/dev.tg4.ie\/ga\/eolas\/preas\/nuacht-raitis\/2020-2\/tus-le-cur-leis-an-tsraith-nua-rugbai-sa-chomortas-pro14-guinness-ar-tg4\/#primaryimage"},"image":{"@id":"https:\/\/dev.tg4.ie\/ga\/eolas\/preas\/nuacht-raitis\/2020-2\/tus-le-cur-leis-an-tsraith-nua-rugbai-sa-chomortas-pro14-guinness-ar-tg4\/#primaryimage"},"thumbnailUrl":"https:\/\/dev.tg4.ie\/wp-content\/uploads\/2020\/09\/PRO14_20_MT_1_1920x1080.jpg","datePublished":"2020-09-28T15:37:06+00:00","dateModified":"2020-09-28T15:37:06+00:00","breadcrumb":{"@id":"https:\/\/dev.tg4.ie\/ga\/eolas\/preas\/nuacht-raitis\/2020-2\/tus-le-cur-leis-an-tsraith-nua-rugbai-sa-chomortas-pro14-guinness-ar-tg4\/#breadcrumb"},"inLanguage":"ga","potentialAction":[{"@type":"ReadAction","target":["https:\/\/dev.tg4.ie\/ga\/eolas\/preas\/nuacht-raitis\/2020-2\/tus-le-cur-leis-an-tsraith-nua-rugbai-sa-chomortas-pro14-guinness-ar-tg4\/"]}]},{"@type":"ImageObject","inLanguage":"ga","@id":"https:\/\/dev.tg4.ie\/ga\/eolas\/preas\/nuacht-raitis\/2020-2\/tus-le-cur-leis-an-tsraith-nua-rugbai-sa-chomortas-pro14-guinness-ar-tg4\/#primaryimage","url":"https:\/\/dev.tg4.ie\/wp-content\/uploads\/2020\/09\/PRO14_20_MT_1_1920x1080.jpg","contentUrl":"https:\/\/dev.tg4.ie\/wp-content\/uploads\/2020\/09\/PRO14_20_MT_1_1920x1080.jpg"},{"@type":"BreadcrumbList","@id":"https:\/\/dev.tg4.ie\/ga\/eolas\/preas\/nuacht-raitis\/2020-2\/tus-le-cur-leis-an-tsraith-nua-rugbai-sa-chomortas-pro14-guinness-ar-tg4\/#breadcrumb","itemListElement":[{"@type":"ListItem","position":1,"name":"Home","item":"https:\/\/dev.tg4.ie\/ga\/"},{"@type":"ListItem","position":2,"name":"Eolas","item":"https:\/\/dev.tg4.ie\/ga\/eolas\/"},{"@type":"ListItem","position":3,"name":"Preas","item":"https:\/\/dev.tg4.ie\/ga\/eolas\/preas\/"},{"@type":"ListItem","position":4,"name":"Nuacht R\u00e1itis","item":"https:\/\/dev.tg4.ie\/ga\/eolas\/preas\/nuacht-raitis\/"},{"@type":"ListItem","position":5,"name":"2020","item":"https:\/\/dev.tg4.ie\/ga\/eolas\/preas\/nuacht-raitis\/2020-2\/"},{"@type":"ListItem","position":6,"name":"T\u00fas le cur leis an tSraith Nua Rugba\u00ed sa Chom\u00f3rtas PRO14 Guinness ar TG4"}]},{"@type":"WebSite","@id":"https:\/\/dev.tg4.ie\/en\/#website","url":"https:\/\/dev.tg4.ie\/en\/","name":"TG4","description":"S\u00fail Eile","potentialAction":[{"@type":"SearchAction","target":{"@type":"EntryPoint","urlTemplate":"https:\/\/dev.tg4.ie\/en\/?s={search_term_string}"},"query-input":"required name=search_term_string"}],"inLanguage":"ga"}]}},"_links":{"self":[{"href":"https:\/\/dev.tg4.ie\/ga\/wp-json\/wp\/v2\/pages\/114468"}],"collection":[{"href":"https:\/\/dev.tg4.ie\/ga\/wp-json\/wp\/v2\/pages"}],"about":[{"href":"https:\/\/dev.tg4.ie\/ga\/wp-json\/wp\/v2\/types\/page"}],"author":[{"embeddable":true,"href":"https:\/\/dev.tg4.ie\/ga\/wp-json\/wp\/v2\/users\/876"}],"replies":[{"embeddable":true,"href":"https:\/\/dev.tg4.ie\/ga\/wp-json\/wp\/v2\/comments?post=114468"}],"version-history":[{"count":0,"href":"https:\/\/dev.tg4.ie\/ga\/wp-json\/wp\/v2\/pages\/114468\/revisions"}],"up":[{"embeddable":true,"href":"https:\/\/dev.tg4.ie\/ga\/wp-json\/wp\/v2\/pages\/111525"}],"wp:attachment":[{"href":"https:\/\/dev.tg4.ie\/ga\/wp-json\/wp\/v2\/media?parent=114468"}],"curies":[{"name":"wp","href":"https:\/\/api.w.org\/{rel}","templated":true}]}}