{"id":114479,"date":"2020-09-28T17:02:06","date_gmt":"2020-09-28T16:02:06","guid":{"rendered":"https:\/\/dev.tg4.ie\/?page_id=114479"},"modified":"2020-09-28T17:02:06","modified_gmt":"2020-09-28T16:02:06","slug":"hector-africa-a-go-z","status":"publish","type":"page","link":"https:\/\/dev.tg4.ie\/ga\/eolas\/preas\/nuacht-raitis\/2020-2\/hector-africa-a-go-z\/","title":{"rendered":"Hector Africa A go Z"},"content":{"rendered":"<p>YouTube: <a href=\"https:\/\/youtu.be\/dkZ19ZqJhmg\" rel=\"noopener noreferrer\" target=\"_blank\">https:\/\/youtu.be\/dkZ19ZqJhmg<\/a><br \/>\n&nbsp;<br \/>\n<a href=\"https:\/\/tg4-docs.s3.amazonaws.com\/tg4-redesign-2015\/wp-content\/uploads\/2020\/09\/Hector_AgoZ_Preas_1_1920x1080.jpg\"><img loading=\"lazy\" decoding=\"async\" width=\"1920\" height=\"1080\" src=\"https:\/\/tg4-docs.s3.amazonaws.com\/tg4-redesign-2015\/wp-content\/uploads\/2020\/09\/Hector_AgoZ_Preas_1_1920x1080.jpg\" alt=\"\" class=\"alignnone size-full wp-image-114481\" srcset=\"https:\/\/tg4-docs.s3.amazonaws.com\/tg4-redesign-2015\/wp-content\/uploads\/2020\/09\/Hector_AgoZ_Preas_1_1920x1080.jpg 1920w, https:\/\/tg4-docs.s3.amazonaws.com\/tg4-redesign-2015\/wp-content\/uploads\/2020\/09\/Hector_AgoZ_Preas_1_1920x1080-250x141.jpg 250w, https:\/\/tg4-docs.s3.amazonaws.com\/tg4-redesign-2015\/wp-content\/uploads\/2020\/09\/Hector_AgoZ_Preas_1_1920x1080-700x394.jpg 700w, https:\/\/tg4-docs.s3.amazonaws.com\/tg4-redesign-2015\/wp-content\/uploads\/2020\/09\/Hector_AgoZ_Preas_1_1920x1080-252x141.jpg 252w, https:\/\/tg4-docs.s3.amazonaws.com\/tg4-redesign-2015\/wp-content\/uploads\/2020\/09\/Hector_AgoZ_Preas_1_1920x1080-1536x864.jpg 1536w, https:\/\/tg4-docs.s3.amazonaws.com\/tg4-redesign-2015\/wp-content\/uploads\/2020\/09\/Hector_AgoZ_Preas_1_1920x1080-120x68.jpg 120w\" sizes=\"(max-width: 1920px) 100vw, 1920px\" \/><\/a><br \/>\n&nbsp;<br \/>\n<a href=\"https:\/\/twitter.com\/search?q=%23HectorAfrica&#038;src=typed_query\" rel=\"noopener noreferrer\" target=\"_blank\">#HectorAfrica<\/a><br \/>\n&nbsp;<br \/>\nSa tsraith nua seo \u2018Hector Africa \u2013 A go Z\u2019 tabharfaidh an taisteala\u00ed is fearr aithne na t\u00edre seo, Hector \u00d3 hEochag\u00e1in, aghaidh ar an Afraic agus gheobhaimid l\u00e9argas ar an gc\u00e9ad 3 \u00e1it a dtabharfaidh s\u00e9 cuairt orthu agus \u00e9 ar a bhealach \u00f3 Addis go dt\u00edna cheann c\u00farsa sa tSiomb\u00e1ib. Rachaidh s\u00e9 ar safari, casfar curaidh Oilimpeacha, treibheanna, maoirseoir\u00ed fiadh\u00falra agus Rastaf\u00e1raigh air, tabharfaidh s\u00e9 cuairt ar fheirmeacha c\u00e1t, ar shluma\u00ed agus ar mharga\u00ed camall, tabharfaidh Hector faoin aistear is teasa\u00ed d\u00e1 thug s\u00e9 faoi go dt\u00ed seo agus \u00e9 ag d\u00e9anamh a bhealaigh thr\u00ed mh\u00f3r-roinn na hAfraice. Cuirfidh s\u00e9 t\u00fas lena thuras in Addis Ababa na hAet\u00f3ipe, d\u00e9anfaidh s\u00e9 a bhealach tr\u00edd na S\u00fad\u00e1ine agus as sin leis go Nairobi na C\u00e9inia. N\u00ed dh\u00e9anfar dearmad go br\u00e1ch ar &#8216;A go Z&#8217; na hAfraice seo agus Hector ina bhun!<br \/>\n&nbsp;<br \/>\n<strong>Cl\u00e1r 1 &#8211; Aet\u00f3ipe: 8\/10 9.30pm<\/strong><\/p>\n<p>In Addis Ababa a chuirfidh Hector t\u00fas lena thuras tr\u00edd an Afraic \u00e1it a mbuailfidh s\u00e9 le Haile Gebrselassie, duine de na cianreathaithe is c\u00e1ili\u00fala riamh. Gheobhaidh s\u00e9 l\u00e9argas ar an tr\u00e1d\u00e1il caife agus tabharfaidh spl\u00e9achadh ar shaol an fhaisin agus baintear siar as nuair a fhaigheann s\u00e9 amach gur in 2012 at\u00e1 s\u00e9 de r\u00e9ir a bhf\u00e9ilire. \u00d3 dheas ansin leis go dt\u00ed an Pobal Rastaf\u00e1rach in Shashamane. Triailfidh s\u00e9 roinnt c\u00e1t, luibh spreagthach. N\u00edos faide \u00f3 dheas leis ansin go Gleann Omo le p\u00e1irt a ghlacadh i ndeasghn\u00e1th a bh\u00edonn ag treibh Hamar.<br \/>\n&nbsp;<br \/>\n<strong>Cl\u00e1r 2 &#8211; An tS\u00fad\u00e1in: 15\/10 9.30pm<\/strong><\/p>\n<p>T\u00e1 Hector in Khartoum, pr\u00edomhchathair na S\u00fad\u00e1ine, \u00e1it a dtagann an d\u00e1 chuid den N\u00edl le ch\u00e9ile. T\u00e1 athr\u00fa m\u00f3r tagtha ar shaol mhuintir na h\u00e1ite \u00f3 bh\u00ed an r\u00e9abhl\u00f3id ann roinnt m\u00edonna \u00f3 shin. Casfar foireann sacair mn\u00e1 na S\u00fad\u00e1ine air, beidh s\u00e9 ina aoi speisialta ag com\u00f3rtas iomrasc\u00e1la agus tabharfaidh s\u00e9 aghaidh ar mhargadh na gcamall sula rachaidh s\u00e9 \u00f3 thuaidh go Pr\u00edomhchathair \u00c1rsa R\u00edocht Kush agus na pirimid\u00ed.<br \/>\n&nbsp;<br \/>\n<strong>Cl\u00e1r 3 &#8211; An Ch\u00e9inia: 22\/10 9.30pm<\/strong><\/p>\n<p>T\u00e1 Hector tagtha chomh fada le Nairobi na C\u00e9inia, cathair a bhfuil athr\u00fa m\u00f3r tagtha uirthi \u00f3 thug s\u00e9 cuairt uirthi 16 bliana \u00f3 shin. I ndiaidh d\u00f3 p\u00edosa cainte a dh\u00e9anamh leis an iriseoir ini\u00fachta, John-Allan Namu, casfar misin\u00e9ir as \u00c9irinn, an tSi\u00far Miriam Duggan air i sluma\u00ed Nairobi sula dtabharfaidh s\u00e9 aghaidh ar Iten, baile at\u00e1 thuas sna sl\u00e9ibhte agus ina bhfuil c\u00f3na\u00ed ar &#8216;Shean\u00f3ir rite na C\u00e9inia&#8217; agus, mar a tharla\u00edonn s\u00e9, is as \u00c9irinn \u00f3 dh\u00fachas d\u00f3. Idir caomhant\u00f3ir\u00ed agus maoirseoir\u00ed fiadh\u00falra turas dochreidte \u00e9 a mbeidh deireadh leis i dT\u00edr na Samburu.<\/p>\n<p>&nbsp;<\/p>\n","protected":false},"excerpt":{"rendered":"<p>YouTube: https:\/\/youtu.be\/dkZ19ZqJhmg &nbsp; &nbsp; #HectorAfrica &nbsp; Sa tsraith nua seo \u2018Hector Africa \u2013 A go Z\u2019 tabharfaidh an taisteala\u00ed is fearr aithne na t\u00edre seo, Hector \u00d3 hEochag\u00e1in, aghaidh ar an Afraic agus gheobhaimid l\u00e9argas ar an gc\u00e9ad 3 \u00e1it a dtabharfaidh s\u00e9 cuairt orthu agus \u00e9 ar a bhealach \u00f3 Addis go dt\u00edna cheann [&hellip;]<\/p>\n","protected":false},"author":876,"featured_media":0,"parent":111525,"menu_order":43,"comment_status":"closed","ping_status":"closed","template":"page-templates\/template-pr.php","meta":{"_acf_changed":false,"footnotes":""},"acf":[],"yoast_head":"<!-- This site is optimized with the Yoast SEO plugin v22.6 - https:\/\/yoast.com\/wordpress\/plugins\/seo\/ -->\n<title>Hector Africa A go Z | Preas R\u00e1iteas | TG4<\/title>\n<meta name=\"robots\" content=\"index, follow, max-snippet:-1, max-image-preview:large, max-video-preview:-1\" \/>\n<meta property=\"og:locale\" content=\"en_US\" \/>\n<meta property=\"og:type\" content=\"article\" \/>\n<meta property=\"og:title\" content=\"Hector Africa A go Z | Preas R\u00e1iteas | TG4\" \/>\n<meta property=\"og:description\" content=\"YouTube: https:\/\/youtu.be\/dkZ19ZqJhmg &nbsp; &nbsp; #HectorAfrica &nbsp; Sa tsraith nua seo \u2018Hector Africa \u2013 A go Z\u2019 tabharfaidh an taisteala\u00ed is fearr aithne na t\u00edre seo, Hector \u00d3 hEochag\u00e1in, aghaidh ar an Afraic agus gheobhaimid l\u00e9argas ar an gc\u00e9ad 3 \u00e1it a dtabharfaidh s\u00e9 cuairt orthu agus \u00e9 ar a bhealach \u00f3 Addis go dt\u00edna cheann [&hellip;]\" \/>\n<meta property=\"og:url\" content=\"https:\/\/dev.tg4.ie\/ga\/eolas\/preas\/nuacht-raitis\/2020-2\/hector-africa-a-go-z\/\" \/>\n<meta property=\"og:site_name\" content=\"TG4\" \/>\n<meta property=\"article:publisher\" content=\"https:\/\/www.facebook.com\/TG4TV\" \/>\n<meta property=\"og:image\" content=\"https:\/\/tg4-docs.s3.amazonaws.com\/tg4-redesign-2015\/wp-content\/uploads\/2020\/09\/Hector_AgoZ_Preas_1_1920x1080.jpg\" \/>\n\t<meta property=\"og:image:width\" content=\"1920\" \/>\n\t<meta property=\"og:image:height\" content=\"1080\" \/>\n\t<meta property=\"og:image:type\" content=\"image\/jpeg\" \/>\n<meta name=\"twitter:card\" content=\"summary_large_image\" \/>\n<meta name=\"twitter:image\" content=\"https:\/\/tg4-docs.s3.amazonaws.com\/tg4-redesign-2015\/wp-content\/uploads\/2020\/09\/Hector_AgoZ_Preas_1_1920x1080.jpg\" \/>\n<meta name=\"twitter:site\" content=\"@TG4TV\" \/>\n<meta name=\"twitter:label1\" content=\"Est. reading time\" \/>\n\t<meta name=\"twitter:data1\" content=\"2 minutes\" \/>\n<script type=\"application\/ld+json\" class=\"yoast-schema-graph\">{\"@context\":\"https:\/\/schema.org\",\"@graph\":[{\"@type\":\"WebPage\",\"@id\":\"https:\/\/dev.tg4.ie\/ga\/eolas\/preas\/nuacht-raitis\/2020-2\/hector-africa-a-go-z\/\",\"url\":\"https:\/\/dev.tg4.ie\/ga\/eolas\/preas\/nuacht-raitis\/2020-2\/hector-africa-a-go-z\/\",\"name\":\"Hector Africa A go Z | Preas R\u00e1iteas | TG4\",\"isPartOf\":{\"@id\":\"https:\/\/dev.tg4.ie\/en\/#website\"},\"primaryImageOfPage\":{\"@id\":\"https:\/\/dev.tg4.ie\/ga\/eolas\/preas\/nuacht-raitis\/2020-2\/hector-africa-a-go-z\/#primaryimage\"},\"image\":{\"@id\":\"https:\/\/dev.tg4.ie\/ga\/eolas\/preas\/nuacht-raitis\/2020-2\/hector-africa-a-go-z\/#primaryimage\"},\"thumbnailUrl\":\"https:\/\/dev.tg4.ie\/wp-content\/uploads\/2020\/09\/Hector_AgoZ_Preas_1_1920x1080.jpg\",\"datePublished\":\"2020-09-28T16:02:06+00:00\",\"dateModified\":\"2020-09-28T16:02:06+00:00\",\"breadcrumb\":{\"@id\":\"https:\/\/dev.tg4.ie\/ga\/eolas\/preas\/nuacht-raitis\/2020-2\/hector-africa-a-go-z\/#breadcrumb\"},\"inLanguage\":\"ga\",\"potentialAction\":[{\"@type\":\"ReadAction\",\"target\":[\"https:\/\/dev.tg4.ie\/ga\/eolas\/preas\/nuacht-raitis\/2020-2\/hector-africa-a-go-z\/\"]}]},{\"@type\":\"ImageObject\",\"inLanguage\":\"ga\",\"@id\":\"https:\/\/dev.tg4.ie\/ga\/eolas\/preas\/nuacht-raitis\/2020-2\/hector-africa-a-go-z\/#primaryimage\",\"url\":\"https:\/\/dev.tg4.ie\/wp-content\/uploads\/2020\/09\/Hector_AgoZ_Preas_1_1920x1080.jpg\",\"contentUrl\":\"https:\/\/dev.tg4.ie\/wp-content\/uploads\/2020\/09\/Hector_AgoZ_Preas_1_1920x1080.jpg\"},{\"@type\":\"BreadcrumbList\",\"@id\":\"https:\/\/dev.tg4.ie\/ga\/eolas\/preas\/nuacht-raitis\/2020-2\/hector-africa-a-go-z\/#breadcrumb\",\"itemListElement\":[{\"@type\":\"ListItem\",\"position\":1,\"name\":\"Home\",\"item\":\"https:\/\/dev.tg4.ie\/ga\/\"},{\"@type\":\"ListItem\",\"position\":2,\"name\":\"Eolas\",\"item\":\"https:\/\/dev.tg4.ie\/ga\/eolas\/\"},{\"@type\":\"ListItem\",\"position\":3,\"name\":\"Preas\",\"item\":\"https:\/\/dev.tg4.ie\/ga\/eolas\/preas\/\"},{\"@type\":\"ListItem\",\"position\":4,\"name\":\"Nuacht R\u00e1itis\",\"item\":\"https:\/\/dev.tg4.ie\/ga\/eolas\/preas\/nuacht-raitis\/\"},{\"@type\":\"ListItem\",\"position\":5,\"name\":\"2020\",\"item\":\"https:\/\/dev.tg4.ie\/ga\/eolas\/preas\/nuacht-raitis\/2020-2\/\"},{\"@type\":\"ListItem\",\"position\":6,\"name\":\"Hector Africa A go Z\"}]},{\"@type\":\"WebSite\",\"@id\":\"https:\/\/dev.tg4.ie\/en\/#website\",\"url\":\"https:\/\/dev.tg4.ie\/en\/\",\"name\":\"TG4\",\"description\":\"S\u00fail Eile\",\"potentialAction\":[{\"@type\":\"SearchAction\",\"target\":{\"@type\":\"EntryPoint\",\"urlTemplate\":\"https:\/\/dev.tg4.ie\/en\/?s={search_term_string}\"},\"query-input\":\"required name=search_term_string\"}],\"inLanguage\":\"ga\"}]}<\/script>\n<!-- \/ Yoast SEO plugin. -->","yoast_head_json":{"title":"Hector Africa A go Z | Preas R\u00e1iteas | TG4","robots":{"index":"index","follow":"follow","max-snippet":"max-snippet:-1","max-image-preview":"max-image-preview:large","max-video-preview":"max-video-preview:-1"},"og_locale":"en_US","og_type":"article","og_title":"Hector Africa A go Z | Preas R\u00e1iteas | TG4","og_description":"YouTube: https:\/\/youtu.be\/dkZ19ZqJhmg &nbsp; &nbsp; #HectorAfrica &nbsp; Sa tsraith nua seo \u2018Hector Africa \u2013 A go Z\u2019 tabharfaidh an taisteala\u00ed is fearr aithne na t\u00edre seo, Hector \u00d3 hEochag\u00e1in, aghaidh ar an Afraic agus gheobhaimid l\u00e9argas ar an gc\u00e9ad 3 \u00e1it a dtabharfaidh s\u00e9 cuairt orthu agus \u00e9 ar a bhealach \u00f3 Addis go dt\u00edna cheann [&hellip;]","og_url":"https:\/\/dev.tg4.ie\/ga\/eolas\/preas\/nuacht-raitis\/2020-2\/hector-africa-a-go-z\/","og_site_name":"TG4","article_publisher":"https:\/\/www.facebook.com\/TG4TV","og_image":[{"width":1920,"height":1080,"url":"https:\/\/tg4-docs.s3.amazonaws.com\/tg4-redesign-2015\/wp-content\/uploads\/2020\/09\/Hector_AgoZ_Preas_1_1920x1080.jpg","type":"image\/jpeg"}],"twitter_card":"summary_large_image","twitter_image":"https:\/\/tg4-docs.s3.amazonaws.com\/tg4-redesign-2015\/wp-content\/uploads\/2020\/09\/Hector_AgoZ_Preas_1_1920x1080.jpg","twitter_site":"@TG4TV","twitter_misc":{"Est. reading time":"2 minutes"},"schema":{"@context":"https:\/\/schema.org","@graph":[{"@type":"WebPage","@id":"https:\/\/dev.tg4.ie\/ga\/eolas\/preas\/nuacht-raitis\/2020-2\/hector-africa-a-go-z\/","url":"https:\/\/dev.tg4.ie\/ga\/eolas\/preas\/nuacht-raitis\/2020-2\/hector-africa-a-go-z\/","name":"Hector Africa A go Z | Preas R\u00e1iteas | TG4","isPartOf":{"@id":"https:\/\/dev.tg4.ie\/en\/#website"},"primaryImageOfPage":{"@id":"https:\/\/dev.tg4.ie\/ga\/eolas\/preas\/nuacht-raitis\/2020-2\/hector-africa-a-go-z\/#primaryimage"},"image":{"@id":"https:\/\/dev.tg4.ie\/ga\/eolas\/preas\/nuacht-raitis\/2020-2\/hector-africa-a-go-z\/#primaryimage"},"thumbnailUrl":"https:\/\/dev.tg4.ie\/wp-content\/uploads\/2020\/09\/Hector_AgoZ_Preas_1_1920x1080.jpg","datePublished":"2020-09-28T16:02:06+00:00","dateModified":"2020-09-28T16:02:06+00:00","breadcrumb":{"@id":"https:\/\/dev.tg4.ie\/ga\/eolas\/preas\/nuacht-raitis\/2020-2\/hector-africa-a-go-z\/#breadcrumb"},"inLanguage":"ga","potentialAction":[{"@type":"ReadAction","target":["https:\/\/dev.tg4.ie\/ga\/eolas\/preas\/nuacht-raitis\/2020-2\/hector-africa-a-go-z\/"]}]},{"@type":"ImageObject","inLanguage":"ga","@id":"https:\/\/dev.tg4.ie\/ga\/eolas\/preas\/nuacht-raitis\/2020-2\/hector-africa-a-go-z\/#primaryimage","url":"https:\/\/dev.tg4.ie\/wp-content\/uploads\/2020\/09\/Hector_AgoZ_Preas_1_1920x1080.jpg","contentUrl":"https:\/\/dev.tg4.ie\/wp-content\/uploads\/2020\/09\/Hector_AgoZ_Preas_1_1920x1080.jpg"},{"@type":"BreadcrumbList","@id":"https:\/\/dev.tg4.ie\/ga\/eolas\/preas\/nuacht-raitis\/2020-2\/hector-africa-a-go-z\/#breadcrumb","itemListElement":[{"@type":"ListItem","position":1,"name":"Home","item":"https:\/\/dev.tg4.ie\/ga\/"},{"@type":"ListItem","position":2,"name":"Eolas","item":"https:\/\/dev.tg4.ie\/ga\/eolas\/"},{"@type":"ListItem","position":3,"name":"Preas","item":"https:\/\/dev.tg4.ie\/ga\/eolas\/preas\/"},{"@type":"ListItem","position":4,"name":"Nuacht R\u00e1itis","item":"https:\/\/dev.tg4.ie\/ga\/eolas\/preas\/nuacht-raitis\/"},{"@type":"ListItem","position":5,"name":"2020","item":"https:\/\/dev.tg4.ie\/ga\/eolas\/preas\/nuacht-raitis\/2020-2\/"},{"@type":"ListItem","position":6,"name":"Hector Africa A go Z"}]},{"@type":"WebSite","@id":"https:\/\/dev.tg4.ie\/en\/#website","url":"https:\/\/dev.tg4.ie\/en\/","name":"TG4","description":"S\u00fail Eile","potentialAction":[{"@type":"SearchAction","target":{"@type":"EntryPoint","urlTemplate":"https:\/\/dev.tg4.ie\/en\/?s={search_term_string}"},"query-input":"required name=search_term_string"}],"inLanguage":"ga"}]}},"_links":{"self":[{"href":"https:\/\/dev.tg4.ie\/ga\/wp-json\/wp\/v2\/pages\/114479"}],"collection":[{"href":"https:\/\/dev.tg4.ie\/ga\/wp-json\/wp\/v2\/pages"}],"about":[{"href":"https:\/\/dev.tg4.ie\/ga\/wp-json\/wp\/v2\/types\/page"}],"author":[{"embeddable":true,"href":"https:\/\/dev.tg4.ie\/ga\/wp-json\/wp\/v2\/users\/876"}],"replies":[{"embeddable":true,"href":"https:\/\/dev.tg4.ie\/ga\/wp-json\/wp\/v2\/comments?post=114479"}],"version-history":[{"count":0,"href":"https:\/\/dev.tg4.ie\/ga\/wp-json\/wp\/v2\/pages\/114479\/revisions"}],"up":[{"embeddable":true,"href":"https:\/\/dev.tg4.ie\/ga\/wp-json\/wp\/v2\/pages\/111525"}],"wp:attachment":[{"href":"https:\/\/dev.tg4.ie\/ga\/wp-json\/wp\/v2\/media?parent=114479"}],"curies":[{"name":"wp","href":"https:\/\/api.w.org\/{rel}","templated":true}]}}