{"id":114584,"date":"2020-10-07T16:35:59","date_gmt":"2020-10-07T15:35:59","guid":{"rendered":"https:\/\/dev.tg4.ie\/?page_id=114584"},"modified":"2020-10-07T17:17:27","modified_gmt":"2020-10-07T16:17:27","slug":"tg4-le-cuig-shraith-dramaiochta-nua-a-bheidh-dirithe-ar-dhaoine-faoi-35-bhliana-a-fhorbairt-i-gcomhar-le-fis-eireann-screen-ireland","status":"publish","type":"page","link":"https:\/\/dev.tg4.ie\/ga\/eolas\/preas\/nuacht-raitis\/2020-2\/tg4-le-cuig-shraith-dramaiochta-nua-a-bheidh-dirithe-ar-dhaoine-faoi-35-bhliana-a-fhorbairt-i-gcomhar-le-fis-eireann-screen-ireland\/","title":{"rendered":"TG4 le c\u00faig shraith dr\u00e1ma\u00edochta nua a bheidh d\u00edrithe ar dhaoine faoi 35 bhliana a fhorbairt i gcomhar le F\u00eds \u00c9ireann \/ Screen Ireland"},"content":{"rendered":"<p><a href=\"https:\/\/tg4-docs.s3.amazonaws.com\/tg4-redesign-2015\/wp-content\/uploads\/2020\/10\/Forb-Drama-1920x1080_1.jpg\"><img loading=\"lazy\" decoding=\"async\" width=\"1920\" height=\"1080\" src=\"https:\/\/tg4-docs.s3.amazonaws.com\/tg4-redesign-2015\/wp-content\/uploads\/2020\/10\/Forb-Drama-1920x1080_1.jpg\" alt=\"\" class=\"alignnone size-full wp-image-114586\" srcset=\"https:\/\/tg4-docs.s3.amazonaws.com\/tg4-redesign-2015\/wp-content\/uploads\/2020\/10\/Forb-Drama-1920x1080_1.jpg 1920w, https:\/\/tg4-docs.s3.amazonaws.com\/tg4-redesign-2015\/wp-content\/uploads\/2020\/10\/Forb-Drama-1920x1080_1-250x141.jpg 250w, https:\/\/tg4-docs.s3.amazonaws.com\/tg4-redesign-2015\/wp-content\/uploads\/2020\/10\/Forb-Drama-1920x1080_1-700x394.jpg 700w, https:\/\/tg4-docs.s3.amazonaws.com\/tg4-redesign-2015\/wp-content\/uploads\/2020\/10\/Forb-Drama-1920x1080_1-252x141.jpg 252w, https:\/\/tg4-docs.s3.amazonaws.com\/tg4-redesign-2015\/wp-content\/uploads\/2020\/10\/Forb-Drama-1920x1080_1-1536x864.jpg 1536w, https:\/\/tg4-docs.s3.amazonaws.com\/tg4-redesign-2015\/wp-content\/uploads\/2020\/10\/Forb-Drama-1920x1080_1-120x68.jpg 120w\" sizes=\"(max-width: 1920px) 100vw, 1920px\" \/><\/a><br \/>\n&nbsp;<\/p>\n<p>T\u00e1 TG4, i gcomhar le F\u00eds \u00c9ireann\/Screen Ireland, ag lorg iarratas chun c\u00faig bhunsraith dr\u00e1ma\u00edochta nua, chomhaimseartha, charachtar-bhunaithe a fhorbairt a mbeidh t\u00f3ir ag lucht f\u00e9achana n\u00edos \u00f3ige, faoi 35 bhliana ach go h\u00e1irithe, orthu.   Ba ch\u00f3ir na smaointe a chuirfear faoin\u00e1r mbr\u00e1id a bheith uaillmhianach, misni\u00fail, cruthaitheach, siams\u00fail agus gur l\u00e9iri\u00fa iad ar an tsocha\u00ed, gur s\u00fail eile a bheadh iontu a mheallfaidh gl\u00fain eile ilchine\u00e1lach de lucht sp\u00e9ise dr\u00e1ma\u00edochta TG4. <\/p>\n<p>Mar chuid den Phac\u00e1iste Taca\u00edochta \u20ac3 mhilli\u00fan le Poist a Spreagadh i m\u00ed I\u00fail, t\u00e1 maoini\u00fa leithdh\u00e1ilte ag F\u00eds \u00c9ireann a dh\u00edreofar ar dheiseanna il\u00e9ags\u00fala agus sna r\u00e9igi\u00fain.  Mar thoradh ar an bpac\u00e1iste taca\u00edochta, t\u00e1 TG4 agus F\u00eds \u00c9ireann ag lorg aighneachta\u00ed chun dr\u00e1ma\u00edocht a fhorbairt. <\/p>\n<p>Sraith dr\u00e1ma\u00edochta idir 4 agus 8 gcl\u00e1r, 25 n\u00f3im\u00e9ad ar fhad, at\u00e1thar a lorg ach d\u00e9anfaimid smaointe ar fi\u00fa tr\u00e9imhse n\u00edos faide a thabhairt d\u00f3ibh a mheas freisin.  Ba ch\u00f3ir go lu\u00edfeadh na sraitheanna a chuirfear faoin\u00e1r mbr\u00e1id go n\u00e1d\u00fartha leis an nGaeilge agus go mbeadh siad taitneamhach do dhaoine a labhra\u00edonn Gaeilge go rialta ach go mbeadh siad tarraingteach freisin do lucht f\u00e9achana n\u00e1isi\u00fanta agus idirn\u00e1isi\u00fanta n\u00edos leithne \u00f3 thaobh tuin, grinn, \u00e1bharthacht agus cur chuige st\u00edle.<\/p>\n<p>Cuirfear c\u00faig thionscadal ar ghearrliosta agus cuirfear maoini\u00fa forbartha ar fi\u00fa suas le \u20ac50,000 \u00e9 ar f\u00e1il d\u00f3ibh chun an tsraith a thabhairt chuig leibh\u00e9al l\u00e9iri\u00fach\u00e1in. <\/p>\n<p>F\u00e1ilteoidh TG4 roimh iarratais roimh iarratais lena bhforbairt \u00f3 chomhlachta\u00ed l\u00e9iri\u00fach\u00e1in a bhfuil an taith\u00ed chu\u00ed acu i ndr\u00e1ma\u00edocht d&#8217;ardchaighde\u00e1n a l\u00e9iri\u00fa. Is mian linn scr\u00edbhneoir\u00ed, sti\u00farth\u00f3ir\u00ed agus aisteoir\u00ed nua a bhfuil Gaeilge acu a thabhairt chun cinn mar chuid den phr\u00f3iseas sin.  N\u00ed m\u00f3r scr\u00edbhneoir Gaeilge a bheith mar chuid den iarratas mar an pr\u00edomhscr\u00edbhneoir n\u00f3 mar chomhscr\u00edbhneoir.<\/p>\n<p>Mar chuid den fhorbairt cuirfear meant\u00f3ir ar f\u00e1il duit, arna mholadh ag F\u00eds \u00c9ireann. <\/p>\n<p>N\u00ed m\u00f3r plean forbartha a bheith mar chuid den ch\u00e1ip\u00e9is a chuirfear faoin\u00e1r mbr\u00e1id ina leagfar b\u00e9im ar r\u00e9ims\u00ed forbartha i do mh\u00fanla l\u00e9iri\u00fach\u00e1in i.e. scr\u00edbhneoir\u00ed Gaeilge, Sti\u00farth\u00f3ir\u00ed, Eagarth\u00f3ir\u00ed Scripte, C\u00fant\u00f3ir\u00ed L\u00e9irithe etc. a fhorbairt, d&#8217;fh\u00e9adfa\u00ed sin a dh\u00e9anamh tr\u00ed phostsc\u00e1th\u00fa, meant\u00f3ireacht n\u00f3 tr\u00ed sc\u00e9imeanna oili\u00fana.<\/p>\n<p>D\u00fairt Bainisteoir Coimisi\u00fanaithe TG4, Mary Ellen N\u00ed Chual\u00e1in, agus an sc\u00e9im \u00e1 f\u00f3gairt  <em>&#8220;T\u00e1 r\u00edm\u00e9ad ar TG4 an maoini\u00fa forbartha seo a fh\u00f3gairt i gcomhar le F\u00eds \u00c9ireann chun dr\u00e1ma\u00edocht a fhorbairt do lucht f\u00e9achana n\u00edos \u00f3ige.  Is tosa\u00edocht ag TG4 go mbeadh an cain\u00e9al tarraingteach do lucht f\u00e9achana n\u00edos \u00f3ige, agus is deis iontach \u00ed seo chun an m\u00e9ad\u00fa ar an lucht f\u00e9achana a neart\u00fa agus is deis \u00ed chomh maith tac\u00fa le smaointeoireacht chruthaitheach agus le lucht na cruthaitheachta san earn\u00e1il neamhsple\u00e1ch.&#8221;<\/em><\/p>\n<p>D\u00fairt Andrew Byrne, Bainisteoir Tionscadal, F\u00eds \u00c9ireann <em>\u201cT\u00e1 F\u00eds \u00c9ireann tiomanta aird a tharraingt ar \u00c9irinn mar l\u00e1rionad barr feabhais \u00f3 thaobh na dr\u00e1ma\u00edochta scripte. Is sc\u00e9im nua \u00ed seo at\u00e1 mar chuid d\u00e1r nd\u00edcheall ionada\u00edocht a dh\u00e9anamh ar r\u00e9imse tallainne il\u00e9ags\u00fail \u00f3 gach c\u00falra i r\u00f3il l\u00e9iri\u00fach\u00e1in chruthaitheacha shinsearacha, lena chinnti\u00fa go bhfuil paireacht inscne i bhfeidhm ar fud na hearn\u00e1la chomh maith le foireann oibre chuimsitheach agus a bh\u00edonn ag athr\u00fa.&#8221;<\/em><br \/>\n&nbsp;<\/p>\n<p>N\u00ed m\u00f3r na nithe seo a leanas a bheith san \u00e1ireamh in iarratais lena bhforbairt:<\/p>\n<ul>\n<li>Achoimre ghearr &#038; Achoimre (260 focal)<\/li>\n<li>R\u00e9amhleagan (250 focal)<\/li>\n<li>Sn\u00e1ithe na Sraithe (600 focal)<\/li>\n<li>B\u00edobla na gCarachtar (3-5 leathanach A4 gan \u00edomh\u00e1nna san \u00e1ireamh)<\/li>\n<li>Breac-chuntas ar an tuin agus ar st\u00edl fh\u00edsi\u00fail an tionscadail, lena n-\u00e1ir\u00edtear cl\u00e1r tobsmaointe. (1 leathanach A4)<\/li>\n<li>Sonra\u00ed maidir le pr\u00edomhphearsanra cruthaitheacha agus tallann chruthaitheach l\u00e9iri\u00fach\u00e1in<\/li>\n<li>Buis\u00e9ad forbartha (n\u00ed m\u00f3r teimpl\u00e9ad buis\u00e9id TG4 a \u00fas\u00e1id)<\/li>\n<li>Fianaise maidir le cearta \u00dain\u00e9ireachta<\/li>\n<\/ul>\n<p>&nbsp;<br \/>\nN\u00ed m\u00f3r gach moladh a chur ar aghaidh go leictreonach chuig TG4.  N\u00ed m\u00f3r do chomhlachta\u00ed l\u00e9iri\u00fach\u00e1in a chinnti\u00fa ar dt\u00fas go bhfuil siad cl\u00e1raithe ar \u00e1r gc\u00f3ras r\u00edomhchoimisi\u00fanaithe  <a href=\"http:\/\/update.tg4.ie\/ecomm\/login.php\" rel=\"noopener noreferrer\" target=\"_blank\">http:\/\/update.tg4.ie\/ecomm\/login.php<\/a>, agus ansin uasl\u00f3d\u00e1il a dh\u00e9anamh roimh an d\u00e1ta deiridh a nglacfar le hiarratais tr\u00ed \u2018Forbairt Dr\u00e1ma\u00edocht F35 2020\u2019 a roghn\u00fa \u00f3n roghchl\u00e1r anuas.  Cuirfear in i\u00fal duit, go huathoibr\u00edoch, nuair at\u00e1 do thogra curtha ar aghaidh. Is \u00e9 an 30 Samhain ag 4pm an spriocdh\u00e1ta d&#8217;iarratais. N\u00ed ghlacfar le togra\u00ed nuair a bheidh an d\u00e1ta deiridh a nglacfar le hiarratais caite.<br \/>\n&nbsp;<\/p>\n<p><strong>Tuilleadh Eolais:<\/strong><br \/>\nIs f\u00e9idir ceist ar bith maidir le molta\u00ed a chur ar aghaidh go leictreonach a sheoladh chuig M\u00e1ire U\u00ed Choisdealbha \u2013 <a href=\"mailto:maire.ui.choisdealbha@dev.tg4.ie\" rel=\"noopener noreferrer\" target=\"_blank\">maire.ui.choisdealbha@dev.tg4.ie<\/a><\/p>\n<p>Is f\u00e9idir ceist ar bith maidir leis an mbabhta seo agus maidir le hoiri\u00fanacht an tionscadail a sheoladh chuig Mary Ellen N\u00ed Chual\u00e1in &#8211; <a href=\"mailto:maryellen.ni.chualain@dev.tg4.ie\" rel=\"noopener noreferrer\" target=\"_blank\">maryellen.ni.chualain@dev.tg4.ie<\/a><br \/>\n&nbsp;<\/p>\n","protected":false},"excerpt":{"rendered":"<p>&nbsp; T\u00e1 TG4, i gcomhar le F\u00eds \u00c9ireann\/Screen Ireland, ag lorg iarratas chun c\u00faig bhunsraith dr\u00e1ma\u00edochta nua, chomhaimseartha, charachtar-bhunaithe a fhorbairt a mbeidh t\u00f3ir ag lucht f\u00e9achana n\u00edos \u00f3ige, faoi 35 bhliana ach go h\u00e1irithe, orthu. Ba ch\u00f3ir na smaointe a chuirfear faoin\u00e1r mbr\u00e1id a bheith uaillmhianach, misni\u00fail, cruthaitheach, siams\u00fail agus gur l\u00e9iri\u00fa iad ar [&hellip;]<\/p>\n","protected":false},"author":876,"featured_media":0,"parent":111525,"menu_order":44,"comment_status":"closed","ping_status":"closed","template":"page-templates\/template-pr.php","meta":{"_acf_changed":false,"footnotes":""},"acf":[],"yoast_head":"<!-- This site is optimized with the Yoast SEO plugin v22.6 - https:\/\/yoast.com\/wordpress\/plugins\/seo\/ -->\n<title>TG4 le c\u00faig shraith dr\u00e1ma\u00edochta nua a bheidh d\u00edrithe ar dhaoine faoi 35 bhliana a fhorbairt i gcomhar le F\u00eds \u00c9ireann \/ Screen Ireland | Preas R\u00e1iteas | TG4<\/title>\n<meta name=\"robots\" content=\"index, follow, max-snippet:-1, max-image-preview:large, max-video-preview:-1\" \/>\n<meta property=\"og:locale\" content=\"en_US\" \/>\n<meta property=\"og:type\" content=\"article\" \/>\n<meta property=\"og:title\" content=\"TG4 le c\u00faig shraith dr\u00e1ma\u00edochta nua a bheidh d\u00edrithe ar dhaoine faoi 35 bhliana a fhorbairt i gcomhar le F\u00eds \u00c9ireann \/ Screen Ireland | Preas R\u00e1iteas | TG4\" \/>\n<meta property=\"og:description\" content=\"&nbsp; T\u00e1 TG4, i gcomhar le F\u00eds \u00c9ireann\/Screen Ireland, ag lorg iarratas chun c\u00faig bhunsraith dr\u00e1ma\u00edochta nua, chomhaimseartha, charachtar-bhunaithe a fhorbairt a mbeidh t\u00f3ir ag lucht f\u00e9achana n\u00edos \u00f3ige, faoi 35 bhliana ach go h\u00e1irithe, orthu. Ba ch\u00f3ir na smaointe a chuirfear faoin\u00e1r mbr\u00e1id a bheith uaillmhianach, misni\u00fail, cruthaitheach, siams\u00fail agus gur l\u00e9iri\u00fa iad ar [&hellip;]\" \/>\n<meta property=\"og:url\" content=\"https:\/\/dev.tg4.ie\/ga\/eolas\/preas\/nuacht-raitis\/2020-2\/tg4-le-cuig-shraith-dramaiochta-nua-a-bheidh-dirithe-ar-dhaoine-faoi-35-bhliana-a-fhorbairt-i-gcomhar-le-fis-eireann-screen-ireland\/\" \/>\n<meta property=\"og:site_name\" content=\"TG4\" \/>\n<meta property=\"article:publisher\" content=\"https:\/\/www.facebook.com\/TG4TV\" \/>\n<meta property=\"article:modified_time\" content=\"2020-10-07T16:17:27+00:00\" \/>\n<meta property=\"og:image\" content=\"https:\/\/tg4-docs.s3.amazonaws.com\/tg4-redesign-2015\/wp-content\/uploads\/2020\/10\/Forb-Drama-1920x1080_1.jpg\" \/>\n\t<meta property=\"og:image:width\" content=\"1920\" \/>\n\t<meta property=\"og:image:height\" content=\"1080\" \/>\n\t<meta property=\"og:image:type\" content=\"image\/jpeg\" \/>\n<meta name=\"twitter:card\" content=\"summary_large_image\" \/>\n<meta name=\"twitter:image\" content=\"https:\/\/tg4-docs.s3.amazonaws.com\/tg4-redesign-2015\/wp-content\/uploads\/2020\/10\/Forb-Drama-1920x1080_1.jpg\" \/>\n<meta name=\"twitter:site\" content=\"@TG4TV\" \/>\n<meta name=\"twitter:label1\" content=\"Est. reading time\" \/>\n\t<meta name=\"twitter:data1\" content=\"5 minutes\" \/>\n<script type=\"application\/ld+json\" class=\"yoast-schema-graph\">{\"@context\":\"https:\/\/schema.org\",\"@graph\":[{\"@type\":\"WebPage\",\"@id\":\"https:\/\/dev.tg4.ie\/ga\/eolas\/preas\/nuacht-raitis\/2020-2\/tg4-le-cuig-shraith-dramaiochta-nua-a-bheidh-dirithe-ar-dhaoine-faoi-35-bhliana-a-fhorbairt-i-gcomhar-le-fis-eireann-screen-ireland\/\",\"url\":\"https:\/\/dev.tg4.ie\/ga\/eolas\/preas\/nuacht-raitis\/2020-2\/tg4-le-cuig-shraith-dramaiochta-nua-a-bheidh-dirithe-ar-dhaoine-faoi-35-bhliana-a-fhorbairt-i-gcomhar-le-fis-eireann-screen-ireland\/\",\"name\":\"TG4 le c\u00faig shraith dr\u00e1ma\u00edochta nua a bheidh d\u00edrithe ar dhaoine faoi 35 bhliana a fhorbairt i gcomhar le F\u00eds \u00c9ireann \/ Screen Ireland | Preas R\u00e1iteas | TG4\",\"isPartOf\":{\"@id\":\"https:\/\/dev.tg4.ie\/en\/#website\"},\"primaryImageOfPage\":{\"@id\":\"https:\/\/dev.tg4.ie\/ga\/eolas\/preas\/nuacht-raitis\/2020-2\/tg4-le-cuig-shraith-dramaiochta-nua-a-bheidh-dirithe-ar-dhaoine-faoi-35-bhliana-a-fhorbairt-i-gcomhar-le-fis-eireann-screen-ireland\/#primaryimage\"},\"image\":{\"@id\":\"https:\/\/dev.tg4.ie\/ga\/eolas\/preas\/nuacht-raitis\/2020-2\/tg4-le-cuig-shraith-dramaiochta-nua-a-bheidh-dirithe-ar-dhaoine-faoi-35-bhliana-a-fhorbairt-i-gcomhar-le-fis-eireann-screen-ireland\/#primaryimage\"},\"thumbnailUrl\":\"https:\/\/dev.tg4.ie\/wp-content\/uploads\/2020\/10\/Forb-Drama-1920x1080_1.jpg\",\"datePublished\":\"2020-10-07T15:35:59+00:00\",\"dateModified\":\"2020-10-07T16:17:27+00:00\",\"breadcrumb\":{\"@id\":\"https:\/\/dev.tg4.ie\/ga\/eolas\/preas\/nuacht-raitis\/2020-2\/tg4-le-cuig-shraith-dramaiochta-nua-a-bheidh-dirithe-ar-dhaoine-faoi-35-bhliana-a-fhorbairt-i-gcomhar-le-fis-eireann-screen-ireland\/#breadcrumb\"},\"inLanguage\":\"ga\",\"potentialAction\":[{\"@type\":\"ReadAction\",\"target\":[\"https:\/\/dev.tg4.ie\/ga\/eolas\/preas\/nuacht-raitis\/2020-2\/tg4-le-cuig-shraith-dramaiochta-nua-a-bheidh-dirithe-ar-dhaoine-faoi-35-bhliana-a-fhorbairt-i-gcomhar-le-fis-eireann-screen-ireland\/\"]}]},{\"@type\":\"ImageObject\",\"inLanguage\":\"ga\",\"@id\":\"https:\/\/dev.tg4.ie\/ga\/eolas\/preas\/nuacht-raitis\/2020-2\/tg4-le-cuig-shraith-dramaiochta-nua-a-bheidh-dirithe-ar-dhaoine-faoi-35-bhliana-a-fhorbairt-i-gcomhar-le-fis-eireann-screen-ireland\/#primaryimage\",\"url\":\"https:\/\/dev.tg4.ie\/wp-content\/uploads\/2020\/10\/Forb-Drama-1920x1080_1.jpg\",\"contentUrl\":\"https:\/\/dev.tg4.ie\/wp-content\/uploads\/2020\/10\/Forb-Drama-1920x1080_1.jpg\"},{\"@type\":\"BreadcrumbList\",\"@id\":\"https:\/\/dev.tg4.ie\/ga\/eolas\/preas\/nuacht-raitis\/2020-2\/tg4-le-cuig-shraith-dramaiochta-nua-a-bheidh-dirithe-ar-dhaoine-faoi-35-bhliana-a-fhorbairt-i-gcomhar-le-fis-eireann-screen-ireland\/#breadcrumb\",\"itemListElement\":[{\"@type\":\"ListItem\",\"position\":1,\"name\":\"Home\",\"item\":\"https:\/\/dev.tg4.ie\/ga\/\"},{\"@type\":\"ListItem\",\"position\":2,\"name\":\"Eolas\",\"item\":\"https:\/\/dev.tg4.ie\/ga\/eolas\/\"},{\"@type\":\"ListItem\",\"position\":3,\"name\":\"Preas\",\"item\":\"https:\/\/dev.tg4.ie\/ga\/eolas\/preas\/\"},{\"@type\":\"ListItem\",\"position\":4,\"name\":\"Nuacht R\u00e1itis\",\"item\":\"https:\/\/dev.tg4.ie\/ga\/eolas\/preas\/nuacht-raitis\/\"},{\"@type\":\"ListItem\",\"position\":5,\"name\":\"2020\",\"item\":\"https:\/\/dev.tg4.ie\/ga\/eolas\/preas\/nuacht-raitis\/2020-2\/\"},{\"@type\":\"ListItem\",\"position\":6,\"name\":\"TG4 le c\u00faig shraith dr\u00e1ma\u00edochta nua a bheidh d\u00edrithe ar dhaoine faoi 35 bhliana a fhorbairt i gcomhar le F\u00eds \u00c9ireann \/ Screen Ireland\"}]},{\"@type\":\"WebSite\",\"@id\":\"https:\/\/dev.tg4.ie\/en\/#website\",\"url\":\"https:\/\/dev.tg4.ie\/en\/\",\"name\":\"TG4\",\"description\":\"S\u00fail Eile\",\"potentialAction\":[{\"@type\":\"SearchAction\",\"target\":{\"@type\":\"EntryPoint\",\"urlTemplate\":\"https:\/\/dev.tg4.ie\/en\/?s={search_term_string}\"},\"query-input\":\"required name=search_term_string\"}],\"inLanguage\":\"ga\"}]}<\/script>\n<!-- \/ Yoast SEO plugin. -->","yoast_head_json":{"title":"TG4 le c\u00faig shraith dr\u00e1ma\u00edochta nua a bheidh d\u00edrithe ar dhaoine faoi 35 bhliana a fhorbairt i gcomhar le F\u00eds \u00c9ireann \/ Screen Ireland | Preas R\u00e1iteas | TG4","robots":{"index":"index","follow":"follow","max-snippet":"max-snippet:-1","max-image-preview":"max-image-preview:large","max-video-preview":"max-video-preview:-1"},"og_locale":"en_US","og_type":"article","og_title":"TG4 le c\u00faig shraith dr\u00e1ma\u00edochta nua a bheidh d\u00edrithe ar dhaoine faoi 35 bhliana a fhorbairt i gcomhar le F\u00eds \u00c9ireann \/ Screen Ireland | Preas R\u00e1iteas | TG4","og_description":"&nbsp; T\u00e1 TG4, i gcomhar le F\u00eds \u00c9ireann\/Screen Ireland, ag lorg iarratas chun c\u00faig bhunsraith dr\u00e1ma\u00edochta nua, chomhaimseartha, charachtar-bhunaithe a fhorbairt a mbeidh t\u00f3ir ag lucht f\u00e9achana n\u00edos \u00f3ige, faoi 35 bhliana ach go h\u00e1irithe, orthu. Ba ch\u00f3ir na smaointe a chuirfear faoin\u00e1r mbr\u00e1id a bheith uaillmhianach, misni\u00fail, cruthaitheach, siams\u00fail agus gur l\u00e9iri\u00fa iad ar [&hellip;]","og_url":"https:\/\/dev.tg4.ie\/ga\/eolas\/preas\/nuacht-raitis\/2020-2\/tg4-le-cuig-shraith-dramaiochta-nua-a-bheidh-dirithe-ar-dhaoine-faoi-35-bhliana-a-fhorbairt-i-gcomhar-le-fis-eireann-screen-ireland\/","og_site_name":"TG4","article_publisher":"https:\/\/www.facebook.com\/TG4TV","article_modified_time":"2020-10-07T16:17:27+00:00","og_image":[{"width":1920,"height":1080,"url":"https:\/\/tg4-docs.s3.amazonaws.com\/tg4-redesign-2015\/wp-content\/uploads\/2020\/10\/Forb-Drama-1920x1080_1.jpg","type":"image\/jpeg"}],"twitter_card":"summary_large_image","twitter_image":"https:\/\/tg4-docs.s3.amazonaws.com\/tg4-redesign-2015\/wp-content\/uploads\/2020\/10\/Forb-Drama-1920x1080_1.jpg","twitter_site":"@TG4TV","twitter_misc":{"Est. reading time":"5 minutes"},"schema":{"@context":"https:\/\/schema.org","@graph":[{"@type":"WebPage","@id":"https:\/\/dev.tg4.ie\/ga\/eolas\/preas\/nuacht-raitis\/2020-2\/tg4-le-cuig-shraith-dramaiochta-nua-a-bheidh-dirithe-ar-dhaoine-faoi-35-bhliana-a-fhorbairt-i-gcomhar-le-fis-eireann-screen-ireland\/","url":"https:\/\/dev.tg4.ie\/ga\/eolas\/preas\/nuacht-raitis\/2020-2\/tg4-le-cuig-shraith-dramaiochta-nua-a-bheidh-dirithe-ar-dhaoine-faoi-35-bhliana-a-fhorbairt-i-gcomhar-le-fis-eireann-screen-ireland\/","name":"TG4 le c\u00faig shraith dr\u00e1ma\u00edochta nua a bheidh d\u00edrithe ar dhaoine faoi 35 bhliana a fhorbairt i gcomhar le F\u00eds \u00c9ireann \/ Screen Ireland | Preas R\u00e1iteas | TG4","isPartOf":{"@id":"https:\/\/dev.tg4.ie\/en\/#website"},"primaryImageOfPage":{"@id":"https:\/\/dev.tg4.ie\/ga\/eolas\/preas\/nuacht-raitis\/2020-2\/tg4-le-cuig-shraith-dramaiochta-nua-a-bheidh-dirithe-ar-dhaoine-faoi-35-bhliana-a-fhorbairt-i-gcomhar-le-fis-eireann-screen-ireland\/#primaryimage"},"image":{"@id":"https:\/\/dev.tg4.ie\/ga\/eolas\/preas\/nuacht-raitis\/2020-2\/tg4-le-cuig-shraith-dramaiochta-nua-a-bheidh-dirithe-ar-dhaoine-faoi-35-bhliana-a-fhorbairt-i-gcomhar-le-fis-eireann-screen-ireland\/#primaryimage"},"thumbnailUrl":"https:\/\/dev.tg4.ie\/wp-content\/uploads\/2020\/10\/Forb-Drama-1920x1080_1.jpg","datePublished":"2020-10-07T15:35:59+00:00","dateModified":"2020-10-07T16:17:27+00:00","breadcrumb":{"@id":"https:\/\/dev.tg4.ie\/ga\/eolas\/preas\/nuacht-raitis\/2020-2\/tg4-le-cuig-shraith-dramaiochta-nua-a-bheidh-dirithe-ar-dhaoine-faoi-35-bhliana-a-fhorbairt-i-gcomhar-le-fis-eireann-screen-ireland\/#breadcrumb"},"inLanguage":"ga","potentialAction":[{"@type":"ReadAction","target":["https:\/\/dev.tg4.ie\/ga\/eolas\/preas\/nuacht-raitis\/2020-2\/tg4-le-cuig-shraith-dramaiochta-nua-a-bheidh-dirithe-ar-dhaoine-faoi-35-bhliana-a-fhorbairt-i-gcomhar-le-fis-eireann-screen-ireland\/"]}]},{"@type":"ImageObject","inLanguage":"ga","@id":"https:\/\/dev.tg4.ie\/ga\/eolas\/preas\/nuacht-raitis\/2020-2\/tg4-le-cuig-shraith-dramaiochta-nua-a-bheidh-dirithe-ar-dhaoine-faoi-35-bhliana-a-fhorbairt-i-gcomhar-le-fis-eireann-screen-ireland\/#primaryimage","url":"https:\/\/dev.tg4.ie\/wp-content\/uploads\/2020\/10\/Forb-Drama-1920x1080_1.jpg","contentUrl":"https:\/\/dev.tg4.ie\/wp-content\/uploads\/2020\/10\/Forb-Drama-1920x1080_1.jpg"},{"@type":"BreadcrumbList","@id":"https:\/\/dev.tg4.ie\/ga\/eolas\/preas\/nuacht-raitis\/2020-2\/tg4-le-cuig-shraith-dramaiochta-nua-a-bheidh-dirithe-ar-dhaoine-faoi-35-bhliana-a-fhorbairt-i-gcomhar-le-fis-eireann-screen-ireland\/#breadcrumb","itemListElement":[{"@type":"ListItem","position":1,"name":"Home","item":"https:\/\/dev.tg4.ie\/ga\/"},{"@type":"ListItem","position":2,"name":"Eolas","item":"https:\/\/dev.tg4.ie\/ga\/eolas\/"},{"@type":"ListItem","position":3,"name":"Preas","item":"https:\/\/dev.tg4.ie\/ga\/eolas\/preas\/"},{"@type":"ListItem","position":4,"name":"Nuacht R\u00e1itis","item":"https:\/\/dev.tg4.ie\/ga\/eolas\/preas\/nuacht-raitis\/"},{"@type":"ListItem","position":5,"name":"2020","item":"https:\/\/dev.tg4.ie\/ga\/eolas\/preas\/nuacht-raitis\/2020-2\/"},{"@type":"ListItem","position":6,"name":"TG4 le c\u00faig shraith dr\u00e1ma\u00edochta nua a bheidh d\u00edrithe ar dhaoine faoi 35 bhliana a fhorbairt i gcomhar le F\u00eds \u00c9ireann \/ Screen Ireland"}]},{"@type":"WebSite","@id":"https:\/\/dev.tg4.ie\/en\/#website","url":"https:\/\/dev.tg4.ie\/en\/","name":"TG4","description":"S\u00fail Eile","potentialAction":[{"@type":"SearchAction","target":{"@type":"EntryPoint","urlTemplate":"https:\/\/dev.tg4.ie\/en\/?s={search_term_string}"},"query-input":"required name=search_term_string"}],"inLanguage":"ga"}]}},"_links":{"self":[{"href":"https:\/\/dev.tg4.ie\/ga\/wp-json\/wp\/v2\/pages\/114584"}],"collection":[{"href":"https:\/\/dev.tg4.ie\/ga\/wp-json\/wp\/v2\/pages"}],"about":[{"href":"https:\/\/dev.tg4.ie\/ga\/wp-json\/wp\/v2\/types\/page"}],"author":[{"embeddable":true,"href":"https:\/\/dev.tg4.ie\/ga\/wp-json\/wp\/v2\/users\/876"}],"replies":[{"embeddable":true,"href":"https:\/\/dev.tg4.ie\/ga\/wp-json\/wp\/v2\/comments?post=114584"}],"version-history":[{"count":0,"href":"https:\/\/dev.tg4.ie\/ga\/wp-json\/wp\/v2\/pages\/114584\/revisions"}],"up":[{"embeddable":true,"href":"https:\/\/dev.tg4.ie\/ga\/wp-json\/wp\/v2\/pages\/111525"}],"wp:attachment":[{"href":"https:\/\/dev.tg4.ie\/ga\/wp-json\/wp\/v2\/media?parent=114584"}],"curies":[{"name":"wp","href":"https:\/\/api.w.org\/{rel}","templated":true}]}}