{"id":114643,"date":"2020-10-13T15:19:29","date_gmt":"2020-10-13T14:19:29","guid":{"rendered":"https:\/\/dev.tg4.ie\/?page_id=114643"},"modified":"2020-10-13T16:55:08","modified_gmt":"2020-10-13T15:55:08","slug":"failte-curtha-ag-tg4-roimh-fhogra-an-rialtais-go-mbeidh-maoiniu-breise-de-e3-5m-a-thabhairt-do-tg4-in-2021","status":"publish","type":"page","link":"https:\/\/dev.tg4.ie\/ga\/eolas\/preas\/nuacht-raitis\/2020-2\/failte-curtha-ag-tg4-roimh-fhogra-an-rialtais-go-mbeidh-maoiniu-breise-de-e3-5m-a-thabhairt-do-tg4-in-2021\/","title":{"rendered":"F\u00e1ilte curtha ag TG4 roimh fh\u00f3gra an Rialtais go mbeidh maoini\u00fa breise de \u20ac3.5m \u00e1 thabhairt do TG4 in 2021."},"content":{"rendered":"<p><a href=\"https:\/\/tg4-docs.s3.amazonaws.com\/tg4-redesign-2015\/wp-content\/uploads\/2020\/10\/Foirgneamh_TG4.jpg\"><img loading=\"lazy\" decoding=\"async\" width=\"1920\" height=\"1080\" src=\"https:\/\/tg4-docs.s3.amazonaws.com\/tg4-redesign-2015\/wp-content\/uploads\/2020\/10\/Foirgneamh_TG4.jpg\" alt=\"\" class=\"alignnone size-full wp-image-114644\" srcset=\"https:\/\/tg4-docs.s3.amazonaws.com\/tg4-redesign-2015\/wp-content\/uploads\/2020\/10\/Foirgneamh_TG4.jpg 1920w, https:\/\/tg4-docs.s3.amazonaws.com\/tg4-redesign-2015\/wp-content\/uploads\/2020\/10\/Foirgneamh_TG4-250x141.jpg 250w, https:\/\/tg4-docs.s3.amazonaws.com\/tg4-redesign-2015\/wp-content\/uploads\/2020\/10\/Foirgneamh_TG4-700x394.jpg 700w, https:\/\/tg4-docs.s3.amazonaws.com\/tg4-redesign-2015\/wp-content\/uploads\/2020\/10\/Foirgneamh_TG4-252x141.jpg 252w, https:\/\/tg4-docs.s3.amazonaws.com\/tg4-redesign-2015\/wp-content\/uploads\/2020\/10\/Foirgneamh_TG4-1536x864.jpg 1536w, https:\/\/tg4-docs.s3.amazonaws.com\/tg4-redesign-2015\/wp-content\/uploads\/2020\/10\/Foirgneamh_TG4-120x68.jpg 120w\" sizes=\"(max-width: 1920px) 100vw, 1920px\" \/><\/a><br \/>\n&nbsp;<\/p>\n<p>T\u00e1 f\u00e1ilte curtha ag TG4 roimh fh\u00f3gra an rialtais sa bhuis\u00e9ad inniu go mbeidh maoini\u00fa breise \u00e1 thabhairt do TG4 i 2021.   T\u00e1 maoini\u00fa breise \u20ac3.5m ceadaithe ag an An Roinn Turas\u00f3ireachta, Cult\u00fair, Eala\u00edon, Gaeltachta, Sp\u00f3irt agus Me\u00e1n do TG4 do 2021. \u20ac40.7m an buis\u00e9ad a bheidh ag TG4 \u00f3n st\u00e1tchiste sa bhliain 2021.<br \/>\n&nbsp;<br \/>\nD\u00fairt Alan Esslemont, Ard-Sti\u00farth\u00f3ir TG4, <em>&#8220;T\u00e1 muid an-bhu\u00edoch den Aire, den Roinn agus den Rialtas as an taca\u00edocht shuntasach bhreise do TG4 in 2021.  L\u00e9ir\u00edonn an infheist\u00edocht seo an muin\u00edn at\u00e1 acu as foireann TG4, as earn\u00e1il na l\u00e9iri\u00fach\u00e1n neamhsple\u00e1ch, as \u00e1r strait\u00e9is lucht f\u00e9achana agus as \u00e1r strait\u00e9is don earn\u00e1il chlosamhairc r\u00e9igi\u00fanach.  Leanfaidh Bord agus bainist\u00edocht TG4 orthu, in \u00e9ineacht len\u00e1r gcomhph\u00e1irtithe ar fad, ag iarraidh athshamhl\u00fa a dh\u00e9anamh ar r\u00f3l agus ar st\u00e1das na Gaeilge agus na Gaeltachta i socha\u00ed na h\u00c9ireann.  Creideann muid gur cheart go mbeadh na me\u00e1in agus na heala\u00edona i l\u00e1r na f\u00edse athshamhlaithe sin.\u201d<\/em><br \/>\n&nbsp;<br \/>\nMhol an t\u00dadar\u00e1s Craolach\u00e1in \u20ac6m breise in aghaidh na bliana a chur le buis\u00e9ad bliant\u00fail TG4 ionas go mbeadh TG4 in ann a aidhmeanna strait\u00e9iseacha a bhaint amach nuair a ceada\u00edodh an strait\u00e9is 5 bliana 2018-2022 in 2018.  Is \u00e9 seo an m\u00e9ad\u00fa is m\u00f3 at\u00e1 faighte ag TG4 \u00f3n st\u00e1tchiste \u00f3 2008.<br \/>\n&nbsp;<br \/>\nIn 2019, bh\u00ed TG4 ar an 6\u00fa cain\u00e9al is m\u00f3 lucht f\u00e9achana in \u00c9irinn.  Bh\u00ed m\u00e9ad\u00fa ar sciar lucht f\u00e9achana TG4 go 1.84%.   Is \u00e9 an sprioc at\u00e1 leagtha s\u00edos sa strait\u00e9is c\u00faig bliana n\u00e1 go mbainfeadh an st\u00e1isi\u00fan sciar 2.2% amach faoi 2022.<br \/>\n&nbsp;<\/p>\n<p>Anuraidh, rinne TG4 infheist\u00edocht \u20ac23m in earn\u00e1il na l\u00e9iri\u00fach\u00e1n neamhsple\u00e1ch in \u00c9irinn, caitheadh \u20ac21m de sin ar chomhlachta\u00ed l\u00e9iri\u00fach\u00e1n neamhsple\u00e1ch sna r\u00e9igi\u00fain.  Caitheadh breis is 70% den chaiteachas bliant\u00fail ar \u00e1bhar nua Gaeilge a chruth\u00fa in 2019.  Tabharfaidh an maoini\u00fa breise seo deis do TG4 tuilleadh infheist\u00edochta a dh\u00e9anamh in earn\u00e1il na l\u00e9iri\u00fach\u00e1n neamhsple\u00e1ch, agus beidh sin ina bhunt\u00e1iste ag geilleagar na t\u00edre, sna Gaeltachta\u00ed agus sna r\u00e9igi\u00fain ach go h\u00e1irithe.<br \/>\n&nbsp;<\/p>\n<p><a href=\"https:\/\/tg4-docs.s3.amazonaws.com\/tg4-redesign-2015\/wp-content\/uploads\/2020\/10\/Alan_Esslemont_Ard-Stiurthoir_TG4.jpg\"><img loading=\"lazy\" decoding=\"async\" width=\"252\" height=\"141\" src=\"https:\/\/tg4-docs.s3.amazonaws.com\/tg4-redesign-2015\/wp-content\/uploads\/2020\/10\/Alan_Esslemont_Ard-Stiurthoir_TG4-252x141.jpg\" alt=\"\" class=\"alignnone size-thumbnail wp-image-114653\" srcset=\"https:\/\/tg4-docs.s3.amazonaws.com\/tg4-redesign-2015\/wp-content\/uploads\/2020\/10\/Alan_Esslemont_Ard-Stiurthoir_TG4-252x141.jpg 252w, https:\/\/tg4-docs.s3.amazonaws.com\/tg4-redesign-2015\/wp-content\/uploads\/2020\/10\/Alan_Esslemont_Ard-Stiurthoir_TG4-250x141.jpg 250w, https:\/\/tg4-docs.s3.amazonaws.com\/tg4-redesign-2015\/wp-content\/uploads\/2020\/10\/Alan_Esslemont_Ard-Stiurthoir_TG4-700x394.jpg 700w, https:\/\/tg4-docs.s3.amazonaws.com\/tg4-redesign-2015\/wp-content\/uploads\/2020\/10\/Alan_Esslemont_Ard-Stiurthoir_TG4-1536x864.jpg 1536w, https:\/\/tg4-docs.s3.amazonaws.com\/tg4-redesign-2015\/wp-content\/uploads\/2020\/10\/Alan_Esslemont_Ard-Stiurthoir_TG4-120x68.jpg 120w, https:\/\/tg4-docs.s3.amazonaws.com\/tg4-redesign-2015\/wp-content\/uploads\/2020\/10\/Alan_Esslemont_Ard-Stiurthoir_TG4.jpg 1920w\" sizes=\"(max-width: 252px) 100vw, 252px\" \/><\/a> <a href=\"https:\/\/tg4-docs.s3.amazonaws.com\/tg4-redesign-2015\/wp-content\/uploads\/2020\/10\/stiurthoir_cine_4.jpg\"><img loading=\"lazy\" decoding=\"async\" width=\"252\" height=\"141\" src=\"https:\/\/tg4-docs.s3.amazonaws.com\/tg4-redesign-2015\/wp-content\/uploads\/2020\/10\/stiurthoir_cine_4-252x141.jpg\" alt=\"\" class=\"alignnone size-thumbnail wp-image-114652\" srcset=\"https:\/\/tg4-docs.s3.amazonaws.com\/tg4-redesign-2015\/wp-content\/uploads\/2020\/10\/stiurthoir_cine_4-252x141.jpg 252w, https:\/\/tg4-docs.s3.amazonaws.com\/tg4-redesign-2015\/wp-content\/uploads\/2020\/10\/stiurthoir_cine_4-250x141.jpg 250w, https:\/\/tg4-docs.s3.amazonaws.com\/tg4-redesign-2015\/wp-content\/uploads\/2020\/10\/stiurthoir_cine_4-700x394.jpg 700w, https:\/\/tg4-docs.s3.amazonaws.com\/tg4-redesign-2015\/wp-content\/uploads\/2020\/10\/stiurthoir_cine_4-1536x864.jpg 1536w, https:\/\/tg4-docs.s3.amazonaws.com\/tg4-redesign-2015\/wp-content\/uploads\/2020\/10\/stiurthoir_cine_4-120x68.jpg 120w, https:\/\/tg4-docs.s3.amazonaws.com\/tg4-redesign-2015\/wp-content\/uploads\/2020\/10\/stiurthoir_cine_4.jpg 1920w\" sizes=\"(max-width: 252px) 100vw, 252px\" \/><\/a> <a href=\"https:\/\/tg4-docs.s3.amazonaws.com\/tg4-redesign-2015\/wp-content\/uploads\/2020\/10\/Cula4-36.jpg\"><img loading=\"lazy\" decoding=\"async\" width=\"252\" height=\"141\" src=\"https:\/\/tg4-docs.s3.amazonaws.com\/tg4-redesign-2015\/wp-content\/uploads\/2020\/10\/Cula4-36-252x141.jpg\" alt=\"\" class=\"alignnone size-thumbnail wp-image-114654\" srcset=\"https:\/\/tg4-docs.s3.amazonaws.com\/tg4-redesign-2015\/wp-content\/uploads\/2020\/10\/Cula4-36-252x141.jpg 252w, https:\/\/tg4-docs.s3.amazonaws.com\/tg4-redesign-2015\/wp-content\/uploads\/2020\/10\/Cula4-36-250x141.jpg 250w, https:\/\/tg4-docs.s3.amazonaws.com\/tg4-redesign-2015\/wp-content\/uploads\/2020\/10\/Cula4-36-700x394.jpg 700w, https:\/\/tg4-docs.s3.amazonaws.com\/tg4-redesign-2015\/wp-content\/uploads\/2020\/10\/Cula4-36-1536x864.jpg 1536w, https:\/\/tg4-docs.s3.amazonaws.com\/tg4-redesign-2015\/wp-content\/uploads\/2020\/10\/Cula4-36-120x68.jpg 120w, https:\/\/tg4-docs.s3.amazonaws.com\/tg4-redesign-2015\/wp-content\/uploads\/2020\/10\/Cula4-36.jpg 1920w\" sizes=\"(max-width: 252px) 100vw, 252px\" \/><\/a><br \/>\n&nbsp;<\/p>\n","protected":false},"excerpt":{"rendered":"<p>&nbsp; T\u00e1 f\u00e1ilte curtha ag TG4 roimh fh\u00f3gra an rialtais sa bhuis\u00e9ad inniu go mbeidh maoini\u00fa breise \u00e1 thabhairt do TG4 i 2021. T\u00e1 maoini\u00fa breise \u20ac3.5m ceadaithe ag an An Roinn Turas\u00f3ireachta, Cult\u00fair, Eala\u00edon, Gaeltachta, Sp\u00f3irt agus Me\u00e1n do TG4 do 2021. \u20ac40.7m an buis\u00e9ad a bheidh ag TG4 \u00f3n st\u00e1tchiste sa bhliain 2021. [&hellip;]<\/p>\n","protected":false},"author":876,"featured_media":0,"parent":111525,"menu_order":45,"comment_status":"closed","ping_status":"closed","template":"page-templates\/template-pr.php","meta":{"_acf_changed":false,"footnotes":""},"acf":[],"yoast_head":"<!-- This site is optimized with the Yoast SEO plugin v22.6 - https:\/\/yoast.com\/wordpress\/plugins\/seo\/ -->\n<title>F\u00e1ilte curtha ag TG4 roimh fh\u00f3gra an Rialtais go mbeidh maoini\u00fa breise de \u20ac3.5m \u00e1 thabhairt do TG4 in 2021 | Preas R\u00e1iteas | TG4<\/title>\n<meta name=\"robots\" content=\"index, follow, max-snippet:-1, max-image-preview:large, max-video-preview:-1\" \/>\n<meta property=\"og:locale\" content=\"en_US\" \/>\n<meta property=\"og:type\" content=\"article\" \/>\n<meta property=\"og:title\" content=\"F\u00e1ilte curtha ag TG4 roimh fh\u00f3gra an Rialtais go mbeidh maoini\u00fa breise de \u20ac3.5m \u00e1 thabhairt do TG4 in 2021 | Preas R\u00e1iteas | TG4\" \/>\n<meta property=\"og:description\" content=\"&nbsp; T\u00e1 f\u00e1ilte curtha ag TG4 roimh fh\u00f3gra an rialtais sa bhuis\u00e9ad inniu go mbeidh maoini\u00fa breise \u00e1 thabhairt do TG4 i 2021. T\u00e1 maoini\u00fa breise \u20ac3.5m ceadaithe ag an An Roinn Turas\u00f3ireachta, Cult\u00fair, Eala\u00edon, Gaeltachta, Sp\u00f3irt agus Me\u00e1n do TG4 do 2021. \u20ac40.7m an buis\u00e9ad a bheidh ag TG4 \u00f3n st\u00e1tchiste sa bhliain 2021. [&hellip;]\" \/>\n<meta property=\"og:url\" content=\"https:\/\/dev.tg4.ie\/ga\/eolas\/preas\/nuacht-raitis\/2020-2\/failte-curtha-ag-tg4-roimh-fhogra-an-rialtais-go-mbeidh-maoiniu-breise-de-e3-5m-a-thabhairt-do-tg4-in-2021\/\" \/>\n<meta property=\"og:site_name\" content=\"TG4\" \/>\n<meta property=\"article:publisher\" content=\"https:\/\/www.facebook.com\/TG4TV\" \/>\n<meta property=\"article:modified_time\" content=\"2020-10-13T15:55:08+00:00\" \/>\n<meta property=\"og:image\" content=\"https:\/\/tg4-docs.s3.amazonaws.com\/tg4-redesign-2015\/wp-content\/uploads\/2020\/10\/Foirgneamh_TG4.jpg\" \/>\n\t<meta property=\"og:image:width\" content=\"1920\" \/>\n\t<meta property=\"og:image:height\" content=\"1080\" \/>\n\t<meta property=\"og:image:type\" content=\"image\/jpeg\" \/>\n<meta name=\"twitter:card\" content=\"summary_large_image\" \/>\n<meta name=\"twitter:image\" content=\"https:\/\/tg4-docs.s3.amazonaws.com\/tg4-redesign-2015\/wp-content\/uploads\/2020\/10\/Foirgneamh_TG4.jpg\" \/>\n<meta name=\"twitter:site\" content=\"@TG4TV\" \/>\n<meta name=\"twitter:label1\" content=\"Est. reading time\" \/>\n\t<meta name=\"twitter:data1\" content=\"2 minutes\" \/>\n<script type=\"application\/ld+json\" class=\"yoast-schema-graph\">{\"@context\":\"https:\/\/schema.org\",\"@graph\":[{\"@type\":\"WebPage\",\"@id\":\"https:\/\/dev.tg4.ie\/ga\/eolas\/preas\/nuacht-raitis\/2020-2\/failte-curtha-ag-tg4-roimh-fhogra-an-rialtais-go-mbeidh-maoiniu-breise-de-e3-5m-a-thabhairt-do-tg4-in-2021\/\",\"url\":\"https:\/\/dev.tg4.ie\/ga\/eolas\/preas\/nuacht-raitis\/2020-2\/failte-curtha-ag-tg4-roimh-fhogra-an-rialtais-go-mbeidh-maoiniu-breise-de-e3-5m-a-thabhairt-do-tg4-in-2021\/\",\"name\":\"F\u00e1ilte curtha ag TG4 roimh fh\u00f3gra an Rialtais go mbeidh maoini\u00fa breise de \u20ac3.5m \u00e1 thabhairt do TG4 in 2021 | Preas R\u00e1iteas | TG4\",\"isPartOf\":{\"@id\":\"https:\/\/dev.tg4.ie\/en\/#website\"},\"primaryImageOfPage\":{\"@id\":\"https:\/\/dev.tg4.ie\/ga\/eolas\/preas\/nuacht-raitis\/2020-2\/failte-curtha-ag-tg4-roimh-fhogra-an-rialtais-go-mbeidh-maoiniu-breise-de-e3-5m-a-thabhairt-do-tg4-in-2021\/#primaryimage\"},\"image\":{\"@id\":\"https:\/\/dev.tg4.ie\/ga\/eolas\/preas\/nuacht-raitis\/2020-2\/failte-curtha-ag-tg4-roimh-fhogra-an-rialtais-go-mbeidh-maoiniu-breise-de-e3-5m-a-thabhairt-do-tg4-in-2021\/#primaryimage\"},\"thumbnailUrl\":\"https:\/\/dev.tg4.ie\/wp-content\/uploads\/2020\/10\/Foirgneamh_TG4.jpg\",\"datePublished\":\"2020-10-13T14:19:29+00:00\",\"dateModified\":\"2020-10-13T15:55:08+00:00\",\"breadcrumb\":{\"@id\":\"https:\/\/dev.tg4.ie\/ga\/eolas\/preas\/nuacht-raitis\/2020-2\/failte-curtha-ag-tg4-roimh-fhogra-an-rialtais-go-mbeidh-maoiniu-breise-de-e3-5m-a-thabhairt-do-tg4-in-2021\/#breadcrumb\"},\"inLanguage\":\"ga\",\"potentialAction\":[{\"@type\":\"ReadAction\",\"target\":[\"https:\/\/dev.tg4.ie\/ga\/eolas\/preas\/nuacht-raitis\/2020-2\/failte-curtha-ag-tg4-roimh-fhogra-an-rialtais-go-mbeidh-maoiniu-breise-de-e3-5m-a-thabhairt-do-tg4-in-2021\/\"]}]},{\"@type\":\"ImageObject\",\"inLanguage\":\"ga\",\"@id\":\"https:\/\/dev.tg4.ie\/ga\/eolas\/preas\/nuacht-raitis\/2020-2\/failte-curtha-ag-tg4-roimh-fhogra-an-rialtais-go-mbeidh-maoiniu-breise-de-e3-5m-a-thabhairt-do-tg4-in-2021\/#primaryimage\",\"url\":\"https:\/\/dev.tg4.ie\/wp-content\/uploads\/2020\/10\/Foirgneamh_TG4.jpg\",\"contentUrl\":\"https:\/\/dev.tg4.ie\/wp-content\/uploads\/2020\/10\/Foirgneamh_TG4.jpg\"},{\"@type\":\"BreadcrumbList\",\"@id\":\"https:\/\/dev.tg4.ie\/ga\/eolas\/preas\/nuacht-raitis\/2020-2\/failte-curtha-ag-tg4-roimh-fhogra-an-rialtais-go-mbeidh-maoiniu-breise-de-e3-5m-a-thabhairt-do-tg4-in-2021\/#breadcrumb\",\"itemListElement\":[{\"@type\":\"ListItem\",\"position\":1,\"name\":\"Home\",\"item\":\"https:\/\/dev.tg4.ie\/ga\/\"},{\"@type\":\"ListItem\",\"position\":2,\"name\":\"Eolas\",\"item\":\"https:\/\/dev.tg4.ie\/ga\/eolas\/\"},{\"@type\":\"ListItem\",\"position\":3,\"name\":\"Preas\",\"item\":\"https:\/\/dev.tg4.ie\/ga\/eolas\/preas\/\"},{\"@type\":\"ListItem\",\"position\":4,\"name\":\"Nuacht R\u00e1itis\",\"item\":\"https:\/\/dev.tg4.ie\/ga\/eolas\/preas\/nuacht-raitis\/\"},{\"@type\":\"ListItem\",\"position\":5,\"name\":\"2020\",\"item\":\"https:\/\/dev.tg4.ie\/ga\/eolas\/preas\/nuacht-raitis\/2020-2\/\"},{\"@type\":\"ListItem\",\"position\":6,\"name\":\"F\u00e1ilte curtha ag TG4 roimh fh\u00f3gra an Rialtais go mbeidh maoini\u00fa breise de \u20ac3.5m \u00e1 thabhairt do TG4 in 2021.\"}]},{\"@type\":\"WebSite\",\"@id\":\"https:\/\/dev.tg4.ie\/en\/#website\",\"url\":\"https:\/\/dev.tg4.ie\/en\/\",\"name\":\"TG4\",\"description\":\"S\u00fail Eile\",\"potentialAction\":[{\"@type\":\"SearchAction\",\"target\":{\"@type\":\"EntryPoint\",\"urlTemplate\":\"https:\/\/dev.tg4.ie\/en\/?s={search_term_string}\"},\"query-input\":\"required name=search_term_string\"}],\"inLanguage\":\"ga\"}]}<\/script>\n<!-- \/ Yoast SEO plugin. -->","yoast_head_json":{"title":"F\u00e1ilte curtha ag TG4 roimh fh\u00f3gra an Rialtais go mbeidh maoini\u00fa breise de \u20ac3.5m \u00e1 thabhairt do TG4 in 2021 | Preas R\u00e1iteas | TG4","robots":{"index":"index","follow":"follow","max-snippet":"max-snippet:-1","max-image-preview":"max-image-preview:large","max-video-preview":"max-video-preview:-1"},"og_locale":"en_US","og_type":"article","og_title":"F\u00e1ilte curtha ag TG4 roimh fh\u00f3gra an Rialtais go mbeidh maoini\u00fa breise de \u20ac3.5m \u00e1 thabhairt do TG4 in 2021 | Preas R\u00e1iteas | TG4","og_description":"&nbsp; T\u00e1 f\u00e1ilte curtha ag TG4 roimh fh\u00f3gra an rialtais sa bhuis\u00e9ad inniu go mbeidh maoini\u00fa breise \u00e1 thabhairt do TG4 i 2021. T\u00e1 maoini\u00fa breise \u20ac3.5m ceadaithe ag an An Roinn Turas\u00f3ireachta, Cult\u00fair, Eala\u00edon, Gaeltachta, Sp\u00f3irt agus Me\u00e1n do TG4 do 2021. \u20ac40.7m an buis\u00e9ad a bheidh ag TG4 \u00f3n st\u00e1tchiste sa bhliain 2021. [&hellip;]","og_url":"https:\/\/dev.tg4.ie\/ga\/eolas\/preas\/nuacht-raitis\/2020-2\/failte-curtha-ag-tg4-roimh-fhogra-an-rialtais-go-mbeidh-maoiniu-breise-de-e3-5m-a-thabhairt-do-tg4-in-2021\/","og_site_name":"TG4","article_publisher":"https:\/\/www.facebook.com\/TG4TV","article_modified_time":"2020-10-13T15:55:08+00:00","og_image":[{"width":1920,"height":1080,"url":"https:\/\/tg4-docs.s3.amazonaws.com\/tg4-redesign-2015\/wp-content\/uploads\/2020\/10\/Foirgneamh_TG4.jpg","type":"image\/jpeg"}],"twitter_card":"summary_large_image","twitter_image":"https:\/\/tg4-docs.s3.amazonaws.com\/tg4-redesign-2015\/wp-content\/uploads\/2020\/10\/Foirgneamh_TG4.jpg","twitter_site":"@TG4TV","twitter_misc":{"Est. reading time":"2 minutes"},"schema":{"@context":"https:\/\/schema.org","@graph":[{"@type":"WebPage","@id":"https:\/\/dev.tg4.ie\/ga\/eolas\/preas\/nuacht-raitis\/2020-2\/failte-curtha-ag-tg4-roimh-fhogra-an-rialtais-go-mbeidh-maoiniu-breise-de-e3-5m-a-thabhairt-do-tg4-in-2021\/","url":"https:\/\/dev.tg4.ie\/ga\/eolas\/preas\/nuacht-raitis\/2020-2\/failte-curtha-ag-tg4-roimh-fhogra-an-rialtais-go-mbeidh-maoiniu-breise-de-e3-5m-a-thabhairt-do-tg4-in-2021\/","name":"F\u00e1ilte curtha ag TG4 roimh fh\u00f3gra an Rialtais go mbeidh maoini\u00fa breise de \u20ac3.5m \u00e1 thabhairt do TG4 in 2021 | Preas R\u00e1iteas | TG4","isPartOf":{"@id":"https:\/\/dev.tg4.ie\/en\/#website"},"primaryImageOfPage":{"@id":"https:\/\/dev.tg4.ie\/ga\/eolas\/preas\/nuacht-raitis\/2020-2\/failte-curtha-ag-tg4-roimh-fhogra-an-rialtais-go-mbeidh-maoiniu-breise-de-e3-5m-a-thabhairt-do-tg4-in-2021\/#primaryimage"},"image":{"@id":"https:\/\/dev.tg4.ie\/ga\/eolas\/preas\/nuacht-raitis\/2020-2\/failte-curtha-ag-tg4-roimh-fhogra-an-rialtais-go-mbeidh-maoiniu-breise-de-e3-5m-a-thabhairt-do-tg4-in-2021\/#primaryimage"},"thumbnailUrl":"https:\/\/dev.tg4.ie\/wp-content\/uploads\/2020\/10\/Foirgneamh_TG4.jpg","datePublished":"2020-10-13T14:19:29+00:00","dateModified":"2020-10-13T15:55:08+00:00","breadcrumb":{"@id":"https:\/\/dev.tg4.ie\/ga\/eolas\/preas\/nuacht-raitis\/2020-2\/failte-curtha-ag-tg4-roimh-fhogra-an-rialtais-go-mbeidh-maoiniu-breise-de-e3-5m-a-thabhairt-do-tg4-in-2021\/#breadcrumb"},"inLanguage":"ga","potentialAction":[{"@type":"ReadAction","target":["https:\/\/dev.tg4.ie\/ga\/eolas\/preas\/nuacht-raitis\/2020-2\/failte-curtha-ag-tg4-roimh-fhogra-an-rialtais-go-mbeidh-maoiniu-breise-de-e3-5m-a-thabhairt-do-tg4-in-2021\/"]}]},{"@type":"ImageObject","inLanguage":"ga","@id":"https:\/\/dev.tg4.ie\/ga\/eolas\/preas\/nuacht-raitis\/2020-2\/failte-curtha-ag-tg4-roimh-fhogra-an-rialtais-go-mbeidh-maoiniu-breise-de-e3-5m-a-thabhairt-do-tg4-in-2021\/#primaryimage","url":"https:\/\/dev.tg4.ie\/wp-content\/uploads\/2020\/10\/Foirgneamh_TG4.jpg","contentUrl":"https:\/\/dev.tg4.ie\/wp-content\/uploads\/2020\/10\/Foirgneamh_TG4.jpg"},{"@type":"BreadcrumbList","@id":"https:\/\/dev.tg4.ie\/ga\/eolas\/preas\/nuacht-raitis\/2020-2\/failte-curtha-ag-tg4-roimh-fhogra-an-rialtais-go-mbeidh-maoiniu-breise-de-e3-5m-a-thabhairt-do-tg4-in-2021\/#breadcrumb","itemListElement":[{"@type":"ListItem","position":1,"name":"Home","item":"https:\/\/dev.tg4.ie\/ga\/"},{"@type":"ListItem","position":2,"name":"Eolas","item":"https:\/\/dev.tg4.ie\/ga\/eolas\/"},{"@type":"ListItem","position":3,"name":"Preas","item":"https:\/\/dev.tg4.ie\/ga\/eolas\/preas\/"},{"@type":"ListItem","position":4,"name":"Nuacht R\u00e1itis","item":"https:\/\/dev.tg4.ie\/ga\/eolas\/preas\/nuacht-raitis\/"},{"@type":"ListItem","position":5,"name":"2020","item":"https:\/\/dev.tg4.ie\/ga\/eolas\/preas\/nuacht-raitis\/2020-2\/"},{"@type":"ListItem","position":6,"name":"F\u00e1ilte curtha ag TG4 roimh fh\u00f3gra an Rialtais go mbeidh maoini\u00fa breise de \u20ac3.5m \u00e1 thabhairt do TG4 in 2021."}]},{"@type":"WebSite","@id":"https:\/\/dev.tg4.ie\/en\/#website","url":"https:\/\/dev.tg4.ie\/en\/","name":"TG4","description":"S\u00fail Eile","potentialAction":[{"@type":"SearchAction","target":{"@type":"EntryPoint","urlTemplate":"https:\/\/dev.tg4.ie\/en\/?s={search_term_string}"},"query-input":"required name=search_term_string"}],"inLanguage":"ga"}]}},"_links":{"self":[{"href":"https:\/\/dev.tg4.ie\/ga\/wp-json\/wp\/v2\/pages\/114643"}],"collection":[{"href":"https:\/\/dev.tg4.ie\/ga\/wp-json\/wp\/v2\/pages"}],"about":[{"href":"https:\/\/dev.tg4.ie\/ga\/wp-json\/wp\/v2\/types\/page"}],"author":[{"embeddable":true,"href":"https:\/\/dev.tg4.ie\/ga\/wp-json\/wp\/v2\/users\/876"}],"replies":[{"embeddable":true,"href":"https:\/\/dev.tg4.ie\/ga\/wp-json\/wp\/v2\/comments?post=114643"}],"version-history":[{"count":0,"href":"https:\/\/dev.tg4.ie\/ga\/wp-json\/wp\/v2\/pages\/114643\/revisions"}],"up":[{"embeddable":true,"href":"https:\/\/dev.tg4.ie\/ga\/wp-json\/wp\/v2\/pages\/111525"}],"wp:attachment":[{"href":"https:\/\/dev.tg4.ie\/ga\/wp-json\/wp\/v2\/media?parent=114643"}],"curies":[{"name":"wp","href":"https:\/\/api.w.org\/{rel}","templated":true}]}}