{"id":114686,"date":"2020-10-20T10:44:55","date_gmt":"2020-10-20T09:44:55","guid":{"rendered":"https:\/\/dev.tg4.ie\/?page_id=114686"},"modified":"2020-10-20T11:14:12","modified_gmt":"2020-10-20T10:14:12","slug":"laithreoir-nua-ar-pheil-na-mban-beo-tg4-iar-imreoir-de-chuid-pheil-na-mban","status":"publish","type":"page","link":"https:\/\/dev.tg4.ie\/ga\/eolas\/preas\/nuacht-raitis\/2020-2\/laithreoir-nua-ar-pheil-na-mban-beo-tg4-iar-imreoir-de-chuid-pheil-na-mban\/","title":{"rendered":"L\u00e1ithreoir nua ar Pheil na mBan Beo TG4 &#8211; iar-imreoir de chuid Pheil na mBan"},"content":{"rendered":"<p><a href=\"https:\/\/tg4-docs.s3.amazonaws.com\/tg4-redesign-2015\/wp-content\/uploads\/2020\/10\/Maire_Ni_Bhraonain_1_1920x1080.jpg\"><img loading=\"lazy\" decoding=\"async\" width=\"1920\" height=\"1080\" src=\"https:\/\/tg4-docs.s3.amazonaws.com\/tg4-redesign-2015\/wp-content\/uploads\/2020\/10\/Maire_Ni_Bhraonain_1_1920x1080.jpg\" alt=\"\" class=\"alignnone size-full wp-image-114688\" srcset=\"https:\/\/tg4-docs.s3.amazonaws.com\/tg4-redesign-2015\/wp-content\/uploads\/2020\/10\/Maire_Ni_Bhraonain_1_1920x1080.jpg 1920w, https:\/\/tg4-docs.s3.amazonaws.com\/tg4-redesign-2015\/wp-content\/uploads\/2020\/10\/Maire_Ni_Bhraonain_1_1920x1080-250x141.jpg 250w, https:\/\/tg4-docs.s3.amazonaws.com\/tg4-redesign-2015\/wp-content\/uploads\/2020\/10\/Maire_Ni_Bhraonain_1_1920x1080-700x394.jpg 700w, https:\/\/tg4-docs.s3.amazonaws.com\/tg4-redesign-2015\/wp-content\/uploads\/2020\/10\/Maire_Ni_Bhraonain_1_1920x1080-252x141.jpg 252w, https:\/\/tg4-docs.s3.amazonaws.com\/tg4-redesign-2015\/wp-content\/uploads\/2020\/10\/Maire_Ni_Bhraonain_1_1920x1080-1536x864.jpg 1536w, https:\/\/tg4-docs.s3.amazonaws.com\/tg4-redesign-2015\/wp-content\/uploads\/2020\/10\/Maire_Ni_Bhraonain_1_1920x1080-120x68.jpg 120w\" sizes=\"(max-width: 1920px) 100vw, 1920px\" \/><\/a><br \/>\n&nbsp;<br \/>\n<iframe loading=\"lazy\" width=\"560\" height=\"315\" src=\"https:\/\/www.youtube.com\/embed\/d1kR2BvapuI\" frameborder=\"0\" allow=\"accelerometer; autoplay; clipboard-write; encrypted-media; gyroscope; picture-in-picture\" allowfullscreen><\/iframe><br \/>\n&nbsp;<br \/>\nN\u00ed bheidh s\u00e9 i bhfad anois go mbeidh Craobhchom\u00f3rtas Pheil na mBan TG4, i gcomhar le LGFA, ar ais ar \u00e1r sc\u00e1ile\u00e1in ar\u00eds.  C\u00e9 gur cuireadh moill ar ch\u00farsa\u00ed de bharr Covid t\u00e1 an chos\u00falacht ar an sc\u00e9al go bhfuil an-chraobhchom\u00f3rtas amach romhainn agus beidh an obair chrua at\u00e1 curtha d\u00edobh ag na foirne ar fad le tabhairt le fios \u00f3n gc\u00e9ad chluiche ar aghaidh.<br \/>\n&nbsp;<br \/>\nBeidh TG4 i gceartl\u00e1r an aicsin, mar a bh\u00edonn i gc\u00f3na\u00ed, agus 9 gcluiche beo \u00e1 gcraoladh, lena n-\u00e1ir\u00edtear cluich\u00ed ceannais chraobh na s\u00f3isear, an chraobh idirmhe\u00e1nach agus craobh na sinsear.<br \/>\n&nbsp;<br \/>\nIs \u00ed iar-imreoir de chuid fhoireann na Gaillimhe agus anail\u00eds\u00ed TG4 M\u00e1ire N\u00ed Bhraon\u00e1in a bheidh ag cur <em>Peil na mBan Beo<\/em> TG4 i l\u00e1thair.<br \/>\n&nbsp;<br \/>\nL\u00e1ithreoir, tr\u00e1chtaire, anail\u00eds\u00ed agus m\u00fainteoir me\u00e1nscoile \u00ed M\u00e1ire N\u00ed Bhraon\u00e1in a rugadh agus a t\u00f3gadh i mBaile an Mhuilinn i gContae na Gaillimhe. Thosaigh s\u00ed ag imirt peile do Bhaile an Mhuilinn nuair a bh\u00ed s\u00ed naoi mbliana d&#8217;aois. D&#8217;imir s\u00ed a c\u00e9ad chluiche do Ghaillimh i gCraobhchom\u00f3rtas na Sinsear in aghaidh \u00c1tha Cliath in 2011. I measc a cuid \u00e9achta\u00ed t\u00e1 3 Chraobh Chonnacht, 1 Chraobh na h\u00c9ireann sna Mion\u00fair, 1 Chraobh na h\u00c9ireann Faoi 16 agus 2 Chraobh na h\u00c9ireann sna Club 7&#8217;s.<br \/>\n&nbsp;<br \/>\nBhain s\u00ed c\u00e9im sa Nua-Ghaeilge agus sa Staid\u00e9ar ar an Dr\u00e1ma\u00edocht amach \u00f3 Chol\u00e1iste na Tr\u00edon\u00f3ide, Baile \u00c1tha Cliath in 2010 agus cr\u00edochnaigh s\u00ed a PDE in Ollscoil na h\u00c9ireann Gaillimh in 2013. T\u00e1 an-t\u00f3ir aici f\u00e9in agus ag a muintir ar an gceol agus seinneann s\u00ed an fhidil, pian\u00f3 agus an fhead\u00f3g st\u00e1in. Chomh maith le bheith ag obair ina leas-Pr\u00edomhoide i gConamara i rith an tSamhraidh t\u00e1 a haghaidh tugtha aici ar an Saimbia tr\u00ed huaire chun tithe a th\u00f3g\u00e1il do na daoine \u00e1iti\u00fala sa t\u00edr.<br \/>\n&nbsp;<br \/>\nTugadh an deis di t\u00fas a chur lena cuid oibre le Sp\u00f3rt TG4 agus le Nemeton in 2011. B\u00edonn M\u00e1ire p\u00e1irteach go rialta ar chl\u00e1ir raidi\u00f3 ar RT\u00c9, RnaG, BBC Gaeilge agus Newstalk agus chuir s\u00ed C.L.U.B i l\u00e1thair in \u00e9ind\u00ed le Diarmuid Lyng in 2018.<br \/>\n&nbsp;<br \/>\nD\u00fairt M\u00e1ire, maidir le bheith ag cur <em>Peil na mBan na Beo<\/em> i l\u00e1thair, <em>&#8220;T\u00e1 r\u00f3l l\u00e1rnach ag an sp\u00f3rt in\u00e1r saol. T\u00e1 an-chuid d\u00e9anta ag TG4 le 20 bliain anuas chun Peil na mBan a chur chun cinn agus a fhorbairt. T\u00e1im ag obair i m&#8217;anail\u00eds\u00ed ar Pheil na mBan Beo \u00f3 2011, mar sin, t\u00e1 r\u00edm\u00e9ad orm gur m\u00e9 a bheidh ag cur Craobhchom\u00f3rtas Pheil na mBan Beo 2020 i l\u00e1thair.&#8221;<\/em><br \/>\n&nbsp;<br \/>\nBeidh anail\u00edsithe iontacha in \u00e9ind\u00ed l\u00e9i ar an gcl\u00e1r.  T\u00e1 an chraobh buaite 11 uair ag an laoch lena linn f\u00e9in Rena Buckley. Bh\u00ed an-bhaint ag Sorcha Furlong \u00c1tha Cliath leis an mbua iontach a bhain \u00c1th Cliath amach sa chraobh in 2010 agus t\u00e1 Michelle Ryan Phort L\u00e1irge ar dhuine de na himreoir\u00ed is m\u00f3 a bhfuil taith\u00ed aici sa chluiche, thosaigh s\u00ed ag imirt d\u00e1 contae in 2001 agus d&#8217;imir s\u00ed go dt\u00ed 2019.<br \/>\n&nbsp;<br \/>\nCuirfear t\u00fas leis an gcl\u00fadach sa Chabh\u00e1n an deireadh seachtaine seo agus an cluiche idir Ard Mhacha agus T\u00edr Eoghain \u00e1 chraoladh beo D\u00e9 hAoine an 30 Deireadh F\u00f3mhair, agus go gairid ina dhiaidh sin beidh an cluiche idir na curaidh \u00c1th Cliath agus D\u00fan na nGall ar an Satharn an 31 Deireadh F\u00f3mhair. Nemeton TV a l\u00e9ir\u00edonn <em>Peil na mBan Beo<\/em>.<br \/>\n&nbsp;<br \/>\n<a href=\"https:\/\/tg4-docs.s3.amazonaws.com\/tg4-redesign-2015\/wp-content\/uploads\/2020\/10\/Maire_Ni_Bhraonain_3_1920x1080.jpg\"><img loading=\"lazy\" decoding=\"async\" width=\"1920\" height=\"1080\" src=\"https:\/\/tg4-docs.s3.amazonaws.com\/tg4-redesign-2015\/wp-content\/uploads\/2020\/10\/Maire_Ni_Bhraonain_3_1920x1080.jpg\" alt=\"\" class=\"alignnone size-full wp-image-114707\" srcset=\"https:\/\/tg4-docs.s3.amazonaws.com\/tg4-redesign-2015\/wp-content\/uploads\/2020\/10\/Maire_Ni_Bhraonain_3_1920x1080.jpg 1920w, https:\/\/tg4-docs.s3.amazonaws.com\/tg4-redesign-2015\/wp-content\/uploads\/2020\/10\/Maire_Ni_Bhraonain_3_1920x1080-250x141.jpg 250w, https:\/\/tg4-docs.s3.amazonaws.com\/tg4-redesign-2015\/wp-content\/uploads\/2020\/10\/Maire_Ni_Bhraonain_3_1920x1080-700x394.jpg 700w, https:\/\/tg4-docs.s3.amazonaws.com\/tg4-redesign-2015\/wp-content\/uploads\/2020\/10\/Maire_Ni_Bhraonain_3_1920x1080-252x141.jpg 252w, https:\/\/tg4-docs.s3.amazonaws.com\/tg4-redesign-2015\/wp-content\/uploads\/2020\/10\/Maire_Ni_Bhraonain_3_1920x1080-1536x864.jpg 1536w, https:\/\/tg4-docs.s3.amazonaws.com\/tg4-redesign-2015\/wp-content\/uploads\/2020\/10\/Maire_Ni_Bhraonain_3_1920x1080-120x68.jpg 120w\" sizes=\"(max-width: 1920px) 100vw, 1920px\" \/><\/a><br \/>\n&nbsp;<br \/>\n&nbsp;<\/p>\n","protected":false},"excerpt":{"rendered":"<p>&nbsp; &nbsp; N\u00ed bheidh s\u00e9 i bhfad anois go mbeidh Craobhchom\u00f3rtas Pheil na mBan TG4, i gcomhar le LGFA, ar ais ar \u00e1r sc\u00e1ile\u00e1in ar\u00eds. C\u00e9 gur cuireadh moill ar ch\u00farsa\u00ed de bharr Covid t\u00e1 an chos\u00falacht ar an sc\u00e9al go bhfuil an-chraobhchom\u00f3rtas amach romhainn agus beidh an obair chrua at\u00e1 curtha d\u00edobh ag na [&hellip;]<\/p>\n","protected":false},"author":876,"featured_media":0,"parent":111525,"menu_order":46,"comment_status":"closed","ping_status":"closed","template":"page-templates\/template-pr.php","meta":{"_acf_changed":false,"footnotes":""},"acf":[],"yoast_head":"<!-- This site is optimized with the Yoast SEO plugin v22.6 - https:\/\/yoast.com\/wordpress\/plugins\/seo\/ -->\n<title>L\u00e1ithreoir nua ar Pheil na mBan Beo TG4 - iar-imreoir de chuid Pheil na mBan | Preas R\u00e1iteas | TG4<\/title>\n<meta name=\"robots\" content=\"index, follow, max-snippet:-1, max-image-preview:large, max-video-preview:-1\" \/>\n<meta property=\"og:locale\" content=\"en_US\" \/>\n<meta property=\"og:type\" content=\"article\" \/>\n<meta property=\"og:title\" content=\"L\u00e1ithreoir nua ar Pheil na mBan Beo TG4 - iar-imreoir de chuid Pheil na mBan | Preas R\u00e1iteas | TG4\" \/>\n<meta property=\"og:description\" content=\"&nbsp; &nbsp; N\u00ed bheidh s\u00e9 i bhfad anois go mbeidh Craobhchom\u00f3rtas Pheil na mBan TG4, i gcomhar le LGFA, ar ais ar \u00e1r sc\u00e1ile\u00e1in ar\u00eds. C\u00e9 gur cuireadh moill ar ch\u00farsa\u00ed de bharr Covid t\u00e1 an chos\u00falacht ar an sc\u00e9al go bhfuil an-chraobhchom\u00f3rtas amach romhainn agus beidh an obair chrua at\u00e1 curtha d\u00edobh ag na [&hellip;]\" \/>\n<meta property=\"og:url\" content=\"https:\/\/dev.tg4.ie\/ga\/eolas\/preas\/nuacht-raitis\/2020-2\/laithreoir-nua-ar-pheil-na-mban-beo-tg4-iar-imreoir-de-chuid-pheil-na-mban\/\" \/>\n<meta property=\"og:site_name\" content=\"TG4\" \/>\n<meta property=\"article:publisher\" content=\"https:\/\/www.facebook.com\/TG4TV\" \/>\n<meta property=\"article:modified_time\" content=\"2020-10-20T10:14:12+00:00\" \/>\n<meta property=\"og:image\" content=\"https:\/\/tg4-docs.s3.amazonaws.com\/tg4-redesign-2015\/wp-content\/uploads\/2020\/10\/Maire_Ni_Bhraonain_3_1920x1080.jpg\" \/>\n\t<meta property=\"og:image:width\" content=\"1920\" \/>\n\t<meta property=\"og:image:height\" content=\"1080\" \/>\n\t<meta property=\"og:image:type\" content=\"image\/jpeg\" \/>\n<meta name=\"twitter:card\" content=\"summary_large_image\" \/>\n<meta name=\"twitter:image\" content=\"https:\/\/tg4-docs.s3.amazonaws.com\/tg4-redesign-2015\/wp-content\/uploads\/2020\/10\/Maire_Ni_Bhraonain_3_1920x1080.jpg\" \/>\n<meta name=\"twitter:site\" content=\"@TG4TV\" \/>\n<meta name=\"twitter:label1\" content=\"Est. reading time\" \/>\n\t<meta name=\"twitter:data1\" content=\"3 minutes\" \/>\n<script type=\"application\/ld+json\" class=\"yoast-schema-graph\">{\"@context\":\"https:\/\/schema.org\",\"@graph\":[{\"@type\":\"WebPage\",\"@id\":\"https:\/\/dev.tg4.ie\/ga\/eolas\/preas\/nuacht-raitis\/2020-2\/laithreoir-nua-ar-pheil-na-mban-beo-tg4-iar-imreoir-de-chuid-pheil-na-mban\/\",\"url\":\"https:\/\/dev.tg4.ie\/ga\/eolas\/preas\/nuacht-raitis\/2020-2\/laithreoir-nua-ar-pheil-na-mban-beo-tg4-iar-imreoir-de-chuid-pheil-na-mban\/\",\"name\":\"L\u00e1ithreoir nua ar Pheil na mBan Beo TG4 - iar-imreoir de chuid Pheil na mBan | Preas R\u00e1iteas | TG4\",\"isPartOf\":{\"@id\":\"https:\/\/dev.tg4.ie\/en\/#website\"},\"primaryImageOfPage\":{\"@id\":\"https:\/\/dev.tg4.ie\/ga\/eolas\/preas\/nuacht-raitis\/2020-2\/laithreoir-nua-ar-pheil-na-mban-beo-tg4-iar-imreoir-de-chuid-pheil-na-mban\/#primaryimage\"},\"image\":{\"@id\":\"https:\/\/dev.tg4.ie\/ga\/eolas\/preas\/nuacht-raitis\/2020-2\/laithreoir-nua-ar-pheil-na-mban-beo-tg4-iar-imreoir-de-chuid-pheil-na-mban\/#primaryimage\"},\"thumbnailUrl\":\"https:\/\/dev.tg4.ie\/wp-content\/uploads\/2020\/10\/Maire_Ni_Bhraonain_1_1920x1080.jpg\",\"datePublished\":\"2020-10-20T09:44:55+00:00\",\"dateModified\":\"2020-10-20T10:14:12+00:00\",\"breadcrumb\":{\"@id\":\"https:\/\/dev.tg4.ie\/ga\/eolas\/preas\/nuacht-raitis\/2020-2\/laithreoir-nua-ar-pheil-na-mban-beo-tg4-iar-imreoir-de-chuid-pheil-na-mban\/#breadcrumb\"},\"inLanguage\":\"ga\",\"potentialAction\":[{\"@type\":\"ReadAction\",\"target\":[\"https:\/\/dev.tg4.ie\/ga\/eolas\/preas\/nuacht-raitis\/2020-2\/laithreoir-nua-ar-pheil-na-mban-beo-tg4-iar-imreoir-de-chuid-pheil-na-mban\/\"]}]},{\"@type\":\"ImageObject\",\"inLanguage\":\"ga\",\"@id\":\"https:\/\/dev.tg4.ie\/ga\/eolas\/preas\/nuacht-raitis\/2020-2\/laithreoir-nua-ar-pheil-na-mban-beo-tg4-iar-imreoir-de-chuid-pheil-na-mban\/#primaryimage\",\"url\":\"https:\/\/dev.tg4.ie\/wp-content\/uploads\/2020\/10\/Maire_Ni_Bhraonain_1_1920x1080.jpg\",\"contentUrl\":\"https:\/\/dev.tg4.ie\/wp-content\/uploads\/2020\/10\/Maire_Ni_Bhraonain_1_1920x1080.jpg\"},{\"@type\":\"BreadcrumbList\",\"@id\":\"https:\/\/dev.tg4.ie\/ga\/eolas\/preas\/nuacht-raitis\/2020-2\/laithreoir-nua-ar-pheil-na-mban-beo-tg4-iar-imreoir-de-chuid-pheil-na-mban\/#breadcrumb\",\"itemListElement\":[{\"@type\":\"ListItem\",\"position\":1,\"name\":\"Home\",\"item\":\"https:\/\/dev.tg4.ie\/ga\/\"},{\"@type\":\"ListItem\",\"position\":2,\"name\":\"Eolas\",\"item\":\"https:\/\/dev.tg4.ie\/ga\/eolas\/\"},{\"@type\":\"ListItem\",\"position\":3,\"name\":\"Preas\",\"item\":\"https:\/\/dev.tg4.ie\/ga\/eolas\/preas\/\"},{\"@type\":\"ListItem\",\"position\":4,\"name\":\"Nuacht R\u00e1itis\",\"item\":\"https:\/\/dev.tg4.ie\/ga\/eolas\/preas\/nuacht-raitis\/\"},{\"@type\":\"ListItem\",\"position\":5,\"name\":\"2020\",\"item\":\"https:\/\/dev.tg4.ie\/ga\/eolas\/preas\/nuacht-raitis\/2020-2\/\"},{\"@type\":\"ListItem\",\"position\":6,\"name\":\"L\u00e1ithreoir nua ar Pheil na mBan Beo TG4 &#8211; iar-imreoir de chuid Pheil na mBan\"}]},{\"@type\":\"WebSite\",\"@id\":\"https:\/\/dev.tg4.ie\/en\/#website\",\"url\":\"https:\/\/dev.tg4.ie\/en\/\",\"name\":\"TG4\",\"description\":\"S\u00fail Eile\",\"potentialAction\":[{\"@type\":\"SearchAction\",\"target\":{\"@type\":\"EntryPoint\",\"urlTemplate\":\"https:\/\/dev.tg4.ie\/en\/?s={search_term_string}\"},\"query-input\":\"required name=search_term_string\"}],\"inLanguage\":\"ga\"}]}<\/script>\n<!-- \/ Yoast SEO plugin. -->","yoast_head_json":{"title":"L\u00e1ithreoir nua ar Pheil na mBan Beo TG4 - iar-imreoir de chuid Pheil na mBan | Preas R\u00e1iteas | TG4","robots":{"index":"index","follow":"follow","max-snippet":"max-snippet:-1","max-image-preview":"max-image-preview:large","max-video-preview":"max-video-preview:-1"},"og_locale":"en_US","og_type":"article","og_title":"L\u00e1ithreoir nua ar Pheil na mBan Beo TG4 - iar-imreoir de chuid Pheil na mBan | Preas R\u00e1iteas | TG4","og_description":"&nbsp; &nbsp; N\u00ed bheidh s\u00e9 i bhfad anois go mbeidh Craobhchom\u00f3rtas Pheil na mBan TG4, i gcomhar le LGFA, ar ais ar \u00e1r sc\u00e1ile\u00e1in ar\u00eds. C\u00e9 gur cuireadh moill ar ch\u00farsa\u00ed de bharr Covid t\u00e1 an chos\u00falacht ar an sc\u00e9al go bhfuil an-chraobhchom\u00f3rtas amach romhainn agus beidh an obair chrua at\u00e1 curtha d\u00edobh ag na [&hellip;]","og_url":"https:\/\/dev.tg4.ie\/ga\/eolas\/preas\/nuacht-raitis\/2020-2\/laithreoir-nua-ar-pheil-na-mban-beo-tg4-iar-imreoir-de-chuid-pheil-na-mban\/","og_site_name":"TG4","article_publisher":"https:\/\/www.facebook.com\/TG4TV","article_modified_time":"2020-10-20T10:14:12+00:00","og_image":[{"width":1920,"height":1080,"url":"https:\/\/tg4-docs.s3.amazonaws.com\/tg4-redesign-2015\/wp-content\/uploads\/2020\/10\/Maire_Ni_Bhraonain_3_1920x1080.jpg","type":"image\/jpeg"}],"twitter_card":"summary_large_image","twitter_image":"https:\/\/tg4-docs.s3.amazonaws.com\/tg4-redesign-2015\/wp-content\/uploads\/2020\/10\/Maire_Ni_Bhraonain_3_1920x1080.jpg","twitter_site":"@TG4TV","twitter_misc":{"Est. reading time":"3 minutes"},"schema":{"@context":"https:\/\/schema.org","@graph":[{"@type":"WebPage","@id":"https:\/\/dev.tg4.ie\/ga\/eolas\/preas\/nuacht-raitis\/2020-2\/laithreoir-nua-ar-pheil-na-mban-beo-tg4-iar-imreoir-de-chuid-pheil-na-mban\/","url":"https:\/\/dev.tg4.ie\/ga\/eolas\/preas\/nuacht-raitis\/2020-2\/laithreoir-nua-ar-pheil-na-mban-beo-tg4-iar-imreoir-de-chuid-pheil-na-mban\/","name":"L\u00e1ithreoir nua ar Pheil na mBan Beo TG4 - iar-imreoir de chuid Pheil na mBan | Preas R\u00e1iteas | TG4","isPartOf":{"@id":"https:\/\/dev.tg4.ie\/en\/#website"},"primaryImageOfPage":{"@id":"https:\/\/dev.tg4.ie\/ga\/eolas\/preas\/nuacht-raitis\/2020-2\/laithreoir-nua-ar-pheil-na-mban-beo-tg4-iar-imreoir-de-chuid-pheil-na-mban\/#primaryimage"},"image":{"@id":"https:\/\/dev.tg4.ie\/ga\/eolas\/preas\/nuacht-raitis\/2020-2\/laithreoir-nua-ar-pheil-na-mban-beo-tg4-iar-imreoir-de-chuid-pheil-na-mban\/#primaryimage"},"thumbnailUrl":"https:\/\/dev.tg4.ie\/wp-content\/uploads\/2020\/10\/Maire_Ni_Bhraonain_1_1920x1080.jpg","datePublished":"2020-10-20T09:44:55+00:00","dateModified":"2020-10-20T10:14:12+00:00","breadcrumb":{"@id":"https:\/\/dev.tg4.ie\/ga\/eolas\/preas\/nuacht-raitis\/2020-2\/laithreoir-nua-ar-pheil-na-mban-beo-tg4-iar-imreoir-de-chuid-pheil-na-mban\/#breadcrumb"},"inLanguage":"ga","potentialAction":[{"@type":"ReadAction","target":["https:\/\/dev.tg4.ie\/ga\/eolas\/preas\/nuacht-raitis\/2020-2\/laithreoir-nua-ar-pheil-na-mban-beo-tg4-iar-imreoir-de-chuid-pheil-na-mban\/"]}]},{"@type":"ImageObject","inLanguage":"ga","@id":"https:\/\/dev.tg4.ie\/ga\/eolas\/preas\/nuacht-raitis\/2020-2\/laithreoir-nua-ar-pheil-na-mban-beo-tg4-iar-imreoir-de-chuid-pheil-na-mban\/#primaryimage","url":"https:\/\/dev.tg4.ie\/wp-content\/uploads\/2020\/10\/Maire_Ni_Bhraonain_1_1920x1080.jpg","contentUrl":"https:\/\/dev.tg4.ie\/wp-content\/uploads\/2020\/10\/Maire_Ni_Bhraonain_1_1920x1080.jpg"},{"@type":"BreadcrumbList","@id":"https:\/\/dev.tg4.ie\/ga\/eolas\/preas\/nuacht-raitis\/2020-2\/laithreoir-nua-ar-pheil-na-mban-beo-tg4-iar-imreoir-de-chuid-pheil-na-mban\/#breadcrumb","itemListElement":[{"@type":"ListItem","position":1,"name":"Home","item":"https:\/\/dev.tg4.ie\/ga\/"},{"@type":"ListItem","position":2,"name":"Eolas","item":"https:\/\/dev.tg4.ie\/ga\/eolas\/"},{"@type":"ListItem","position":3,"name":"Preas","item":"https:\/\/dev.tg4.ie\/ga\/eolas\/preas\/"},{"@type":"ListItem","position":4,"name":"Nuacht R\u00e1itis","item":"https:\/\/dev.tg4.ie\/ga\/eolas\/preas\/nuacht-raitis\/"},{"@type":"ListItem","position":5,"name":"2020","item":"https:\/\/dev.tg4.ie\/ga\/eolas\/preas\/nuacht-raitis\/2020-2\/"},{"@type":"ListItem","position":6,"name":"L\u00e1ithreoir nua ar Pheil na mBan Beo TG4 &#8211; iar-imreoir de chuid Pheil na mBan"}]},{"@type":"WebSite","@id":"https:\/\/dev.tg4.ie\/en\/#website","url":"https:\/\/dev.tg4.ie\/en\/","name":"TG4","description":"S\u00fail Eile","potentialAction":[{"@type":"SearchAction","target":{"@type":"EntryPoint","urlTemplate":"https:\/\/dev.tg4.ie\/en\/?s={search_term_string}"},"query-input":"required name=search_term_string"}],"inLanguage":"ga"}]}},"_links":{"self":[{"href":"https:\/\/dev.tg4.ie\/ga\/wp-json\/wp\/v2\/pages\/114686"}],"collection":[{"href":"https:\/\/dev.tg4.ie\/ga\/wp-json\/wp\/v2\/pages"}],"about":[{"href":"https:\/\/dev.tg4.ie\/ga\/wp-json\/wp\/v2\/types\/page"}],"author":[{"embeddable":true,"href":"https:\/\/dev.tg4.ie\/ga\/wp-json\/wp\/v2\/users\/876"}],"replies":[{"embeddable":true,"href":"https:\/\/dev.tg4.ie\/ga\/wp-json\/wp\/v2\/comments?post=114686"}],"version-history":[{"count":0,"href":"https:\/\/dev.tg4.ie\/ga\/wp-json\/wp\/v2\/pages\/114686\/revisions"}],"up":[{"embeddable":true,"href":"https:\/\/dev.tg4.ie\/ga\/wp-json\/wp\/v2\/pages\/111525"}],"wp:attachment":[{"href":"https:\/\/dev.tg4.ie\/ga\/wp-json\/wp\/v2\/media?parent=114686"}],"curies":[{"name":"wp","href":"https:\/\/api.w.org\/{rel}","templated":true}]}}