{"id":114756,"date":"2020-10-22T09:20:52","date_gmt":"2020-10-22T08:20:52","guid":{"rendered":"https:\/\/dev.tg4.ie\/?page_id=114756"},"modified":"2020-10-22T09:24:47","modified_gmt":"2020-10-22T08:24:47","slug":"is-olc-an-ghaoth","status":"publish","type":"page","link":"https:\/\/dev.tg4.ie\/ga\/eolas\/preas\/nuacht-raitis\/2020-2\/is-olc-an-ghaoth\/","title":{"rendered":"Is Olc an Ghaoth"},"content":{"rendered":"<p><a href=\"https:\/\/tg4-docs.s3.amazonaws.com\/tg4-redesign-2015\/wp-content\/uploads\/2020\/10\/Is_Olc_an_Ghaoth_John_Finn_Stiofan_Seoige.jpg\"><img loading=\"lazy\" decoding=\"async\" width=\"1920\" height=\"1080\" src=\"https:\/\/tg4-docs.s3.amazonaws.com\/tg4-redesign-2015\/wp-content\/uploads\/2020\/10\/Is_Olc_an_Ghaoth_John_Finn_Stiofan_Seoige.jpg\" alt=\"\" class=\"alignnone size-full wp-image-114760\" srcset=\"https:\/\/tg4-docs.s3.amazonaws.com\/tg4-redesign-2015\/wp-content\/uploads\/2020\/10\/Is_Olc_an_Ghaoth_John_Finn_Stiofan_Seoige.jpg 1920w, https:\/\/tg4-docs.s3.amazonaws.com\/tg4-redesign-2015\/wp-content\/uploads\/2020\/10\/Is_Olc_an_Ghaoth_John_Finn_Stiofan_Seoige-250x141.jpg 250w, https:\/\/tg4-docs.s3.amazonaws.com\/tg4-redesign-2015\/wp-content\/uploads\/2020\/10\/Is_Olc_an_Ghaoth_John_Finn_Stiofan_Seoige-700x394.jpg 700w, https:\/\/tg4-docs.s3.amazonaws.com\/tg4-redesign-2015\/wp-content\/uploads\/2020\/10\/Is_Olc_an_Ghaoth_John_Finn_Stiofan_Seoige-252x141.jpg 252w, https:\/\/tg4-docs.s3.amazonaws.com\/tg4-redesign-2015\/wp-content\/uploads\/2020\/10\/Is_Olc_an_Ghaoth_John_Finn_Stiofan_Seoige-1536x864.jpg 1536w, https:\/\/tg4-docs.s3.amazonaws.com\/tg4-redesign-2015\/wp-content\/uploads\/2020\/10\/Is_Olc_an_Ghaoth_John_Finn_Stiofan_Seoige-120x68.jpg 120w\" sizes=\"(max-width: 1920px) 100vw, 1920px\" \/><\/a><br \/>\n&nbsp;<br \/>\n<strong>TG4 an 1 Samhain 10.30pm<\/strong><\/p>\n<p>&nbsp;<br \/>\n<iframe loading=\"lazy\" width=\"560\" height=\"315\" src=\"https:\/\/www.youtube.com\/embed\/TmvLNtb6xvA\" frameborder=\"0\" allow=\"accelerometer; autoplay; clipboard-write; encrypted-media; gyroscope; picture-in-picture\" allowfullscreen><\/iframe><br \/>\n&nbsp;<\/p>\n<p>Nuair a thug an l\u00e9iritheoir Niamh Fagan an sti\u00farth\u00f3ir Tom Sullivan, a bhfuil gradam IFTA buaite aige, agus an scr\u00edbhneoir Kevin Toolis, a bhfuil gradam BAFTA buaite aige, le ch\u00e9ile chun an saol agus an b\u00e1s in aimsir Covid a scr\u00fad\u00fa <strong><em>Is Olc\u00a0an Ghaoth<\/em><\/strong> a th\u00e1inig as.<\/p>\n<p>&nbsp;<\/p>\n<p><span>Triptic Ghotach suite ar Acaill is ea <strong>Is Olc an Ghaoth <\/strong>&#8211; tr\u00ed ghearrscann\u00e1n br\u00f3nacha ach barr\u00fala at\u00e1 fite fuaite ina ch\u00e9ile, suite ar oile\u00e1n lena mbaineann beag\u00e1n aist\u00edl agus Covid ar an mbealach.<\/span><\/p>\n<p>&nbsp;<\/p>\n<p>Is \u00e9 Kevin Toolis, a bhfuil aithne air de bharr a chuid leabhar s\u00e1rdh\u00edola &#8216;<em>My Father&#8217;s Wake &#8211; How the Irish Teach Us to Live, Love and Die&#8217;<\/em>, a scr\u00edobh an tr\u00ed script scann\u00e1in agus is \u00e9 an sti\u00farth\u00f3ir, a bhfuil go leor gradam buaite aige, Tom Sullivan (Arracht, Fir Bolg,) a thug chun f\u00edre iad.<\/p>\n<p>&nbsp;<\/p>\n<p><em>&#8220;T\u00e1 truamh\u00e9ala ag baint le st\u00edl chi\u00fain, bhreathnaitheach scr\u00edbhneoireachta Kevin chomh maith le greann s\u00e9imh, dorcha agus is dh\u00e1 bharr sin a thaitin na scripteanna chomh m\u00f3r sin liom, \u00e9 sin agus an \u00e1it ina bhfuil siad suite. <span>T\u00e1 rud \u00e9igin osn\u00e1d\u00fartha ag baint le hIarthar na t\u00edre, go h\u00e1irithe in \u00e1iteanna ar n\u00f3s Acla, agus is \u00e9 sin a bhearta\u00edomar a chur ar sc\u00e1ile\u00e1n&#8221;<\/span><\/em><span> a d\u00fairt Tom Sullivan.<\/span> D\u00fairt s\u00e9 chomh maith, <em>&#8220;Bh\u00ed an-sp\u00e9is i gc\u00f3na\u00ed agam sa st\u00f3chas seasmhach a bhaineann le muintir thuaithe na h\u00c9ireann &#8211; iad sin nach bhfuair an deis ar an oideachais gal\u00e1nta, n\u00e1r \u00e9irigh &#8216;go maith&#8217; leo i Cleveland n\u00e1 i Chicago. Is faoi dhaoine a choinnigh orthu, c\u00e9 gur deacair a bh\u00ed s\u00e9 sin a dh\u00e9anamh in amanna, an sc\u00e9al.&#8221;<\/em><\/p>\n<p>&nbsp;<\/p>\n<p><span>T\u00e1 cuid de na haisteoir\u00ed is bre\u00e1tha sa t\u00edr in <\/span><strong><em>Is Olc an Ghaoth<\/em><\/strong><span>, Stiof\u00e1n Seoighe <\/span><em>(Murdair Mh\u00e1m Trasna, Na Cloigne, Ros na R\u00fan)<\/em><span>, John Finn <\/span><em>(Cold Case, The Waking Dead, The Crown, An Bronntanas),<\/em><span> Carrie Crowley <\/span><em>(Fair City, R\u00e1sa\u00ed na Gaillimhe)<\/em><span> agus Peadar Cox <\/span><em>(Song of Granite, Fir Bolg, Ros na R\u00fan).<\/em><\/p>\n<p>&nbsp;<\/p>\n<p>Cib\u00e9 faoin Saol agus B\u00e1s in Am Covid, bh\u00ed an-d\u00fashl\u00e1n ag baint le c\u00farsa\u00ed scann\u00e1na\u00edochta le linn Covid. D\u00fairt an l\u00e9iritheoir Niamh Fagan <em>(Shooting the Mafia, R\u00e1sa\u00ed na Gaillimhe) <\/em>&#8220;B\u00edonn an-d\u00fashl\u00e1n ag baint le bheith ag scann\u00e1na\u00edocht ar an l\u00e1thair de ghn\u00e1th ach mura raibh d\u00fashl\u00e1n ag baint leis faoi Rialacha Covid n\u00ed l\u00e1 go maidin \u00e9.<em> Thug TG4 an-taca\u00edocht ina leith sin. Bh\u00ed muin\u00edn acu asainn go mbeadh muid d\u00e1ir\u00edre maidir leis an bhfadhb a bhaineann le Covid agus lean\u00faint den jab a bh\u00ed againn.\u00a0 Bh\u00ed foireann den scoth againn a thug faoin obair i gcomhair chun na srianta agus na rialacha breise a chomhl\u00edonadh. Rinneamar f\u00edorobair &#8211; bh\u00edomar ar an l\u00e1thair, bh\u00ed an scann\u00e1na\u00edocht curtha d\u00ednn agus an baile sroichte againn sula dtabharfa\u00ed faoi deara go rabhamar ann ar chor ar bith&#8221;.<\/em><\/p>\n<p>&nbsp;<br \/>\n&nbsp;<\/p>\n<p><strong><span>D\u00e9 Domhanigh<\/span><\/strong><span> an <strong>1 Samhain, L\u00e1 na Marbh, ag 10.30pm <\/strong>a bheidh <\/span><strong><em>Is Olc an Ghaoth ar TG4<\/em><\/strong><\/p>\n<p>&nbsp;<\/p>\n<p><strong>Scann\u00e1n #1<\/strong><\/p>\n<p><strong><em>Ceithre Ch\u00e9ad Me\u00e1chain\u00a0<\/em><\/strong>(400cwt \/400 weight)<\/p>\n<p>Nuair a thugtar corp a ndearth\u00e1r M\u00e1irt\u00edn abhaile as Meirice\u00e1 i gc\u00f3nra mh\u00f3r mhillteach chr\u00e9-umha le linn phaind\u00e9im COVID n\u00ed bh\u00edonn P\u00e1draig n\u00e1 \u00c9amonn, beirt nach bhfuil ag caint lena ch\u00e9ile, cinnte faoin gcine\u00e1l t\u00f3rraimh a cheart a bheith air.<\/p>\n<p>&nbsp;<br \/>\n&nbsp;<\/p>\n<p><strong>Scann\u00e1n #2<\/strong><\/p>\n<p><strong><em>I bhFlaithis D\u00e9\u00a0<\/em><\/strong>(God&#8217;s Own Pocket)<\/p>\n<p>T\u00e1 P\u00e1draig faoi bhrat dobr\u00f3in i ndiaidh a dhearth\u00e1r agus d\u00fail sa diabhal aige i bpionta ach nach bhfuil an pub d\u00fanta de bharr Covid. Baineann bean an phub, S\u00edle, agus a mian n\u00e1r \u00e9irigh l\u00e9i a bhaint amach i Dallas, siar as \u00e9.<\/p>\n<p>&nbsp;<br \/>\n&nbsp;<\/p>\n<p><strong>Scann\u00e1n #3<\/strong><\/p>\n<p><strong><em>Sioscadh na Marbh\u00a0<\/em><\/strong>(The Grateful Dead)<\/p>\n<p>\u00c9 scoite \u00f3n saol agus \u00e9 ar Acaill castar Yank\u00a0 i gcarr aisteach ar Ph\u00e1draig agus r\u00fandiamhracht ag baint leis. Is cos\u00fail go bhfuil an-chur amach ag an bhfear ar an saol, ar an mb\u00e1s agus, go deimhin, ar Ph\u00e1draig f\u00e9in.<\/p>\n<p>&nbsp;<br \/>\n&nbsp;<\/p>\n<p>Na pr\u00edomhaisteoir\u00ed:<\/p>\n<p>&nbsp;<\/p>\n<p><strong>Stiof\u00e1n Seoighe<\/strong> i bp\u00e1irt Ph\u00e1draig,<\/p>\n<p><strong>Peadar Cox<\/strong> i bp\u00e1irt \u00c9amoinn,<\/p>\n<p><strong>Carrie Crowley<\/strong> i bp\u00e1irt Sh\u00edle<\/p>\n<p>agus <strong>John Finn<\/strong> i bp\u00e1irt Mh\u00e1irt\u00edn.<\/p>\n<p>&nbsp;<\/p>\n<p>Sti\u00farth\u00f3ir: <strong>Tom Sullivan<\/strong><em> (Arracht, Fir Bolg)<\/em><\/p>\n<p>Scr\u00edbhneoir: <strong>Kevin Toolis <\/strong><em>(My Father&#8217;s Wake, Complicit)<\/em><\/p>\n<p>L\u00e9iritheoir: <strong>Niamh Fagan<\/strong> <em>(Shooting the Mafia)<\/em><\/p>\n<p>&nbsp;<\/p>\n<p>Ceamara &amp; eagarth\u00f3ireacht: <strong>Dan Keane <\/strong>agus<strong> Kilian Waters<\/strong> &#8211; Arcade Films<\/p>\n<p>Dearadh L\u00e9iri\u00fach\u00e1in: <strong>Padraig O\u2019Neill<\/strong><em> (Arracht) <\/em><\/p>\n<p>&nbsp;<\/p>\n<p>Cuideachta L\u00e9iri\u00fach\u00e1in: <strong>Lunar Pictures<\/strong><\/p>\n<p>&nbsp;<br \/>\n&nbsp;<\/p>\n","protected":false},"excerpt":{"rendered":"<p>&nbsp; TG4 an 1 Samhain 10.30pm &nbsp; &nbsp; Nuair a thug an l\u00e9iritheoir Niamh Fagan an sti\u00farth\u00f3ir Tom Sullivan, a bhfuil gradam IFTA buaite aige, agus an scr\u00edbhneoir Kevin Toolis, a bhfuil gradam BAFTA buaite aige, le ch\u00e9ile chun an saol agus an b\u00e1s in aimsir Covid a scr\u00fad\u00fa Is Olc\u00a0an Ghaoth a th\u00e1inig as. [&hellip;]<\/p>\n","protected":false},"author":876,"featured_media":0,"parent":111525,"menu_order":47,"comment_status":"closed","ping_status":"closed","template":"page-templates\/template-pr.php","meta":{"_acf_changed":false,"footnotes":""},"acf":[],"yoast_head":"<!-- This site is optimized with the Yoast SEO plugin v22.6 - https:\/\/yoast.com\/wordpress\/plugins\/seo\/ -->\n<title>Is Olc an Ghaoth | Preas R\u00e1iteas | TG4<\/title>\n<meta name=\"robots\" content=\"index, follow, max-snippet:-1, max-image-preview:large, max-video-preview:-1\" \/>\n<meta property=\"og:locale\" content=\"en_US\" \/>\n<meta property=\"og:type\" content=\"article\" \/>\n<meta property=\"og:title\" content=\"Is Olc an Ghaoth | Preas R\u00e1iteas | TG4\" \/>\n<meta property=\"og:description\" content=\"&nbsp; TG4 an 1 Samhain 10.30pm &nbsp; &nbsp; Nuair a thug an l\u00e9iritheoir Niamh Fagan an sti\u00farth\u00f3ir Tom Sullivan, a bhfuil gradam IFTA buaite aige, agus an scr\u00edbhneoir Kevin Toolis, a bhfuil gradam BAFTA buaite aige, le ch\u00e9ile chun an saol agus an b\u00e1s in aimsir Covid a scr\u00fad\u00fa Is Olc\u00a0an Ghaoth a th\u00e1inig as. [&hellip;]\" \/>\n<meta property=\"og:url\" content=\"https:\/\/dev.tg4.ie\/ga\/eolas\/preas\/nuacht-raitis\/2020-2\/is-olc-an-ghaoth\/\" \/>\n<meta property=\"og:site_name\" content=\"TG4\" \/>\n<meta property=\"article:publisher\" content=\"https:\/\/www.facebook.com\/TG4TV\" \/>\n<meta property=\"article:modified_time\" content=\"2020-10-22T08:24:47+00:00\" \/>\n<meta property=\"og:image\" content=\"https:\/\/tg4-docs.s3.amazonaws.com\/tg4-redesign-2015\/wp-content\/uploads\/2020\/10\/Is_Olc_an_Ghaoth_John_Finn_Stiofan_Seoige.jpg\" \/>\n\t<meta property=\"og:image:width\" content=\"1920\" \/>\n\t<meta property=\"og:image:height\" content=\"1080\" \/>\n\t<meta property=\"og:image:type\" content=\"image\/jpeg\" \/>\n<meta name=\"twitter:card\" content=\"summary_large_image\" \/>\n<meta name=\"twitter:image\" content=\"https:\/\/tg4-docs.s3.amazonaws.com\/tg4-redesign-2015\/wp-content\/uploads\/2020\/10\/Is_Olc_an_Ghaoth_John_Finn_Stiofan_Seoige.jpg\" \/>\n<meta name=\"twitter:site\" content=\"@TG4TV\" \/>\n<meta name=\"twitter:label1\" content=\"Est. reading time\" \/>\n\t<meta name=\"twitter:data1\" content=\"4 minutes\" \/>\n<script type=\"application\/ld+json\" class=\"yoast-schema-graph\">{\"@context\":\"https:\/\/schema.org\",\"@graph\":[{\"@type\":\"WebPage\",\"@id\":\"https:\/\/dev.tg4.ie\/ga\/eolas\/preas\/nuacht-raitis\/2020-2\/is-olc-an-ghaoth\/\",\"url\":\"https:\/\/dev.tg4.ie\/ga\/eolas\/preas\/nuacht-raitis\/2020-2\/is-olc-an-ghaoth\/\",\"name\":\"Is Olc an Ghaoth | Preas R\u00e1iteas | TG4\",\"isPartOf\":{\"@id\":\"https:\/\/dev.tg4.ie\/en\/#website\"},\"primaryImageOfPage\":{\"@id\":\"https:\/\/dev.tg4.ie\/ga\/eolas\/preas\/nuacht-raitis\/2020-2\/is-olc-an-ghaoth\/#primaryimage\"},\"image\":{\"@id\":\"https:\/\/dev.tg4.ie\/ga\/eolas\/preas\/nuacht-raitis\/2020-2\/is-olc-an-ghaoth\/#primaryimage\"},\"thumbnailUrl\":\"https:\/\/dev.tg4.ie\/wp-content\/uploads\/2020\/10\/Is_Olc_an_Ghaoth_John_Finn_Stiofan_Seoige.jpg\",\"datePublished\":\"2020-10-22T08:20:52+00:00\",\"dateModified\":\"2020-10-22T08:24:47+00:00\",\"breadcrumb\":{\"@id\":\"https:\/\/dev.tg4.ie\/ga\/eolas\/preas\/nuacht-raitis\/2020-2\/is-olc-an-ghaoth\/#breadcrumb\"},\"inLanguage\":\"ga\",\"potentialAction\":[{\"@type\":\"ReadAction\",\"target\":[\"https:\/\/dev.tg4.ie\/ga\/eolas\/preas\/nuacht-raitis\/2020-2\/is-olc-an-ghaoth\/\"]}]},{\"@type\":\"ImageObject\",\"inLanguage\":\"ga\",\"@id\":\"https:\/\/dev.tg4.ie\/ga\/eolas\/preas\/nuacht-raitis\/2020-2\/is-olc-an-ghaoth\/#primaryimage\",\"url\":\"https:\/\/dev.tg4.ie\/wp-content\/uploads\/2020\/10\/Is_Olc_an_Ghaoth_John_Finn_Stiofan_Seoige.jpg\",\"contentUrl\":\"https:\/\/dev.tg4.ie\/wp-content\/uploads\/2020\/10\/Is_Olc_an_Ghaoth_John_Finn_Stiofan_Seoige.jpg\"},{\"@type\":\"BreadcrumbList\",\"@id\":\"https:\/\/dev.tg4.ie\/ga\/eolas\/preas\/nuacht-raitis\/2020-2\/is-olc-an-ghaoth\/#breadcrumb\",\"itemListElement\":[{\"@type\":\"ListItem\",\"position\":1,\"name\":\"Home\",\"item\":\"https:\/\/dev.tg4.ie\/ga\/\"},{\"@type\":\"ListItem\",\"position\":2,\"name\":\"Eolas\",\"item\":\"https:\/\/dev.tg4.ie\/ga\/eolas\/\"},{\"@type\":\"ListItem\",\"position\":3,\"name\":\"Preas\",\"item\":\"https:\/\/dev.tg4.ie\/ga\/eolas\/preas\/\"},{\"@type\":\"ListItem\",\"position\":4,\"name\":\"Nuacht R\u00e1itis\",\"item\":\"https:\/\/dev.tg4.ie\/ga\/eolas\/preas\/nuacht-raitis\/\"},{\"@type\":\"ListItem\",\"position\":5,\"name\":\"2020\",\"item\":\"https:\/\/dev.tg4.ie\/ga\/eolas\/preas\/nuacht-raitis\/2020-2\/\"},{\"@type\":\"ListItem\",\"position\":6,\"name\":\"Is Olc an Ghaoth\"}]},{\"@type\":\"WebSite\",\"@id\":\"https:\/\/dev.tg4.ie\/en\/#website\",\"url\":\"https:\/\/dev.tg4.ie\/en\/\",\"name\":\"TG4\",\"description\":\"S\u00fail Eile\",\"potentialAction\":[{\"@type\":\"SearchAction\",\"target\":{\"@type\":\"EntryPoint\",\"urlTemplate\":\"https:\/\/dev.tg4.ie\/en\/?s={search_term_string}\"},\"query-input\":\"required name=search_term_string\"}],\"inLanguage\":\"ga\"}]}<\/script>\n<!-- \/ Yoast SEO plugin. -->","yoast_head_json":{"title":"Is Olc an Ghaoth | Preas R\u00e1iteas | TG4","robots":{"index":"index","follow":"follow","max-snippet":"max-snippet:-1","max-image-preview":"max-image-preview:large","max-video-preview":"max-video-preview:-1"},"og_locale":"en_US","og_type":"article","og_title":"Is Olc an Ghaoth | Preas R\u00e1iteas | TG4","og_description":"&nbsp; TG4 an 1 Samhain 10.30pm &nbsp; &nbsp; Nuair a thug an l\u00e9iritheoir Niamh Fagan an sti\u00farth\u00f3ir Tom Sullivan, a bhfuil gradam IFTA buaite aige, agus an scr\u00edbhneoir Kevin Toolis, a bhfuil gradam BAFTA buaite aige, le ch\u00e9ile chun an saol agus an b\u00e1s in aimsir Covid a scr\u00fad\u00fa Is Olc\u00a0an Ghaoth a th\u00e1inig as. [&hellip;]","og_url":"https:\/\/dev.tg4.ie\/ga\/eolas\/preas\/nuacht-raitis\/2020-2\/is-olc-an-ghaoth\/","og_site_name":"TG4","article_publisher":"https:\/\/www.facebook.com\/TG4TV","article_modified_time":"2020-10-22T08:24:47+00:00","og_image":[{"width":1920,"height":1080,"url":"https:\/\/tg4-docs.s3.amazonaws.com\/tg4-redesign-2015\/wp-content\/uploads\/2020\/10\/Is_Olc_an_Ghaoth_John_Finn_Stiofan_Seoige.jpg","type":"image\/jpeg"}],"twitter_card":"summary_large_image","twitter_image":"https:\/\/tg4-docs.s3.amazonaws.com\/tg4-redesign-2015\/wp-content\/uploads\/2020\/10\/Is_Olc_an_Ghaoth_John_Finn_Stiofan_Seoige.jpg","twitter_site":"@TG4TV","twitter_misc":{"Est. reading time":"4 minutes"},"schema":{"@context":"https:\/\/schema.org","@graph":[{"@type":"WebPage","@id":"https:\/\/dev.tg4.ie\/ga\/eolas\/preas\/nuacht-raitis\/2020-2\/is-olc-an-ghaoth\/","url":"https:\/\/dev.tg4.ie\/ga\/eolas\/preas\/nuacht-raitis\/2020-2\/is-olc-an-ghaoth\/","name":"Is Olc an Ghaoth | Preas R\u00e1iteas | TG4","isPartOf":{"@id":"https:\/\/dev.tg4.ie\/en\/#website"},"primaryImageOfPage":{"@id":"https:\/\/dev.tg4.ie\/ga\/eolas\/preas\/nuacht-raitis\/2020-2\/is-olc-an-ghaoth\/#primaryimage"},"image":{"@id":"https:\/\/dev.tg4.ie\/ga\/eolas\/preas\/nuacht-raitis\/2020-2\/is-olc-an-ghaoth\/#primaryimage"},"thumbnailUrl":"https:\/\/dev.tg4.ie\/wp-content\/uploads\/2020\/10\/Is_Olc_an_Ghaoth_John_Finn_Stiofan_Seoige.jpg","datePublished":"2020-10-22T08:20:52+00:00","dateModified":"2020-10-22T08:24:47+00:00","breadcrumb":{"@id":"https:\/\/dev.tg4.ie\/ga\/eolas\/preas\/nuacht-raitis\/2020-2\/is-olc-an-ghaoth\/#breadcrumb"},"inLanguage":"ga","potentialAction":[{"@type":"ReadAction","target":["https:\/\/dev.tg4.ie\/ga\/eolas\/preas\/nuacht-raitis\/2020-2\/is-olc-an-ghaoth\/"]}]},{"@type":"ImageObject","inLanguage":"ga","@id":"https:\/\/dev.tg4.ie\/ga\/eolas\/preas\/nuacht-raitis\/2020-2\/is-olc-an-ghaoth\/#primaryimage","url":"https:\/\/dev.tg4.ie\/wp-content\/uploads\/2020\/10\/Is_Olc_an_Ghaoth_John_Finn_Stiofan_Seoige.jpg","contentUrl":"https:\/\/dev.tg4.ie\/wp-content\/uploads\/2020\/10\/Is_Olc_an_Ghaoth_John_Finn_Stiofan_Seoige.jpg"},{"@type":"BreadcrumbList","@id":"https:\/\/dev.tg4.ie\/ga\/eolas\/preas\/nuacht-raitis\/2020-2\/is-olc-an-ghaoth\/#breadcrumb","itemListElement":[{"@type":"ListItem","position":1,"name":"Home","item":"https:\/\/dev.tg4.ie\/ga\/"},{"@type":"ListItem","position":2,"name":"Eolas","item":"https:\/\/dev.tg4.ie\/ga\/eolas\/"},{"@type":"ListItem","position":3,"name":"Preas","item":"https:\/\/dev.tg4.ie\/ga\/eolas\/preas\/"},{"@type":"ListItem","position":4,"name":"Nuacht R\u00e1itis","item":"https:\/\/dev.tg4.ie\/ga\/eolas\/preas\/nuacht-raitis\/"},{"@type":"ListItem","position":5,"name":"2020","item":"https:\/\/dev.tg4.ie\/ga\/eolas\/preas\/nuacht-raitis\/2020-2\/"},{"@type":"ListItem","position":6,"name":"Is Olc an Ghaoth"}]},{"@type":"WebSite","@id":"https:\/\/dev.tg4.ie\/en\/#website","url":"https:\/\/dev.tg4.ie\/en\/","name":"TG4","description":"S\u00fail Eile","potentialAction":[{"@type":"SearchAction","target":{"@type":"EntryPoint","urlTemplate":"https:\/\/dev.tg4.ie\/en\/?s={search_term_string}"},"query-input":"required name=search_term_string"}],"inLanguage":"ga"}]}},"_links":{"self":[{"href":"https:\/\/dev.tg4.ie\/ga\/wp-json\/wp\/v2\/pages\/114756"}],"collection":[{"href":"https:\/\/dev.tg4.ie\/ga\/wp-json\/wp\/v2\/pages"}],"about":[{"href":"https:\/\/dev.tg4.ie\/ga\/wp-json\/wp\/v2\/types\/page"}],"author":[{"embeddable":true,"href":"https:\/\/dev.tg4.ie\/ga\/wp-json\/wp\/v2\/users\/876"}],"replies":[{"embeddable":true,"href":"https:\/\/dev.tg4.ie\/ga\/wp-json\/wp\/v2\/comments?post=114756"}],"version-history":[{"count":0,"href":"https:\/\/dev.tg4.ie\/ga\/wp-json\/wp\/v2\/pages\/114756\/revisions"}],"up":[{"embeddable":true,"href":"https:\/\/dev.tg4.ie\/ga\/wp-json\/wp\/v2\/pages\/111525"}],"wp:attachment":[{"href":"https:\/\/dev.tg4.ie\/ga\/wp-json\/wp\/v2\/media?parent=114756"}],"curies":[{"name":"wp","href":"https:\/\/api.w.org\/{rel}","templated":true}]}}