{"id":114917,"date":"2020-11-10T13:09:48","date_gmt":"2020-11-10T13:09:48","guid":{"rendered":"https:\/\/dev.tg4.ie\/?page_id=114917"},"modified":"2020-11-10T13:12:54","modified_gmt":"2020-11-10T13:12:54","slug":"se-mo-laoch-ar-ais-ar-tg4","status":"publish","type":"page","link":"https:\/\/dev.tg4.ie\/ga\/eolas\/preas\/nuacht-raitis\/2020-2\/se-mo-laoch-ar-ais-ar-tg4\/","title":{"rendered":"&#8216;S\u00e9 Mo Laoch ar ais ar TG4"},"content":{"rendered":"<p><a href=\"https:\/\/tg4-docs.s3.amazonaws.com\/tg4-redesign-2015\/wp-content\/uploads\/2020\/11\/Se_Mo_Laoch_Paddy_Keenan_2_1920x1080.jpg\"><img loading=\"lazy\" decoding=\"async\" width=\"1920\" height=\"1080\" src=\"https:\/\/tg4-docs.s3.amazonaws.com\/tg4-redesign-2015\/wp-content\/uploads\/2020\/11\/Se_Mo_Laoch_Paddy_Keenan_2_1920x1080.jpg\" alt=\"\" class=\"alignnone size-full wp-image-114921\" srcset=\"https:\/\/tg4-docs.s3.amazonaws.com\/tg4-redesign-2015\/wp-content\/uploads\/2020\/11\/Se_Mo_Laoch_Paddy_Keenan_2_1920x1080.jpg 1920w, https:\/\/tg4-docs.s3.amazonaws.com\/tg4-redesign-2015\/wp-content\/uploads\/2020\/11\/Se_Mo_Laoch_Paddy_Keenan_2_1920x1080-250x141.jpg 250w, https:\/\/tg4-docs.s3.amazonaws.com\/tg4-redesign-2015\/wp-content\/uploads\/2020\/11\/Se_Mo_Laoch_Paddy_Keenan_2_1920x1080-700x394.jpg 700w, https:\/\/tg4-docs.s3.amazonaws.com\/tg4-redesign-2015\/wp-content\/uploads\/2020\/11\/Se_Mo_Laoch_Paddy_Keenan_2_1920x1080-252x141.jpg 252w, https:\/\/tg4-docs.s3.amazonaws.com\/tg4-redesign-2015\/wp-content\/uploads\/2020\/11\/Se_Mo_Laoch_Paddy_Keenan_2_1920x1080-1536x864.jpg 1536w, https:\/\/tg4-docs.s3.amazonaws.com\/tg4-redesign-2015\/wp-content\/uploads\/2020\/11\/Se_Mo_Laoch_Paddy_Keenan_2_1920x1080-120x68.jpg 120w\" sizes=\"(max-width: 1920px) 100vw, 1920px\" \/><\/a><br \/>\nGriangraf: Paddy Keenan<br \/>\n&nbsp;<\/p>\n<p>Ins\u00edonn <strong>\u2019S\u00e9 mo Laoch<\/strong>, pr\u00edomhshraith cheoil thraidisi\u00fanta TG4, sc\u00e9alta roinnt de na ceolt\u00f3ir\u00ed agus amhr\u00e1naithe is fearr in \u00c9irinn. D\u00e9antar ceili\u00faradh i ngach ceann den 5 chl\u00e1r faisn\u00e9ise uair an chloig seo ar chumas ceoil agus cruthaitheachta roinnt de na taibheoir\u00ed is c\u00e1ili\u00fala agus is m\u00f3 a bhfuil ardmheas orthu sa t\u00edr. Tugann an tsraith seo, at\u00e1 \u00e1 l\u00e9iri\u00fa do TG4, ard\u00e1n don \u00e9ags\u00falacht mh\u00f3r ceoil agus ceolt\u00f3ir\u00ed traidisi\u00fanta in \u00c9irinn \u00f3 \u201cJimi Hendrix na bp\u00edopa\u00ed\u201d, Paddy Keenan, go dt\u00ed na deirfi\u00faracha Nollaig Casey agus M\u00e1ire N\u00ed Chathasaigh as Corcaigh, Gabriel McArdle amhr\u00e1na\u00ed as Fear Manach agus Geraldine &#038; \u00c9amonn Cotter, deirfi\u00far agus dearth\u00e1ir as Co. an Chl\u00e1ir, gan tr\u00e1cht ar r\u00ed \u2018Kerryoke\u2019 \u00e9 f\u00e9in, S\u00e9amus Begley. Is cl\u00e1ir ar leith agus dl\u00fathbhainteacha iad ar fad ina n-ins\u00edtear sc\u00e9al na gceolt\u00f3ir\u00ed ceannr\u00f3da\u00edocha seo ina bhfocail f\u00e9in.<br \/>\n&nbsp;<br \/>\nTosa\u00edonn an tsraith le s\u00fail siar ar shaol agus ar ghairm an Ph\u00edobaire Paddy Keenan. T\u00e1 Keenan ar dhuine de na P\u00edobair\u00ed Uilleann is c\u00e1ili\u00fala in \u00c9irinn. Rugadh \u00e9 i dteaghlach c\u00e1ili\u00fail de cheolt\u00f3ir\u00ed taistil. Bh\u00ed a chuid ceoil ina chuid l\u00e1rnach d\u2019fhuaim an Bothy Band. Is f\u00edorannamh a dh\u00e9anann Paddy agallamh agus t\u00e1 meallacacht aige a tharraing\u00edonn ceolt\u00f3ir\u00ed agus lucht lean\u00fana chuige f\u00e9in agus a chuid ceoil. Beidh Paddy Glackin chomh maith le Matt Molloy, Tr\u00edona N\u00ed Dhomhnaill, Peter Browne, S\u00e9im\u00ed O\u2019Dowd, \u00c9amonn De Barra agus John McSherry p\u00e1irteach sa chl\u00e1r. <\/p>\n<div style=\"position: relative; overflow: auto; width: 100%; padding-bottom: 56.25%;\"><iframe loading=\"lazy\" src=\"https:\/\/www.youtube.com\/embed\/K841WXSW1wM\" width=\"100%\" height=\"100%\" frameborder=\"0\" scrolling=\"no\" allowFullscreen=\"true\" style=\"position: absolute; top: 0px; display: block;\"><\/iframe><\/div>\n<p>&nbsp;<br \/>\nAn boscad\u00f3ir agus amhr\u00e1na\u00ed as Ciarra\u00ed, S\u00e9amus Begley, a bheidh faoi chaibidil sa dara cl\u00e1r. D\u2019fh\u00e1g a chuid amhr\u00e1na\u00edochta agus an d\u00edsr\u00e9ad aitheanta leis an ngiot\u00e1ra\u00ed as an Astr\u00e1il Steve Cooney lorg buan ar an gceol traidisi\u00fanta in \u00c9irinn. Chas s\u00e9 le Mary Black, Sharon Shannon, The Waterboys agus T\u00e9ada agus b\u00edonn s\u00e9 i mbun beag\u00e1n feirmeoireachta sa mbaile ar imeall thiar Leithinis an Daingin. Bh\u00ed an dl\u00fathdhiosca ceannr\u00f3da\u00edoch \u2018Meitheal\u2019 le Cooney, ar cheann de na dl\u00fathdhiosca\u00ed ceoil thraidisi\u00fanta ba ch\u00e1ili\u00fala sna 90id\u00ed agus is minic a bhain a chuid seinnte br\u00edomhaire ar an mbosca ceoil croitheadh as na fraitheacha i gceol\u00e1rais \u00f3n Droichead Beag chomh fada le T\u00f3iceo. Beidh a mhuintir in \u00e9ineacht leis sa gcl\u00e1r seo chomh maith le Steve Cooney, Muireann Nic Amhlaoibh, Donagh Hennessey &#038; Ois\u00edn Mac Diarmada. <\/p>\n<div style=\"position: relative; overflow: auto; width: 100%; padding-bottom: 56.25%;\"><iframe loading=\"lazy\" src=\"https:\/\/www.youtube.com\/embed\/ux7fM87Ya2E\" width=\"100%\" height=\"100%\" frameborder=\"0\" scrolling=\"no\" allowFullscreen=\"true\" style=\"position: absolute; top: 0px; display: block;\"><\/iframe><\/div>\n<p>&nbsp;<br \/>\nTugtar cuntas ar shaol agus ar ghairm na ndeirfi\u00faracha Nollaig Casey &#038; M\u00e1ire N\u00ed Chathasaigh as Corcaigh sa ch\u00e9ad chl\u00e1r eile. T\u00e1 Nollaig Casey ar dhuine de na veidhlead\u00f3ir\u00ed\/fidl\u00e9ir\u00ed is m\u00f3 cli\u00fa in \u00c9irinn agus t\u00e1 seinnte aici le gach duine \u00f3 Van Morrison go Planxty, Coolfin, Cherish the Ladies, Makem agus Clancy, an Cheolfhoireann Shiansach N\u00e1isi\u00fanta agus cuid mhaith eile. Is \u00ed M\u00e1ire N\u00ed Chathasaigh, deirfi\u00far Nollaig, an ch\u00e9ad bhean a bronnadh Ceolt\u00f3ir na Bliana TG4 uirthi agus t\u00e1 c\u00e1il uirthi freisin mar an ch\u00e9ad duine a chas r\u00edleanna agus poirt ar an gcl\u00e1irseach. F\u00e9achaimid ar a saol agus a gcuid ceoil le ha\u00edonna ar n\u00f3s Arty McGlynn RIP, Chris Newman, M\u00e1ire N\u00ed Ghr\u00e1da, D\u00f3nal Lunny &#038; Mair\u00e9ad N\u00ed Chathasaigh.<br \/>\n&nbsp;<br \/>\nT\u00e1 cli\u00fa agus c\u00e1il ar Cho. an Chl\u00e1ir mar bhaile an cheoil thraidisi\u00fanta mar go bhfuil s\u00e9 go smior i ngach \u00e1itreabh agus par\u00f3iste ann beagnach. Is iad Geraldine agus \u00c9amonn Cotter, deirfi\u00far agus dearth\u00e1ir, beirt de na l\u00e9iritheoir\u00ed den traidisi\u00fan is m\u00f3 c\u00e1il i gCo. an Chl\u00e1ir. Is seinnteoir pian\u00f3 agus m\u00fainteoir \u00ed Geraldine a bhfuil tuiscint ar leith ar an gceol aici agus t\u00f3gadh \u00ed ag casadh le seanmh\u00e1istr\u00ed an cheoil. Seinneann \u00c9amonn an fhead\u00f3g mh\u00f3r agus b\u00edonn s\u00e9 d\u00e1 nd\u00e9anamh freisin.  C\u00e9 gur chas s\u00e9 le Banna C\u00e9il\u00ed na Tula\u00ed agus \u00e9 ina leaid \u00f3g d\u00e9anann s\u00e9 fead\u00f3ga m\u00f3ra anois a chastar ar fud an domhain. F\u00e9achaimid ar a saol agus ar a gcuid ceoil le ha\u00edonna ar n\u00f3s Jack Talty, Kieran Hanrahan, \u00c1ine Hensey, M\u00e9abh Donnelly &#038; Charlie Harris.<br \/>\n&nbsp;<br \/>\nIs iad amhr\u00e1in agus amhr\u00e1na\u00edocht an amhr\u00e1na\u00ed Gabriel McArdle, as Fear Manach, a phl\u00e9itear sa gcl\u00e1r deireanach den tsraith seo. T\u00e1 Gabriel ar dhuine de sheoid \u00farnua na h\u00c9ireann le r\u00e9imse ar leith amhr\u00e1in agus guth at\u00e1 chomh n\u00e1d\u00fartha leis na locha agus na huiscebheala\u00ed ina chontae dh\u00fachais. Le Adrian Dunbar, Cathal McConnell, Mair\u00e9ad N\u00ed Mhaonaigh, Gary Hastings, Ciar\u00e1n Curran, Fintan McManus, Gerry O\u2019Connor &#038; Martin Quinn.<br \/>\n&nbsp;<br \/>\nSti\u00farth\u00f3ir Ciar\u00e1n \u00d3 Maonaigh agus L\u00e9iritheoir D\u00f3nal O\u2019Connor, L\u00e9iritheoir Feidhmi\u00fach\u00e1in Niamh N\u00ed Bhaoill. \u2018S\u00e9 mo Laoch arna l\u00e9iri\u00fa ag Aniar TV.<br \/>\n&nbsp;<br \/>\n&nbsp;<br \/>\n<em>Chun tuilleadh eolais, \u00edomh\u00e1nna ardtaifigh, agallaimh le ceolt\u00f3ir\u00ed n\u00f3 c\u00f3ipeanna r\u00e9amhl\u00e9irithe a fh\u00e1il d\u00e9an teagmh\u00e1il le:<\/em><\/p>\n<p><strong>Linda N\u00ed Ghriofa<\/strong><\/p>\n<p>Eagra\u00ed Cumars\u00e1ide TG4<\/p>\n<p><a href=\"mailto:Linda.ni.ghriofa@dev.tg4.ie\" rel=\"noopener noreferrer\" target=\"_blank\">Linda.ni.ghriofa@dev.tg4.ie<\/a><br \/>\n&nbsp;<\/p>\n","protected":false},"excerpt":{"rendered":"<p>Griangraf: Paddy Keenan &nbsp; Ins\u00edonn \u2019S\u00e9 mo Laoch, pr\u00edomhshraith cheoil thraidisi\u00fanta TG4, sc\u00e9alta roinnt de na ceolt\u00f3ir\u00ed agus amhr\u00e1naithe is fearr in \u00c9irinn. D\u00e9antar ceili\u00faradh i ngach ceann den 5 chl\u00e1r faisn\u00e9ise uair an chloig seo ar chumas ceoil agus cruthaitheachta roinnt de na taibheoir\u00ed is c\u00e1ili\u00fala agus is m\u00f3 a bhfuil ardmheas orthu sa [&hellip;]<\/p>\n","protected":false},"author":876,"featured_media":0,"parent":111525,"menu_order":48,"comment_status":"closed","ping_status":"closed","template":"page-templates\/template-pr.php","meta":{"_acf_changed":false,"footnotes":""},"acf":[],"yoast_head":"<!-- This site is optimized with the Yoast SEO plugin v22.6 - https:\/\/yoast.com\/wordpress\/plugins\/seo\/ -->\n<title>\u2018S\u00e9 mo Laoch\u2019 ar ais ar TG4 don 11\u00fa sraith le Laochra Beo an Cheoil Thraidisi\u00fanta | Preas R\u00e1iteas | TG4<\/title>\n<meta name=\"robots\" content=\"index, follow, max-snippet:-1, max-image-preview:large, max-video-preview:-1\" \/>\n<meta property=\"og:locale\" content=\"en_US\" \/>\n<meta property=\"og:type\" content=\"article\" \/>\n<meta property=\"og:title\" content=\"\u2018S\u00e9 mo Laoch\u2019 ar ais ar TG4 don 11\u00fa sraith le Laochra Beo an Cheoil Thraidisi\u00fanta | Preas R\u00e1iteas | TG4\" \/>\n<meta property=\"og:description\" content=\"Griangraf: Paddy Keenan &nbsp; Ins\u00edonn \u2019S\u00e9 mo Laoch, pr\u00edomhshraith cheoil thraidisi\u00fanta TG4, sc\u00e9alta roinnt de na ceolt\u00f3ir\u00ed agus amhr\u00e1naithe is fearr in \u00c9irinn. D\u00e9antar ceili\u00faradh i ngach ceann den 5 chl\u00e1r faisn\u00e9ise uair an chloig seo ar chumas ceoil agus cruthaitheachta roinnt de na taibheoir\u00ed is c\u00e1ili\u00fala agus is m\u00f3 a bhfuil ardmheas orthu sa [&hellip;]\" \/>\n<meta property=\"og:url\" content=\"https:\/\/dev.tg4.ie\/ga\/eolas\/preas\/nuacht-raitis\/2020-2\/se-mo-laoch-ar-ais-ar-tg4\/\" \/>\n<meta property=\"og:site_name\" content=\"TG4\" \/>\n<meta property=\"article:publisher\" content=\"https:\/\/www.facebook.com\/TG4TV\" \/>\n<meta property=\"article:modified_time\" content=\"2020-11-10T13:12:54+00:00\" \/>\n<meta property=\"og:image\" content=\"https:\/\/tg4-docs.s3.amazonaws.com\/tg4-redesign-2015\/wp-content\/uploads\/2020\/11\/Se_Mo_Laoch_Paddy_Keenan_2_1920x1080.jpg\" \/>\n\t<meta property=\"og:image:width\" content=\"1920\" \/>\n\t<meta property=\"og:image:height\" content=\"1080\" \/>\n\t<meta property=\"og:image:type\" content=\"image\/jpeg\" \/>\n<meta name=\"twitter:card\" content=\"summary_large_image\" \/>\n<meta name=\"twitter:image\" content=\"https:\/\/tg4-docs.s3.amazonaws.com\/tg4-redesign-2015\/wp-content\/uploads\/2020\/11\/Se_Mo_Laoch_Paddy_Keenan_2_1920x1080.jpg\" \/>\n<meta name=\"twitter:site\" content=\"@TG4TV\" \/>\n<meta name=\"twitter:label1\" content=\"Est. reading time\" \/>\n\t<meta name=\"twitter:data1\" content=\"4 minutes\" \/>\n<script type=\"application\/ld+json\" class=\"yoast-schema-graph\">{\"@context\":\"https:\/\/schema.org\",\"@graph\":[{\"@type\":\"WebPage\",\"@id\":\"https:\/\/dev.tg4.ie\/ga\/eolas\/preas\/nuacht-raitis\/2020-2\/se-mo-laoch-ar-ais-ar-tg4\/\",\"url\":\"https:\/\/dev.tg4.ie\/ga\/eolas\/preas\/nuacht-raitis\/2020-2\/se-mo-laoch-ar-ais-ar-tg4\/\",\"name\":\"\u2018S\u00e9 mo Laoch\u2019 ar ais ar TG4 don 11\u00fa sraith le Laochra Beo an Cheoil Thraidisi\u00fanta | Preas R\u00e1iteas | TG4\",\"isPartOf\":{\"@id\":\"https:\/\/dev.tg4.ie\/en\/#website\"},\"primaryImageOfPage\":{\"@id\":\"https:\/\/dev.tg4.ie\/ga\/eolas\/preas\/nuacht-raitis\/2020-2\/se-mo-laoch-ar-ais-ar-tg4\/#primaryimage\"},\"image\":{\"@id\":\"https:\/\/dev.tg4.ie\/ga\/eolas\/preas\/nuacht-raitis\/2020-2\/se-mo-laoch-ar-ais-ar-tg4\/#primaryimage\"},\"thumbnailUrl\":\"https:\/\/dev.tg4.ie\/wp-content\/uploads\/2020\/11\/Se_Mo_Laoch_Paddy_Keenan_2_1920x1080.jpg\",\"datePublished\":\"2020-11-10T13:09:48+00:00\",\"dateModified\":\"2020-11-10T13:12:54+00:00\",\"breadcrumb\":{\"@id\":\"https:\/\/dev.tg4.ie\/ga\/eolas\/preas\/nuacht-raitis\/2020-2\/se-mo-laoch-ar-ais-ar-tg4\/#breadcrumb\"},\"inLanguage\":\"ga\",\"potentialAction\":[{\"@type\":\"ReadAction\",\"target\":[\"https:\/\/dev.tg4.ie\/ga\/eolas\/preas\/nuacht-raitis\/2020-2\/se-mo-laoch-ar-ais-ar-tg4\/\"]}]},{\"@type\":\"ImageObject\",\"inLanguage\":\"ga\",\"@id\":\"https:\/\/dev.tg4.ie\/ga\/eolas\/preas\/nuacht-raitis\/2020-2\/se-mo-laoch-ar-ais-ar-tg4\/#primaryimage\",\"url\":\"https:\/\/dev.tg4.ie\/wp-content\/uploads\/2020\/11\/Se_Mo_Laoch_Paddy_Keenan_2_1920x1080.jpg\",\"contentUrl\":\"https:\/\/dev.tg4.ie\/wp-content\/uploads\/2020\/11\/Se_Mo_Laoch_Paddy_Keenan_2_1920x1080.jpg\"},{\"@type\":\"BreadcrumbList\",\"@id\":\"https:\/\/dev.tg4.ie\/ga\/eolas\/preas\/nuacht-raitis\/2020-2\/se-mo-laoch-ar-ais-ar-tg4\/#breadcrumb\",\"itemListElement\":[{\"@type\":\"ListItem\",\"position\":1,\"name\":\"Home\",\"item\":\"https:\/\/dev.tg4.ie\/ga\/\"},{\"@type\":\"ListItem\",\"position\":2,\"name\":\"Eolas\",\"item\":\"https:\/\/dev.tg4.ie\/ga\/eolas\/\"},{\"@type\":\"ListItem\",\"position\":3,\"name\":\"Preas\",\"item\":\"https:\/\/dev.tg4.ie\/ga\/eolas\/preas\/\"},{\"@type\":\"ListItem\",\"position\":4,\"name\":\"Nuacht R\u00e1itis\",\"item\":\"https:\/\/dev.tg4.ie\/ga\/eolas\/preas\/nuacht-raitis\/\"},{\"@type\":\"ListItem\",\"position\":5,\"name\":\"2020\",\"item\":\"https:\/\/dev.tg4.ie\/ga\/eolas\/preas\/nuacht-raitis\/2020-2\/\"},{\"@type\":\"ListItem\",\"position\":6,\"name\":\"&#8216;S\u00e9 Mo Laoch ar ais ar TG4\"}]},{\"@type\":\"WebSite\",\"@id\":\"https:\/\/dev.tg4.ie\/en\/#website\",\"url\":\"https:\/\/dev.tg4.ie\/en\/\",\"name\":\"TG4\",\"description\":\"S\u00fail Eile\",\"potentialAction\":[{\"@type\":\"SearchAction\",\"target\":{\"@type\":\"EntryPoint\",\"urlTemplate\":\"https:\/\/dev.tg4.ie\/en\/?s={search_term_string}\"},\"query-input\":\"required name=search_term_string\"}],\"inLanguage\":\"ga\"}]}<\/script>\n<!-- \/ Yoast SEO plugin. -->","yoast_head_json":{"title":"\u2018S\u00e9 mo Laoch\u2019 ar ais ar TG4 don 11\u00fa sraith le Laochra Beo an Cheoil Thraidisi\u00fanta | Preas R\u00e1iteas | TG4","robots":{"index":"index","follow":"follow","max-snippet":"max-snippet:-1","max-image-preview":"max-image-preview:large","max-video-preview":"max-video-preview:-1"},"og_locale":"en_US","og_type":"article","og_title":"\u2018S\u00e9 mo Laoch\u2019 ar ais ar TG4 don 11\u00fa sraith le Laochra Beo an Cheoil Thraidisi\u00fanta | Preas R\u00e1iteas | TG4","og_description":"Griangraf: Paddy Keenan &nbsp; Ins\u00edonn \u2019S\u00e9 mo Laoch, pr\u00edomhshraith cheoil thraidisi\u00fanta TG4, sc\u00e9alta roinnt de na ceolt\u00f3ir\u00ed agus amhr\u00e1naithe is fearr in \u00c9irinn. D\u00e9antar ceili\u00faradh i ngach ceann den 5 chl\u00e1r faisn\u00e9ise uair an chloig seo ar chumas ceoil agus cruthaitheachta roinnt de na taibheoir\u00ed is c\u00e1ili\u00fala agus is m\u00f3 a bhfuil ardmheas orthu sa [&hellip;]","og_url":"https:\/\/dev.tg4.ie\/ga\/eolas\/preas\/nuacht-raitis\/2020-2\/se-mo-laoch-ar-ais-ar-tg4\/","og_site_name":"TG4","article_publisher":"https:\/\/www.facebook.com\/TG4TV","article_modified_time":"2020-11-10T13:12:54+00:00","og_image":[{"width":1920,"height":1080,"url":"https:\/\/tg4-docs.s3.amazonaws.com\/tg4-redesign-2015\/wp-content\/uploads\/2020\/11\/Se_Mo_Laoch_Paddy_Keenan_2_1920x1080.jpg","type":"image\/jpeg"}],"twitter_card":"summary_large_image","twitter_image":"https:\/\/tg4-docs.s3.amazonaws.com\/tg4-redesign-2015\/wp-content\/uploads\/2020\/11\/Se_Mo_Laoch_Paddy_Keenan_2_1920x1080.jpg","twitter_site":"@TG4TV","twitter_misc":{"Est. reading time":"4 minutes"},"schema":{"@context":"https:\/\/schema.org","@graph":[{"@type":"WebPage","@id":"https:\/\/dev.tg4.ie\/ga\/eolas\/preas\/nuacht-raitis\/2020-2\/se-mo-laoch-ar-ais-ar-tg4\/","url":"https:\/\/dev.tg4.ie\/ga\/eolas\/preas\/nuacht-raitis\/2020-2\/se-mo-laoch-ar-ais-ar-tg4\/","name":"\u2018S\u00e9 mo Laoch\u2019 ar ais ar TG4 don 11\u00fa sraith le Laochra Beo an Cheoil Thraidisi\u00fanta | Preas R\u00e1iteas | TG4","isPartOf":{"@id":"https:\/\/dev.tg4.ie\/en\/#website"},"primaryImageOfPage":{"@id":"https:\/\/dev.tg4.ie\/ga\/eolas\/preas\/nuacht-raitis\/2020-2\/se-mo-laoch-ar-ais-ar-tg4\/#primaryimage"},"image":{"@id":"https:\/\/dev.tg4.ie\/ga\/eolas\/preas\/nuacht-raitis\/2020-2\/se-mo-laoch-ar-ais-ar-tg4\/#primaryimage"},"thumbnailUrl":"https:\/\/dev.tg4.ie\/wp-content\/uploads\/2020\/11\/Se_Mo_Laoch_Paddy_Keenan_2_1920x1080.jpg","datePublished":"2020-11-10T13:09:48+00:00","dateModified":"2020-11-10T13:12:54+00:00","breadcrumb":{"@id":"https:\/\/dev.tg4.ie\/ga\/eolas\/preas\/nuacht-raitis\/2020-2\/se-mo-laoch-ar-ais-ar-tg4\/#breadcrumb"},"inLanguage":"ga","potentialAction":[{"@type":"ReadAction","target":["https:\/\/dev.tg4.ie\/ga\/eolas\/preas\/nuacht-raitis\/2020-2\/se-mo-laoch-ar-ais-ar-tg4\/"]}]},{"@type":"ImageObject","inLanguage":"ga","@id":"https:\/\/dev.tg4.ie\/ga\/eolas\/preas\/nuacht-raitis\/2020-2\/se-mo-laoch-ar-ais-ar-tg4\/#primaryimage","url":"https:\/\/dev.tg4.ie\/wp-content\/uploads\/2020\/11\/Se_Mo_Laoch_Paddy_Keenan_2_1920x1080.jpg","contentUrl":"https:\/\/dev.tg4.ie\/wp-content\/uploads\/2020\/11\/Se_Mo_Laoch_Paddy_Keenan_2_1920x1080.jpg"},{"@type":"BreadcrumbList","@id":"https:\/\/dev.tg4.ie\/ga\/eolas\/preas\/nuacht-raitis\/2020-2\/se-mo-laoch-ar-ais-ar-tg4\/#breadcrumb","itemListElement":[{"@type":"ListItem","position":1,"name":"Home","item":"https:\/\/dev.tg4.ie\/ga\/"},{"@type":"ListItem","position":2,"name":"Eolas","item":"https:\/\/dev.tg4.ie\/ga\/eolas\/"},{"@type":"ListItem","position":3,"name":"Preas","item":"https:\/\/dev.tg4.ie\/ga\/eolas\/preas\/"},{"@type":"ListItem","position":4,"name":"Nuacht R\u00e1itis","item":"https:\/\/dev.tg4.ie\/ga\/eolas\/preas\/nuacht-raitis\/"},{"@type":"ListItem","position":5,"name":"2020","item":"https:\/\/dev.tg4.ie\/ga\/eolas\/preas\/nuacht-raitis\/2020-2\/"},{"@type":"ListItem","position":6,"name":"&#8216;S\u00e9 Mo Laoch ar ais ar TG4"}]},{"@type":"WebSite","@id":"https:\/\/dev.tg4.ie\/en\/#website","url":"https:\/\/dev.tg4.ie\/en\/","name":"TG4","description":"S\u00fail Eile","potentialAction":[{"@type":"SearchAction","target":{"@type":"EntryPoint","urlTemplate":"https:\/\/dev.tg4.ie\/en\/?s={search_term_string}"},"query-input":"required name=search_term_string"}],"inLanguage":"ga"}]}},"_links":{"self":[{"href":"https:\/\/dev.tg4.ie\/ga\/wp-json\/wp\/v2\/pages\/114917"}],"collection":[{"href":"https:\/\/dev.tg4.ie\/ga\/wp-json\/wp\/v2\/pages"}],"about":[{"href":"https:\/\/dev.tg4.ie\/ga\/wp-json\/wp\/v2\/types\/page"}],"author":[{"embeddable":true,"href":"https:\/\/dev.tg4.ie\/ga\/wp-json\/wp\/v2\/users\/876"}],"replies":[{"embeddable":true,"href":"https:\/\/dev.tg4.ie\/ga\/wp-json\/wp\/v2\/comments?post=114917"}],"version-history":[{"count":0,"href":"https:\/\/dev.tg4.ie\/ga\/wp-json\/wp\/v2\/pages\/114917\/revisions"}],"up":[{"embeddable":true,"href":"https:\/\/dev.tg4.ie\/ga\/wp-json\/wp\/v2\/pages\/111525"}],"wp:attachment":[{"href":"https:\/\/dev.tg4.ie\/ga\/wp-json\/wp\/v2\/media?parent=114917"}],"curies":[{"name":"wp","href":"https:\/\/api.w.org\/{rel}","templated":true}]}}