{"id":114940,"date":"2020-11-10T13:32:52","date_gmt":"2020-11-10T13:32:52","guid":{"rendered":"https:\/\/dev.tg4.ie\/?page_id=114940"},"modified":"2020-11-10T13:33:43","modified_gmt":"2020-11-10T13:33:43","slug":"saol-faoi-ghlas-an-chead-dianghlasail","status":"publish","type":"page","link":"https:\/\/dev.tg4.ie\/ga\/eolas\/preas\/nuacht-raitis\/2020-2\/saol-faoi-ghlas-an-chead-dianghlasail\/","title":{"rendered":"SAOL FAOI GHLAS : an ch\u00e9ad dianghlas\u00e1il"},"content":{"rendered":"<div style=\"position: relative; overflow: auto; width: 100%; padding-bottom: 56.25%;\"><iframe loading=\"lazy\" src=\"https:\/\/www.youtube.com\/embed\/LnElpccEoU8\" width=\"100%\" height=\"100%\" frameborder=\"0\" scrolling=\"no\" allowFullscreen=\"true\" style=\"position: absolute; top: 0px; display: block;\"><\/iframe><\/div>\n<p>&nbsp;<\/p>\n<p>Is cl\u00e1r faisn\u00e9ise uair an chloig \u00e9 <strong>Saol Faoi Ghlas<\/strong> &#8211; an ch\u00e9ad dianghlas\u00e1il, a bhreathna\u00edonn ar shaol mhuintir na h\u00c9ireann, ag am nuair is neamhghn\u00e1ch at\u00e1 c\u00farsa\u00ed, mar a mhair muid le linn dhianghlas\u00e1il Covid-19 na h\u00c9ireann \u00f3 Aibre\u00e1n go Me\u00e1n F\u00f3mhair 2020.<\/p>\n<p>I m\u00ed M\u00e1rta 2020 cuireadh an saol tr\u00edna ch\u00e9ile orainn nuair a b\u2019\u00e9igean d\u00fainn dul i ngleic leis na himpleachta\u00ed a bhain le maireacht\u00e1il faoi n\u00e9al phaind\u00e9im dhomhanda. Breathna\u00edonn <strong>Saol Faoi Ghlas<\/strong> ar sc\u00e9alta agus carachtair faoi leith agus l\u00e9ir\u00edtear ann r\u00e9 i stair na h\u00c9ireann nach bhfacthas a leith\u00e9id riamh cheana leis an ini\u00fachadh a dh\u00e9antar ar na d\u00fashl\u00e1in bhreise a bh\u00ed ar dhaoine agus iad ag maireacht\u00e1il faoi dhianghlas\u00e1il.<\/p>\n<p>Tugann an cl\u00e1r faisn\u00e9ise seo l\u00e9argas d\u00fainn ar am ina rabhamar ar fad, mar dhaoine, ag streachailt leis na h\u00e9ilimh nua a cuireadh orainn le measc\u00e1n de ph\u00edosa\u00ed f\u00e9in-taifeadta agus p\u00edosa\u00ed scann\u00e1na\u00edochta as cl\u00e1ir faisn\u00e9ise ina bhfuil carachtair \u00f3 gach c\u00faige in \u00c9irinn. In ainneoin an chruatain phearsanta a d\u2019fhulaing na daoine a ghlac p\u00e1irt sa chl\u00e1r faisn\u00e9ise seo, is sc\u00e9al \u00e9 ar deireadh faoi dh\u00f3chas agus cuireann s\u00e9 i gcuimhne d\u00fainn go bhfuil teacht aniar agus l\u00e1idreacht ionainn mar dhaoine aonair agus mar phobail.<\/p>\n<p>I nDomhnach M\u00f3r, i gCorcaigh castar Trish O\u2019Neill orainn agus \u00ed ag obair \u00f3n mbaile ag roinnt oifige i seomra leapa lena fear agus ag an am c\u00e9anna ag tabhairt aire do thri\u00far gas\u00far, duine acu, Conor, a bhfuil uathachas air. Le himeacht na m\u00edonna feicimid an bhail a chuireann an dianghlas\u00e1il ar an teaghlach, go m\u00f3r m\u00f3r an tionchar a bh\u00edonn aici ar Conor nuair nach bhfuil gn\u00e1thamh n\u00e1 taca\u00edochta\u00ed oideachais ar f\u00e1il d\u00f3.<\/p>\n<p>T\u00e1 Aoife Rafter ag cluthar\u00fa ina teach baile sa N\u00e1s i gcontae Chill Dara. T\u00e1 fiobr\u00f3is chisteach uirthi \u00f3 rugadh \u00ed agus tuigeann s\u00ed go r\u00edmhaith an bhail mhillteanach a d\u2019fh\u00e9adfadh tinneas riospr\u00e1ide a chur uirthi. Chr\u00edochnaigh Aoife c\u00f3ir leighis i gcomhair ailse cheirbheacs d\u00edreach roimh an dianghlas\u00e1il agus n\u00edl clinic\u00ed, n\u00e1 scr\u00faduithe sl\u00e1inte, n\u00e1 taca\u00edocht leighis ar f\u00e1il di anois agus \u00ed s\u00e1innithe i gc\u00fapla seomra.<\/p>\n<p>I Sligeach t\u00e1 an gruagaire, Marian Dineen, ag glacadh leis an tionchar at\u00e1 ag an d\u00fanadh \u00e9igeantach ar a sal\u00f3n. B\u2019\u00e9igean do Marian scaoileadh lena foireann agus lena gairm bheatha c\u00e9 go bhfuil breis is 40 bliain caite aici ag obair i dtionscal na gruaigead\u00f3ireachta. Cuireann Marian br\u00e9agfhoilt ar f\u00e1il do dhaoine a bhfuil ailse san iarthuaisceart agus t\u00e1 an-imn\u00ed uirthi faoina cuid custaim\u00e9ir\u00ed agus \u00ed ag smaoineamh an mbeidh s\u00ed in ann a gn\u00f3 a thabhairt ar ais.<\/p>\n<p>Sa Tulach M\u00f3r t\u00e1 dalta Ardteistim\u00e9ireachta Aisling Gallagher ag staid\u00e9ar ar l\u00edne agus \u00ed ag ceisti\u00fa an mbeidh na scr\u00faduithe ar si\u00fal ar chor ar bith. Ba mhaith l\u00e9i dul chuig Col\u00e1iste na Tr\u00edon\u00f3ide ach t\u00e1 an bhriongl\u00f3id sin i mbaol de r\u00e9ir mar a shroicheann s\u00ed a cuid spriocanna me\u00e1nscoile.<\/p>\n<p>T\u00e1 Sarah agus Adrian McVann, \u00f3 Chathair na Mart ag s\u00fail lena gc\u00e9ad ph\u00e1iste i l\u00e1r pand\u00e9ime agus t\u00e1 an chos\u00falacht ar an sc\u00e9al, ar n\u00f3s go leor l\u00e1n\u00faineacha eile, go mbeidh Sarah ag dul isteach sa bharda m\u00e1ithreachais l\u00e9i f\u00e9in.<\/p>\n<p>T\u00e1 Billy O\u2019Toole, arbh as Co. Mhaigh Eo \u00f3 dh\u00fachas d\u00f3, ag cluthar\u00fa i nGaillimh. Tholg Billy, a bhfuil fiobr\u00f3is chisteach air, fli\u00fa na muc agus bh\u00ed s\u00e9 i gc\u00f3ma ar feadh scaithimh tar \u00e9is d\u00f3 trasphland\u00fa scamh\u00f3ige d\u00fabailte a fh\u00e1il in 2011. D\u2019\u00e9irigh Billy as an obair le dul ag cluthar\u00fa agus fi\u00fa m\u00e1 t\u00e1 deacrachta\u00ed aige agus gan \u00e9 in ann dul ag obair, t\u00e1 a fhios aige m\u00e1 fhaigheann s\u00e9 an Cor\u00f3inv\u00edreas go bhf\u00e9adfadh s\u00e9 deireadh a chur leis.<\/p>\n<p>D\u00faradh le Margaret Fanklin cluthar\u00fa mar gheall go bhfuil s\u00ed os cionn 70 bliain d\u2019aois. C\u00e9 nach bhfuil s\u00ed in ann cuairt a thabhairt ar a muintir n\u00e1 a cuid cairde, coinn\u00edonn a bheith ag cleachtadh c\u00f3r ar l\u00edne, c\u00farsa\u00ed ar l\u00edne agus ranganna acla\u00edochta ag imeacht ar feadh na seachtaine \u00ed. C\u00e9 go bhfuil Margaret tiomanta fanacht gn\u00edomhach, air\u00edonn s\u00ed tr\u00e9igthe mar gheall ar an gcomhairle faoi chluthar\u00fa agus an easpa saoirse a bhaineann leis na srianta.<\/p>\n<p>Is docht\u00fair \u00e9 Lorc\u00e1n at\u00e1 ag cur t\u00fas le socr\u00fach\u00e1n oibre in ospid\u00e9al Chill Chainnigh. D\u2019\u00e9irigh leis a ch\u00e1il\u00edocht a bhaint amach le d\u00e9ana\u00ed nuair a tugadh a chuid scr\u00faduithe chun tosaigh agus bronnadh a ch\u00e9im air ar l\u00edne. T\u00e1 imn\u00ed air agus \u00e9 ag tos\u00fa amach ina ghairm bheatha sa l\u00e1 at\u00e1 inniu ann ach t\u00e1 imn\u00ed freisin air mar go bhfuil Covid-19 ar a sheanmh\u00e1thair agus nach mbeidh s\u00ed in ann \u00ed a fheice\u00e1il sna m\u00edonna at\u00e1 amach romhainn.<\/p>\n<p>Is gr\u00fapa deonach pobail \u00e9 Tac\u00fa le Gaoth Dobhair a chuireann taca\u00edocht bhreise, at\u00e1 ag teast\u00e1il go g\u00e9ar, ar f\u00e1il do sheandaoine an cheantair tr\u00ed chuairt a thabhairt orthu agus b\u00e9il\u00ed ar rotha\u00ed a thabhairt chomh fada leo. I mBaile \u00c1tha Cliath t\u00e1 an Capuchin Day Centre ag streachailt leis an m\u00e9ad\u00fa at\u00e1 ar l\u00edon na ndaoine at\u00e1 ag teacht chucu ag lorg bia agus \u00e9ada\u00ed, m\u00e9ad\u00fa at\u00e1 ag tarl\u00fa de r\u00e9ir mar at\u00e1 an phaind\u00e9im ag dul in olcas d\u00f3ibh si\u00fad a bhfuil deacrachta\u00ed acu cheana f\u00e9in i socha\u00ed na h\u00c9ireann.<br \/>\n&nbsp;<br \/>\n&nbsp;<br \/>\n*  T\u00e1 na hagallaimh leis na rannph\u00e1irtithe ar f\u00e1il ach iad a iarraidh *<\/p>\n<p><strong>Saol Faoi Ghlas<\/p>\n<p>D\u00e9 C\u00e9adaoin an 18 Samhain, TG4, ag 9.30i.n.<\/strong><br \/>\n&nbsp;<br \/>\n<a href=\"https:\/\/tg4-docs.s3.amazonaws.com\/tg4-redesign-2015\/wp-content\/uploads\/2020\/10\/Saol_faoi_Ghlas_1_1920x1080.jpg\"><img loading=\"lazy\" decoding=\"async\" width=\"1920\" height=\"1080\" src=\"https:\/\/tg4-docs.s3.amazonaws.com\/tg4-redesign-2015\/wp-content\/uploads\/2020\/10\/Saol_faoi_Ghlas_1_1920x1080.jpg\" alt=\"\" class=\"alignnone size-full wp-image-114794\" srcset=\"https:\/\/tg4-docs.s3.amazonaws.com\/tg4-redesign-2015\/wp-content\/uploads\/2020\/10\/Saol_faoi_Ghlas_1_1920x1080.jpg 1920w, https:\/\/tg4-docs.s3.amazonaws.com\/tg4-redesign-2015\/wp-content\/uploads\/2020\/10\/Saol_faoi_Ghlas_1_1920x1080-250x141.jpg 250w, https:\/\/tg4-docs.s3.amazonaws.com\/tg4-redesign-2015\/wp-content\/uploads\/2020\/10\/Saol_faoi_Ghlas_1_1920x1080-700x394.jpg 700w, https:\/\/tg4-docs.s3.amazonaws.com\/tg4-redesign-2015\/wp-content\/uploads\/2020\/10\/Saol_faoi_Ghlas_1_1920x1080-252x141.jpg 252w, https:\/\/tg4-docs.s3.amazonaws.com\/tg4-redesign-2015\/wp-content\/uploads\/2020\/10\/Saol_faoi_Ghlas_1_1920x1080-1536x864.jpg 1536w, https:\/\/tg4-docs.s3.amazonaws.com\/tg4-redesign-2015\/wp-content\/uploads\/2020\/10\/Saol_faoi_Ghlas_1_1920x1080-120x68.jpg 120w\" sizes=\"(max-width: 1920px) 100vw, 1920px\" \/><\/a><br \/>\n&nbsp;<br \/>\n<a href=\"https:\/\/tg4-docs.s3.amazonaws.com\/tg4-redesign-2015\/wp-content\/uploads\/2020\/11\/Saol_Faoi_Ghlas_Aoife_1_1920x1080.jpg\"><img loading=\"lazy\" decoding=\"async\" width=\"1920\" height=\"1080\" src=\"https:\/\/tg4-docs.s3.amazonaws.com\/tg4-redesign-2015\/wp-content\/uploads\/2020\/11\/Saol_Faoi_Ghlas_Aoife_1_1920x1080.jpg\" alt=\"\" class=\"alignnone size-full wp-image-114944\" srcset=\"https:\/\/tg4-docs.s3.amazonaws.com\/tg4-redesign-2015\/wp-content\/uploads\/2020\/11\/Saol_Faoi_Ghlas_Aoife_1_1920x1080.jpg 1920w, https:\/\/tg4-docs.s3.amazonaws.com\/tg4-redesign-2015\/wp-content\/uploads\/2020\/11\/Saol_Faoi_Ghlas_Aoife_1_1920x1080-250x141.jpg 250w, https:\/\/tg4-docs.s3.amazonaws.com\/tg4-redesign-2015\/wp-content\/uploads\/2020\/11\/Saol_Faoi_Ghlas_Aoife_1_1920x1080-700x394.jpg 700w, https:\/\/tg4-docs.s3.amazonaws.com\/tg4-redesign-2015\/wp-content\/uploads\/2020\/11\/Saol_Faoi_Ghlas_Aoife_1_1920x1080-252x141.jpg 252w, https:\/\/tg4-docs.s3.amazonaws.com\/tg4-redesign-2015\/wp-content\/uploads\/2020\/11\/Saol_Faoi_Ghlas_Aoife_1_1920x1080-1536x864.jpg 1536w, https:\/\/tg4-docs.s3.amazonaws.com\/tg4-redesign-2015\/wp-content\/uploads\/2020\/11\/Saol_Faoi_Ghlas_Aoife_1_1920x1080-120x68.jpg 120w\" sizes=\"(max-width: 1920px) 100vw, 1920px\" \/><\/a><br \/>\n&nbsp;<\/p>\n","protected":false},"excerpt":{"rendered":"<p>&nbsp; Is cl\u00e1r faisn\u00e9ise uair an chloig \u00e9 Saol Faoi Ghlas &#8211; an ch\u00e9ad dianghlas\u00e1il, a bhreathna\u00edonn ar shaol mhuintir na h\u00c9ireann, ag am nuair is neamhghn\u00e1ch at\u00e1 c\u00farsa\u00ed, mar a mhair muid le linn dhianghlas\u00e1il Covid-19 na h\u00c9ireann \u00f3 Aibre\u00e1n go Me\u00e1n F\u00f3mhair 2020. I m\u00ed M\u00e1rta 2020 cuireadh an saol tr\u00edna ch\u00e9ile orainn [&hellip;]<\/p>\n","protected":false},"author":876,"featured_media":0,"parent":111525,"menu_order":49,"comment_status":"closed","ping_status":"closed","template":"page-templates\/template-pr.php","meta":{"_acf_changed":false,"footnotes":""},"acf":[],"yoast_head":"<!-- This site is optimized with the Yoast SEO plugin v22.6 - https:\/\/yoast.com\/wordpress\/plugins\/seo\/ -->\n<title>SAOL FAOI GHLAS : an ch\u00e9ad dianghlas\u00e1il | Preas R\u00e1iteas | TG4<\/title>\n<meta name=\"robots\" content=\"index, follow, max-snippet:-1, max-image-preview:large, max-video-preview:-1\" \/>\n<meta property=\"og:locale\" content=\"en_US\" \/>\n<meta property=\"og:type\" content=\"article\" \/>\n<meta property=\"og:title\" content=\"SAOL FAOI GHLAS : an ch\u00e9ad dianghlas\u00e1il | Preas R\u00e1iteas | TG4\" \/>\n<meta property=\"og:description\" content=\"&nbsp; Is cl\u00e1r faisn\u00e9ise uair an chloig \u00e9 Saol Faoi Ghlas &#8211; an ch\u00e9ad dianghlas\u00e1il, a bhreathna\u00edonn ar shaol mhuintir na h\u00c9ireann, ag am nuair is neamhghn\u00e1ch at\u00e1 c\u00farsa\u00ed, mar a mhair muid le linn dhianghlas\u00e1il Covid-19 na h\u00c9ireann \u00f3 Aibre\u00e1n go Me\u00e1n F\u00f3mhair 2020. I m\u00ed M\u00e1rta 2020 cuireadh an saol tr\u00edna ch\u00e9ile orainn [&hellip;]\" \/>\n<meta property=\"og:url\" content=\"https:\/\/dev.tg4.ie\/ga\/eolas\/preas\/nuacht-raitis\/2020-2\/saol-faoi-ghlas-an-chead-dianghlasail\/\" \/>\n<meta property=\"og:site_name\" content=\"TG4\" \/>\n<meta property=\"article:publisher\" content=\"https:\/\/www.facebook.com\/TG4TV\" \/>\n<meta property=\"article:modified_time\" content=\"2020-11-10T13:33:43+00:00\" \/>\n<meta property=\"og:image\" content=\"https:\/\/tg4-docs.s3.amazonaws.com\/tg4-redesign-2015\/wp-content\/uploads\/2020\/10\/Saol_faoi_Ghlas_1_1920x1080.jpg\" \/>\n\t<meta property=\"og:image:width\" content=\"1920\" \/>\n\t<meta property=\"og:image:height\" content=\"1080\" \/>\n\t<meta property=\"og:image:type\" content=\"image\/jpeg\" \/>\n<meta name=\"twitter:card\" content=\"summary_large_image\" \/>\n<meta name=\"twitter:image\" content=\"https:\/\/tg4-docs.s3.amazonaws.com\/tg4-redesign-2015\/wp-content\/uploads\/2020\/10\/Saol_faoi_Ghlas_1_1920x1080.jpg\" \/>\n<meta name=\"twitter:site\" content=\"@TG4TV\" \/>\n<meta name=\"twitter:label1\" content=\"Est. reading time\" \/>\n\t<meta name=\"twitter:data1\" content=\"5 minutes\" \/>\n<script type=\"application\/ld+json\" class=\"yoast-schema-graph\">{\"@context\":\"https:\/\/schema.org\",\"@graph\":[{\"@type\":\"WebPage\",\"@id\":\"https:\/\/dev.tg4.ie\/ga\/eolas\/preas\/nuacht-raitis\/2020-2\/saol-faoi-ghlas-an-chead-dianghlasail\/\",\"url\":\"https:\/\/dev.tg4.ie\/ga\/eolas\/preas\/nuacht-raitis\/2020-2\/saol-faoi-ghlas-an-chead-dianghlasail\/\",\"name\":\"SAOL FAOI GHLAS : an ch\u00e9ad dianghlas\u00e1il | Preas R\u00e1iteas | TG4\",\"isPartOf\":{\"@id\":\"https:\/\/dev.tg4.ie\/en\/#website\"},\"primaryImageOfPage\":{\"@id\":\"https:\/\/dev.tg4.ie\/ga\/eolas\/preas\/nuacht-raitis\/2020-2\/saol-faoi-ghlas-an-chead-dianghlasail\/#primaryimage\"},\"image\":{\"@id\":\"https:\/\/dev.tg4.ie\/ga\/eolas\/preas\/nuacht-raitis\/2020-2\/saol-faoi-ghlas-an-chead-dianghlasail\/#primaryimage\"},\"thumbnailUrl\":\"https:\/\/dev.tg4.ie\/wp-content\/uploads\/2020\/10\/Saol_faoi_Ghlas_1_1920x1080.jpg\",\"datePublished\":\"2020-11-10T13:32:52+00:00\",\"dateModified\":\"2020-11-10T13:33:43+00:00\",\"breadcrumb\":{\"@id\":\"https:\/\/dev.tg4.ie\/ga\/eolas\/preas\/nuacht-raitis\/2020-2\/saol-faoi-ghlas-an-chead-dianghlasail\/#breadcrumb\"},\"inLanguage\":\"ga\",\"potentialAction\":[{\"@type\":\"ReadAction\",\"target\":[\"https:\/\/dev.tg4.ie\/ga\/eolas\/preas\/nuacht-raitis\/2020-2\/saol-faoi-ghlas-an-chead-dianghlasail\/\"]}]},{\"@type\":\"ImageObject\",\"inLanguage\":\"ga\",\"@id\":\"https:\/\/dev.tg4.ie\/ga\/eolas\/preas\/nuacht-raitis\/2020-2\/saol-faoi-ghlas-an-chead-dianghlasail\/#primaryimage\",\"url\":\"https:\/\/dev.tg4.ie\/wp-content\/uploads\/2020\/10\/Saol_faoi_Ghlas_1_1920x1080.jpg\",\"contentUrl\":\"https:\/\/dev.tg4.ie\/wp-content\/uploads\/2020\/10\/Saol_faoi_Ghlas_1_1920x1080.jpg\"},{\"@type\":\"BreadcrumbList\",\"@id\":\"https:\/\/dev.tg4.ie\/ga\/eolas\/preas\/nuacht-raitis\/2020-2\/saol-faoi-ghlas-an-chead-dianghlasail\/#breadcrumb\",\"itemListElement\":[{\"@type\":\"ListItem\",\"position\":1,\"name\":\"Home\",\"item\":\"https:\/\/dev.tg4.ie\/ga\/\"},{\"@type\":\"ListItem\",\"position\":2,\"name\":\"Eolas\",\"item\":\"https:\/\/dev.tg4.ie\/ga\/eolas\/\"},{\"@type\":\"ListItem\",\"position\":3,\"name\":\"Preas\",\"item\":\"https:\/\/dev.tg4.ie\/ga\/eolas\/preas\/\"},{\"@type\":\"ListItem\",\"position\":4,\"name\":\"Nuacht R\u00e1itis\",\"item\":\"https:\/\/dev.tg4.ie\/ga\/eolas\/preas\/nuacht-raitis\/\"},{\"@type\":\"ListItem\",\"position\":5,\"name\":\"2020\",\"item\":\"https:\/\/dev.tg4.ie\/ga\/eolas\/preas\/nuacht-raitis\/2020-2\/\"},{\"@type\":\"ListItem\",\"position\":6,\"name\":\"SAOL FAOI GHLAS : an ch\u00e9ad dianghlas\u00e1il\"}]},{\"@type\":\"WebSite\",\"@id\":\"https:\/\/dev.tg4.ie\/en\/#website\",\"url\":\"https:\/\/dev.tg4.ie\/en\/\",\"name\":\"TG4\",\"description\":\"S\u00fail Eile\",\"potentialAction\":[{\"@type\":\"SearchAction\",\"target\":{\"@type\":\"EntryPoint\",\"urlTemplate\":\"https:\/\/dev.tg4.ie\/en\/?s={search_term_string}\"},\"query-input\":\"required name=search_term_string\"}],\"inLanguage\":\"ga\"}]}<\/script>\n<!-- \/ Yoast SEO plugin. -->","yoast_head_json":{"title":"SAOL FAOI GHLAS : an ch\u00e9ad dianghlas\u00e1il | Preas R\u00e1iteas | TG4","robots":{"index":"index","follow":"follow","max-snippet":"max-snippet:-1","max-image-preview":"max-image-preview:large","max-video-preview":"max-video-preview:-1"},"og_locale":"en_US","og_type":"article","og_title":"SAOL FAOI GHLAS : an ch\u00e9ad dianghlas\u00e1il | Preas R\u00e1iteas | TG4","og_description":"&nbsp; Is cl\u00e1r faisn\u00e9ise uair an chloig \u00e9 Saol Faoi Ghlas &#8211; an ch\u00e9ad dianghlas\u00e1il, a bhreathna\u00edonn ar shaol mhuintir na h\u00c9ireann, ag am nuair is neamhghn\u00e1ch at\u00e1 c\u00farsa\u00ed, mar a mhair muid le linn dhianghlas\u00e1il Covid-19 na h\u00c9ireann \u00f3 Aibre\u00e1n go Me\u00e1n F\u00f3mhair 2020. I m\u00ed M\u00e1rta 2020 cuireadh an saol tr\u00edna ch\u00e9ile orainn [&hellip;]","og_url":"https:\/\/dev.tg4.ie\/ga\/eolas\/preas\/nuacht-raitis\/2020-2\/saol-faoi-ghlas-an-chead-dianghlasail\/","og_site_name":"TG4","article_publisher":"https:\/\/www.facebook.com\/TG4TV","article_modified_time":"2020-11-10T13:33:43+00:00","og_image":[{"width":1920,"height":1080,"url":"https:\/\/tg4-docs.s3.amazonaws.com\/tg4-redesign-2015\/wp-content\/uploads\/2020\/10\/Saol_faoi_Ghlas_1_1920x1080.jpg","type":"image\/jpeg"}],"twitter_card":"summary_large_image","twitter_image":"https:\/\/tg4-docs.s3.amazonaws.com\/tg4-redesign-2015\/wp-content\/uploads\/2020\/10\/Saol_faoi_Ghlas_1_1920x1080.jpg","twitter_site":"@TG4TV","twitter_misc":{"Est. reading time":"5 minutes"},"schema":{"@context":"https:\/\/schema.org","@graph":[{"@type":"WebPage","@id":"https:\/\/dev.tg4.ie\/ga\/eolas\/preas\/nuacht-raitis\/2020-2\/saol-faoi-ghlas-an-chead-dianghlasail\/","url":"https:\/\/dev.tg4.ie\/ga\/eolas\/preas\/nuacht-raitis\/2020-2\/saol-faoi-ghlas-an-chead-dianghlasail\/","name":"SAOL FAOI GHLAS : an ch\u00e9ad dianghlas\u00e1il | Preas R\u00e1iteas | TG4","isPartOf":{"@id":"https:\/\/dev.tg4.ie\/en\/#website"},"primaryImageOfPage":{"@id":"https:\/\/dev.tg4.ie\/ga\/eolas\/preas\/nuacht-raitis\/2020-2\/saol-faoi-ghlas-an-chead-dianghlasail\/#primaryimage"},"image":{"@id":"https:\/\/dev.tg4.ie\/ga\/eolas\/preas\/nuacht-raitis\/2020-2\/saol-faoi-ghlas-an-chead-dianghlasail\/#primaryimage"},"thumbnailUrl":"https:\/\/dev.tg4.ie\/wp-content\/uploads\/2020\/10\/Saol_faoi_Ghlas_1_1920x1080.jpg","datePublished":"2020-11-10T13:32:52+00:00","dateModified":"2020-11-10T13:33:43+00:00","breadcrumb":{"@id":"https:\/\/dev.tg4.ie\/ga\/eolas\/preas\/nuacht-raitis\/2020-2\/saol-faoi-ghlas-an-chead-dianghlasail\/#breadcrumb"},"inLanguage":"ga","potentialAction":[{"@type":"ReadAction","target":["https:\/\/dev.tg4.ie\/ga\/eolas\/preas\/nuacht-raitis\/2020-2\/saol-faoi-ghlas-an-chead-dianghlasail\/"]}]},{"@type":"ImageObject","inLanguage":"ga","@id":"https:\/\/dev.tg4.ie\/ga\/eolas\/preas\/nuacht-raitis\/2020-2\/saol-faoi-ghlas-an-chead-dianghlasail\/#primaryimage","url":"https:\/\/dev.tg4.ie\/wp-content\/uploads\/2020\/10\/Saol_faoi_Ghlas_1_1920x1080.jpg","contentUrl":"https:\/\/dev.tg4.ie\/wp-content\/uploads\/2020\/10\/Saol_faoi_Ghlas_1_1920x1080.jpg"},{"@type":"BreadcrumbList","@id":"https:\/\/dev.tg4.ie\/ga\/eolas\/preas\/nuacht-raitis\/2020-2\/saol-faoi-ghlas-an-chead-dianghlasail\/#breadcrumb","itemListElement":[{"@type":"ListItem","position":1,"name":"Home","item":"https:\/\/dev.tg4.ie\/ga\/"},{"@type":"ListItem","position":2,"name":"Eolas","item":"https:\/\/dev.tg4.ie\/ga\/eolas\/"},{"@type":"ListItem","position":3,"name":"Preas","item":"https:\/\/dev.tg4.ie\/ga\/eolas\/preas\/"},{"@type":"ListItem","position":4,"name":"Nuacht R\u00e1itis","item":"https:\/\/dev.tg4.ie\/ga\/eolas\/preas\/nuacht-raitis\/"},{"@type":"ListItem","position":5,"name":"2020","item":"https:\/\/dev.tg4.ie\/ga\/eolas\/preas\/nuacht-raitis\/2020-2\/"},{"@type":"ListItem","position":6,"name":"SAOL FAOI GHLAS : an ch\u00e9ad dianghlas\u00e1il"}]},{"@type":"WebSite","@id":"https:\/\/dev.tg4.ie\/en\/#website","url":"https:\/\/dev.tg4.ie\/en\/","name":"TG4","description":"S\u00fail Eile","potentialAction":[{"@type":"SearchAction","target":{"@type":"EntryPoint","urlTemplate":"https:\/\/dev.tg4.ie\/en\/?s={search_term_string}"},"query-input":"required name=search_term_string"}],"inLanguage":"ga"}]}},"_links":{"self":[{"href":"https:\/\/dev.tg4.ie\/ga\/wp-json\/wp\/v2\/pages\/114940"}],"collection":[{"href":"https:\/\/dev.tg4.ie\/ga\/wp-json\/wp\/v2\/pages"}],"about":[{"href":"https:\/\/dev.tg4.ie\/ga\/wp-json\/wp\/v2\/types\/page"}],"author":[{"embeddable":true,"href":"https:\/\/dev.tg4.ie\/ga\/wp-json\/wp\/v2\/users\/876"}],"replies":[{"embeddable":true,"href":"https:\/\/dev.tg4.ie\/ga\/wp-json\/wp\/v2\/comments?post=114940"}],"version-history":[{"count":0,"href":"https:\/\/dev.tg4.ie\/ga\/wp-json\/wp\/v2\/pages\/114940\/revisions"}],"up":[{"embeddable":true,"href":"https:\/\/dev.tg4.ie\/ga\/wp-json\/wp\/v2\/pages\/111525"}],"wp:attachment":[{"href":"https:\/\/dev.tg4.ie\/ga\/wp-json\/wp\/v2\/media?parent=114940"}],"curies":[{"name":"wp","href":"https:\/\/api.w.org\/{rel}","templated":true}]}}