{"id":114963,"date":"2020-11-11T10:10:45","date_gmt":"2020-11-11T10:10:45","guid":{"rendered":"https:\/\/dev.tg4.ie\/?page_id=114963"},"modified":"2020-11-11T10:10:45","modified_gmt":"2020-11-11T10:10:45","slug":"gra-faoi-ghlas","status":"publish","type":"page","link":"https:\/\/dev.tg4.ie\/ga\/eolas\/preas\/nuacht-raitis\/2020-2\/gra-faoi-ghlas\/","title":{"rendered":"Gr\u00e1 Faoi Ghlas"},"content":{"rendered":"<div style=\"position: relative; overflow: auto; width: 100%; padding-bottom: 56.25%;\"><iframe loading=\"lazy\" src=\"https:\/\/www.youtube.com\/embed\/EaAQbJO9ZRI\" width=\"100%\" height=\"100%\" frameborder=\"0\" scrolling=\"no\" allowFullscreen=\"true\" style=\"position: absolute; top: 0px; display: block;\"><\/iframe><\/div>\n<p>&nbsp;<br \/>\n<strong>6 x 30 n\u00f3im\u00e9ad<\/strong><\/p>\n<p><strong>Sraith Siamsa\u00edochta ag tos\u00fa an 18 Samhain ag 8:30pm ar TG4<\/strong><br \/>\n&nbsp;<br \/>\nForm\u00e1id nua c\u00fairt\u00e9ireachta\/gr\u00e1 do dhaoine at\u00e1 in \u00e9ind\u00ed cheana f\u00e9in!<\/p>\n<p>Rinneadh an fhorm\u00e1id nua siamsa\u00edochta (faoi shrianadh) seo a thaifeadadh le linn dhianghlas\u00e1il Covid-19. Form\u00e1id a ceapadh agus a l\u00e9ir\u00edodh do l\u00e1n\u00faineacha agus iad thuas seal th\u00edos seal le linn na Dianghlas\u00e1la agus muid i l\u00e1r gh\u00e9arch\u00e9im Covid-19.<\/p>\n<p>Is \u00e9 Eoghan McDermott \u00f3 2FM a bheidh i mbun tr\u00e1chtaireachta agus tabharfaidh s\u00e9 l\u00e9argas don lucht f\u00e9achana faoi mar a bh\u00edonn c\u00farsa\u00ed i nd\u00e1ir\u00edre idir l\u00e1n\u00faineacha le linn na dianghlas\u00e1la. Beidh dh\u00e1 l\u00e1n\u00fain ar an gcl\u00e1r gach seachtain, l\u00e1n\u00faineacha \u00f3 Dhaingean U\u00ed Ch\u00fais go D\u00fan Uabhair agus \u00f3 Leitir Ceanainn go Leic Sn\u00e1mha. Tabharfar cuairt ar Chonamara, ar Bhaile \u00c1tha Cliath, ar Phort L\u00e1irge agus ar Chorcaigh lena linn chomh maith.<\/p>\n<p>Beidh ar l\u00e1n\u00faineacha at\u00e1 ag fulaingt le linn na dianghlas\u00e1la \/ ag cur suas leis an dianghlas\u00e1il \/ ag baint an-s\u00e1samh as an dianghlas\u00e1il (braitheann s\u00e9 ort f\u00e9in) sraith cruacheisteanna, a bheidh ag \u00e9ir\u00ed n\u00edos deacra de r\u00e9ir a ch\u00e9ile, a fhreagairt. Ceisteanna nach mbeadh siad ag iarraidh aghaidh a thabhairt orthu de ghn\u00e1th. De r\u00e9ir mar at\u00e1 na ceisteanna, agus an br\u00fa d\u00e1 mbarr, ag \u00e9ir\u00ed n\u00edos g\u00e9ire agus n\u00edos g\u00e9ire an mbeidh siad in ann guaim a choinne\u00e1il orthu f\u00e9in agus freagra IONRAIC a thabhairt, n\u00f3 a bheith chomh hionraic agus a shocra\u00edonn siad f\u00e9in a bheith.<\/p>\n<p>C\u00e9ard a beadh le r\u00e1 ag do leathbh\u00e1d\u00f3ir d\u00e1 gcuirf\u00ed na ceisteanna ba phr\u00edobh\u00e1id\u00ed orthu faoi bhur gcaidreamh? N\u00f3, n\u00edos measa f\u00f3s, c\u00e9ard a bheadh le r\u00e1 ag do ghaolta cleamhnais n\u00f3 ag do dhl\u00fathchairde f\u00fat? Is cinnte go bhfuil cuid agaibh n\u00e1r mhaith libh fi\u00fa cuimhneamh air, ach bainfimidne an-spraoi go deo as!<\/p>\n<p>&#8220;An cuimhin leat na h\u00e9ada\u00ed a bh\u00ed ar do leathbh\u00e1d\u00f3ir nuair a chuir sibh t\u00fas leis an gc\u00fairt\u00e9ireacht? C\u00e9n t-amhr\u00e1n is ansa leo? C\u00e9n dath at\u00e1 ar a gcuid bhfo-\u00e9ada\u00ed inniu? C\u00e9 aige a bhfuil an teaghlach is craice\u00e1ilte?<\/p>\n<p>Agus c\u00e9ard a d\u00fairt Mama nuair a d\u00faradh l\u00e9i go raibh an p\u00f3sadh i nd\u00e1n daoibh? Is iad sin anois cuid de na ceisteanna a chuirfear agus a fhreagr\u00f3far le linn na sraithe.<\/p>\n<p>Beidh cuid de threabh na l\u00e1n\u00faineacha in\u00e1r dteannta chomh maith &#8211; na gaolta cleamhnais damanta \/ m\u00e1ithreacha c\u00e9ile, aithreacha c\u00e9ile, dl\u00fathchairde agus na cairde sin at\u00e1 n\u00edos cos\u00fala le naimhde chomh maith le daoine a bhfuil aithne acu orthu.<\/p>\n<p>St\u00edl cl\u00e1ir \u00e9 seo a mbainfear an-sult as agus muid ag breathn\u00fa ar dhaoine \u00e1 n\u00e1iri\u00fa. N\u00ed m\u00f3 n\u00e1 s\u00e1sta a bheadh muid f\u00e9in d\u00e1 mbeadh orainn freagra ionraic a thabhairt ar threoircheisteanna \u00e1r leathbh\u00e1d\u00f3ra agus go bhf\u00e9adfadh muid an freagra is measa a d&#8217;fh\u00e9adfa\u00ed a thabhairt a thabhairt. <\/p>\n<p>F\u00e9ach ar TG4 D\u00e9 C\u00e9adaoin ag an 8:30pm \u00f3n 18 Samhain n\u00f3 f\u00e9ach in athuair air am ar bith ar TG4.ie<\/p>\n<p>Arna l\u00e9iri\u00fa ag Ab\u00fa Media do TG4.<br \/>\n&nbsp;<\/p>\n","protected":false},"excerpt":{"rendered":"<p>&nbsp; 6 x 30 n\u00f3im\u00e9ad Sraith Siamsa\u00edochta ag tos\u00fa an 18 Samhain ag 8:30pm ar TG4 &nbsp; Form\u00e1id nua c\u00fairt\u00e9ireachta\/gr\u00e1 do dhaoine at\u00e1 in \u00e9ind\u00ed cheana f\u00e9in! Rinneadh an fhorm\u00e1id nua siamsa\u00edochta (faoi shrianadh) seo a thaifeadadh le linn dhianghlas\u00e1il Covid-19. Form\u00e1id a ceapadh agus a l\u00e9ir\u00edodh do l\u00e1n\u00faineacha agus iad thuas seal th\u00edos seal [&hellip;]<\/p>\n","protected":false},"author":876,"featured_media":0,"parent":111525,"menu_order":50,"comment_status":"closed","ping_status":"closed","template":"page-templates\/template-pr.php","meta":{"_acf_changed":false,"footnotes":""},"acf":[],"yoast_head":"<!-- This site is optimized with the Yoast SEO plugin v22.6 - https:\/\/yoast.com\/wordpress\/plugins\/seo\/ -->\n<title>Gr\u00e1 Faoi Ghlas | Preas R\u00e1iteas | TG4<\/title>\n<meta name=\"robots\" content=\"index, follow, max-snippet:-1, max-image-preview:large, max-video-preview:-1\" \/>\n<meta property=\"og:locale\" content=\"en_US\" \/>\n<meta property=\"og:type\" content=\"article\" \/>\n<meta property=\"og:title\" content=\"Gr\u00e1 Faoi Ghlas | Preas R\u00e1iteas | TG4\" \/>\n<meta property=\"og:description\" content=\"&nbsp; 6 x 30 n\u00f3im\u00e9ad Sraith Siamsa\u00edochta ag tos\u00fa an 18 Samhain ag 8:30pm ar TG4 &nbsp; Form\u00e1id nua c\u00fairt\u00e9ireachta\/gr\u00e1 do dhaoine at\u00e1 in \u00e9ind\u00ed cheana f\u00e9in! Rinneadh an fhorm\u00e1id nua siamsa\u00edochta (faoi shrianadh) seo a thaifeadadh le linn dhianghlas\u00e1il Covid-19. Form\u00e1id a ceapadh agus a l\u00e9ir\u00edodh do l\u00e1n\u00faineacha agus iad thuas seal th\u00edos seal [&hellip;]\" \/>\n<meta property=\"og:url\" content=\"https:\/\/dev.tg4.ie\/ga\/eolas\/preas\/nuacht-raitis\/2020-2\/gra-faoi-ghlas\/\" \/>\n<meta property=\"og:site_name\" content=\"TG4\" \/>\n<meta property=\"article:publisher\" content=\"https:\/\/www.facebook.com\/TG4TV\" \/>\n<meta property=\"og:image\" content=\"https:\/\/tg4-docs.s3.amazonaws.com\/tg4-redesign-2015\/wp-content\/uploads\/2020\/11\/Gra_Faoi_Ghlas_2_1920x1080.jpg\" \/>\n\t<meta property=\"og:image:width\" content=\"1920\" \/>\n\t<meta property=\"og:image:height\" content=\"1080\" \/>\n\t<meta property=\"og:image:type\" content=\"image\/jpeg\" \/>\n<meta name=\"twitter:card\" content=\"summary_large_image\" \/>\n<meta name=\"twitter:image\" content=\"https:\/\/tg4-docs.s3.amazonaws.com\/tg4-redesign-2015\/wp-content\/uploads\/2020\/11\/Gra_Faoi_Ghlas_2_1920x1080.jpg\" \/>\n<meta name=\"twitter:site\" content=\"@TG4TV\" \/>\n<meta name=\"twitter:label1\" content=\"Est. reading time\" \/>\n\t<meta name=\"twitter:data1\" content=\"3 minutes\" \/>\n<script type=\"application\/ld+json\" class=\"yoast-schema-graph\">{\"@context\":\"https:\/\/schema.org\",\"@graph\":[{\"@type\":\"WebPage\",\"@id\":\"https:\/\/dev.tg4.ie\/ga\/eolas\/preas\/nuacht-raitis\/2020-2\/gra-faoi-ghlas\/\",\"url\":\"https:\/\/dev.tg4.ie\/ga\/eolas\/preas\/nuacht-raitis\/2020-2\/gra-faoi-ghlas\/\",\"name\":\"Gr\u00e1 Faoi Ghlas | Preas R\u00e1iteas | TG4\",\"isPartOf\":{\"@id\":\"https:\/\/dev.tg4.ie\/en\/#website\"},\"datePublished\":\"2020-11-11T10:10:45+00:00\",\"dateModified\":\"2020-11-11T10:10:45+00:00\",\"breadcrumb\":{\"@id\":\"https:\/\/dev.tg4.ie\/ga\/eolas\/preas\/nuacht-raitis\/2020-2\/gra-faoi-ghlas\/#breadcrumb\"},\"inLanguage\":\"ga\",\"potentialAction\":[{\"@type\":\"ReadAction\",\"target\":[\"https:\/\/dev.tg4.ie\/ga\/eolas\/preas\/nuacht-raitis\/2020-2\/gra-faoi-ghlas\/\"]}]},{\"@type\":\"BreadcrumbList\",\"@id\":\"https:\/\/dev.tg4.ie\/ga\/eolas\/preas\/nuacht-raitis\/2020-2\/gra-faoi-ghlas\/#breadcrumb\",\"itemListElement\":[{\"@type\":\"ListItem\",\"position\":1,\"name\":\"Home\",\"item\":\"https:\/\/dev.tg4.ie\/ga\/\"},{\"@type\":\"ListItem\",\"position\":2,\"name\":\"Eolas\",\"item\":\"https:\/\/dev.tg4.ie\/ga\/eolas\/\"},{\"@type\":\"ListItem\",\"position\":3,\"name\":\"Preas\",\"item\":\"https:\/\/dev.tg4.ie\/ga\/eolas\/preas\/\"},{\"@type\":\"ListItem\",\"position\":4,\"name\":\"Nuacht R\u00e1itis\",\"item\":\"https:\/\/dev.tg4.ie\/ga\/eolas\/preas\/nuacht-raitis\/\"},{\"@type\":\"ListItem\",\"position\":5,\"name\":\"2020\",\"item\":\"https:\/\/dev.tg4.ie\/ga\/eolas\/preas\/nuacht-raitis\/2020-2\/\"},{\"@type\":\"ListItem\",\"position\":6,\"name\":\"Gr\u00e1 Faoi Ghlas\"}]},{\"@type\":\"WebSite\",\"@id\":\"https:\/\/dev.tg4.ie\/en\/#website\",\"url\":\"https:\/\/dev.tg4.ie\/en\/\",\"name\":\"TG4\",\"description\":\"S\u00fail Eile\",\"potentialAction\":[{\"@type\":\"SearchAction\",\"target\":{\"@type\":\"EntryPoint\",\"urlTemplate\":\"https:\/\/dev.tg4.ie\/en\/?s={search_term_string}\"},\"query-input\":\"required name=search_term_string\"}],\"inLanguage\":\"ga\"}]}<\/script>\n<!-- \/ Yoast SEO plugin. -->","yoast_head_json":{"title":"Gr\u00e1 Faoi Ghlas | Preas R\u00e1iteas | TG4","robots":{"index":"index","follow":"follow","max-snippet":"max-snippet:-1","max-image-preview":"max-image-preview:large","max-video-preview":"max-video-preview:-1"},"og_locale":"en_US","og_type":"article","og_title":"Gr\u00e1 Faoi Ghlas | Preas R\u00e1iteas | TG4","og_description":"&nbsp; 6 x 30 n\u00f3im\u00e9ad Sraith Siamsa\u00edochta ag tos\u00fa an 18 Samhain ag 8:30pm ar TG4 &nbsp; Form\u00e1id nua c\u00fairt\u00e9ireachta\/gr\u00e1 do dhaoine at\u00e1 in \u00e9ind\u00ed cheana f\u00e9in! Rinneadh an fhorm\u00e1id nua siamsa\u00edochta (faoi shrianadh) seo a thaifeadadh le linn dhianghlas\u00e1il Covid-19. Form\u00e1id a ceapadh agus a l\u00e9ir\u00edodh do l\u00e1n\u00faineacha agus iad thuas seal th\u00edos seal [&hellip;]","og_url":"https:\/\/dev.tg4.ie\/ga\/eolas\/preas\/nuacht-raitis\/2020-2\/gra-faoi-ghlas\/","og_site_name":"TG4","article_publisher":"https:\/\/www.facebook.com\/TG4TV","og_image":[{"width":1920,"height":1080,"url":"https:\/\/tg4-docs.s3.amazonaws.com\/tg4-redesign-2015\/wp-content\/uploads\/2020\/11\/Gra_Faoi_Ghlas_2_1920x1080.jpg","type":"image\/jpeg"}],"twitter_card":"summary_large_image","twitter_image":"https:\/\/tg4-docs.s3.amazonaws.com\/tg4-redesign-2015\/wp-content\/uploads\/2020\/11\/Gra_Faoi_Ghlas_2_1920x1080.jpg","twitter_site":"@TG4TV","twitter_misc":{"Est. reading time":"3 minutes"},"schema":{"@context":"https:\/\/schema.org","@graph":[{"@type":"WebPage","@id":"https:\/\/dev.tg4.ie\/ga\/eolas\/preas\/nuacht-raitis\/2020-2\/gra-faoi-ghlas\/","url":"https:\/\/dev.tg4.ie\/ga\/eolas\/preas\/nuacht-raitis\/2020-2\/gra-faoi-ghlas\/","name":"Gr\u00e1 Faoi Ghlas | Preas R\u00e1iteas | TG4","isPartOf":{"@id":"https:\/\/dev.tg4.ie\/en\/#website"},"datePublished":"2020-11-11T10:10:45+00:00","dateModified":"2020-11-11T10:10:45+00:00","breadcrumb":{"@id":"https:\/\/dev.tg4.ie\/ga\/eolas\/preas\/nuacht-raitis\/2020-2\/gra-faoi-ghlas\/#breadcrumb"},"inLanguage":"ga","potentialAction":[{"@type":"ReadAction","target":["https:\/\/dev.tg4.ie\/ga\/eolas\/preas\/nuacht-raitis\/2020-2\/gra-faoi-ghlas\/"]}]},{"@type":"BreadcrumbList","@id":"https:\/\/dev.tg4.ie\/ga\/eolas\/preas\/nuacht-raitis\/2020-2\/gra-faoi-ghlas\/#breadcrumb","itemListElement":[{"@type":"ListItem","position":1,"name":"Home","item":"https:\/\/dev.tg4.ie\/ga\/"},{"@type":"ListItem","position":2,"name":"Eolas","item":"https:\/\/dev.tg4.ie\/ga\/eolas\/"},{"@type":"ListItem","position":3,"name":"Preas","item":"https:\/\/dev.tg4.ie\/ga\/eolas\/preas\/"},{"@type":"ListItem","position":4,"name":"Nuacht R\u00e1itis","item":"https:\/\/dev.tg4.ie\/ga\/eolas\/preas\/nuacht-raitis\/"},{"@type":"ListItem","position":5,"name":"2020","item":"https:\/\/dev.tg4.ie\/ga\/eolas\/preas\/nuacht-raitis\/2020-2\/"},{"@type":"ListItem","position":6,"name":"Gr\u00e1 Faoi Ghlas"}]},{"@type":"WebSite","@id":"https:\/\/dev.tg4.ie\/en\/#website","url":"https:\/\/dev.tg4.ie\/en\/","name":"TG4","description":"S\u00fail Eile","potentialAction":[{"@type":"SearchAction","target":{"@type":"EntryPoint","urlTemplate":"https:\/\/dev.tg4.ie\/en\/?s={search_term_string}"},"query-input":"required name=search_term_string"}],"inLanguage":"ga"}]}},"_links":{"self":[{"href":"https:\/\/dev.tg4.ie\/ga\/wp-json\/wp\/v2\/pages\/114963"}],"collection":[{"href":"https:\/\/dev.tg4.ie\/ga\/wp-json\/wp\/v2\/pages"}],"about":[{"href":"https:\/\/dev.tg4.ie\/ga\/wp-json\/wp\/v2\/types\/page"}],"author":[{"embeddable":true,"href":"https:\/\/dev.tg4.ie\/ga\/wp-json\/wp\/v2\/users\/876"}],"replies":[{"embeddable":true,"href":"https:\/\/dev.tg4.ie\/ga\/wp-json\/wp\/v2\/comments?post=114963"}],"version-history":[{"count":0,"href":"https:\/\/dev.tg4.ie\/ga\/wp-json\/wp\/v2\/pages\/114963\/revisions"}],"up":[{"embeddable":true,"href":"https:\/\/dev.tg4.ie\/ga\/wp-json\/wp\/v2\/pages\/111525"}],"wp:attachment":[{"href":"https:\/\/dev.tg4.ie\/ga\/wp-json\/wp\/v2\/media?parent=114963"}],"curies":[{"name":"wp","href":"https:\/\/api.w.org\/{rel}","templated":true}]}}