{"id":114971,"date":"2020-11-11T10:38:30","date_gmt":"2020-11-11T10:38:30","guid":{"rendered":"https:\/\/dev.tg4.ie\/?page_id=114971"},"modified":"2020-11-11T10:38:30","modified_gmt":"2020-11-11T10:38:30","slug":"duiseacht-sraith-a-leanann-saol-mhuintir-chorca-dhuibhne-thar-treimhse-6-mhi","status":"publish","type":"page","link":"https:\/\/dev.tg4.ie\/ga\/eolas\/preas\/nuacht-raitis\/2020-2\/duiseacht-sraith-a-leanann-saol-mhuintir-chorca-dhuibhne-thar-treimhse-6-mhi\/","title":{"rendered":"D\u00faiseacht &#8211; Sraith a leanann saol mhuintir Chorca Dhuibhne thar tr\u00e9imhse 6 mh\u00ed"},"content":{"rendered":"<div style=\"position: relative; overflow: auto; width: 100%; padding-bottom: 56.25%;\"><iframe loading=\"lazy\" src=\"https:\/\/www.youtube.com\/embed\/2xgyLz4v990\" width=\"100%\" height=\"100%\" frameborder=\"0\" scrolling=\"no\" allowFullscreen=\"true\" style=\"position: absolute; top: 0px; display: block;\"><\/iframe><\/div>\n<p>&nbsp;<\/p>\n<p><strong>D\u00faiseacht<\/strong> &#8211; Sraith nua faisn\u00e9ise 5 chl\u00e1r a leanann saol mhuintir Chorca Dhuibhne thar tr\u00e9imhse 6 mh\u00ed, \u00f3 Bhealtaine go Deireadh F\u00f3mhair na bliana 2020, agus an pobal ag dul i ngleic leis an saol in aimsir Covid 19 agus an d\u00fathaigh ag iarraidh teacht chuige f\u00e9in i ndiaidh an ch\u00e9ad tr\u00e9imhse dianghlas\u00e1la.<\/p>\n<p>Is \u00e9 an craolt\u00f3ir aitheanta M\u00edche\u00e1l \u00d3 Muircheartaigh a dh\u00e9anann tr\u00e1chtaireacht ar an tsraith. Le linn na paind\u00e9ime chaith M\u00edche\u00e1l go leor ama ar a fh\u00f3d d\u00fachais i nD\u00fan S\u00edon ar an taobh thoir don Daingean. Is \u00e9 M\u00edche\u00e1l a spreag teideal na sraithe nuair a thagair s\u00e9 do nath cainte a bh\u00ed \u00f3na shean-Mh\u00e1thair, at\u00e1 luaite i mBailiuch\u00e1n na Scol,  \u201cD\u00faiseacht le d\u00fathracht le breacadh an lae\u201d. Thug go leor daoine suntas don nath cainte seo nuair a luaigh M\u00edche\u00e1l \u00e9 ar an Late Late Show go luath le linn na pand\u00e9ime.<\/p>\n<p>Tugann \u2018D\u00faiseacht\u2019 l\u00e9argas d\u00fainn ar na d\u00fashl\u00e1in a bh\u00ed ag tabairneoir\u00ed, \u00faine\u00edr\u00ed agus bainsteoir\u00ed caif\u00e9anna, scoileanna agus gruagair\u00ed i gCorca Dhuibhne agus iad ag dul I ngleic leis an gcar\u00f3nv\u00edreas. Agus cifim\u00edd conas mar a th\u00e9ann an tr\u00e9imhse seo i bhfeidhm ar cheolt\u00f3ir\u00ed agus amhr\u00e1naithe, at\u00e1 chomh l\u00e1rnach i saol na Gaeltachta seo. T\u00e1 siad go l\u00e9ir ag maireacht\u00e1il leis an neamhchinteacht, an strus agus an bhr\u00fa, agus aghaidh \u00e1 thabhairt acu ar an tr\u00e1th is d\u00fashl\u00e1na\u00ed len\u00e1r linn.<br \/>\n&nbsp;<br \/>\nD\u00e9anadh an tsraith seo a thaifeadadh \u00f3n uair go raibh srianta 20km i bhfeidhm i l\u00e1r m\u00ed na Bealtaine, nuair a bh\u00ed an ceantar n\u00ed ba chi\u00faine n\u00e1 mar a bh\u00ed le fada is gan duine n\u00e1 deora\u00ed timpeall, tr\u00edd athoscailt na tithe t\u00e1bhairne agus na bialanna i m\u00ed an Mheithimh, go dt\u00ed buaic seachtain\u00ed an tsamhraidh nuair a bh\u00ed an Daingean, in ainneoin Covid19, beo beathach le cuairte\u00f3ir\u00ed. Leanann an tsraith chomh fada leis na hathraithe is d\u00e9ana\u00ed i M\u00ed Deireadh F\u00f3mhair.<\/p>\n<p>Sa ch\u00e9ad chl\u00e1r, buailimid le Muiris Firt\u00e9ar, t\u00f3g\u00e1la\u00ed, ar an gc\u00e9ad l\u00e1 aige ar ais ag obair, ag d\u00e9anamh obair athch\u00f3irithe ar an t\u00e1bhairne c\u00e1ili\u00fail, Foxy John\u2019s ar Shr\u00e1id Mh\u00f3r an Daingin. Is i mBaile an Fheirt\u00e9araigh, tamall siar \u00f3n Daingean, a bhuailimid le D\u00f3nal \u00d3 Cath\u00e1in, \u00fain\u00e9ir t\u00e1bhairne ar an mbaile \u2018Tigh U\u00ed Chath\u00e1in\u2019. Taispe\u00e1nann D\u00f3nal an baile d\u00fainn agus ci\u00fanas diamhair ann. Baile Tuaithe Gaeltachta ar ch\u00f3ir go mbeid\u00eds ag prap\u00e1il do bhiaiste ghn\u00f3thach an tsamhraidh, ach is \u00e9 a mhalairt at\u00e1 i gceist. Feicimid ceolt\u00f3ir aitheanta, Muireann Nic Amhlaoibh agus a fear c\u00e9ile, ceili\u00fara\u00ed daonnacha\u00ed Billy Mag Fhloinn, ag dul i dtaith\u00ed ar an teicneola\u00edocht a \u00fas\u00e1id chun ceol a chur le ch\u00e9ile agus a roinnt \u00f3n baile agus iad ag dul i ngleic leis an saol gan aon teacht isteach acu agus gan fhios cathain a bheidh. Sa Daingean, n\u00edl aon dul as ag Muintir U\u00ed Fhlann\u00fara, ag a bhfuil bialann aitheanta an \u2018FishBox\u2019, ach leagan amach a ngn\u00f3 a athr\u00fa. Mar thoradh ar seo, n\u00edl siad in ann an oiread daoine a fhost\u00fa. T\u00e1 P\u00f3l \u00d3 Cu\u00ednn, \u00f3 Thigh U\u00ed Chu\u00ednn i gCeann Tr\u00e1 sa ch\u00e1s c\u00e9anna, ach t\u00e1 s\u00e9 bu\u00edoch go bhfuil cead acu go leor a dh\u00e9anamh chun, t\u00e1 s\u00fail aige,  an gn\u00f3 a choime\u00e1d ag imeacht.<br \/>\n&nbsp;<\/p>\n<p>Beidh <strong>\u2018D\u00faiseacht\u2019<\/strong> a thugann l\u00e9argas ar shaol Chorca Dhuibhne le linn Covid, \u00e1 chraoladh ar TG4 sna ch\u00faig seachtaine amach romhainn gach D\u00e9ardaon ar a hocht a chlog, ag tosn\u00fa ar an 19\u00fa Samhain. Leanann an tsraith an pobal cruthaitheach, l\u00e1idir Chorca Dhuibhne agus aghaidh \u00e1 thabhairt acu ar 2020 le eagla, cr\u00f3gacht agus d\u00f3chas.<\/p>\n<p>Is \u00e9 Feilim\u00ed O\u2019Connor sti\u00farth\u00f3ir na sraithe agus is \u00ed Niamh N\u00ed Bhaoill a l\u00e9irigh.<\/p>\n<p>Is l\u00e9iri\u00fa do chuid Aniar TV, comhlacht lonnaithe sa Daingean, \u00e9 <strong>\u2018D\u00faiseacht\u2019<\/strong>.<br \/>\n&nbsp;<\/p>\n","protected":false},"excerpt":{"rendered":"<p>&nbsp; D\u00faiseacht &#8211; Sraith nua faisn\u00e9ise 5 chl\u00e1r a leanann saol mhuintir Chorca Dhuibhne thar tr\u00e9imhse 6 mh\u00ed, \u00f3 Bhealtaine go Deireadh F\u00f3mhair na bliana 2020, agus an pobal ag dul i ngleic leis an saol in aimsir Covid 19 agus an d\u00fathaigh ag iarraidh teacht chuige f\u00e9in i ndiaidh an ch\u00e9ad tr\u00e9imhse dianghlas\u00e1la. Is [&hellip;]<\/p>\n","protected":false},"author":876,"featured_media":0,"parent":111525,"menu_order":51,"comment_status":"closed","ping_status":"closed","template":"page-templates\/template-pr.php","meta":{"_acf_changed":false,"footnotes":""},"acf":[],"yoast_head":"<!-- This site is optimized with the Yoast SEO plugin v22.6 - https:\/\/yoast.com\/wordpress\/plugins\/seo\/ -->\n<title>D\u00faiseacht - Sraith a leanann saol mhuintir Chorca Dhuibhne thar tr\u00e9imhse 6 mh\u00ed | Preas R\u00e1iteas | TG4<\/title>\n<meta name=\"robots\" content=\"index, follow, max-snippet:-1, max-image-preview:large, max-video-preview:-1\" \/>\n<meta property=\"og:locale\" content=\"en_US\" \/>\n<meta property=\"og:type\" content=\"article\" \/>\n<meta property=\"og:title\" content=\"D\u00faiseacht - Sraith a leanann saol mhuintir Chorca Dhuibhne thar tr\u00e9imhse 6 mh\u00ed | Preas R\u00e1iteas | TG4\" \/>\n<meta property=\"og:description\" content=\"&nbsp; D\u00faiseacht &#8211; Sraith nua faisn\u00e9ise 5 chl\u00e1r a leanann saol mhuintir Chorca Dhuibhne thar tr\u00e9imhse 6 mh\u00ed, \u00f3 Bhealtaine go Deireadh F\u00f3mhair na bliana 2020, agus an pobal ag dul i ngleic leis an saol in aimsir Covid 19 agus an d\u00fathaigh ag iarraidh teacht chuige f\u00e9in i ndiaidh an ch\u00e9ad tr\u00e9imhse dianghlas\u00e1la. Is [&hellip;]\" \/>\n<meta property=\"og:url\" content=\"https:\/\/dev.tg4.ie\/ga\/eolas\/preas\/nuacht-raitis\/2020-2\/duiseacht-sraith-a-leanann-saol-mhuintir-chorca-dhuibhne-thar-treimhse-6-mhi\/\" \/>\n<meta property=\"og:site_name\" content=\"TG4\" \/>\n<meta property=\"article:publisher\" content=\"https:\/\/www.facebook.com\/TG4TV\" \/>\n<meta property=\"og:image\" content=\"https:\/\/tg4-docs.s3.amazonaws.com\/tg4-redesign-2015\/wp-content\/uploads\/2020\/11\/Duiseacht_3_1920x1080.jpg\" \/>\n\t<meta property=\"og:image:width\" content=\"1920\" \/>\n\t<meta property=\"og:image:height\" content=\"1080\" \/>\n\t<meta property=\"og:image:type\" content=\"image\/jpeg\" \/>\n<meta name=\"twitter:card\" content=\"summary_large_image\" \/>\n<meta name=\"twitter:image\" content=\"https:\/\/tg4-docs.s3.amazonaws.com\/tg4-redesign-2015\/wp-content\/uploads\/2020\/11\/Duiseacht_3_1920x1080.jpg\" \/>\n<meta name=\"twitter:site\" content=\"@TG4TV\" \/>\n<meta name=\"twitter:label1\" content=\"Est. reading time\" \/>\n\t<meta name=\"twitter:data1\" content=\"4 minutes\" \/>\n<script type=\"application\/ld+json\" class=\"yoast-schema-graph\">{\"@context\":\"https:\/\/schema.org\",\"@graph\":[{\"@type\":\"WebPage\",\"@id\":\"https:\/\/dev.tg4.ie\/ga\/eolas\/preas\/nuacht-raitis\/2020-2\/duiseacht-sraith-a-leanann-saol-mhuintir-chorca-dhuibhne-thar-treimhse-6-mhi\/\",\"url\":\"https:\/\/dev.tg4.ie\/ga\/eolas\/preas\/nuacht-raitis\/2020-2\/duiseacht-sraith-a-leanann-saol-mhuintir-chorca-dhuibhne-thar-treimhse-6-mhi\/\",\"name\":\"D\u00faiseacht - Sraith a leanann saol mhuintir Chorca Dhuibhne thar tr\u00e9imhse 6 mh\u00ed | Preas R\u00e1iteas | TG4\",\"isPartOf\":{\"@id\":\"https:\/\/dev.tg4.ie\/en\/#website\"},\"datePublished\":\"2020-11-11T10:38:30+00:00\",\"dateModified\":\"2020-11-11T10:38:30+00:00\",\"breadcrumb\":{\"@id\":\"https:\/\/dev.tg4.ie\/ga\/eolas\/preas\/nuacht-raitis\/2020-2\/duiseacht-sraith-a-leanann-saol-mhuintir-chorca-dhuibhne-thar-treimhse-6-mhi\/#breadcrumb\"},\"inLanguage\":\"ga\",\"potentialAction\":[{\"@type\":\"ReadAction\",\"target\":[\"https:\/\/dev.tg4.ie\/ga\/eolas\/preas\/nuacht-raitis\/2020-2\/duiseacht-sraith-a-leanann-saol-mhuintir-chorca-dhuibhne-thar-treimhse-6-mhi\/\"]}]},{\"@type\":\"BreadcrumbList\",\"@id\":\"https:\/\/dev.tg4.ie\/ga\/eolas\/preas\/nuacht-raitis\/2020-2\/duiseacht-sraith-a-leanann-saol-mhuintir-chorca-dhuibhne-thar-treimhse-6-mhi\/#breadcrumb\",\"itemListElement\":[{\"@type\":\"ListItem\",\"position\":1,\"name\":\"Home\",\"item\":\"https:\/\/dev.tg4.ie\/ga\/\"},{\"@type\":\"ListItem\",\"position\":2,\"name\":\"Eolas\",\"item\":\"https:\/\/dev.tg4.ie\/ga\/eolas\/\"},{\"@type\":\"ListItem\",\"position\":3,\"name\":\"Preas\",\"item\":\"https:\/\/dev.tg4.ie\/ga\/eolas\/preas\/\"},{\"@type\":\"ListItem\",\"position\":4,\"name\":\"Nuacht R\u00e1itis\",\"item\":\"https:\/\/dev.tg4.ie\/ga\/eolas\/preas\/nuacht-raitis\/\"},{\"@type\":\"ListItem\",\"position\":5,\"name\":\"2020\",\"item\":\"https:\/\/dev.tg4.ie\/ga\/eolas\/preas\/nuacht-raitis\/2020-2\/\"},{\"@type\":\"ListItem\",\"position\":6,\"name\":\"D\u00faiseacht &#8211; Sraith a leanann saol mhuintir Chorca Dhuibhne thar tr\u00e9imhse 6 mh\u00ed\"}]},{\"@type\":\"WebSite\",\"@id\":\"https:\/\/dev.tg4.ie\/en\/#website\",\"url\":\"https:\/\/dev.tg4.ie\/en\/\",\"name\":\"TG4\",\"description\":\"S\u00fail Eile\",\"potentialAction\":[{\"@type\":\"SearchAction\",\"target\":{\"@type\":\"EntryPoint\",\"urlTemplate\":\"https:\/\/dev.tg4.ie\/en\/?s={search_term_string}\"},\"query-input\":\"required name=search_term_string\"}],\"inLanguage\":\"ga\"}]}<\/script>\n<!-- \/ Yoast SEO plugin. -->","yoast_head_json":{"title":"D\u00faiseacht - Sraith a leanann saol mhuintir Chorca Dhuibhne thar tr\u00e9imhse 6 mh\u00ed | Preas R\u00e1iteas | TG4","robots":{"index":"index","follow":"follow","max-snippet":"max-snippet:-1","max-image-preview":"max-image-preview:large","max-video-preview":"max-video-preview:-1"},"og_locale":"en_US","og_type":"article","og_title":"D\u00faiseacht - Sraith a leanann saol mhuintir Chorca Dhuibhne thar tr\u00e9imhse 6 mh\u00ed | Preas R\u00e1iteas | TG4","og_description":"&nbsp; D\u00faiseacht &#8211; Sraith nua faisn\u00e9ise 5 chl\u00e1r a leanann saol mhuintir Chorca Dhuibhne thar tr\u00e9imhse 6 mh\u00ed, \u00f3 Bhealtaine go Deireadh F\u00f3mhair na bliana 2020, agus an pobal ag dul i ngleic leis an saol in aimsir Covid 19 agus an d\u00fathaigh ag iarraidh teacht chuige f\u00e9in i ndiaidh an ch\u00e9ad tr\u00e9imhse dianghlas\u00e1la. Is [&hellip;]","og_url":"https:\/\/dev.tg4.ie\/ga\/eolas\/preas\/nuacht-raitis\/2020-2\/duiseacht-sraith-a-leanann-saol-mhuintir-chorca-dhuibhne-thar-treimhse-6-mhi\/","og_site_name":"TG4","article_publisher":"https:\/\/www.facebook.com\/TG4TV","og_image":[{"width":1920,"height":1080,"url":"https:\/\/tg4-docs.s3.amazonaws.com\/tg4-redesign-2015\/wp-content\/uploads\/2020\/11\/Duiseacht_3_1920x1080.jpg","type":"image\/jpeg"}],"twitter_card":"summary_large_image","twitter_image":"https:\/\/tg4-docs.s3.amazonaws.com\/tg4-redesign-2015\/wp-content\/uploads\/2020\/11\/Duiseacht_3_1920x1080.jpg","twitter_site":"@TG4TV","twitter_misc":{"Est. reading time":"4 minutes"},"schema":{"@context":"https:\/\/schema.org","@graph":[{"@type":"WebPage","@id":"https:\/\/dev.tg4.ie\/ga\/eolas\/preas\/nuacht-raitis\/2020-2\/duiseacht-sraith-a-leanann-saol-mhuintir-chorca-dhuibhne-thar-treimhse-6-mhi\/","url":"https:\/\/dev.tg4.ie\/ga\/eolas\/preas\/nuacht-raitis\/2020-2\/duiseacht-sraith-a-leanann-saol-mhuintir-chorca-dhuibhne-thar-treimhse-6-mhi\/","name":"D\u00faiseacht - Sraith a leanann saol mhuintir Chorca Dhuibhne thar tr\u00e9imhse 6 mh\u00ed | Preas R\u00e1iteas | TG4","isPartOf":{"@id":"https:\/\/dev.tg4.ie\/en\/#website"},"datePublished":"2020-11-11T10:38:30+00:00","dateModified":"2020-11-11T10:38:30+00:00","breadcrumb":{"@id":"https:\/\/dev.tg4.ie\/ga\/eolas\/preas\/nuacht-raitis\/2020-2\/duiseacht-sraith-a-leanann-saol-mhuintir-chorca-dhuibhne-thar-treimhse-6-mhi\/#breadcrumb"},"inLanguage":"ga","potentialAction":[{"@type":"ReadAction","target":["https:\/\/dev.tg4.ie\/ga\/eolas\/preas\/nuacht-raitis\/2020-2\/duiseacht-sraith-a-leanann-saol-mhuintir-chorca-dhuibhne-thar-treimhse-6-mhi\/"]}]},{"@type":"BreadcrumbList","@id":"https:\/\/dev.tg4.ie\/ga\/eolas\/preas\/nuacht-raitis\/2020-2\/duiseacht-sraith-a-leanann-saol-mhuintir-chorca-dhuibhne-thar-treimhse-6-mhi\/#breadcrumb","itemListElement":[{"@type":"ListItem","position":1,"name":"Home","item":"https:\/\/dev.tg4.ie\/ga\/"},{"@type":"ListItem","position":2,"name":"Eolas","item":"https:\/\/dev.tg4.ie\/ga\/eolas\/"},{"@type":"ListItem","position":3,"name":"Preas","item":"https:\/\/dev.tg4.ie\/ga\/eolas\/preas\/"},{"@type":"ListItem","position":4,"name":"Nuacht R\u00e1itis","item":"https:\/\/dev.tg4.ie\/ga\/eolas\/preas\/nuacht-raitis\/"},{"@type":"ListItem","position":5,"name":"2020","item":"https:\/\/dev.tg4.ie\/ga\/eolas\/preas\/nuacht-raitis\/2020-2\/"},{"@type":"ListItem","position":6,"name":"D\u00faiseacht &#8211; Sraith a leanann saol mhuintir Chorca Dhuibhne thar tr\u00e9imhse 6 mh\u00ed"}]},{"@type":"WebSite","@id":"https:\/\/dev.tg4.ie\/en\/#website","url":"https:\/\/dev.tg4.ie\/en\/","name":"TG4","description":"S\u00fail Eile","potentialAction":[{"@type":"SearchAction","target":{"@type":"EntryPoint","urlTemplate":"https:\/\/dev.tg4.ie\/en\/?s={search_term_string}"},"query-input":"required name=search_term_string"}],"inLanguage":"ga"}]}},"_links":{"self":[{"href":"https:\/\/dev.tg4.ie\/ga\/wp-json\/wp\/v2\/pages\/114971"}],"collection":[{"href":"https:\/\/dev.tg4.ie\/ga\/wp-json\/wp\/v2\/pages"}],"about":[{"href":"https:\/\/dev.tg4.ie\/ga\/wp-json\/wp\/v2\/types\/page"}],"author":[{"embeddable":true,"href":"https:\/\/dev.tg4.ie\/ga\/wp-json\/wp\/v2\/users\/876"}],"replies":[{"embeddable":true,"href":"https:\/\/dev.tg4.ie\/ga\/wp-json\/wp\/v2\/comments?post=114971"}],"version-history":[{"count":0,"href":"https:\/\/dev.tg4.ie\/ga\/wp-json\/wp\/v2\/pages\/114971\/revisions"}],"up":[{"embeddable":true,"href":"https:\/\/dev.tg4.ie\/ga\/wp-json\/wp\/v2\/pages\/111525"}],"wp:attachment":[{"href":"https:\/\/dev.tg4.ie\/ga\/wp-json\/wp\/v2\/media?parent=114971"}],"curies":[{"name":"wp","href":"https:\/\/api.w.org\/{rel}","templated":true}]}}