{"id":115040,"date":"2020-11-19T13:19:58","date_gmt":"2020-11-19T13:19:58","guid":{"rendered":"https:\/\/dev.tg4.ie\/?page_id=115040"},"modified":"2020-11-19T13:19:58","modified_gmt":"2020-11-19T13:19:58","slug":"tus-aite-tugtha-dfhoireann-trachtairi-agus-anailisi-mna-ag-rugbai-beo-an-deireadh-seachtaine-seo-den-chead-uair-sa-chraoltoireacht-in-eirinn","status":"publish","type":"page","link":"https:\/\/dev.tg4.ie\/ga\/eolas\/preas\/nuacht-raitis\/2020-2\/tus-aite-tugtha-dfhoireann-trachtairi-agus-anailisi-mna-ag-rugbai-beo-an-deireadh-seachtaine-seo-den-chead-uair-sa-chraoltoireacht-in-eirinn\/","title":{"rendered":"T\u00fas \u00e1ite tugtha d\u2019fhoireann tr\u00e1chtair\u00ed agus anail\u00eds\u00ed mn\u00e1 ag Rugba\u00ed Beo, an deireadh seachtaine seo, den ch\u00e9ad uair sa chraolt\u00f3ireacht in \u00c9irinn"},"content":{"rendered":"<p><a href=\"https:\/\/tg4-docs.s3.amazonaws.com\/tg4-redesign-2015\/wp-content\/uploads\/2020\/11\/Rugbai_Beo_MT_Eimear_1_1920x1080.jpg\"><img loading=\"lazy\" decoding=\"async\" width=\"1920\" height=\"1080\" src=\"https:\/\/tg4-docs.s3.amazonaws.com\/tg4-redesign-2015\/wp-content\/uploads\/2020\/11\/Rugbai_Beo_MT_Eimear_1_1920x1080.jpg\" alt=\"\" class=\"alignnone size-full wp-image-115043\" srcset=\"https:\/\/tg4-docs.s3.amazonaws.com\/tg4-redesign-2015\/wp-content\/uploads\/2020\/11\/Rugbai_Beo_MT_Eimear_1_1920x1080.jpg 1920w, https:\/\/tg4-docs.s3.amazonaws.com\/tg4-redesign-2015\/wp-content\/uploads\/2020\/11\/Rugbai_Beo_MT_Eimear_1_1920x1080-250x141.jpg 250w, https:\/\/tg4-docs.s3.amazonaws.com\/tg4-redesign-2015\/wp-content\/uploads\/2020\/11\/Rugbai_Beo_MT_Eimear_1_1920x1080-700x394.jpg 700w, https:\/\/tg4-docs.s3.amazonaws.com\/tg4-redesign-2015\/wp-content\/uploads\/2020\/11\/Rugbai_Beo_MT_Eimear_1_1920x1080-252x141.jpg 252w, https:\/\/tg4-docs.s3.amazonaws.com\/tg4-redesign-2015\/wp-content\/uploads\/2020\/11\/Rugbai_Beo_MT_Eimear_1_1920x1080-1536x864.jpg 1536w, https:\/\/tg4-docs.s3.amazonaws.com\/tg4-redesign-2015\/wp-content\/uploads\/2020\/11\/Rugbai_Beo_MT_Eimear_1_1920x1080-120x68.jpg 120w\" sizes=\"(max-width: 1920px) 100vw, 1920px\" \/><\/a><br \/>\n&nbsp;<\/p>\n<p>T\u00e1 \u00e1thas ar lucht bainist\u00edochta TG4 a fh\u00f3gairt go mbeidh foireann tr\u00e1chtaireachta agus anail\u00edse mn\u00e1 ar Rugba\u00ed Beo do bhabhta 7 den chluiche m\u00f3r Guinness PRO14 at\u00e1 ag teacht an\u00edos idir Seaimp\u00edn\u00ed Laighean agus Cardiff, mar chuid d\u00e1r dtiomantas lean\u00fanach don fheachtas 20&#215;20 agus rannph\u00e1irt\u00edocht na mban sa sport a mh\u00e9ad\u00fa.<br \/>\n&nbsp;<\/p>\n<p>Le dh\u00e1 bhliain anuas, is gn\u00e9 an-t\u00e1bhachtach den tuairisci\u00fa athch\u00f3irithe ar Rugba\u00ed Beo iad na hanail\u00edsithe mn\u00e1 ach is \u00e9 seo an ch\u00e9ad uair i stair na craolt\u00f3ireachta in \u00c9irinn a mbeidh tr\u00e1chtaireacht agus anail\u00eds ioml\u00e1n d\u00e9anta ar chluiche rugba\u00ed ag mn\u00e1 cumasacha. I dteannta  l\u00e1ithreoir Rugba\u00ed Beo, M\u00e1ire Treasa N\u00ed Dhubghaill, beidh iar-imreoir\u00ed agus imreoir\u00ed reatha idirn\u00e1isi\u00fanta na h\u00c9ireann Deirbhile Nic a Bhaird, Eimear Considine agus Jenny Murphy ann chun anail\u00eds a dh\u00e9anamh agus beidh M\u00e1ire N\u00ed Bhraon\u00e1in i mbun tr\u00e1chtaireachta.<br \/>\n&nbsp;<\/p>\n<p>Ag labhairt faoin bhforbairt, d\u00fairt Ceannasa\u00ed Sp\u00f3irt TG4, R\u00f3n\u00e1n \u00d3 Coisdealbha, <em>\u201cT\u00e1 an-\u00e1thas orainn go mbeidh tallann den scoth againn i leith\u00e9id\u00ed Deirbhile, Eimear agus Jenny in \u00e9ineacht le M\u00e1ire Treasa agus M\u00e1ire N\u00ed Bhraon\u00e1in chun a gcuid sainscileanna anail\u00edse a chur ar f\u00e1il agus forbairt bhreise a dh\u00e9anamh ar bhranda Rugba\u00ed Beo. T\u00e1 TG4 go hioml\u00e1n tiomanta do rannph\u00e1irt\u00edocht na mban sa sp\u00f3rt agus creideann muid go l\u00e1idir i mbunphrionsabal an fheachtais 20&#215;20, s\u00e9 sin <strong>\u2018if she can\u2019t see it, she can\u2019t be it\u2019<\/strong>. Tabharfaidh tuairisci\u00fa an Domhnaigh an gealltanas a rinneamar i m\u00ed M\u00e1rta 2019 chun f\u00edre, gealltanas le tallann na dtr\u00e1chtair\u00ed ban a fhorbairt agus cois meig eile a th\u00f3g\u00e1il i dtreo r\u00e9iteach a fh\u00e1il ar an easpa infheictheachta agus dearctha\u00ed cult\u00fair at\u00e1 ann maidir le mn\u00e1 sa sp\u00f3rt\u201d<\/em>.<br \/>\n&nbsp;<\/p>\n<p>Cuireann Rugba\u00ed Beo, pr\u00edomhbhranda rugba\u00ed TG4 le beagnach sc\u00f3r bliain anois agus a th\u00e9ann siar chomh fada le bun\u00fa an Chonartha Cheiltigh in 2001, tuairisci\u00fa saorchraolta ar chraobhchom\u00f3rtas tras-leathchruinne an Guinness PRO14 ar f\u00e1il do lucht f\u00e9achana in \u00c9irinn. \u00d3 rinneadh athch\u00f3iri\u00fa ar an mbranda in 2018, le Iris Productions at\u00e1 lonnaithe ar an Spid\u00e9al, t\u00e1 moladh faighte aige \u00f3 lucht f\u00e9achana de bharr nu\u00e1la\u00edochta \u00f3 thaobh l\u00e9iri\u00fach\u00e1in cos\u00fail le hagallaimh ar an bp\u00e1irc le c\u00f3itse\u00e1laithe agus spl\u00e9achaidh fuaime sa ch\u00falra maidir le treor\u00fa \u00f3n r\u00e9iteoir do na himreoir\u00ed.<br \/>\n&nbsp;<\/p>\n<p>Is iad seaimp\u00edn\u00ed reatha Laighean at\u00e1 ag barr Ghr\u00fapa A agus beidh siad in ardmhuin\u00edn nuair a chuirfidh siad f\u00e1ilte roimh fhoireann Cardiff go Baile \u00c1tha Cliath tar \u00e9is d\u00f3ibh an bua a fh\u00e1il ar Dh\u00fan \u00c9ideann, a bh\u00ed sa chluiche leathcheannais an s\u00e9as\u00far seo caite, o\u00edche D\u00e9 Luain seo caite san RDS 50-10. Cuirfear t\u00fas leis an gcluiche ag 17:15 D\u00e9 Domhnaigh agus tos\u00f3idh an tuairisci\u00fa ar TG4 ag 16.55.<br \/>\n&nbsp;<\/p>\n<p>Is as Co. Chl\u00e1ir do <strong>Eimear Considine<\/strong> ach t\u00e1 s\u00ed ag m\u00faineadh agus ina c\u00f3na\u00ed i mBaile \u00c1tha Cliath faoi l\u00e1thair agus is comh-chaptaen \u00ed ar fhoireann na Mumhan. Chomh maith leis sin d\u2019imir s\u00ed mar l\u00e1nch\u00fala\u00ed d\u2019fhoireann na h\u00c9ireann sa bhfeachtas S\u00e9 N\u00e1isi\u00fan is deireana\u00ed. Is \u00e9 seo an tr\u00ed\u00fa s\u00e9as\u00far ag Eimear ina hanail\u00eds\u00ed ar Rugba\u00ed Beo agus t\u00e1 s\u00ed ina l\u00e1ithreoir ar phodchraoladh seachtaini\u00fail \u2018House of Rugby\u2019 leis an imreoir de chuid fhoireann Uladh, Ian Madigan.<br \/>\n&nbsp;<\/p>\n<p>Is as Corcaigh do <strong>Deirbhile Nic a Bh\u00e1ird<\/strong> agus d\u2019imir s\u00ed ar an gcliath\u00e1n d\u2019fhoireann 15 na Mumhan sular ghlac s\u00ed p\u00e1irt i gCom\u00f3rtas Rugba\u00ed Seachtar-an-taobh do mhn\u00e1 na h\u00c9ireann. D\u2019imir s\u00ed a c\u00e9ad cluiche seachtar-an-taobh in Dubai in 2017 agus d\u2019fhoireann 15 i gCom\u00f3rtas na S\u00e9 N\u00e1isi\u00fan in 2019 in aghaidh na hAlban mar h\u00fac\u00e1la\u00ed. Taobh amuigh den rugba\u00ed, thosaigh s\u00ed amach ina sl\u00ed bheatha sp\u00f3irt ag imirt sacar agus peil Ghaelach agus bh\u00ed s\u00ed san ioma\u00edocht i gcom\u00f3rtais Jiu-Jitsu agus dorn\u00e1la\u00edochta.<br \/>\n&nbsp;<\/p>\n<p>Is imreoir rugba\u00ed de chuid Old Belvedere, Laighean agus na h\u00c9ireann \u00ed <strong>Jenny Murphy<\/strong> agus t\u00e1  31 cluiche imeartha aici le h\u00c9irinn lena n-\u00e1ir\u00edtear ionada\u00edocht thar ceann na h\u00c9ireann ag dh\u00e1 Chorn an Domhain sa Rugba\u00ed do mhn\u00e1. T\u00e1 an Chaithr\u00e9im Mh\u00f3r buaite aici agus Craobh na S\u00e9 N\u00e1isi\u00fan buaite faoi dh\u00f3 aici.<br \/>\n&nbsp;<\/p>\n<p>Is iar-imreoir agus laoch peile de chuid Bhaile an Mhuilinn agus na Gaillimhe \u00ed <strong>M\u00e1ire N\u00ed Bhraon\u00e1in<\/strong> a bhfuil Craobh Sinsear Chonnacht, Craobh Mion\u00far na h\u00c9ireann, Craobh na h\u00c9ireann faoi-16 buaite aici chomh maith le craobh chlubanna na h\u00c9ireann seachtar-an-taobh a bheith buaite faoi dh\u00f3 aici. Bean an-chumasach \u00ed M\u00e1ire \u2013 is l\u00e1ithreoir, tr\u00e1chtaire, anail\u00eds\u00ed agus m\u00fainteoir me\u00e1nscoile \u00ed agus is ceolt\u00f3ir den scoth \u00ed freisin a chasann an pian\u00f3, an fhidil agus an fhead\u00f3g st\u00e1in.<br \/>\n&nbsp;<br \/>\n&nbsp;<\/p>\n","protected":false},"excerpt":{"rendered":"<p>&nbsp; T\u00e1 \u00e1thas ar lucht bainist\u00edochta TG4 a fh\u00f3gairt go mbeidh foireann tr\u00e1chtaireachta agus anail\u00edse mn\u00e1 ar Rugba\u00ed Beo do bhabhta 7 den chluiche m\u00f3r Guinness PRO14 at\u00e1 ag teacht an\u00edos idir Seaimp\u00edn\u00ed Laighean agus Cardiff, mar chuid d\u00e1r dtiomantas lean\u00fanach don fheachtas 20&#215;20 agus rannph\u00e1irt\u00edocht na mban sa sport a mh\u00e9ad\u00fa. &nbsp; Le dh\u00e1 [&hellip;]<\/p>\n","protected":false},"author":876,"featured_media":0,"parent":111525,"menu_order":52,"comment_status":"closed","ping_status":"closed","template":"page-templates\/template-pr.php","meta":{"_acf_changed":false,"footnotes":""},"acf":[],"yoast_head":"<!-- This site is optimized with the Yoast SEO plugin v22.6 - https:\/\/yoast.com\/wordpress\/plugins\/seo\/ -->\n<title>T\u00fas \u00e1ite tugtha d\u2019fhoireann tr\u00e1chtair\u00ed agus anail\u00eds\u00ed mn\u00e1 ag Rugba\u00ed Beo | Preas R\u00e1iteas | TG4<\/title>\n<meta name=\"robots\" content=\"index, follow, max-snippet:-1, max-image-preview:large, max-video-preview:-1\" \/>\n<meta property=\"og:locale\" content=\"en_US\" \/>\n<meta property=\"og:type\" content=\"article\" \/>\n<meta property=\"og:title\" content=\"T\u00fas \u00e1ite tugtha d\u2019fhoireann tr\u00e1chtair\u00ed agus anail\u00eds\u00ed mn\u00e1 ag Rugba\u00ed Beo | Preas R\u00e1iteas | TG4\" \/>\n<meta property=\"og:description\" content=\"&nbsp; T\u00e1 \u00e1thas ar lucht bainist\u00edochta TG4 a fh\u00f3gairt go mbeidh foireann tr\u00e1chtaireachta agus anail\u00edse mn\u00e1 ar Rugba\u00ed Beo do bhabhta 7 den chluiche m\u00f3r Guinness PRO14 at\u00e1 ag teacht an\u00edos idir Seaimp\u00edn\u00ed Laighean agus Cardiff, mar chuid d\u00e1r dtiomantas lean\u00fanach don fheachtas 20&#215;20 agus rannph\u00e1irt\u00edocht na mban sa sport a mh\u00e9ad\u00fa. &nbsp; Le dh\u00e1 [&hellip;]\" \/>\n<meta property=\"og:url\" content=\"https:\/\/dev.tg4.ie\/ga\/eolas\/preas\/nuacht-raitis\/2020-2\/tus-aite-tugtha-dfhoireann-trachtairi-agus-anailisi-mna-ag-rugbai-beo-an-deireadh-seachtaine-seo-den-chead-uair-sa-chraoltoireacht-in-eirinn\/\" \/>\n<meta property=\"og:site_name\" content=\"TG4\" \/>\n<meta property=\"article:publisher\" content=\"https:\/\/www.facebook.com\/TG4TV\" \/>\n<meta property=\"og:image\" content=\"https:\/\/tg4-docs.s3.amazonaws.com\/tg4-redesign-2015\/wp-content\/uploads\/2020\/11\/Rugbai_Beo_MT_Eimear_1_1920x1080.jpg\" \/>\n\t<meta property=\"og:image:width\" content=\"1920\" \/>\n\t<meta property=\"og:image:height\" content=\"1080\" \/>\n\t<meta property=\"og:image:type\" content=\"image\/jpeg\" \/>\n<meta name=\"twitter:card\" content=\"summary_large_image\" \/>\n<meta name=\"twitter:image\" content=\"https:\/\/tg4-docs.s3.amazonaws.com\/tg4-redesign-2015\/wp-content\/uploads\/2020\/11\/Rugbai_Beo_MT_Eimear_1_1920x1080.jpg\" \/>\n<meta name=\"twitter:site\" content=\"@TG4TV\" \/>\n<meta name=\"twitter:label1\" content=\"Est. reading time\" \/>\n\t<meta name=\"twitter:data1\" content=\"4 minutes\" \/>\n<script type=\"application\/ld+json\" class=\"yoast-schema-graph\">{\"@context\":\"https:\/\/schema.org\",\"@graph\":[{\"@type\":\"WebPage\",\"@id\":\"https:\/\/dev.tg4.ie\/ga\/eolas\/preas\/nuacht-raitis\/2020-2\/tus-aite-tugtha-dfhoireann-trachtairi-agus-anailisi-mna-ag-rugbai-beo-an-deireadh-seachtaine-seo-den-chead-uair-sa-chraoltoireacht-in-eirinn\/\",\"url\":\"https:\/\/dev.tg4.ie\/ga\/eolas\/preas\/nuacht-raitis\/2020-2\/tus-aite-tugtha-dfhoireann-trachtairi-agus-anailisi-mna-ag-rugbai-beo-an-deireadh-seachtaine-seo-den-chead-uair-sa-chraoltoireacht-in-eirinn\/\",\"name\":\"T\u00fas \u00e1ite tugtha d\u2019fhoireann tr\u00e1chtair\u00ed agus anail\u00eds\u00ed mn\u00e1 ag Rugba\u00ed Beo | Preas R\u00e1iteas | TG4\",\"isPartOf\":{\"@id\":\"https:\/\/dev.tg4.ie\/en\/#website\"},\"primaryImageOfPage\":{\"@id\":\"https:\/\/dev.tg4.ie\/ga\/eolas\/preas\/nuacht-raitis\/2020-2\/tus-aite-tugtha-dfhoireann-trachtairi-agus-anailisi-mna-ag-rugbai-beo-an-deireadh-seachtaine-seo-den-chead-uair-sa-chraoltoireacht-in-eirinn\/#primaryimage\"},\"image\":{\"@id\":\"https:\/\/dev.tg4.ie\/ga\/eolas\/preas\/nuacht-raitis\/2020-2\/tus-aite-tugtha-dfhoireann-trachtairi-agus-anailisi-mna-ag-rugbai-beo-an-deireadh-seachtaine-seo-den-chead-uair-sa-chraoltoireacht-in-eirinn\/#primaryimage\"},\"thumbnailUrl\":\"https:\/\/dev.tg4.ie\/wp-content\/uploads\/2020\/11\/Rugbai_Beo_MT_Eimear_1_1920x1080.jpg\",\"datePublished\":\"2020-11-19T13:19:58+00:00\",\"dateModified\":\"2020-11-19T13:19:58+00:00\",\"breadcrumb\":{\"@id\":\"https:\/\/dev.tg4.ie\/ga\/eolas\/preas\/nuacht-raitis\/2020-2\/tus-aite-tugtha-dfhoireann-trachtairi-agus-anailisi-mna-ag-rugbai-beo-an-deireadh-seachtaine-seo-den-chead-uair-sa-chraoltoireacht-in-eirinn\/#breadcrumb\"},\"inLanguage\":\"ga\",\"potentialAction\":[{\"@type\":\"ReadAction\",\"target\":[\"https:\/\/dev.tg4.ie\/ga\/eolas\/preas\/nuacht-raitis\/2020-2\/tus-aite-tugtha-dfhoireann-trachtairi-agus-anailisi-mna-ag-rugbai-beo-an-deireadh-seachtaine-seo-den-chead-uair-sa-chraoltoireacht-in-eirinn\/\"]}]},{\"@type\":\"ImageObject\",\"inLanguage\":\"ga\",\"@id\":\"https:\/\/dev.tg4.ie\/ga\/eolas\/preas\/nuacht-raitis\/2020-2\/tus-aite-tugtha-dfhoireann-trachtairi-agus-anailisi-mna-ag-rugbai-beo-an-deireadh-seachtaine-seo-den-chead-uair-sa-chraoltoireacht-in-eirinn\/#primaryimage\",\"url\":\"https:\/\/dev.tg4.ie\/wp-content\/uploads\/2020\/11\/Rugbai_Beo_MT_Eimear_1_1920x1080.jpg\",\"contentUrl\":\"https:\/\/dev.tg4.ie\/wp-content\/uploads\/2020\/11\/Rugbai_Beo_MT_Eimear_1_1920x1080.jpg\"},{\"@type\":\"BreadcrumbList\",\"@id\":\"https:\/\/dev.tg4.ie\/ga\/eolas\/preas\/nuacht-raitis\/2020-2\/tus-aite-tugtha-dfhoireann-trachtairi-agus-anailisi-mna-ag-rugbai-beo-an-deireadh-seachtaine-seo-den-chead-uair-sa-chraoltoireacht-in-eirinn\/#breadcrumb\",\"itemListElement\":[{\"@type\":\"ListItem\",\"position\":1,\"name\":\"Home\",\"item\":\"https:\/\/dev.tg4.ie\/ga\/\"},{\"@type\":\"ListItem\",\"position\":2,\"name\":\"Eolas\",\"item\":\"https:\/\/dev.tg4.ie\/ga\/eolas\/\"},{\"@type\":\"ListItem\",\"position\":3,\"name\":\"Preas\",\"item\":\"https:\/\/dev.tg4.ie\/ga\/eolas\/preas\/\"},{\"@type\":\"ListItem\",\"position\":4,\"name\":\"Nuacht R\u00e1itis\",\"item\":\"https:\/\/dev.tg4.ie\/ga\/eolas\/preas\/nuacht-raitis\/\"},{\"@type\":\"ListItem\",\"position\":5,\"name\":\"2020\",\"item\":\"https:\/\/dev.tg4.ie\/ga\/eolas\/preas\/nuacht-raitis\/2020-2\/\"},{\"@type\":\"ListItem\",\"position\":6,\"name\":\"T\u00fas \u00e1ite tugtha d\u2019fhoireann tr\u00e1chtair\u00ed agus anail\u00eds\u00ed mn\u00e1 ag Rugba\u00ed Beo, an deireadh seachtaine seo, den ch\u00e9ad uair sa chraolt\u00f3ireacht in \u00c9irinn\"}]},{\"@type\":\"WebSite\",\"@id\":\"https:\/\/dev.tg4.ie\/en\/#website\",\"url\":\"https:\/\/dev.tg4.ie\/en\/\",\"name\":\"TG4\",\"description\":\"S\u00fail Eile\",\"potentialAction\":[{\"@type\":\"SearchAction\",\"target\":{\"@type\":\"EntryPoint\",\"urlTemplate\":\"https:\/\/dev.tg4.ie\/en\/?s={search_term_string}\"},\"query-input\":\"required name=search_term_string\"}],\"inLanguage\":\"ga\"}]}<\/script>\n<!-- \/ Yoast SEO plugin. -->","yoast_head_json":{"title":"T\u00fas \u00e1ite tugtha d\u2019fhoireann tr\u00e1chtair\u00ed agus anail\u00eds\u00ed mn\u00e1 ag Rugba\u00ed Beo | Preas R\u00e1iteas | TG4","robots":{"index":"index","follow":"follow","max-snippet":"max-snippet:-1","max-image-preview":"max-image-preview:large","max-video-preview":"max-video-preview:-1"},"og_locale":"en_US","og_type":"article","og_title":"T\u00fas \u00e1ite tugtha d\u2019fhoireann tr\u00e1chtair\u00ed agus anail\u00eds\u00ed mn\u00e1 ag Rugba\u00ed Beo | Preas R\u00e1iteas | TG4","og_description":"&nbsp; T\u00e1 \u00e1thas ar lucht bainist\u00edochta TG4 a fh\u00f3gairt go mbeidh foireann tr\u00e1chtaireachta agus anail\u00edse mn\u00e1 ar Rugba\u00ed Beo do bhabhta 7 den chluiche m\u00f3r Guinness PRO14 at\u00e1 ag teacht an\u00edos idir Seaimp\u00edn\u00ed Laighean agus Cardiff, mar chuid d\u00e1r dtiomantas lean\u00fanach don fheachtas 20&#215;20 agus rannph\u00e1irt\u00edocht na mban sa sport a mh\u00e9ad\u00fa. &nbsp; Le dh\u00e1 [&hellip;]","og_url":"https:\/\/dev.tg4.ie\/ga\/eolas\/preas\/nuacht-raitis\/2020-2\/tus-aite-tugtha-dfhoireann-trachtairi-agus-anailisi-mna-ag-rugbai-beo-an-deireadh-seachtaine-seo-den-chead-uair-sa-chraoltoireacht-in-eirinn\/","og_site_name":"TG4","article_publisher":"https:\/\/www.facebook.com\/TG4TV","og_image":[{"width":1920,"height":1080,"url":"https:\/\/tg4-docs.s3.amazonaws.com\/tg4-redesign-2015\/wp-content\/uploads\/2020\/11\/Rugbai_Beo_MT_Eimear_1_1920x1080.jpg","type":"image\/jpeg"}],"twitter_card":"summary_large_image","twitter_image":"https:\/\/tg4-docs.s3.amazonaws.com\/tg4-redesign-2015\/wp-content\/uploads\/2020\/11\/Rugbai_Beo_MT_Eimear_1_1920x1080.jpg","twitter_site":"@TG4TV","twitter_misc":{"Est. reading time":"4 minutes"},"schema":{"@context":"https:\/\/schema.org","@graph":[{"@type":"WebPage","@id":"https:\/\/dev.tg4.ie\/ga\/eolas\/preas\/nuacht-raitis\/2020-2\/tus-aite-tugtha-dfhoireann-trachtairi-agus-anailisi-mna-ag-rugbai-beo-an-deireadh-seachtaine-seo-den-chead-uair-sa-chraoltoireacht-in-eirinn\/","url":"https:\/\/dev.tg4.ie\/ga\/eolas\/preas\/nuacht-raitis\/2020-2\/tus-aite-tugtha-dfhoireann-trachtairi-agus-anailisi-mna-ag-rugbai-beo-an-deireadh-seachtaine-seo-den-chead-uair-sa-chraoltoireacht-in-eirinn\/","name":"T\u00fas \u00e1ite tugtha d\u2019fhoireann tr\u00e1chtair\u00ed agus anail\u00eds\u00ed mn\u00e1 ag Rugba\u00ed Beo | Preas R\u00e1iteas | TG4","isPartOf":{"@id":"https:\/\/dev.tg4.ie\/en\/#website"},"primaryImageOfPage":{"@id":"https:\/\/dev.tg4.ie\/ga\/eolas\/preas\/nuacht-raitis\/2020-2\/tus-aite-tugtha-dfhoireann-trachtairi-agus-anailisi-mna-ag-rugbai-beo-an-deireadh-seachtaine-seo-den-chead-uair-sa-chraoltoireacht-in-eirinn\/#primaryimage"},"image":{"@id":"https:\/\/dev.tg4.ie\/ga\/eolas\/preas\/nuacht-raitis\/2020-2\/tus-aite-tugtha-dfhoireann-trachtairi-agus-anailisi-mna-ag-rugbai-beo-an-deireadh-seachtaine-seo-den-chead-uair-sa-chraoltoireacht-in-eirinn\/#primaryimage"},"thumbnailUrl":"https:\/\/dev.tg4.ie\/wp-content\/uploads\/2020\/11\/Rugbai_Beo_MT_Eimear_1_1920x1080.jpg","datePublished":"2020-11-19T13:19:58+00:00","dateModified":"2020-11-19T13:19:58+00:00","breadcrumb":{"@id":"https:\/\/dev.tg4.ie\/ga\/eolas\/preas\/nuacht-raitis\/2020-2\/tus-aite-tugtha-dfhoireann-trachtairi-agus-anailisi-mna-ag-rugbai-beo-an-deireadh-seachtaine-seo-den-chead-uair-sa-chraoltoireacht-in-eirinn\/#breadcrumb"},"inLanguage":"ga","potentialAction":[{"@type":"ReadAction","target":["https:\/\/dev.tg4.ie\/ga\/eolas\/preas\/nuacht-raitis\/2020-2\/tus-aite-tugtha-dfhoireann-trachtairi-agus-anailisi-mna-ag-rugbai-beo-an-deireadh-seachtaine-seo-den-chead-uair-sa-chraoltoireacht-in-eirinn\/"]}]},{"@type":"ImageObject","inLanguage":"ga","@id":"https:\/\/dev.tg4.ie\/ga\/eolas\/preas\/nuacht-raitis\/2020-2\/tus-aite-tugtha-dfhoireann-trachtairi-agus-anailisi-mna-ag-rugbai-beo-an-deireadh-seachtaine-seo-den-chead-uair-sa-chraoltoireacht-in-eirinn\/#primaryimage","url":"https:\/\/dev.tg4.ie\/wp-content\/uploads\/2020\/11\/Rugbai_Beo_MT_Eimear_1_1920x1080.jpg","contentUrl":"https:\/\/dev.tg4.ie\/wp-content\/uploads\/2020\/11\/Rugbai_Beo_MT_Eimear_1_1920x1080.jpg"},{"@type":"BreadcrumbList","@id":"https:\/\/dev.tg4.ie\/ga\/eolas\/preas\/nuacht-raitis\/2020-2\/tus-aite-tugtha-dfhoireann-trachtairi-agus-anailisi-mna-ag-rugbai-beo-an-deireadh-seachtaine-seo-den-chead-uair-sa-chraoltoireacht-in-eirinn\/#breadcrumb","itemListElement":[{"@type":"ListItem","position":1,"name":"Home","item":"https:\/\/dev.tg4.ie\/ga\/"},{"@type":"ListItem","position":2,"name":"Eolas","item":"https:\/\/dev.tg4.ie\/ga\/eolas\/"},{"@type":"ListItem","position":3,"name":"Preas","item":"https:\/\/dev.tg4.ie\/ga\/eolas\/preas\/"},{"@type":"ListItem","position":4,"name":"Nuacht R\u00e1itis","item":"https:\/\/dev.tg4.ie\/ga\/eolas\/preas\/nuacht-raitis\/"},{"@type":"ListItem","position":5,"name":"2020","item":"https:\/\/dev.tg4.ie\/ga\/eolas\/preas\/nuacht-raitis\/2020-2\/"},{"@type":"ListItem","position":6,"name":"T\u00fas \u00e1ite tugtha d\u2019fhoireann tr\u00e1chtair\u00ed agus anail\u00eds\u00ed mn\u00e1 ag Rugba\u00ed Beo, an deireadh seachtaine seo, den ch\u00e9ad uair sa chraolt\u00f3ireacht in \u00c9irinn"}]},{"@type":"WebSite","@id":"https:\/\/dev.tg4.ie\/en\/#website","url":"https:\/\/dev.tg4.ie\/en\/","name":"TG4","description":"S\u00fail Eile","potentialAction":[{"@type":"SearchAction","target":{"@type":"EntryPoint","urlTemplate":"https:\/\/dev.tg4.ie\/en\/?s={search_term_string}"},"query-input":"required name=search_term_string"}],"inLanguage":"ga"}]}},"_links":{"self":[{"href":"https:\/\/dev.tg4.ie\/ga\/wp-json\/wp\/v2\/pages\/115040"}],"collection":[{"href":"https:\/\/dev.tg4.ie\/ga\/wp-json\/wp\/v2\/pages"}],"about":[{"href":"https:\/\/dev.tg4.ie\/ga\/wp-json\/wp\/v2\/types\/page"}],"author":[{"embeddable":true,"href":"https:\/\/dev.tg4.ie\/ga\/wp-json\/wp\/v2\/users\/876"}],"replies":[{"embeddable":true,"href":"https:\/\/dev.tg4.ie\/ga\/wp-json\/wp\/v2\/comments?post=115040"}],"version-history":[{"count":0,"href":"https:\/\/dev.tg4.ie\/ga\/wp-json\/wp\/v2\/pages\/115040\/revisions"}],"up":[{"embeddable":true,"href":"https:\/\/dev.tg4.ie\/ga\/wp-json\/wp\/v2\/pages\/111525"}],"wp:attachment":[{"href":"https:\/\/dev.tg4.ie\/ga\/wp-json\/wp\/v2\/media?parent=115040"}],"curies":[{"name":"wp","href":"https:\/\/api.w.org\/{rel}","templated":true}]}}