{"id":115099,"date":"2020-11-24T16:11:16","date_gmt":"2020-11-24T16:11:16","guid":{"rendered":"https:\/\/dev.tg4.ie\/?page_id=115099"},"modified":"2020-11-24T16:11:50","modified_gmt":"2020-11-24T16:11:50","slug":"arracht-roghnaithe-mar-iontrail-na-heireann-do-na-oscars-sa-chatagoir-don-phriomhscannan-idirnaisiunta-is-fearr","status":"publish","type":"page","link":"https:\/\/dev.tg4.ie\/ga\/eolas\/preas\/nuacht-raitis\/2020-2\/arracht-roghnaithe-mar-iontrail-na-heireann-do-na-oscars-sa-chatagoir-don-phriomhscannan-idirnaisiunta-is-fearr\/","title":{"rendered":"&#8216;Arracht&#8217; roghnaithe mar iontr\u00e1il na h\u00c9ireann do na Oscars sa chatag\u00f3ir don Phr\u00edomhscann\u00e1n Idirn\u00e1isi\u00fanta is Fearr"},"content":{"rendered":"<p><a href=\"https:\/\/tg4-docs.s3.amazonaws.com\/tg4-redesign-2015\/wp-content\/uploads\/2020\/11\/Arracht_Poster_1_1920x1440.jpg\"><img loading=\"lazy\" decoding=\"async\" width=\"1920\" height=\"1440\" src=\"https:\/\/tg4-docs.s3.amazonaws.com\/tg4-redesign-2015\/wp-content\/uploads\/2020\/11\/Arracht_Poster_1_1920x1440.jpg\" alt=\"\" class=\"alignnone size-full wp-image-115100\" srcset=\"https:\/\/tg4-docs.s3.amazonaws.com\/tg4-redesign-2015\/wp-content\/uploads\/2020\/11\/Arracht_Poster_1_1920x1440.jpg 1920w, https:\/\/tg4-docs.s3.amazonaws.com\/tg4-redesign-2015\/wp-content\/uploads\/2020\/11\/Arracht_Poster_1_1920x1440-250x188.jpg 250w, https:\/\/tg4-docs.s3.amazonaws.com\/tg4-redesign-2015\/wp-content\/uploads\/2020\/11\/Arracht_Poster_1_1920x1440-700x525.jpg 700w, https:\/\/tg4-docs.s3.amazonaws.com\/tg4-redesign-2015\/wp-content\/uploads\/2020\/11\/Arracht_Poster_1_1920x1440-188x141.jpg 188w, https:\/\/tg4-docs.s3.amazonaws.com\/tg4-redesign-2015\/wp-content\/uploads\/2020\/11\/Arracht_Poster_1_1920x1440-1536x1152.jpg 1536w, https:\/\/tg4-docs.s3.amazonaws.com\/tg4-redesign-2015\/wp-content\/uploads\/2020\/11\/Arracht_Poster_1_1920x1440-120x90.jpg 120w\" sizes=\"(max-width: 1920px) 100vw, 1920px\" \/><\/a><br \/>\n&nbsp;<\/p>\n<p>T\u00e1 TG4 thar a bheith r\u00edm\u00e9adach faoin bhf\u00f3gra at\u00e1 d\u00e9anta ag IFTA inniu go bhfuil Arracht, an pr\u00edomhscann\u00e1n Gaeilge a d&#8217;eascair as tionscnamh Cine4 roghnaithe mar iontr\u00e1il na h\u00c9ireann do na Oscars sa chatag\u00f3ir don Phr\u00edomhscann\u00e1n Idirn\u00e1isi\u00fanta is Fearr ag an 93\u00fa Gradaim bliant\u00fala an Acadaimh a bheidh ar si\u00fal go luath.<br \/>\n&nbsp;<br \/>\nComhph\u00e1irt\u00edocht idir TG4, F\u00eds \u00c9ireann agus \u00dadar\u00e1s Craolach\u00e1in na h\u00c9ireann (an BAI) \u00e9 &#8216;Cine4&#8217; chun fadscann\u00e1in Ghaeilge bhunaidh a fhorbairt.<br \/>\n&nbsp;<br \/>\n<strong>Tom Sullivan<\/strong> a scr\u00edobh agus a sti\u00fair Arracht agus is iad <strong>D\u00f3nall \u00d3 H\u00e9ala\u00ed<\/strong>, Star of Tomorrow 2020 Screen International, chomh maith le <strong>Dara Devaney<\/strong>, <strong>Michael McElhatton<\/strong>, agus aisteoir eile nach bhfuil an t-achar sin ar b\u00f3thar, <strong>Saise N\u00ed Chuinn<\/strong>, na pr\u00edomhaisteoir\u00ed. C\u00fa\u00e1n Mac Conghail a rinne Arracht a l\u00e9iri\u00fa do Macalla Teoranta agus ba iad Brendan McCarthy agus John McDonnell \u00f3 Fantastic Films na l\u00e9iritheoir\u00ed feidhmi\u00fach\u00e1in. Taispe\u00e1nadh Arracht, a raibh moladh m\u00f3r faighte aige, den ch\u00e9ad uair ag F\u00e9ile m\u00f3r le r\u00e1 Scann\u00e1n Tallin Black Nights in 2019.<br \/>\n&nbsp;<br \/>\nIn \u00c9irinn sa bhliain 1845 at\u00e1 an <em>Arracht<\/em> suite agus ins\u00edtear sc\u00e9al Cholm\u00e1n Sharkey, iascaire, fear at\u00e1 p\u00f3sta agus a bhfuil clann aige, a thugann d\u00eddean d&#8217;fhear strains\u00e9ara ar ord\u00fa \u00f3n sagart. N\u00ed bh\u00edonn Patsy, iarshaighdi\u00fair, i bhfad sa t\u00edr nuair a bhuaileann &#8216;an d\u00fachan&#8217;, a raibh an Phl\u00e1 Mh\u00f3r mar thoradh uirthi agus a chuireann leis na milli\u00fain daoine a chur as a n-\u00e1it f\u00e9in agus lena mb\u00e1s. Fad agus at\u00e1 na pr\u00e1ta\u00ed ag lobhadh, t\u00e9ann Colm\u00e1n, a dhearth\u00e1ir agus Patsy go dt\u00ed teach an Tiarna Tal\u00fan Shasanaigh agus iarraidh air gan an c\u00edos a ard\u00fa mar go gceapann Colm\u00e1n go gcuirfidh s\u00e9 deireadh ar fad leis an bpobal. N\u00ed fhaigheann s\u00e9 aon aird \u00e1fach agus cuirfidh an m\u00e9id a dh\u00e9anann Patsy ina dhiaidh sin ar bh\u00f3thar Colm\u00e1n a mbeidh air troid d\u00e1 bheatha agus d\u00e1 ch\u00e9ille. N\u00ed go dt\u00ed go gcastar cail\u00edn \u00f3g at\u00e1 f\u00e1gtha aisti f\u00e9in a bhfaigheann Colm\u00e1n suaimhneas. D\u00edreach in am don dorchadas a bhain leis an am at\u00e1 caite teacht ar ais chuige ar\u00eds.<br \/>\n&nbsp;<\/p>\n<p>F\u00e9ach ar an mblais\u00edn anseo:<\/p>\n<div style=\"position: relative; overflow: auto; width: 100%; padding-bottom: 56.25%;\"><iframe loading=\"lazy\" src=\"https:\/\/www.youtube.com\/embed\/jYmZ8mPrm5A\" width=\"100%\" height=\"100%\" frameborder=\"0\" scrolling=\"no\" allowFullscreen=\"true\" style=\"position: absolute; top: 0px; display: block;\"><\/iframe><\/div>\n<p>&nbsp;<br \/>\n<a href=\"https:\/\/tg4-docs.s3.amazonaws.com\/tg4-redesign-2015\/wp-content\/uploads\/2020\/11\/Arracht_2_1288x541.jpg\"><img loading=\"lazy\" decoding=\"async\" width=\"1288\" height=\"541\" src=\"https:\/\/tg4-docs.s3.amazonaws.com\/tg4-redesign-2015\/wp-content\/uploads\/2020\/11\/Arracht_2_1288x541.jpg\" alt=\"\" class=\"alignnone size-full wp-image-115105\" srcset=\"https:\/\/tg4-docs.s3.amazonaws.com\/tg4-redesign-2015\/wp-content\/uploads\/2020\/11\/Arracht_2_1288x541.jpg 1288w, https:\/\/tg4-docs.s3.amazonaws.com\/tg4-redesign-2015\/wp-content\/uploads\/2020\/11\/Arracht_2_1288x541-250x105.jpg 250w, https:\/\/tg4-docs.s3.amazonaws.com\/tg4-redesign-2015\/wp-content\/uploads\/2020\/11\/Arracht_2_1288x541-700x294.jpg 700w, https:\/\/tg4-docs.s3.amazonaws.com\/tg4-redesign-2015\/wp-content\/uploads\/2020\/11\/Arracht_2_1288x541-252x106.jpg 252w, https:\/\/tg4-docs.s3.amazonaws.com\/tg4-redesign-2015\/wp-content\/uploads\/2020\/11\/Arracht_2_1288x541-120x50.jpg 120w\" sizes=\"(max-width: 1288px) 100vw, 1288px\" \/><\/a><br \/>\n&nbsp;<br \/>\n&nbsp;<br \/>\n<strong>Chuir Alan Esslemont, Ard-Sti\u00farth\u00f3ir TG4 f\u00e1ilte roimh fh\u00f3gra an lae inniu agus d\u00fairt<\/strong> <em>\u201cGo r\u00f3-mhinic, b\u00edonn tallann chruthaitheach na Gaeilge dofheicthe in \u00c9irinn, toisc go gcrutha\u00edonn siad, go nd\u00e9anann siad aisteoireacht n\u00f3 go gcraolann siad i mionteanga na t\u00edre.  Mar sin nuair a sheol TG4, F\u00eds \u00c9ireann agus an BAI sc\u00e9im Cine4, d\u00fairt muid gur roghnaigh muid dul, n\u00ed chun na geala\u00ed, ach chuig na Oscars.  An fh\u00eds a bh\u00ed leis, aitheantas idirn\u00e1isi\u00fanta a lorg d\u2019oibreacha cult\u00fartha agus cruthaitheacha i nGaeilge.   Ba mhaith linn cineama na Gaeilge a fheice\u00e1il ag forbairt, a bheith aitheanta go n\u00e1isi\u00fanta agus meas domhanda a bhaint amach.   Molaim Macalla agus gach duine a bhfuil baint acu le \u2018Arracht\u2019 as a gcuid tallainne, d\u00edograis agus creidimh sa scann\u00e1n l\u00e1idir seo a bhfuil gradaim mh\u00f3ra n\u00e1isi\u00fanta agus idirn\u00e1isi\u00fanta buaite aige cheana agus at\u00e1 aitheanta anois ag Acadamh Scann\u00e1n agus Teilif\u00edse na h\u00c9ireann.&#8221;<\/em><br \/>\n&nbsp;<\/p>\n<p><strong>Is \u00e9ard a d\u00fairt Tom Sullivan, scr\u00edbhneoir\/sti\u00farth\u00f3ir Arracht:<\/strong> <em>\u201cT\u00e1 r\u00edm\u00e9ad an domhain orm faoin nuacht go bhfuil Arracht roghnaithe ag coiste roghn\u00fach\u00e1in IFTA chun an f\u00f3d a sheasamh d&#8217;\u00c9irinn ag na Oscars sa chatag\u00f3ir don Phr\u00edomhscann\u00e1n Idirn\u00e1isi\u00fanta is fearr.  Is aitheantas \u00e9 seo ar obair agus ar dh\u00edograis na foirne agus is m\u00f3r an on\u00f3ir \u00e9 a bheith breithnithe ar an leibh\u00e9al seo agus is iontach an sc\u00e9ala \u00e9.  C\u00e9 gur bhliain aisteach a bh\u00ed inti d&#8217;earn\u00e1il na scann\u00e1n choinnigh an m\u00e9id taca\u00edochta at\u00e1 faighte ag Arracht \u00f3 gach duine ag imeacht muid. Ba mhaith liom mo bhu\u00edochas a chur in i\u00fal d\u00e1r gcisteoir\u00ed F\u00eds \u00c9ireann, an BAI, agus TG4 agus do IFTA chomh maith as bhur dtaca\u00edocht go l\u00e9ir\u201d<\/em><br \/>\n&nbsp;<\/p>\n<p>Coiste Roghn\u00fach\u00e1in speisialta IFTA a roghnaigh <strong>Arracht<\/strong> agus bh\u00ed an Sti\u00farth\u00f3ir <strong>Lenny Abrahamson<\/strong> <em>(Normal People, Room, Frank)<\/em>, an tAisteoir <strong>Ciar\u00e1n Hinds<\/strong>, <em>(Munich, The Woman in Black, Tinker Tailor Soldier Spy)<\/em>,  an Cumad\u00f3ir, agus an ch\u00e9ad sti\u00farth\u00f3ir mn\u00e1 ag na Oscars, <strong>E\u00edmear Noone<\/strong>,  an L\u00e9iritheoir <strong>Macdara Kelleher<\/strong>  <em>(Foundation, The Green Knight, Black \u201947)<\/em>, an t-aisteoir <strong>Fionnula Flanagan<\/strong> <em>(The Guard, The Others)<\/em> agus <strong>David Flynn<\/strong> <em>(Leas-Uachtar\u00e1n Feidhmi\u00fach\u00e1in don Strait\u00e9is Idirn\u00e1isi\u00fanta i Paramount TV)<\/em> i measc bhaill an choiste. <strong>\u00c1ine Moriarty<\/strong>, Pr\u00edomhfheidhmeannach an Acadaimh a bh\u00ed ina cathaoirleach ar an gCoiste.<br \/>\n&nbsp;<br \/>\nBhuaigh Arracht dh\u00e1 Ghradam IFTA ag Searmanas Gradam na bliana seo chomh maith le 9 nAinmni\u00fach\u00e1n eile IFTA. \u00d3 taispe\u00e1nadh den ch\u00e9ad uair i dTaillinn \u00e9, t\u00e1 gradaim buaite ag Arracht ag f\u00e9ilte eile lena n-\u00e1ir\u00edtear F\u00e9ile Scann\u00e1n Idirn\u00e1isi\u00fanta Bhaile \u00c1tha Cliath, Fleadh Scann\u00e1n na Gaillimhe, agus F\u00e9ile Scann\u00e1n Ghlasch\u00fa.<br \/>\n&nbsp;<br \/>\nD\u00e9anfar gearrliosta de na Scann\u00e1n Idirn\u00e1isi\u00fanta is Fearr at\u00e1 san ioma\u00edocht go dt\u00ed 10 iomaitheoir idirn\u00e1isi\u00fanta agus d\u00e9anfar gearrliosta go dt\u00ed an 5 Ainmni\u00fach\u00e1n Oscar sa chatag\u00f3ir sin d\u00f3ibh sa deireadh roimh shearmanas na Oscars, a bh\u00ed le bheith ar si\u00fal ar dt\u00fas ar an 28 Feabhra, ach a bheidh ar si\u00fal anois in Aibre\u00e1n 2021, mar gheall ar phaind\u00e9im an Chor\u00f3inv\u00edris.<br \/>\n&nbsp;<br \/>\nBeidh an searmanas don 93\u00fa Gradam Acadaimh (na Oscars) ar si\u00fal i dT\u00e9atar Dolby in Hollywood, Los Angeles, California D\u00e9 Domhnaigh an 25 Aibre\u00e1n 2021 agus tabharfaidh on\u00f3ir do scann\u00e1in is fearr na bliana 2021.<br \/>\n&nbsp;<br \/>\nEiseoidh Break Out Pictures ARRACHT chuig picti\u00farlanna na t\u00edre in Earrach 2021.<\/p>\n<p>&nbsp;<br \/>\n&nbsp;<\/p>\n","protected":false},"excerpt":{"rendered":"<p>&nbsp; T\u00e1 TG4 thar a bheith r\u00edm\u00e9adach faoin bhf\u00f3gra at\u00e1 d\u00e9anta ag IFTA inniu go bhfuil Arracht, an pr\u00edomhscann\u00e1n Gaeilge a d&#8217;eascair as tionscnamh Cine4 roghnaithe mar iontr\u00e1il na h\u00c9ireann do na Oscars sa chatag\u00f3ir don Phr\u00edomhscann\u00e1n Idirn\u00e1isi\u00fanta is Fearr ag an 93\u00fa Gradaim bliant\u00fala an Acadaimh a bheidh ar si\u00fal go luath. &nbsp; Comhph\u00e1irt\u00edocht [&hellip;]<\/p>\n","protected":false},"author":876,"featured_media":0,"parent":111525,"menu_order":53,"comment_status":"closed","ping_status":"closed","template":"page-templates\/template-pr.php","meta":{"_acf_changed":false,"footnotes":""},"acf":[],"yoast_head":"<!-- This site is optimized with the Yoast SEO plugin v22.6 - https:\/\/yoast.com\/wordpress\/plugins\/seo\/ -->\n<title>&#039;Arracht&#039; roghnaithe mar iontr\u00e1il na h\u00c9ireann do na Oscars sa chatag\u00f3ir don Phr\u00edomhscann\u00e1n Idirn\u00e1isi\u00fanta is Fearr | Preas R\u00e1iteas | TG4<\/title>\n<meta name=\"robots\" content=\"index, follow, max-snippet:-1, max-image-preview:large, max-video-preview:-1\" \/>\n<meta property=\"og:locale\" content=\"en_US\" \/>\n<meta property=\"og:type\" content=\"article\" \/>\n<meta property=\"og:title\" content=\"&#039;Arracht&#039; roghnaithe mar iontr\u00e1il na h\u00c9ireann do na Oscars sa chatag\u00f3ir don Phr\u00edomhscann\u00e1n Idirn\u00e1isi\u00fanta is Fearr | Preas R\u00e1iteas | TG4\" \/>\n<meta property=\"og:description\" content=\"&nbsp; T\u00e1 TG4 thar a bheith r\u00edm\u00e9adach faoin bhf\u00f3gra at\u00e1 d\u00e9anta ag IFTA inniu go bhfuil Arracht, an pr\u00edomhscann\u00e1n Gaeilge a d&#8217;eascair as tionscnamh Cine4 roghnaithe mar iontr\u00e1il na h\u00c9ireann do na Oscars sa chatag\u00f3ir don Phr\u00edomhscann\u00e1n Idirn\u00e1isi\u00fanta is Fearr ag an 93\u00fa Gradaim bliant\u00fala an Acadaimh a bheidh ar si\u00fal go luath. &nbsp; Comhph\u00e1irt\u00edocht [&hellip;]\" \/>\n<meta property=\"og:url\" content=\"https:\/\/dev.tg4.ie\/ga\/eolas\/preas\/nuacht-raitis\/2020-2\/arracht-roghnaithe-mar-iontrail-na-heireann-do-na-oscars-sa-chatagoir-don-phriomhscannan-idirnaisiunta-is-fearr\/\" \/>\n<meta property=\"og:site_name\" content=\"TG4\" \/>\n<meta property=\"article:publisher\" content=\"https:\/\/www.facebook.com\/TG4TV\" \/>\n<meta property=\"article:modified_time\" content=\"2020-11-24T16:11:50+00:00\" \/>\n<meta property=\"og:image\" content=\"https:\/\/tg4-docs.s3.amazonaws.com\/tg4-redesign-2015\/wp-content\/uploads\/2020\/11\/Arracht_Poster_1_1920x1080.jpg\" \/>\n\t<meta property=\"og:image:width\" content=\"1920\" \/>\n\t<meta property=\"og:image:height\" content=\"1080\" \/>\n\t<meta property=\"og:image:type\" content=\"image\/jpeg\" \/>\n<meta name=\"twitter:card\" content=\"summary_large_image\" \/>\n<meta name=\"twitter:image\" content=\"https:\/\/tg4-docs.s3.amazonaws.com\/tg4-redesign-2015\/wp-content\/uploads\/2020\/11\/Arracht_Poster_1_1920x1080.jpg\" \/>\n<meta name=\"twitter:site\" content=\"@TG4TV\" \/>\n<meta name=\"twitter:label1\" content=\"Est. reading time\" \/>\n\t<meta name=\"twitter:data1\" content=\"5 minutes\" \/>\n<script type=\"application\/ld+json\" class=\"yoast-schema-graph\">{\"@context\":\"https:\/\/schema.org\",\"@graph\":[{\"@type\":\"WebPage\",\"@id\":\"https:\/\/dev.tg4.ie\/ga\/eolas\/preas\/nuacht-raitis\/2020-2\/arracht-roghnaithe-mar-iontrail-na-heireann-do-na-oscars-sa-chatagoir-don-phriomhscannan-idirnaisiunta-is-fearr\/\",\"url\":\"https:\/\/dev.tg4.ie\/ga\/eolas\/preas\/nuacht-raitis\/2020-2\/arracht-roghnaithe-mar-iontrail-na-heireann-do-na-oscars-sa-chatagoir-don-phriomhscannan-idirnaisiunta-is-fearr\/\",\"name\":\"'Arracht' roghnaithe mar iontr\u00e1il na h\u00c9ireann do na Oscars sa chatag\u00f3ir don Phr\u00edomhscann\u00e1n Idirn\u00e1isi\u00fanta is Fearr | Preas R\u00e1iteas | TG4\",\"isPartOf\":{\"@id\":\"https:\/\/dev.tg4.ie\/en\/#website\"},\"primaryImageOfPage\":{\"@id\":\"https:\/\/dev.tg4.ie\/ga\/eolas\/preas\/nuacht-raitis\/2020-2\/arracht-roghnaithe-mar-iontrail-na-heireann-do-na-oscars-sa-chatagoir-don-phriomhscannan-idirnaisiunta-is-fearr\/#primaryimage\"},\"image\":{\"@id\":\"https:\/\/dev.tg4.ie\/ga\/eolas\/preas\/nuacht-raitis\/2020-2\/arracht-roghnaithe-mar-iontrail-na-heireann-do-na-oscars-sa-chatagoir-don-phriomhscannan-idirnaisiunta-is-fearr\/#primaryimage\"},\"thumbnailUrl\":\"https:\/\/dev.tg4.ie\/wp-content\/uploads\/2020\/11\/Arracht_Poster_1_1920x1440.jpg\",\"datePublished\":\"2020-11-24T16:11:16+00:00\",\"dateModified\":\"2020-11-24T16:11:50+00:00\",\"breadcrumb\":{\"@id\":\"https:\/\/dev.tg4.ie\/ga\/eolas\/preas\/nuacht-raitis\/2020-2\/arracht-roghnaithe-mar-iontrail-na-heireann-do-na-oscars-sa-chatagoir-don-phriomhscannan-idirnaisiunta-is-fearr\/#breadcrumb\"},\"inLanguage\":\"ga\",\"potentialAction\":[{\"@type\":\"ReadAction\",\"target\":[\"https:\/\/dev.tg4.ie\/ga\/eolas\/preas\/nuacht-raitis\/2020-2\/arracht-roghnaithe-mar-iontrail-na-heireann-do-na-oscars-sa-chatagoir-don-phriomhscannan-idirnaisiunta-is-fearr\/\"]}]},{\"@type\":\"ImageObject\",\"inLanguage\":\"ga\",\"@id\":\"https:\/\/dev.tg4.ie\/ga\/eolas\/preas\/nuacht-raitis\/2020-2\/arracht-roghnaithe-mar-iontrail-na-heireann-do-na-oscars-sa-chatagoir-don-phriomhscannan-idirnaisiunta-is-fearr\/#primaryimage\",\"url\":\"https:\/\/dev.tg4.ie\/wp-content\/uploads\/2020\/11\/Arracht_Poster_1_1920x1440.jpg\",\"contentUrl\":\"https:\/\/dev.tg4.ie\/wp-content\/uploads\/2020\/11\/Arracht_Poster_1_1920x1440.jpg\"},{\"@type\":\"BreadcrumbList\",\"@id\":\"https:\/\/dev.tg4.ie\/ga\/eolas\/preas\/nuacht-raitis\/2020-2\/arracht-roghnaithe-mar-iontrail-na-heireann-do-na-oscars-sa-chatagoir-don-phriomhscannan-idirnaisiunta-is-fearr\/#breadcrumb\",\"itemListElement\":[{\"@type\":\"ListItem\",\"position\":1,\"name\":\"Home\",\"item\":\"https:\/\/dev.tg4.ie\/ga\/\"},{\"@type\":\"ListItem\",\"position\":2,\"name\":\"Eolas\",\"item\":\"https:\/\/dev.tg4.ie\/ga\/eolas\/\"},{\"@type\":\"ListItem\",\"position\":3,\"name\":\"Preas\",\"item\":\"https:\/\/dev.tg4.ie\/ga\/eolas\/preas\/\"},{\"@type\":\"ListItem\",\"position\":4,\"name\":\"Nuacht R\u00e1itis\",\"item\":\"https:\/\/dev.tg4.ie\/ga\/eolas\/preas\/nuacht-raitis\/\"},{\"@type\":\"ListItem\",\"position\":5,\"name\":\"2020\",\"item\":\"https:\/\/dev.tg4.ie\/ga\/eolas\/preas\/nuacht-raitis\/2020-2\/\"},{\"@type\":\"ListItem\",\"position\":6,\"name\":\"&#8216;Arracht&#8217; roghnaithe mar iontr\u00e1il na h\u00c9ireann do na Oscars sa chatag\u00f3ir don Phr\u00edomhscann\u00e1n Idirn\u00e1isi\u00fanta is Fearr\"}]},{\"@type\":\"WebSite\",\"@id\":\"https:\/\/dev.tg4.ie\/en\/#website\",\"url\":\"https:\/\/dev.tg4.ie\/en\/\",\"name\":\"TG4\",\"description\":\"S\u00fail Eile\",\"potentialAction\":[{\"@type\":\"SearchAction\",\"target\":{\"@type\":\"EntryPoint\",\"urlTemplate\":\"https:\/\/dev.tg4.ie\/en\/?s={search_term_string}\"},\"query-input\":\"required name=search_term_string\"}],\"inLanguage\":\"ga\"}]}<\/script>\n<!-- \/ Yoast SEO plugin. -->","yoast_head_json":{"title":"'Arracht' roghnaithe mar iontr\u00e1il na h\u00c9ireann do na Oscars sa chatag\u00f3ir don Phr\u00edomhscann\u00e1n Idirn\u00e1isi\u00fanta is Fearr | Preas R\u00e1iteas | TG4","robots":{"index":"index","follow":"follow","max-snippet":"max-snippet:-1","max-image-preview":"max-image-preview:large","max-video-preview":"max-video-preview:-1"},"og_locale":"en_US","og_type":"article","og_title":"'Arracht' roghnaithe mar iontr\u00e1il na h\u00c9ireann do na Oscars sa chatag\u00f3ir don Phr\u00edomhscann\u00e1n Idirn\u00e1isi\u00fanta is Fearr | Preas R\u00e1iteas | TG4","og_description":"&nbsp; T\u00e1 TG4 thar a bheith r\u00edm\u00e9adach faoin bhf\u00f3gra at\u00e1 d\u00e9anta ag IFTA inniu go bhfuil Arracht, an pr\u00edomhscann\u00e1n Gaeilge a d&#8217;eascair as tionscnamh Cine4 roghnaithe mar iontr\u00e1il na h\u00c9ireann do na Oscars sa chatag\u00f3ir don Phr\u00edomhscann\u00e1n Idirn\u00e1isi\u00fanta is Fearr ag an 93\u00fa Gradaim bliant\u00fala an Acadaimh a bheidh ar si\u00fal go luath. &nbsp; Comhph\u00e1irt\u00edocht [&hellip;]","og_url":"https:\/\/dev.tg4.ie\/ga\/eolas\/preas\/nuacht-raitis\/2020-2\/arracht-roghnaithe-mar-iontrail-na-heireann-do-na-oscars-sa-chatagoir-don-phriomhscannan-idirnaisiunta-is-fearr\/","og_site_name":"TG4","article_publisher":"https:\/\/www.facebook.com\/TG4TV","article_modified_time":"2020-11-24T16:11:50+00:00","og_image":[{"width":1920,"height":1080,"url":"https:\/\/tg4-docs.s3.amazonaws.com\/tg4-redesign-2015\/wp-content\/uploads\/2020\/11\/Arracht_Poster_1_1920x1080.jpg","type":"image\/jpeg"}],"twitter_card":"summary_large_image","twitter_image":"https:\/\/tg4-docs.s3.amazonaws.com\/tg4-redesign-2015\/wp-content\/uploads\/2020\/11\/Arracht_Poster_1_1920x1080.jpg","twitter_site":"@TG4TV","twitter_misc":{"Est. reading time":"5 minutes"},"schema":{"@context":"https:\/\/schema.org","@graph":[{"@type":"WebPage","@id":"https:\/\/dev.tg4.ie\/ga\/eolas\/preas\/nuacht-raitis\/2020-2\/arracht-roghnaithe-mar-iontrail-na-heireann-do-na-oscars-sa-chatagoir-don-phriomhscannan-idirnaisiunta-is-fearr\/","url":"https:\/\/dev.tg4.ie\/ga\/eolas\/preas\/nuacht-raitis\/2020-2\/arracht-roghnaithe-mar-iontrail-na-heireann-do-na-oscars-sa-chatagoir-don-phriomhscannan-idirnaisiunta-is-fearr\/","name":"'Arracht' roghnaithe mar iontr\u00e1il na h\u00c9ireann do na Oscars sa chatag\u00f3ir don Phr\u00edomhscann\u00e1n Idirn\u00e1isi\u00fanta is Fearr | Preas R\u00e1iteas | TG4","isPartOf":{"@id":"https:\/\/dev.tg4.ie\/en\/#website"},"primaryImageOfPage":{"@id":"https:\/\/dev.tg4.ie\/ga\/eolas\/preas\/nuacht-raitis\/2020-2\/arracht-roghnaithe-mar-iontrail-na-heireann-do-na-oscars-sa-chatagoir-don-phriomhscannan-idirnaisiunta-is-fearr\/#primaryimage"},"image":{"@id":"https:\/\/dev.tg4.ie\/ga\/eolas\/preas\/nuacht-raitis\/2020-2\/arracht-roghnaithe-mar-iontrail-na-heireann-do-na-oscars-sa-chatagoir-don-phriomhscannan-idirnaisiunta-is-fearr\/#primaryimage"},"thumbnailUrl":"https:\/\/dev.tg4.ie\/wp-content\/uploads\/2020\/11\/Arracht_Poster_1_1920x1440.jpg","datePublished":"2020-11-24T16:11:16+00:00","dateModified":"2020-11-24T16:11:50+00:00","breadcrumb":{"@id":"https:\/\/dev.tg4.ie\/ga\/eolas\/preas\/nuacht-raitis\/2020-2\/arracht-roghnaithe-mar-iontrail-na-heireann-do-na-oscars-sa-chatagoir-don-phriomhscannan-idirnaisiunta-is-fearr\/#breadcrumb"},"inLanguage":"ga","potentialAction":[{"@type":"ReadAction","target":["https:\/\/dev.tg4.ie\/ga\/eolas\/preas\/nuacht-raitis\/2020-2\/arracht-roghnaithe-mar-iontrail-na-heireann-do-na-oscars-sa-chatagoir-don-phriomhscannan-idirnaisiunta-is-fearr\/"]}]},{"@type":"ImageObject","inLanguage":"ga","@id":"https:\/\/dev.tg4.ie\/ga\/eolas\/preas\/nuacht-raitis\/2020-2\/arracht-roghnaithe-mar-iontrail-na-heireann-do-na-oscars-sa-chatagoir-don-phriomhscannan-idirnaisiunta-is-fearr\/#primaryimage","url":"https:\/\/dev.tg4.ie\/wp-content\/uploads\/2020\/11\/Arracht_Poster_1_1920x1440.jpg","contentUrl":"https:\/\/dev.tg4.ie\/wp-content\/uploads\/2020\/11\/Arracht_Poster_1_1920x1440.jpg"},{"@type":"BreadcrumbList","@id":"https:\/\/dev.tg4.ie\/ga\/eolas\/preas\/nuacht-raitis\/2020-2\/arracht-roghnaithe-mar-iontrail-na-heireann-do-na-oscars-sa-chatagoir-don-phriomhscannan-idirnaisiunta-is-fearr\/#breadcrumb","itemListElement":[{"@type":"ListItem","position":1,"name":"Home","item":"https:\/\/dev.tg4.ie\/ga\/"},{"@type":"ListItem","position":2,"name":"Eolas","item":"https:\/\/dev.tg4.ie\/ga\/eolas\/"},{"@type":"ListItem","position":3,"name":"Preas","item":"https:\/\/dev.tg4.ie\/ga\/eolas\/preas\/"},{"@type":"ListItem","position":4,"name":"Nuacht R\u00e1itis","item":"https:\/\/dev.tg4.ie\/ga\/eolas\/preas\/nuacht-raitis\/"},{"@type":"ListItem","position":5,"name":"2020","item":"https:\/\/dev.tg4.ie\/ga\/eolas\/preas\/nuacht-raitis\/2020-2\/"},{"@type":"ListItem","position":6,"name":"&#8216;Arracht&#8217; roghnaithe mar iontr\u00e1il na h\u00c9ireann do na Oscars sa chatag\u00f3ir don Phr\u00edomhscann\u00e1n Idirn\u00e1isi\u00fanta is Fearr"}]},{"@type":"WebSite","@id":"https:\/\/dev.tg4.ie\/en\/#website","url":"https:\/\/dev.tg4.ie\/en\/","name":"TG4","description":"S\u00fail Eile","potentialAction":[{"@type":"SearchAction","target":{"@type":"EntryPoint","urlTemplate":"https:\/\/dev.tg4.ie\/en\/?s={search_term_string}"},"query-input":"required name=search_term_string"}],"inLanguage":"ga"}]}},"_links":{"self":[{"href":"https:\/\/dev.tg4.ie\/ga\/wp-json\/wp\/v2\/pages\/115099"}],"collection":[{"href":"https:\/\/dev.tg4.ie\/ga\/wp-json\/wp\/v2\/pages"}],"about":[{"href":"https:\/\/dev.tg4.ie\/ga\/wp-json\/wp\/v2\/types\/page"}],"author":[{"embeddable":true,"href":"https:\/\/dev.tg4.ie\/ga\/wp-json\/wp\/v2\/users\/876"}],"replies":[{"embeddable":true,"href":"https:\/\/dev.tg4.ie\/ga\/wp-json\/wp\/v2\/comments?post=115099"}],"version-history":[{"count":0,"href":"https:\/\/dev.tg4.ie\/ga\/wp-json\/wp\/v2\/pages\/115099\/revisions"}],"up":[{"embeddable":true,"href":"https:\/\/dev.tg4.ie\/ga\/wp-json\/wp\/v2\/pages\/111525"}],"wp:attachment":[{"href":"https:\/\/dev.tg4.ie\/ga\/wp-json\/wp\/v2\/media?parent=115099"}],"curies":[{"name":"wp","href":"https:\/\/api.w.org\/{rel}","templated":true}]}}