{"id":115125,"date":"2020-11-26T14:51:04","date_gmt":"2020-11-26T14:51:04","guid":{"rendered":"https:\/\/dev.tg4.ie\/?page_id=115125"},"modified":"2020-11-26T16:24:27","modified_gmt":"2020-11-26T16:24:27","slug":"reabhloid-gaa-sceal-na-hiomanaiochta-sna-nochaidi","status":"publish","type":"page","link":"https:\/\/dev.tg4.ie\/ga\/eolas\/preas\/nuacht-raitis\/2020-2\/reabhloid-gaa-sceal-na-hiomanaiochta-sna-nochaidi\/","title":{"rendered":"R\u00e9abhl\u00f3id GAA &#8211; sc\u00e9al na hiom\u00e1na\u00edochta sna n\u00f3chaid\u00ed"},"content":{"rendered":"<p><a href=\"https:\/\/tg4-docs.s3.amazonaws.com\/tg4-redesign-2015\/wp-content\/uploads\/2020\/11\/Reabhloid_GAA_1_1920x1080.jpg\"><img loading=\"lazy\" decoding=\"async\" width=\"1920\" height=\"1080\" src=\"https:\/\/tg4-docs.s3.amazonaws.com\/tg4-redesign-2015\/wp-content\/uploads\/2020\/11\/Reabhloid_GAA_1_1920x1080.jpg\" alt=\"\" class=\"alignnone size-full wp-image-115073\" srcset=\"https:\/\/tg4-docs.s3.amazonaws.com\/tg4-redesign-2015\/wp-content\/uploads\/2020\/11\/Reabhloid_GAA_1_1920x1080.jpg 1920w, https:\/\/tg4-docs.s3.amazonaws.com\/tg4-redesign-2015\/wp-content\/uploads\/2020\/11\/Reabhloid_GAA_1_1920x1080-250x141.jpg 250w, https:\/\/tg4-docs.s3.amazonaws.com\/tg4-redesign-2015\/wp-content\/uploads\/2020\/11\/Reabhloid_GAA_1_1920x1080-700x394.jpg 700w, https:\/\/tg4-docs.s3.amazonaws.com\/tg4-redesign-2015\/wp-content\/uploads\/2020\/11\/Reabhloid_GAA_1_1920x1080-252x141.jpg 252w, https:\/\/tg4-docs.s3.amazonaws.com\/tg4-redesign-2015\/wp-content\/uploads\/2020\/11\/Reabhloid_GAA_1_1920x1080-1536x864.jpg 1536w, https:\/\/tg4-docs.s3.amazonaws.com\/tg4-redesign-2015\/wp-content\/uploads\/2020\/11\/Reabhloid_GAA_1_1920x1080-120x68.jpg 120w\" sizes=\"(max-width: 1920px) 100vw, 1920px\" \/><\/a><br \/>\n&nbsp;<\/p>\n<div style=\"position: relative; overflow: auto; width: 100%; padding-bottom: 56.25%;\"><iframe loading=\"lazy\" src=\"https:\/\/www.youtube.com\/embed\/sEZHGWQCN8o\" width=\"100%\" height=\"100%\" frameborder=\"0\" scrolling=\"no\" allowFullscreen=\"true\" style=\"position: absolute; top: 0px; display: block;\"><\/iframe><\/div>\n<p>&nbsp;<\/p>\n<p>Is cl\u00e1r faisn\u00e9ise \u00far-nua \u00e9 <strong>R\u00e9abhl\u00f3id GAA<\/strong>, a inseoidh sc\u00e9al na hiom\u00e1na\u00edochta sna n\u00f3chaid\u00ed, tr\u00e9imhse inar athra\u00edodh an sp\u00f3rt agus inar ceapadh \u00e9 i nd\u00e1ir\u00edre mar cluiche n\u00e1isi\u00fanta na t\u00edre.<\/p>\n<p>Is iad an tr\u00ed chontae Corcaigh, Cill Chainnigh agus Tiobraid \u00c1rann is m\u00f3 a bhfuil an duais mh\u00f3r bainte amach acu le breis is c\u00e9ad bliain. N\u00ed raibh an chuma ar an sc\u00e9al go mbainf\u00ed na huaisle d\u00e1 gcor\u00f3in ag t\u00fas na n\u00f3chaid\u00ed. Ach, n\u00edor th\u00f3g s\u00e9 ach c\u00faig n\u00f3im\u00e9ad ar iom\u00e1naithe U\u00edbh Fhail\u00ed t\u00fas a chur leis an r\u00e9abhl\u00f3id i 1994. Th\u00e1inig imreoir\u00ed ina ndiaidh chun deireadh a chur leis an seanch\u00f3ras, daoine iad seo a bheadh ar na pearsa is m\u00f3 le r\u00e1 sa t\u00edr as sin amach. <\/p>\n<p>Is \u00e9 seo sc\u00e9al na ndaoine sin le linn na tr\u00e9imhse ba th\u00e1bhachta\u00ed i stair na hiom\u00e1na\u00edochta.  Cartadh cartlanna sh\u00e1r-chl\u00e1racha CLG &#8211; <em>Breaking Ball, Road to Croker, Committee Room, Championship Matters, Thank GAA It\u2019s Friday<\/em> &#8211; ar mhaithe le <strong>R\u00e9abhl\u00f3id GAA<\/strong> a l\u00e9iri\u00fa agus deineadh nasc idir agallaimh \u00f3n gcartlann leis an aicsean ar leith \u00f3 na gcluich\u00ed ab fhearr riamh. Cloisfear \u00f3 na himreoir\u00ed nuair a bh\u00ed siad i mbarr a r\u00e9ime, Davy Fitzgerald, Ger Loughnane, Brian Whelahan, Johnny Dooley, Johnny Pilkington, Liam Griffin, Martin Storey agus go leor eile ina measc, is \u00e9 seo sc\u00e9al na mbuaiteoir\u00ed de r\u00e9ir mar a tharla s\u00e9.<\/p>\n<p>Is \u00e9 <strong>R\u00e9abhl\u00f3id GAA<\/strong> an cl\u00e1r is d\u00e9ana\u00ed \u00f3 Loosehorse, m\u00f3rl\u00e9irtheoir\u00ed at\u00e1 chun tosaigh maidir le cl\u00e1racha CLG agus an sp\u00f3irt, a bhfuil <em>The Boys in Green, Micko, Giles<\/em> agus go leor eile l\u00e9irithe acu roimhe seo. Is \u00e9 Ronan O\u2019Donoghue (<em>Sunday Best, Jayo, All Ireland Day<\/em>) sti\u00farth\u00f3ir an chl\u00e1ir agus is d\u00edlis an sc\u00e9ala\u00ed \u00e9 Diarmuid Lyng, a tugadh misteach d\u00f3 de bharr an m\u00e9id a thit le linn a thr\u00e9imhse f\u00e9in sna n\u00f3chaid\u00ed nuair a bh\u00ed s\u00e9 ina laoch iom\u00e1na\u00edochta i Loch Garman.<\/p>\n<p>Sc\u00e9al \u00e9achtach ar r\u00e9 ar leith \u00e9 seo &#8211; an gaisce dochreidte a bhain U\u00edbh Fhail\u00ed amach chun an ceann is fearr a fh\u00e1il, nuair a d\u00edbr\u00edodh Biddy Early i gContae an Chl\u00e1ir, Fir Loch Garman ag m\u00e1irse\u00e1il thar teorann, agus an triol\u00f3g chonsp\u00f3ideach i \u201998- Tharla s\u00e9 seo ar fad agus athr\u00fa faoi dhl\u00fas ag tarl\u00fa sa t\u00edr, athruithe ar shocha\u00ed chomh maith le c\u00farsa\u00ed cult\u00fair na t\u00edre.<\/p>\n<p>Inseofar an chaoi a th\u00e1inig athr\u00fa \u00f3 bhonn ar an sp\u00f3rt agus ar an t\u00edr sna deich mbliana sin i <strong>R\u00e9abhl\u00f3id GAA<\/strong>.<\/p>\n<p>L\u00e9iri\u00fa de chuid Loosehorse Ltd.<\/p>\n<p>&nbsp;<br \/>\n&nbsp;<\/p>\n","protected":false},"excerpt":{"rendered":"<p>&nbsp; &nbsp; Is cl\u00e1r faisn\u00e9ise \u00far-nua \u00e9 R\u00e9abhl\u00f3id GAA, a inseoidh sc\u00e9al na hiom\u00e1na\u00edochta sna n\u00f3chaid\u00ed, tr\u00e9imhse inar athra\u00edodh an sp\u00f3rt agus inar ceapadh \u00e9 i nd\u00e1ir\u00edre mar cluiche n\u00e1isi\u00fanta na t\u00edre. Is iad an tr\u00ed chontae Corcaigh, Cill Chainnigh agus Tiobraid \u00c1rann is m\u00f3 a bhfuil an duais mh\u00f3r bainte amach acu le breis [&hellip;]<\/p>\n","protected":false},"author":876,"featured_media":0,"parent":111525,"menu_order":55,"comment_status":"closed","ping_status":"closed","template":"page-templates\/template-pr.php","meta":{"_acf_changed":false,"footnotes":""},"acf":[],"yoast_head":"<!-- This site is optimized with the Yoast SEO plugin v22.6 - https:\/\/yoast.com\/wordpress\/plugins\/seo\/ -->\n<title>R\u00e9abhl\u00f3id GAA - sc\u00e9al na hiom\u00e1na\u00edochta sna n\u00f3chaid\u00ed | Preas R\u00e1iteas | TG4<\/title>\n<meta name=\"robots\" content=\"index, follow, max-snippet:-1, max-image-preview:large, max-video-preview:-1\" \/>\n<meta property=\"og:locale\" content=\"en_US\" \/>\n<meta property=\"og:type\" content=\"article\" \/>\n<meta property=\"og:title\" content=\"R\u00e9abhl\u00f3id GAA - sc\u00e9al na hiom\u00e1na\u00edochta sna n\u00f3chaid\u00ed | Preas R\u00e1iteas | TG4\" \/>\n<meta property=\"og:description\" content=\"&nbsp; &nbsp; Is cl\u00e1r faisn\u00e9ise \u00far-nua \u00e9 R\u00e9abhl\u00f3id GAA, a inseoidh sc\u00e9al na hiom\u00e1na\u00edochta sna n\u00f3chaid\u00ed, tr\u00e9imhse inar athra\u00edodh an sp\u00f3rt agus inar ceapadh \u00e9 i nd\u00e1ir\u00edre mar cluiche n\u00e1isi\u00fanta na t\u00edre. Is iad an tr\u00ed chontae Corcaigh, Cill Chainnigh agus Tiobraid \u00c1rann is m\u00f3 a bhfuil an duais mh\u00f3r bainte amach acu le breis [&hellip;]\" \/>\n<meta property=\"og:url\" content=\"https:\/\/dev.tg4.ie\/ga\/eolas\/preas\/nuacht-raitis\/2020-2\/reabhloid-gaa-sceal-na-hiomanaiochta-sna-nochaidi\/\" \/>\n<meta property=\"og:site_name\" content=\"TG4\" \/>\n<meta property=\"article:publisher\" content=\"https:\/\/www.facebook.com\/TG4TV\" \/>\n<meta property=\"article:modified_time\" content=\"2020-11-26T16:24:27+00:00\" \/>\n<meta property=\"og:image\" content=\"https:\/\/tg4-docs.s3.amazonaws.com\/tg4-redesign-2015\/wp-content\/uploads\/2020\/11\/Reabhloid_GAA_1_1920x1080.jpg\" \/>\n\t<meta property=\"og:image:width\" content=\"1920\" \/>\n\t<meta property=\"og:image:height\" content=\"1080\" \/>\n\t<meta property=\"og:image:type\" content=\"image\/jpeg\" \/>\n<meta name=\"twitter:card\" content=\"summary_large_image\" \/>\n<meta name=\"twitter:image\" content=\"https:\/\/tg4-docs.s3.amazonaws.com\/tg4-redesign-2015\/wp-content\/uploads\/2020\/11\/Reabhloid_GAA_1_1920x1080.jpg\" \/>\n<meta name=\"twitter:site\" content=\"@TG4TV\" \/>\n<meta name=\"twitter:label1\" content=\"Est. reading time\" \/>\n\t<meta name=\"twitter:data1\" content=\"2 minutes\" \/>\n<script type=\"application\/ld+json\" class=\"yoast-schema-graph\">{\"@context\":\"https:\/\/schema.org\",\"@graph\":[{\"@type\":\"WebPage\",\"@id\":\"https:\/\/dev.tg4.ie\/ga\/eolas\/preas\/nuacht-raitis\/2020-2\/reabhloid-gaa-sceal-na-hiomanaiochta-sna-nochaidi\/\",\"url\":\"https:\/\/dev.tg4.ie\/ga\/eolas\/preas\/nuacht-raitis\/2020-2\/reabhloid-gaa-sceal-na-hiomanaiochta-sna-nochaidi\/\",\"name\":\"R\u00e9abhl\u00f3id GAA - sc\u00e9al na hiom\u00e1na\u00edochta sna n\u00f3chaid\u00ed | Preas R\u00e1iteas | TG4\",\"isPartOf\":{\"@id\":\"https:\/\/dev.tg4.ie\/en\/#website\"},\"primaryImageOfPage\":{\"@id\":\"https:\/\/dev.tg4.ie\/ga\/eolas\/preas\/nuacht-raitis\/2020-2\/reabhloid-gaa-sceal-na-hiomanaiochta-sna-nochaidi\/#primaryimage\"},\"image\":{\"@id\":\"https:\/\/dev.tg4.ie\/ga\/eolas\/preas\/nuacht-raitis\/2020-2\/reabhloid-gaa-sceal-na-hiomanaiochta-sna-nochaidi\/#primaryimage\"},\"thumbnailUrl\":\"https:\/\/dev.tg4.ie\/wp-content\/uploads\/2020\/11\/Reabhloid_GAA_1_1920x1080.jpg\",\"datePublished\":\"2020-11-26T14:51:04+00:00\",\"dateModified\":\"2020-11-26T16:24:27+00:00\",\"breadcrumb\":{\"@id\":\"https:\/\/dev.tg4.ie\/ga\/eolas\/preas\/nuacht-raitis\/2020-2\/reabhloid-gaa-sceal-na-hiomanaiochta-sna-nochaidi\/#breadcrumb\"},\"inLanguage\":\"ga\",\"potentialAction\":[{\"@type\":\"ReadAction\",\"target\":[\"https:\/\/dev.tg4.ie\/ga\/eolas\/preas\/nuacht-raitis\/2020-2\/reabhloid-gaa-sceal-na-hiomanaiochta-sna-nochaidi\/\"]}]},{\"@type\":\"ImageObject\",\"inLanguage\":\"ga\",\"@id\":\"https:\/\/dev.tg4.ie\/ga\/eolas\/preas\/nuacht-raitis\/2020-2\/reabhloid-gaa-sceal-na-hiomanaiochta-sna-nochaidi\/#primaryimage\",\"url\":\"https:\/\/dev.tg4.ie\/wp-content\/uploads\/2020\/11\/Reabhloid_GAA_1_1920x1080.jpg\",\"contentUrl\":\"https:\/\/dev.tg4.ie\/wp-content\/uploads\/2020\/11\/Reabhloid_GAA_1_1920x1080.jpg\"},{\"@type\":\"BreadcrumbList\",\"@id\":\"https:\/\/dev.tg4.ie\/ga\/eolas\/preas\/nuacht-raitis\/2020-2\/reabhloid-gaa-sceal-na-hiomanaiochta-sna-nochaidi\/#breadcrumb\",\"itemListElement\":[{\"@type\":\"ListItem\",\"position\":1,\"name\":\"Home\",\"item\":\"https:\/\/dev.tg4.ie\/ga\/\"},{\"@type\":\"ListItem\",\"position\":2,\"name\":\"Eolas\",\"item\":\"https:\/\/dev.tg4.ie\/ga\/eolas\/\"},{\"@type\":\"ListItem\",\"position\":3,\"name\":\"Preas\",\"item\":\"https:\/\/dev.tg4.ie\/ga\/eolas\/preas\/\"},{\"@type\":\"ListItem\",\"position\":4,\"name\":\"Nuacht R\u00e1itis\",\"item\":\"https:\/\/dev.tg4.ie\/ga\/eolas\/preas\/nuacht-raitis\/\"},{\"@type\":\"ListItem\",\"position\":5,\"name\":\"2020\",\"item\":\"https:\/\/dev.tg4.ie\/ga\/eolas\/preas\/nuacht-raitis\/2020-2\/\"},{\"@type\":\"ListItem\",\"position\":6,\"name\":\"R\u00e9abhl\u00f3id GAA &#8211; sc\u00e9al na hiom\u00e1na\u00edochta sna n\u00f3chaid\u00ed\"}]},{\"@type\":\"WebSite\",\"@id\":\"https:\/\/dev.tg4.ie\/en\/#website\",\"url\":\"https:\/\/dev.tg4.ie\/en\/\",\"name\":\"TG4\",\"description\":\"S\u00fail Eile\",\"potentialAction\":[{\"@type\":\"SearchAction\",\"target\":{\"@type\":\"EntryPoint\",\"urlTemplate\":\"https:\/\/dev.tg4.ie\/en\/?s={search_term_string}\"},\"query-input\":\"required name=search_term_string\"}],\"inLanguage\":\"ga\"}]}<\/script>\n<!-- \/ Yoast SEO plugin. -->","yoast_head_json":{"title":"R\u00e9abhl\u00f3id GAA - sc\u00e9al na hiom\u00e1na\u00edochta sna n\u00f3chaid\u00ed | Preas R\u00e1iteas | TG4","robots":{"index":"index","follow":"follow","max-snippet":"max-snippet:-1","max-image-preview":"max-image-preview:large","max-video-preview":"max-video-preview:-1"},"og_locale":"en_US","og_type":"article","og_title":"R\u00e9abhl\u00f3id GAA - sc\u00e9al na hiom\u00e1na\u00edochta sna n\u00f3chaid\u00ed | Preas R\u00e1iteas | TG4","og_description":"&nbsp; &nbsp; Is cl\u00e1r faisn\u00e9ise \u00far-nua \u00e9 R\u00e9abhl\u00f3id GAA, a inseoidh sc\u00e9al na hiom\u00e1na\u00edochta sna n\u00f3chaid\u00ed, tr\u00e9imhse inar athra\u00edodh an sp\u00f3rt agus inar ceapadh \u00e9 i nd\u00e1ir\u00edre mar cluiche n\u00e1isi\u00fanta na t\u00edre. Is iad an tr\u00ed chontae Corcaigh, Cill Chainnigh agus Tiobraid \u00c1rann is m\u00f3 a bhfuil an duais mh\u00f3r bainte amach acu le breis [&hellip;]","og_url":"https:\/\/dev.tg4.ie\/ga\/eolas\/preas\/nuacht-raitis\/2020-2\/reabhloid-gaa-sceal-na-hiomanaiochta-sna-nochaidi\/","og_site_name":"TG4","article_publisher":"https:\/\/www.facebook.com\/TG4TV","article_modified_time":"2020-11-26T16:24:27+00:00","og_image":[{"width":1920,"height":1080,"url":"https:\/\/tg4-docs.s3.amazonaws.com\/tg4-redesign-2015\/wp-content\/uploads\/2020\/11\/Reabhloid_GAA_1_1920x1080.jpg","type":"image\/jpeg"}],"twitter_card":"summary_large_image","twitter_image":"https:\/\/tg4-docs.s3.amazonaws.com\/tg4-redesign-2015\/wp-content\/uploads\/2020\/11\/Reabhloid_GAA_1_1920x1080.jpg","twitter_site":"@TG4TV","twitter_misc":{"Est. reading time":"2 minutes"},"schema":{"@context":"https:\/\/schema.org","@graph":[{"@type":"WebPage","@id":"https:\/\/dev.tg4.ie\/ga\/eolas\/preas\/nuacht-raitis\/2020-2\/reabhloid-gaa-sceal-na-hiomanaiochta-sna-nochaidi\/","url":"https:\/\/dev.tg4.ie\/ga\/eolas\/preas\/nuacht-raitis\/2020-2\/reabhloid-gaa-sceal-na-hiomanaiochta-sna-nochaidi\/","name":"R\u00e9abhl\u00f3id GAA - sc\u00e9al na hiom\u00e1na\u00edochta sna n\u00f3chaid\u00ed | Preas R\u00e1iteas | TG4","isPartOf":{"@id":"https:\/\/dev.tg4.ie\/en\/#website"},"primaryImageOfPage":{"@id":"https:\/\/dev.tg4.ie\/ga\/eolas\/preas\/nuacht-raitis\/2020-2\/reabhloid-gaa-sceal-na-hiomanaiochta-sna-nochaidi\/#primaryimage"},"image":{"@id":"https:\/\/dev.tg4.ie\/ga\/eolas\/preas\/nuacht-raitis\/2020-2\/reabhloid-gaa-sceal-na-hiomanaiochta-sna-nochaidi\/#primaryimage"},"thumbnailUrl":"https:\/\/dev.tg4.ie\/wp-content\/uploads\/2020\/11\/Reabhloid_GAA_1_1920x1080.jpg","datePublished":"2020-11-26T14:51:04+00:00","dateModified":"2020-11-26T16:24:27+00:00","breadcrumb":{"@id":"https:\/\/dev.tg4.ie\/ga\/eolas\/preas\/nuacht-raitis\/2020-2\/reabhloid-gaa-sceal-na-hiomanaiochta-sna-nochaidi\/#breadcrumb"},"inLanguage":"ga","potentialAction":[{"@type":"ReadAction","target":["https:\/\/dev.tg4.ie\/ga\/eolas\/preas\/nuacht-raitis\/2020-2\/reabhloid-gaa-sceal-na-hiomanaiochta-sna-nochaidi\/"]}]},{"@type":"ImageObject","inLanguage":"ga","@id":"https:\/\/dev.tg4.ie\/ga\/eolas\/preas\/nuacht-raitis\/2020-2\/reabhloid-gaa-sceal-na-hiomanaiochta-sna-nochaidi\/#primaryimage","url":"https:\/\/dev.tg4.ie\/wp-content\/uploads\/2020\/11\/Reabhloid_GAA_1_1920x1080.jpg","contentUrl":"https:\/\/dev.tg4.ie\/wp-content\/uploads\/2020\/11\/Reabhloid_GAA_1_1920x1080.jpg"},{"@type":"BreadcrumbList","@id":"https:\/\/dev.tg4.ie\/ga\/eolas\/preas\/nuacht-raitis\/2020-2\/reabhloid-gaa-sceal-na-hiomanaiochta-sna-nochaidi\/#breadcrumb","itemListElement":[{"@type":"ListItem","position":1,"name":"Home","item":"https:\/\/dev.tg4.ie\/ga\/"},{"@type":"ListItem","position":2,"name":"Eolas","item":"https:\/\/dev.tg4.ie\/ga\/eolas\/"},{"@type":"ListItem","position":3,"name":"Preas","item":"https:\/\/dev.tg4.ie\/ga\/eolas\/preas\/"},{"@type":"ListItem","position":4,"name":"Nuacht R\u00e1itis","item":"https:\/\/dev.tg4.ie\/ga\/eolas\/preas\/nuacht-raitis\/"},{"@type":"ListItem","position":5,"name":"2020","item":"https:\/\/dev.tg4.ie\/ga\/eolas\/preas\/nuacht-raitis\/2020-2\/"},{"@type":"ListItem","position":6,"name":"R\u00e9abhl\u00f3id GAA &#8211; sc\u00e9al na hiom\u00e1na\u00edochta sna n\u00f3chaid\u00ed"}]},{"@type":"WebSite","@id":"https:\/\/dev.tg4.ie\/en\/#website","url":"https:\/\/dev.tg4.ie\/en\/","name":"TG4","description":"S\u00fail Eile","potentialAction":[{"@type":"SearchAction","target":{"@type":"EntryPoint","urlTemplate":"https:\/\/dev.tg4.ie\/en\/?s={search_term_string}"},"query-input":"required name=search_term_string"}],"inLanguage":"ga"}]}},"_links":{"self":[{"href":"https:\/\/dev.tg4.ie\/ga\/wp-json\/wp\/v2\/pages\/115125"}],"collection":[{"href":"https:\/\/dev.tg4.ie\/ga\/wp-json\/wp\/v2\/pages"}],"about":[{"href":"https:\/\/dev.tg4.ie\/ga\/wp-json\/wp\/v2\/types\/page"}],"author":[{"embeddable":true,"href":"https:\/\/dev.tg4.ie\/ga\/wp-json\/wp\/v2\/users\/876"}],"replies":[{"embeddable":true,"href":"https:\/\/dev.tg4.ie\/ga\/wp-json\/wp\/v2\/comments?post=115125"}],"version-history":[{"count":0,"href":"https:\/\/dev.tg4.ie\/ga\/wp-json\/wp\/v2\/pages\/115125\/revisions"}],"up":[{"embeddable":true,"href":"https:\/\/dev.tg4.ie\/ga\/wp-json\/wp\/v2\/pages\/111525"}],"wp:attachment":[{"href":"https:\/\/dev.tg4.ie\/ga\/wp-json\/wp\/v2\/media?parent=115125"}],"curies":[{"name":"wp","href":"https:\/\/api.w.org\/{rel}","templated":true}]}}