{"id":115179,"date":"2020-11-30T16:48:37","date_gmt":"2020-11-30T16:48:37","guid":{"rendered":"https:\/\/dev.tg4.ie\/?page_id=115179"},"modified":"2020-12-03T11:04:41","modified_gmt":"2020-12-03T11:04:41","slug":"samhlu-branda-nua-ealaine-idir-tg4-agus-clar-eire-ildanach-chun-tacu-le-healaiontoiri","status":"publish","type":"page","link":"https:\/\/dev.tg4.ie\/ga\/eolas\/preas\/nuacht-raitis\/2020-2\/samhlu-branda-nua-ealaine-idir-tg4-agus-clar-eire-ildanach-chun-tacu-le-healaiontoiri\/","title":{"rendered":"&#8216;Samhl\u00fa&#8217; &#8211; Branda nua eala\u00edne idir TG4 agus Cl\u00e1r \u00c9ire Ild\u00e1nach chun tac\u00fa le heala\u00edont\u00f3ir\u00ed"},"content":{"rendered":"<p><a href=\"https:\/\/tg4-docs.s3.amazonaws.com\/tg4-redesign-2015\/wp-content\/uploads\/2020\/11\/SAMHLU_2020_Tommy_Tiernan_1920x1080.jpg\"><img loading=\"lazy\" decoding=\"async\" width=\"1920\" height=\"1080\" src=\"https:\/\/tg4-docs.s3.amazonaws.com\/tg4-redesign-2015\/wp-content\/uploads\/2020\/11\/SAMHLU_2020_Tommy_Tiernan_1920x1080.jpg\" alt=\"\" class=\"alignnone size-full wp-image-115186\" srcset=\"https:\/\/tg4-docs.s3.amazonaws.com\/tg4-redesign-2015\/wp-content\/uploads\/2020\/11\/SAMHLU_2020_Tommy_Tiernan_1920x1080.jpg 1920w, https:\/\/tg4-docs.s3.amazonaws.com\/tg4-redesign-2015\/wp-content\/uploads\/2020\/11\/SAMHLU_2020_Tommy_Tiernan_1920x1080-250x141.jpg 250w, https:\/\/tg4-docs.s3.amazonaws.com\/tg4-redesign-2015\/wp-content\/uploads\/2020\/11\/SAMHLU_2020_Tommy_Tiernan_1920x1080-700x394.jpg 700w, https:\/\/tg4-docs.s3.amazonaws.com\/tg4-redesign-2015\/wp-content\/uploads\/2020\/11\/SAMHLU_2020_Tommy_Tiernan_1920x1080-252x141.jpg 252w, https:\/\/tg4-docs.s3.amazonaws.com\/tg4-redesign-2015\/wp-content\/uploads\/2020\/11\/SAMHLU_2020_Tommy_Tiernan_1920x1080-1536x864.jpg 1536w, https:\/\/tg4-docs.s3.amazonaws.com\/tg4-redesign-2015\/wp-content\/uploads\/2020\/11\/SAMHLU_2020_Tommy_Tiernan_1920x1080-120x68.jpg 120w\" sizes=\"(max-width: 1920px) 100vw, 1920px\" \/><\/a><br \/>\n&nbsp;<\/p>\n<h3 style=\"text-align:center;\">Cuireann TG4 agus Cl\u00e1r \u00c9ire Ild\u00e1nach<\/h3>\n<p><img loading=\"lazy\" decoding=\"async\" width=\"1920\" height=\"454\" src=\"https:\/\/tg4-docs.s3.amazonaws.com\/tg4-redesign-2015\/wp-content\/uploads\/2020\/11\/Logo-Samhlu.png\" alt=\"\" class=\"alignnone size-full wp-image-115180\" srcset=\"https:\/\/tg4-docs.s3.amazonaws.com\/tg4-redesign-2015\/wp-content\/uploads\/2020\/11\/Logo-Samhlu.png 1920w, https:\/\/tg4-docs.s3.amazonaws.com\/tg4-redesign-2015\/wp-content\/uploads\/2020\/11\/Logo-Samhlu-250x59.png 250w, https:\/\/tg4-docs.s3.amazonaws.com\/tg4-redesign-2015\/wp-content\/uploads\/2020\/11\/Logo-Samhlu-700x166.png 700w, https:\/\/tg4-docs.s3.amazonaws.com\/tg4-redesign-2015\/wp-content\/uploads\/2020\/11\/Logo-Samhlu-252x60.png 252w, https:\/\/tg4-docs.s3.amazonaws.com\/tg4-redesign-2015\/wp-content\/uploads\/2020\/11\/Logo-Samhlu-1536x363.png 1536w, https:\/\/tg4-docs.s3.amazonaws.com\/tg4-redesign-2015\/wp-content\/uploads\/2020\/11\/Logo-Samhlu-120x28.png 120w\" sizes=\"(max-width: 1920px) 100vw, 1920px\" \/><\/p>\n<h3 style=\"text-align:center;\">Eala\u00edn na Samhla\u00edochta i l\u00e1thair<\/h3>\n<p>&nbsp;<\/p>\n<div style=\"position: relative; overflow: auto; width: 100%; padding-bottom: 56.25%;\"><iframe loading=\"lazy\" src=\"https:\/\/www.youtube.com\/embed\/2c_e7ajjNWc\" width=\"100%\" height=\"100%\" frameborder=\"0\" scrolling=\"no\" allowFullscreen=\"true\" style=\"position: absolute; top: 0px; display: block;\"><\/iframe><\/div>\n<p>&nbsp;<\/p>\n<p>Ard\u00e1n cult\u00fair cinni\u00fanach \u00e9 <strong>Samhl\u00fa<\/strong> chun gaisc\u00ed agus cruthaitheacht eala\u00edonta at\u00e1 tagtha chun cinn ar fud na h\u00c9ireann a cheili\u00faradh, c\u00e9 gur bliain thar a bheith d\u00fashl\u00e1nach a bh\u00ed inti.  Bh\u00ed tionchar m\u00f3r ag COVID-19 agus na srianta \u00e9ags\u00fala a bh\u00ed ar theacht le ch\u00e9ile poibl\u00ed ar shaol na n-eala\u00edon, an chult\u00fair agus na siamsa\u00edochta.<br \/>\n&nbsp;<\/p>\n<p>F\u00e1ilt\u00edonn TG4 agus Cl\u00e1r \u00c9ire Ild\u00e1nach na Roinne Turas\u00f3ireachta, Cult\u00fair, Eala\u00edon, Gaeltachta, Sp\u00f3irt agus Me\u00e1n roimh an deis seo le dl\u00fathph\u00e1irt\u00edocht agus taca\u00edocht a thabhairt d&#8217;aos d\u00e1na na h\u00c9ireann tr\u00edd an ard\u00e1n nua cult\u00fair seo.<br \/>\n&nbsp;<\/p>\n<p>D\u00fairt an tAire Catherine Martin said <em>&#8220;Samhl\u00fa! N\u00ed fh\u00e9adfadh an glao iontach seo len\u00e1r saol a athshamhl\u00fa teacht ag am n\u00edos fearr.  Tabharfaidh an cl\u00e1r dra\u00edocht\u00fail seo ard\u00fa cro\u00ed d\u00fainn i l\u00e1r an gheimhridh i ndiaidh bliain thar a bheith deacair. Faoi sti\u00fair roinnt de na daoine is fearr aithne i saol cult\u00fair na h\u00c9ireann, is ceili\u00faradh \u00e9 Samhl\u00fa ar na nithe iontacha go l\u00e9ir a chuireann \u00e1r gcuid eala\u00edont\u00f3ir\u00ed ar f\u00e1il d\u00fainn ar an saol seo. Thar ceann mo Roinne, ba mhaith liom comhghairdeas a dh\u00e9anamh le TG4 agus leis na heala\u00edont\u00f3ir\u00ed a raibh baint acu le Samhl\u00fa a dh\u00e9anamh. Is comhartha \u00f3m\u00f3is \u00e9 an cl\u00e1r iontach seo ar fhairsing a samhla\u00edochta agus a mbearta\u00edocht cruthaitheach.&#8221;<\/em><br \/>\n&nbsp;<\/p>\n<p>Is \u00e9ard a d\u00fairt Proinsias N\u00ed Ghr\u00e1inne, Eagarth\u00f3ir Coimisi\u00fanaithe Samhl\u00fa 2020 <em>&#8220;Treis\u00edonn an ceili\u00faradh seo ar &#8216;Samhl\u00fa&#8217; bliain de chl\u00e1racha bre\u00e1tha eala\u00edon agus cult\u00fair do TG4.  B\u00edonn an pobal agus an chruthaitheacht ag cro\u00edl\u00e1r gach a nd\u00e9anann TG4 i gc\u00f3na\u00ed.  N\u00ed raibh daoine, an chruthaitheacht agus an fholl\u00e1ine chomh nasctha riamh is a bh\u00ed siad le naoi m\u00ed. T\u00e1 \u00e1thas orainn a bheith ag obair i gcomhar le h\u00c9ire Ild\u00e1nach chun go mbeidh teacht ag an bpobal ar ghaisc\u00ed agus shamhla\u00edocht chruthaitheach ar fud na h\u00c9ireann, togra\u00ed a bhain saol-dheimhni\u00fa leo i mbliain ar leith don phobal agus do dhaoine aonair.&#8221;<\/em><br \/>\n&nbsp;<\/p>\n<p>T\u00e1 dh\u00e1 ghn\u00e9 ag baint le <strong>Samhl\u00fa<\/strong> lena n-\u00e1ir\u00edtear cl\u00e1r 90 n\u00f3im\u00e9ad a bheidh le craoladh ar TG4 ar an 15 Nollaig <strong>Samhl\u00fa 2020<\/strong>, agus <strong>Samhl\u00fa Cro\u00ed Cruthaitheach<\/strong>, s\u00e9as\u00far de dh\u00e1 scann\u00e1n gearrfhoirme d\u00e9ag coimisi\u00fanaithe a chraolfar go tr\u00e9imhsi\u00fail le linn na bliana 2021.<br \/>\n&nbsp;<\/p>\n<p>T\u00e1 an cl\u00e1r <strong>Samhl\u00fa 2020<\/strong> suite sna ceantair \u00e1ille timpeall ar Chloch na R\u00f3n i gConamara, Co. na Gaillimhe. Is \u00e9 <strong>Tommy Tiernan<\/strong>, a mbeidh r\u00f3l an fh\u00e1na\u00ed aige, a chuirfidh an se\u00f3 i l\u00e1thair. Tabharfaidh s\u00e9 an lucht f\u00e9achana ar aistear gliondrach agus dra\u00edocht\u00fail de cheol, damhsa agus amharclanna\u00edocht.<br \/>\n&nbsp;<br \/>\nFeicfear bunsaothar nua <strong>Bill Whelan<\/strong>, an cumad\u00f3ir a bhfuil c\u00e1il ar fud an domhain air agus at\u00e1 ina ch\u00f3na\u00ed i gCloch na R\u00f3n, &#8216;Samhl\u00fa&#8217; den ch\u00e9ad uair sa chraolach\u00e1n seo. Beidh <strong>Shane Hennessey, Moxie, Slow Moving Clouds, Julie Feeney, Morgan Bullock, David Geaney, R\u00f3n\u00e1n \u00d3 Snodaigh, Varo agus Tonnta<\/strong> ar an gcl\u00e1r chomh maith.<br \/>\n&nbsp;<\/p>\n<p>Rogha de scann\u00e1in faisn\u00e9ise gearrfhoirme nua \u00e9 <strong>Samhl\u00fa Cro\u00ed Cruthaitheach<\/strong> a mbeidh eala\u00edont\u00f3ir\u00ed agus aos d\u00e1na \u00f3 ar fud na h\u00c9ireann p\u00e1irteach ann. Fiosr\u00f3idh na gearrscann\u00e1in st\u00edlithe na tionchair a bh\u00ed ar an saothar at\u00e1 d\u00e9anta ag an aos d\u00e1na in \u00c9irinn. Tr\u00edd na scann\u00e1in seo, gheobhaidh an lucht f\u00e9achana l\u00e9argas nua agus mionsonraithe ar mar a ullmha\u00edonn an t-eala\u00edont\u00f3ir \u00e9 f\u00e9in agus mar a dh\u00e9anann s\u00e9 a chuid saothair a fhorbairt i bhfoirm st\u00edlithe dh\u00edlis.<br \/>\n&nbsp;<\/p>\n<p>Craolfar Samhl\u00fa 2020 ar TG4 D\u00e9 M\u00e1irt an 15 Nollaig ag 9:30pm agus beidh daoine ar fud an domhain \u00e1balta f\u00e9achaint air ar Sheinnteoir TG4 <a href=\"https:\/\/dev.tg4.ie\" rel=\"noopener noreferrer\" target=\"_blank\">www.tg4.ie<\/a><br \/>\n&nbsp;<\/p>\n<p>Cuirfear t\u00fas le craoladh Samhl\u00fa Cro\u00ed Cruthaitheach \u00f3n 6 Ean\u00e1ir 2021.<br \/>\n&nbsp;<\/p>\n<p>B\u00edg\u00ed ag caint linn: <strong>#Samhl\u00fa<\/strong><br \/>\n&nbsp;<br \/>\n&nbsp;<\/p>\n","protected":false},"excerpt":{"rendered":"<p>&nbsp; Cuireann TG4 agus Cl\u00e1r \u00c9ire Ild\u00e1nach Eala\u00edn na Samhla\u00edochta i l\u00e1thair &nbsp; &nbsp; Ard\u00e1n cult\u00fair cinni\u00fanach \u00e9 Samhl\u00fa chun gaisc\u00ed agus cruthaitheacht eala\u00edonta at\u00e1 tagtha chun cinn ar fud na h\u00c9ireann a cheili\u00faradh, c\u00e9 gur bliain thar a bheith d\u00fashl\u00e1nach a bh\u00ed inti. Bh\u00ed tionchar m\u00f3r ag COVID-19 agus na srianta \u00e9ags\u00fala a bh\u00ed [&hellip;]<\/p>\n","protected":false},"author":876,"featured_media":0,"parent":111525,"menu_order":56,"comment_status":"closed","ping_status":"closed","template":"page-templates\/template-pr.php","meta":{"_acf_changed":false,"footnotes":""},"acf":[],"yoast_head":"<!-- This site is optimized with the Yoast SEO plugin v22.6 - https:\/\/yoast.com\/wordpress\/plugins\/seo\/ -->\n<title>&#039;Samhl\u00fa&#039; - Branda nua eala\u00edne idir TG4 agus Cl\u00e1r \u00c9ire Ild\u00e1nach chun tac\u00fa le heala\u00edont\u00f3ir\u00ed | Preas R\u00e1iteas | TG4<\/title>\n<meta name=\"robots\" content=\"index, follow, max-snippet:-1, max-image-preview:large, max-video-preview:-1\" \/>\n<meta property=\"og:locale\" content=\"en_US\" \/>\n<meta property=\"og:type\" content=\"article\" \/>\n<meta property=\"og:title\" content=\"&#039;Samhl\u00fa&#039; - Branda nua eala\u00edne idir TG4 agus Cl\u00e1r \u00c9ire Ild\u00e1nach chun tac\u00fa le heala\u00edont\u00f3ir\u00ed | Preas R\u00e1iteas | TG4\" \/>\n<meta property=\"og:description\" content=\"&nbsp; Cuireann TG4 agus Cl\u00e1r \u00c9ire Ild\u00e1nach Eala\u00edn na Samhla\u00edochta i l\u00e1thair &nbsp; &nbsp; Ard\u00e1n cult\u00fair cinni\u00fanach \u00e9 Samhl\u00fa chun gaisc\u00ed agus cruthaitheacht eala\u00edonta at\u00e1 tagtha chun cinn ar fud na h\u00c9ireann a cheili\u00faradh, c\u00e9 gur bliain thar a bheith d\u00fashl\u00e1nach a bh\u00ed inti. Bh\u00ed tionchar m\u00f3r ag COVID-19 agus na srianta \u00e9ags\u00fala a bh\u00ed [&hellip;]\" \/>\n<meta property=\"og:url\" content=\"https:\/\/dev.tg4.ie\/ga\/eolas\/preas\/nuacht-raitis\/2020-2\/samhlu-branda-nua-ealaine-idir-tg4-agus-clar-eire-ildanach-chun-tacu-le-healaiontoiri\/\" \/>\n<meta property=\"og:site_name\" content=\"TG4\" \/>\n<meta property=\"article:publisher\" content=\"https:\/\/www.facebook.com\/TG4TV\" \/>\n<meta property=\"article:modified_time\" content=\"2020-12-03T11:04:41+00:00\" \/>\n<meta property=\"og:image\" content=\"https:\/\/tg4-docs.s3.amazonaws.com\/tg4-redesign-2015\/wp-content\/uploads\/2020\/11\/SAMHLU_2020_Tommy_Tiernan_1920x1080.jpg\" \/>\n\t<meta property=\"og:image:width\" content=\"1920\" \/>\n\t<meta property=\"og:image:height\" content=\"1080\" \/>\n\t<meta property=\"og:image:type\" content=\"image\/jpeg\" \/>\n<meta name=\"twitter:card\" content=\"summary_large_image\" \/>\n<meta name=\"twitter:image\" content=\"https:\/\/tg4-docs.s3.amazonaws.com\/tg4-redesign-2015\/wp-content\/uploads\/2020\/11\/SAMHLU_2020_Tommy_Tiernan_1920x1080.jpg\" \/>\n<meta name=\"twitter:site\" content=\"@TG4TV\" \/>\n<meta name=\"twitter:label1\" content=\"Est. reading time\" \/>\n\t<meta name=\"twitter:data1\" content=\"4 minutes\" \/>\n<script type=\"application\/ld+json\" class=\"yoast-schema-graph\">{\"@context\":\"https:\/\/schema.org\",\"@graph\":[{\"@type\":\"WebPage\",\"@id\":\"https:\/\/dev.tg4.ie\/ga\/eolas\/preas\/nuacht-raitis\/2020-2\/samhlu-branda-nua-ealaine-idir-tg4-agus-clar-eire-ildanach-chun-tacu-le-healaiontoiri\/\",\"url\":\"https:\/\/dev.tg4.ie\/ga\/eolas\/preas\/nuacht-raitis\/2020-2\/samhlu-branda-nua-ealaine-idir-tg4-agus-clar-eire-ildanach-chun-tacu-le-healaiontoiri\/\",\"name\":\"'Samhl\u00fa' - Branda nua eala\u00edne idir TG4 agus Cl\u00e1r \u00c9ire Ild\u00e1nach chun tac\u00fa le heala\u00edont\u00f3ir\u00ed | Preas R\u00e1iteas | TG4\",\"isPartOf\":{\"@id\":\"https:\/\/dev.tg4.ie\/en\/#website\"},\"primaryImageOfPage\":{\"@id\":\"https:\/\/dev.tg4.ie\/ga\/eolas\/preas\/nuacht-raitis\/2020-2\/samhlu-branda-nua-ealaine-idir-tg4-agus-clar-eire-ildanach-chun-tacu-le-healaiontoiri\/#primaryimage\"},\"image\":{\"@id\":\"https:\/\/dev.tg4.ie\/ga\/eolas\/preas\/nuacht-raitis\/2020-2\/samhlu-branda-nua-ealaine-idir-tg4-agus-clar-eire-ildanach-chun-tacu-le-healaiontoiri\/#primaryimage\"},\"thumbnailUrl\":\"https:\/\/dev.tg4.ie\/wp-content\/uploads\/2020\/11\/SAMHLU_2020_Tommy_Tiernan_1920x1080.jpg\",\"datePublished\":\"2020-11-30T16:48:37+00:00\",\"dateModified\":\"2020-12-03T11:04:41+00:00\",\"breadcrumb\":{\"@id\":\"https:\/\/dev.tg4.ie\/ga\/eolas\/preas\/nuacht-raitis\/2020-2\/samhlu-branda-nua-ealaine-idir-tg4-agus-clar-eire-ildanach-chun-tacu-le-healaiontoiri\/#breadcrumb\"},\"inLanguage\":\"ga\",\"potentialAction\":[{\"@type\":\"ReadAction\",\"target\":[\"https:\/\/dev.tg4.ie\/ga\/eolas\/preas\/nuacht-raitis\/2020-2\/samhlu-branda-nua-ealaine-idir-tg4-agus-clar-eire-ildanach-chun-tacu-le-healaiontoiri\/\"]}]},{\"@type\":\"ImageObject\",\"inLanguage\":\"ga\",\"@id\":\"https:\/\/dev.tg4.ie\/ga\/eolas\/preas\/nuacht-raitis\/2020-2\/samhlu-branda-nua-ealaine-idir-tg4-agus-clar-eire-ildanach-chun-tacu-le-healaiontoiri\/#primaryimage\",\"url\":\"https:\/\/dev.tg4.ie\/wp-content\/uploads\/2020\/11\/SAMHLU_2020_Tommy_Tiernan_1920x1080.jpg\",\"contentUrl\":\"https:\/\/dev.tg4.ie\/wp-content\/uploads\/2020\/11\/SAMHLU_2020_Tommy_Tiernan_1920x1080.jpg\"},{\"@type\":\"BreadcrumbList\",\"@id\":\"https:\/\/dev.tg4.ie\/ga\/eolas\/preas\/nuacht-raitis\/2020-2\/samhlu-branda-nua-ealaine-idir-tg4-agus-clar-eire-ildanach-chun-tacu-le-healaiontoiri\/#breadcrumb\",\"itemListElement\":[{\"@type\":\"ListItem\",\"position\":1,\"name\":\"Home\",\"item\":\"https:\/\/dev.tg4.ie\/ga\/\"},{\"@type\":\"ListItem\",\"position\":2,\"name\":\"Eolas\",\"item\":\"https:\/\/dev.tg4.ie\/ga\/eolas\/\"},{\"@type\":\"ListItem\",\"position\":3,\"name\":\"Preas\",\"item\":\"https:\/\/dev.tg4.ie\/ga\/eolas\/preas\/\"},{\"@type\":\"ListItem\",\"position\":4,\"name\":\"Nuacht R\u00e1itis\",\"item\":\"https:\/\/dev.tg4.ie\/ga\/eolas\/preas\/nuacht-raitis\/\"},{\"@type\":\"ListItem\",\"position\":5,\"name\":\"2020\",\"item\":\"https:\/\/dev.tg4.ie\/ga\/eolas\/preas\/nuacht-raitis\/2020-2\/\"},{\"@type\":\"ListItem\",\"position\":6,\"name\":\"&#8216;Samhl\u00fa&#8217; &#8211; Branda nua eala\u00edne idir TG4 agus Cl\u00e1r \u00c9ire Ild\u00e1nach chun tac\u00fa le heala\u00edont\u00f3ir\u00ed\"}]},{\"@type\":\"WebSite\",\"@id\":\"https:\/\/dev.tg4.ie\/en\/#website\",\"url\":\"https:\/\/dev.tg4.ie\/en\/\",\"name\":\"TG4\",\"description\":\"S\u00fail Eile\",\"potentialAction\":[{\"@type\":\"SearchAction\",\"target\":{\"@type\":\"EntryPoint\",\"urlTemplate\":\"https:\/\/dev.tg4.ie\/en\/?s={search_term_string}\"},\"query-input\":\"required name=search_term_string\"}],\"inLanguage\":\"ga\"}]}<\/script>\n<!-- \/ Yoast SEO plugin. -->","yoast_head_json":{"title":"'Samhl\u00fa' - Branda nua eala\u00edne idir TG4 agus Cl\u00e1r \u00c9ire Ild\u00e1nach chun tac\u00fa le heala\u00edont\u00f3ir\u00ed | Preas R\u00e1iteas | TG4","robots":{"index":"index","follow":"follow","max-snippet":"max-snippet:-1","max-image-preview":"max-image-preview:large","max-video-preview":"max-video-preview:-1"},"og_locale":"en_US","og_type":"article","og_title":"'Samhl\u00fa' - Branda nua eala\u00edne idir TG4 agus Cl\u00e1r \u00c9ire Ild\u00e1nach chun tac\u00fa le heala\u00edont\u00f3ir\u00ed | Preas R\u00e1iteas | TG4","og_description":"&nbsp; Cuireann TG4 agus Cl\u00e1r \u00c9ire Ild\u00e1nach Eala\u00edn na Samhla\u00edochta i l\u00e1thair &nbsp; &nbsp; Ard\u00e1n cult\u00fair cinni\u00fanach \u00e9 Samhl\u00fa chun gaisc\u00ed agus cruthaitheacht eala\u00edonta at\u00e1 tagtha chun cinn ar fud na h\u00c9ireann a cheili\u00faradh, c\u00e9 gur bliain thar a bheith d\u00fashl\u00e1nach a bh\u00ed inti. Bh\u00ed tionchar m\u00f3r ag COVID-19 agus na srianta \u00e9ags\u00fala a bh\u00ed [&hellip;]","og_url":"https:\/\/dev.tg4.ie\/ga\/eolas\/preas\/nuacht-raitis\/2020-2\/samhlu-branda-nua-ealaine-idir-tg4-agus-clar-eire-ildanach-chun-tacu-le-healaiontoiri\/","og_site_name":"TG4","article_publisher":"https:\/\/www.facebook.com\/TG4TV","article_modified_time":"2020-12-03T11:04:41+00:00","og_image":[{"width":1920,"height":1080,"url":"https:\/\/tg4-docs.s3.amazonaws.com\/tg4-redesign-2015\/wp-content\/uploads\/2020\/11\/SAMHLU_2020_Tommy_Tiernan_1920x1080.jpg","type":"image\/jpeg"}],"twitter_card":"summary_large_image","twitter_image":"https:\/\/tg4-docs.s3.amazonaws.com\/tg4-redesign-2015\/wp-content\/uploads\/2020\/11\/SAMHLU_2020_Tommy_Tiernan_1920x1080.jpg","twitter_site":"@TG4TV","twitter_misc":{"Est. reading time":"4 minutes"},"schema":{"@context":"https:\/\/schema.org","@graph":[{"@type":"WebPage","@id":"https:\/\/dev.tg4.ie\/ga\/eolas\/preas\/nuacht-raitis\/2020-2\/samhlu-branda-nua-ealaine-idir-tg4-agus-clar-eire-ildanach-chun-tacu-le-healaiontoiri\/","url":"https:\/\/dev.tg4.ie\/ga\/eolas\/preas\/nuacht-raitis\/2020-2\/samhlu-branda-nua-ealaine-idir-tg4-agus-clar-eire-ildanach-chun-tacu-le-healaiontoiri\/","name":"'Samhl\u00fa' - Branda nua eala\u00edne idir TG4 agus Cl\u00e1r \u00c9ire Ild\u00e1nach chun tac\u00fa le heala\u00edont\u00f3ir\u00ed | Preas R\u00e1iteas | TG4","isPartOf":{"@id":"https:\/\/dev.tg4.ie\/en\/#website"},"primaryImageOfPage":{"@id":"https:\/\/dev.tg4.ie\/ga\/eolas\/preas\/nuacht-raitis\/2020-2\/samhlu-branda-nua-ealaine-idir-tg4-agus-clar-eire-ildanach-chun-tacu-le-healaiontoiri\/#primaryimage"},"image":{"@id":"https:\/\/dev.tg4.ie\/ga\/eolas\/preas\/nuacht-raitis\/2020-2\/samhlu-branda-nua-ealaine-idir-tg4-agus-clar-eire-ildanach-chun-tacu-le-healaiontoiri\/#primaryimage"},"thumbnailUrl":"https:\/\/dev.tg4.ie\/wp-content\/uploads\/2020\/11\/SAMHLU_2020_Tommy_Tiernan_1920x1080.jpg","datePublished":"2020-11-30T16:48:37+00:00","dateModified":"2020-12-03T11:04:41+00:00","breadcrumb":{"@id":"https:\/\/dev.tg4.ie\/ga\/eolas\/preas\/nuacht-raitis\/2020-2\/samhlu-branda-nua-ealaine-idir-tg4-agus-clar-eire-ildanach-chun-tacu-le-healaiontoiri\/#breadcrumb"},"inLanguage":"ga","potentialAction":[{"@type":"ReadAction","target":["https:\/\/dev.tg4.ie\/ga\/eolas\/preas\/nuacht-raitis\/2020-2\/samhlu-branda-nua-ealaine-idir-tg4-agus-clar-eire-ildanach-chun-tacu-le-healaiontoiri\/"]}]},{"@type":"ImageObject","inLanguage":"ga","@id":"https:\/\/dev.tg4.ie\/ga\/eolas\/preas\/nuacht-raitis\/2020-2\/samhlu-branda-nua-ealaine-idir-tg4-agus-clar-eire-ildanach-chun-tacu-le-healaiontoiri\/#primaryimage","url":"https:\/\/dev.tg4.ie\/wp-content\/uploads\/2020\/11\/SAMHLU_2020_Tommy_Tiernan_1920x1080.jpg","contentUrl":"https:\/\/dev.tg4.ie\/wp-content\/uploads\/2020\/11\/SAMHLU_2020_Tommy_Tiernan_1920x1080.jpg"},{"@type":"BreadcrumbList","@id":"https:\/\/dev.tg4.ie\/ga\/eolas\/preas\/nuacht-raitis\/2020-2\/samhlu-branda-nua-ealaine-idir-tg4-agus-clar-eire-ildanach-chun-tacu-le-healaiontoiri\/#breadcrumb","itemListElement":[{"@type":"ListItem","position":1,"name":"Home","item":"https:\/\/dev.tg4.ie\/ga\/"},{"@type":"ListItem","position":2,"name":"Eolas","item":"https:\/\/dev.tg4.ie\/ga\/eolas\/"},{"@type":"ListItem","position":3,"name":"Preas","item":"https:\/\/dev.tg4.ie\/ga\/eolas\/preas\/"},{"@type":"ListItem","position":4,"name":"Nuacht R\u00e1itis","item":"https:\/\/dev.tg4.ie\/ga\/eolas\/preas\/nuacht-raitis\/"},{"@type":"ListItem","position":5,"name":"2020","item":"https:\/\/dev.tg4.ie\/ga\/eolas\/preas\/nuacht-raitis\/2020-2\/"},{"@type":"ListItem","position":6,"name":"&#8216;Samhl\u00fa&#8217; &#8211; Branda nua eala\u00edne idir TG4 agus Cl\u00e1r \u00c9ire Ild\u00e1nach chun tac\u00fa le heala\u00edont\u00f3ir\u00ed"}]},{"@type":"WebSite","@id":"https:\/\/dev.tg4.ie\/en\/#website","url":"https:\/\/dev.tg4.ie\/en\/","name":"TG4","description":"S\u00fail Eile","potentialAction":[{"@type":"SearchAction","target":{"@type":"EntryPoint","urlTemplate":"https:\/\/dev.tg4.ie\/en\/?s={search_term_string}"},"query-input":"required name=search_term_string"}],"inLanguage":"ga"}]}},"_links":{"self":[{"href":"https:\/\/dev.tg4.ie\/ga\/wp-json\/wp\/v2\/pages\/115179"}],"collection":[{"href":"https:\/\/dev.tg4.ie\/ga\/wp-json\/wp\/v2\/pages"}],"about":[{"href":"https:\/\/dev.tg4.ie\/ga\/wp-json\/wp\/v2\/types\/page"}],"author":[{"embeddable":true,"href":"https:\/\/dev.tg4.ie\/ga\/wp-json\/wp\/v2\/users\/876"}],"replies":[{"embeddable":true,"href":"https:\/\/dev.tg4.ie\/ga\/wp-json\/wp\/v2\/comments?post=115179"}],"version-history":[{"count":0,"href":"https:\/\/dev.tg4.ie\/ga\/wp-json\/wp\/v2\/pages\/115179\/revisions"}],"up":[{"embeddable":true,"href":"https:\/\/dev.tg4.ie\/ga\/wp-json\/wp\/v2\/pages\/111525"}],"wp:attachment":[{"href":"https:\/\/dev.tg4.ie\/ga\/wp-json\/wp\/v2\/media?parent=115179"}],"curies":[{"name":"wp","href":"https:\/\/api.w.org\/{rel}","templated":true}]}}