{"id":115193,"date":"2020-12-01T12:13:31","date_gmt":"2020-12-01T12:13:31","guid":{"rendered":"https:\/\/dev.tg4.ie\/?page_id=115193"},"modified":"2020-12-01T12:14:34","modified_gmt":"2020-12-01T12:14:34","slug":"laithreoiri-aimsire-nua-ar-tg4","status":"publish","type":"page","link":"https:\/\/dev.tg4.ie\/ga\/eolas\/preas\/nuacht-raitis\/2020-2\/laithreoiri-aimsire-nua-ar-tg4\/","title":{"rendered":"L\u00e1ithreoir\u00ed Aimsire Nua ar TG4"},"content":{"rendered":"<p>T\u00e1 beirt l\u00e1ithreoir\u00ed nua ar fhoireann aimsire agus lean\u00fanachais TG4.<\/p>\n<p>Is iad sin Darren \u00d3 Dubhg\u00e1in as D\u00fan na nGall agus Donncha \u00d3 Murch\u00fa as Baile \u00c1tha Cliath.<br \/>\n&nbsp;<br \/>\n<a href=\"https:\/\/tg4-docs.s3.amazonaws.com\/tg4-redesign-2015\/wp-content\/uploads\/2020\/12\/Laithreoiri_Nua_Donncha_Darren_1_1920x1080.jpg\"><img loading=\"lazy\" decoding=\"async\" width=\"1920\" height=\"1080\" src=\"https:\/\/tg4-docs.s3.amazonaws.com\/tg4-redesign-2015\/wp-content\/uploads\/2020\/12\/Laithreoiri_Nua_Donncha_Darren_1_1920x1080.jpg\" alt=\"\" class=\"alignnone size-full wp-image-115195\" srcset=\"https:\/\/tg4-docs.s3.amazonaws.com\/tg4-redesign-2015\/wp-content\/uploads\/2020\/12\/Laithreoiri_Nua_Donncha_Darren_1_1920x1080.jpg 1920w, https:\/\/tg4-docs.s3.amazonaws.com\/tg4-redesign-2015\/wp-content\/uploads\/2020\/12\/Laithreoiri_Nua_Donncha_Darren_1_1920x1080-250x141.jpg 250w, https:\/\/tg4-docs.s3.amazonaws.com\/tg4-redesign-2015\/wp-content\/uploads\/2020\/12\/Laithreoiri_Nua_Donncha_Darren_1_1920x1080-700x394.jpg 700w, https:\/\/tg4-docs.s3.amazonaws.com\/tg4-redesign-2015\/wp-content\/uploads\/2020\/12\/Laithreoiri_Nua_Donncha_Darren_1_1920x1080-252x141.jpg 252w, https:\/\/tg4-docs.s3.amazonaws.com\/tg4-redesign-2015\/wp-content\/uploads\/2020\/12\/Laithreoiri_Nua_Donncha_Darren_1_1920x1080-1536x864.jpg 1536w, https:\/\/tg4-docs.s3.amazonaws.com\/tg4-redesign-2015\/wp-content\/uploads\/2020\/12\/Laithreoiri_Nua_Donncha_Darren_1_1920x1080-120x68.jpg 120w\" sizes=\"(max-width: 1920px) 100vw, 1920px\" \/><\/a><br \/>\n<sup>Pic: Donncha &#038; Darren<\/sup><br \/>\n&nbsp;<\/p>\n<p>Is as Gort an Choirce, i bpar\u00f3iste Chloich Cheann Fhaola, i nGaeltacht Dh\u00fan na nGall do <strong>Darren \u00d3 Dubhg\u00e1in<\/strong> agus bh\u00ed s\u00e9 ag obair ina Chomhordaitheoir Me\u00e1n S\u00f3isialta le cl\u00e1r leana\u00ed an st\u00e1isi\u00fain, C\u00fala4, agus t\u00e1 s\u00e9 ag bogadh anois \u00f3 bheith ag obair sa ch\u00falra go dt\u00ed os comhair an cheamara.<br \/>\n&nbsp;<br \/>\nD\u2019fhreastail Darren ar Scoil N\u00e1isi\u00fanta Chnoc na Naomh agus ina dhiaidh sin Pobalscoil Chloich Cheann Fhaola. Rinne s\u00e9 staid\u00e9ar in Ollscoil N\u00e1isi\u00fanta na h\u00c9ireann, Gaillimh \u00e1it ar bhain s\u00e9 C\u00e9im BA amach (Gaeilge agus Gearm\u00e1inis) agus MA (Cleachtas Me\u00e1n Gairmi\u00fail).<br \/>\n&nbsp;<br \/>\nAg labhairt faoina chuid oibre le TG4 deir Darren, <em>\u201cT\u00e1 s\u00e9 dochreidte agus bainim an-taitneamh as! N\u00edor cheap m\u00e9 riamh go mbeadh an deis agam obair a fh\u00e1il i mo theanga dh\u00fachais i mo l\u00e1ithreoir aimsire ar TG4.\u201d<\/em> N\u00edos m\u00f3 n\u00e1 aon rud eile, is bre\u00e1 le Darren am a chaitheamh lena theaghlach ar Thora\u00ed. Is aoibhinn leis dul go Tora\u00ed nuair a bh\u00edonn an deis aige agus sult a bhaint as an cheol, an chraic, an chuideachta agus \u00e1illeacht an oile\u00e1in.<br \/>\n&nbsp;<br \/>\nT\u00e1 <strong>Donncha \u00d3 Murch\u00fa<\/strong>, arb as Cill Mochuda, i mBaile \u00c1tha Cliath d\u00f3, ina bhall d\u2019fhoireann aimsire TG4. D\u2019fhreastail s\u00e9 ar Chol\u00e1iste Eoin sula ndeachaigh s\u00e9 go UCD chun staid\u00e9ar a dh\u00e9anamh ar an nGaeilge agus an stair. T\u00e1 an Ghaeilge go m\u00f3r i gcro\u00edl\u00e1r gach a bhfuil d\u00e9anta aige \u00f3 d\u2019fh\u00e1g s\u00e9 an scoil.<br \/>\n&nbsp;<br \/>\nChaith s\u00e9 c\u00fapla bliain ag m\u00faineadh na teanga, sula ndeachaigh s\u00e9 go Montana, sna St\u00e1it Aontaithe, chun teanga agus cult\u00far na Gaeilge a chur chun cinn in Ollscoil Montana, i gcathair Missoula. Nuair a th\u00e1inig s\u00e9 abhaile, ghlac s\u00e9 r\u00f3l ina Chomhordaitheoir Me\u00e1n S\u00f3isialta le Molsc\u00e9al, ar TG4. Agus \u00e9 ag tos\u00fa ina r\u00f3l nua ar TG4 deir Donncha, <em>\u201cBliain \u00f3 shin, n\u00ed fh\u00e9adfainn a shamhl\u00fa go mbeinn \u00e1 dh\u00e9anamh seo. Is jab iontach \u00e9 agus t\u00e1im f\u00edor-bhu\u00edoch gur tugadh an deis dom.\u201d<\/em><br \/>\n&nbsp;<br \/>\nFear m\u00f3r sp\u00f3irt \u00e9 Donncha freisin agus t\u00e1 suim faoi leith aige san iom\u00e1na\u00edocht agus sa rotha\u00edocht. Is bre\u00e1 leis a bheith ag scann\u00e1na\u00edocht agus eagarth\u00f3ireacht a dh\u00e9anamh ar fh\u00edse\u00e1in chomh minic agus is f\u00e9idir leis, agus t\u00e1 \u00e1it speisialta ina chro\u00ed do Ghaelainn Chorca Dhuibhne!<br \/>\n&nbsp;<br \/>\nCuireann Aimsir TG4 seirbh\u00eds n\u00e1isi\u00fanta aimsire na h\u00c9ireann ar f\u00e1il tr\u00ed mhe\u00e1n na Gaeilge. B\u00edonn 3 mh\u00edr aimsire \u00e1 chraoladh go l\u00edneach gach l\u00e1 agus tuilleadh ar \u00e1r su\u00edomh idirl\u00edn <a href=\"https:\/\/dev.tg4.ie\/Aimsir\" rel=\"noopener noreferrer\" target=\"_blank\"><strong>TG4.ie\/Aimsir<\/strong><\/a> chomh maith le cuntas Twitter na haimsire <a href=\"https:\/\/twitter.com\/AimsirTG4\" rel=\"noopener noreferrer\" target=\"_blank\"><strong>@AimsirTG4<\/strong><\/a> a mb\u00edonn na l\u00e1ithreoir\u00ed f\u00e9in ina bhun.<br \/>\n&nbsp;<br \/>\nCuireann Metraweather an tseirbh\u00eds aimsire ar f\u00e1il agus tagann na grafaic\u00ed \u00f3 Weatherscape XT sa Nua-Sh\u00e9alainn. T\u00e1 can\u00faint\u00ed uile na Gaeilge le cloiste\u00e1il ar an aimsir. Is iad na l\u00e1ithreoir\u00ed seo at\u00e1 i mbun ch\u00farsa\u00ed lean\u00fanachais an st\u00e1isi\u00fain chomh maith leis na me\u00e1in sh\u00f3isialta. Is iad na l\u00e1ithreoir\u00ed aghaidh agus gl\u00f3r an st\u00e1isi\u00fain i TG4. <\/p>\n<p>&nbsp;<br \/>\n&nbsp;<\/p>\n","protected":false},"excerpt":{"rendered":"<p>T\u00e1 beirt l\u00e1ithreoir\u00ed nua ar fhoireann aimsire agus lean\u00fanachais TG4. Is iad sin Darren \u00d3 Dubhg\u00e1in as D\u00fan na nGall agus Donncha \u00d3 Murch\u00fa as Baile \u00c1tha Cliath. &nbsp; Pic: Donncha &#038; Darren &nbsp; Is as Gort an Choirce, i bpar\u00f3iste Chloich Cheann Fhaola, i nGaeltacht Dh\u00fan na nGall do Darren \u00d3 Dubhg\u00e1in agus bh\u00ed [&hellip;]<\/p>\n","protected":false},"author":876,"featured_media":0,"parent":111525,"menu_order":57,"comment_status":"closed","ping_status":"closed","template":"page-templates\/template-pr.php","meta":{"_acf_changed":false,"footnotes":""},"acf":[],"yoast_head":"<!-- This site is optimized with the Yoast SEO plugin v22.6 - https:\/\/yoast.com\/wordpress\/plugins\/seo\/ -->\n<title>L\u00e1ithreoir\u00ed Aimsire Nua ar TG4 | Preas R\u00e1iteas | TG4<\/title>\n<meta name=\"robots\" content=\"index, follow, max-snippet:-1, max-image-preview:large, max-video-preview:-1\" \/>\n<meta property=\"og:locale\" content=\"en_US\" \/>\n<meta property=\"og:type\" content=\"article\" \/>\n<meta property=\"og:title\" content=\"L\u00e1ithreoir\u00ed Aimsire Nua ar TG4 | Preas R\u00e1iteas | TG4\" \/>\n<meta property=\"og:description\" content=\"T\u00e1 beirt l\u00e1ithreoir\u00ed nua ar fhoireann aimsire agus lean\u00fanachais TG4. Is iad sin Darren \u00d3 Dubhg\u00e1in as D\u00fan na nGall agus Donncha \u00d3 Murch\u00fa as Baile \u00c1tha Cliath. &nbsp; Pic: Donncha &#038; Darren &nbsp; Is as Gort an Choirce, i bpar\u00f3iste Chloich Cheann Fhaola, i nGaeltacht Dh\u00fan na nGall do Darren \u00d3 Dubhg\u00e1in agus bh\u00ed [&hellip;]\" \/>\n<meta property=\"og:url\" content=\"https:\/\/dev.tg4.ie\/ga\/eolas\/preas\/nuacht-raitis\/2020-2\/laithreoiri-aimsire-nua-ar-tg4\/\" \/>\n<meta property=\"og:site_name\" content=\"TG4\" \/>\n<meta property=\"article:publisher\" content=\"https:\/\/www.facebook.com\/TG4TV\" \/>\n<meta property=\"article:modified_time\" content=\"2020-12-01T12:14:34+00:00\" \/>\n<meta property=\"og:image\" content=\"https:\/\/tg4-docs.s3.amazonaws.com\/tg4-redesign-2015\/wp-content\/uploads\/2020\/12\/Laithreoiri_Nua_Donncha_Darren_1_1920x1080.jpg\" \/>\n\t<meta property=\"og:image:width\" content=\"1920\" \/>\n\t<meta property=\"og:image:height\" content=\"1080\" \/>\n\t<meta property=\"og:image:type\" content=\"image\/jpeg\" \/>\n<meta name=\"twitter:card\" content=\"summary_large_image\" \/>\n<meta name=\"twitter:image\" content=\"https:\/\/tg4-docs.s3.amazonaws.com\/tg4-redesign-2015\/wp-content\/uploads\/2020\/12\/Laithreoiri_Nua_Donncha_Darren_1_1920x1080.jpg\" \/>\n<meta name=\"twitter:site\" content=\"@TG4TV\" \/>\n<meta name=\"twitter:label1\" content=\"Est. reading time\" \/>\n\t<meta name=\"twitter:data1\" content=\"3 minutes\" \/>\n<script type=\"application\/ld+json\" class=\"yoast-schema-graph\">{\"@context\":\"https:\/\/schema.org\",\"@graph\":[{\"@type\":\"WebPage\",\"@id\":\"https:\/\/dev.tg4.ie\/ga\/eolas\/preas\/nuacht-raitis\/2020-2\/laithreoiri-aimsire-nua-ar-tg4\/\",\"url\":\"https:\/\/dev.tg4.ie\/ga\/eolas\/preas\/nuacht-raitis\/2020-2\/laithreoiri-aimsire-nua-ar-tg4\/\",\"name\":\"L\u00e1ithreoir\u00ed Aimsire Nua ar TG4 | Preas R\u00e1iteas | TG4\",\"isPartOf\":{\"@id\":\"https:\/\/dev.tg4.ie\/en\/#website\"},\"primaryImageOfPage\":{\"@id\":\"https:\/\/dev.tg4.ie\/ga\/eolas\/preas\/nuacht-raitis\/2020-2\/laithreoiri-aimsire-nua-ar-tg4\/#primaryimage\"},\"image\":{\"@id\":\"https:\/\/dev.tg4.ie\/ga\/eolas\/preas\/nuacht-raitis\/2020-2\/laithreoiri-aimsire-nua-ar-tg4\/#primaryimage\"},\"thumbnailUrl\":\"https:\/\/dev.tg4.ie\/wp-content\/uploads\/2020\/12\/Laithreoiri_Nua_Donncha_Darren_1_1920x1080.jpg\",\"datePublished\":\"2020-12-01T12:13:31+00:00\",\"dateModified\":\"2020-12-01T12:14:34+00:00\",\"breadcrumb\":{\"@id\":\"https:\/\/dev.tg4.ie\/ga\/eolas\/preas\/nuacht-raitis\/2020-2\/laithreoiri-aimsire-nua-ar-tg4\/#breadcrumb\"},\"inLanguage\":\"ga\",\"potentialAction\":[{\"@type\":\"ReadAction\",\"target\":[\"https:\/\/dev.tg4.ie\/ga\/eolas\/preas\/nuacht-raitis\/2020-2\/laithreoiri-aimsire-nua-ar-tg4\/\"]}]},{\"@type\":\"ImageObject\",\"inLanguage\":\"ga\",\"@id\":\"https:\/\/dev.tg4.ie\/ga\/eolas\/preas\/nuacht-raitis\/2020-2\/laithreoiri-aimsire-nua-ar-tg4\/#primaryimage\",\"url\":\"https:\/\/dev.tg4.ie\/wp-content\/uploads\/2020\/12\/Laithreoiri_Nua_Donncha_Darren_1_1920x1080.jpg\",\"contentUrl\":\"https:\/\/dev.tg4.ie\/wp-content\/uploads\/2020\/12\/Laithreoiri_Nua_Donncha_Darren_1_1920x1080.jpg\"},{\"@type\":\"BreadcrumbList\",\"@id\":\"https:\/\/dev.tg4.ie\/ga\/eolas\/preas\/nuacht-raitis\/2020-2\/laithreoiri-aimsire-nua-ar-tg4\/#breadcrumb\",\"itemListElement\":[{\"@type\":\"ListItem\",\"position\":1,\"name\":\"Home\",\"item\":\"https:\/\/dev.tg4.ie\/ga\/\"},{\"@type\":\"ListItem\",\"position\":2,\"name\":\"Eolas\",\"item\":\"https:\/\/dev.tg4.ie\/ga\/eolas\/\"},{\"@type\":\"ListItem\",\"position\":3,\"name\":\"Preas\",\"item\":\"https:\/\/dev.tg4.ie\/ga\/eolas\/preas\/\"},{\"@type\":\"ListItem\",\"position\":4,\"name\":\"Nuacht R\u00e1itis\",\"item\":\"https:\/\/dev.tg4.ie\/ga\/eolas\/preas\/nuacht-raitis\/\"},{\"@type\":\"ListItem\",\"position\":5,\"name\":\"2020\",\"item\":\"https:\/\/dev.tg4.ie\/ga\/eolas\/preas\/nuacht-raitis\/2020-2\/\"},{\"@type\":\"ListItem\",\"position\":6,\"name\":\"L\u00e1ithreoir\u00ed Aimsire Nua ar TG4\"}]},{\"@type\":\"WebSite\",\"@id\":\"https:\/\/dev.tg4.ie\/en\/#website\",\"url\":\"https:\/\/dev.tg4.ie\/en\/\",\"name\":\"TG4\",\"description\":\"S\u00fail Eile\",\"potentialAction\":[{\"@type\":\"SearchAction\",\"target\":{\"@type\":\"EntryPoint\",\"urlTemplate\":\"https:\/\/dev.tg4.ie\/en\/?s={search_term_string}\"},\"query-input\":\"required name=search_term_string\"}],\"inLanguage\":\"ga\"}]}<\/script>\n<!-- \/ Yoast SEO plugin. -->","yoast_head_json":{"title":"L\u00e1ithreoir\u00ed Aimsire Nua ar TG4 | Preas R\u00e1iteas | TG4","robots":{"index":"index","follow":"follow","max-snippet":"max-snippet:-1","max-image-preview":"max-image-preview:large","max-video-preview":"max-video-preview:-1"},"og_locale":"en_US","og_type":"article","og_title":"L\u00e1ithreoir\u00ed Aimsire Nua ar TG4 | Preas R\u00e1iteas | TG4","og_description":"T\u00e1 beirt l\u00e1ithreoir\u00ed nua ar fhoireann aimsire agus lean\u00fanachais TG4. Is iad sin Darren \u00d3 Dubhg\u00e1in as D\u00fan na nGall agus Donncha \u00d3 Murch\u00fa as Baile \u00c1tha Cliath. &nbsp; Pic: Donncha &#038; Darren &nbsp; Is as Gort an Choirce, i bpar\u00f3iste Chloich Cheann Fhaola, i nGaeltacht Dh\u00fan na nGall do Darren \u00d3 Dubhg\u00e1in agus bh\u00ed [&hellip;]","og_url":"https:\/\/dev.tg4.ie\/ga\/eolas\/preas\/nuacht-raitis\/2020-2\/laithreoiri-aimsire-nua-ar-tg4\/","og_site_name":"TG4","article_publisher":"https:\/\/www.facebook.com\/TG4TV","article_modified_time":"2020-12-01T12:14:34+00:00","og_image":[{"width":1920,"height":1080,"url":"https:\/\/tg4-docs.s3.amazonaws.com\/tg4-redesign-2015\/wp-content\/uploads\/2020\/12\/Laithreoiri_Nua_Donncha_Darren_1_1920x1080.jpg","type":"image\/jpeg"}],"twitter_card":"summary_large_image","twitter_image":"https:\/\/tg4-docs.s3.amazonaws.com\/tg4-redesign-2015\/wp-content\/uploads\/2020\/12\/Laithreoiri_Nua_Donncha_Darren_1_1920x1080.jpg","twitter_site":"@TG4TV","twitter_misc":{"Est. reading time":"3 minutes"},"schema":{"@context":"https:\/\/schema.org","@graph":[{"@type":"WebPage","@id":"https:\/\/dev.tg4.ie\/ga\/eolas\/preas\/nuacht-raitis\/2020-2\/laithreoiri-aimsire-nua-ar-tg4\/","url":"https:\/\/dev.tg4.ie\/ga\/eolas\/preas\/nuacht-raitis\/2020-2\/laithreoiri-aimsire-nua-ar-tg4\/","name":"L\u00e1ithreoir\u00ed Aimsire Nua ar TG4 | Preas R\u00e1iteas | TG4","isPartOf":{"@id":"https:\/\/dev.tg4.ie\/en\/#website"},"primaryImageOfPage":{"@id":"https:\/\/dev.tg4.ie\/ga\/eolas\/preas\/nuacht-raitis\/2020-2\/laithreoiri-aimsire-nua-ar-tg4\/#primaryimage"},"image":{"@id":"https:\/\/dev.tg4.ie\/ga\/eolas\/preas\/nuacht-raitis\/2020-2\/laithreoiri-aimsire-nua-ar-tg4\/#primaryimage"},"thumbnailUrl":"https:\/\/dev.tg4.ie\/wp-content\/uploads\/2020\/12\/Laithreoiri_Nua_Donncha_Darren_1_1920x1080.jpg","datePublished":"2020-12-01T12:13:31+00:00","dateModified":"2020-12-01T12:14:34+00:00","breadcrumb":{"@id":"https:\/\/dev.tg4.ie\/ga\/eolas\/preas\/nuacht-raitis\/2020-2\/laithreoiri-aimsire-nua-ar-tg4\/#breadcrumb"},"inLanguage":"ga","potentialAction":[{"@type":"ReadAction","target":["https:\/\/dev.tg4.ie\/ga\/eolas\/preas\/nuacht-raitis\/2020-2\/laithreoiri-aimsire-nua-ar-tg4\/"]}]},{"@type":"ImageObject","inLanguage":"ga","@id":"https:\/\/dev.tg4.ie\/ga\/eolas\/preas\/nuacht-raitis\/2020-2\/laithreoiri-aimsire-nua-ar-tg4\/#primaryimage","url":"https:\/\/dev.tg4.ie\/wp-content\/uploads\/2020\/12\/Laithreoiri_Nua_Donncha_Darren_1_1920x1080.jpg","contentUrl":"https:\/\/dev.tg4.ie\/wp-content\/uploads\/2020\/12\/Laithreoiri_Nua_Donncha_Darren_1_1920x1080.jpg"},{"@type":"BreadcrumbList","@id":"https:\/\/dev.tg4.ie\/ga\/eolas\/preas\/nuacht-raitis\/2020-2\/laithreoiri-aimsire-nua-ar-tg4\/#breadcrumb","itemListElement":[{"@type":"ListItem","position":1,"name":"Home","item":"https:\/\/dev.tg4.ie\/ga\/"},{"@type":"ListItem","position":2,"name":"Eolas","item":"https:\/\/dev.tg4.ie\/ga\/eolas\/"},{"@type":"ListItem","position":3,"name":"Preas","item":"https:\/\/dev.tg4.ie\/ga\/eolas\/preas\/"},{"@type":"ListItem","position":4,"name":"Nuacht R\u00e1itis","item":"https:\/\/dev.tg4.ie\/ga\/eolas\/preas\/nuacht-raitis\/"},{"@type":"ListItem","position":5,"name":"2020","item":"https:\/\/dev.tg4.ie\/ga\/eolas\/preas\/nuacht-raitis\/2020-2\/"},{"@type":"ListItem","position":6,"name":"L\u00e1ithreoir\u00ed Aimsire Nua ar TG4"}]},{"@type":"WebSite","@id":"https:\/\/dev.tg4.ie\/en\/#website","url":"https:\/\/dev.tg4.ie\/en\/","name":"TG4","description":"S\u00fail Eile","potentialAction":[{"@type":"SearchAction","target":{"@type":"EntryPoint","urlTemplate":"https:\/\/dev.tg4.ie\/en\/?s={search_term_string}"},"query-input":"required name=search_term_string"}],"inLanguage":"ga"}]}},"_links":{"self":[{"href":"https:\/\/dev.tg4.ie\/ga\/wp-json\/wp\/v2\/pages\/115193"}],"collection":[{"href":"https:\/\/dev.tg4.ie\/ga\/wp-json\/wp\/v2\/pages"}],"about":[{"href":"https:\/\/dev.tg4.ie\/ga\/wp-json\/wp\/v2\/types\/page"}],"author":[{"embeddable":true,"href":"https:\/\/dev.tg4.ie\/ga\/wp-json\/wp\/v2\/users\/876"}],"replies":[{"embeddable":true,"href":"https:\/\/dev.tg4.ie\/ga\/wp-json\/wp\/v2\/comments?post=115193"}],"version-history":[{"count":0,"href":"https:\/\/dev.tg4.ie\/ga\/wp-json\/wp\/v2\/pages\/115193\/revisions"}],"up":[{"embeddable":true,"href":"https:\/\/dev.tg4.ie\/ga\/wp-json\/wp\/v2\/pages\/111525"}],"wp:attachment":[{"href":"https:\/\/dev.tg4.ie\/ga\/wp-json\/wp\/v2\/media?parent=115193"}],"curies":[{"name":"wp","href":"https:\/\/api.w.org\/{rel}","templated":true}]}}