{"id":115373,"date":"2020-12-09T16:35:45","date_gmt":"2020-12-09T16:35:45","guid":{"rendered":"https:\/\/dev.tg4.ie\/?page_id=115373"},"modified":"2020-12-09T16:36:46","modified_gmt":"2020-12-09T16:36:46","slug":"scannan-croiuil-teilifise-do-phaisti-faoin-dobron-le-feiceail-den-chead-uair-agus-2020-ag-teacht-chun-criche","status":"publish","type":"page","link":"https:\/\/dev.tg4.ie\/ga\/eolas\/preas\/nuacht-raitis\/2020-2\/scannan-croiuil-teilifise-do-phaisti-faoin-dobron-le-feiceail-den-chead-uair-agus-2020-ag-teacht-chun-criche\/","title":{"rendered":"Scann\u00e1n Cro\u00ed\u00fail Teilif\u00edse do Ph\u00e1ist\u00ed Faoin Dobr\u00f3n le Feice\u00e1il den Ch\u00e9ad Uair agus 2020 ag Teacht chun Cr\u00edche"},"content":{"rendered":"<p><a href=\"https:\/\/tg4-docs.s3.amazonaws.com\/tg4-redesign-2015\/wp-content\/uploads\/2020\/12\/Sol_2_1920x1080.jpg\"><img loading=\"lazy\" decoding=\"async\" width=\"1920\" height=\"1080\" src=\"https:\/\/tg4-docs.s3.amazonaws.com\/tg4-redesign-2015\/wp-content\/uploads\/2020\/12\/Sol_2_1920x1080.jpg\" alt=\"\" class=\"alignnone size-full wp-image-115374\" srcset=\"https:\/\/tg4-docs.s3.amazonaws.com\/tg4-redesign-2015\/wp-content\/uploads\/2020\/12\/Sol_2_1920x1080.jpg 1920w, https:\/\/tg4-docs.s3.amazonaws.com\/tg4-redesign-2015\/wp-content\/uploads\/2020\/12\/Sol_2_1920x1080-250x141.jpg 250w, https:\/\/tg4-docs.s3.amazonaws.com\/tg4-redesign-2015\/wp-content\/uploads\/2020\/12\/Sol_2_1920x1080-700x394.jpg 700w, https:\/\/tg4-docs.s3.amazonaws.com\/tg4-redesign-2015\/wp-content\/uploads\/2020\/12\/Sol_2_1920x1080-252x141.jpg 252w, https:\/\/tg4-docs.s3.amazonaws.com\/tg4-redesign-2015\/wp-content\/uploads\/2020\/12\/Sol_2_1920x1080-1536x864.jpg 1536w, https:\/\/tg4-docs.s3.amazonaws.com\/tg4-redesign-2015\/wp-content\/uploads\/2020\/12\/Sol_2_1920x1080-120x68.jpg 120w\" sizes=\"(max-width: 1920px) 100vw, 1920px\" \/><\/a><\/p>\n<p>&nbsp;<\/p>\n<div style=\"position: relative; overflow: auto; width: 100%; padding-bottom: 56.25%;\"><iframe loading=\"lazy\" src=\"https:\/\/www.youtube.com\/embed\/8vwxtq-MDoE\" width=\"100%\" height=\"100%\" frameborder=\"0\" scrolling=\"no\" allowFullscreen=\"true\" style=\"position: absolute; top: 0px; display: block;\"><\/iframe><\/div>\n<p>&nbsp;<\/p>\n<p>Beidh Sol, scann\u00e1n spreag\u00fail faoi bhuachaill beag at\u00e1 dul i ngleic leis an dobr\u00f3n, le feice\u00e1il den ch\u00e9ad uair in \u00c9irinn agus sa R\u00edocht Aontaithe ar an o\u00edche is dorcha sa bhliain, Grianstad an Gheimhridh, an Luan 21 Nollag ag 6.30 i.n. T\u00e1 s\u00e9 mar aidhm ag an scann\u00e1n beochana seo, a mhaireann 28 n\u00f3im\u00e9ad, s\u00f3 agus suaimhneas a thabhairt do theaghlaigh le p\u00e1ist\u00ed \u00f3ga agus an bhliain is gruama i gcuimhne na ndaoine ag druidim chun cr\u00edche.<br \/>\n&nbsp;<\/p>\n<p>Scann\u00e1n \u00e9 seo faoin suaitheadh a bhaintear as Sol nuair a fhaigheann a sheanmh\u00e1thair, a raibh an-chion aige uirthi b\u00e1s. Tr\u00ed sh\u00faile an ph\u00e1iste pl\u00e9ann an scann\u00e1n le gn\u00e9ithe \u00e9ags\u00fala den dobr\u00f3n (an geit, an tn\u00fath\u00e1n, an mearbhall agus an r\u00e9iteach). Mar sin is ard\u00fa meanman a thugann Sol d\u00fainn. Cuirtear an buachaill amach ar bhonn pr\u00e1inne ag t\u00f3ra\u00edocht an tsolais at\u00e1 tar \u00e9is imeacht as an saol. De bharr aistear Sol agus gach a tharla\u00edonn d\u00f3 lena linn, faigheann s\u00e9 amach gur cumhachta\u00ed an gr\u00e1 at\u00e1 aige d\u00e1 sheanmh\u00e1thair n\u00e1 an dobr\u00f3n a chruthaigh a b\u00e1s. \u00c1is \u00e1bhartha, th\u00e1bhachtach at\u00e1 sa scann\u00e1n a chuireann roimhe c\u00fanamh a thabhairt do ph\u00e1ist\u00ed agus do theaghlaigh le d\u00e9ile\u00e1il leis an dobr\u00f3n. T\u00e1 s\u00e9 thar a bheith tr\u00e1th\u00fail san am i l\u00e1thair agus bliain chorrach curtha d\u00ednn againn ar fad. T\u00e1thar ag s\u00fail go spreagfaidh an sc\u00e9al agus na carachtair cumars\u00e1id i measc m\u00fainteoir\u00ed, tuismitheoir\u00ed agus p\u00e1ist\u00ed \u00f3ga i dtaobh an bealach le d\u00e9ile\u00e1il len\u00e1r moth\u00fach\u00e1in nuair a fhaigheann daoine a bhfuil cion againn orthu b\u00e1s.<br \/>\n&nbsp;<\/p>\n<p><a href=\"https:\/\/tg4-docs.s3.amazonaws.com\/tg4-redesign-2015\/wp-content\/uploads\/2020\/12\/Sol_3_1920x1080.jpg\"><img loading=\"lazy\" decoding=\"async\" width=\"250\" height=\"141\" src=\"https:\/\/tg4-docs.s3.amazonaws.com\/tg4-redesign-2015\/wp-content\/uploads\/2020\/12\/Sol_3_1920x1080-250x141.jpg\" alt=\"\" class=\"alignnone size-medium wp-image-115377\" srcset=\"https:\/\/tg4-docs.s3.amazonaws.com\/tg4-redesign-2015\/wp-content\/uploads\/2020\/12\/Sol_3_1920x1080-250x141.jpg 250w, https:\/\/tg4-docs.s3.amazonaws.com\/tg4-redesign-2015\/wp-content\/uploads\/2020\/12\/Sol_3_1920x1080-700x394.jpg 700w, https:\/\/tg4-docs.s3.amazonaws.com\/tg4-redesign-2015\/wp-content\/uploads\/2020\/12\/Sol_3_1920x1080-252x141.jpg 252w, https:\/\/tg4-docs.s3.amazonaws.com\/tg4-redesign-2015\/wp-content\/uploads\/2020\/12\/Sol_3_1920x1080-1536x864.jpg 1536w, https:\/\/tg4-docs.s3.amazonaws.com\/tg4-redesign-2015\/wp-content\/uploads\/2020\/12\/Sol_3_1920x1080-120x68.jpg 120w, https:\/\/tg4-docs.s3.amazonaws.com\/tg4-redesign-2015\/wp-content\/uploads\/2020\/12\/Sol_3_1920x1080.jpg 1920w\" sizes=\"(max-width: 250px) 100vw, 250px\" \/><\/a><br \/>\n&nbsp;<\/p>\n<p>Is \u00ed Fionnula Flanagan, aisteoir \u00c9ireannach a bhfuil duais Emmy bainte amach aici, a dh\u00e9anann guth na seanmh\u00e1thar agus is \u00ed Myra Zepf (\u00fadar agus buaiteoir dhuais Leabhar na Bliana do Ph\u00e1ist\u00ed) guth na m\u00e1thar. D\u00e9anann Zana Akko\u00e7 at\u00e1 dh\u00e1 bhliain d\u00e9ag, guth Sol. Thaifead Moya Brennan, ball den bhanna ceoil t\u00edre Clannad, amhr\u00e1n an scann\u00e1in.<br \/>\nRinne The British Film Institute\u2019s Young Audiences Content Fund maoini\u00fa ar Sol in \u00e9ineacht le Ciste Craolt\u00f3ireachta Gaeilge agus Ciste Sc\u00e1ile\u00e1in Northern Ireland Screen. Rinne na craolt\u00f3ir\u00ed Ceilteacha TG4, S4C agus BBC ALBA comhchoimisini\u00fa ar Sol agus Aardman a rinne \u00e9 a dh\u00e1ileadh.<br \/>\n&nbsp;<\/p>\n<p>Ar an 21 Nollag craolfar Sol ag an am c\u00e9anna, 6:30in, i nGaeilge ar TG4, i mBreatnais ar S4C agus i nGaeilge na hAlban ar BBC ALBA. Beidh s\u00e9 le feice\u00e1il freisin ag 19.30 ar CiTV sa R\u00edocht Aontaithe agus fotheidil air. Is \u00e9 an comhlacht l\u00e9iri\u00fach\u00e1in teilif\u00edse Paper Owl Films at\u00e1 lonnaithe i mB\u00e9al Feirste agus a chuireann \u00e1bhar do ph\u00e1ist\u00ed ar f\u00e1il a chruthaigh agus a l\u00e9irigh Sol. D\u00fairt Gr\u00e1inne McGuinness, An Sti\u00farth\u00f3ir Cruthaitheach, <em>\u2018Anois, thar am ar bith eile, t\u00e1 g\u00e1 ag p\u00e1ist\u00ed le sc\u00e9alta f\u00edsi\u00fala l\u00e1idre chun cabhr\u00fa leo d\u00e9ile\u00e1il le moth\u00fach\u00e1in at\u00e1 nua d\u00f3ibh agus iad a spreagadh chun a n-aghaidh a thabhairt ar an saol, l\u00e1n d\u00f3chais.\u2019<\/em><br \/>\n&nbsp;<\/p>\n<p>Seo an rud a bh\u00ed le r\u00e1 ag Siobh\u00e1n N\u00ed Bhr\u00e1daigh, Eagarth\u00f3ir Coimisi\u00fanaithe do Dhaoine \u00d3ga do TG4: <em>\u2018Is scann\u00e1n beochana \u00farnua \u00e9 Sol at\u00e1 ag d\u00e9ile\u00e1il ar bhealach cro\u00ed\u00fail, meanmnach leis an mbuairt agus leis an mb\u00e1s, \u00e1bhar at\u00e1 r\u00edth\u00e1bhachtach. Ba mh\u00f3r an pl\u00e9isi\u00far \u00e9 an tionscadal seo a fheice\u00e1il ag teacht ar an bhf\u00f3d in \u00e9ineacht le Paper Owl Films, S4C agus BBC Alba. Cl\u00e1r at\u00e1 ann, ceart go leor a bhaineann le dul i ngleic leis an mbuairt agus leis an mb\u00e1s ach ag an am c\u00e9anna d\u2019oibrigh lucht maoinithe, craolt\u00f3ir\u00ed agus l\u00e9iritheoir\u00ed as l\u00e1mh a ch\u00e9ile chun rud iontach a chruth\u00fa a raibh rud an-t\u00e1bhachtach ar fad leis. T\u00e1 muid an-bhu\u00edoch de Northern Ireland Screen, ILBF &#038; YACF a chinntigh go bhf\u00e9adfa\u00ed an tionscadal seo a chur i gcr\u00edch.\u2019<\/em><br \/>\n&nbsp;<\/p>\n<p>D\u00fairt Jackie Edwards Ceannasa\u00ed an BFI\u2019s ar The Young Audiences Fund: <em>\u2018Baineann Sol le bheith ag cuimhneamh, le gean, ar an dream at\u00e1 imithe uainn agus fios againn nach bhfuil muid linn f\u00e9in, agus leis an teaghlaigh a spreagadh le labhairt faoina mb\u00e1s. T\u00e1 i bhfad an iomarca p\u00e1ist\u00ed agus daoine \u00f3ga faoi scamall bhr\u00f3in i mbliana agus bh\u00ed muid ag iarraidh deis sosa agus machnaimh a chur ar f\u00e1il. Theastaigh uainn go n-oibreodh craolt\u00f3ir\u00ed seirbh\u00edse poibl\u00ed as l\u00e1mh a ch\u00e9ile leis an scann\u00e1n speisialta seo a chomhsheachadadh chuig an oiread agus is f\u00e9idir de dhaoine \u00f3ga na t\u00edre seo chun cabhr\u00fa leo solas a aimsi\u00fa sa dorchadas.\u2019<\/em><br \/>\n&nbsp;<\/p>\n<p>D\u00fairt Richard Williams, Pr\u00edomhfheidhmeannach Northern Ireland Screen; <em>\u2018T\u00e1 an-bhr\u00f3d orainn tac\u00fa leis an tionscadal \u00e1lainn seo de chuid Paper Owl Films tr\u00ednar Irish Language Broadcast Fund and Screen Fund. Is \u00e9 seo an ch\u00e9ad uair againn ag oibri\u00fa i bp\u00e1irt leis na craolt\u00f3ir\u00ed d\u00fachasacha d\u2019fhonn scann\u00e1n beochan \u00farnua a l\u00e9iri\u00fa. Bh\u00ed \u00e9iginnteacht agus caillteanas ag baint leis an mbliain 2020 do chuid mhaith daoine agus is \u00e1bhar d\u00edreach ar n\u00f3s \u2018Sol\u2019 a theasta\u00edonn uainn faoi l\u00e1thair, go h\u00e1irithe \u00f3n dream \u00f3g at\u00e1 ag iarraidh ciall a bhaint as an rud ar fad. T\u00e1 muid dearfa go mbeidh an-r\u00e1chairt ar \u2018Sol\u2019 i measc lucht f\u00e9achana nuair a chraolfar \u00e9 ar fud na R\u00edocht Aontaithe agus ar fud na h\u00c9ireann ag Grianstad an Gheimhridh.\u2019<\/em><\/p>\n<p>&nbsp;<br \/>\n&nbsp;<\/p>\n","protected":false},"excerpt":{"rendered":"<p>&nbsp; &nbsp; Beidh Sol, scann\u00e1n spreag\u00fail faoi bhuachaill beag at\u00e1 dul i ngleic leis an dobr\u00f3n, le feice\u00e1il den ch\u00e9ad uair in \u00c9irinn agus sa R\u00edocht Aontaithe ar an o\u00edche is dorcha sa bhliain, Grianstad an Gheimhridh, an Luan 21 Nollag ag 6.30 i.n. T\u00e1 s\u00e9 mar aidhm ag an scann\u00e1n beochana seo, a mhaireann [&hellip;]<\/p>\n","protected":false},"author":876,"featured_media":0,"parent":111525,"menu_order":58,"comment_status":"closed","ping_status":"closed","template":"page-templates\/template-pr.php","meta":{"_acf_changed":false,"footnotes":""},"acf":[],"yoast_head":"<!-- This site is optimized with the Yoast SEO plugin v22.6 - https:\/\/yoast.com\/wordpress\/plugins\/seo\/ -->\n<title>Scann\u00e1n Cro\u00ed\u00fail Teilif\u00edse do Ph\u00e1ist\u00ed Faoin Dobr\u00f3n le Feice\u00e1il den Ch\u00e9ad Uair agus 2020 ag Teacht chun Cr\u00edche | Preas R\u00e1iteas | TG4<\/title>\n<meta name=\"robots\" content=\"index, follow, max-snippet:-1, max-image-preview:large, max-video-preview:-1\" \/>\n<meta property=\"og:locale\" content=\"en_US\" \/>\n<meta property=\"og:type\" content=\"article\" \/>\n<meta property=\"og:title\" content=\"Scann\u00e1n Cro\u00ed\u00fail Teilif\u00edse do Ph\u00e1ist\u00ed Faoin Dobr\u00f3n le Feice\u00e1il den Ch\u00e9ad Uair agus 2020 ag Teacht chun Cr\u00edche | Preas R\u00e1iteas | TG4\" \/>\n<meta property=\"og:description\" content=\"&nbsp; &nbsp; Beidh Sol, scann\u00e1n spreag\u00fail faoi bhuachaill beag at\u00e1 dul i ngleic leis an dobr\u00f3n, le feice\u00e1il den ch\u00e9ad uair in \u00c9irinn agus sa R\u00edocht Aontaithe ar an o\u00edche is dorcha sa bhliain, Grianstad an Gheimhridh, an Luan 21 Nollag ag 6.30 i.n. T\u00e1 s\u00e9 mar aidhm ag an scann\u00e1n beochana seo, a mhaireann [&hellip;]\" \/>\n<meta property=\"og:url\" content=\"https:\/\/dev.tg4.ie\/ga\/eolas\/preas\/nuacht-raitis\/2020-2\/scannan-croiuil-teilifise-do-phaisti-faoin-dobron-le-feiceail-den-chead-uair-agus-2020-ag-teacht-chun-criche\/\" \/>\n<meta property=\"og:site_name\" content=\"TG4\" \/>\n<meta property=\"article:publisher\" content=\"https:\/\/www.facebook.com\/TG4TV\" \/>\n<meta property=\"article:modified_time\" content=\"2020-12-09T16:36:46+00:00\" \/>\n<meta property=\"og:image\" content=\"https:\/\/tg4-docs.s3.amazonaws.com\/tg4-redesign-2015\/wp-content\/uploads\/2020\/12\/Sol_2_1920x1080.jpg\" \/>\n\t<meta property=\"og:image:width\" content=\"1920\" \/>\n\t<meta property=\"og:image:height\" content=\"1080\" \/>\n\t<meta property=\"og:image:type\" content=\"image\/jpeg\" \/>\n<meta name=\"twitter:card\" content=\"summary_large_image\" \/>\n<meta name=\"twitter:image\" content=\"https:\/\/tg4-docs.s3.amazonaws.com\/tg4-redesign-2015\/wp-content\/uploads\/2020\/12\/Sol_2_1920x1080.jpg\" \/>\n<meta name=\"twitter:site\" content=\"@TG4TV\" \/>\n<meta name=\"twitter:label1\" content=\"Est. reading time\" \/>\n\t<meta name=\"twitter:data1\" content=\"5 minutes\" \/>\n<script type=\"application\/ld+json\" class=\"yoast-schema-graph\">{\"@context\":\"https:\/\/schema.org\",\"@graph\":[{\"@type\":\"WebPage\",\"@id\":\"https:\/\/dev.tg4.ie\/ga\/eolas\/preas\/nuacht-raitis\/2020-2\/scannan-croiuil-teilifise-do-phaisti-faoin-dobron-le-feiceail-den-chead-uair-agus-2020-ag-teacht-chun-criche\/\",\"url\":\"https:\/\/dev.tg4.ie\/ga\/eolas\/preas\/nuacht-raitis\/2020-2\/scannan-croiuil-teilifise-do-phaisti-faoin-dobron-le-feiceail-den-chead-uair-agus-2020-ag-teacht-chun-criche\/\",\"name\":\"Scann\u00e1n Cro\u00ed\u00fail Teilif\u00edse do Ph\u00e1ist\u00ed Faoin Dobr\u00f3n le Feice\u00e1il den Ch\u00e9ad Uair agus 2020 ag Teacht chun Cr\u00edche | Preas R\u00e1iteas | TG4\",\"isPartOf\":{\"@id\":\"https:\/\/dev.tg4.ie\/en\/#website\"},\"primaryImageOfPage\":{\"@id\":\"https:\/\/dev.tg4.ie\/ga\/eolas\/preas\/nuacht-raitis\/2020-2\/scannan-croiuil-teilifise-do-phaisti-faoin-dobron-le-feiceail-den-chead-uair-agus-2020-ag-teacht-chun-criche\/#primaryimage\"},\"image\":{\"@id\":\"https:\/\/dev.tg4.ie\/ga\/eolas\/preas\/nuacht-raitis\/2020-2\/scannan-croiuil-teilifise-do-phaisti-faoin-dobron-le-feiceail-den-chead-uair-agus-2020-ag-teacht-chun-criche\/#primaryimage\"},\"thumbnailUrl\":\"https:\/\/dev.tg4.ie\/wp-content\/uploads\/2020\/12\/Sol_2_1920x1080.jpg\",\"datePublished\":\"2020-12-09T16:35:45+00:00\",\"dateModified\":\"2020-12-09T16:36:46+00:00\",\"breadcrumb\":{\"@id\":\"https:\/\/dev.tg4.ie\/ga\/eolas\/preas\/nuacht-raitis\/2020-2\/scannan-croiuil-teilifise-do-phaisti-faoin-dobron-le-feiceail-den-chead-uair-agus-2020-ag-teacht-chun-criche\/#breadcrumb\"},\"inLanguage\":\"ga\",\"potentialAction\":[{\"@type\":\"ReadAction\",\"target\":[\"https:\/\/dev.tg4.ie\/ga\/eolas\/preas\/nuacht-raitis\/2020-2\/scannan-croiuil-teilifise-do-phaisti-faoin-dobron-le-feiceail-den-chead-uair-agus-2020-ag-teacht-chun-criche\/\"]}]},{\"@type\":\"ImageObject\",\"inLanguage\":\"ga\",\"@id\":\"https:\/\/dev.tg4.ie\/ga\/eolas\/preas\/nuacht-raitis\/2020-2\/scannan-croiuil-teilifise-do-phaisti-faoin-dobron-le-feiceail-den-chead-uair-agus-2020-ag-teacht-chun-criche\/#primaryimage\",\"url\":\"https:\/\/dev.tg4.ie\/wp-content\/uploads\/2020\/12\/Sol_2_1920x1080.jpg\",\"contentUrl\":\"https:\/\/dev.tg4.ie\/wp-content\/uploads\/2020\/12\/Sol_2_1920x1080.jpg\"},{\"@type\":\"BreadcrumbList\",\"@id\":\"https:\/\/dev.tg4.ie\/ga\/eolas\/preas\/nuacht-raitis\/2020-2\/scannan-croiuil-teilifise-do-phaisti-faoin-dobron-le-feiceail-den-chead-uair-agus-2020-ag-teacht-chun-criche\/#breadcrumb\",\"itemListElement\":[{\"@type\":\"ListItem\",\"position\":1,\"name\":\"Home\",\"item\":\"https:\/\/dev.tg4.ie\/ga\/\"},{\"@type\":\"ListItem\",\"position\":2,\"name\":\"Eolas\",\"item\":\"https:\/\/dev.tg4.ie\/ga\/eolas\/\"},{\"@type\":\"ListItem\",\"position\":3,\"name\":\"Preas\",\"item\":\"https:\/\/dev.tg4.ie\/ga\/eolas\/preas\/\"},{\"@type\":\"ListItem\",\"position\":4,\"name\":\"Nuacht R\u00e1itis\",\"item\":\"https:\/\/dev.tg4.ie\/ga\/eolas\/preas\/nuacht-raitis\/\"},{\"@type\":\"ListItem\",\"position\":5,\"name\":\"2020\",\"item\":\"https:\/\/dev.tg4.ie\/ga\/eolas\/preas\/nuacht-raitis\/2020-2\/\"},{\"@type\":\"ListItem\",\"position\":6,\"name\":\"Scann\u00e1n Cro\u00ed\u00fail Teilif\u00edse do Ph\u00e1ist\u00ed Faoin Dobr\u00f3n le Feice\u00e1il den Ch\u00e9ad Uair agus 2020 ag Teacht chun Cr\u00edche\"}]},{\"@type\":\"WebSite\",\"@id\":\"https:\/\/dev.tg4.ie\/en\/#website\",\"url\":\"https:\/\/dev.tg4.ie\/en\/\",\"name\":\"TG4\",\"description\":\"S\u00fail Eile\",\"potentialAction\":[{\"@type\":\"SearchAction\",\"target\":{\"@type\":\"EntryPoint\",\"urlTemplate\":\"https:\/\/dev.tg4.ie\/en\/?s={search_term_string}\"},\"query-input\":\"required name=search_term_string\"}],\"inLanguage\":\"ga\"}]}<\/script>\n<!-- \/ Yoast SEO plugin. -->","yoast_head_json":{"title":"Scann\u00e1n Cro\u00ed\u00fail Teilif\u00edse do Ph\u00e1ist\u00ed Faoin Dobr\u00f3n le Feice\u00e1il den Ch\u00e9ad Uair agus 2020 ag Teacht chun Cr\u00edche | Preas R\u00e1iteas | TG4","robots":{"index":"index","follow":"follow","max-snippet":"max-snippet:-1","max-image-preview":"max-image-preview:large","max-video-preview":"max-video-preview:-1"},"og_locale":"en_US","og_type":"article","og_title":"Scann\u00e1n Cro\u00ed\u00fail Teilif\u00edse do Ph\u00e1ist\u00ed Faoin Dobr\u00f3n le Feice\u00e1il den Ch\u00e9ad Uair agus 2020 ag Teacht chun Cr\u00edche | Preas R\u00e1iteas | TG4","og_description":"&nbsp; &nbsp; Beidh Sol, scann\u00e1n spreag\u00fail faoi bhuachaill beag at\u00e1 dul i ngleic leis an dobr\u00f3n, le feice\u00e1il den ch\u00e9ad uair in \u00c9irinn agus sa R\u00edocht Aontaithe ar an o\u00edche is dorcha sa bhliain, Grianstad an Gheimhridh, an Luan 21 Nollag ag 6.30 i.n. T\u00e1 s\u00e9 mar aidhm ag an scann\u00e1n beochana seo, a mhaireann [&hellip;]","og_url":"https:\/\/dev.tg4.ie\/ga\/eolas\/preas\/nuacht-raitis\/2020-2\/scannan-croiuil-teilifise-do-phaisti-faoin-dobron-le-feiceail-den-chead-uair-agus-2020-ag-teacht-chun-criche\/","og_site_name":"TG4","article_publisher":"https:\/\/www.facebook.com\/TG4TV","article_modified_time":"2020-12-09T16:36:46+00:00","og_image":[{"width":1920,"height":1080,"url":"https:\/\/tg4-docs.s3.amazonaws.com\/tg4-redesign-2015\/wp-content\/uploads\/2020\/12\/Sol_2_1920x1080.jpg","type":"image\/jpeg"}],"twitter_card":"summary_large_image","twitter_image":"https:\/\/tg4-docs.s3.amazonaws.com\/tg4-redesign-2015\/wp-content\/uploads\/2020\/12\/Sol_2_1920x1080.jpg","twitter_site":"@TG4TV","twitter_misc":{"Est. reading time":"5 minutes"},"schema":{"@context":"https:\/\/schema.org","@graph":[{"@type":"WebPage","@id":"https:\/\/dev.tg4.ie\/ga\/eolas\/preas\/nuacht-raitis\/2020-2\/scannan-croiuil-teilifise-do-phaisti-faoin-dobron-le-feiceail-den-chead-uair-agus-2020-ag-teacht-chun-criche\/","url":"https:\/\/dev.tg4.ie\/ga\/eolas\/preas\/nuacht-raitis\/2020-2\/scannan-croiuil-teilifise-do-phaisti-faoin-dobron-le-feiceail-den-chead-uair-agus-2020-ag-teacht-chun-criche\/","name":"Scann\u00e1n Cro\u00ed\u00fail Teilif\u00edse do Ph\u00e1ist\u00ed Faoin Dobr\u00f3n le Feice\u00e1il den Ch\u00e9ad Uair agus 2020 ag Teacht chun Cr\u00edche | Preas R\u00e1iteas | TG4","isPartOf":{"@id":"https:\/\/dev.tg4.ie\/en\/#website"},"primaryImageOfPage":{"@id":"https:\/\/dev.tg4.ie\/ga\/eolas\/preas\/nuacht-raitis\/2020-2\/scannan-croiuil-teilifise-do-phaisti-faoin-dobron-le-feiceail-den-chead-uair-agus-2020-ag-teacht-chun-criche\/#primaryimage"},"image":{"@id":"https:\/\/dev.tg4.ie\/ga\/eolas\/preas\/nuacht-raitis\/2020-2\/scannan-croiuil-teilifise-do-phaisti-faoin-dobron-le-feiceail-den-chead-uair-agus-2020-ag-teacht-chun-criche\/#primaryimage"},"thumbnailUrl":"https:\/\/dev.tg4.ie\/wp-content\/uploads\/2020\/12\/Sol_2_1920x1080.jpg","datePublished":"2020-12-09T16:35:45+00:00","dateModified":"2020-12-09T16:36:46+00:00","breadcrumb":{"@id":"https:\/\/dev.tg4.ie\/ga\/eolas\/preas\/nuacht-raitis\/2020-2\/scannan-croiuil-teilifise-do-phaisti-faoin-dobron-le-feiceail-den-chead-uair-agus-2020-ag-teacht-chun-criche\/#breadcrumb"},"inLanguage":"ga","potentialAction":[{"@type":"ReadAction","target":["https:\/\/dev.tg4.ie\/ga\/eolas\/preas\/nuacht-raitis\/2020-2\/scannan-croiuil-teilifise-do-phaisti-faoin-dobron-le-feiceail-den-chead-uair-agus-2020-ag-teacht-chun-criche\/"]}]},{"@type":"ImageObject","inLanguage":"ga","@id":"https:\/\/dev.tg4.ie\/ga\/eolas\/preas\/nuacht-raitis\/2020-2\/scannan-croiuil-teilifise-do-phaisti-faoin-dobron-le-feiceail-den-chead-uair-agus-2020-ag-teacht-chun-criche\/#primaryimage","url":"https:\/\/dev.tg4.ie\/wp-content\/uploads\/2020\/12\/Sol_2_1920x1080.jpg","contentUrl":"https:\/\/dev.tg4.ie\/wp-content\/uploads\/2020\/12\/Sol_2_1920x1080.jpg"},{"@type":"BreadcrumbList","@id":"https:\/\/dev.tg4.ie\/ga\/eolas\/preas\/nuacht-raitis\/2020-2\/scannan-croiuil-teilifise-do-phaisti-faoin-dobron-le-feiceail-den-chead-uair-agus-2020-ag-teacht-chun-criche\/#breadcrumb","itemListElement":[{"@type":"ListItem","position":1,"name":"Home","item":"https:\/\/dev.tg4.ie\/ga\/"},{"@type":"ListItem","position":2,"name":"Eolas","item":"https:\/\/dev.tg4.ie\/ga\/eolas\/"},{"@type":"ListItem","position":3,"name":"Preas","item":"https:\/\/dev.tg4.ie\/ga\/eolas\/preas\/"},{"@type":"ListItem","position":4,"name":"Nuacht R\u00e1itis","item":"https:\/\/dev.tg4.ie\/ga\/eolas\/preas\/nuacht-raitis\/"},{"@type":"ListItem","position":5,"name":"2020","item":"https:\/\/dev.tg4.ie\/ga\/eolas\/preas\/nuacht-raitis\/2020-2\/"},{"@type":"ListItem","position":6,"name":"Scann\u00e1n Cro\u00ed\u00fail Teilif\u00edse do Ph\u00e1ist\u00ed Faoin Dobr\u00f3n le Feice\u00e1il den Ch\u00e9ad Uair agus 2020 ag Teacht chun Cr\u00edche"}]},{"@type":"WebSite","@id":"https:\/\/dev.tg4.ie\/en\/#website","url":"https:\/\/dev.tg4.ie\/en\/","name":"TG4","description":"S\u00fail Eile","potentialAction":[{"@type":"SearchAction","target":{"@type":"EntryPoint","urlTemplate":"https:\/\/dev.tg4.ie\/en\/?s={search_term_string}"},"query-input":"required name=search_term_string"}],"inLanguage":"ga"}]}},"_links":{"self":[{"href":"https:\/\/dev.tg4.ie\/ga\/wp-json\/wp\/v2\/pages\/115373"}],"collection":[{"href":"https:\/\/dev.tg4.ie\/ga\/wp-json\/wp\/v2\/pages"}],"about":[{"href":"https:\/\/dev.tg4.ie\/ga\/wp-json\/wp\/v2\/types\/page"}],"author":[{"embeddable":true,"href":"https:\/\/dev.tg4.ie\/ga\/wp-json\/wp\/v2\/users\/876"}],"replies":[{"embeddable":true,"href":"https:\/\/dev.tg4.ie\/ga\/wp-json\/wp\/v2\/comments?post=115373"}],"version-history":[{"count":0,"href":"https:\/\/dev.tg4.ie\/ga\/wp-json\/wp\/v2\/pages\/115373\/revisions"}],"up":[{"embeddable":true,"href":"https:\/\/dev.tg4.ie\/ga\/wp-json\/wp\/v2\/pages\/111525"}],"wp:attachment":[{"href":"https:\/\/dev.tg4.ie\/ga\/wp-json\/wp\/v2\/media?parent=115373"}],"curies":[{"name":"wp","href":"https:\/\/api.w.org\/{rel}","templated":true}]}}