{"id":115387,"date":"2020-12-09T17:26:05","date_gmt":"2020-12-09T17:26:05","guid":{"rendered":"https:\/\/dev.tg4.ie\/?page_id=115387"},"modified":"2020-12-10T11:29:36","modified_gmt":"2020-12-10T11:29:36","slug":"seoda-na-nollag-o-tg4","status":"publish","type":"page","link":"https:\/\/dev.tg4.ie\/ga\/eolas\/preas\/nuacht-raitis\/2020-2\/seoda-na-nollag-o-tg4\/","title":{"rendered":"Seoda na Nollag \u00f3 TG4"},"content":{"rendered":"<p><a href=\"https:\/\/tg4-docs.s3.amazonaws.com\/tg4-redesign-2015\/wp-content\/uploads\/2020\/12\/Maureen_O_Hara_2_1920x1080.jpg\"><img loading=\"lazy\" decoding=\"async\" width=\"1920\" height=\"1080\" src=\"https:\/\/tg4-docs.s3.amazonaws.com\/tg4-redesign-2015\/wp-content\/uploads\/2020\/12\/Maureen_O_Hara_2_1920x1080.jpg\" alt=\"\" class=\"alignnone size-full wp-image-115389\" srcset=\"https:\/\/tg4-docs.s3.amazonaws.com\/tg4-redesign-2015\/wp-content\/uploads\/2020\/12\/Maureen_O_Hara_2_1920x1080.jpg 1920w, https:\/\/tg4-docs.s3.amazonaws.com\/tg4-redesign-2015\/wp-content\/uploads\/2020\/12\/Maureen_O_Hara_2_1920x1080-250x141.jpg 250w, https:\/\/tg4-docs.s3.amazonaws.com\/tg4-redesign-2015\/wp-content\/uploads\/2020\/12\/Maureen_O_Hara_2_1920x1080-700x394.jpg 700w, https:\/\/tg4-docs.s3.amazonaws.com\/tg4-redesign-2015\/wp-content\/uploads\/2020\/12\/Maureen_O_Hara_2_1920x1080-252x141.jpg 252w, https:\/\/tg4-docs.s3.amazonaws.com\/tg4-redesign-2015\/wp-content\/uploads\/2020\/12\/Maureen_O_Hara_2_1920x1080-1536x864.jpg 1536w, https:\/\/tg4-docs.s3.amazonaws.com\/tg4-redesign-2015\/wp-content\/uploads\/2020\/12\/Maureen_O_Hara_2_1920x1080-120x68.jpg 120w\" sizes=\"(max-width: 1920px) 100vw, 1920px\" \/><\/a><\/p>\n<p>&nbsp;<\/p>\n<p>T\u00e1 sceideal l\u00e1n go barra ag TG4 an Nollaig seo ina mbeidh faisn\u00e9is nua, ceol na Nollag, faisn\u00e9is sp\u00f3irt, scann\u00e1in Ghaeilge agus siamsa\u00edocht don teaghlach ar fad.<br \/>\n&nbsp;<\/p>\n<h3>Faisn\u00e9is Nua:<\/h3>\n<p><strong>Maureen O&#8217;Hara &#8211; Banr\u00edon Hollywood, L\u00e1 Nollag 9pm<\/strong><\/p>\n<div style=\"position: relative; overflow: auto; width: 100%; padding-bottom: 56.25%;\"><iframe loading=\"lazy\" src=\"https:\/\/www.youtube.com\/embed\/rM0DERPjjVY\" width=\"100%\" height=\"100%\" frameborder=\"0\" scrolling=\"no\" allowFullscreen=\"true\" style=\"position: absolute; top: 0px; display: block;\"><\/iframe><\/div>\n<p>Tabharfar spl\u00e9achadh sa gcl\u00e1r faisn\u00e9ise seo, ar ceili\u00faradh \u00e9 ar ch\u00e9ad bliain \u00f3 rugadh Maureen O&#8217;Hara, ar an saol iontach a chaith s\u00ed agus ar a sl\u00ed bheatha in Hollywood. I measc na rannph\u00e1irtithe ar an gcl\u00e1r beidh teaghlach agus cairde Maureen agus a comh-r\u00e9alta\u00ed iomr\u00e1iteacha amhail Hayley Mills, Stefanie Powers agus Patrick Wayne.<br \/>\n&nbsp;<\/p>\n<p><strong>Moya, 29\u00fa Nollaig 9:20pm <\/strong><br \/>\nTabharfar spl\u00e9achadh sa gcl\u00e1r seo ar shaol agus ar shaothar Moya Brennan. Beidh idir agallaimh agus thaispe\u00e1ntais cheolmhara \u00f3 Moya f\u00e9in, Imelda May, Paul Brady, Damien Dempsey agus neart eile ar an gcl\u00e1r.<br \/>\n&nbsp;<\/p>\n<p><strong>Rang 2020, 29\u00fa Nollaig 7:15pm<\/strong><br \/>\nTabharfar l\u00e9argas pearsanta ar thr\u00e9imhse chorrach agus chinni\u00fanach i saol dalta\u00ed Rang 2020. Leanfar sc\u00e9al cheathrar dalta\u00ed scoile agus iad ag ullmh\u00fa do scr\u00fad\u00fa na hArdteistim\u00e9ireachta agus A leibh\u00e9al agus don saol nua a bheidh acu ar an Ollscoil le linn na paind\u00e9ime. Is beag duine f\u00e1sta nach dtagann fuarallas leo agus iad ag smaoineamh siar ar gcuid scr\u00fadaithe st\u00e1it, idir an strus, br\u00fa agus imn\u00ed. Ach samhlaigh iad a dh\u00e9anamh in 2020!<br \/>\n&nbsp;<\/p>\n<p><strong>Faoi Sc\u00e1th a Ch\u00e9ile, O\u00edche Chinn Bliana 7:15pm<\/strong><br \/>\nTabharfar spl\u00e9achadh sa gcl\u00e1r seo ar an gcaoi a ndeachaigh seisear i ngleic leis an saol le linn na paind\u00e9ime. Sa chl\u00e1r seo, t\u00e1 an s\u00edciteiripeoir Eileen N\u00ed Shuilleabh\u00e1in, an tOifigeach Forbartha Iascaigh Cladaigh M\u00e1irt\u00edn \u00d3 Tuairisg, an craolt\u00f3ir, agus scann\u00e1n\u00f3ir Ola Majekodunmi, an ceolt\u00f3ir, amhr\u00e1na\u00ed, Eoghan \u00d3 Ceannabh\u00e1in, an ceolt\u00f3ir agus amhr\u00e1nai Inni-K agus an craolt\u00f3ir Conall \u00d3 M\u00e1irt\u00edn.<br \/>\n&nbsp;<\/p>\n<p><strong>B\u00e1d\u00f3ir\u00ed, Bliain gan Coimhlint, L\u00e1 Caille 7:15pm<\/strong><br \/>\nBh\u00ed samhraidh aisteach ag B\u00e1d\u00f3ir\u00ed Chonamara &#8211; cuireadh r\u00e1sa\u00ed Chumann H\u00faic\u00e9ir\u00ed na Gaillimhe ar ceal agus d&#8217;fhan na b\u00e1id sa gcuan. Ach m\u00e1 bh\u00ed fh\u00e9in, bh\u00ed b\u00e1id nua \u00e1 dt\u00f3g\u00e1il agus th\u00e1inig long nua as t\u00edr i bhfad i gc\u00e9in fi\u00fa. T\u00e1 athbheochan b\u00e1d\u00f3ir\u00ed agus b\u00e1d thiar i gCarna agus b\u00e1d\u00f3ir\u00ed eile ag r\u00e9iteach cheana fh\u00e9in don bhliain seo chugainn. Ar l\u00e1r i mbliana t\u00e1 beirt de mhuintir B\u00e1ille, Peadar agus P\u00e1draig go nd\u00e9ana Dia gr\u00e1sta orthu, ag f\u00e1g\u00e1il poll i gcro\u00ed an phobail seo.<br \/>\n&nbsp;<\/p>\n<h3>Faisn\u00e9is Sp\u00f3irt:<\/h3>\n<p><strong>Laochra Thar Lear, 23\u00fa Nollaig 9:30pm<\/strong><br \/>\n<a href=\"https:\/\/tg4-docs.s3.amazonaws.com\/tg4-redesign-2015\/wp-content\/uploads\/2020\/12\/Laochra_Thar_Lear_1_1920x1080.jpg\"><img loading=\"lazy\" decoding=\"async\" width=\"250\" height=\"141\" src=\"https:\/\/tg4-docs.s3.amazonaws.com\/tg4-redesign-2015\/wp-content\/uploads\/2020\/12\/Laochra_Thar_Lear_1_1920x1080-250x141.jpg\" alt=\"\" class=\"alignnone size-medium wp-image-115393\" srcset=\"https:\/\/tg4-docs.s3.amazonaws.com\/tg4-redesign-2015\/wp-content\/uploads\/2020\/12\/Laochra_Thar_Lear_1_1920x1080-250x141.jpg 250w, https:\/\/tg4-docs.s3.amazonaws.com\/tg4-redesign-2015\/wp-content\/uploads\/2020\/12\/Laochra_Thar_Lear_1_1920x1080-700x394.jpg 700w, https:\/\/tg4-docs.s3.amazonaws.com\/tg4-redesign-2015\/wp-content\/uploads\/2020\/12\/Laochra_Thar_Lear_1_1920x1080-252x141.jpg 252w, https:\/\/tg4-docs.s3.amazonaws.com\/tg4-redesign-2015\/wp-content\/uploads\/2020\/12\/Laochra_Thar_Lear_1_1920x1080-1536x864.jpg 1536w, https:\/\/tg4-docs.s3.amazonaws.com\/tg4-redesign-2015\/wp-content\/uploads\/2020\/12\/Laochra_Thar_Lear_1_1920x1080-120x68.jpg 120w, https:\/\/tg4-docs.s3.amazonaws.com\/tg4-redesign-2015\/wp-content\/uploads\/2020\/12\/Laochra_Thar_Lear_1_1920x1080.jpg 1920w\" sizes=\"(max-width: 250px) 100vw, 250px\" \/><\/a><br \/>\nD\u00e9anfar ceili\u00faradh ar laochra Oilimpeacha na h\u00c9ireann sa gcl\u00e1r seo. Cl\u00e1r a chuirfidh c\u00edocras l\u00fathchleasa\u00edochta orainn agus muid ag s\u00fail leis na Cluich\u00ed Oilimpeacha a bheidh i dT\u00f3iceo an samhradh seo chugainn. Caithfear s\u00fail siar ar thr\u00e9imhse ina raibh l\u00fathchleasaithe \u00c9ireannacha go m\u00f3r chun tosaigh i gcuid mh\u00f3r de na com\u00f3rtais Oilimpeacha. Tabharfar spl\u00e9achadh ar sc\u00e9alta na seaimp\u00edn\u00ed \u00c9ireannacha sa ch\u00e9ad seasca bliain de na cluich\u00ed nua-aimseartha Oilimpeacha, \u00f3n d\u00e1 bhonn \u00f3ir a bhuaigh John Pius Boland san Aithin in 1896 go dt\u00ed Ronnie Delaney, a bhris an churiarracht Oilimpeach, in Melbourne in 1956.<br \/>\n&nbsp;<\/p>\n<p><strong>Laochra na R\u00e1sa\u00edochta, 27\u00fa Nollaig 9:55pm<\/strong><br \/>\n<a href=\"https:\/\/tg4-docs.s3.amazonaws.com\/tg4-redesign-2015\/wp-content\/uploads\/2020\/12\/Laochra_na_Rasaiochta_2_1920x108.jpg\"><img loading=\"lazy\" decoding=\"async\" width=\"250\" height=\"141\" src=\"https:\/\/tg4-docs.s3.amazonaws.com\/tg4-redesign-2015\/wp-content\/uploads\/2020\/12\/Laochra_na_Rasaiochta_2_1920x108-250x141.jpg\" alt=\"\" class=\"alignnone size-medium wp-image-115391\" srcset=\"https:\/\/tg4-docs.s3.amazonaws.com\/tg4-redesign-2015\/wp-content\/uploads\/2020\/12\/Laochra_na_Rasaiochta_2_1920x108-250x141.jpg 250w, https:\/\/tg4-docs.s3.amazonaws.com\/tg4-redesign-2015\/wp-content\/uploads\/2020\/12\/Laochra_na_Rasaiochta_2_1920x108-700x394.jpg 700w, https:\/\/tg4-docs.s3.amazonaws.com\/tg4-redesign-2015\/wp-content\/uploads\/2020\/12\/Laochra_na_Rasaiochta_2_1920x108-252x141.jpg 252w, https:\/\/tg4-docs.s3.amazonaws.com\/tg4-redesign-2015\/wp-content\/uploads\/2020\/12\/Laochra_na_Rasaiochta_2_1920x108-1536x864.jpg 1536w, https:\/\/tg4-docs.s3.amazonaws.com\/tg4-redesign-2015\/wp-content\/uploads\/2020\/12\/Laochra_na_Rasaiochta_2_1920x108-120x68.jpg 120w, https:\/\/tg4-docs.s3.amazonaws.com\/tg4-redesign-2015\/wp-content\/uploads\/2020\/12\/Laochra_na_Rasaiochta_2_1920x108.jpg 1920w\" sizes=\"(max-width: 250px) 100vw, 250px\" \/><\/a><br \/>\n<strong>Dawn Run:<\/strong> Tabharfar spl\u00e9achadh sa gcl\u00e1r seo ar na capaill ba mh\u00f3 c\u00e1il sa r\u00e1sa\u00edocht seilge n\u00e1isi\u00fanta \u00f3 na 1970id\u00ed go dt\u00ed an l\u00e1 at\u00e1 inniu ann. Caithfear s\u00fail siar ar laethanta \u00f3rga le p\u00edosa\u00ed scann\u00e1n \u00f3n gcartlann chomh maith le hagallaimh \u00f3 na fir agus mn\u00e1 a bh\u00ed i mbun na gcapall seo. Sc\u00e9al Dawn Run a bheidh faoi chaibidil sa chl\u00e1r seo. Paddy Mullins a thraen\u00e1il an l\u00e1ir seo i gCill Chainnigh agus is \u00ed an t-aon capall riamh a bhuaigh an Champion Hurdle agus an Corn \u00d3ir ag Cheltenham.<\/p>\n<h3>Ceol:<\/h3>\n<div style=\"position: relative; overflow: auto; width: 100%; padding-bottom: 56.25%;\"><iframe loading=\"lazy\" src=\"https:\/\/www.youtube.com\/embed\/VI4tYxFhZuA\" width=\"100%\" height=\"100%\" frameborder=\"0\" scrolling=\"no\" allowFullscreen=\"true\" style=\"position: absolute; top: 0px; display: block;\"><\/iframe><\/div>\n<p>&nbsp;<\/p>\n<p><strong>Tunes from the Church, 20\u00fa Nollaig 9:30pm<\/strong><br \/>\nCeolchoirm cheoil thraidisi\u00fanta \u00f3 sh\u00e9ip\u00e9al Naomh Niocl\u00e1s i gcathair na Gaillimhe, \u00e1 cur i l\u00e1thair ag Cormac \u00d3 Beaglaoich. Beidh S\u00e9amus \u00d3 Beaglaoich agus Steve Cooney, beirt ceannr\u00f3daithe ceoil a bhain cl\u00fa amach sna 90id\u00ed, ar ais le ch\u00e9ile don o\u00edche speisialta seo. In \u00e9ineacht leo ar st\u00e1itse beidh an Can\u00f3nach Gary Hastings, Kevin Hough, Saileog N\u00ed Cheannabh\u00e1in agus Cl\u00edodhna N\u00ed Bheaglaoich.<br \/>\n&nbsp;<\/p>\n<p><strong>An\u00fana: On a Cold Winter&#8217;s Night, O\u00edche Nollag 8:15pm<\/strong><br \/>\nFaoi sholas coinnle a taifeadadh an cheolchoirm seo i S\u00e9ip\u00e9al Naomh Bartholomew i mBaile \u00c1tha Cliath. Cuims\u00edonn na hamhr\u00e1in m\u00edle bliain de cheol a crutha\u00edodh do sh\u00e9as\u00far an gheimhridh arna l\u00e9iri\u00fa ag an ngr\u00fapa gutha iomr\u00e1iteach AN\u00daNA. I measc na n-amhr\u00e1n clasaiceach a chan siad bh\u00ed Away in the Manger, Jingle Bells &#038; Ding Dong Merrily on High chomh maith le D\u00falam\u00e1n, Pie Jesu agus Fionnghuala.<br \/>\n&nbsp;<\/p>\n<p><strong>Kilfenora Beo, L\u00e1 Nollag 8:05pm<\/strong><br \/>\nBuaicphoint\u00ed \u00f3 cheolchoirm bheo ar l\u00edne i dteannta r\u00e9alta TikTok, Michael agus Matthew Gardiner, Sin\u00e9ad Neylon agus Edel Vaughan. B\u00ed linn do chl\u00e1r ar leith!<br \/>\n&nbsp;<\/p>\n<p><strong>The Dubliners &#8211; The Parting Glass, L\u00e1 Nollag 9:55pm<\/strong><\/p>\n<div style=\"position: relative; overflow: auto; width: 100%; padding-bottom: 56.25%;\"><iframe loading=\"lazy\" src=\"https:\/\/www.youtube.com\/embed\/Ux9Zt82jQBE\" width=\"100%\" height=\"100%\" frameborder=\"0\" scrolling=\"no\" allowFullscreen=\"true\" style=\"position: absolute; top: 0px; display: block;\"><\/iframe><\/div>\n<p>Tabharfar \u00f3m\u00f3s sa gcl\u00e1r seo do cheann de bhanna\u00ed m\u00f3ra na t\u00edre The Dubliners. Craoladh eisiach \u00f3 Ardeaglais Theampall Chr\u00edost i mBaile \u00c1tha Cliath agus iad ag ceili\u00faradh 50 bliain d\u00e1 gcuid ceoil. Is \u00ed seo an cheolchoirm a chuir t\u00fas leis an gcamchuairt deiridh uilig in 2012 agus ba \u00e9 an uair dheireanach \u00e9 ag Barney McKenna ar st\u00e1itse i mBaile \u00c1tha Cliath. Beidh O\u00edche mh\u00f3r craic, sc\u00e9alta agus ceoil ann.<br \/>\n&nbsp;<\/p>\n<p><strong>Cherish the Ladies A Christmas Concert, O\u00edche Nollag 7:15pm<\/strong><br \/>\nCeolchoirm Nollag Cherish the Ladies as Rinn na Sp\u00e1inneach i gCo. an Chl\u00e1ir. \u00d3 tharla srianta dianghlas\u00e1la Covid-19 a bheidh i bhfeidhm, is in \u00c9irinn a re\u00e1cht\u00e1il na mn\u00e1 ceolchoirm na bliana seo agus iad faoi sti\u00fair Joanie Madden.<br \/>\n&nbsp;<\/p>\n<p><strong>Liam O&#8217;Flynn &#8211; P\u00edobaire, L\u00e1 le Stiof\u00e1in 7:45pm<\/strong><br \/>\nFadscann\u00e1n faisn\u00e9ise faoin m\u00e1istir ar na p\u00edb, Liam \u00d3g \u00d3 Floinn, \u00f3 bh\u00ed s\u00e9 ina bhall den s\u00e1rghr\u00fapa ceoil, Planxty go dt\u00ed a shaothar ceannr\u00f3da\u00edoch ceolfhoirne The Brendan Voyage.<br \/>\n&nbsp;<\/p>\n<p><strong>Christy Moore &#8211; Come All You Dreamers, 27\u00fa Nollaig 10:55pm<\/strong><br \/>\nChristy Moore, Declan Sinnott agus a\u00edonna eile i mbun ceoil ag Ceolchoirm a taifeadadh beo sa Barrowland i nGlasch\u00fa. I measc na n-amhr\u00e1n a chasfaidh siad beidh After the Deluge, Barrowland, City Of Chicago, Ride On, Missing you, Back Home in Derry agus neart eile.<br \/>\n&nbsp;<\/p>\n<p><strong>Gradam Ceoil TG4 2020, O\u00edche Chinn Bliana 8:15pm <\/strong><br \/>\nGradam Ceoil TG4 2020 as Halla an Waterfront i mB\u00e9al Feirste. Tiocfaidh pl\u00far na gceolt\u00f3ir\u00ed \u00f3 gach cearn den domhan le ch\u00e9ile don \u00f3c\u00e1id speisialta seo. \u00c1 chur i l\u00e1thair ag Doireann N\u00ed Ghlac\u00e1in agus D\u00f3nal O&#8217;Connor. Beidh ceolt\u00f3ir\u00ed agus fonnad\u00f3ir\u00ed amhail Laoise Kelly, Seamus Connolly, Josephine Marsh, Sharon Howley, Ned Kelly, Lillis \u00d3 Laoire agus Beoga i measc na rannph\u00e1irtithe ar an o\u00edche.<br \/>\n&nbsp;<\/p>\n<p><strong>F\u00e1ilte 2021, O\u00edche Chinn Bliana 11:30pm<\/strong><br \/>\nCuirfidh D\u00e1ith\u00ed \u00d3 S\u00e9 agus Muireann Nic Amhlaoibh t\u00fas spleodrach leis an mbliain nua \u00f3n Daingean le f\u00e9asta speisialta ceoil ar F\u00e1ilte 2021. Beidh scoth an cheoil, chomh maith le scoth na n-amhr\u00e1naithe agus na ndamhs\u00f3ir\u00ed againn daoibh \u00f3 Chonamara, D\u00fan na nGall, R\u00e1th Chairn, An Rinn agus \u00f3 Chorca Dhuibhne! I measc na rannph\u00e1irtithe ar an gcl\u00e1r beidh S\u00e9amus Begley agus a chlann, Fidil, Cormac Begley, Pauline Scanlon &#038; The Whileaways, Emma N\u00ed Fhioruisce, Megan Nic Ruair\u00ed, Johnny \u00d3g Connolly, M\u00e1irt\u00edn Tom She\u00e1in\u00edn, S\u00e9amus &#038; Caoimhe U\u00ed Fhlatharta, The Hot Toddies agus go leor eile.<br \/>\n&nbsp;<\/p>\n<h3>Scann\u00e1n Cine4<\/h3>\n<p><strong>Finky, L\u00e1 Caille 9:20pm<\/strong><br \/>\n2019) An ch\u00e9ad l\u00e9iri\u00fa teilif\u00edse don scann\u00e1n Gaeilge FINKY a l\u00e9ir\u00edodh mar chuid de Cine4. Is iad Dara Devaney, Ned Dennehy agus Diarmuid de Faoite na pr\u00edomhaisteoir\u00ed sa scann\u00e1n seo faoi sti\u00fair Dhatha\u00ed Keane. Ceolt\u00f3ir agus puip\u00e9ad\u00f3ir \u00e9 Mic\u00ed Finky at\u00e1 ag iarraidh \u00e9al\u00fa \u00f3n saol a bh\u00ed aige. Goideann s\u00e9 cl\u00fadach airgid agus tugann s\u00e9 f\u00e9in agus a chara aghaidh ar Albain. Ach baineann drochthimpiste do Finky an ch\u00e9ad o\u00edche acu i nGlasch\u00fa agus f\u00e1gtar gan mhoth\u00fa \u00e9 \u00f3na bh\u00e1sta s\u00edos. T\u00e9ann an saol in aimhr\u00e9idh air ach tugann obair at\u00e1 faighte aige le Carnival Chaotica misneach d\u00f3.<\/p>\n<p>&nbsp;<br \/>\n&nbsp;<\/p>\n","protected":false},"excerpt":{"rendered":"<p>&nbsp; T\u00e1 sceideal l\u00e1n go barra ag TG4 an Nollaig seo ina mbeidh faisn\u00e9is nua, ceol na Nollag, faisn\u00e9is sp\u00f3irt, scann\u00e1in Ghaeilge agus siamsa\u00edocht don teaghlach ar fad. &nbsp; Faisn\u00e9is Nua: Maureen O&#8217;Hara &#8211; Banr\u00edon Hollywood, L\u00e1 Nollag 9pm Tabharfar spl\u00e9achadh sa gcl\u00e1r faisn\u00e9ise seo, ar ceili\u00faradh \u00e9 ar ch\u00e9ad bliain \u00f3 rugadh Maureen O&#8217;Hara, [&hellip;]<\/p>\n","protected":false},"author":876,"featured_media":0,"parent":111525,"menu_order":59,"comment_status":"closed","ping_status":"closed","template":"page-templates\/template-pr.php","meta":{"_acf_changed":false,"footnotes":""},"acf":[],"yoast_head":"<!-- This site is optimized with the Yoast SEO plugin v22.6 - https:\/\/yoast.com\/wordpress\/plugins\/seo\/ -->\n<title>Seoda na Nollag \u00f3 TG4 | Preas R\u00e1iteas | TG4<\/title>\n<meta name=\"robots\" content=\"index, follow, max-snippet:-1, max-image-preview:large, max-video-preview:-1\" \/>\n<meta property=\"og:locale\" content=\"en_US\" \/>\n<meta property=\"og:type\" content=\"article\" \/>\n<meta property=\"og:title\" content=\"Seoda na Nollag \u00f3 TG4 | Preas R\u00e1iteas | TG4\" \/>\n<meta property=\"og:description\" content=\"&nbsp; T\u00e1 sceideal l\u00e1n go barra ag TG4 an Nollaig seo ina mbeidh faisn\u00e9is nua, ceol na Nollag, faisn\u00e9is sp\u00f3irt, scann\u00e1in Ghaeilge agus siamsa\u00edocht don teaghlach ar fad. &nbsp; Faisn\u00e9is Nua: Maureen O&#8217;Hara &#8211; Banr\u00edon Hollywood, L\u00e1 Nollag 9pm Tabharfar spl\u00e9achadh sa gcl\u00e1r faisn\u00e9ise seo, ar ceili\u00faradh \u00e9 ar ch\u00e9ad bliain \u00f3 rugadh Maureen O&#8217;Hara, [&hellip;]\" \/>\n<meta property=\"og:url\" content=\"https:\/\/dev.tg4.ie\/ga\/eolas\/preas\/nuacht-raitis\/2020-2\/seoda-na-nollag-o-tg4\/\" \/>\n<meta property=\"og:site_name\" content=\"TG4\" \/>\n<meta property=\"article:publisher\" content=\"https:\/\/www.facebook.com\/TG4TV\" \/>\n<meta property=\"article:modified_time\" content=\"2020-12-10T11:29:36+00:00\" \/>\n<meta property=\"og:image\" content=\"https:\/\/tg4-docs.s3.amazonaws.com\/tg4-redesign-2015\/wp-content\/uploads\/2020\/12\/Maureen_O_Hara_2_1920x1080.jpg\" \/>\n\t<meta property=\"og:image:width\" content=\"1920\" \/>\n\t<meta property=\"og:image:height\" content=\"1080\" \/>\n\t<meta property=\"og:image:type\" content=\"image\/jpeg\" \/>\n<meta name=\"twitter:card\" content=\"summary_large_image\" \/>\n<meta name=\"twitter:image\" content=\"https:\/\/tg4-docs.s3.amazonaws.com\/tg4-redesign-2015\/wp-content\/uploads\/2020\/12\/Maureen_O_Hara_2_1920x1080.jpg\" \/>\n<meta name=\"twitter:site\" content=\"@TG4TV\" \/>\n<meta name=\"twitter:label1\" content=\"Est. reading time\" \/>\n\t<meta name=\"twitter:data1\" content=\"7 minutes\" \/>\n<script type=\"application\/ld+json\" class=\"yoast-schema-graph\">{\"@context\":\"https:\/\/schema.org\",\"@graph\":[{\"@type\":\"WebPage\",\"@id\":\"https:\/\/dev.tg4.ie\/ga\/eolas\/preas\/nuacht-raitis\/2020-2\/seoda-na-nollag-o-tg4\/\",\"url\":\"https:\/\/dev.tg4.ie\/ga\/eolas\/preas\/nuacht-raitis\/2020-2\/seoda-na-nollag-o-tg4\/\",\"name\":\"Seoda na Nollag \u00f3 TG4 | Preas R\u00e1iteas | TG4\",\"isPartOf\":{\"@id\":\"https:\/\/dev.tg4.ie\/en\/#website\"},\"primaryImageOfPage\":{\"@id\":\"https:\/\/dev.tg4.ie\/ga\/eolas\/preas\/nuacht-raitis\/2020-2\/seoda-na-nollag-o-tg4\/#primaryimage\"},\"image\":{\"@id\":\"https:\/\/dev.tg4.ie\/ga\/eolas\/preas\/nuacht-raitis\/2020-2\/seoda-na-nollag-o-tg4\/#primaryimage\"},\"thumbnailUrl\":\"https:\/\/dev.tg4.ie\/wp-content\/uploads\/2020\/12\/Maureen_O_Hara_2_1920x1080.jpg\",\"datePublished\":\"2020-12-09T17:26:05+00:00\",\"dateModified\":\"2020-12-10T11:29:36+00:00\",\"breadcrumb\":{\"@id\":\"https:\/\/dev.tg4.ie\/ga\/eolas\/preas\/nuacht-raitis\/2020-2\/seoda-na-nollag-o-tg4\/#breadcrumb\"},\"inLanguage\":\"ga\",\"potentialAction\":[{\"@type\":\"ReadAction\",\"target\":[\"https:\/\/dev.tg4.ie\/ga\/eolas\/preas\/nuacht-raitis\/2020-2\/seoda-na-nollag-o-tg4\/\"]}]},{\"@type\":\"ImageObject\",\"inLanguage\":\"ga\",\"@id\":\"https:\/\/dev.tg4.ie\/ga\/eolas\/preas\/nuacht-raitis\/2020-2\/seoda-na-nollag-o-tg4\/#primaryimage\",\"url\":\"https:\/\/dev.tg4.ie\/wp-content\/uploads\/2020\/12\/Maureen_O_Hara_2_1920x1080.jpg\",\"contentUrl\":\"https:\/\/dev.tg4.ie\/wp-content\/uploads\/2020\/12\/Maureen_O_Hara_2_1920x1080.jpg\"},{\"@type\":\"BreadcrumbList\",\"@id\":\"https:\/\/dev.tg4.ie\/ga\/eolas\/preas\/nuacht-raitis\/2020-2\/seoda-na-nollag-o-tg4\/#breadcrumb\",\"itemListElement\":[{\"@type\":\"ListItem\",\"position\":1,\"name\":\"Home\",\"item\":\"https:\/\/dev.tg4.ie\/ga\/\"},{\"@type\":\"ListItem\",\"position\":2,\"name\":\"Eolas\",\"item\":\"https:\/\/dev.tg4.ie\/ga\/eolas\/\"},{\"@type\":\"ListItem\",\"position\":3,\"name\":\"Preas\",\"item\":\"https:\/\/dev.tg4.ie\/ga\/eolas\/preas\/\"},{\"@type\":\"ListItem\",\"position\":4,\"name\":\"Nuacht R\u00e1itis\",\"item\":\"https:\/\/dev.tg4.ie\/ga\/eolas\/preas\/nuacht-raitis\/\"},{\"@type\":\"ListItem\",\"position\":5,\"name\":\"2020\",\"item\":\"https:\/\/dev.tg4.ie\/ga\/eolas\/preas\/nuacht-raitis\/2020-2\/\"},{\"@type\":\"ListItem\",\"position\":6,\"name\":\"Seoda na Nollag \u00f3 TG4\"}]},{\"@type\":\"WebSite\",\"@id\":\"https:\/\/dev.tg4.ie\/en\/#website\",\"url\":\"https:\/\/dev.tg4.ie\/en\/\",\"name\":\"TG4\",\"description\":\"S\u00fail Eile\",\"potentialAction\":[{\"@type\":\"SearchAction\",\"target\":{\"@type\":\"EntryPoint\",\"urlTemplate\":\"https:\/\/dev.tg4.ie\/en\/?s={search_term_string}\"},\"query-input\":\"required name=search_term_string\"}],\"inLanguage\":\"ga\"}]}<\/script>\n<!-- \/ Yoast SEO plugin. -->","yoast_head_json":{"title":"Seoda na Nollag \u00f3 TG4 | Preas R\u00e1iteas | TG4","robots":{"index":"index","follow":"follow","max-snippet":"max-snippet:-1","max-image-preview":"max-image-preview:large","max-video-preview":"max-video-preview:-1"},"og_locale":"en_US","og_type":"article","og_title":"Seoda na Nollag \u00f3 TG4 | Preas R\u00e1iteas | TG4","og_description":"&nbsp; T\u00e1 sceideal l\u00e1n go barra ag TG4 an Nollaig seo ina mbeidh faisn\u00e9is nua, ceol na Nollag, faisn\u00e9is sp\u00f3irt, scann\u00e1in Ghaeilge agus siamsa\u00edocht don teaghlach ar fad. &nbsp; Faisn\u00e9is Nua: Maureen O&#8217;Hara &#8211; Banr\u00edon Hollywood, L\u00e1 Nollag 9pm Tabharfar spl\u00e9achadh sa gcl\u00e1r faisn\u00e9ise seo, ar ceili\u00faradh \u00e9 ar ch\u00e9ad bliain \u00f3 rugadh Maureen O&#8217;Hara, [&hellip;]","og_url":"https:\/\/dev.tg4.ie\/ga\/eolas\/preas\/nuacht-raitis\/2020-2\/seoda-na-nollag-o-tg4\/","og_site_name":"TG4","article_publisher":"https:\/\/www.facebook.com\/TG4TV","article_modified_time":"2020-12-10T11:29:36+00:00","og_image":[{"width":1920,"height":1080,"url":"https:\/\/tg4-docs.s3.amazonaws.com\/tg4-redesign-2015\/wp-content\/uploads\/2020\/12\/Maureen_O_Hara_2_1920x1080.jpg","type":"image\/jpeg"}],"twitter_card":"summary_large_image","twitter_image":"https:\/\/tg4-docs.s3.amazonaws.com\/tg4-redesign-2015\/wp-content\/uploads\/2020\/12\/Maureen_O_Hara_2_1920x1080.jpg","twitter_site":"@TG4TV","twitter_misc":{"Est. reading time":"7 minutes"},"schema":{"@context":"https:\/\/schema.org","@graph":[{"@type":"WebPage","@id":"https:\/\/dev.tg4.ie\/ga\/eolas\/preas\/nuacht-raitis\/2020-2\/seoda-na-nollag-o-tg4\/","url":"https:\/\/dev.tg4.ie\/ga\/eolas\/preas\/nuacht-raitis\/2020-2\/seoda-na-nollag-o-tg4\/","name":"Seoda na Nollag \u00f3 TG4 | Preas R\u00e1iteas | TG4","isPartOf":{"@id":"https:\/\/dev.tg4.ie\/en\/#website"},"primaryImageOfPage":{"@id":"https:\/\/dev.tg4.ie\/ga\/eolas\/preas\/nuacht-raitis\/2020-2\/seoda-na-nollag-o-tg4\/#primaryimage"},"image":{"@id":"https:\/\/dev.tg4.ie\/ga\/eolas\/preas\/nuacht-raitis\/2020-2\/seoda-na-nollag-o-tg4\/#primaryimage"},"thumbnailUrl":"https:\/\/dev.tg4.ie\/wp-content\/uploads\/2020\/12\/Maureen_O_Hara_2_1920x1080.jpg","datePublished":"2020-12-09T17:26:05+00:00","dateModified":"2020-12-10T11:29:36+00:00","breadcrumb":{"@id":"https:\/\/dev.tg4.ie\/ga\/eolas\/preas\/nuacht-raitis\/2020-2\/seoda-na-nollag-o-tg4\/#breadcrumb"},"inLanguage":"ga","potentialAction":[{"@type":"ReadAction","target":["https:\/\/dev.tg4.ie\/ga\/eolas\/preas\/nuacht-raitis\/2020-2\/seoda-na-nollag-o-tg4\/"]}]},{"@type":"ImageObject","inLanguage":"ga","@id":"https:\/\/dev.tg4.ie\/ga\/eolas\/preas\/nuacht-raitis\/2020-2\/seoda-na-nollag-o-tg4\/#primaryimage","url":"https:\/\/dev.tg4.ie\/wp-content\/uploads\/2020\/12\/Maureen_O_Hara_2_1920x1080.jpg","contentUrl":"https:\/\/dev.tg4.ie\/wp-content\/uploads\/2020\/12\/Maureen_O_Hara_2_1920x1080.jpg"},{"@type":"BreadcrumbList","@id":"https:\/\/dev.tg4.ie\/ga\/eolas\/preas\/nuacht-raitis\/2020-2\/seoda-na-nollag-o-tg4\/#breadcrumb","itemListElement":[{"@type":"ListItem","position":1,"name":"Home","item":"https:\/\/dev.tg4.ie\/ga\/"},{"@type":"ListItem","position":2,"name":"Eolas","item":"https:\/\/dev.tg4.ie\/ga\/eolas\/"},{"@type":"ListItem","position":3,"name":"Preas","item":"https:\/\/dev.tg4.ie\/ga\/eolas\/preas\/"},{"@type":"ListItem","position":4,"name":"Nuacht R\u00e1itis","item":"https:\/\/dev.tg4.ie\/ga\/eolas\/preas\/nuacht-raitis\/"},{"@type":"ListItem","position":5,"name":"2020","item":"https:\/\/dev.tg4.ie\/ga\/eolas\/preas\/nuacht-raitis\/2020-2\/"},{"@type":"ListItem","position":6,"name":"Seoda na Nollag \u00f3 TG4"}]},{"@type":"WebSite","@id":"https:\/\/dev.tg4.ie\/en\/#website","url":"https:\/\/dev.tg4.ie\/en\/","name":"TG4","description":"S\u00fail Eile","potentialAction":[{"@type":"SearchAction","target":{"@type":"EntryPoint","urlTemplate":"https:\/\/dev.tg4.ie\/en\/?s={search_term_string}"},"query-input":"required name=search_term_string"}],"inLanguage":"ga"}]}},"_links":{"self":[{"href":"https:\/\/dev.tg4.ie\/ga\/wp-json\/wp\/v2\/pages\/115387"}],"collection":[{"href":"https:\/\/dev.tg4.ie\/ga\/wp-json\/wp\/v2\/pages"}],"about":[{"href":"https:\/\/dev.tg4.ie\/ga\/wp-json\/wp\/v2\/types\/page"}],"author":[{"embeddable":true,"href":"https:\/\/dev.tg4.ie\/ga\/wp-json\/wp\/v2\/users\/876"}],"replies":[{"embeddable":true,"href":"https:\/\/dev.tg4.ie\/ga\/wp-json\/wp\/v2\/comments?post=115387"}],"version-history":[{"count":0,"href":"https:\/\/dev.tg4.ie\/ga\/wp-json\/wp\/v2\/pages\/115387\/revisions"}],"up":[{"embeddable":true,"href":"https:\/\/dev.tg4.ie\/ga\/wp-json\/wp\/v2\/pages\/111525"}],"wp:attachment":[{"href":"https:\/\/dev.tg4.ie\/ga\/wp-json\/wp\/v2\/media?parent=115387"}],"curies":[{"name":"wp","href":"https:\/\/api.w.org\/{rel}","templated":true}]}}