{"id":115537,"date":"2020-12-16T14:56:20","date_gmt":"2020-12-16T14:56:20","guid":{"rendered":"https:\/\/dev.tg4.ie\/?page_id=115537"},"modified":"2020-12-16T14:56:20","modified_gmt":"2020-12-16T14:56:20","slug":"cothromaiocht-nios-fearr-i-maoiniu-na-mean-seirbhise-poibli-a-lorg-ag-tg4","status":"publish","type":"page","link":"https:\/\/dev.tg4.ie\/ga\/eolas\/preas\/nuacht-raitis\/2020-2\/cothromaiocht-nios-fearr-i-maoiniu-na-mean-seirbhise-poibli-a-lorg-ag-tg4\/","title":{"rendered":"Cothroma\u00edocht n\u00edos fearr i maoini\u00fa na me\u00e1n seirbh\u00edse poibl\u00ed \u00e1 lorg ag TG4"},"content":{"rendered":"<p><a href=\"https:\/\/tg4-docs.s3.amazonaws.com\/tg4-redesign-2015\/wp-content\/uploads\/2020\/10\/Foirgneamh_TG4.jpg\"><img loading=\"lazy\" decoding=\"async\" width=\"1920\" height=\"1080\" src=\"https:\/\/tg4-docs.s3.amazonaws.com\/tg4-redesign-2015\/wp-content\/uploads\/2020\/10\/Foirgneamh_TG4.jpg\" alt=\"\" class=\"alignnone size-full wp-image-114644\" srcset=\"https:\/\/tg4-docs.s3.amazonaws.com\/tg4-redesign-2015\/wp-content\/uploads\/2020\/10\/Foirgneamh_TG4.jpg 1920w, https:\/\/tg4-docs.s3.amazonaws.com\/tg4-redesign-2015\/wp-content\/uploads\/2020\/10\/Foirgneamh_TG4-250x141.jpg 250w, https:\/\/tg4-docs.s3.amazonaws.com\/tg4-redesign-2015\/wp-content\/uploads\/2020\/10\/Foirgneamh_TG4-700x394.jpg 700w, https:\/\/tg4-docs.s3.amazonaws.com\/tg4-redesign-2015\/wp-content\/uploads\/2020\/10\/Foirgneamh_TG4-252x141.jpg 252w, https:\/\/tg4-docs.s3.amazonaws.com\/tg4-redesign-2015\/wp-content\/uploads\/2020\/10\/Foirgneamh_TG4-1536x864.jpg 1536w, https:\/\/tg4-docs.s3.amazonaws.com\/tg4-redesign-2015\/wp-content\/uploads\/2020\/10\/Foirgneamh_TG4-120x68.jpg 120w\" sizes=\"(max-width: 1920px) 100vw, 1920px\" \/><\/a><\/p>\n<p>&nbsp;<\/p>\n<p>Chuir Ard-Sti\u00farth\u00f3ir TG4 Alan Esslemont f\u00eds TG4 i l\u00e1thair inniu don Chomhchoiste Oireachtais um na Me\u00e1in, Turas\u00f3ireacht, na hEala\u00edona, Cult\u00far, Sp\u00f3rt agus an Ghaeltacht ar athshamhl\u00fa na me\u00e1n seirbh\u00edse poibl\u00ed in \u00c9irinn.<br \/>\n&nbsp;<br \/>\nMolann TG4 gur cheart go mbeadh \u00e9icach\u00f3ras ann do na Me\u00e1in Sheirbh\u00edse Poibl\u00ed agus go mbeadh an tsuim ch\u00e9anna de mhaoini\u00fa poibl\u00ed roinnte idir F\u00eds \u00c9ireann, TG4 agus an Ciste BAI Fuaim &#038; F\u00eds agus at\u00e1 ag RT\u00c9 a thabharfadh \u00e9ags\u00falacht agus iolrachas san earn\u00e1il agus cothroma\u00edocht san \u00e9iceach\u00f3ras poibl\u00ed closamhairc agus a leagan amach r\u00e9igi\u00fanach.<br \/>\n&nbsp;<br \/>\nT\u00e1 strucht\u00far closamhairc na h\u00c9ireann mar an gc\u00e9anna nach m\u00f3r leis an am roimh an Acht Craolach\u00e1in 2009.  T\u00e1 s\u00e9 lonnaithe i mBaile \u00c1tha Cliath den chuid is m\u00f3.  T\u00e1 deis mh\u00f3r ann cur le strucht\u00far na heacnama\u00edochta cruthaitheach i r\u00e9igi\u00fain na h\u00c9ireann.   Is f\u00f3rsa Craolt\u00f3ireachta Poibl\u00ed \u00e9 TG4 at\u00e1 in ann forbairt, sc\u00e1la agus idirn\u00e1isi\u00fan\u00fa a spreagadh san earn\u00e1il neamhsple\u00e1ch l\u00e9iri\u00fach\u00e1in sna r\u00e9igi\u00fain.<br \/>\n&nbsp;<br \/>\nCreideann TG4 gur cheart go bhfanfadh seirbh\u00eds\u00ed l\u00edneacha agus ar \u00e9ileamh Craolach\u00e1in Seirbh\u00edse Poibl\u00ed so-aimsithe ar ard\u00e1in craolt\u00f3ireachta in \u00c9irinn.  Ba ch\u00f3ir go mbeadh tosa\u00edochta\u00ed feice\u00e1lachta ag TG4 HD, TG4+1 agus Seinnteoir TG4 ar gach ard\u00e1n t\u00e1bhachtach craolt\u00f3ireachta agus  go mbeadh \u2018C\u00fala4\u2019 ar f\u00e1il mar chain\u00e9al ann f\u00e9in.<br \/>\n&nbsp;<br \/>\nT\u00e1 st\u00e1das mar chraolt\u00f3ir seirbh\u00edse poibl\u00ed \u00e1 lorg ag TG4 i dTuaisceart \u00c9ireann agus iarratas d\u00e9anta go mbeadh s\u00e9 ar f\u00e1il ar chain\u00e9al a 8 ar Freeview mar go bhfuil s\u00e9 t\u00e1bhachtach go mbeidh TG4 so-aimsithe i dTuaisceart \u00c9ireann.<br \/>\n&nbsp;<br \/>\nDar le Alan Esslemont, ba cheart go mbeadh an uaillmhian ch\u00e9anna ag craolt\u00f3ireacht na Gaeilge agus at\u00e1 ag craolt\u00f3ireacht na Breatnaise.  T\u00e1 maoini\u00fa poibl\u00ed de \u00a381.5M ag S4C na Breataine Bige agus tugann an BBC 515 uair de chl\u00e1racha per annum do S4C, luach \u00a322M. Mar sin t\u00e1 maoini\u00fa ioml\u00e1n poibl\u00ed de \u00a3103.5M \u00e1 chur ar f\u00e1il don teilif\u00eds i mBreatnais.<br \/>\n&nbsp;<br \/>\nTeasta\u00edonn ciste n\u00e1isi\u00fanta d\u2019\u00e1bhar do dhaoine \u00f3ga faoi 35 agus gur cheart m\u00e9ad\u00fa a chur ar Chiste Craolt\u00f3ireachta na Gaeilge ag NI Screen, mar a bh\u00ed molta sa socr\u00fa \u2018New Decade, New Approach\u2019.<br \/>\n&nbsp;<br \/>\nLabhair Alan Esslemont faoi thionchar na paind\u00e9ime Covid-19 ar an earn\u00e1il freisin.  <em>\u2018An bhliain seo de Covid, ba bhliain \u00ed de chumha, mearbhall agus br\u00f3n. Ach bliain de \u00e9achta\u00ed daonnachta agus seirbh\u00edse poibl\u00ed a bh\u00ed ann freisin. In\u00e1r dtionscal closamhairc f\u00e9in, ba mhaith liom \u00f3m\u00f3s a thabhairt d\u2019fhoireann inmhe\u00e1nach TG4 agus do na l\u00e9iritheoir\u00ed neamhsple\u00e1cha uile a chomhoibr\u00edonn linn.\u2019<\/em><br \/>\n&nbsp;<br \/>\nT\u00e1 comhoibri\u00fa lean\u00fanach idir TG4 agus eagra\u00edochta\u00ed i r\u00e9ims\u00ed na turas\u00f3ireachta, an chult\u00fair, na n-eala\u00edon, an sp\u00f3irt agus na Gaeilge is f\u00e9idir le TG4 cur go m\u00f3r leis na cusp\u00f3ir\u00ed poibl\u00ed a bhaineann le hobair an choiste.   T\u00e1 d\u2019uailmhian ag TG4 t\u00f3g\u00e1il ar an seirbh\u00eds chuimsitheach, ilghn\u00e9itheach Gaeilge at\u00e1 ar f\u00e1il don lucht f\u00e9achana in \u00c9irinn agus ar fud an domhain ar an seinnteoir.<\/p>\n<p>&nbsp;<br \/>\n&nbsp;<\/p>\n","protected":false},"excerpt":{"rendered":"<p>&nbsp; Chuir Ard-Sti\u00farth\u00f3ir TG4 Alan Esslemont f\u00eds TG4 i l\u00e1thair inniu don Chomhchoiste Oireachtais um na Me\u00e1in, Turas\u00f3ireacht, na hEala\u00edona, Cult\u00far, Sp\u00f3rt agus an Ghaeltacht ar athshamhl\u00fa na me\u00e1n seirbh\u00edse poibl\u00ed in \u00c9irinn. &nbsp; Molann TG4 gur cheart go mbeadh \u00e9icach\u00f3ras ann do na Me\u00e1in Sheirbh\u00edse Poibl\u00ed agus go mbeadh an tsuim ch\u00e9anna de mhaoini\u00fa [&hellip;]<\/p>\n","protected":false},"author":876,"featured_media":0,"parent":111525,"menu_order":60,"comment_status":"closed","ping_status":"closed","template":"page-templates\/template-pr.php","meta":{"_acf_changed":false,"footnotes":""},"acf":[],"yoast_head":"<!-- This site is optimized with the Yoast SEO plugin v22.6 - https:\/\/yoast.com\/wordpress\/plugins\/seo\/ -->\n<title>Cothroma\u00edocht n\u00edos fearr i maoini\u00fa na me\u00e1n seirbh\u00edse poibl\u00ed \u00e1 lorg ag TG4 | Preas R\u00e1iteas | TG4<\/title>\n<meta name=\"robots\" content=\"index, follow, max-snippet:-1, max-image-preview:large, max-video-preview:-1\" \/>\n<meta property=\"og:locale\" content=\"en_US\" \/>\n<meta property=\"og:type\" content=\"article\" \/>\n<meta property=\"og:title\" content=\"Cothroma\u00edocht n\u00edos fearr i maoini\u00fa na me\u00e1n seirbh\u00edse poibl\u00ed \u00e1 lorg ag TG4 | Preas R\u00e1iteas | TG4\" \/>\n<meta property=\"og:description\" content=\"&nbsp; Chuir Ard-Sti\u00farth\u00f3ir TG4 Alan Esslemont f\u00eds TG4 i l\u00e1thair inniu don Chomhchoiste Oireachtais um na Me\u00e1in, Turas\u00f3ireacht, na hEala\u00edona, Cult\u00far, Sp\u00f3rt agus an Ghaeltacht ar athshamhl\u00fa na me\u00e1n seirbh\u00edse poibl\u00ed in \u00c9irinn. &nbsp; Molann TG4 gur cheart go mbeadh \u00e9icach\u00f3ras ann do na Me\u00e1in Sheirbh\u00edse Poibl\u00ed agus go mbeadh an tsuim ch\u00e9anna de mhaoini\u00fa [&hellip;]\" \/>\n<meta property=\"og:url\" content=\"https:\/\/dev.tg4.ie\/ga\/eolas\/preas\/nuacht-raitis\/2020-2\/cothromaiocht-nios-fearr-i-maoiniu-na-mean-seirbhise-poibli-a-lorg-ag-tg4\/\" \/>\n<meta property=\"og:site_name\" content=\"TG4\" \/>\n<meta property=\"article:publisher\" content=\"https:\/\/www.facebook.com\/TG4TV\" \/>\n<meta property=\"og:image\" content=\"https:\/\/tg4-docs.s3.amazonaws.com\/tg4-redesign-2015\/wp-content\/uploads\/2020\/10\/Foirgneamh_TG4.jpg\" \/>\n\t<meta property=\"og:image:width\" content=\"1920\" \/>\n\t<meta property=\"og:image:height\" content=\"1080\" \/>\n\t<meta property=\"og:image:type\" content=\"image\/jpeg\" \/>\n<meta name=\"twitter:card\" content=\"summary_large_image\" \/>\n<meta name=\"twitter:image\" content=\"https:\/\/tg4-docs.s3.amazonaws.com\/tg4-redesign-2015\/wp-content\/uploads\/2020\/10\/Foirgneamh_TG4.jpg\" \/>\n<meta name=\"twitter:site\" content=\"@TG4TV\" \/>\n<meta name=\"twitter:label1\" content=\"Est. reading time\" \/>\n\t<meta name=\"twitter:data1\" content=\"3 minutes\" \/>\n<script type=\"application\/ld+json\" class=\"yoast-schema-graph\">{\"@context\":\"https:\/\/schema.org\",\"@graph\":[{\"@type\":\"WebPage\",\"@id\":\"https:\/\/dev.tg4.ie\/ga\/eolas\/preas\/nuacht-raitis\/2020-2\/cothromaiocht-nios-fearr-i-maoiniu-na-mean-seirbhise-poibli-a-lorg-ag-tg4\/\",\"url\":\"https:\/\/dev.tg4.ie\/ga\/eolas\/preas\/nuacht-raitis\/2020-2\/cothromaiocht-nios-fearr-i-maoiniu-na-mean-seirbhise-poibli-a-lorg-ag-tg4\/\",\"name\":\"Cothroma\u00edocht n\u00edos fearr i maoini\u00fa na me\u00e1n seirbh\u00edse poibl\u00ed \u00e1 lorg ag TG4 | Preas R\u00e1iteas | TG4\",\"isPartOf\":{\"@id\":\"https:\/\/dev.tg4.ie\/en\/#website\"},\"primaryImageOfPage\":{\"@id\":\"https:\/\/dev.tg4.ie\/ga\/eolas\/preas\/nuacht-raitis\/2020-2\/cothromaiocht-nios-fearr-i-maoiniu-na-mean-seirbhise-poibli-a-lorg-ag-tg4\/#primaryimage\"},\"image\":{\"@id\":\"https:\/\/dev.tg4.ie\/ga\/eolas\/preas\/nuacht-raitis\/2020-2\/cothromaiocht-nios-fearr-i-maoiniu-na-mean-seirbhise-poibli-a-lorg-ag-tg4\/#primaryimage\"},\"thumbnailUrl\":\"https:\/\/dev.tg4.ie\/wp-content\/uploads\/2020\/10\/Foirgneamh_TG4.jpg\",\"datePublished\":\"2020-12-16T14:56:20+00:00\",\"dateModified\":\"2020-12-16T14:56:20+00:00\",\"breadcrumb\":{\"@id\":\"https:\/\/dev.tg4.ie\/ga\/eolas\/preas\/nuacht-raitis\/2020-2\/cothromaiocht-nios-fearr-i-maoiniu-na-mean-seirbhise-poibli-a-lorg-ag-tg4\/#breadcrumb\"},\"inLanguage\":\"ga\",\"potentialAction\":[{\"@type\":\"ReadAction\",\"target\":[\"https:\/\/dev.tg4.ie\/ga\/eolas\/preas\/nuacht-raitis\/2020-2\/cothromaiocht-nios-fearr-i-maoiniu-na-mean-seirbhise-poibli-a-lorg-ag-tg4\/\"]}]},{\"@type\":\"ImageObject\",\"inLanguage\":\"ga\",\"@id\":\"https:\/\/dev.tg4.ie\/ga\/eolas\/preas\/nuacht-raitis\/2020-2\/cothromaiocht-nios-fearr-i-maoiniu-na-mean-seirbhise-poibli-a-lorg-ag-tg4\/#primaryimage\",\"url\":\"https:\/\/dev.tg4.ie\/wp-content\/uploads\/2020\/10\/Foirgneamh_TG4.jpg\",\"contentUrl\":\"https:\/\/dev.tg4.ie\/wp-content\/uploads\/2020\/10\/Foirgneamh_TG4.jpg\"},{\"@type\":\"BreadcrumbList\",\"@id\":\"https:\/\/dev.tg4.ie\/ga\/eolas\/preas\/nuacht-raitis\/2020-2\/cothromaiocht-nios-fearr-i-maoiniu-na-mean-seirbhise-poibli-a-lorg-ag-tg4\/#breadcrumb\",\"itemListElement\":[{\"@type\":\"ListItem\",\"position\":1,\"name\":\"Home\",\"item\":\"https:\/\/dev.tg4.ie\/ga\/\"},{\"@type\":\"ListItem\",\"position\":2,\"name\":\"Eolas\",\"item\":\"https:\/\/dev.tg4.ie\/ga\/eolas\/\"},{\"@type\":\"ListItem\",\"position\":3,\"name\":\"Preas\",\"item\":\"https:\/\/dev.tg4.ie\/ga\/eolas\/preas\/\"},{\"@type\":\"ListItem\",\"position\":4,\"name\":\"Nuacht R\u00e1itis\",\"item\":\"https:\/\/dev.tg4.ie\/ga\/eolas\/preas\/nuacht-raitis\/\"},{\"@type\":\"ListItem\",\"position\":5,\"name\":\"2020\",\"item\":\"https:\/\/dev.tg4.ie\/ga\/eolas\/preas\/nuacht-raitis\/2020-2\/\"},{\"@type\":\"ListItem\",\"position\":6,\"name\":\"Cothroma\u00edocht n\u00edos fearr i maoini\u00fa na me\u00e1n seirbh\u00edse poibl\u00ed \u00e1 lorg ag TG4\"}]},{\"@type\":\"WebSite\",\"@id\":\"https:\/\/dev.tg4.ie\/en\/#website\",\"url\":\"https:\/\/dev.tg4.ie\/en\/\",\"name\":\"TG4\",\"description\":\"S\u00fail Eile\",\"potentialAction\":[{\"@type\":\"SearchAction\",\"target\":{\"@type\":\"EntryPoint\",\"urlTemplate\":\"https:\/\/dev.tg4.ie\/en\/?s={search_term_string}\"},\"query-input\":\"required name=search_term_string\"}],\"inLanguage\":\"ga\"}]}<\/script>\n<!-- \/ Yoast SEO plugin. -->","yoast_head_json":{"title":"Cothroma\u00edocht n\u00edos fearr i maoini\u00fa na me\u00e1n seirbh\u00edse poibl\u00ed \u00e1 lorg ag TG4 | Preas R\u00e1iteas | TG4","robots":{"index":"index","follow":"follow","max-snippet":"max-snippet:-1","max-image-preview":"max-image-preview:large","max-video-preview":"max-video-preview:-1"},"og_locale":"en_US","og_type":"article","og_title":"Cothroma\u00edocht n\u00edos fearr i maoini\u00fa na me\u00e1n seirbh\u00edse poibl\u00ed \u00e1 lorg ag TG4 | Preas R\u00e1iteas | TG4","og_description":"&nbsp; Chuir Ard-Sti\u00farth\u00f3ir TG4 Alan Esslemont f\u00eds TG4 i l\u00e1thair inniu don Chomhchoiste Oireachtais um na Me\u00e1in, Turas\u00f3ireacht, na hEala\u00edona, Cult\u00far, Sp\u00f3rt agus an Ghaeltacht ar athshamhl\u00fa na me\u00e1n seirbh\u00edse poibl\u00ed in \u00c9irinn. &nbsp; Molann TG4 gur cheart go mbeadh \u00e9icach\u00f3ras ann do na Me\u00e1in Sheirbh\u00edse Poibl\u00ed agus go mbeadh an tsuim ch\u00e9anna de mhaoini\u00fa [&hellip;]","og_url":"https:\/\/dev.tg4.ie\/ga\/eolas\/preas\/nuacht-raitis\/2020-2\/cothromaiocht-nios-fearr-i-maoiniu-na-mean-seirbhise-poibli-a-lorg-ag-tg4\/","og_site_name":"TG4","article_publisher":"https:\/\/www.facebook.com\/TG4TV","og_image":[{"width":1920,"height":1080,"url":"https:\/\/tg4-docs.s3.amazonaws.com\/tg4-redesign-2015\/wp-content\/uploads\/2020\/10\/Foirgneamh_TG4.jpg","type":"image\/jpeg"}],"twitter_card":"summary_large_image","twitter_image":"https:\/\/tg4-docs.s3.amazonaws.com\/tg4-redesign-2015\/wp-content\/uploads\/2020\/10\/Foirgneamh_TG4.jpg","twitter_site":"@TG4TV","twitter_misc":{"Est. reading time":"3 minutes"},"schema":{"@context":"https:\/\/schema.org","@graph":[{"@type":"WebPage","@id":"https:\/\/dev.tg4.ie\/ga\/eolas\/preas\/nuacht-raitis\/2020-2\/cothromaiocht-nios-fearr-i-maoiniu-na-mean-seirbhise-poibli-a-lorg-ag-tg4\/","url":"https:\/\/dev.tg4.ie\/ga\/eolas\/preas\/nuacht-raitis\/2020-2\/cothromaiocht-nios-fearr-i-maoiniu-na-mean-seirbhise-poibli-a-lorg-ag-tg4\/","name":"Cothroma\u00edocht n\u00edos fearr i maoini\u00fa na me\u00e1n seirbh\u00edse poibl\u00ed \u00e1 lorg ag TG4 | Preas R\u00e1iteas | TG4","isPartOf":{"@id":"https:\/\/dev.tg4.ie\/en\/#website"},"primaryImageOfPage":{"@id":"https:\/\/dev.tg4.ie\/ga\/eolas\/preas\/nuacht-raitis\/2020-2\/cothromaiocht-nios-fearr-i-maoiniu-na-mean-seirbhise-poibli-a-lorg-ag-tg4\/#primaryimage"},"image":{"@id":"https:\/\/dev.tg4.ie\/ga\/eolas\/preas\/nuacht-raitis\/2020-2\/cothromaiocht-nios-fearr-i-maoiniu-na-mean-seirbhise-poibli-a-lorg-ag-tg4\/#primaryimage"},"thumbnailUrl":"https:\/\/dev.tg4.ie\/wp-content\/uploads\/2020\/10\/Foirgneamh_TG4.jpg","datePublished":"2020-12-16T14:56:20+00:00","dateModified":"2020-12-16T14:56:20+00:00","breadcrumb":{"@id":"https:\/\/dev.tg4.ie\/ga\/eolas\/preas\/nuacht-raitis\/2020-2\/cothromaiocht-nios-fearr-i-maoiniu-na-mean-seirbhise-poibli-a-lorg-ag-tg4\/#breadcrumb"},"inLanguage":"ga","potentialAction":[{"@type":"ReadAction","target":["https:\/\/dev.tg4.ie\/ga\/eolas\/preas\/nuacht-raitis\/2020-2\/cothromaiocht-nios-fearr-i-maoiniu-na-mean-seirbhise-poibli-a-lorg-ag-tg4\/"]}]},{"@type":"ImageObject","inLanguage":"ga","@id":"https:\/\/dev.tg4.ie\/ga\/eolas\/preas\/nuacht-raitis\/2020-2\/cothromaiocht-nios-fearr-i-maoiniu-na-mean-seirbhise-poibli-a-lorg-ag-tg4\/#primaryimage","url":"https:\/\/dev.tg4.ie\/wp-content\/uploads\/2020\/10\/Foirgneamh_TG4.jpg","contentUrl":"https:\/\/dev.tg4.ie\/wp-content\/uploads\/2020\/10\/Foirgneamh_TG4.jpg"},{"@type":"BreadcrumbList","@id":"https:\/\/dev.tg4.ie\/ga\/eolas\/preas\/nuacht-raitis\/2020-2\/cothromaiocht-nios-fearr-i-maoiniu-na-mean-seirbhise-poibli-a-lorg-ag-tg4\/#breadcrumb","itemListElement":[{"@type":"ListItem","position":1,"name":"Home","item":"https:\/\/dev.tg4.ie\/ga\/"},{"@type":"ListItem","position":2,"name":"Eolas","item":"https:\/\/dev.tg4.ie\/ga\/eolas\/"},{"@type":"ListItem","position":3,"name":"Preas","item":"https:\/\/dev.tg4.ie\/ga\/eolas\/preas\/"},{"@type":"ListItem","position":4,"name":"Nuacht R\u00e1itis","item":"https:\/\/dev.tg4.ie\/ga\/eolas\/preas\/nuacht-raitis\/"},{"@type":"ListItem","position":5,"name":"2020","item":"https:\/\/dev.tg4.ie\/ga\/eolas\/preas\/nuacht-raitis\/2020-2\/"},{"@type":"ListItem","position":6,"name":"Cothroma\u00edocht n\u00edos fearr i maoini\u00fa na me\u00e1n seirbh\u00edse poibl\u00ed \u00e1 lorg ag TG4"}]},{"@type":"WebSite","@id":"https:\/\/dev.tg4.ie\/en\/#website","url":"https:\/\/dev.tg4.ie\/en\/","name":"TG4","description":"S\u00fail Eile","potentialAction":[{"@type":"SearchAction","target":{"@type":"EntryPoint","urlTemplate":"https:\/\/dev.tg4.ie\/en\/?s={search_term_string}"},"query-input":"required name=search_term_string"}],"inLanguage":"ga"}]}},"_links":{"self":[{"href":"https:\/\/dev.tg4.ie\/ga\/wp-json\/wp\/v2\/pages\/115537"}],"collection":[{"href":"https:\/\/dev.tg4.ie\/ga\/wp-json\/wp\/v2\/pages"}],"about":[{"href":"https:\/\/dev.tg4.ie\/ga\/wp-json\/wp\/v2\/types\/page"}],"author":[{"embeddable":true,"href":"https:\/\/dev.tg4.ie\/ga\/wp-json\/wp\/v2\/users\/876"}],"replies":[{"embeddable":true,"href":"https:\/\/dev.tg4.ie\/ga\/wp-json\/wp\/v2\/comments?post=115537"}],"version-history":[{"count":0,"href":"https:\/\/dev.tg4.ie\/ga\/wp-json\/wp\/v2\/pages\/115537\/revisions"}],"up":[{"embeddable":true,"href":"https:\/\/dev.tg4.ie\/ga\/wp-json\/wp\/v2\/pages\/111525"}],"wp:attachment":[{"href":"https:\/\/dev.tg4.ie\/ga\/wp-json\/wp\/v2\/media?parent=115537"}],"curies":[{"name":"wp","href":"https:\/\/api.w.org\/{rel}","templated":true}]}}