{"id":115581,"date":"2021-01-05T17:01:36","date_gmt":"2021-01-05T17:01:36","guid":{"rendered":"https:\/\/dev.tg4.ie\/?page_id=115581"},"modified":"2021-01-05T17:01:36","modified_gmt":"2021-01-05T17:01:36","slug":"an-lucht-feachana-is-mo-ag-tg4-ar-la-nollag-o-2009","status":"publish","type":"page","link":"https:\/\/dev.tg4.ie\/ga\/eolas\/preas\/nuacht-raitis\/2021-2\/an-lucht-feachana-is-mo-ag-tg4-ar-la-nollag-o-2009\/","title":{"rendered":"An Lucht F\u00e9achana is M\u00f3 ag TG4 ar L\u00e1 Nollag \u00f3 2009"},"content":{"rendered":"<p><a href=\"https:\/\/tg4-docs.s3.amazonaws.com\/tg4-redesign-2015\/wp-content\/uploads\/2021\/01\/John_Sheahan_4_1920x1080.jpg\"><img loading=\"lazy\" decoding=\"async\" width=\"1920\" height=\"1080\" src=\"https:\/\/tg4-docs.s3.amazonaws.com\/tg4-redesign-2015\/wp-content\/uploads\/2021\/01\/John_Sheahan_4_1920x1080.jpg\" alt=\"\" class=\"alignnone size-full wp-image-115584\" srcset=\"https:\/\/tg4-docs.s3.amazonaws.com\/tg4-redesign-2015\/wp-content\/uploads\/2021\/01\/John_Sheahan_4_1920x1080.jpg 1920w, https:\/\/tg4-docs.s3.amazonaws.com\/tg4-redesign-2015\/wp-content\/uploads\/2021\/01\/John_Sheahan_4_1920x1080-250x141.jpg 250w, https:\/\/tg4-docs.s3.amazonaws.com\/tg4-redesign-2015\/wp-content\/uploads\/2021\/01\/John_Sheahan_4_1920x1080-700x394.jpg 700w, https:\/\/tg4-docs.s3.amazonaws.com\/tg4-redesign-2015\/wp-content\/uploads\/2021\/01\/John_Sheahan_4_1920x1080-252x141.jpg 252w, https:\/\/tg4-docs.s3.amazonaws.com\/tg4-redesign-2015\/wp-content\/uploads\/2021\/01\/John_Sheahan_4_1920x1080-1536x864.jpg 1536w, https:\/\/tg4-docs.s3.amazonaws.com\/tg4-redesign-2015\/wp-content\/uploads\/2021\/01\/John_Sheahan_4_1920x1080-120x68.jpg 120w\" sizes=\"(max-width: 1920px) 100vw, 1920px\" \/><\/a><br \/>\n&nbsp;<\/p>\n<p>Bh\u00ed an lucht f\u00e9achana is m\u00f3 ag TG4 ar L\u00e1 Nollag 2020 \u00f3 bh\u00ed L\u00e1 Nollag 2009 ann.  Bh\u00ed sciar lucht f\u00e9achana de 3.6% ag TG4 L\u00e1 Nollag, an sciar is airde \u00f3 2010. <\/p>\n<p>Is \u00e9 an cheolchoirm <em>The Dubliners \u2013 The Parting Glass<\/em> an cl\u00e1r is m\u00f3 faire ar TG4 thar Nollaig.  D\u2019fh\u00e9ach 156,600 duine ar an taifead deiridh a rinneadh de Barney McKenna le The Dubliners o\u00edche L\u00e1 Nollag, agus bh\u00ed sciar lucht f\u00e9achana de 11.25% ag an gcl\u00e1r.  D\u2019fh\u00e9ach 73,300 duine ar an gcl\u00e1r faisn\u00e9ise <em>Maureen O\u2019Hara \u2013 Banr\u00edon Hollywood<\/em>, a raibh sciar de 5.03% aige.<\/p>\n<p>&nbsp;<br \/>\n<a href=\"https:\/\/tg4-docs.s3.amazonaws.com\/tg4-redesign-2015\/wp-content\/uploads\/2020\/12\/Maureen_O_Hara_2_1920x1080.jpg\"><img loading=\"lazy\" decoding=\"async\" width=\"252\" height=\"141\" src=\"https:\/\/tg4-docs.s3.amazonaws.com\/tg4-redesign-2015\/wp-content\/uploads\/2020\/12\/Maureen_O_Hara_2_1920x1080-252x141.jpg\" alt=\"\" class=\"alignnone size-thumbnail wp-image-115389\" srcset=\"https:\/\/tg4-docs.s3.amazonaws.com\/tg4-redesign-2015\/wp-content\/uploads\/2020\/12\/Maureen_O_Hara_2_1920x1080-252x141.jpg 252w, https:\/\/tg4-docs.s3.amazonaws.com\/tg4-redesign-2015\/wp-content\/uploads\/2020\/12\/Maureen_O_Hara_2_1920x1080-250x141.jpg 250w, https:\/\/tg4-docs.s3.amazonaws.com\/tg4-redesign-2015\/wp-content\/uploads\/2020\/12\/Maureen_O_Hara_2_1920x1080-700x394.jpg 700w, https:\/\/tg4-docs.s3.amazonaws.com\/tg4-redesign-2015\/wp-content\/uploads\/2020\/12\/Maureen_O_Hara_2_1920x1080-1536x864.jpg 1536w, https:\/\/tg4-docs.s3.amazonaws.com\/tg4-redesign-2015\/wp-content\/uploads\/2020\/12\/Maureen_O_Hara_2_1920x1080-120x68.jpg 120w, https:\/\/tg4-docs.s3.amazonaws.com\/tg4-redesign-2015\/wp-content\/uploads\/2020\/12\/Maureen_O_Hara_2_1920x1080.jpg 1920w\" sizes=\"(max-width: 252px) 100vw, 252px\" \/><\/a><br \/>\n&nbsp;<\/p>\n<p>Bh\u00ed aimsi\u00fa de 1.89m ag TG4 thar thr\u00e9imhse na Nollag ar fad agus aimsi\u00fa de 1.27m idir O\u00edche Nollag agus L\u00e1 \u2018le Stiof\u00e1in.<\/p>\n<p>Ba \u00e9 ceolchoirm eile, <em>Come all you Dreamers \u2013 Christy Moore<\/em> an dara cl\u00e1r is m\u00f3 f\u00e9achana sa tr\u00e9imhse.  D\u2019fh\u00e9ach 85,5000 ar an gceolchoirm ar an Domhnach 27\u00fa Nollaig agus bh\u00ed sciar lucht f\u00e9achana de 11.2% ag an gcl\u00e1r.  61,100 a d\u2019fh\u00e9ach ar athchraoladh den fhadscann\u00e1n faisn\u00e9ise faoi mh\u00e1istir na bp\u00edob, <em>Liam O\u2019Flynn \u2013 P\u00edobaire<\/em> ar L\u00e1 le Stiof\u00e1in.<\/p>\n<p>Ba \u00e9 <em>Into The West<\/em> an scann\u00e1n is m\u00f3 sp\u00e9ise an Nollaig seo ar TG4. Craoladh \u00e9 ar L\u00e1 le Stiof\u00e1in agus d\u2019fh\u00e9ach 68,200 duine air agus bh\u00ed lucht f\u00e9achana m\u00f3r ag na scann\u00e1in <em>Dirty Dancing<\/em> (67,100), <em>Mystic River<\/em> (59,800) agus <em>When Harry met Sally<\/em> (46,800) freisin.  <\/p>\n<p>Chuir D\u00e1ith\u00ed \u00d3 S\u00e9 agus Muireann Nic Amhlaoibh cr\u00edoch cheolmhar le 2020 agus t\u00fas spleodrach leis an mbliain nua \u00f3 \u00d3st\u00e1n na Sceilige sa Daingean sa chl\u00e1r <em>F\u00e1ilte 2021<\/em>. D\u2019fh\u00e9ach 46,200 ar an gcl\u00e1r agus bh\u00ed sciar de 4% aige.<\/p>\n<p>&nbsp;<br \/>\n&nbsp;<\/p>\n","protected":false},"excerpt":{"rendered":"<p>&nbsp; Bh\u00ed an lucht f\u00e9achana is m\u00f3 ag TG4 ar L\u00e1 Nollag 2020 \u00f3 bh\u00ed L\u00e1 Nollag 2009 ann. Bh\u00ed sciar lucht f\u00e9achana de 3.6% ag TG4 L\u00e1 Nollag, an sciar is airde \u00f3 2010. Is \u00e9 an cheolchoirm The Dubliners \u2013 The Parting Glass an cl\u00e1r is m\u00f3 faire ar TG4 thar Nollaig. D\u2019fh\u00e9ach [&hellip;]<\/p>\n","protected":false},"author":876,"featured_media":0,"parent":115579,"menu_order":0,"comment_status":"closed","ping_status":"closed","template":"page-templates\/template-pr.php","meta":{"_acf_changed":false,"footnotes":""},"acf":[],"yoast_head":"<!-- This site is optimized with the Yoast SEO plugin v22.6 - https:\/\/yoast.com\/wordpress\/plugins\/seo\/ -->\n<title>An Lucht F\u00e9achana is M\u00f3 ag TG4 ar L\u00e1 Nollag \u00f3 2009 | Preas R\u00e1iteas | TG4<\/title>\n<meta name=\"robots\" content=\"index, follow, max-snippet:-1, max-image-preview:large, max-video-preview:-1\" \/>\n<meta property=\"og:locale\" content=\"en_US\" \/>\n<meta property=\"og:type\" content=\"article\" \/>\n<meta property=\"og:title\" content=\"An Lucht F\u00e9achana is M\u00f3 ag TG4 ar L\u00e1 Nollag \u00f3 2009 | Preas R\u00e1iteas | TG4\" \/>\n<meta property=\"og:description\" content=\"&nbsp; Bh\u00ed an lucht f\u00e9achana is m\u00f3 ag TG4 ar L\u00e1 Nollag 2020 \u00f3 bh\u00ed L\u00e1 Nollag 2009 ann. Bh\u00ed sciar lucht f\u00e9achana de 3.6% ag TG4 L\u00e1 Nollag, an sciar is airde \u00f3 2010. Is \u00e9 an cheolchoirm The Dubliners \u2013 The Parting Glass an cl\u00e1r is m\u00f3 faire ar TG4 thar Nollaig. D\u2019fh\u00e9ach [&hellip;]\" \/>\n<meta property=\"og:url\" content=\"https:\/\/dev.tg4.ie\/ga\/eolas\/preas\/nuacht-raitis\/2021-2\/an-lucht-feachana-is-mo-ag-tg4-ar-la-nollag-o-2009\/\" \/>\n<meta property=\"og:site_name\" content=\"TG4\" \/>\n<meta property=\"article:publisher\" content=\"https:\/\/www.facebook.com\/TG4TV\" \/>\n<meta property=\"og:image\" content=\"https:\/\/tg4-docs.s3.amazonaws.com\/tg4-redesign-2015\/wp-content\/uploads\/2021\/01\/John_Sheahan_4_1920x1080.jpg\" \/>\n\t<meta property=\"og:image:width\" content=\"1920\" \/>\n\t<meta property=\"og:image:height\" content=\"1080\" \/>\n\t<meta property=\"og:image:type\" content=\"image\/jpeg\" \/>\n<meta name=\"twitter:card\" content=\"summary_large_image\" \/>\n<meta name=\"twitter:image\" content=\"https:\/\/tg4-docs.s3.amazonaws.com\/tg4-redesign-2015\/wp-content\/uploads\/2021\/01\/John_Sheahan_4_1920x1080.jpg\" \/>\n<meta name=\"twitter:site\" content=\"@TG4TV\" \/>\n<meta name=\"twitter:label1\" content=\"Est. reading time\" \/>\n\t<meta name=\"twitter:data1\" content=\"1 minute\" \/>\n<script type=\"application\/ld+json\" class=\"yoast-schema-graph\">{\"@context\":\"https:\/\/schema.org\",\"@graph\":[{\"@type\":\"WebPage\",\"@id\":\"https:\/\/dev.tg4.ie\/ga\/eolas\/preas\/nuacht-raitis\/2021-2\/an-lucht-feachana-is-mo-ag-tg4-ar-la-nollag-o-2009\/\",\"url\":\"https:\/\/dev.tg4.ie\/ga\/eolas\/preas\/nuacht-raitis\/2021-2\/an-lucht-feachana-is-mo-ag-tg4-ar-la-nollag-o-2009\/\",\"name\":\"An Lucht F\u00e9achana is M\u00f3 ag TG4 ar L\u00e1 Nollag \u00f3 2009 | Preas R\u00e1iteas | TG4\",\"isPartOf\":{\"@id\":\"https:\/\/dev.tg4.ie\/en\/#website\"},\"primaryImageOfPage\":{\"@id\":\"https:\/\/dev.tg4.ie\/ga\/eolas\/preas\/nuacht-raitis\/2021-2\/an-lucht-feachana-is-mo-ag-tg4-ar-la-nollag-o-2009\/#primaryimage\"},\"image\":{\"@id\":\"https:\/\/dev.tg4.ie\/ga\/eolas\/preas\/nuacht-raitis\/2021-2\/an-lucht-feachana-is-mo-ag-tg4-ar-la-nollag-o-2009\/#primaryimage\"},\"thumbnailUrl\":\"https:\/\/dev.tg4.ie\/wp-content\/uploads\/2021\/01\/John_Sheahan_4_1920x1080.jpg\",\"datePublished\":\"2021-01-05T17:01:36+00:00\",\"dateModified\":\"2021-01-05T17:01:36+00:00\",\"breadcrumb\":{\"@id\":\"https:\/\/dev.tg4.ie\/ga\/eolas\/preas\/nuacht-raitis\/2021-2\/an-lucht-feachana-is-mo-ag-tg4-ar-la-nollag-o-2009\/#breadcrumb\"},\"inLanguage\":\"ga\",\"potentialAction\":[{\"@type\":\"ReadAction\",\"target\":[\"https:\/\/dev.tg4.ie\/ga\/eolas\/preas\/nuacht-raitis\/2021-2\/an-lucht-feachana-is-mo-ag-tg4-ar-la-nollag-o-2009\/\"]}]},{\"@type\":\"ImageObject\",\"inLanguage\":\"ga\",\"@id\":\"https:\/\/dev.tg4.ie\/ga\/eolas\/preas\/nuacht-raitis\/2021-2\/an-lucht-feachana-is-mo-ag-tg4-ar-la-nollag-o-2009\/#primaryimage\",\"url\":\"https:\/\/dev.tg4.ie\/wp-content\/uploads\/2021\/01\/John_Sheahan_4_1920x1080.jpg\",\"contentUrl\":\"https:\/\/dev.tg4.ie\/wp-content\/uploads\/2021\/01\/John_Sheahan_4_1920x1080.jpg\"},{\"@type\":\"BreadcrumbList\",\"@id\":\"https:\/\/dev.tg4.ie\/ga\/eolas\/preas\/nuacht-raitis\/2021-2\/an-lucht-feachana-is-mo-ag-tg4-ar-la-nollag-o-2009\/#breadcrumb\",\"itemListElement\":[{\"@type\":\"ListItem\",\"position\":1,\"name\":\"Home\",\"item\":\"https:\/\/dev.tg4.ie\/ga\/\"},{\"@type\":\"ListItem\",\"position\":2,\"name\":\"Eolas\",\"item\":\"https:\/\/dev.tg4.ie\/ga\/eolas\/\"},{\"@type\":\"ListItem\",\"position\":3,\"name\":\"Preas\",\"item\":\"https:\/\/dev.tg4.ie\/ga\/eolas\/preas\/\"},{\"@type\":\"ListItem\",\"position\":4,\"name\":\"Nuacht R\u00e1itis\",\"item\":\"https:\/\/dev.tg4.ie\/ga\/eolas\/preas\/nuacht-raitis\/\"},{\"@type\":\"ListItem\",\"position\":5,\"name\":\"2021\",\"item\":\"https:\/\/dev.tg4.ie\/ga\/eolas\/preas\/nuacht-raitis\/2021-2\/\"},{\"@type\":\"ListItem\",\"position\":6,\"name\":\"An Lucht F\u00e9achana is M\u00f3 ag TG4 ar L\u00e1 Nollag \u00f3 2009\"}]},{\"@type\":\"WebSite\",\"@id\":\"https:\/\/dev.tg4.ie\/en\/#website\",\"url\":\"https:\/\/dev.tg4.ie\/en\/\",\"name\":\"TG4\",\"description\":\"S\u00fail Eile\",\"potentialAction\":[{\"@type\":\"SearchAction\",\"target\":{\"@type\":\"EntryPoint\",\"urlTemplate\":\"https:\/\/dev.tg4.ie\/en\/?s={search_term_string}\"},\"query-input\":\"required name=search_term_string\"}],\"inLanguage\":\"ga\"}]}<\/script>\n<!-- \/ Yoast SEO plugin. -->","yoast_head_json":{"title":"An Lucht F\u00e9achana is M\u00f3 ag TG4 ar L\u00e1 Nollag \u00f3 2009 | Preas R\u00e1iteas | TG4","robots":{"index":"index","follow":"follow","max-snippet":"max-snippet:-1","max-image-preview":"max-image-preview:large","max-video-preview":"max-video-preview:-1"},"og_locale":"en_US","og_type":"article","og_title":"An Lucht F\u00e9achana is M\u00f3 ag TG4 ar L\u00e1 Nollag \u00f3 2009 | Preas R\u00e1iteas | TG4","og_description":"&nbsp; Bh\u00ed an lucht f\u00e9achana is m\u00f3 ag TG4 ar L\u00e1 Nollag 2020 \u00f3 bh\u00ed L\u00e1 Nollag 2009 ann. Bh\u00ed sciar lucht f\u00e9achana de 3.6% ag TG4 L\u00e1 Nollag, an sciar is airde \u00f3 2010. Is \u00e9 an cheolchoirm The Dubliners \u2013 The Parting Glass an cl\u00e1r is m\u00f3 faire ar TG4 thar Nollaig. D\u2019fh\u00e9ach [&hellip;]","og_url":"https:\/\/dev.tg4.ie\/ga\/eolas\/preas\/nuacht-raitis\/2021-2\/an-lucht-feachana-is-mo-ag-tg4-ar-la-nollag-o-2009\/","og_site_name":"TG4","article_publisher":"https:\/\/www.facebook.com\/TG4TV","og_image":[{"width":1920,"height":1080,"url":"https:\/\/tg4-docs.s3.amazonaws.com\/tg4-redesign-2015\/wp-content\/uploads\/2021\/01\/John_Sheahan_4_1920x1080.jpg","type":"image\/jpeg"}],"twitter_card":"summary_large_image","twitter_image":"https:\/\/tg4-docs.s3.amazonaws.com\/tg4-redesign-2015\/wp-content\/uploads\/2021\/01\/John_Sheahan_4_1920x1080.jpg","twitter_site":"@TG4TV","twitter_misc":{"Est. reading time":"1 minute"},"schema":{"@context":"https:\/\/schema.org","@graph":[{"@type":"WebPage","@id":"https:\/\/dev.tg4.ie\/ga\/eolas\/preas\/nuacht-raitis\/2021-2\/an-lucht-feachana-is-mo-ag-tg4-ar-la-nollag-o-2009\/","url":"https:\/\/dev.tg4.ie\/ga\/eolas\/preas\/nuacht-raitis\/2021-2\/an-lucht-feachana-is-mo-ag-tg4-ar-la-nollag-o-2009\/","name":"An Lucht F\u00e9achana is M\u00f3 ag TG4 ar L\u00e1 Nollag \u00f3 2009 | Preas R\u00e1iteas | TG4","isPartOf":{"@id":"https:\/\/dev.tg4.ie\/en\/#website"},"primaryImageOfPage":{"@id":"https:\/\/dev.tg4.ie\/ga\/eolas\/preas\/nuacht-raitis\/2021-2\/an-lucht-feachana-is-mo-ag-tg4-ar-la-nollag-o-2009\/#primaryimage"},"image":{"@id":"https:\/\/dev.tg4.ie\/ga\/eolas\/preas\/nuacht-raitis\/2021-2\/an-lucht-feachana-is-mo-ag-tg4-ar-la-nollag-o-2009\/#primaryimage"},"thumbnailUrl":"https:\/\/dev.tg4.ie\/wp-content\/uploads\/2021\/01\/John_Sheahan_4_1920x1080.jpg","datePublished":"2021-01-05T17:01:36+00:00","dateModified":"2021-01-05T17:01:36+00:00","breadcrumb":{"@id":"https:\/\/dev.tg4.ie\/ga\/eolas\/preas\/nuacht-raitis\/2021-2\/an-lucht-feachana-is-mo-ag-tg4-ar-la-nollag-o-2009\/#breadcrumb"},"inLanguage":"ga","potentialAction":[{"@type":"ReadAction","target":["https:\/\/dev.tg4.ie\/ga\/eolas\/preas\/nuacht-raitis\/2021-2\/an-lucht-feachana-is-mo-ag-tg4-ar-la-nollag-o-2009\/"]}]},{"@type":"ImageObject","inLanguage":"ga","@id":"https:\/\/dev.tg4.ie\/ga\/eolas\/preas\/nuacht-raitis\/2021-2\/an-lucht-feachana-is-mo-ag-tg4-ar-la-nollag-o-2009\/#primaryimage","url":"https:\/\/dev.tg4.ie\/wp-content\/uploads\/2021\/01\/John_Sheahan_4_1920x1080.jpg","contentUrl":"https:\/\/dev.tg4.ie\/wp-content\/uploads\/2021\/01\/John_Sheahan_4_1920x1080.jpg"},{"@type":"BreadcrumbList","@id":"https:\/\/dev.tg4.ie\/ga\/eolas\/preas\/nuacht-raitis\/2021-2\/an-lucht-feachana-is-mo-ag-tg4-ar-la-nollag-o-2009\/#breadcrumb","itemListElement":[{"@type":"ListItem","position":1,"name":"Home","item":"https:\/\/dev.tg4.ie\/ga\/"},{"@type":"ListItem","position":2,"name":"Eolas","item":"https:\/\/dev.tg4.ie\/ga\/eolas\/"},{"@type":"ListItem","position":3,"name":"Preas","item":"https:\/\/dev.tg4.ie\/ga\/eolas\/preas\/"},{"@type":"ListItem","position":4,"name":"Nuacht R\u00e1itis","item":"https:\/\/dev.tg4.ie\/ga\/eolas\/preas\/nuacht-raitis\/"},{"@type":"ListItem","position":5,"name":"2021","item":"https:\/\/dev.tg4.ie\/ga\/eolas\/preas\/nuacht-raitis\/2021-2\/"},{"@type":"ListItem","position":6,"name":"An Lucht F\u00e9achana is M\u00f3 ag TG4 ar L\u00e1 Nollag \u00f3 2009"}]},{"@type":"WebSite","@id":"https:\/\/dev.tg4.ie\/en\/#website","url":"https:\/\/dev.tg4.ie\/en\/","name":"TG4","description":"S\u00fail Eile","potentialAction":[{"@type":"SearchAction","target":{"@type":"EntryPoint","urlTemplate":"https:\/\/dev.tg4.ie\/en\/?s={search_term_string}"},"query-input":"required name=search_term_string"}],"inLanguage":"ga"}]}},"_links":{"self":[{"href":"https:\/\/dev.tg4.ie\/ga\/wp-json\/wp\/v2\/pages\/115581"}],"collection":[{"href":"https:\/\/dev.tg4.ie\/ga\/wp-json\/wp\/v2\/pages"}],"about":[{"href":"https:\/\/dev.tg4.ie\/ga\/wp-json\/wp\/v2\/types\/page"}],"author":[{"embeddable":true,"href":"https:\/\/dev.tg4.ie\/ga\/wp-json\/wp\/v2\/users\/876"}],"replies":[{"embeddable":true,"href":"https:\/\/dev.tg4.ie\/ga\/wp-json\/wp\/v2\/comments?post=115581"}],"version-history":[{"count":0,"href":"https:\/\/dev.tg4.ie\/ga\/wp-json\/wp\/v2\/pages\/115581\/revisions"}],"up":[{"embeddable":true,"href":"https:\/\/dev.tg4.ie\/ga\/wp-json\/wp\/v2\/pages\/115579"}],"wp:attachment":[{"href":"https:\/\/dev.tg4.ie\/ga\/wp-json\/wp\/v2\/media?parent=115581"}],"curies":[{"name":"wp","href":"https:\/\/api.w.org\/{rel}","templated":true}]}}