{"id":115621,"date":"2021-01-07T12:51:59","date_gmt":"2021-01-07T12:51:59","guid":{"rendered":"https:\/\/dev.tg4.ie\/?page_id=115621"},"modified":"2021-01-07T12:51:59","modified_gmt":"2021-01-07T12:51:59","slug":"sraith-nua-de-cula4-ar-scoil-le-craoladh-ar-tg4-do-dhaltai-bunscoile-ata-sa-bhaile-de-bharr-srianta-covid-19","status":"publish","type":"page","link":"https:\/\/dev.tg4.ie\/ga\/eolas\/preas\/nuacht-raitis\/2021-2\/sraith-nua-de-cula4-ar-scoil-le-craoladh-ar-tg4-do-dhaltai-bunscoile-ata-sa-bhaile-de-bharr-srianta-covid-19\/","title":{"rendered":"Sraith nua de C\u00fala4 ar Scoil le craoladh ar TG4 do dhalta\u00ed bunscoile at\u00e1 sa bhaile de bharr srianta Covid-19"},"content":{"rendered":"<p><a href=\"https:\/\/tg4-docs.s3.amazonaws.com\/tg4-redesign-2015\/wp-content\/uploads\/2021\/01\/Orla_Ni_Fhinneadha_C4_ar_Scoil_1_1920x1080.jpg\"><img loading=\"lazy\" decoding=\"async\" width=\"1920\" height=\"1080\" src=\"https:\/\/tg4-docs.s3.amazonaws.com\/tg4-redesign-2015\/wp-content\/uploads\/2021\/01\/Orla_Ni_Fhinneadha_C4_ar_Scoil_1_1920x1080.jpg\" alt=\"Orla N\u00ed Fhinneadha - C\u00fala4 ar Scoil\" class=\"alignnone size-full wp-image-115622\" srcset=\"https:\/\/tg4-docs.s3.amazonaws.com\/tg4-redesign-2015\/wp-content\/uploads\/2021\/01\/Orla_Ni_Fhinneadha_C4_ar_Scoil_1_1920x1080.jpg 1920w, https:\/\/tg4-docs.s3.amazonaws.com\/tg4-redesign-2015\/wp-content\/uploads\/2021\/01\/Orla_Ni_Fhinneadha_C4_ar_Scoil_1_1920x1080-250x141.jpg 250w, https:\/\/tg4-docs.s3.amazonaws.com\/tg4-redesign-2015\/wp-content\/uploads\/2021\/01\/Orla_Ni_Fhinneadha_C4_ar_Scoil_1_1920x1080-700x394.jpg 700w, https:\/\/tg4-docs.s3.amazonaws.com\/tg4-redesign-2015\/wp-content\/uploads\/2021\/01\/Orla_Ni_Fhinneadha_C4_ar_Scoil_1_1920x1080-252x141.jpg 252w, https:\/\/tg4-docs.s3.amazonaws.com\/tg4-redesign-2015\/wp-content\/uploads\/2021\/01\/Orla_Ni_Fhinneadha_C4_ar_Scoil_1_1920x1080-1536x864.jpg 1536w, https:\/\/tg4-docs.s3.amazonaws.com\/tg4-redesign-2015\/wp-content\/uploads\/2021\/01\/Orla_Ni_Fhinneadha_C4_ar_Scoil_1_1920x1080-120x68.jpg 120w\" sizes=\"(max-width: 1920px) 100vw, 1920px\" \/><\/a><br \/>\n&nbsp;<\/p>\n<p>T\u00e1 TG4 chun sraith nua de <strong>C\u00fala4 ar Scoil<\/strong> a chraoladh \u00f3n Luan 18 Ean\u00e1ir 2021 de bharr cinneadh an Rialtais inn\u00e9 go bhfanfaidh gach bunscoil d\u00fanta go dt\u00ed deireadh M\u00ed Ean\u00e1ir faoi shrianta Covid-19. Craolfar an tsraith \u00f3n Luan go D\u00e9ardaoin ag 10am agus beidh athchraoladh den chl\u00e1r gach l\u00e1 ag 4pm.<br \/>\nCuireadh t\u00fas le C\u00fala4 ar Scoil le linn an ch\u00e9ad tr\u00e9imhse dianghlas\u00e1la i m\u00ed Aibre\u00e1in seo caite chun tac\u00fa le tuismitheoir\u00ed agus m\u00fainteoir\u00ed a bh\u00ed ag foghlaim \u00f3n mbaile fad is a bh\u00ed scoileanna d\u00fanta de bharr bearta sl\u00e1inte poibl\u00ed.  T\u00e1 C\u00fala4 ar Scoil d\u00edrithe ar dhalta\u00ed bunscoile a fhreastala\u00edonn ar Ghaelscoileanna agus ar scoileanna Gaeltachta.<br \/>\n&nbsp;<\/p>\n<p>Cuirfidh Orla N\u00ed Fhinneadha an tsraith i l\u00e1thair le taca\u00edocht \u00f3 na m\u00fainteoir\u00ed Miche\u00e1l \u00d3 Dubhghaill, Cian \u00d3 Griallais, Caitr\u00edona Nic an tSaoir agus S\u00edle N\u00ed Choncheanainn. Beidh rannph\u00e1irt\u00edocht sna cl\u00e1racha \u00f3 Ghaeltachta\u00ed \u00e9ags\u00fala.  D\u00e9anfar an cl\u00e1r a thaifeadadh i Scoil na bhForbacha i nGaeltacht Chonamara.<br \/>\n&nbsp;<br \/>\nBeidh t\u00e9ama coic\u00edse sa tsraith agus beidh ceachtanna agus form\u00e1id bhr\u00edomhar spreag\u00fail sa chur chuige, a bheidh ag teacht le spriocanna agus tortha\u00ed foghlamtha an churaclaim bunscoile.  Cl\u00fad\u00f3far cro\u00ed-\u00e1bhair an churaclaim ar n\u00f3s: Gaeilge, Matamatic, Stair agus T\u00edreola\u00edocht, ach cuirfear b\u00e9im freisin ar an gcruthaitheacht, an eolaiocht, na heala\u00edona b\u00e9il agus ar ch\u00farsa\u00ed sl\u00e1inte agus foll\u00e1ine.<br \/>\n&nbsp;<\/p>\n<p>Beidh deis ag leana\u00ed p\u00e1irt a ghlacadh sa chl\u00e1r \u00f3n mbaile agus iarrfar orthu picti\u00fair n\u00f3 f\u00edse\u00e1in d\u00e1 gcuid oibre a sheoladh isteach chuig an gcl\u00e1r. Beidh ceachtanna agus m\u00edreanna \u00f3n gcl\u00e1r ar f\u00e1il ar <a href=\"https:\/\/www.youtube.com\/channel\/UCusPSXmu_J8eKbEz0duYVfQ\" rel=\"noopener\" target=\"_blank\">YouTube C\u00fala4<\/a> agus na cl\u00e1racha ar f\u00e1il ar shu\u00edomh <a href=\"https:\/\/www.cula4.com\" rel=\"noopener\" target=\"_blank\">Cula4.com<\/a> agus ar <a href=\"https:\/\/dev.tg4.ie\" rel=\"noopener\" target=\"_blank\">TG4.ie<\/a><br \/>\n&nbsp;<br \/>\nT\u00e1 an tsraith seo \u00e1 l\u00e9iri\u00fa le maoini\u00fa \u00f3 TG4 agus le comhairle faoin \u00e1bhar oideachais agus curaclaim \u00f3n Roinn Oideachais, Col\u00e1iste Mhuire gan Sm\u00e1l, an Chomhairle um Oideachas Gaeltachta agus Gaelscola\u00edochta (COGG), An tSeirbh\u00eds Um Fhorbairt Ghairmi\u00fail do Mh\u00fainteoir\u00ed (PDST) agus Gaeloideachas. T\u00e1 comhairle Thuismitheoir\u00ed na Gaeltachta curtha san \u00e1ireamh sa chur chuige a bheidh sa chl\u00e1r freisin.<br \/>\n&nbsp;<\/p>\n<p><strong>Ag cur f\u00e1ilte roimh an bhf\u00f3gra, d\u00fairt an tAire Turas\u00f3ireachta, Cult\u00fair, Eala\u00edon, Gaeltachta, Sp\u00f3irt agus Me\u00e1n, Catherine Martin TD:<\/strong>  <em>\u201cBh\u00ed r\u00edm\u00e9ad orm a bheith in ann maoini\u00fa breise \u20ac1.9 milli\u00fan a chur ar f\u00e1il do TG4 in 2020 do chostais a bhaineann le COVID-19, go m\u00f3r m\u00f3r l\u00e9iri\u00fa C\u00fala4 ar Scoil, a chuir seirbh\u00eds luachmhar ar f\u00e1il do ph\u00e1ist\u00ed scoile le linn tr\u00e9imhse luath na paind\u00e9ime. T\u00e1 \u00e1thas orm gur shocraigh TG4 an cl\u00e1r seo a chraoladh ar\u00eds le linn na srianta reatha. T\u00e1 TG4 ag dul i ngleic ar\u00eds eile leis na d\u00fashl\u00e1in a chuireann COVID-19 romhainn &#8211; ag craoladh cl\u00e1r don lucht f\u00e9achana at\u00e1 barrth\u00e1bhachtach, i dtimpeallacht sh\u00e1bh\u00e1ilte. T\u00e1im an-s\u00e1sta chomh maith gur \u00e9irigh liom maoini\u00fa breise \u20ac3.5 milli\u00fan a fh\u00e1il do TG4 i mBuis\u00e9ad 2021. Cialla\u00edonn s\u00e9 seo gur fi\u00fa \u20ac40.7 milli\u00fan an leithdh\u00e1ileadh a fuair siad chun cabhr\u00fa leo a str\u00e1it\u00e9is ioml\u00e1n a chur i bhfeidhm.&#8221;<\/em><br \/>\n&nbsp;<\/p>\n<p><strong>D\u00fairt Pr\u00edomh-Aoire an Rialtais agus an tAire St\u00e1it don Ghaeltacht, Jack Chambers TD:<\/strong> <em>\u201cCuirim f\u00e1ilte roimh an bhf\u00f3gra inniu \u00f3 TG4. Beidh C\u00fala4 ar Scoil an-\u00fas\u00e1ideach ar\u00eds do ph\u00e1ist\u00ed scoile go h\u00e1irithe i nGaelscoileanna agus i gceantair Ghaeltachta na t\u00edre. Cabhr\u00f3idh an tseirbh\u00eds a chuireann TG4 ar f\u00e1il, le cuidi\u00fa \u00f3 Thuismitheoir\u00ed na Gaeltachta, eagra\u00edocht eile a fhaigheannn maoini\u00fa \u00f3n Roinn Turas\u00f3ireachta, Cult\u00fair, Eala\u00edon, Gaeltachta, Sp\u00f3irt agus Me\u00e1n, i bhfeidhmi\u00fa lean\u00fanach na Str\u00e1it\u00e9ise 20 Bliain don Ghaeilge agus i bhfeidhmi\u00fa an Pholasa\u00ed don Oideachas Gaeltachta, de r\u00e9ir mar a sh\u00e1ra\u00edonn muintir na h\u00c9ireann ceann de na constaic\u00ed deireanacha i dtr\u00e9imhse dheiridh na paind\u00e9ime.\u201d<\/em><br \/>\n&nbsp;<\/p>\n<p><strong>Chuir an tAire Oideachais Norma Foley f\u00e1ilte roimh an bhf\u00f3gra ag r\u00e1:<\/strong> <em>&#8220;T\u00e1 l\u00fach\u00e1ir orm go mbeidh an tsraith iontach seo ar ais ar TG4 go luath. T\u00e1 siamsa\u00edocht den scoth agus oideachas tr\u00ed mhe\u00e1n na Gaeilge le f\u00e1il ar C\u00fala4 ar Scoil do ph\u00e1ist\u00ed na t\u00edre ann. T\u00e1 nach m\u00f3r 300 scoileanna sa t\u00edr ag feidhmi\u00fa tr\u00ed Ghaeilge idir ghaelscoileanna agus scoileanna sa Ghaeltacht agus t\u00e1 an tsraith seo r\u00edth\u00e1bhachtach d\u00f3ibh si\u00fad ach go h\u00e1irithe agus d\u00e1 dteaghlaigh chomh maith. Cabhr\u00f3idh s\u00e9 freisin leis an obair at\u00e1 \u00e1 dh\u00e9anamh ag bunscoileanna \u00f3 l\u00e1 go l\u00e1 agus n\u00ed m\u00f3r do ph\u00e1ist\u00ed at\u00e1 ag freastal ar scoileanna tr\u00ed mhe\u00e1n an Bh\u00e9arla, s\u00fail a chaitheamh ar an tsraith chomh maith, go h\u00e1irithe nuair at\u00e1 na scoileanna d\u00fanta.&#8221;<\/em><br \/>\n&nbsp;<\/p>\n<p><strong>D\u00fairt Siobh\u00e1n N\u00ed Bhr\u00e1daigh, Eagarth\u00f3ir do Dhaoine \u00d3ga i TG4:<\/strong> <em>&#8220;T\u00e1 TG4 s\u00e1sta go bhfuilimid in ann taca\u00edocht oideachas\u00fail a chur ar f\u00e1il do dhalta\u00ed agus a dtuismitheoir\u00ed ar\u00eds i mbliana nuair at\u00e1 siad ag foghlaim sa bhaile mar gheall ar scoileanna a bheith d\u00fanta.  Is cabhair mh\u00f3r an cl\u00e1r do ph\u00e1ist\u00ed at\u00e1 ag freastal ar bhunscoileanna l\u00e1n-Gaeilge agus ar scoileanna Gaeltachta.  T\u00e1imid bu\u00edoch as an treoir lean\u00fanach \u00f3 na heagrais oideachais a thugann treoir d\u00fainn an tsraith a l\u00e9iri\u00fa agus t\u00e1imid bu\u00edoch as tuairim\u00ed Tuismitheoir\u00ed na Gaeltachta agus as d\u00edograis an fhoireann l\u00e9irithe i Meangadh F\u00edb\u00edn.&#8221;<\/em><br \/>\n&nbsp;<br \/>\nIs \u00e9 an comhlacht l\u00e9irithe Meangadh F\u00edb\u00edn a bheidh i mbun C\u00fala4 ar Scoil a l\u00e9iri\u00fa.<\/p>\n<p>&nbsp;<br \/>\n&nbsp;<\/p>\n","protected":false},"excerpt":{"rendered":"<p>&nbsp; T\u00e1 TG4 chun sraith nua de C\u00fala4 ar Scoil a chraoladh \u00f3n Luan 18 Ean\u00e1ir 2021 de bharr cinneadh an Rialtais inn\u00e9 go bhfanfaidh gach bunscoil d\u00fanta go dt\u00ed deireadh M\u00ed Ean\u00e1ir faoi shrianta Covid-19. Craolfar an tsraith \u00f3n Luan go D\u00e9ardaoin ag 10am agus beidh athchraoladh den chl\u00e1r gach l\u00e1 ag 4pm. Cuireadh [&hellip;]<\/p>\n","protected":false},"author":876,"featured_media":0,"parent":115579,"menu_order":1,"comment_status":"closed","ping_status":"closed","template":"page-templates\/template-pr.php","meta":{"_acf_changed":false,"footnotes":""},"acf":[],"yoast_head":"<!-- This site is optimized with the Yoast SEO plugin v22.6 - https:\/\/yoast.com\/wordpress\/plugins\/seo\/ -->\n<title>Sraith nua de C\u00fala4 ar Scoil le craoladh ar TG4 do dhalta\u00ed bunscoile at\u00e1 sa bhaile de bharr srianta Covid-19 | Preas R\u00e1iteas | TG4<\/title>\n<meta name=\"robots\" content=\"index, follow, max-snippet:-1, max-image-preview:large, max-video-preview:-1\" \/>\n<meta property=\"og:locale\" content=\"en_US\" \/>\n<meta property=\"og:type\" content=\"article\" \/>\n<meta property=\"og:title\" content=\"Sraith nua de C\u00fala4 ar Scoil le craoladh ar TG4 do dhalta\u00ed bunscoile at\u00e1 sa bhaile de bharr srianta Covid-19 | Preas R\u00e1iteas | TG4\" \/>\n<meta property=\"og:description\" content=\"&nbsp; T\u00e1 TG4 chun sraith nua de C\u00fala4 ar Scoil a chraoladh \u00f3n Luan 18 Ean\u00e1ir 2021 de bharr cinneadh an Rialtais inn\u00e9 go bhfanfaidh gach bunscoil d\u00fanta go dt\u00ed deireadh M\u00ed Ean\u00e1ir faoi shrianta Covid-19. Craolfar an tsraith \u00f3n Luan go D\u00e9ardaoin ag 10am agus beidh athchraoladh den chl\u00e1r gach l\u00e1 ag 4pm. Cuireadh [&hellip;]\" \/>\n<meta property=\"og:url\" content=\"https:\/\/dev.tg4.ie\/ga\/eolas\/preas\/nuacht-raitis\/2021-2\/sraith-nua-de-cula4-ar-scoil-le-craoladh-ar-tg4-do-dhaltai-bunscoile-ata-sa-bhaile-de-bharr-srianta-covid-19\/\" \/>\n<meta property=\"og:site_name\" content=\"TG4\" \/>\n<meta property=\"article:publisher\" content=\"https:\/\/www.facebook.com\/TG4TV\" \/>\n<meta property=\"og:image\" content=\"https:\/\/tg4-docs.s3.amazonaws.com\/tg4-redesign-2015\/wp-content\/uploads\/2021\/01\/Orla_Ni_Fhinneadha_C4_ar_Scoil_1_1920x1080.jpg\" \/>\n\t<meta property=\"og:image:width\" content=\"1920\" \/>\n\t<meta property=\"og:image:height\" content=\"1080\" \/>\n\t<meta property=\"og:image:type\" content=\"image\/jpeg\" \/>\n<meta name=\"twitter:card\" content=\"summary_large_image\" \/>\n<meta name=\"twitter:image\" content=\"https:\/\/tg4-docs.s3.amazonaws.com\/tg4-redesign-2015\/wp-content\/uploads\/2021\/01\/Orla_Ni_Fhinneadha_C4_ar_Scoil_1_1920x1080.jpg\" \/>\n<meta name=\"twitter:site\" content=\"@TG4TV\" \/>\n<meta name=\"twitter:label1\" content=\"Est. reading time\" \/>\n\t<meta name=\"twitter:data1\" content=\"5 minutes\" \/>\n<script type=\"application\/ld+json\" class=\"yoast-schema-graph\">{\"@context\":\"https:\/\/schema.org\",\"@graph\":[{\"@type\":\"WebPage\",\"@id\":\"https:\/\/dev.tg4.ie\/ga\/eolas\/preas\/nuacht-raitis\/2021-2\/sraith-nua-de-cula4-ar-scoil-le-craoladh-ar-tg4-do-dhaltai-bunscoile-ata-sa-bhaile-de-bharr-srianta-covid-19\/\",\"url\":\"https:\/\/dev.tg4.ie\/ga\/eolas\/preas\/nuacht-raitis\/2021-2\/sraith-nua-de-cula4-ar-scoil-le-craoladh-ar-tg4-do-dhaltai-bunscoile-ata-sa-bhaile-de-bharr-srianta-covid-19\/\",\"name\":\"Sraith nua de C\u00fala4 ar Scoil le craoladh ar TG4 do dhalta\u00ed bunscoile at\u00e1 sa bhaile de bharr srianta Covid-19 | Preas R\u00e1iteas | TG4\",\"isPartOf\":{\"@id\":\"https:\/\/dev.tg4.ie\/en\/#website\"},\"primaryImageOfPage\":{\"@id\":\"https:\/\/dev.tg4.ie\/ga\/eolas\/preas\/nuacht-raitis\/2021-2\/sraith-nua-de-cula4-ar-scoil-le-craoladh-ar-tg4-do-dhaltai-bunscoile-ata-sa-bhaile-de-bharr-srianta-covid-19\/#primaryimage\"},\"image\":{\"@id\":\"https:\/\/dev.tg4.ie\/ga\/eolas\/preas\/nuacht-raitis\/2021-2\/sraith-nua-de-cula4-ar-scoil-le-craoladh-ar-tg4-do-dhaltai-bunscoile-ata-sa-bhaile-de-bharr-srianta-covid-19\/#primaryimage\"},\"thumbnailUrl\":\"https:\/\/dev.tg4.ie\/wp-content\/uploads\/2021\/01\/Orla_Ni_Fhinneadha_C4_ar_Scoil_1_1920x1080.jpg\",\"datePublished\":\"2021-01-07T12:51:59+00:00\",\"dateModified\":\"2021-01-07T12:51:59+00:00\",\"breadcrumb\":{\"@id\":\"https:\/\/dev.tg4.ie\/ga\/eolas\/preas\/nuacht-raitis\/2021-2\/sraith-nua-de-cula4-ar-scoil-le-craoladh-ar-tg4-do-dhaltai-bunscoile-ata-sa-bhaile-de-bharr-srianta-covid-19\/#breadcrumb\"},\"inLanguage\":\"ga\",\"potentialAction\":[{\"@type\":\"ReadAction\",\"target\":[\"https:\/\/dev.tg4.ie\/ga\/eolas\/preas\/nuacht-raitis\/2021-2\/sraith-nua-de-cula4-ar-scoil-le-craoladh-ar-tg4-do-dhaltai-bunscoile-ata-sa-bhaile-de-bharr-srianta-covid-19\/\"]}]},{\"@type\":\"ImageObject\",\"inLanguage\":\"ga\",\"@id\":\"https:\/\/dev.tg4.ie\/ga\/eolas\/preas\/nuacht-raitis\/2021-2\/sraith-nua-de-cula4-ar-scoil-le-craoladh-ar-tg4-do-dhaltai-bunscoile-ata-sa-bhaile-de-bharr-srianta-covid-19\/#primaryimage\",\"url\":\"https:\/\/dev.tg4.ie\/wp-content\/uploads\/2021\/01\/Orla_Ni_Fhinneadha_C4_ar_Scoil_1_1920x1080.jpg\",\"contentUrl\":\"https:\/\/dev.tg4.ie\/wp-content\/uploads\/2021\/01\/Orla_Ni_Fhinneadha_C4_ar_Scoil_1_1920x1080.jpg\"},{\"@type\":\"BreadcrumbList\",\"@id\":\"https:\/\/dev.tg4.ie\/ga\/eolas\/preas\/nuacht-raitis\/2021-2\/sraith-nua-de-cula4-ar-scoil-le-craoladh-ar-tg4-do-dhaltai-bunscoile-ata-sa-bhaile-de-bharr-srianta-covid-19\/#breadcrumb\",\"itemListElement\":[{\"@type\":\"ListItem\",\"position\":1,\"name\":\"Home\",\"item\":\"https:\/\/dev.tg4.ie\/ga\/\"},{\"@type\":\"ListItem\",\"position\":2,\"name\":\"Eolas\",\"item\":\"https:\/\/dev.tg4.ie\/ga\/eolas\/\"},{\"@type\":\"ListItem\",\"position\":3,\"name\":\"Preas\",\"item\":\"https:\/\/dev.tg4.ie\/ga\/eolas\/preas\/\"},{\"@type\":\"ListItem\",\"position\":4,\"name\":\"Nuacht R\u00e1itis\",\"item\":\"https:\/\/dev.tg4.ie\/ga\/eolas\/preas\/nuacht-raitis\/\"},{\"@type\":\"ListItem\",\"position\":5,\"name\":\"2021\",\"item\":\"https:\/\/dev.tg4.ie\/ga\/eolas\/preas\/nuacht-raitis\/2021-2\/\"},{\"@type\":\"ListItem\",\"position\":6,\"name\":\"Sraith nua de C\u00fala4 ar Scoil le craoladh ar TG4 do dhalta\u00ed bunscoile at\u00e1 sa bhaile de bharr srianta Covid-19\"}]},{\"@type\":\"WebSite\",\"@id\":\"https:\/\/dev.tg4.ie\/en\/#website\",\"url\":\"https:\/\/dev.tg4.ie\/en\/\",\"name\":\"TG4\",\"description\":\"S\u00fail Eile\",\"potentialAction\":[{\"@type\":\"SearchAction\",\"target\":{\"@type\":\"EntryPoint\",\"urlTemplate\":\"https:\/\/dev.tg4.ie\/en\/?s={search_term_string}\"},\"query-input\":\"required name=search_term_string\"}],\"inLanguage\":\"ga\"}]}<\/script>\n<!-- \/ Yoast SEO plugin. -->","yoast_head_json":{"title":"Sraith nua de C\u00fala4 ar Scoil le craoladh ar TG4 do dhalta\u00ed bunscoile at\u00e1 sa bhaile de bharr srianta Covid-19 | Preas R\u00e1iteas | TG4","robots":{"index":"index","follow":"follow","max-snippet":"max-snippet:-1","max-image-preview":"max-image-preview:large","max-video-preview":"max-video-preview:-1"},"og_locale":"en_US","og_type":"article","og_title":"Sraith nua de C\u00fala4 ar Scoil le craoladh ar TG4 do dhalta\u00ed bunscoile at\u00e1 sa bhaile de bharr srianta Covid-19 | Preas R\u00e1iteas | TG4","og_description":"&nbsp; T\u00e1 TG4 chun sraith nua de C\u00fala4 ar Scoil a chraoladh \u00f3n Luan 18 Ean\u00e1ir 2021 de bharr cinneadh an Rialtais inn\u00e9 go bhfanfaidh gach bunscoil d\u00fanta go dt\u00ed deireadh M\u00ed Ean\u00e1ir faoi shrianta Covid-19. Craolfar an tsraith \u00f3n Luan go D\u00e9ardaoin ag 10am agus beidh athchraoladh den chl\u00e1r gach l\u00e1 ag 4pm. Cuireadh [&hellip;]","og_url":"https:\/\/dev.tg4.ie\/ga\/eolas\/preas\/nuacht-raitis\/2021-2\/sraith-nua-de-cula4-ar-scoil-le-craoladh-ar-tg4-do-dhaltai-bunscoile-ata-sa-bhaile-de-bharr-srianta-covid-19\/","og_site_name":"TG4","article_publisher":"https:\/\/www.facebook.com\/TG4TV","og_image":[{"width":1920,"height":1080,"url":"https:\/\/tg4-docs.s3.amazonaws.com\/tg4-redesign-2015\/wp-content\/uploads\/2021\/01\/Orla_Ni_Fhinneadha_C4_ar_Scoil_1_1920x1080.jpg","type":"image\/jpeg"}],"twitter_card":"summary_large_image","twitter_image":"https:\/\/tg4-docs.s3.amazonaws.com\/tg4-redesign-2015\/wp-content\/uploads\/2021\/01\/Orla_Ni_Fhinneadha_C4_ar_Scoil_1_1920x1080.jpg","twitter_site":"@TG4TV","twitter_misc":{"Est. reading time":"5 minutes"},"schema":{"@context":"https:\/\/schema.org","@graph":[{"@type":"WebPage","@id":"https:\/\/dev.tg4.ie\/ga\/eolas\/preas\/nuacht-raitis\/2021-2\/sraith-nua-de-cula4-ar-scoil-le-craoladh-ar-tg4-do-dhaltai-bunscoile-ata-sa-bhaile-de-bharr-srianta-covid-19\/","url":"https:\/\/dev.tg4.ie\/ga\/eolas\/preas\/nuacht-raitis\/2021-2\/sraith-nua-de-cula4-ar-scoil-le-craoladh-ar-tg4-do-dhaltai-bunscoile-ata-sa-bhaile-de-bharr-srianta-covid-19\/","name":"Sraith nua de C\u00fala4 ar Scoil le craoladh ar TG4 do dhalta\u00ed bunscoile at\u00e1 sa bhaile de bharr srianta Covid-19 | Preas R\u00e1iteas | TG4","isPartOf":{"@id":"https:\/\/dev.tg4.ie\/en\/#website"},"primaryImageOfPage":{"@id":"https:\/\/dev.tg4.ie\/ga\/eolas\/preas\/nuacht-raitis\/2021-2\/sraith-nua-de-cula4-ar-scoil-le-craoladh-ar-tg4-do-dhaltai-bunscoile-ata-sa-bhaile-de-bharr-srianta-covid-19\/#primaryimage"},"image":{"@id":"https:\/\/dev.tg4.ie\/ga\/eolas\/preas\/nuacht-raitis\/2021-2\/sraith-nua-de-cula4-ar-scoil-le-craoladh-ar-tg4-do-dhaltai-bunscoile-ata-sa-bhaile-de-bharr-srianta-covid-19\/#primaryimage"},"thumbnailUrl":"https:\/\/dev.tg4.ie\/wp-content\/uploads\/2021\/01\/Orla_Ni_Fhinneadha_C4_ar_Scoil_1_1920x1080.jpg","datePublished":"2021-01-07T12:51:59+00:00","dateModified":"2021-01-07T12:51:59+00:00","breadcrumb":{"@id":"https:\/\/dev.tg4.ie\/ga\/eolas\/preas\/nuacht-raitis\/2021-2\/sraith-nua-de-cula4-ar-scoil-le-craoladh-ar-tg4-do-dhaltai-bunscoile-ata-sa-bhaile-de-bharr-srianta-covid-19\/#breadcrumb"},"inLanguage":"ga","potentialAction":[{"@type":"ReadAction","target":["https:\/\/dev.tg4.ie\/ga\/eolas\/preas\/nuacht-raitis\/2021-2\/sraith-nua-de-cula4-ar-scoil-le-craoladh-ar-tg4-do-dhaltai-bunscoile-ata-sa-bhaile-de-bharr-srianta-covid-19\/"]}]},{"@type":"ImageObject","inLanguage":"ga","@id":"https:\/\/dev.tg4.ie\/ga\/eolas\/preas\/nuacht-raitis\/2021-2\/sraith-nua-de-cula4-ar-scoil-le-craoladh-ar-tg4-do-dhaltai-bunscoile-ata-sa-bhaile-de-bharr-srianta-covid-19\/#primaryimage","url":"https:\/\/dev.tg4.ie\/wp-content\/uploads\/2021\/01\/Orla_Ni_Fhinneadha_C4_ar_Scoil_1_1920x1080.jpg","contentUrl":"https:\/\/dev.tg4.ie\/wp-content\/uploads\/2021\/01\/Orla_Ni_Fhinneadha_C4_ar_Scoil_1_1920x1080.jpg"},{"@type":"BreadcrumbList","@id":"https:\/\/dev.tg4.ie\/ga\/eolas\/preas\/nuacht-raitis\/2021-2\/sraith-nua-de-cula4-ar-scoil-le-craoladh-ar-tg4-do-dhaltai-bunscoile-ata-sa-bhaile-de-bharr-srianta-covid-19\/#breadcrumb","itemListElement":[{"@type":"ListItem","position":1,"name":"Home","item":"https:\/\/dev.tg4.ie\/ga\/"},{"@type":"ListItem","position":2,"name":"Eolas","item":"https:\/\/dev.tg4.ie\/ga\/eolas\/"},{"@type":"ListItem","position":3,"name":"Preas","item":"https:\/\/dev.tg4.ie\/ga\/eolas\/preas\/"},{"@type":"ListItem","position":4,"name":"Nuacht R\u00e1itis","item":"https:\/\/dev.tg4.ie\/ga\/eolas\/preas\/nuacht-raitis\/"},{"@type":"ListItem","position":5,"name":"2021","item":"https:\/\/dev.tg4.ie\/ga\/eolas\/preas\/nuacht-raitis\/2021-2\/"},{"@type":"ListItem","position":6,"name":"Sraith nua de C\u00fala4 ar Scoil le craoladh ar TG4 do dhalta\u00ed bunscoile at\u00e1 sa bhaile de bharr srianta Covid-19"}]},{"@type":"WebSite","@id":"https:\/\/dev.tg4.ie\/en\/#website","url":"https:\/\/dev.tg4.ie\/en\/","name":"TG4","description":"S\u00fail Eile","potentialAction":[{"@type":"SearchAction","target":{"@type":"EntryPoint","urlTemplate":"https:\/\/dev.tg4.ie\/en\/?s={search_term_string}"},"query-input":"required name=search_term_string"}],"inLanguage":"ga"}]}},"_links":{"self":[{"href":"https:\/\/dev.tg4.ie\/ga\/wp-json\/wp\/v2\/pages\/115621"}],"collection":[{"href":"https:\/\/dev.tg4.ie\/ga\/wp-json\/wp\/v2\/pages"}],"about":[{"href":"https:\/\/dev.tg4.ie\/ga\/wp-json\/wp\/v2\/types\/page"}],"author":[{"embeddable":true,"href":"https:\/\/dev.tg4.ie\/ga\/wp-json\/wp\/v2\/users\/876"}],"replies":[{"embeddable":true,"href":"https:\/\/dev.tg4.ie\/ga\/wp-json\/wp\/v2\/comments?post=115621"}],"version-history":[{"count":0,"href":"https:\/\/dev.tg4.ie\/ga\/wp-json\/wp\/v2\/pages\/115621\/revisions"}],"up":[{"embeddable":true,"href":"https:\/\/dev.tg4.ie\/ga\/wp-json\/wp\/v2\/pages\/115579"}],"wp:attachment":[{"href":"https:\/\/dev.tg4.ie\/ga\/wp-json\/wp\/v2\/media?parent=115621"}],"curies":[{"name":"wp","href":"https:\/\/api.w.org\/{rel}","templated":true}]}}