{"id":115642,"date":"2021-01-08T10:41:24","date_gmt":"2021-01-08T10:41:24","guid":{"rendered":"https:\/\/dev.tg4.ie\/?page_id=115642"},"modified":"2021-02-23T09:51:19","modified_gmt":"2021-02-23T09:51:19","slug":"samhlu-croi-cruthaitheach-sraith-de-ghearrscannan-ealaine-le-craoladh-ar-sheinnteoir-tg4-on-domhnach-seo","status":"publish","type":"page","link":"https:\/\/dev.tg4.ie\/ga\/eolas\/preas\/nuacht-raitis\/2021-2\/samhlu-croi-cruthaitheach-sraith-de-ghearrscannan-ealaine-le-craoladh-ar-sheinnteoir-tg4-on-domhnach-seo\/","title":{"rendered":"&#8216;Samhl\u00fa Cro\u00ed Cruthaitheach&#8217; &#8211; Sraith de ghearrscann\u00e1n eala\u00edne le craoladh ar Sheinnteoir TG4 \u00f3n Domhnach seo"},"content":{"rendered":"<p><a href=\"https:\/\/tg4-docs.s3.amazonaws.com\/tg4-redesign-2015\/wp-content\/uploads\/2020\/11\/Logo-Samhlu.png\"><img loading=\"lazy\" decoding=\"async\" width=\"1920\" height=\"454\" src=\"https:\/\/tg4-docs.s3.amazonaws.com\/tg4-redesign-2015\/wp-content\/uploads\/2020\/11\/Logo-Samhlu.png\" alt=\"\" class=\"alignnone size-full wp-image-115180\" srcset=\"https:\/\/tg4-docs.s3.amazonaws.com\/tg4-redesign-2015\/wp-content\/uploads\/2020\/11\/Logo-Samhlu.png 1920w, https:\/\/tg4-docs.s3.amazonaws.com\/tg4-redesign-2015\/wp-content\/uploads\/2020\/11\/Logo-Samhlu-250x59.png 250w, https:\/\/tg4-docs.s3.amazonaws.com\/tg4-redesign-2015\/wp-content\/uploads\/2020\/11\/Logo-Samhlu-700x166.png 700w, https:\/\/tg4-docs.s3.amazonaws.com\/tg4-redesign-2015\/wp-content\/uploads\/2020\/11\/Logo-Samhlu-252x60.png 252w, https:\/\/tg4-docs.s3.amazonaws.com\/tg4-redesign-2015\/wp-content\/uploads\/2020\/11\/Logo-Samhlu-1536x363.png 1536w, https:\/\/tg4-docs.s3.amazonaws.com\/tg4-redesign-2015\/wp-content\/uploads\/2020\/11\/Logo-Samhlu-120x28.png 120w\" sizes=\"(max-width: 1920px) 100vw, 1920px\" \/><\/a><br \/>\n&nbsp;<\/p>\n<p>Comhph\u00e1irt\u00edocht nua \u00e9 <strong>Samhl\u00fa<\/strong> idir TG4 agus Cl\u00e1r \u00c9ire Ild\u00e1nach na Roinne Turas\u00f3ireachta, Cult\u00fair, Eala\u00edon, Gaeltachta, Sp\u00f3irt agus Me\u00e1n.  Seoladh Samhl\u00fa i m\u00ed na Nollag 2020 chun gaisc\u00ed agus cruthaitheacht eala\u00edonta at\u00e1 tagtha chun cinn ar fud na h\u00c9ireann a cheili\u00faradh, c\u00e9 gur bliain thar a bheith d\u00fashl\u00e1nach a bh\u00ed in 2020.<br \/>\n&nbsp;<\/p>\n<p>Ard\u00e1n eala\u00edon iontach \u00e9 <strong>Samhl\u00fa 2020<\/strong> a craoladh i m\u00ed na Nollag, 90 n\u00f3im\u00e9ad de cheol, amharclanna\u00edocht agus de dhamhsa agus \u00e9 curtha i l\u00e1thair ag Tommy Tiernan.<br \/>\nCraolfar an dara c\u00e9im den tionscadal cruthaitheach seo ar sheinnteoir TG4 <a href=\"https:\/\/dev.tg4.ie\/Samhl\u00fa\" rel=\"noopener\" target=\"_blank\">www.tg4.ie\/Samhl\u00fa<\/a> \u00f3n 10\u00fa Ean\u00e1ir.<br \/>\n&nbsp;<br \/>\n<a href=\"https:\/\/tg4-docs.s3.amazonaws.com\/tg4-redesign-2015\/wp-content\/uploads\/2021\/01\/Samhlu_Croi_Cruthaitheach-Anna_Matykiewicz_Julia_Dunin_Photography-1920x1080-1.jpg\"><img loading=\"lazy\" decoding=\"async\" width=\"700\" height=\"394\" src=\"https:\/\/tg4-docs.s3.amazonaws.com\/tg4-redesign-2015\/wp-content\/uploads\/2021\/01\/Samhlu_Croi_Cruthaitheach-Anna_Matykiewicz_Julia_Dunin_Photography-1920x1080-1-700x394.jpg\" alt=\"\" class=\"alignnone size-large wp-image-115645\" srcset=\"https:\/\/tg4-docs.s3.amazonaws.com\/tg4-redesign-2015\/wp-content\/uploads\/2021\/01\/Samhlu_Croi_Cruthaitheach-Anna_Matykiewicz_Julia_Dunin_Photography-1920x1080-1-700x394.jpg 700w, https:\/\/tg4-docs.s3.amazonaws.com\/tg4-redesign-2015\/wp-content\/uploads\/2021\/01\/Samhlu_Croi_Cruthaitheach-Anna_Matykiewicz_Julia_Dunin_Photography-1920x1080-1-250x141.jpg 250w, https:\/\/tg4-docs.s3.amazonaws.com\/tg4-redesign-2015\/wp-content\/uploads\/2021\/01\/Samhlu_Croi_Cruthaitheach-Anna_Matykiewicz_Julia_Dunin_Photography-1920x1080-1-252x141.jpg 252w, https:\/\/tg4-docs.s3.amazonaws.com\/tg4-redesign-2015\/wp-content\/uploads\/2021\/01\/Samhlu_Croi_Cruthaitheach-Anna_Matykiewicz_Julia_Dunin_Photography-1920x1080-1-1536x864.jpg 1536w, https:\/\/tg4-docs.s3.amazonaws.com\/tg4-redesign-2015\/wp-content\/uploads\/2021\/01\/Samhlu_Croi_Cruthaitheach-Anna_Matykiewicz_Julia_Dunin_Photography-1920x1080-1-120x68.jpg 120w, https:\/\/tg4-docs.s3.amazonaws.com\/tg4-redesign-2015\/wp-content\/uploads\/2021\/01\/Samhlu_Croi_Cruthaitheach-Anna_Matykiewicz_Julia_Dunin_Photography-1920x1080-1.jpg 1920w\" sizes=\"(max-width: 700px) 100vw, 700px\" \/><\/a><\/p>\n<p>&nbsp;<\/p>\n<div style=\"position: relative; overflow: auto; width: 100%; padding-bottom: 56.25%;\"><iframe loading=\"lazy\" src=\"https:\/\/www.youtube.com\/embed\/pZBJPXnwYx4\" width=\"100%\" height=\"100%\" frameborder=\"0\" scrolling=\"no\" allowFullscreen=\"true\" style=\"position: absolute; top: 0px; display: block;\"><\/iframe><\/div>\n<p>&nbsp;<\/p>\n<p>Is sraith de dh\u00e1 ghearrscann\u00e1n d\u00e9ag teib\u00ed \u00e9 <strong>Samhl\u00fa Cro\u00ed Cruthaitheach<\/strong> ina bhfuil eala\u00edont\u00f3ir\u00ed agus lucht cruthaitheacha rannph\u00e1irteach.  Is ionann na gearrscann\u00e1in seo agus eisp\u00e9ireas d&#8217;\u00edomh\u00e1nna agus d&#8217;fhuaimeanna ina dtugtar l\u00e9argas ar an bpr\u00f3iseas eala\u00edne at\u00e1 ag cuid d&#8217;aos d\u00e1na cheilte na h\u00c9ireann. Is iad seo eala\u00edont\u00f3ir\u00ed, d\u00e9ant\u00f3ir\u00ed agus gn\u00edomhaithe ar leith agus br\u00edomhara na h\u00c9ireann, daoine at\u00e1 lonnaithe i mbailte agus i sr\u00e1idbhailte ar fud na t\u00edre.  Tr\u00edd na scann\u00e1in seo, gheobhaidh an lucht f\u00e9achana l\u00e9argas nua agus mionsonraithe ar mar a ullmha\u00edonn an t-eala\u00edont\u00f3ir \u00e9 f\u00e9in agus mar a dh\u00e9anann s\u00e9 a chuid saothair a fhorbairt i bhfoirm st\u00edlithe dh\u00edlis.<br \/>\n&nbsp;<\/p>\n<p>Heavy Man Films, at\u00e1 bunaithe i nGaillimh, a l\u00e9ir\u00edonn scann\u00e1in Samhl\u00fa Cro\u00ed Cruthaitheach. Sc\u00e9alta saincheaptha a chur faoi bhr\u00e1id an lucht f\u00e9achana is ea r\u00e9imse speisialt\u00f3ireachta na cuideachta at\u00e1 imithe \u00f3 neart go neart le 10 mbliana anuas, ag cur \u00e1bhar iontach ar leith ar f\u00e1il do chraolt\u00f3ir\u00ed N\u00e1isi\u00fanta teilif\u00edse chomh maith le f\u00f3gra\u00ed teilif\u00edse a dhearadh agus a l\u00e9iri\u00fa mar aon le h\u00e1bhar ar l\u00edne, cl\u00e1ir faisn\u00e9ise agus scann\u00e1in ficsin a dh\u00e9anamh.<br \/>\n&nbsp;<\/p>\n<h3>Cuir aithne ar na hEala\u00edontoir\u00ed<\/h3>\n<p>File Gaeilge \u00ed <strong>Ceait\u00ed N\u00ed Bheildi\u00fain<\/strong> a bhfuil gradaim buaite aici. T\u00e1 raon ollmh\u00f3r, scil agus cumas cruthaitheachta le brath go m\u00f3r ar a cuid saothar ina bhfuil l\u00e9argas tugtha ar th\u00e9ama\u00ed \u00e1iti\u00fala agus uil\u00edocha.  Is as Baile \u00c1tha Cliath \u00f3 dh\u00fachas do Cheait\u00ed at\u00e1 anois ina c\u00f3na\u00ed ar Leithinis Chorca Dhuibhne.<br \/>\n&nbsp;<\/p>\n<p><strong>James Mary agus Neill Kelly<\/strong>. Is ina gce\u00e1rta faoi sc\u00e1th Chaisle\u00e1n Chill Chainnigh a dtugann na Sainghaibhne \u00d3ir seo faoina gceird ag d\u00e9anamh seodra saindeartha tr\u00ed ghaibhni\u00fa fuar le l\u00e1mh. Is \u00e9 a rinne corn Chraobh Iom\u00e1na na h\u00c9ireann chomh maith.<br \/>\n&nbsp;<\/p>\n<p><strong>Helen Comerford<\/strong> &#8211; T\u00e1 20 bliain caite ag Helen i mbun p\u00e9int\u00e9ireacht dhathdh\u00f3ite. T\u00e1 s\u00ed lonnaithe i gCill Chainnigh agus de thoradh ar an gcaoi ar leith a dtugann s\u00ed faoina cuid saothar, cuireadh ar taispe\u00e1int iad i ngailearaithe lena n-\u00e1ir\u00edtear IMMA, Gaileara\u00ed Bardasach Butler i gCill Chainnigh, D\u00e1nlann an Hugh Lane agus baili\u00fach\u00e1n bardasach na Gaillimhe.<br \/>\n&nbsp;<\/p>\n<p>T\u00e1 <strong>Ian Joyce<\/strong> ag cur faoi, ag smaointeoireacht agus ag obair i ndomhan \u00e1rsa na gcloch, ina bhfuil foins\u00ed n\u00e1d\u00fartha uisce agus feirmeacha at\u00e1 scuabtha ag an ngaoth sa cheantar is faide \u00f3 bhaile in oirthear na hEorpa. Is faoi mhaireacht\u00e1il a chuid saothar agus faoi na coinn\u00edollacha a bhaineann le l\u00e9iri\u00fa agus le com\u00f3radh oifigi\u00fail a sh\u00e1r\u00fa.<br \/>\n&nbsp;<\/p>\n<p>Idir ceol \u00edostach agus ceol leictreonach \u00e9 saothar <strong>Anna Mullarkey<\/strong>. T\u00e1 a cuid taibhl\u00e9irithe br\u00edomhara fisici\u00fala chomh tarraingteach c\u00e9anna lena ceol.  T\u00f3gadh Anna i nGaillimh agus is \u00f3n fharraige a tharraing\u00edonn s\u00ed inspior\u00e1id d\u00e1 cuid saothar ceoil.<br \/>\n&nbsp;<\/p>\n<p>T\u00e1 <strong>Willzee<\/strong> p\u00e1irteach i ngluaiseacht ceoil a chuireann a bhaile d\u00fachais, Luimneach, go m\u00f3r chun cinn maidir le rapcheol na h\u00c9ireann.<br \/>\n&nbsp;<\/p>\n<p>Crutha\u00edonn <strong>Tatiana Dobos<\/strong> saothair eala\u00edon cheirmeacha a bhaineann le moth\u00fach\u00e1in daoine. F\u00e9achann s\u00ed leis na meicn\u00edochta\u00ed a bhaineann leis an gcoimhlint inmhe\u00e1nach a chur i l\u00e1thair ina cuid saothar, fad agus a dh\u00e9anann s\u00ed an toradh a bh\u00edonn air sin a scr\u00fad\u00fa.<br \/>\n&nbsp;<\/p>\n<p>Crutha\u00edonn an tAmharc-Eala\u00edont\u00f3ir <strong>Eoin Turner<\/strong> in \u00e9ind\u00ed lena bhean, an t-eala\u00edont\u00f3ir <strong>Lorraine Mullins<\/strong>; deara\u00ed &#038; p\u00edosa\u00ed dealbh\u00f3ireachta saincheaptha inaitheanta iontacha as gloine, saothar a bhfuil ceili\u00faradh d\u00e9anta orthu ar fud na cruinne.<br \/>\n&nbsp;<\/p>\n<p>Is eala\u00edont\u00f3ir \u00c9ireannach \u00e9 <strong>Andrew Duggan<\/strong> a dh\u00e9anann an caidreamh casta idir duine agus \u00e1it a scr\u00fad\u00fa ina chuid saothar f\u00edse\u00e1in, suite\u00e1lacha agus togra\u00ed. Baineann s\u00e9 leas as na gn\u00e9ithe is l\u00e1idre ina chuid saothar maidir le heaspa, athr\u00e1 agus aistri\u00fa chun ceangal a chur i gceann daoine le h\u00e1iteanna t\u00f3gtha n\u00f3 le h\u00e1iteanna at\u00e1 samhlaithe agus stair a aimsi\u00fa.<br \/>\n&nbsp;<\/p>\n<p>Is Amharc-Eala\u00edont\u00f3ir as an bPolainn \u00ed <strong>Anna Matykiewicz<\/strong> at\u00e1 anois lonnaithe sna Clocha Liatha, arb iad portr\u00e1id\u00ed p\u00e9inte\u00e1ilte sochorraithe de mhn\u00e1 iad a r\u00e9imse speisialt\u00f3ireachta.<br \/>\n&nbsp;<\/p>\n<p>T\u00e1 ceol <strong>Mh\u00e1nus Lunny<\/strong> fite fuaite i saol an cheoil in \u00c9irinn. T\u00e1 an-t\u00f3ir ar Mh\u00e1nus mar gheall ar chomh cumasach is at\u00e1 s\u00e9 ar uirlis\u00ed \u00e9ags\u00fala ceoil chomh maith leis an taith\u00ed at\u00e1 aige ar ard\u00e1in, ar sc\u00e1ile\u00e1in agus ar an raidi\u00f3 anseo in \u00c9irinn agus thar lear le breis is 30 bliain anuas.<br \/>\n&nbsp;<\/p>\n<p>Is \u00f3 fhochult\u00far graif\u00edt\u00ed br\u00edomhar na h\u00c9ireann a th\u00e1inig <strong>Shane O&#8217;Malley<\/strong> chun cinn.  T\u00e1 Shane, ar as an Uaimh \u00f3 dh\u00fachas \u00e9, anois ina ch\u00f3na\u00ed i nGaillimh. T\u00e1 sp\u00e9is aige sna t\u00e9ama\u00ed a bhaineann le haitheantas, le meabharshl\u00e1inte agus foll\u00e1ine moth\u00fach\u00e1n chomh maith le haistear agus f\u00e9ineacht daoine. T\u00e1 teanga fh\u00edsi\u00fail d\u00e1 chuid f\u00e9in forbartha aige ag baint \u00fas\u00e1id as dath l\u00e1idir agus as p\u00e1tr\u00fain gheoim\u00e9adracha shimpl\u00ed.<\/p>\n<p>&nbsp;<br \/>\n&nbsp;<\/p>\n","protected":false},"excerpt":{"rendered":"<p>&nbsp; Comhph\u00e1irt\u00edocht nua \u00e9 Samhl\u00fa idir TG4 agus Cl\u00e1r \u00c9ire Ild\u00e1nach na Roinne Turas\u00f3ireachta, Cult\u00fair, Eala\u00edon, Gaeltachta, Sp\u00f3irt agus Me\u00e1n. Seoladh Samhl\u00fa i m\u00ed na Nollag 2020 chun gaisc\u00ed agus cruthaitheacht eala\u00edonta at\u00e1 tagtha chun cinn ar fud na h\u00c9ireann a cheili\u00faradh, c\u00e9 gur bliain thar a bheith d\u00fashl\u00e1nach a bh\u00ed in 2020. &nbsp; Ard\u00e1n [&hellip;]<\/p>\n","protected":false},"author":876,"featured_media":0,"parent":115579,"menu_order":2,"comment_status":"closed","ping_status":"closed","template":"page-templates\/template-pr.php","meta":{"_acf_changed":false,"footnotes":""},"acf":[],"yoast_head":"<!-- This site is optimized with the Yoast SEO plugin v22.6 - https:\/\/yoast.com\/wordpress\/plugins\/seo\/ -->\n<title>&#039;Samhl\u00fa Cro\u00ed Cruthaitheach&#039; - Sraith de ghearrscann\u00e1n eala\u00edne le craoladh ar Sheinnteoir TG4 \u00f3n Domhnach seo | Preas R\u00e1iteas | TG4<\/title>\n<meta name=\"robots\" content=\"index, follow, max-snippet:-1, max-image-preview:large, max-video-preview:-1\" \/>\n<meta property=\"og:locale\" content=\"en_US\" \/>\n<meta property=\"og:type\" content=\"article\" \/>\n<meta property=\"og:title\" content=\"&#039;Samhl\u00fa Cro\u00ed Cruthaitheach&#039; - Sraith de ghearrscann\u00e1n eala\u00edne le craoladh ar Sheinnteoir TG4 \u00f3n Domhnach seo | Preas R\u00e1iteas | TG4\" \/>\n<meta property=\"og:description\" content=\"&nbsp; Comhph\u00e1irt\u00edocht nua \u00e9 Samhl\u00fa idir TG4 agus Cl\u00e1r \u00c9ire Ild\u00e1nach na Roinne Turas\u00f3ireachta, Cult\u00fair, Eala\u00edon, Gaeltachta, Sp\u00f3irt agus Me\u00e1n. Seoladh Samhl\u00fa i m\u00ed na Nollag 2020 chun gaisc\u00ed agus cruthaitheacht eala\u00edonta at\u00e1 tagtha chun cinn ar fud na h\u00c9ireann a cheili\u00faradh, c\u00e9 gur bliain thar a bheith d\u00fashl\u00e1nach a bh\u00ed in 2020. &nbsp; Ard\u00e1n [&hellip;]\" \/>\n<meta property=\"og:url\" content=\"https:\/\/dev.tg4.ie\/ga\/eolas\/preas\/nuacht-raitis\/2021-2\/samhlu-croi-cruthaitheach-sraith-de-ghearrscannan-ealaine-le-craoladh-ar-sheinnteoir-tg4-on-domhnach-seo\/\" \/>\n<meta property=\"og:site_name\" content=\"TG4\" \/>\n<meta property=\"article:publisher\" content=\"https:\/\/www.facebook.com\/TG4TV\" \/>\n<meta property=\"article:modified_time\" content=\"2021-02-23T09:51:19+00:00\" \/>\n<meta property=\"og:image\" content=\"https:\/\/tg4-docs.s3.amazonaws.com\/tg4-redesign-2015\/wp-content\/uploads\/2021\/01\/Samhlu_Croi_Cruthaitheach-Anna_Matykiewicz_Julia_Dunin_Photography-1920x1080-1.jpg\" \/>\n\t<meta property=\"og:image:width\" content=\"1920\" \/>\n\t<meta property=\"og:image:height\" content=\"1080\" \/>\n\t<meta property=\"og:image:type\" content=\"image\/jpeg\" \/>\n<meta name=\"twitter:card\" content=\"summary_large_image\" \/>\n<meta name=\"twitter:image\" content=\"https:\/\/tg4-docs.s3.amazonaws.com\/tg4-redesign-2015\/wp-content\/uploads\/2021\/01\/Samhlu_Croi_Cruthaitheach-Anna_Matykiewicz_Julia_Dunin_Photography-1920x1080-1.jpg\" \/>\n<meta name=\"twitter:site\" content=\"@TG4TV\" \/>\n<meta name=\"twitter:label1\" content=\"Est. reading time\" \/>\n\t<meta name=\"twitter:data1\" content=\"5 minutes\" \/>\n<script type=\"application\/ld+json\" class=\"yoast-schema-graph\">{\"@context\":\"https:\/\/schema.org\",\"@graph\":[{\"@type\":\"WebPage\",\"@id\":\"https:\/\/dev.tg4.ie\/ga\/eolas\/preas\/nuacht-raitis\/2021-2\/samhlu-croi-cruthaitheach-sraith-de-ghearrscannan-ealaine-le-craoladh-ar-sheinnteoir-tg4-on-domhnach-seo\/\",\"url\":\"https:\/\/dev.tg4.ie\/ga\/eolas\/preas\/nuacht-raitis\/2021-2\/samhlu-croi-cruthaitheach-sraith-de-ghearrscannan-ealaine-le-craoladh-ar-sheinnteoir-tg4-on-domhnach-seo\/\",\"name\":\"'Samhl\u00fa Cro\u00ed Cruthaitheach' - Sraith de ghearrscann\u00e1n eala\u00edne le craoladh ar Sheinnteoir TG4 \u00f3n Domhnach seo | Preas R\u00e1iteas | TG4\",\"isPartOf\":{\"@id\":\"https:\/\/dev.tg4.ie\/en\/#website\"},\"primaryImageOfPage\":{\"@id\":\"https:\/\/dev.tg4.ie\/ga\/eolas\/preas\/nuacht-raitis\/2021-2\/samhlu-croi-cruthaitheach-sraith-de-ghearrscannan-ealaine-le-craoladh-ar-sheinnteoir-tg4-on-domhnach-seo\/#primaryimage\"},\"image\":{\"@id\":\"https:\/\/dev.tg4.ie\/ga\/eolas\/preas\/nuacht-raitis\/2021-2\/samhlu-croi-cruthaitheach-sraith-de-ghearrscannan-ealaine-le-craoladh-ar-sheinnteoir-tg4-on-domhnach-seo\/#primaryimage\"},\"thumbnailUrl\":\"https:\/\/dev.tg4.ie\/wp-content\/uploads\/2020\/11\/Logo-Samhlu.png\",\"datePublished\":\"2021-01-08T10:41:24+00:00\",\"dateModified\":\"2021-02-23T09:51:19+00:00\",\"breadcrumb\":{\"@id\":\"https:\/\/dev.tg4.ie\/ga\/eolas\/preas\/nuacht-raitis\/2021-2\/samhlu-croi-cruthaitheach-sraith-de-ghearrscannan-ealaine-le-craoladh-ar-sheinnteoir-tg4-on-domhnach-seo\/#breadcrumb\"},\"inLanguage\":\"ga\",\"potentialAction\":[{\"@type\":\"ReadAction\",\"target\":[\"https:\/\/dev.tg4.ie\/ga\/eolas\/preas\/nuacht-raitis\/2021-2\/samhlu-croi-cruthaitheach-sraith-de-ghearrscannan-ealaine-le-craoladh-ar-sheinnteoir-tg4-on-domhnach-seo\/\"]}]},{\"@type\":\"ImageObject\",\"inLanguage\":\"ga\",\"@id\":\"https:\/\/dev.tg4.ie\/ga\/eolas\/preas\/nuacht-raitis\/2021-2\/samhlu-croi-cruthaitheach-sraith-de-ghearrscannan-ealaine-le-craoladh-ar-sheinnteoir-tg4-on-domhnach-seo\/#primaryimage\",\"url\":\"https:\/\/dev.tg4.ie\/wp-content\/uploads\/2020\/11\/Logo-Samhlu.png\",\"contentUrl\":\"https:\/\/dev.tg4.ie\/wp-content\/uploads\/2020\/11\/Logo-Samhlu.png\"},{\"@type\":\"BreadcrumbList\",\"@id\":\"https:\/\/dev.tg4.ie\/ga\/eolas\/preas\/nuacht-raitis\/2021-2\/samhlu-croi-cruthaitheach-sraith-de-ghearrscannan-ealaine-le-craoladh-ar-sheinnteoir-tg4-on-domhnach-seo\/#breadcrumb\",\"itemListElement\":[{\"@type\":\"ListItem\",\"position\":1,\"name\":\"Home\",\"item\":\"https:\/\/dev.tg4.ie\/ga\/\"},{\"@type\":\"ListItem\",\"position\":2,\"name\":\"Eolas\",\"item\":\"https:\/\/dev.tg4.ie\/ga\/eolas\/\"},{\"@type\":\"ListItem\",\"position\":3,\"name\":\"Preas\",\"item\":\"https:\/\/dev.tg4.ie\/ga\/eolas\/preas\/\"},{\"@type\":\"ListItem\",\"position\":4,\"name\":\"Nuacht R\u00e1itis\",\"item\":\"https:\/\/dev.tg4.ie\/ga\/eolas\/preas\/nuacht-raitis\/\"},{\"@type\":\"ListItem\",\"position\":5,\"name\":\"2021\",\"item\":\"https:\/\/dev.tg4.ie\/ga\/eolas\/preas\/nuacht-raitis\/2021-2\/\"},{\"@type\":\"ListItem\",\"position\":6,\"name\":\"&#8216;Samhl\u00fa Cro\u00ed Cruthaitheach&#8217; &#8211; Sraith de ghearrscann\u00e1n eala\u00edne le craoladh ar Sheinnteoir TG4 \u00f3n Domhnach seo\"}]},{\"@type\":\"WebSite\",\"@id\":\"https:\/\/dev.tg4.ie\/en\/#website\",\"url\":\"https:\/\/dev.tg4.ie\/en\/\",\"name\":\"TG4\",\"description\":\"S\u00fail Eile\",\"potentialAction\":[{\"@type\":\"SearchAction\",\"target\":{\"@type\":\"EntryPoint\",\"urlTemplate\":\"https:\/\/dev.tg4.ie\/en\/?s={search_term_string}\"},\"query-input\":\"required name=search_term_string\"}],\"inLanguage\":\"ga\"}]}<\/script>\n<!-- \/ Yoast SEO plugin. -->","yoast_head_json":{"title":"'Samhl\u00fa Cro\u00ed Cruthaitheach' - Sraith de ghearrscann\u00e1n eala\u00edne le craoladh ar Sheinnteoir TG4 \u00f3n Domhnach seo | Preas R\u00e1iteas | TG4","robots":{"index":"index","follow":"follow","max-snippet":"max-snippet:-1","max-image-preview":"max-image-preview:large","max-video-preview":"max-video-preview:-1"},"og_locale":"en_US","og_type":"article","og_title":"'Samhl\u00fa Cro\u00ed Cruthaitheach' - Sraith de ghearrscann\u00e1n eala\u00edne le craoladh ar Sheinnteoir TG4 \u00f3n Domhnach seo | Preas R\u00e1iteas | TG4","og_description":"&nbsp; Comhph\u00e1irt\u00edocht nua \u00e9 Samhl\u00fa idir TG4 agus Cl\u00e1r \u00c9ire Ild\u00e1nach na Roinne Turas\u00f3ireachta, Cult\u00fair, Eala\u00edon, Gaeltachta, Sp\u00f3irt agus Me\u00e1n. Seoladh Samhl\u00fa i m\u00ed na Nollag 2020 chun gaisc\u00ed agus cruthaitheacht eala\u00edonta at\u00e1 tagtha chun cinn ar fud na h\u00c9ireann a cheili\u00faradh, c\u00e9 gur bliain thar a bheith d\u00fashl\u00e1nach a bh\u00ed in 2020. &nbsp; Ard\u00e1n [&hellip;]","og_url":"https:\/\/dev.tg4.ie\/ga\/eolas\/preas\/nuacht-raitis\/2021-2\/samhlu-croi-cruthaitheach-sraith-de-ghearrscannan-ealaine-le-craoladh-ar-sheinnteoir-tg4-on-domhnach-seo\/","og_site_name":"TG4","article_publisher":"https:\/\/www.facebook.com\/TG4TV","article_modified_time":"2021-02-23T09:51:19+00:00","og_image":[{"width":1920,"height":1080,"url":"https:\/\/tg4-docs.s3.amazonaws.com\/tg4-redesign-2015\/wp-content\/uploads\/2021\/01\/Samhlu_Croi_Cruthaitheach-Anna_Matykiewicz_Julia_Dunin_Photography-1920x1080-1.jpg","type":"image\/jpeg"}],"twitter_card":"summary_large_image","twitter_image":"https:\/\/tg4-docs.s3.amazonaws.com\/tg4-redesign-2015\/wp-content\/uploads\/2021\/01\/Samhlu_Croi_Cruthaitheach-Anna_Matykiewicz_Julia_Dunin_Photography-1920x1080-1.jpg","twitter_site":"@TG4TV","twitter_misc":{"Est. reading time":"5 minutes"},"schema":{"@context":"https:\/\/schema.org","@graph":[{"@type":"WebPage","@id":"https:\/\/dev.tg4.ie\/ga\/eolas\/preas\/nuacht-raitis\/2021-2\/samhlu-croi-cruthaitheach-sraith-de-ghearrscannan-ealaine-le-craoladh-ar-sheinnteoir-tg4-on-domhnach-seo\/","url":"https:\/\/dev.tg4.ie\/ga\/eolas\/preas\/nuacht-raitis\/2021-2\/samhlu-croi-cruthaitheach-sraith-de-ghearrscannan-ealaine-le-craoladh-ar-sheinnteoir-tg4-on-domhnach-seo\/","name":"'Samhl\u00fa Cro\u00ed Cruthaitheach' - Sraith de ghearrscann\u00e1n eala\u00edne le craoladh ar Sheinnteoir TG4 \u00f3n Domhnach seo | Preas R\u00e1iteas | TG4","isPartOf":{"@id":"https:\/\/dev.tg4.ie\/en\/#website"},"primaryImageOfPage":{"@id":"https:\/\/dev.tg4.ie\/ga\/eolas\/preas\/nuacht-raitis\/2021-2\/samhlu-croi-cruthaitheach-sraith-de-ghearrscannan-ealaine-le-craoladh-ar-sheinnteoir-tg4-on-domhnach-seo\/#primaryimage"},"image":{"@id":"https:\/\/dev.tg4.ie\/ga\/eolas\/preas\/nuacht-raitis\/2021-2\/samhlu-croi-cruthaitheach-sraith-de-ghearrscannan-ealaine-le-craoladh-ar-sheinnteoir-tg4-on-domhnach-seo\/#primaryimage"},"thumbnailUrl":"https:\/\/dev.tg4.ie\/wp-content\/uploads\/2020\/11\/Logo-Samhlu.png","datePublished":"2021-01-08T10:41:24+00:00","dateModified":"2021-02-23T09:51:19+00:00","breadcrumb":{"@id":"https:\/\/dev.tg4.ie\/ga\/eolas\/preas\/nuacht-raitis\/2021-2\/samhlu-croi-cruthaitheach-sraith-de-ghearrscannan-ealaine-le-craoladh-ar-sheinnteoir-tg4-on-domhnach-seo\/#breadcrumb"},"inLanguage":"ga","potentialAction":[{"@type":"ReadAction","target":["https:\/\/dev.tg4.ie\/ga\/eolas\/preas\/nuacht-raitis\/2021-2\/samhlu-croi-cruthaitheach-sraith-de-ghearrscannan-ealaine-le-craoladh-ar-sheinnteoir-tg4-on-domhnach-seo\/"]}]},{"@type":"ImageObject","inLanguage":"ga","@id":"https:\/\/dev.tg4.ie\/ga\/eolas\/preas\/nuacht-raitis\/2021-2\/samhlu-croi-cruthaitheach-sraith-de-ghearrscannan-ealaine-le-craoladh-ar-sheinnteoir-tg4-on-domhnach-seo\/#primaryimage","url":"https:\/\/dev.tg4.ie\/wp-content\/uploads\/2020\/11\/Logo-Samhlu.png","contentUrl":"https:\/\/dev.tg4.ie\/wp-content\/uploads\/2020\/11\/Logo-Samhlu.png"},{"@type":"BreadcrumbList","@id":"https:\/\/dev.tg4.ie\/ga\/eolas\/preas\/nuacht-raitis\/2021-2\/samhlu-croi-cruthaitheach-sraith-de-ghearrscannan-ealaine-le-craoladh-ar-sheinnteoir-tg4-on-domhnach-seo\/#breadcrumb","itemListElement":[{"@type":"ListItem","position":1,"name":"Home","item":"https:\/\/dev.tg4.ie\/ga\/"},{"@type":"ListItem","position":2,"name":"Eolas","item":"https:\/\/dev.tg4.ie\/ga\/eolas\/"},{"@type":"ListItem","position":3,"name":"Preas","item":"https:\/\/dev.tg4.ie\/ga\/eolas\/preas\/"},{"@type":"ListItem","position":4,"name":"Nuacht R\u00e1itis","item":"https:\/\/dev.tg4.ie\/ga\/eolas\/preas\/nuacht-raitis\/"},{"@type":"ListItem","position":5,"name":"2021","item":"https:\/\/dev.tg4.ie\/ga\/eolas\/preas\/nuacht-raitis\/2021-2\/"},{"@type":"ListItem","position":6,"name":"&#8216;Samhl\u00fa Cro\u00ed Cruthaitheach&#8217; &#8211; Sraith de ghearrscann\u00e1n eala\u00edne le craoladh ar Sheinnteoir TG4 \u00f3n Domhnach seo"}]},{"@type":"WebSite","@id":"https:\/\/dev.tg4.ie\/en\/#website","url":"https:\/\/dev.tg4.ie\/en\/","name":"TG4","description":"S\u00fail Eile","potentialAction":[{"@type":"SearchAction","target":{"@type":"EntryPoint","urlTemplate":"https:\/\/dev.tg4.ie\/en\/?s={search_term_string}"},"query-input":"required name=search_term_string"}],"inLanguage":"ga"}]}},"_links":{"self":[{"href":"https:\/\/dev.tg4.ie\/ga\/wp-json\/wp\/v2\/pages\/115642"}],"collection":[{"href":"https:\/\/dev.tg4.ie\/ga\/wp-json\/wp\/v2\/pages"}],"about":[{"href":"https:\/\/dev.tg4.ie\/ga\/wp-json\/wp\/v2\/types\/page"}],"author":[{"embeddable":true,"href":"https:\/\/dev.tg4.ie\/ga\/wp-json\/wp\/v2\/users\/876"}],"replies":[{"embeddable":true,"href":"https:\/\/dev.tg4.ie\/ga\/wp-json\/wp\/v2\/comments?post=115642"}],"version-history":[{"count":0,"href":"https:\/\/dev.tg4.ie\/ga\/wp-json\/wp\/v2\/pages\/115642\/revisions"}],"up":[{"embeddable":true,"href":"https:\/\/dev.tg4.ie\/ga\/wp-json\/wp\/v2\/pages\/115579"}],"wp:attachment":[{"href":"https:\/\/dev.tg4.ie\/ga\/wp-json\/wp\/v2\/media?parent=115642"}],"curies":[{"name":"wp","href":"https:\/\/api.w.org\/{rel}","templated":true}]}}