{"id":115655,"date":"2021-01-08T15:06:34","date_gmt":"2021-01-08T15:06:34","guid":{"rendered":"https:\/\/dev.tg4.ie\/?page_id=115655"},"modified":"2021-01-26T10:28:18","modified_gmt":"2021-01-26T10:28:18","slug":"sraith-nua-de-finne-le-tosu-ar-tg4-an-tseachtain-seo-chugainn","status":"publish","type":"page","link":"https:\/\/dev.tg4.ie\/ga\/eolas\/preas\/nuacht-raitis\/2021-2\/sraith-nua-de-finne-le-tosu-ar-tg4-an-tseachtain-seo-chugainn\/","title":{"rendered":"Sraith nua de Finn\u00e9 le tos\u00fa ar TG4 an tseachtain seo chugainn"},"content":{"rendered":"<p><a href=\"https:\/\/tg4-docs.s3.amazonaws.com\/tg4-redesign-2015\/wp-content\/uploads\/2021\/01\/Orla_O_Donnell_Finne_1_1920x1080.jpg\"><img loading=\"lazy\" decoding=\"async\" width=\"1920\" height=\"1080\" src=\"https:\/\/tg4-docs.s3.amazonaws.com\/tg4-redesign-2015\/wp-content\/uploads\/2021\/01\/Orla_O_Donnell_Finne_1_1920x1080.jpg\" alt=\"\" class=\"alignnone size-full wp-image-115656\" srcset=\"https:\/\/tg4-docs.s3.amazonaws.com\/tg4-redesign-2015\/wp-content\/uploads\/2021\/01\/Orla_O_Donnell_Finne_1_1920x1080.jpg 1920w, https:\/\/tg4-docs.s3.amazonaws.com\/tg4-redesign-2015\/wp-content\/uploads\/2021\/01\/Orla_O_Donnell_Finne_1_1920x1080-250x141.jpg 250w, https:\/\/tg4-docs.s3.amazonaws.com\/tg4-redesign-2015\/wp-content\/uploads\/2021\/01\/Orla_O_Donnell_Finne_1_1920x1080-700x394.jpg 700w, https:\/\/tg4-docs.s3.amazonaws.com\/tg4-redesign-2015\/wp-content\/uploads\/2021\/01\/Orla_O_Donnell_Finne_1_1920x1080-252x141.jpg 252w, https:\/\/tg4-docs.s3.amazonaws.com\/tg4-redesign-2015\/wp-content\/uploads\/2021\/01\/Orla_O_Donnell_Finne_1_1920x1080-1536x864.jpg 1536w, https:\/\/tg4-docs.s3.amazonaws.com\/tg4-redesign-2015\/wp-content\/uploads\/2021\/01\/Orla_O_Donnell_Finne_1_1920x1080-120x68.jpg 120w\" sizes=\"(max-width: 1920px) 100vw, 1920px\" \/><\/a><br \/>\n&nbsp;<\/p>\n<p>Cuirfear t\u00fas le sraith nua de <strong>Finn\u00e9<\/strong> ar TG4 D\u00e9 C\u00e9adaoin seo chugainn ag 9:30pm.  Tabharfar l\u00e9argas sa tsraith ar roinnt de na sc\u00e9alta m\u00f3ra a bh\u00ed i mb\u00e9al an phobail in \u00c9irinn le leathch\u00e9ad bliain anuas. Inseoidh na finn\u00e9ithe a gcuid sc\u00e9alta faoi fhulaingt, \u00e9ag\u00f3ir, sl\u00e1n\u00fa, teacht aniar agus misneach ar bhealach ionraic mac\u00e1nta agus d\u00e9anfaidh siad cur s\u00edos ar an tionchar a bh\u00ed ag an m\u00e9id a tharla d\u00f3ibh orthu. Is \u00ed Orla O&#8217;Donnell, comhfhreagra\u00ed le RT\u00c9, a chuirfidh an tsraith i l\u00e1thair.<br \/>\n&nbsp;<\/p>\n<p>L\u00e9irithe i mbliana ag Aisling N\u00ed Fhlaitheartha do Tua Films na Gaillimhe, tabharfaidh na cl\u00e1racha uair a chloig ar fhad l\u00e9argas corraitheach ar sc\u00e9alta na bhfinn\u00e9ithe tr\u00edd sc\u00e9ala\u00edocht chumachtach. Bronnadh Gradam na Me\u00e1n \u00f3 Chumann Dl\u00ed na h\u00c9ireann ar chl\u00e1r Martin Conmey i S\u00e9as\u00far 1 agus bronnadh gradam F\u00e9ile na Me\u00e1n Ceilteach ar Finn\u00e9 don sraith faisn\u00e9ise is fearr i 2020.<br \/>\n&nbsp;<br \/>\n&nbsp;<\/p>\n<p><em>Seo iad na finn\u00e9ithe, agus seo iad a gcuid sc\u00e9alta:<\/em><br \/>\n&nbsp;<br \/>\n<strong>Cl\u00e1r 1: Dr. Andrew Rynne<\/strong><\/p>\n<div style=\"position: relative; overflow: auto; width: 100%; padding-bottom: 56.25%;\"><iframe loading=\"lazy\" src=\"https:\/\/www.youtube.com\/embed\/cPRYlzpK75k\" width=\"100%\" height=\"100%\" frameborder=\"0\" scrolling=\"no\" allowFullscreen=\"true\" style=\"position: absolute; top: 0px; display: block;\"><\/iframe><\/div>\n<p>&nbsp;<br \/>\nCaitheann Andrew Rynne s\u00fail siar ar a ghairm mar an ch\u00e9ad docht\u00fair vaiseacht\u00f3ime in \u00c9irinn, agus ar a fheachtas chun cearta frithghini\u00fana a thabhairt chun cinn i rith na 1970\u00ed agus 1980\u00ed in \u00c9irinn. Sna 1990\u00ed agus \u00e9 ag d\u00e9anamh vaiseacht\u00f3ime ar othar, th\u00e1inig fear isteach sa gclinic agus chur s\u00e9 urchar i gcos Rynne, ach d&#8217;\u00e9irigh le Rynne teacht sl\u00e1n \u00f3n ionsa\u00ed, agus a sc\u00e9al a insint.<br \/>\n&nbsp;<br \/>\n&nbsp; <\/p>\n<p><strong>Cl\u00e1r 2: Liam \u00d3 Maolaodha<\/strong><\/p>\n<div style=\"position: relative; overflow: auto; width: 100%; padding-bottom: 56.25%;\"><iframe loading=\"lazy\" src=\"https:\/\/www.youtube.com\/embed\/Fk3WfzuB_ag\" width=\"100%\" height=\"100%\" frameborder=\"0\" scrolling=\"no\" allowFullscreen=\"true\" style=\"position: absolute; top: 0px; display: block;\"><\/iframe><\/div>\n<p>&nbsp;<br \/>\nTabharfar spl\u00e9achadh sa gcl\u00e1r seo ar sc\u00e9al Liam U\u00ed Mhaolaodha, sti\u00farth\u00f3ir Oireachtas na Gaeilge, agus an mh\u00fainteora Domhnall \u00d3 Lubhla\u00ed. Casadh \u00d3 Lubhla\u00ed ar Liam den ch\u00e9ad uair i gCol\u00e1iste Chr\u00f3n\u00e1in i gCluain Dolc\u00e1in nuair a bh\u00ed s\u00e9 ina dh\u00e9ag\u00f3ir. Ba phearsa m\u00f3r \u00e9 \u00d3 Lubhla\u00ed agus \u00e9 an-aitheanta i saol na Gaeilge m\u00f3rthimpeall na t\u00edre.<br \/>\n&nbsp;<br \/>\n&nbsp;<\/p>\n<p><strong>Cl\u00e1r 3: Brian Pennie <\/strong><\/p>\n<div style=\"position: relative; overflow: auto; width: 100%; padding-bottom: 56.25%;\"><iframe loading=\"lazy\" src=\"https:\/\/www.youtube.com\/embed\/392JdwQZoBg\" width=\"100%\" height=\"100%\" frameborder=\"0\" scrolling=\"no\" allowFullscreen=\"true\" style=\"position: absolute; top: 0px; display: block;\"><\/iframe><\/div>\n<p>&nbsp;<br \/>\nD&#8217;fh\u00e1s Brian Pennie an\u00edos i dTobar Mhuire, tuaisceart Bhaile \u00c1tha Cliath, chonaic s\u00e9 go leor m\u00ed-\u00fas\u00e1id alc\u00f3il agus druga\u00ed agus \u00e9 ag f\u00e1s an\u00edos. Bhain s\u00e9 triail as hear\u00f3in don ch\u00e9ad uair ag aois 17 agus bh\u00ed s\u00e9 ina and\u00faileach ar feadh 15 bliain d\u00e1 shaol. Sa chl\u00e1r faisn\u00e9ise seo, faigheann muid l\u00e9argas ionraic uaidh ar an bpian agus fulaingt a tharraing s\u00e9 air f\u00e9in agus a chlann agus faoina aistear ag iarraidh a shaol a fh\u00e1il ar ais an athuair.<br \/>\n&nbsp;<br \/>\n&nbsp;<\/p>\n<p><strong>Cl\u00e1r 4: Sin\u00e9ad O&#8217;Leary<\/strong> <\/p>\n<p>D&#8217;iompaigh domhan Sin\u00e9ad O&#8217;Leary bun os cionn nuair a rinne Peter Whelan ionsa\u00ed sceanna f\u00edochmhar uirthi f\u00e9in agus a dl\u00fathchara, Nichola Sweeney ina dteach i mBaile an R\u00f3istigh, Corcaigh i m\u00ed Aibre\u00e1n 2002. Mara\u00edodh Nichola an o\u00edche sin, agus f\u00e1gadh Sin\u00e9ad le gortuithe gr\u00e1nna tar \u00e9is a bheith s\u00e1ite 20 uair san ionsa\u00ed for\u00e9igneach gan choinne seo. Ins\u00edonn Sin\u00e9ad d\u00fainn sa chl\u00e1r faisn\u00e9ise seo faoin ionsa\u00ed agus a cuid iarrachta\u00ed \u00f3 shin chun a saol a th\u00f3g\u00e1il in athuair, agus chun ceartas a bhaint amach do chuimhne a cara.<br \/>\n&nbsp;<br \/>\n&nbsp;<\/p>\n<p><strong>Cl\u00e1r 5: Kenneth Egan<\/strong><\/p>\n<p>N\u00ed raibh mor\u00e1n d\u00fail ag an Kenneth Egan \u00f3g sa dorn\u00e1la\u00edocht go dt\u00ed go bhfaca s\u00e9 a dhearth\u00e1ir ag troid, agus gur thosaigh s\u00e9 f\u00e9in i gclub dorn\u00e1la\u00edochta Neilstown. Ach nuair a thosaig s\u00e9, is beag a stopadh an fathach fir seo. Sa chl\u00e1r faisn\u00e9ise seo, caitheann Egan s\u00fail siar ar a ghairm troda \u00f3 chraobhacha n\u00e1isi\u00fanta go dt\u00ed na Cluich\u00ed Oilimpeacha 2008 i mBeijing. Sa chl\u00e1r faisn\u00e9ise sp\u00f3rt seo, ins\u00edonn Kenneth go hionraic d\u00fainn faoin troid is m\u00f3 a bh\u00ed aige ina shaol &#8211; a chuid iarrachta\u00ed smacht a choime\u00e1d ar a and\u00faileacht d\u00ed.<br \/>\n&nbsp;<br \/>\n&nbsp;<\/p>\n<p><strong>Cl\u00e1r 6: Stevo Timothy<\/strong><\/p>\n<p>Le blianta beaga anuas, t\u00e1 lucht leanta m\u00f3r milteach bainte amach ag an bhfuirseoir Gaillimheach Stevo Timothy agus an alter ego at\u00e1 aige, Farmer Michael. Ach d\u00f3ibh si\u00fad is gaire d\u00f3, is masc \u00e9 an carachtar seo a chl\u00fada\u00edonn an imn\u00ed lena bhfuil s\u00e9 ag fulaingt le fada, agus an timpiste gluaisrothair i 2005 inar mara\u00edodh a phaisin\u00e9ir c\u00fal\u00f3ige, a d&#8217;athraigh a shaol \u00f3 bhun.<\/p>\n<p>&nbsp;<br \/>\n&nbsp;<br \/>\n&nbsp;<\/p>\n","protected":false},"excerpt":{"rendered":"<p>&nbsp; Cuirfear t\u00fas le sraith nua de Finn\u00e9 ar TG4 D\u00e9 C\u00e9adaoin seo chugainn ag 9:30pm. Tabharfar l\u00e9argas sa tsraith ar roinnt de na sc\u00e9alta m\u00f3ra a bh\u00ed i mb\u00e9al an phobail in \u00c9irinn le leathch\u00e9ad bliain anuas. Inseoidh na finn\u00e9ithe a gcuid sc\u00e9alta faoi fhulaingt, \u00e9ag\u00f3ir, sl\u00e1n\u00fa, teacht aniar agus misneach ar bhealach ionraic [&hellip;]<\/p>\n","protected":false},"author":876,"featured_media":0,"parent":115579,"menu_order":3,"comment_status":"closed","ping_status":"closed","template":"page-templates\/template-pr.php","meta":{"_acf_changed":false,"footnotes":""},"acf":[],"yoast_head":"<!-- This site is optimized with the Yoast SEO plugin v22.6 - https:\/\/yoast.com\/wordpress\/plugins\/seo\/ -->\n<title>Sraith nua de Finn\u00e9 le tos\u00fa ar TG4 an tseachtain seo chugainn | Preas R\u00e1iteas | TG4<\/title>\n<meta name=\"robots\" content=\"index, follow, max-snippet:-1, max-image-preview:large, max-video-preview:-1\" \/>\n<meta property=\"og:locale\" content=\"en_US\" \/>\n<meta property=\"og:type\" content=\"article\" \/>\n<meta property=\"og:title\" content=\"Sraith nua de Finn\u00e9 le tos\u00fa ar TG4 an tseachtain seo chugainn | Preas R\u00e1iteas | TG4\" \/>\n<meta property=\"og:description\" content=\"&nbsp; Cuirfear t\u00fas le sraith nua de Finn\u00e9 ar TG4 D\u00e9 C\u00e9adaoin seo chugainn ag 9:30pm. Tabharfar l\u00e9argas sa tsraith ar roinnt de na sc\u00e9alta m\u00f3ra a bh\u00ed i mb\u00e9al an phobail in \u00c9irinn le leathch\u00e9ad bliain anuas. Inseoidh na finn\u00e9ithe a gcuid sc\u00e9alta faoi fhulaingt, \u00e9ag\u00f3ir, sl\u00e1n\u00fa, teacht aniar agus misneach ar bhealach ionraic [&hellip;]\" \/>\n<meta property=\"og:url\" content=\"https:\/\/dev.tg4.ie\/ga\/eolas\/preas\/nuacht-raitis\/2021-2\/sraith-nua-de-finne-le-tosu-ar-tg4-an-tseachtain-seo-chugainn\/\" \/>\n<meta property=\"og:site_name\" content=\"TG4\" \/>\n<meta property=\"article:publisher\" content=\"https:\/\/www.facebook.com\/TG4TV\" \/>\n<meta property=\"article:modified_time\" content=\"2021-01-26T10:28:18+00:00\" \/>\n<meta property=\"og:image\" content=\"https:\/\/tg4-docs.s3.amazonaws.com\/tg4-redesign-2015\/wp-content\/uploads\/2021\/01\/Orla_O_Donnell_Finne_1_1920x1080.jpg\" \/>\n\t<meta property=\"og:image:width\" content=\"1920\" \/>\n\t<meta property=\"og:image:height\" content=\"1080\" \/>\n\t<meta property=\"og:image:type\" content=\"image\/jpeg\" \/>\n<meta name=\"twitter:card\" content=\"summary_large_image\" \/>\n<meta name=\"twitter:image\" content=\"https:\/\/tg4-docs.s3.amazonaws.com\/tg4-redesign-2015\/wp-content\/uploads\/2021\/01\/Orla_O_Donnell_Finne_1_1920x1080.jpg\" \/>\n<meta name=\"twitter:site\" content=\"@TG4TV\" \/>\n<meta name=\"twitter:label1\" content=\"Est. reading time\" \/>\n\t<meta name=\"twitter:data1\" content=\"4 minutes\" \/>\n<script type=\"application\/ld+json\" class=\"yoast-schema-graph\">{\"@context\":\"https:\/\/schema.org\",\"@graph\":[{\"@type\":\"WebPage\",\"@id\":\"https:\/\/dev.tg4.ie\/ga\/eolas\/preas\/nuacht-raitis\/2021-2\/sraith-nua-de-finne-le-tosu-ar-tg4-an-tseachtain-seo-chugainn\/\",\"url\":\"https:\/\/dev.tg4.ie\/ga\/eolas\/preas\/nuacht-raitis\/2021-2\/sraith-nua-de-finne-le-tosu-ar-tg4-an-tseachtain-seo-chugainn\/\",\"name\":\"Sraith nua de Finn\u00e9 le tos\u00fa ar TG4 an tseachtain seo chugainn | Preas R\u00e1iteas | TG4\",\"isPartOf\":{\"@id\":\"https:\/\/dev.tg4.ie\/en\/#website\"},\"primaryImageOfPage\":{\"@id\":\"https:\/\/dev.tg4.ie\/ga\/eolas\/preas\/nuacht-raitis\/2021-2\/sraith-nua-de-finne-le-tosu-ar-tg4-an-tseachtain-seo-chugainn\/#primaryimage\"},\"image\":{\"@id\":\"https:\/\/dev.tg4.ie\/ga\/eolas\/preas\/nuacht-raitis\/2021-2\/sraith-nua-de-finne-le-tosu-ar-tg4-an-tseachtain-seo-chugainn\/#primaryimage\"},\"thumbnailUrl\":\"https:\/\/dev.tg4.ie\/wp-content\/uploads\/2021\/01\/Orla_O_Donnell_Finne_1_1920x1080.jpg\",\"datePublished\":\"2021-01-08T15:06:34+00:00\",\"dateModified\":\"2021-01-26T10:28:18+00:00\",\"breadcrumb\":{\"@id\":\"https:\/\/dev.tg4.ie\/ga\/eolas\/preas\/nuacht-raitis\/2021-2\/sraith-nua-de-finne-le-tosu-ar-tg4-an-tseachtain-seo-chugainn\/#breadcrumb\"},\"inLanguage\":\"ga\",\"potentialAction\":[{\"@type\":\"ReadAction\",\"target\":[\"https:\/\/dev.tg4.ie\/ga\/eolas\/preas\/nuacht-raitis\/2021-2\/sraith-nua-de-finne-le-tosu-ar-tg4-an-tseachtain-seo-chugainn\/\"]}]},{\"@type\":\"ImageObject\",\"inLanguage\":\"ga\",\"@id\":\"https:\/\/dev.tg4.ie\/ga\/eolas\/preas\/nuacht-raitis\/2021-2\/sraith-nua-de-finne-le-tosu-ar-tg4-an-tseachtain-seo-chugainn\/#primaryimage\",\"url\":\"https:\/\/dev.tg4.ie\/wp-content\/uploads\/2021\/01\/Orla_O_Donnell_Finne_1_1920x1080.jpg\",\"contentUrl\":\"https:\/\/dev.tg4.ie\/wp-content\/uploads\/2021\/01\/Orla_O_Donnell_Finne_1_1920x1080.jpg\"},{\"@type\":\"BreadcrumbList\",\"@id\":\"https:\/\/dev.tg4.ie\/ga\/eolas\/preas\/nuacht-raitis\/2021-2\/sraith-nua-de-finne-le-tosu-ar-tg4-an-tseachtain-seo-chugainn\/#breadcrumb\",\"itemListElement\":[{\"@type\":\"ListItem\",\"position\":1,\"name\":\"Home\",\"item\":\"https:\/\/dev.tg4.ie\/ga\/\"},{\"@type\":\"ListItem\",\"position\":2,\"name\":\"Eolas\",\"item\":\"https:\/\/dev.tg4.ie\/ga\/eolas\/\"},{\"@type\":\"ListItem\",\"position\":3,\"name\":\"Preas\",\"item\":\"https:\/\/dev.tg4.ie\/ga\/eolas\/preas\/\"},{\"@type\":\"ListItem\",\"position\":4,\"name\":\"Nuacht R\u00e1itis\",\"item\":\"https:\/\/dev.tg4.ie\/ga\/eolas\/preas\/nuacht-raitis\/\"},{\"@type\":\"ListItem\",\"position\":5,\"name\":\"2021\",\"item\":\"https:\/\/dev.tg4.ie\/ga\/eolas\/preas\/nuacht-raitis\/2021-2\/\"},{\"@type\":\"ListItem\",\"position\":6,\"name\":\"Sraith nua de Finn\u00e9 le tos\u00fa ar TG4 an tseachtain seo chugainn\"}]},{\"@type\":\"WebSite\",\"@id\":\"https:\/\/dev.tg4.ie\/en\/#website\",\"url\":\"https:\/\/dev.tg4.ie\/en\/\",\"name\":\"TG4\",\"description\":\"S\u00fail Eile\",\"potentialAction\":[{\"@type\":\"SearchAction\",\"target\":{\"@type\":\"EntryPoint\",\"urlTemplate\":\"https:\/\/dev.tg4.ie\/en\/?s={search_term_string}\"},\"query-input\":\"required name=search_term_string\"}],\"inLanguage\":\"ga\"}]}<\/script>\n<!-- \/ Yoast SEO plugin. -->","yoast_head_json":{"title":"Sraith nua de Finn\u00e9 le tos\u00fa ar TG4 an tseachtain seo chugainn | Preas R\u00e1iteas | TG4","robots":{"index":"index","follow":"follow","max-snippet":"max-snippet:-1","max-image-preview":"max-image-preview:large","max-video-preview":"max-video-preview:-1"},"og_locale":"en_US","og_type":"article","og_title":"Sraith nua de Finn\u00e9 le tos\u00fa ar TG4 an tseachtain seo chugainn | Preas R\u00e1iteas | TG4","og_description":"&nbsp; Cuirfear t\u00fas le sraith nua de Finn\u00e9 ar TG4 D\u00e9 C\u00e9adaoin seo chugainn ag 9:30pm. Tabharfar l\u00e9argas sa tsraith ar roinnt de na sc\u00e9alta m\u00f3ra a bh\u00ed i mb\u00e9al an phobail in \u00c9irinn le leathch\u00e9ad bliain anuas. Inseoidh na finn\u00e9ithe a gcuid sc\u00e9alta faoi fhulaingt, \u00e9ag\u00f3ir, sl\u00e1n\u00fa, teacht aniar agus misneach ar bhealach ionraic [&hellip;]","og_url":"https:\/\/dev.tg4.ie\/ga\/eolas\/preas\/nuacht-raitis\/2021-2\/sraith-nua-de-finne-le-tosu-ar-tg4-an-tseachtain-seo-chugainn\/","og_site_name":"TG4","article_publisher":"https:\/\/www.facebook.com\/TG4TV","article_modified_time":"2021-01-26T10:28:18+00:00","og_image":[{"width":1920,"height":1080,"url":"https:\/\/tg4-docs.s3.amazonaws.com\/tg4-redesign-2015\/wp-content\/uploads\/2021\/01\/Orla_O_Donnell_Finne_1_1920x1080.jpg","type":"image\/jpeg"}],"twitter_card":"summary_large_image","twitter_image":"https:\/\/tg4-docs.s3.amazonaws.com\/tg4-redesign-2015\/wp-content\/uploads\/2021\/01\/Orla_O_Donnell_Finne_1_1920x1080.jpg","twitter_site":"@TG4TV","twitter_misc":{"Est. reading time":"4 minutes"},"schema":{"@context":"https:\/\/schema.org","@graph":[{"@type":"WebPage","@id":"https:\/\/dev.tg4.ie\/ga\/eolas\/preas\/nuacht-raitis\/2021-2\/sraith-nua-de-finne-le-tosu-ar-tg4-an-tseachtain-seo-chugainn\/","url":"https:\/\/dev.tg4.ie\/ga\/eolas\/preas\/nuacht-raitis\/2021-2\/sraith-nua-de-finne-le-tosu-ar-tg4-an-tseachtain-seo-chugainn\/","name":"Sraith nua de Finn\u00e9 le tos\u00fa ar TG4 an tseachtain seo chugainn | Preas R\u00e1iteas | TG4","isPartOf":{"@id":"https:\/\/dev.tg4.ie\/en\/#website"},"primaryImageOfPage":{"@id":"https:\/\/dev.tg4.ie\/ga\/eolas\/preas\/nuacht-raitis\/2021-2\/sraith-nua-de-finne-le-tosu-ar-tg4-an-tseachtain-seo-chugainn\/#primaryimage"},"image":{"@id":"https:\/\/dev.tg4.ie\/ga\/eolas\/preas\/nuacht-raitis\/2021-2\/sraith-nua-de-finne-le-tosu-ar-tg4-an-tseachtain-seo-chugainn\/#primaryimage"},"thumbnailUrl":"https:\/\/dev.tg4.ie\/wp-content\/uploads\/2021\/01\/Orla_O_Donnell_Finne_1_1920x1080.jpg","datePublished":"2021-01-08T15:06:34+00:00","dateModified":"2021-01-26T10:28:18+00:00","breadcrumb":{"@id":"https:\/\/dev.tg4.ie\/ga\/eolas\/preas\/nuacht-raitis\/2021-2\/sraith-nua-de-finne-le-tosu-ar-tg4-an-tseachtain-seo-chugainn\/#breadcrumb"},"inLanguage":"ga","potentialAction":[{"@type":"ReadAction","target":["https:\/\/dev.tg4.ie\/ga\/eolas\/preas\/nuacht-raitis\/2021-2\/sraith-nua-de-finne-le-tosu-ar-tg4-an-tseachtain-seo-chugainn\/"]}]},{"@type":"ImageObject","inLanguage":"ga","@id":"https:\/\/dev.tg4.ie\/ga\/eolas\/preas\/nuacht-raitis\/2021-2\/sraith-nua-de-finne-le-tosu-ar-tg4-an-tseachtain-seo-chugainn\/#primaryimage","url":"https:\/\/dev.tg4.ie\/wp-content\/uploads\/2021\/01\/Orla_O_Donnell_Finne_1_1920x1080.jpg","contentUrl":"https:\/\/dev.tg4.ie\/wp-content\/uploads\/2021\/01\/Orla_O_Donnell_Finne_1_1920x1080.jpg"},{"@type":"BreadcrumbList","@id":"https:\/\/dev.tg4.ie\/ga\/eolas\/preas\/nuacht-raitis\/2021-2\/sraith-nua-de-finne-le-tosu-ar-tg4-an-tseachtain-seo-chugainn\/#breadcrumb","itemListElement":[{"@type":"ListItem","position":1,"name":"Home","item":"https:\/\/dev.tg4.ie\/ga\/"},{"@type":"ListItem","position":2,"name":"Eolas","item":"https:\/\/dev.tg4.ie\/ga\/eolas\/"},{"@type":"ListItem","position":3,"name":"Preas","item":"https:\/\/dev.tg4.ie\/ga\/eolas\/preas\/"},{"@type":"ListItem","position":4,"name":"Nuacht R\u00e1itis","item":"https:\/\/dev.tg4.ie\/ga\/eolas\/preas\/nuacht-raitis\/"},{"@type":"ListItem","position":5,"name":"2021","item":"https:\/\/dev.tg4.ie\/ga\/eolas\/preas\/nuacht-raitis\/2021-2\/"},{"@type":"ListItem","position":6,"name":"Sraith nua de Finn\u00e9 le tos\u00fa ar TG4 an tseachtain seo chugainn"}]},{"@type":"WebSite","@id":"https:\/\/dev.tg4.ie\/en\/#website","url":"https:\/\/dev.tg4.ie\/en\/","name":"TG4","description":"S\u00fail Eile","potentialAction":[{"@type":"SearchAction","target":{"@type":"EntryPoint","urlTemplate":"https:\/\/dev.tg4.ie\/en\/?s={search_term_string}"},"query-input":"required name=search_term_string"}],"inLanguage":"ga"}]}},"_links":{"self":[{"href":"https:\/\/dev.tg4.ie\/ga\/wp-json\/wp\/v2\/pages\/115655"}],"collection":[{"href":"https:\/\/dev.tg4.ie\/ga\/wp-json\/wp\/v2\/pages"}],"about":[{"href":"https:\/\/dev.tg4.ie\/ga\/wp-json\/wp\/v2\/types\/page"}],"author":[{"embeddable":true,"href":"https:\/\/dev.tg4.ie\/ga\/wp-json\/wp\/v2\/users\/876"}],"replies":[{"embeddable":true,"href":"https:\/\/dev.tg4.ie\/ga\/wp-json\/wp\/v2\/comments?post=115655"}],"version-history":[{"count":0,"href":"https:\/\/dev.tg4.ie\/ga\/wp-json\/wp\/v2\/pages\/115655\/revisions"}],"up":[{"embeddable":true,"href":"https:\/\/dev.tg4.ie\/ga\/wp-json\/wp\/v2\/pages\/115579"}],"wp:attachment":[{"href":"https:\/\/dev.tg4.ie\/ga\/wp-json\/wp\/v2\/media?parent=115655"}],"curies":[{"name":"wp","href":"https:\/\/api.w.org\/{rel}","templated":true}]}}