{"id":115685,"date":"2021-01-13T13:30:07","date_gmt":"2021-01-13T13:30:07","guid":{"rendered":"https:\/\/dev.tg4.ie\/?page_id=115685"},"modified":"2021-01-13T15:49:13","modified_gmt":"2021-01-13T15:49:13","slug":"tg4-ar-an-6u-caineal-is-mo-feachana-in-eirinn-don-dara-bliain-as-a-cheile","status":"publish","type":"page","link":"https:\/\/dev.tg4.ie\/ga\/eolas\/preas\/nuacht-raitis\/2021-2\/tg4-ar-an-6u-caineal-is-mo-feachana-in-eirinn-don-dara-bliain-as-a-cheile\/","title":{"rendered":"TG4 ar an 6\u00fa cain\u00e9al is m\u00f3 f\u00e9achana in \u00c9irinn don dara bliain as a ch\u00e9ile"},"content":{"rendered":"<p><a href=\"https:\/\/tg4-docs.s3.amazonaws.com\/tg4-redesign-2015\/wp-content\/uploads\/2021\/01\/TG4_LF_2020_1_1920x1080.jpg\"><img loading=\"lazy\" decoding=\"async\" width=\"1920\" height=\"1080\" src=\"https:\/\/tg4-docs.s3.amazonaws.com\/tg4-redesign-2015\/wp-content\/uploads\/2021\/01\/TG4_LF_2020_1_1920x1080.jpg\" alt=\"\" class=\"alignnone size-full wp-image-115694\" srcset=\"https:\/\/tg4-docs.s3.amazonaws.com\/tg4-redesign-2015\/wp-content\/uploads\/2021\/01\/TG4_LF_2020_1_1920x1080.jpg 1920w, https:\/\/tg4-docs.s3.amazonaws.com\/tg4-redesign-2015\/wp-content\/uploads\/2021\/01\/TG4_LF_2020_1_1920x1080-250x141.jpg 250w, https:\/\/tg4-docs.s3.amazonaws.com\/tg4-redesign-2015\/wp-content\/uploads\/2021\/01\/TG4_LF_2020_1_1920x1080-700x394.jpg 700w, https:\/\/tg4-docs.s3.amazonaws.com\/tg4-redesign-2015\/wp-content\/uploads\/2021\/01\/TG4_LF_2020_1_1920x1080-252x141.jpg 252w, https:\/\/tg4-docs.s3.amazonaws.com\/tg4-redesign-2015\/wp-content\/uploads\/2021\/01\/TG4_LF_2020_1_1920x1080-1536x864.jpg 1536w, https:\/\/tg4-docs.s3.amazonaws.com\/tg4-redesign-2015\/wp-content\/uploads\/2021\/01\/TG4_LF_2020_1_1920x1080-120x68.jpg 120w\" sizes=\"(max-width: 1920px) 100vw, 1920px\" \/><\/a><br \/>\n&nbsp;<\/p>\n<p>Is \u00e9 TG4 an 6\u00fa cain\u00e9al is m\u00f3 f\u00e9achana in \u00c9irinn don dara bliain as a ch\u00e9ile.  Bhog TG4 suas \u00e1it amh\u00e1in i 2019 \u00f3n 7\u00fa gcain\u00e9al is m\u00f3 f\u00e9achana, an \u00e1it ina raibh s\u00e9 rangaithe \u00f3 2014.   F\u00e9achann n\u00edos m\u00f3 daoine in \u00c9irinn anois ar TG4 n\u00e1 mar a fh\u00e9achann ar BBC Two, Virgin Media Three agus Channel 4.<br \/>\n&nbsp;<\/p>\n<p>D&#8217;fh\u00e9ach 83% den daonra n\u00f3 3.665m duine ar TG4 ag am \u00e9igin i rith 2020.  Ba \u00e9 1.83% an me\u00e1n-sciar f\u00e9achana do 2020 agus bh\u00ed m\u00e9ad\u00fa 3% ar an sciar go dt\u00ed 1.92% le linn an phr\u00edomhama f\u00e9achana \u00f3 2019.  Ba \u00ed M\u00ed Dheireadh F\u00f3mhair an mh\u00ed ab airde maidir le sciar den lucht f\u00e9achana le sciar 2.26% ag TG4 i rith na m\u00edosa sin.  Ba \u00e9 an 20\u00fa Nollaig an l\u00e1 ab airde a raibh lucht f\u00e9achana ag TG4, 770,000 duine, in 2020.<br \/>\n&nbsp;<\/p>\n<p>Ba \u00e9 cl\u00fadach <strong>GAA BEO<\/strong> ar Chluiche Ceannais Peile AIB na gClubanna idir Cora Finne na Gaillimhe agus Cill Chua an D\u00fain an cl\u00e1r ba mh\u00f3 a raibh daoine ag faire air ar TG4 in 2020. Bh\u00ed aimsi\u00fa 480,600 duine ag an gcluiche, 177,200 lucht f\u00e9achana ar an me\u00e1n agus sciar 17.6% den lucht f\u00e9achana ag an am.  Ba \u00e9 <strong>Peil na mBan Beo<\/strong> an 20\u00fa cluiche ceannais de pheil na mban at\u00e1 craolta ar TG4 agus bh\u00ed ar si\u00fal an 20 Nollaig  an dara cl\u00e1r ba mh\u00f3 f\u00e9achana ar TG4 in 2020. Bh\u00ed lucht f\u00e9achana 169,900 ar an me\u00e1n  ag an gcluiche agus sciar 21.2%.<br \/>\n&nbsp;<\/p>\n<p>Ba \u00e9 <strong>The Dubliners &#8211; The Parting Glass<\/strong>, a craoladh L\u00e1 Nollag, an cl\u00e1r ba mh\u00f3 a raibh daoine ag breathn\u00fa air ar TG4 ar L\u00e1 Nollag \u00f3 2009. Bh\u00ed lucht f\u00e9achana 156,600 duine ag an gceolchoirm agus sciar 11.3%.  Bh\u00ed an-t\u00f3ir freisin ar <strong>John Sheahan&#8217;s 80th Birthday Live from Vicar St<\/strong> a craoladh ar TG4 ar L\u00e1 Fh\u00e9ile P\u00e1draig. D&#8217;fh\u00e9ach 123,200 duine ar an me\u00e1n ar an gceolchoirm sin.<br \/>\n&nbsp;<\/p>\n<p>Is iad cl\u00e1ir faisn\u00e9ise cn\u00e1mh droma sceideal TG4 agus tharraing siad lucht f\u00e9achana m\u00f3r ar\u00eds in 2020.  Ba \u00e9 <strong>Liam O&#8217;Flynn &#8211; P\u00edobaire<\/strong> an cl\u00e1r faisn\u00e9ise ba mh\u00f3 a raibh faire air in 2020 inar ins\u00edodh sc\u00e9al mh\u00e1istir na bp\u00edob uilleann Liam O&#8217;Flynn.  Bh\u00ed lucht f\u00e9achana 81,500 ag faire ar an gcl\u00e1r faisn\u00e9ise a craoladh ar Dhomhnach C\u00e1sca.  Ba \u00e9 <strong>Laochra Gael &#8211; Iggy Clarke<\/strong> ina raibh cur s\u00edos ar sc\u00e9al an Athar Iggy, an dara cl\u00e1r faisn\u00e9ise ba mh\u00f3 lucht f\u00e9achana anuraidh. Ba \u00e9 Iggy an crann taca i l\u00edne leathch\u00falaithe iom\u00e1na na Gaillimhe sna 70id\u00ed.   Bhreathnaigh 74,200 duine ar an gcl\u00e1r faisn\u00e9ise agus bh\u00ed sciar 9.5% aige.<br \/>\n&nbsp;<\/p>\n<p>Th\u00e1inig m\u00e9ad\u00fa 158% ar shruthanna ar \u00e9ileamh ar sheinnteoir TG4 in 2020 i gcompar\u00e1id le 2019. Ba \u00e9 an cl\u00e1r faisn\u00e9ise <strong>Liam O&#8217;Flynn &#8211; P\u00edobaire<\/strong> an cl\u00e1r ba mh\u00f3 f\u00e9achana ar an seinnteoir in 2020.  Th\u00e1inig m\u00e9ad\u00fa 38% ar shruthanna TG4 ar sheinnteoir RT\u00c9 anuraidh freisin agus bh\u00ed m\u00e9ad\u00fa 34% ar shruthanna ar sheinnteoir C\u00fala4.<br \/>\n&nbsp;<\/p>\n<p>Th\u00e1inig f\u00e1s 60% ar na hamhairc f\u00edse ar na me\u00e1in sh\u00f3isialta at\u00e1 ag TG4 in 2020, 36m amharc f\u00edse san ioml\u00e1n don bhliain.<br \/>\n&nbsp;<\/p>\n<p>D\u00fairt Ardsti\u00farth\u00f3ir TG4 Alan Esslemont, <em>&#8220;N\u00ed fhaca aon duine againn bliain mar 2020.  Ba bhliain i\u0301 de chumha, mearbhall, c\u00edor thuathail agus br\u00f3n. Ach bliain d\u2019\u00e9achta\u00ed daonnachta agus de sheirbh\u00eds phoibl\u00ed a bh\u00ed ann freisin.  Sna me\u00e1in, breathn\u00f3idh muid siar ar 2020 mar an bhliain a chuir fuadar faoi dhul chun cinn na me\u00e1n digiteach neamhl\u00edneach.  Ba mhaith liom \u00f3m\u00f3s a thabhairt d\u2019fhoireann inmhe\u00e1nach TG4 agus do na l\u00e9iritheoir\u00ed neamhsple\u00e1cha uile a chomhoibr\u00edonn linn.  Ag obair mar mheitheal, d\u2018\u00e9irigh linn freastal thar cionn ar \u00e9ileamh an lucht f\u00e9achana agus pearsantacht agus branda TG4 a l\u00e1idri\u00fa sa bhaile agus ar fud an domhain.  T\u00e1 muid an-bhu\u00edoch den Rialtas as an taca\u00edocht bhreise a thug siad d\u00fainn i mBuis\u00e9ad 2021.  Cabhr\u00f3idh s\u00e9 seo linn TG4 a atos\u00fa i mbliana agus beidh muid ag cur ina lu\u00ed ar an gCoimisi\u00fan um Thodhcha\u00ed na Me\u00e1n gur cheart \u00e9iceach\u00f3ras na me\u00e1n in \u00c9irinn a athshamhl\u00fa \u00f3 bhonn \u00f3 2022 ar aghaidh.&#8221;<\/em> <\/p>\n<p>&nbsp;<br \/>\n&nbsp;<br \/>\n&nbsp;<\/p>\n","protected":false},"excerpt":{"rendered":"<p>&nbsp; Is \u00e9 TG4 an 6\u00fa cain\u00e9al is m\u00f3 f\u00e9achana in \u00c9irinn don dara bliain as a ch\u00e9ile. Bhog TG4 suas \u00e1it amh\u00e1in i 2019 \u00f3n 7\u00fa gcain\u00e9al is m\u00f3 f\u00e9achana, an \u00e1it ina raibh s\u00e9 rangaithe \u00f3 2014. F\u00e9achann n\u00edos m\u00f3 daoine in \u00c9irinn anois ar TG4 n\u00e1 mar a fh\u00e9achann ar BBC Two, [&hellip;]<\/p>\n","protected":false},"author":876,"featured_media":0,"parent":115579,"menu_order":4,"comment_status":"closed","ping_status":"closed","template":"page-templates\/template-pr.php","meta":{"_acf_changed":false,"footnotes":""},"acf":[],"yoast_head":"<!-- This site is optimized with the Yoast SEO plugin v22.6 - https:\/\/yoast.com\/wordpress\/plugins\/seo\/ -->\n<title>TG4 ar an 6\u00fa cain\u00e9al is m\u00f3 f\u00e9achana in \u00c9irinn don dara bliain as a ch\u00e9ile | Preas R\u00e1iteas | TG4<\/title>\n<meta name=\"robots\" content=\"index, follow, max-snippet:-1, max-image-preview:large, max-video-preview:-1\" \/>\n<meta property=\"og:locale\" content=\"en_US\" \/>\n<meta property=\"og:type\" content=\"article\" \/>\n<meta property=\"og:title\" content=\"TG4 ar an 6\u00fa cain\u00e9al is m\u00f3 f\u00e9achana in \u00c9irinn don dara bliain as a ch\u00e9ile | Preas R\u00e1iteas | TG4\" \/>\n<meta property=\"og:description\" content=\"&nbsp; Is \u00e9 TG4 an 6\u00fa cain\u00e9al is m\u00f3 f\u00e9achana in \u00c9irinn don dara bliain as a ch\u00e9ile. Bhog TG4 suas \u00e1it amh\u00e1in i 2019 \u00f3n 7\u00fa gcain\u00e9al is m\u00f3 f\u00e9achana, an \u00e1it ina raibh s\u00e9 rangaithe \u00f3 2014. F\u00e9achann n\u00edos m\u00f3 daoine in \u00c9irinn anois ar TG4 n\u00e1 mar a fh\u00e9achann ar BBC Two, [&hellip;]\" \/>\n<meta property=\"og:url\" content=\"https:\/\/dev.tg4.ie\/ga\/eolas\/preas\/nuacht-raitis\/2021-2\/tg4-ar-an-6u-caineal-is-mo-feachana-in-eirinn-don-dara-bliain-as-a-cheile\/\" \/>\n<meta property=\"og:site_name\" content=\"TG4\" \/>\n<meta property=\"article:publisher\" content=\"https:\/\/www.facebook.com\/TG4TV\" \/>\n<meta property=\"article:modified_time\" content=\"2021-01-13T15:49:13+00:00\" \/>\n<meta property=\"og:image\" content=\"https:\/\/tg4-docs.s3.amazonaws.com\/tg4-redesign-2015\/wp-content\/uploads\/2021\/01\/TG4_LF_2020_1_1920x1080.jpg\" \/>\n\t<meta property=\"og:image:width\" content=\"1920\" \/>\n\t<meta property=\"og:image:height\" content=\"1080\" \/>\n\t<meta property=\"og:image:type\" content=\"image\/jpeg\" \/>\n<meta name=\"twitter:card\" content=\"summary_large_image\" \/>\n<meta name=\"twitter:image\" content=\"https:\/\/tg4-docs.s3.amazonaws.com\/tg4-redesign-2015\/wp-content\/uploads\/2021\/01\/TG4_LF_2020_1_1920x1080.jpg\" \/>\n<meta name=\"twitter:site\" content=\"@TG4TV\" \/>\n<meta name=\"twitter:label1\" content=\"Est. reading time\" \/>\n\t<meta name=\"twitter:data1\" content=\"4 minutes\" \/>\n<script type=\"application\/ld+json\" class=\"yoast-schema-graph\">{\"@context\":\"https:\/\/schema.org\",\"@graph\":[{\"@type\":\"WebPage\",\"@id\":\"https:\/\/dev.tg4.ie\/ga\/eolas\/preas\/nuacht-raitis\/2021-2\/tg4-ar-an-6u-caineal-is-mo-feachana-in-eirinn-don-dara-bliain-as-a-cheile\/\",\"url\":\"https:\/\/dev.tg4.ie\/ga\/eolas\/preas\/nuacht-raitis\/2021-2\/tg4-ar-an-6u-caineal-is-mo-feachana-in-eirinn-don-dara-bliain-as-a-cheile\/\",\"name\":\"TG4 ar an 6\u00fa cain\u00e9al is m\u00f3 f\u00e9achana in \u00c9irinn don dara bliain as a ch\u00e9ile | Preas R\u00e1iteas | TG4\",\"isPartOf\":{\"@id\":\"https:\/\/dev.tg4.ie\/en\/#website\"},\"primaryImageOfPage\":{\"@id\":\"https:\/\/dev.tg4.ie\/ga\/eolas\/preas\/nuacht-raitis\/2021-2\/tg4-ar-an-6u-caineal-is-mo-feachana-in-eirinn-don-dara-bliain-as-a-cheile\/#primaryimage\"},\"image\":{\"@id\":\"https:\/\/dev.tg4.ie\/ga\/eolas\/preas\/nuacht-raitis\/2021-2\/tg4-ar-an-6u-caineal-is-mo-feachana-in-eirinn-don-dara-bliain-as-a-cheile\/#primaryimage\"},\"thumbnailUrl\":\"https:\/\/dev.tg4.ie\/wp-content\/uploads\/2021\/01\/TG4_LF_2020_1_1920x1080.jpg\",\"datePublished\":\"2021-01-13T13:30:07+00:00\",\"dateModified\":\"2021-01-13T15:49:13+00:00\",\"breadcrumb\":{\"@id\":\"https:\/\/dev.tg4.ie\/ga\/eolas\/preas\/nuacht-raitis\/2021-2\/tg4-ar-an-6u-caineal-is-mo-feachana-in-eirinn-don-dara-bliain-as-a-cheile\/#breadcrumb\"},\"inLanguage\":\"ga\",\"potentialAction\":[{\"@type\":\"ReadAction\",\"target\":[\"https:\/\/dev.tg4.ie\/ga\/eolas\/preas\/nuacht-raitis\/2021-2\/tg4-ar-an-6u-caineal-is-mo-feachana-in-eirinn-don-dara-bliain-as-a-cheile\/\"]}]},{\"@type\":\"ImageObject\",\"inLanguage\":\"ga\",\"@id\":\"https:\/\/dev.tg4.ie\/ga\/eolas\/preas\/nuacht-raitis\/2021-2\/tg4-ar-an-6u-caineal-is-mo-feachana-in-eirinn-don-dara-bliain-as-a-cheile\/#primaryimage\",\"url\":\"https:\/\/dev.tg4.ie\/wp-content\/uploads\/2021\/01\/TG4_LF_2020_1_1920x1080.jpg\",\"contentUrl\":\"https:\/\/dev.tg4.ie\/wp-content\/uploads\/2021\/01\/TG4_LF_2020_1_1920x1080.jpg\"},{\"@type\":\"BreadcrumbList\",\"@id\":\"https:\/\/dev.tg4.ie\/ga\/eolas\/preas\/nuacht-raitis\/2021-2\/tg4-ar-an-6u-caineal-is-mo-feachana-in-eirinn-don-dara-bliain-as-a-cheile\/#breadcrumb\",\"itemListElement\":[{\"@type\":\"ListItem\",\"position\":1,\"name\":\"Home\",\"item\":\"https:\/\/dev.tg4.ie\/ga\/\"},{\"@type\":\"ListItem\",\"position\":2,\"name\":\"Eolas\",\"item\":\"https:\/\/dev.tg4.ie\/ga\/eolas\/\"},{\"@type\":\"ListItem\",\"position\":3,\"name\":\"Preas\",\"item\":\"https:\/\/dev.tg4.ie\/ga\/eolas\/preas\/\"},{\"@type\":\"ListItem\",\"position\":4,\"name\":\"Nuacht R\u00e1itis\",\"item\":\"https:\/\/dev.tg4.ie\/ga\/eolas\/preas\/nuacht-raitis\/\"},{\"@type\":\"ListItem\",\"position\":5,\"name\":\"2021\",\"item\":\"https:\/\/dev.tg4.ie\/ga\/eolas\/preas\/nuacht-raitis\/2021-2\/\"},{\"@type\":\"ListItem\",\"position\":6,\"name\":\"TG4 ar an 6\u00fa cain\u00e9al is m\u00f3 f\u00e9achana in \u00c9irinn don dara bliain as a ch\u00e9ile\"}]},{\"@type\":\"WebSite\",\"@id\":\"https:\/\/dev.tg4.ie\/en\/#website\",\"url\":\"https:\/\/dev.tg4.ie\/en\/\",\"name\":\"TG4\",\"description\":\"S\u00fail Eile\",\"potentialAction\":[{\"@type\":\"SearchAction\",\"target\":{\"@type\":\"EntryPoint\",\"urlTemplate\":\"https:\/\/dev.tg4.ie\/en\/?s={search_term_string}\"},\"query-input\":\"required name=search_term_string\"}],\"inLanguage\":\"ga\"}]}<\/script>\n<!-- \/ Yoast SEO plugin. -->","yoast_head_json":{"title":"TG4 ar an 6\u00fa cain\u00e9al is m\u00f3 f\u00e9achana in \u00c9irinn don dara bliain as a ch\u00e9ile | Preas R\u00e1iteas | TG4","robots":{"index":"index","follow":"follow","max-snippet":"max-snippet:-1","max-image-preview":"max-image-preview:large","max-video-preview":"max-video-preview:-1"},"og_locale":"en_US","og_type":"article","og_title":"TG4 ar an 6\u00fa cain\u00e9al is m\u00f3 f\u00e9achana in \u00c9irinn don dara bliain as a ch\u00e9ile | Preas R\u00e1iteas | TG4","og_description":"&nbsp; Is \u00e9 TG4 an 6\u00fa cain\u00e9al is m\u00f3 f\u00e9achana in \u00c9irinn don dara bliain as a ch\u00e9ile. Bhog TG4 suas \u00e1it amh\u00e1in i 2019 \u00f3n 7\u00fa gcain\u00e9al is m\u00f3 f\u00e9achana, an \u00e1it ina raibh s\u00e9 rangaithe \u00f3 2014. F\u00e9achann n\u00edos m\u00f3 daoine in \u00c9irinn anois ar TG4 n\u00e1 mar a fh\u00e9achann ar BBC Two, [&hellip;]","og_url":"https:\/\/dev.tg4.ie\/ga\/eolas\/preas\/nuacht-raitis\/2021-2\/tg4-ar-an-6u-caineal-is-mo-feachana-in-eirinn-don-dara-bliain-as-a-cheile\/","og_site_name":"TG4","article_publisher":"https:\/\/www.facebook.com\/TG4TV","article_modified_time":"2021-01-13T15:49:13+00:00","og_image":[{"width":1920,"height":1080,"url":"https:\/\/tg4-docs.s3.amazonaws.com\/tg4-redesign-2015\/wp-content\/uploads\/2021\/01\/TG4_LF_2020_1_1920x1080.jpg","type":"image\/jpeg"}],"twitter_card":"summary_large_image","twitter_image":"https:\/\/tg4-docs.s3.amazonaws.com\/tg4-redesign-2015\/wp-content\/uploads\/2021\/01\/TG4_LF_2020_1_1920x1080.jpg","twitter_site":"@TG4TV","twitter_misc":{"Est. reading time":"4 minutes"},"schema":{"@context":"https:\/\/schema.org","@graph":[{"@type":"WebPage","@id":"https:\/\/dev.tg4.ie\/ga\/eolas\/preas\/nuacht-raitis\/2021-2\/tg4-ar-an-6u-caineal-is-mo-feachana-in-eirinn-don-dara-bliain-as-a-cheile\/","url":"https:\/\/dev.tg4.ie\/ga\/eolas\/preas\/nuacht-raitis\/2021-2\/tg4-ar-an-6u-caineal-is-mo-feachana-in-eirinn-don-dara-bliain-as-a-cheile\/","name":"TG4 ar an 6\u00fa cain\u00e9al is m\u00f3 f\u00e9achana in \u00c9irinn don dara bliain as a ch\u00e9ile | Preas R\u00e1iteas | TG4","isPartOf":{"@id":"https:\/\/dev.tg4.ie\/en\/#website"},"primaryImageOfPage":{"@id":"https:\/\/dev.tg4.ie\/ga\/eolas\/preas\/nuacht-raitis\/2021-2\/tg4-ar-an-6u-caineal-is-mo-feachana-in-eirinn-don-dara-bliain-as-a-cheile\/#primaryimage"},"image":{"@id":"https:\/\/dev.tg4.ie\/ga\/eolas\/preas\/nuacht-raitis\/2021-2\/tg4-ar-an-6u-caineal-is-mo-feachana-in-eirinn-don-dara-bliain-as-a-cheile\/#primaryimage"},"thumbnailUrl":"https:\/\/dev.tg4.ie\/wp-content\/uploads\/2021\/01\/TG4_LF_2020_1_1920x1080.jpg","datePublished":"2021-01-13T13:30:07+00:00","dateModified":"2021-01-13T15:49:13+00:00","breadcrumb":{"@id":"https:\/\/dev.tg4.ie\/ga\/eolas\/preas\/nuacht-raitis\/2021-2\/tg4-ar-an-6u-caineal-is-mo-feachana-in-eirinn-don-dara-bliain-as-a-cheile\/#breadcrumb"},"inLanguage":"ga","potentialAction":[{"@type":"ReadAction","target":["https:\/\/dev.tg4.ie\/ga\/eolas\/preas\/nuacht-raitis\/2021-2\/tg4-ar-an-6u-caineal-is-mo-feachana-in-eirinn-don-dara-bliain-as-a-cheile\/"]}]},{"@type":"ImageObject","inLanguage":"ga","@id":"https:\/\/dev.tg4.ie\/ga\/eolas\/preas\/nuacht-raitis\/2021-2\/tg4-ar-an-6u-caineal-is-mo-feachana-in-eirinn-don-dara-bliain-as-a-cheile\/#primaryimage","url":"https:\/\/dev.tg4.ie\/wp-content\/uploads\/2021\/01\/TG4_LF_2020_1_1920x1080.jpg","contentUrl":"https:\/\/dev.tg4.ie\/wp-content\/uploads\/2021\/01\/TG4_LF_2020_1_1920x1080.jpg"},{"@type":"BreadcrumbList","@id":"https:\/\/dev.tg4.ie\/ga\/eolas\/preas\/nuacht-raitis\/2021-2\/tg4-ar-an-6u-caineal-is-mo-feachana-in-eirinn-don-dara-bliain-as-a-cheile\/#breadcrumb","itemListElement":[{"@type":"ListItem","position":1,"name":"Home","item":"https:\/\/dev.tg4.ie\/ga\/"},{"@type":"ListItem","position":2,"name":"Eolas","item":"https:\/\/dev.tg4.ie\/ga\/eolas\/"},{"@type":"ListItem","position":3,"name":"Preas","item":"https:\/\/dev.tg4.ie\/ga\/eolas\/preas\/"},{"@type":"ListItem","position":4,"name":"Nuacht R\u00e1itis","item":"https:\/\/dev.tg4.ie\/ga\/eolas\/preas\/nuacht-raitis\/"},{"@type":"ListItem","position":5,"name":"2021","item":"https:\/\/dev.tg4.ie\/ga\/eolas\/preas\/nuacht-raitis\/2021-2\/"},{"@type":"ListItem","position":6,"name":"TG4 ar an 6\u00fa cain\u00e9al is m\u00f3 f\u00e9achana in \u00c9irinn don dara bliain as a ch\u00e9ile"}]},{"@type":"WebSite","@id":"https:\/\/dev.tg4.ie\/en\/#website","url":"https:\/\/dev.tg4.ie\/en\/","name":"TG4","description":"S\u00fail Eile","potentialAction":[{"@type":"SearchAction","target":{"@type":"EntryPoint","urlTemplate":"https:\/\/dev.tg4.ie\/en\/?s={search_term_string}"},"query-input":"required name=search_term_string"}],"inLanguage":"ga"}]}},"_links":{"self":[{"href":"https:\/\/dev.tg4.ie\/ga\/wp-json\/wp\/v2\/pages\/115685"}],"collection":[{"href":"https:\/\/dev.tg4.ie\/ga\/wp-json\/wp\/v2\/pages"}],"about":[{"href":"https:\/\/dev.tg4.ie\/ga\/wp-json\/wp\/v2\/types\/page"}],"author":[{"embeddable":true,"href":"https:\/\/dev.tg4.ie\/ga\/wp-json\/wp\/v2\/users\/876"}],"replies":[{"embeddable":true,"href":"https:\/\/dev.tg4.ie\/ga\/wp-json\/wp\/v2\/comments?post=115685"}],"version-history":[{"count":0,"href":"https:\/\/dev.tg4.ie\/ga\/wp-json\/wp\/v2\/pages\/115685\/revisions"}],"up":[{"embeddable":true,"href":"https:\/\/dev.tg4.ie\/ga\/wp-json\/wp\/v2\/pages\/115579"}],"wp:attachment":[{"href":"https:\/\/dev.tg4.ie\/ga\/wp-json\/wp\/v2\/media?parent=115685"}],"curies":[{"name":"wp","href":"https:\/\/api.w.org\/{rel}","templated":true}]}}