{"id":115722,"date":"2021-01-19T15:24:18","date_gmt":"2021-01-19T15:24:18","guid":{"rendered":"https:\/\/dev.tg4.ie\/?page_id=115722"},"modified":"2021-01-19T16:39:48","modified_gmt":"2021-01-19T16:39:48","slug":"cleachtais-leiriuchain-inbhuanaithe-le-cur-i-bhfeidhm-ag-tg4-tri-usaid-eigeantach-le-baint-as-aireamhan-carboin-albert","status":"publish","type":"page","link":"https:\/\/dev.tg4.ie\/ga\/eolas\/preas\/nuacht-raitis\/2021-2\/cleachtais-leiriuchain-inbhuanaithe-le-cur-i-bhfeidhm-ag-tg4-tri-usaid-eigeantach-le-baint-as-aireamhan-carboin-albert\/","title":{"rendered":"Cleachtais l\u00e9iri\u00fach\u00e1in inbhuanaithe le cur i bhfeidhm ag TG4 tr\u00ed \u00fas\u00e1id \u00e9igeantach le baint as \u00c1ireamh\u00e1n Carb\u00f3in albert"},"content":{"rendered":"<p><img decoding=\"async\" src=\"https:\/\/tg4-docs.s3.amazonaws.com\/tg4-redesign-2015\/wp-content\/uploads\/2021\/01\/TG4Logo625h.jpg\" width=\"62%\" alt=\"\" class=\"aligncenter size-medium wp-image-115732\" srcset=\"https:\/\/tg4-docs.s3.amazonaws.com\/tg4-redesign-2015\/wp-content\/uploads\/2021\/01\/TG4Logo625h.jpg 1707w, https:\/\/tg4-docs.s3.amazonaws.com\/tg4-redesign-2015\/wp-content\/uploads\/2021\/01\/TG4Logo625h-250x92.jpg 250w, https:\/\/tg4-docs.s3.amazonaws.com\/tg4-redesign-2015\/wp-content\/uploads\/2021\/01\/TG4Logo625h-700x256.jpg 700w, https:\/\/tg4-docs.s3.amazonaws.com\/tg4-redesign-2015\/wp-content\/uploads\/2021\/01\/TG4Logo625h-252x92.jpg 252w, https:\/\/tg4-docs.s3.amazonaws.com\/tg4-redesign-2015\/wp-content\/uploads\/2021\/01\/TG4Logo625h-1536x562.jpg 1536w, https:\/\/tg4-docs.s3.amazonaws.com\/tg4-redesign-2015\/wp-content\/uploads\/2021\/01\/TG4Logo625h-120x44.jpg 120w\" sizes=\"(max-width: 1707px) 100vw, 1707px\" \/> <img decoding=\"async\" src=\"https:\/\/tg4-docs.s3.amazonaws.com\/tg4-redesign-2015\/wp-content\/uploads\/2021\/01\/albert-logo-625h.jpg\" width=\"36%\" alt=\"\" class=\"aligncenter size-medium wp-image-115733\" srcset=\"https:\/\/tg4-docs.s3.amazonaws.com\/tg4-redesign-2015\/wp-content\/uploads\/2021\/01\/albert-logo-625h.jpg 1008w, https:\/\/tg4-docs.s3.amazonaws.com\/tg4-redesign-2015\/wp-content\/uploads\/2021\/01\/albert-logo-625h-250x155.jpg 250w, https:\/\/tg4-docs.s3.amazonaws.com\/tg4-redesign-2015\/wp-content\/uploads\/2021\/01\/albert-logo-625h-700x434.jpg 700w, https:\/\/tg4-docs.s3.amazonaws.com\/tg4-redesign-2015\/wp-content\/uploads\/2021\/01\/albert-logo-625h-227x141.jpg 227w, https:\/\/tg4-docs.s3.amazonaws.com\/tg4-redesign-2015\/wp-content\/uploads\/2021\/01\/albert-logo-625h-120x74.jpg 120w\" sizes=\"(max-width: 1008px) 100vw, 1008px\" \/><br \/>\n&nbsp;<\/p>\n<p>D&#8217;fh\u00f3gair TG4 inniu mar chuid d\u00e1 ghealltanas i dtaobh l\u00e9iri\u00fach\u00e1in inbhuanaithe agus spriocanna an Phlean Gn\u00edomhaithe ar son na hAer\u00e1ide a bhaint amach, go bhfuil s\u00e9 \u00e9igeantach go nd\u00e9anfaidh gach l\u00e9iri\u00fach\u00e1n a bhfuil conradh acu le TG4 a lorg carb\u00f3in a thomhais ag baint leas as \u00c1ireamh\u00e1n Carb\u00f3in albert \u00f3 Ean\u00e1ir 2021.<br \/>\n&nbsp;<\/p>\n<p>Screen Green Coalition, a bhunaigh TG4, RT\u00c9, Virgin Media Television, F\u00eds \u00c9ireann, L\u00e9iritheoir\u00ed Sc\u00e1ile\u00e1in na h\u00c9ireann agus an BAI, a chuir \u00c1ireamh\u00e1n Carb\u00f3in BAFTA albert, at\u00e1 d\u00edrithe go sonraithe ar an tionscal closamhairc, in oiri\u00faint lena \u00fas\u00e1id in \u00c9irinn.<br \/>\n&nbsp;<\/p>\n<p>Leis an \u00e1ireamh\u00e1n is f\u00e9idir le l\u00e9iritheoir\u00ed tuiscint n\u00edos fearr a fh\u00e1il ar an tionchar at\u00e1 ag a gcuid l\u00e9iri\u00fach\u00e1n ar an timpeallacht agus dearbh\u00fa a fh\u00e1il gur l\u00e9iri\u00fach\u00e1n inbhuanaithe \u00e9.  Tr\u00ed roinnt eolas bun\u00fasach maidir le l\u00e1ithreacha, sti\u00faideonna, an cri\u00fa, taisteal, l\u00f3ist\u00edn, \u00e1bhar agus iarl\u00e9iri\u00fa a chur isteach san \u00e1ireamh\u00e1n; tabharfaidh s\u00e9 chomh m\u00f3r is at\u00e1 an lorg carb\u00f3in at\u00e1 ag aon l\u00e9iri\u00fach\u00e1n ar leith le fios. Tabharfaidh an t-eolas sin agus an fheasacht sin deis do l\u00e9iritheoir\u00ed na hasta\u00edochta\u00ed sin a laghd\u00fa tr\u00ed chleachtais inbhuanaithe a chur i bhfeidhm le linn an l\u00e9iri\u00fach\u00e1in, mar shampla tr\u00ed dheireadh a chur le plaisteach aon\u00fas\u00e1ide, r\u00e9itigh chliste a fh\u00e1il i nd\u00e1il le bainisti\u00fa dramha\u00edola agus an m\u00e9id taistil a d&#8217;fh\u00e9adfadh a bheith i gceist a laghd\u00fa.<br \/>\n&nbsp;<\/p>\n<p>Cuireadh t\u00fas le Albert sa bhliain 2011 sa R\u00edocht Aontaithe mar thionscadal ag an BBC agus ghlac BAFTA leis go luath ina dhiaidh sin.  T\u00e1 s\u00e9 \u00e9igeantach don BBC, ITV, Channel4, UKTV, Sky agus Netflix a lorg carb\u00f3in a chl\u00e1r\u00fa agus an uirlis a \u00fas\u00e1id. Sheol albert leagan nua den \u00e1ireamh\u00e1n carb\u00f3in an tseachtain seo caite a chabhr\u00f3idh le l\u00e9iri\u00fach\u00e1in an lorg carb\u00f3in at\u00e1 acu a thomhas ar bhealach n\u00edos cruinne. Cuirfear an pac\u00e1iste nuashonraithe chuig comhph\u00e1irtithe Idirn\u00e1isi\u00fanta i dteangacha \u00e1iti\u00fala freisin.  Is f\u00e9idir tuilleadh eolais a fh\u00e1il ar anseo: <a href=\"https:\/\/wearealbert.org\" rel=\"noopener\" target=\"_blank\">https:\/\/wearealbert.org<\/a><br \/>\n&nbsp;<\/p>\n<p>Maidir le l\u00e9iri\u00fach\u00e1in ar mian leo a n-iarrachta\u00ed inbhuanaitheachta a chur chun cinn, is f\u00e9idir leo teastas albert a fh\u00e1il a thugann aitheantas don l\u00e9iri\u00fach\u00e1n as an tionchar at\u00e1 acu ar an gcomhshaol a laghd\u00fa. Cuirfear l\u00f3g\u00f3 ar f\u00e1il m\u00e1 \u00e9ir\u00edonn leo gur f\u00e9idir a \u00fas\u00e1id i gcreidi\u00faint\u00ed an chl\u00e1ir.<br \/>\nCuirfear l\u00f3g\u00f3 ar f\u00e1il m\u00e1 \u00e9ir\u00edonn leo ina n-iarrachta\u00ed gur f\u00e9idir a \u00fas\u00e1id i gar chreidi\u00faint\u00ed an chl\u00e1ir.<br \/>\n&nbsp;<\/p>\n<p>Chuir Laura N\u00ed Cheallaigh, Eagarth\u00f3ir Coimisi\u00fanaithe TG4 f\u00e1ilte roimh an bhf\u00f3gra inniu ag r\u00e1, <em>&#8220;T\u00e1 r\u00edm\u00e9ad orainn a fh\u00f3gairt inniu go mbeidh \u00c1ireamh\u00e1n Carb\u00f3in albert ina chuid l\u00e1rnach d\u00e1r l\u00e9iri\u00fach\u00e1in neamhsple\u00e1cha go l\u00e9ir as seo amach. Mar chraolt\u00f3ir-foilsitheoir, is tr\u00ed na comhlachta\u00ed l\u00e9iri\u00fach\u00e1in a oibr\u00edonn linn ach go h\u00e1irithe a mbeimid \u00e1balta tionchar dearfach a imirt ar an timpeallacht.  T\u00e1 s\u00fail againn go spreagfaidh \u00fas\u00e1id na huirlise cleachtais ghlasa agus inbhuanaithe i ngach r\u00e9imse l\u00e9iri\u00fach\u00e1in agus go gcabhr\u00f3idh s\u00e9 le hinbhuanaitheacht chomhshaoil a chruth\u00fa san earn\u00e1il closamharc in \u00c9irinn.&#8221; <\/em><br \/>\n&nbsp;<\/p>\n<p>D\u00fairt Neil Keaveney, Sti\u00farth\u00f3ir Teicneola\u00edochta TG4 <em>&#8220;T\u00e1 \u00e1thas ar TG4 as an d\u00edograis agus an tiomantas at\u00e1 l\u00e9irithe ag an earn\u00e1il neamhsple\u00e1ch l\u00e9iri\u00fach\u00e1n maidir le cleachtais l\u00e9iri\u00fach\u00e1n inbhuanaithe a ghlacadh.  T\u00e1 an cur chuige seo ag teacht go hioml\u00e1n le tiomantas TG4 f\u00e9in an \u00fas\u00e1id a bhaineann s\u00e9 as fuinneamh agus a lorg carb\u00f3in a laghd\u00fa agus an r\u00f3l at\u00e1 againn mar chraolt\u00f3ir na spriocanna at\u00e1 leagtha s\u00edos sa phlean gn\u00edomha\u00edochta aer\u00e1ide a bhaint amach.&#8221;<\/em><\/p>\n<p>&nbsp;<br \/>\n&nbsp;<br \/>\n&nbsp;<\/p>\n","protected":false},"excerpt":{"rendered":"<p>&nbsp; D&#8217;fh\u00f3gair TG4 inniu mar chuid d\u00e1 ghealltanas i dtaobh l\u00e9iri\u00fach\u00e1in inbhuanaithe agus spriocanna an Phlean Gn\u00edomhaithe ar son na hAer\u00e1ide a bhaint amach, go bhfuil s\u00e9 \u00e9igeantach go nd\u00e9anfaidh gach l\u00e9iri\u00fach\u00e1n a bhfuil conradh acu le TG4 a lorg carb\u00f3in a thomhais ag baint leas as \u00c1ireamh\u00e1n Carb\u00f3in albert \u00f3 Ean\u00e1ir 2021. &nbsp; Screen [&hellip;]<\/p>\n","protected":false},"author":876,"featured_media":0,"parent":115579,"menu_order":5,"comment_status":"closed","ping_status":"closed","template":"page-templates\/template-pr.php","meta":{"_acf_changed":false,"footnotes":""},"acf":[],"yoast_head":"<!-- This site is optimized with the Yoast SEO plugin v22.6 - https:\/\/yoast.com\/wordpress\/plugins\/seo\/ -->\n<title>Cleachtais l\u00e9iri\u00fach\u00e1in inbhuanaithe le cur i bhfeidhm ag TG4 tr\u00ed \u00fas\u00e1id \u00e9igeantach le baint as \u00c1ireamh\u00e1n Carb\u00f3in albert | Preas R\u00e1iteas | TG4<\/title>\n<meta name=\"robots\" content=\"index, follow, max-snippet:-1, max-image-preview:large, max-video-preview:-1\" \/>\n<meta property=\"og:locale\" content=\"en_US\" \/>\n<meta property=\"og:type\" content=\"article\" \/>\n<meta property=\"og:title\" content=\"Cleachtais l\u00e9iri\u00fach\u00e1in inbhuanaithe le cur i bhfeidhm ag TG4 tr\u00ed \u00fas\u00e1id \u00e9igeantach le baint as \u00c1ireamh\u00e1n Carb\u00f3in albert | Preas R\u00e1iteas | TG4\" \/>\n<meta property=\"og:description\" content=\"&nbsp; D&#8217;fh\u00f3gair TG4 inniu mar chuid d\u00e1 ghealltanas i dtaobh l\u00e9iri\u00fach\u00e1in inbhuanaithe agus spriocanna an Phlean Gn\u00edomhaithe ar son na hAer\u00e1ide a bhaint amach, go bhfuil s\u00e9 \u00e9igeantach go nd\u00e9anfaidh gach l\u00e9iri\u00fach\u00e1n a bhfuil conradh acu le TG4 a lorg carb\u00f3in a thomhais ag baint leas as \u00c1ireamh\u00e1n Carb\u00f3in albert \u00f3 Ean\u00e1ir 2021. &nbsp; Screen [&hellip;]\" \/>\n<meta property=\"og:url\" content=\"https:\/\/dev.tg4.ie\/ga\/eolas\/preas\/nuacht-raitis\/2021-2\/cleachtais-leiriuchain-inbhuanaithe-le-cur-i-bhfeidhm-ag-tg4-tri-usaid-eigeantach-le-baint-as-aireamhan-carboin-albert\/\" \/>\n<meta property=\"og:site_name\" content=\"TG4\" \/>\n<meta property=\"article:publisher\" content=\"https:\/\/www.facebook.com\/TG4TV\" \/>\n<meta property=\"article:modified_time\" content=\"2021-01-19T16:39:48+00:00\" \/>\n<meta property=\"og:image\" content=\"https:\/\/tg4-docs.s3.amazonaws.com\/tg4-redesign-2015\/wp-content\/uploads\/2021\/01\/TG4Albert_Grab.jpg\" \/>\n\t<meta property=\"og:image:width\" content=\"1920\" \/>\n\t<meta property=\"og:image:height\" content=\"1080\" \/>\n\t<meta property=\"og:image:type\" content=\"image\/jpeg\" \/>\n<meta name=\"twitter:card\" content=\"summary_large_image\" \/>\n<meta name=\"twitter:image\" content=\"https:\/\/tg4-docs.s3.amazonaws.com\/tg4-redesign-2015\/wp-content\/uploads\/2021\/01\/TG4Albert_Grab.jpg\" \/>\n<meta name=\"twitter:site\" content=\"@TG4TV\" \/>\n<meta name=\"twitter:label1\" content=\"Est. reading time\" \/>\n\t<meta name=\"twitter:data1\" content=\"4 minutes\" \/>\n<script type=\"application\/ld+json\" class=\"yoast-schema-graph\">{\"@context\":\"https:\/\/schema.org\",\"@graph\":[{\"@type\":\"WebPage\",\"@id\":\"https:\/\/dev.tg4.ie\/ga\/eolas\/preas\/nuacht-raitis\/2021-2\/cleachtais-leiriuchain-inbhuanaithe-le-cur-i-bhfeidhm-ag-tg4-tri-usaid-eigeantach-le-baint-as-aireamhan-carboin-albert\/\",\"url\":\"https:\/\/dev.tg4.ie\/ga\/eolas\/preas\/nuacht-raitis\/2021-2\/cleachtais-leiriuchain-inbhuanaithe-le-cur-i-bhfeidhm-ag-tg4-tri-usaid-eigeantach-le-baint-as-aireamhan-carboin-albert\/\",\"name\":\"Cleachtais l\u00e9iri\u00fach\u00e1in inbhuanaithe le cur i bhfeidhm ag TG4 tr\u00ed \u00fas\u00e1id \u00e9igeantach le baint as \u00c1ireamh\u00e1n Carb\u00f3in albert | Preas R\u00e1iteas | TG4\",\"isPartOf\":{\"@id\":\"https:\/\/dev.tg4.ie\/en\/#website\"},\"primaryImageOfPage\":{\"@id\":\"https:\/\/dev.tg4.ie\/ga\/eolas\/preas\/nuacht-raitis\/2021-2\/cleachtais-leiriuchain-inbhuanaithe-le-cur-i-bhfeidhm-ag-tg4-tri-usaid-eigeantach-le-baint-as-aireamhan-carboin-albert\/#primaryimage\"},\"image\":{\"@id\":\"https:\/\/dev.tg4.ie\/ga\/eolas\/preas\/nuacht-raitis\/2021-2\/cleachtais-leiriuchain-inbhuanaithe-le-cur-i-bhfeidhm-ag-tg4-tri-usaid-eigeantach-le-baint-as-aireamhan-carboin-albert\/#primaryimage\"},\"thumbnailUrl\":\"https:\/\/dev.tg4.ie\/wp-content\/uploads\/2021\/01\/TG4Logo625h.jpg\",\"datePublished\":\"2021-01-19T15:24:18+00:00\",\"dateModified\":\"2021-01-19T16:39:48+00:00\",\"breadcrumb\":{\"@id\":\"https:\/\/dev.tg4.ie\/ga\/eolas\/preas\/nuacht-raitis\/2021-2\/cleachtais-leiriuchain-inbhuanaithe-le-cur-i-bhfeidhm-ag-tg4-tri-usaid-eigeantach-le-baint-as-aireamhan-carboin-albert\/#breadcrumb\"},\"inLanguage\":\"ga\",\"potentialAction\":[{\"@type\":\"ReadAction\",\"target\":[\"https:\/\/dev.tg4.ie\/ga\/eolas\/preas\/nuacht-raitis\/2021-2\/cleachtais-leiriuchain-inbhuanaithe-le-cur-i-bhfeidhm-ag-tg4-tri-usaid-eigeantach-le-baint-as-aireamhan-carboin-albert\/\"]}]},{\"@type\":\"ImageObject\",\"inLanguage\":\"ga\",\"@id\":\"https:\/\/dev.tg4.ie\/ga\/eolas\/preas\/nuacht-raitis\/2021-2\/cleachtais-leiriuchain-inbhuanaithe-le-cur-i-bhfeidhm-ag-tg4-tri-usaid-eigeantach-le-baint-as-aireamhan-carboin-albert\/#primaryimage\",\"url\":\"https:\/\/dev.tg4.ie\/wp-content\/uploads\/2021\/01\/TG4Logo625h.jpg\",\"contentUrl\":\"https:\/\/dev.tg4.ie\/wp-content\/uploads\/2021\/01\/TG4Logo625h.jpg\"},{\"@type\":\"BreadcrumbList\",\"@id\":\"https:\/\/dev.tg4.ie\/ga\/eolas\/preas\/nuacht-raitis\/2021-2\/cleachtais-leiriuchain-inbhuanaithe-le-cur-i-bhfeidhm-ag-tg4-tri-usaid-eigeantach-le-baint-as-aireamhan-carboin-albert\/#breadcrumb\",\"itemListElement\":[{\"@type\":\"ListItem\",\"position\":1,\"name\":\"Home\",\"item\":\"https:\/\/dev.tg4.ie\/ga\/\"},{\"@type\":\"ListItem\",\"position\":2,\"name\":\"Eolas\",\"item\":\"https:\/\/dev.tg4.ie\/ga\/eolas\/\"},{\"@type\":\"ListItem\",\"position\":3,\"name\":\"Preas\",\"item\":\"https:\/\/dev.tg4.ie\/ga\/eolas\/preas\/\"},{\"@type\":\"ListItem\",\"position\":4,\"name\":\"Nuacht R\u00e1itis\",\"item\":\"https:\/\/dev.tg4.ie\/ga\/eolas\/preas\/nuacht-raitis\/\"},{\"@type\":\"ListItem\",\"position\":5,\"name\":\"2021\",\"item\":\"https:\/\/dev.tg4.ie\/ga\/eolas\/preas\/nuacht-raitis\/2021-2\/\"},{\"@type\":\"ListItem\",\"position\":6,\"name\":\"Cleachtais l\u00e9iri\u00fach\u00e1in inbhuanaithe le cur i bhfeidhm ag TG4 tr\u00ed \u00fas\u00e1id \u00e9igeantach le baint as \u00c1ireamh\u00e1n Carb\u00f3in albert\"}]},{\"@type\":\"WebSite\",\"@id\":\"https:\/\/dev.tg4.ie\/en\/#website\",\"url\":\"https:\/\/dev.tg4.ie\/en\/\",\"name\":\"TG4\",\"description\":\"S\u00fail Eile\",\"potentialAction\":[{\"@type\":\"SearchAction\",\"target\":{\"@type\":\"EntryPoint\",\"urlTemplate\":\"https:\/\/dev.tg4.ie\/en\/?s={search_term_string}\"},\"query-input\":\"required name=search_term_string\"}],\"inLanguage\":\"ga\"}]}<\/script>\n<!-- \/ Yoast SEO plugin. -->","yoast_head_json":{"title":"Cleachtais l\u00e9iri\u00fach\u00e1in inbhuanaithe le cur i bhfeidhm ag TG4 tr\u00ed \u00fas\u00e1id \u00e9igeantach le baint as \u00c1ireamh\u00e1n Carb\u00f3in albert | Preas R\u00e1iteas | TG4","robots":{"index":"index","follow":"follow","max-snippet":"max-snippet:-1","max-image-preview":"max-image-preview:large","max-video-preview":"max-video-preview:-1"},"og_locale":"en_US","og_type":"article","og_title":"Cleachtais l\u00e9iri\u00fach\u00e1in inbhuanaithe le cur i bhfeidhm ag TG4 tr\u00ed \u00fas\u00e1id \u00e9igeantach le baint as \u00c1ireamh\u00e1n Carb\u00f3in albert | Preas R\u00e1iteas | TG4","og_description":"&nbsp; D&#8217;fh\u00f3gair TG4 inniu mar chuid d\u00e1 ghealltanas i dtaobh l\u00e9iri\u00fach\u00e1in inbhuanaithe agus spriocanna an Phlean Gn\u00edomhaithe ar son na hAer\u00e1ide a bhaint amach, go bhfuil s\u00e9 \u00e9igeantach go nd\u00e9anfaidh gach l\u00e9iri\u00fach\u00e1n a bhfuil conradh acu le TG4 a lorg carb\u00f3in a thomhais ag baint leas as \u00c1ireamh\u00e1n Carb\u00f3in albert \u00f3 Ean\u00e1ir 2021. &nbsp; Screen [&hellip;]","og_url":"https:\/\/dev.tg4.ie\/ga\/eolas\/preas\/nuacht-raitis\/2021-2\/cleachtais-leiriuchain-inbhuanaithe-le-cur-i-bhfeidhm-ag-tg4-tri-usaid-eigeantach-le-baint-as-aireamhan-carboin-albert\/","og_site_name":"TG4","article_publisher":"https:\/\/www.facebook.com\/TG4TV","article_modified_time":"2021-01-19T16:39:48+00:00","og_image":[{"width":1920,"height":1080,"url":"https:\/\/tg4-docs.s3.amazonaws.com\/tg4-redesign-2015\/wp-content\/uploads\/2021\/01\/TG4Albert_Grab.jpg","type":"image\/jpeg"}],"twitter_card":"summary_large_image","twitter_image":"https:\/\/tg4-docs.s3.amazonaws.com\/tg4-redesign-2015\/wp-content\/uploads\/2021\/01\/TG4Albert_Grab.jpg","twitter_site":"@TG4TV","twitter_misc":{"Est. reading time":"4 minutes"},"schema":{"@context":"https:\/\/schema.org","@graph":[{"@type":"WebPage","@id":"https:\/\/dev.tg4.ie\/ga\/eolas\/preas\/nuacht-raitis\/2021-2\/cleachtais-leiriuchain-inbhuanaithe-le-cur-i-bhfeidhm-ag-tg4-tri-usaid-eigeantach-le-baint-as-aireamhan-carboin-albert\/","url":"https:\/\/dev.tg4.ie\/ga\/eolas\/preas\/nuacht-raitis\/2021-2\/cleachtais-leiriuchain-inbhuanaithe-le-cur-i-bhfeidhm-ag-tg4-tri-usaid-eigeantach-le-baint-as-aireamhan-carboin-albert\/","name":"Cleachtais l\u00e9iri\u00fach\u00e1in inbhuanaithe le cur i bhfeidhm ag TG4 tr\u00ed \u00fas\u00e1id \u00e9igeantach le baint as \u00c1ireamh\u00e1n Carb\u00f3in albert | Preas R\u00e1iteas | TG4","isPartOf":{"@id":"https:\/\/dev.tg4.ie\/en\/#website"},"primaryImageOfPage":{"@id":"https:\/\/dev.tg4.ie\/ga\/eolas\/preas\/nuacht-raitis\/2021-2\/cleachtais-leiriuchain-inbhuanaithe-le-cur-i-bhfeidhm-ag-tg4-tri-usaid-eigeantach-le-baint-as-aireamhan-carboin-albert\/#primaryimage"},"image":{"@id":"https:\/\/dev.tg4.ie\/ga\/eolas\/preas\/nuacht-raitis\/2021-2\/cleachtais-leiriuchain-inbhuanaithe-le-cur-i-bhfeidhm-ag-tg4-tri-usaid-eigeantach-le-baint-as-aireamhan-carboin-albert\/#primaryimage"},"thumbnailUrl":"https:\/\/dev.tg4.ie\/wp-content\/uploads\/2021\/01\/TG4Logo625h.jpg","datePublished":"2021-01-19T15:24:18+00:00","dateModified":"2021-01-19T16:39:48+00:00","breadcrumb":{"@id":"https:\/\/dev.tg4.ie\/ga\/eolas\/preas\/nuacht-raitis\/2021-2\/cleachtais-leiriuchain-inbhuanaithe-le-cur-i-bhfeidhm-ag-tg4-tri-usaid-eigeantach-le-baint-as-aireamhan-carboin-albert\/#breadcrumb"},"inLanguage":"ga","potentialAction":[{"@type":"ReadAction","target":["https:\/\/dev.tg4.ie\/ga\/eolas\/preas\/nuacht-raitis\/2021-2\/cleachtais-leiriuchain-inbhuanaithe-le-cur-i-bhfeidhm-ag-tg4-tri-usaid-eigeantach-le-baint-as-aireamhan-carboin-albert\/"]}]},{"@type":"ImageObject","inLanguage":"ga","@id":"https:\/\/dev.tg4.ie\/ga\/eolas\/preas\/nuacht-raitis\/2021-2\/cleachtais-leiriuchain-inbhuanaithe-le-cur-i-bhfeidhm-ag-tg4-tri-usaid-eigeantach-le-baint-as-aireamhan-carboin-albert\/#primaryimage","url":"https:\/\/dev.tg4.ie\/wp-content\/uploads\/2021\/01\/TG4Logo625h.jpg","contentUrl":"https:\/\/dev.tg4.ie\/wp-content\/uploads\/2021\/01\/TG4Logo625h.jpg"},{"@type":"BreadcrumbList","@id":"https:\/\/dev.tg4.ie\/ga\/eolas\/preas\/nuacht-raitis\/2021-2\/cleachtais-leiriuchain-inbhuanaithe-le-cur-i-bhfeidhm-ag-tg4-tri-usaid-eigeantach-le-baint-as-aireamhan-carboin-albert\/#breadcrumb","itemListElement":[{"@type":"ListItem","position":1,"name":"Home","item":"https:\/\/dev.tg4.ie\/ga\/"},{"@type":"ListItem","position":2,"name":"Eolas","item":"https:\/\/dev.tg4.ie\/ga\/eolas\/"},{"@type":"ListItem","position":3,"name":"Preas","item":"https:\/\/dev.tg4.ie\/ga\/eolas\/preas\/"},{"@type":"ListItem","position":4,"name":"Nuacht R\u00e1itis","item":"https:\/\/dev.tg4.ie\/ga\/eolas\/preas\/nuacht-raitis\/"},{"@type":"ListItem","position":5,"name":"2021","item":"https:\/\/dev.tg4.ie\/ga\/eolas\/preas\/nuacht-raitis\/2021-2\/"},{"@type":"ListItem","position":6,"name":"Cleachtais l\u00e9iri\u00fach\u00e1in inbhuanaithe le cur i bhfeidhm ag TG4 tr\u00ed \u00fas\u00e1id \u00e9igeantach le baint as \u00c1ireamh\u00e1n Carb\u00f3in albert"}]},{"@type":"WebSite","@id":"https:\/\/dev.tg4.ie\/en\/#website","url":"https:\/\/dev.tg4.ie\/en\/","name":"TG4","description":"S\u00fail Eile","potentialAction":[{"@type":"SearchAction","target":{"@type":"EntryPoint","urlTemplate":"https:\/\/dev.tg4.ie\/en\/?s={search_term_string}"},"query-input":"required name=search_term_string"}],"inLanguage":"ga"}]}},"_links":{"self":[{"href":"https:\/\/dev.tg4.ie\/ga\/wp-json\/wp\/v2\/pages\/115722"}],"collection":[{"href":"https:\/\/dev.tg4.ie\/ga\/wp-json\/wp\/v2\/pages"}],"about":[{"href":"https:\/\/dev.tg4.ie\/ga\/wp-json\/wp\/v2\/types\/page"}],"author":[{"embeddable":true,"href":"https:\/\/dev.tg4.ie\/ga\/wp-json\/wp\/v2\/users\/876"}],"replies":[{"embeddable":true,"href":"https:\/\/dev.tg4.ie\/ga\/wp-json\/wp\/v2\/comments?post=115722"}],"version-history":[{"count":0,"href":"https:\/\/dev.tg4.ie\/ga\/wp-json\/wp\/v2\/pages\/115722\/revisions"}],"up":[{"embeddable":true,"href":"https:\/\/dev.tg4.ie\/ga\/wp-json\/wp\/v2\/pages\/115579"}],"wp:attachment":[{"href":"https:\/\/dev.tg4.ie\/ga\/wp-json\/wp\/v2\/media?parent=115722"}],"curies":[{"name":"wp","href":"https:\/\/api.w.org\/{rel}","templated":true}]}}