{"id":115745,"date":"2021-01-21T11:23:51","date_gmt":"2021-01-21T11:23:51","guid":{"rendered":"https:\/\/dev.tg4.ie\/?page_id=115745"},"modified":"2021-01-21T11:23:51","modified_gmt":"2021-01-21T11:23:51","slug":"ceol-o-kylemore-ceiliuradh-na-mban","status":"publish","type":"page","link":"https:\/\/dev.tg4.ie\/ga\/eolas\/preas\/nuacht-raitis\/2021-2\/ceol-o-kylemore-ceiliuradh-na-mban\/","title":{"rendered":"Ceol \u00f3 Kylemore: Ceili\u00faradh na mBan"},"content":{"rendered":"<p><a href=\"https:\/\/tg4-docs.s3.amazonaws.com\/tg4-redesign-2015\/wp-content\/uploads\/2021\/01\/Sile_Denvir_Kylemore_1_1920x1080.jpg\"><img loading=\"lazy\" decoding=\"async\" width=\"1920\" height=\"1080\" src=\"https:\/\/tg4-docs.s3.amazonaws.com\/tg4-redesign-2015\/wp-content\/uploads\/2021\/01\/Sile_Denvir_Kylemore_1_1920x1080.jpg\" alt=\"\" class=\"aligncenter size-full wp-image-115747\" srcset=\"https:\/\/tg4-docs.s3.amazonaws.com\/tg4-redesign-2015\/wp-content\/uploads\/2021\/01\/Sile_Denvir_Kylemore_1_1920x1080.jpg 1920w, https:\/\/tg4-docs.s3.amazonaws.com\/tg4-redesign-2015\/wp-content\/uploads\/2021\/01\/Sile_Denvir_Kylemore_1_1920x1080-250x141.jpg 250w, https:\/\/tg4-docs.s3.amazonaws.com\/tg4-redesign-2015\/wp-content\/uploads\/2021\/01\/Sile_Denvir_Kylemore_1_1920x1080-700x394.jpg 700w, https:\/\/tg4-docs.s3.amazonaws.com\/tg4-redesign-2015\/wp-content\/uploads\/2021\/01\/Sile_Denvir_Kylemore_1_1920x1080-252x141.jpg 252w, https:\/\/tg4-docs.s3.amazonaws.com\/tg4-redesign-2015\/wp-content\/uploads\/2021\/01\/Sile_Denvir_Kylemore_1_1920x1080-1536x864.jpg 1536w, https:\/\/tg4-docs.s3.amazonaws.com\/tg4-redesign-2015\/wp-content\/uploads\/2021\/01\/Sile_Denvir_Kylemore_1_1920x1080-120x68.jpg 120w\" sizes=\"(max-width: 1920px) 100vw, 1920px\" \/><\/a><br \/>\n&nbsp;<br \/>\n<em>Is i Mainistir mh\u00f3rthaibhseach na Coille M\u00f3ire a bheidh &#8216;Ceol \u00f3 Kylemore: Ceili\u00faradh na mBan&#8217; suite, arna l\u00e9iri\u00fa ag Red Shoe Production do TG4.<\/em><br \/>\n&nbsp;<\/p>\n<div style=\"position: relative; overflow: auto; width: 100%; padding-bottom: 56.25%;\"><iframe loading=\"lazy\" src=\"https:\/\/www.youtube.com\/embed\/jnsuXtjocGs\" width=\"100%\" height=\"100%\" frameborder=\"0\" scrolling=\"no\" allowFullscreen=\"true\" style=\"position: absolute; top: 0px; display: block;\"><\/iframe><\/div>\n<p>&nbsp;<\/p>\n<p>Craolfar an cl\u00e1r an 31 Ean\u00e1ir, an o\u00edche roimh L\u00e1 Fh\u00e9ile Br\u00edde &#8211; agus go traidisi\u00fanta, is ar an l\u00e1 \u00fad a dh\u00e9antar deireadh an gheimhridh fhada dhorcha agus s\u00edneadh ar\u00eds ag teacht leis l\u00e1 a cheili\u00faradh. Cuirfear f\u00e1ilte mh\u00f3r leis an d\u00e1ta sin i mbliana thar aon bhliain eile agus d\u00e9anfar t\u00fas an Earraigh agus na laethanta n\u00edos faide amach romhainn a cheili\u00faradh le <strong>Ceol \u00f3 Kylemore<\/strong>.<br \/>\n&nbsp;<\/p>\n<p>Taifeadadh an cl\u00e1r aon uair a chloig ag deireadh na bliana 2020 agus beidh cuid de na ceolt\u00f3ir\u00ed agus amhr\u00e1naithe traidisi\u00fanta mn\u00e1 is fearr sa t\u00edr p\u00e1irteach ann. Beidh go leor d&#8217;iarbhuaiteoir\u00ed gradaim Ghradam Ceoil TG4 i dteannta Moya Brennan, lena n-\u00e1ir\u00edtear Mary Bergin ar an bhfead\u00f3g, Laoise Kelly ar an gCruit, Josephine Marsh ar an mbosca ceoil agus Sharon Howley ar an dordveidhil; chomh maith le Cathy Jordan, Pauline Scanlon le Nicola Joyce agus Noriana Kennedy \u00f3 The Whileaways agus Sib\u00e9al, r\u00e9alta at\u00e1 ag teacht chun cinn agus a chan an p\u00edosa r\u00edth\u00e1bhachtach &#8216;Mise \u00c9ire&#8217; a bh\u00ed ina chuid l\u00e1rnach de chom\u00f3radh \u00c9ir\u00ed Amach 1916 in 2016. Beidh Caitl\u00edn Nic Gabhann ar an gconsairt\u00edn \u00ed f\u00e9in i measc na gceolt\u00f3ir\u00ed mn\u00e1.<br \/>\n&nbsp;<br \/>\nI bhfianaise Mainistir na Coille M\u00f3ire a bheith suite i nd\u00faiche gharbh Chonamara n\u00ed fh\u00e9adfa\u00ed \u00e1it n\u00edos fearr a fh\u00e1il chun Br\u00edd, an Bandia agus an Naomh a ceili\u00faradh. Teach gal\u00e1nta a bh\u00ed sa chaisle\u00e1n \u00f3n 19\u00fa haois tr\u00e1th sula deineadh tearmann as do ghr\u00fapa beag d&#8217;ord mn\u00e1 rialta agus iad ag \u00e9al\u00fa \u00f3 chruatan an chogaidh san Eoraip. Is ann a chuireann mn\u00e1 rialta de chuid ord na mBeinidicteach f\u00fathu f\u00f3s, tearmann agus ionad foghlamtha a dh\u00e9anann an ioma\u00ed gn\u00e9 de chult\u00far na h\u00c9ireann a choth\u00fa.<br \/>\n&nbsp;<br \/>\nIs \u00ed an t-amhr\u00e1na\u00ed agus an cruitire traidisi\u00fanta S\u00edle Denvir a chuirfidh Ceol \u00f3 Kylemore -Ceili\u00faradh na mBan i l\u00e1thair agus beidh p\u00edosa ceoil a coimisi\u00fana\u00edodh go speisialta \u00f3 Josephine Marsh ar an mbosca ceoil agus Liz agus Yvonne Kane ar na fidleacha mar chuid den chl\u00e1r agus cuirfidh p\u00edosa ceoil \u00f3 na ceolt\u00f3ir\u00ed iontacha ar fad clabhs\u00far leis an \u00f3c\u00e1id.<br \/>\n&nbsp;<br \/>\n<em>Bu\u00edochas ar leith le Tourism Ireland agus Ionad Domhanda Notre Dame i Mainistir na Coille M\u00f3ire.<\/em><br \/>\n&nbsp;<br \/>\n<strong>&#8216;Ceol \u00f3 Kylemore: Ceili\u00faradh na mBan&#8217;, 9.30pm D\u00e9 Domhnaigh an 31 Ean\u00e1ir 2021 ar TG4<\/strong><br \/>\n&nbsp;<br \/>\n&nbsp;<br \/>\n&nbsp;<\/p>\n","protected":false},"excerpt":{"rendered":"<p>&nbsp; Is i Mainistir mh\u00f3rthaibhseach na Coille M\u00f3ire a bheidh &#8216;Ceol \u00f3 Kylemore: Ceili\u00faradh na mBan&#8217; suite, arna l\u00e9iri\u00fa ag Red Shoe Production do TG4. &nbsp; &nbsp; Craolfar an cl\u00e1r an 31 Ean\u00e1ir, an o\u00edche roimh L\u00e1 Fh\u00e9ile Br\u00edde &#8211; agus go traidisi\u00fanta, is ar an l\u00e1 \u00fad a dh\u00e9antar deireadh an gheimhridh fhada dhorcha [&hellip;]<\/p>\n","protected":false},"author":876,"featured_media":0,"parent":115579,"menu_order":6,"comment_status":"closed","ping_status":"closed","template":"page-templates\/template-pr.php","meta":{"_acf_changed":false,"footnotes":""},"acf":[],"yoast_head":"<!-- This site is optimized with the Yoast SEO plugin v22.6 - https:\/\/yoast.com\/wordpress\/plugins\/seo\/ -->\n<title>Ceol \u00f3 Kylemore: Ceili\u00faradh na mBan | Preas R\u00e1iteas | TG4<\/title>\n<meta name=\"robots\" content=\"index, follow, max-snippet:-1, max-image-preview:large, max-video-preview:-1\" \/>\n<meta property=\"og:locale\" content=\"en_US\" \/>\n<meta property=\"og:type\" content=\"article\" \/>\n<meta property=\"og:title\" content=\"Ceol \u00f3 Kylemore: Ceili\u00faradh na mBan | Preas R\u00e1iteas | TG4\" \/>\n<meta property=\"og:description\" content=\"&nbsp; Is i Mainistir mh\u00f3rthaibhseach na Coille M\u00f3ire a bheidh &#8216;Ceol \u00f3 Kylemore: Ceili\u00faradh na mBan&#8217; suite, arna l\u00e9iri\u00fa ag Red Shoe Production do TG4. &nbsp; &nbsp; Craolfar an cl\u00e1r an 31 Ean\u00e1ir, an o\u00edche roimh L\u00e1 Fh\u00e9ile Br\u00edde &#8211; agus go traidisi\u00fanta, is ar an l\u00e1 \u00fad a dh\u00e9antar deireadh an gheimhridh fhada dhorcha [&hellip;]\" \/>\n<meta property=\"og:url\" content=\"https:\/\/dev.tg4.ie\/ga\/eolas\/preas\/nuacht-raitis\/2021-2\/ceol-o-kylemore-ceiliuradh-na-mban\/\" \/>\n<meta property=\"og:site_name\" content=\"TG4\" \/>\n<meta property=\"article:publisher\" content=\"https:\/\/www.facebook.com\/TG4TV\" \/>\n<meta property=\"og:image\" content=\"https:\/\/tg4-docs.s3.amazonaws.com\/tg4-redesign-2015\/wp-content\/uploads\/2021\/01\/Sile_Denvir_Kylemore_1_1920x1080.jpg\" \/>\n\t<meta property=\"og:image:width\" content=\"1920\" \/>\n\t<meta property=\"og:image:height\" content=\"1080\" \/>\n\t<meta property=\"og:image:type\" content=\"image\/jpeg\" \/>\n<meta name=\"twitter:card\" content=\"summary_large_image\" \/>\n<meta name=\"twitter:image\" content=\"https:\/\/tg4-docs.s3.amazonaws.com\/tg4-redesign-2015\/wp-content\/uploads\/2021\/01\/Sile_Denvir_Kylemore_1_1920x1080.jpg\" \/>\n<meta name=\"twitter:site\" content=\"@TG4TV\" \/>\n<meta name=\"twitter:label1\" content=\"Est. reading time\" \/>\n\t<meta name=\"twitter:data1\" content=\"2 minutes\" \/>\n<script type=\"application\/ld+json\" class=\"yoast-schema-graph\">{\"@context\":\"https:\/\/schema.org\",\"@graph\":[{\"@type\":\"WebPage\",\"@id\":\"https:\/\/dev.tg4.ie\/ga\/eolas\/preas\/nuacht-raitis\/2021-2\/ceol-o-kylemore-ceiliuradh-na-mban\/\",\"url\":\"https:\/\/dev.tg4.ie\/ga\/eolas\/preas\/nuacht-raitis\/2021-2\/ceol-o-kylemore-ceiliuradh-na-mban\/\",\"name\":\"Ceol \u00f3 Kylemore: Ceili\u00faradh na mBan | Preas R\u00e1iteas | TG4\",\"isPartOf\":{\"@id\":\"https:\/\/dev.tg4.ie\/en\/#website\"},\"primaryImageOfPage\":{\"@id\":\"https:\/\/dev.tg4.ie\/ga\/eolas\/preas\/nuacht-raitis\/2021-2\/ceol-o-kylemore-ceiliuradh-na-mban\/#primaryimage\"},\"image\":{\"@id\":\"https:\/\/dev.tg4.ie\/ga\/eolas\/preas\/nuacht-raitis\/2021-2\/ceol-o-kylemore-ceiliuradh-na-mban\/#primaryimage\"},\"thumbnailUrl\":\"https:\/\/dev.tg4.ie\/wp-content\/uploads\/2021\/01\/Sile_Denvir_Kylemore_1_1920x1080.jpg\",\"datePublished\":\"2021-01-21T11:23:51+00:00\",\"dateModified\":\"2021-01-21T11:23:51+00:00\",\"breadcrumb\":{\"@id\":\"https:\/\/dev.tg4.ie\/ga\/eolas\/preas\/nuacht-raitis\/2021-2\/ceol-o-kylemore-ceiliuradh-na-mban\/#breadcrumb\"},\"inLanguage\":\"ga\",\"potentialAction\":[{\"@type\":\"ReadAction\",\"target\":[\"https:\/\/dev.tg4.ie\/ga\/eolas\/preas\/nuacht-raitis\/2021-2\/ceol-o-kylemore-ceiliuradh-na-mban\/\"]}]},{\"@type\":\"ImageObject\",\"inLanguage\":\"ga\",\"@id\":\"https:\/\/dev.tg4.ie\/ga\/eolas\/preas\/nuacht-raitis\/2021-2\/ceol-o-kylemore-ceiliuradh-na-mban\/#primaryimage\",\"url\":\"https:\/\/dev.tg4.ie\/wp-content\/uploads\/2021\/01\/Sile_Denvir_Kylemore_1_1920x1080.jpg\",\"contentUrl\":\"https:\/\/dev.tg4.ie\/wp-content\/uploads\/2021\/01\/Sile_Denvir_Kylemore_1_1920x1080.jpg\"},{\"@type\":\"BreadcrumbList\",\"@id\":\"https:\/\/dev.tg4.ie\/ga\/eolas\/preas\/nuacht-raitis\/2021-2\/ceol-o-kylemore-ceiliuradh-na-mban\/#breadcrumb\",\"itemListElement\":[{\"@type\":\"ListItem\",\"position\":1,\"name\":\"Home\",\"item\":\"https:\/\/dev.tg4.ie\/ga\/\"},{\"@type\":\"ListItem\",\"position\":2,\"name\":\"Eolas\",\"item\":\"https:\/\/dev.tg4.ie\/ga\/eolas\/\"},{\"@type\":\"ListItem\",\"position\":3,\"name\":\"Preas\",\"item\":\"https:\/\/dev.tg4.ie\/ga\/eolas\/preas\/\"},{\"@type\":\"ListItem\",\"position\":4,\"name\":\"Nuacht R\u00e1itis\",\"item\":\"https:\/\/dev.tg4.ie\/ga\/eolas\/preas\/nuacht-raitis\/\"},{\"@type\":\"ListItem\",\"position\":5,\"name\":\"2021\",\"item\":\"https:\/\/dev.tg4.ie\/ga\/eolas\/preas\/nuacht-raitis\/2021-2\/\"},{\"@type\":\"ListItem\",\"position\":6,\"name\":\"Ceol \u00f3 Kylemore: Ceili\u00faradh na mBan\"}]},{\"@type\":\"WebSite\",\"@id\":\"https:\/\/dev.tg4.ie\/en\/#website\",\"url\":\"https:\/\/dev.tg4.ie\/en\/\",\"name\":\"TG4\",\"description\":\"S\u00fail Eile\",\"potentialAction\":[{\"@type\":\"SearchAction\",\"target\":{\"@type\":\"EntryPoint\",\"urlTemplate\":\"https:\/\/dev.tg4.ie\/en\/?s={search_term_string}\"},\"query-input\":\"required name=search_term_string\"}],\"inLanguage\":\"ga\"}]}<\/script>\n<!-- \/ Yoast SEO plugin. -->","yoast_head_json":{"title":"Ceol \u00f3 Kylemore: Ceili\u00faradh na mBan | Preas R\u00e1iteas | TG4","robots":{"index":"index","follow":"follow","max-snippet":"max-snippet:-1","max-image-preview":"max-image-preview:large","max-video-preview":"max-video-preview:-1"},"og_locale":"en_US","og_type":"article","og_title":"Ceol \u00f3 Kylemore: Ceili\u00faradh na mBan | Preas R\u00e1iteas | TG4","og_description":"&nbsp; Is i Mainistir mh\u00f3rthaibhseach na Coille M\u00f3ire a bheidh &#8216;Ceol \u00f3 Kylemore: Ceili\u00faradh na mBan&#8217; suite, arna l\u00e9iri\u00fa ag Red Shoe Production do TG4. &nbsp; &nbsp; Craolfar an cl\u00e1r an 31 Ean\u00e1ir, an o\u00edche roimh L\u00e1 Fh\u00e9ile Br\u00edde &#8211; agus go traidisi\u00fanta, is ar an l\u00e1 \u00fad a dh\u00e9antar deireadh an gheimhridh fhada dhorcha [&hellip;]","og_url":"https:\/\/dev.tg4.ie\/ga\/eolas\/preas\/nuacht-raitis\/2021-2\/ceol-o-kylemore-ceiliuradh-na-mban\/","og_site_name":"TG4","article_publisher":"https:\/\/www.facebook.com\/TG4TV","og_image":[{"width":1920,"height":1080,"url":"https:\/\/tg4-docs.s3.amazonaws.com\/tg4-redesign-2015\/wp-content\/uploads\/2021\/01\/Sile_Denvir_Kylemore_1_1920x1080.jpg","type":"image\/jpeg"}],"twitter_card":"summary_large_image","twitter_image":"https:\/\/tg4-docs.s3.amazonaws.com\/tg4-redesign-2015\/wp-content\/uploads\/2021\/01\/Sile_Denvir_Kylemore_1_1920x1080.jpg","twitter_site":"@TG4TV","twitter_misc":{"Est. reading time":"2 minutes"},"schema":{"@context":"https:\/\/schema.org","@graph":[{"@type":"WebPage","@id":"https:\/\/dev.tg4.ie\/ga\/eolas\/preas\/nuacht-raitis\/2021-2\/ceol-o-kylemore-ceiliuradh-na-mban\/","url":"https:\/\/dev.tg4.ie\/ga\/eolas\/preas\/nuacht-raitis\/2021-2\/ceol-o-kylemore-ceiliuradh-na-mban\/","name":"Ceol \u00f3 Kylemore: Ceili\u00faradh na mBan | Preas R\u00e1iteas | TG4","isPartOf":{"@id":"https:\/\/dev.tg4.ie\/en\/#website"},"primaryImageOfPage":{"@id":"https:\/\/dev.tg4.ie\/ga\/eolas\/preas\/nuacht-raitis\/2021-2\/ceol-o-kylemore-ceiliuradh-na-mban\/#primaryimage"},"image":{"@id":"https:\/\/dev.tg4.ie\/ga\/eolas\/preas\/nuacht-raitis\/2021-2\/ceol-o-kylemore-ceiliuradh-na-mban\/#primaryimage"},"thumbnailUrl":"https:\/\/dev.tg4.ie\/wp-content\/uploads\/2021\/01\/Sile_Denvir_Kylemore_1_1920x1080.jpg","datePublished":"2021-01-21T11:23:51+00:00","dateModified":"2021-01-21T11:23:51+00:00","breadcrumb":{"@id":"https:\/\/dev.tg4.ie\/ga\/eolas\/preas\/nuacht-raitis\/2021-2\/ceol-o-kylemore-ceiliuradh-na-mban\/#breadcrumb"},"inLanguage":"ga","potentialAction":[{"@type":"ReadAction","target":["https:\/\/dev.tg4.ie\/ga\/eolas\/preas\/nuacht-raitis\/2021-2\/ceol-o-kylemore-ceiliuradh-na-mban\/"]}]},{"@type":"ImageObject","inLanguage":"ga","@id":"https:\/\/dev.tg4.ie\/ga\/eolas\/preas\/nuacht-raitis\/2021-2\/ceol-o-kylemore-ceiliuradh-na-mban\/#primaryimage","url":"https:\/\/dev.tg4.ie\/wp-content\/uploads\/2021\/01\/Sile_Denvir_Kylemore_1_1920x1080.jpg","contentUrl":"https:\/\/dev.tg4.ie\/wp-content\/uploads\/2021\/01\/Sile_Denvir_Kylemore_1_1920x1080.jpg"},{"@type":"BreadcrumbList","@id":"https:\/\/dev.tg4.ie\/ga\/eolas\/preas\/nuacht-raitis\/2021-2\/ceol-o-kylemore-ceiliuradh-na-mban\/#breadcrumb","itemListElement":[{"@type":"ListItem","position":1,"name":"Home","item":"https:\/\/dev.tg4.ie\/ga\/"},{"@type":"ListItem","position":2,"name":"Eolas","item":"https:\/\/dev.tg4.ie\/ga\/eolas\/"},{"@type":"ListItem","position":3,"name":"Preas","item":"https:\/\/dev.tg4.ie\/ga\/eolas\/preas\/"},{"@type":"ListItem","position":4,"name":"Nuacht R\u00e1itis","item":"https:\/\/dev.tg4.ie\/ga\/eolas\/preas\/nuacht-raitis\/"},{"@type":"ListItem","position":5,"name":"2021","item":"https:\/\/dev.tg4.ie\/ga\/eolas\/preas\/nuacht-raitis\/2021-2\/"},{"@type":"ListItem","position":6,"name":"Ceol \u00f3 Kylemore: Ceili\u00faradh na mBan"}]},{"@type":"WebSite","@id":"https:\/\/dev.tg4.ie\/en\/#website","url":"https:\/\/dev.tg4.ie\/en\/","name":"TG4","description":"S\u00fail Eile","potentialAction":[{"@type":"SearchAction","target":{"@type":"EntryPoint","urlTemplate":"https:\/\/dev.tg4.ie\/en\/?s={search_term_string}"},"query-input":"required name=search_term_string"}],"inLanguage":"ga"}]}},"_links":{"self":[{"href":"https:\/\/dev.tg4.ie\/ga\/wp-json\/wp\/v2\/pages\/115745"}],"collection":[{"href":"https:\/\/dev.tg4.ie\/ga\/wp-json\/wp\/v2\/pages"}],"about":[{"href":"https:\/\/dev.tg4.ie\/ga\/wp-json\/wp\/v2\/types\/page"}],"author":[{"embeddable":true,"href":"https:\/\/dev.tg4.ie\/ga\/wp-json\/wp\/v2\/users\/876"}],"replies":[{"embeddable":true,"href":"https:\/\/dev.tg4.ie\/ga\/wp-json\/wp\/v2\/comments?post=115745"}],"version-history":[{"count":0,"href":"https:\/\/dev.tg4.ie\/ga\/wp-json\/wp\/v2\/pages\/115745\/revisions"}],"up":[{"embeddable":true,"href":"https:\/\/dev.tg4.ie\/ga\/wp-json\/wp\/v2\/pages\/115579"}],"wp:attachment":[{"href":"https:\/\/dev.tg4.ie\/ga\/wp-json\/wp\/v2\/media?parent=115745"}],"curies":[{"name":"wp","href":"https:\/\/api.w.org\/{rel}","templated":true}]}}