{"id":115768,"date":"2021-01-22T14:47:52","date_gmt":"2021-01-22T14:47:52","guid":{"rendered":"https:\/\/dev.tg4.ie\/?page_id=115768"},"modified":"2021-01-22T14:47:52","modified_gmt":"2021-01-22T14:47:52","slug":"sraith-pheil-astralach-na-mban-aflw-le-craoladh-ar-tg4","status":"publish","type":"page","link":"https:\/\/dev.tg4.ie\/ga\/eolas\/preas\/nuacht-raitis\/2021-2\/sraith-pheil-astralach-na-mban-aflw-le-craoladh-ar-tg4\/","title":{"rendered":"Sraith Pheil Astr\u00e1lach na mBan (AFLW) le craoladh ar TG4"},"content":{"rendered":"<p><a href=\"https:\/\/tg4-docs.s3.amazonaws.com\/tg4-redesign-2015\/wp-content\/uploads\/2021\/01\/Sinead_Goldrick-AFL-1920x1080-1.jpg\"><img loading=\"lazy\" decoding=\"async\" width=\"1920\" height=\"1080\" src=\"https:\/\/tg4-docs.s3.amazonaws.com\/tg4-redesign-2015\/wp-content\/uploads\/2021\/01\/Sinead_Goldrick-AFL-1920x1080-1.jpg\" alt=\"\" class=\"aligncenter size-full wp-image-115769\" srcset=\"https:\/\/tg4-docs.s3.amazonaws.com\/tg4-redesign-2015\/wp-content\/uploads\/2021\/01\/Sinead_Goldrick-AFL-1920x1080-1.jpg 1920w, https:\/\/tg4-docs.s3.amazonaws.com\/tg4-redesign-2015\/wp-content\/uploads\/2021\/01\/Sinead_Goldrick-AFL-1920x1080-1-250x141.jpg 250w, https:\/\/tg4-docs.s3.amazonaws.com\/tg4-redesign-2015\/wp-content\/uploads\/2021\/01\/Sinead_Goldrick-AFL-1920x1080-1-700x394.jpg 700w, https:\/\/tg4-docs.s3.amazonaws.com\/tg4-redesign-2015\/wp-content\/uploads\/2021\/01\/Sinead_Goldrick-AFL-1920x1080-1-252x141.jpg 252w, https:\/\/tg4-docs.s3.amazonaws.com\/tg4-redesign-2015\/wp-content\/uploads\/2021\/01\/Sinead_Goldrick-AFL-1920x1080-1-1536x864.jpg 1536w, https:\/\/tg4-docs.s3.amazonaws.com\/tg4-redesign-2015\/wp-content\/uploads\/2021\/01\/Sinead_Goldrick-AFL-1920x1080-1-120x68.jpg 120w\" sizes=\"(max-width: 1920px) 100vw, 1920px\" \/><\/a><br \/>\n&nbsp;<br \/>\nT\u00e1 s\u00e9 f\u00f3gartha ag TG4 go gcraolfaidh an st\u00e1isi\u00fan cluich\u00ed agus buaicphoint\u00ed \u00f3n gc\u00e9ad s\u00e9as\u00far eile de Shraith Pheil Astr\u00e1lach na mBan (AFLW) go seachtaini\u00fail.<br \/>\n&nbsp;<br \/>\nCuirfear t\u00fas le s\u00e9as\u00far nua Shraith Pheil Astr\u00e1lach na mBan an deireadh seachtaine deiridh de mh\u00ed Ean\u00e1ir agus tabharfaidh 14 fhoireann aghaidh ar a ch\u00e9ile ar feadh dh\u00e1 dheireadh seachtaine d\u00e9ag agus d\u00edocas orthu \u00e1it a bhaint amach sa gCluiche Ceannais i m\u00ed Aibre\u00e1in.<br \/>\n&nbsp;<br \/>\nFaoin gconradh at\u00e1 idir TG4 agus an tSraith Peile Astr\u00e1la\u00ed (AFL) craolfar cluich\u00ed iarbheo gach deireadh seachtaine chomh maith le buaicphoint\u00ed seachtaini\u00fala. Cuirfear t\u00fas leis an gcl\u00fadach ar TG4 D\u00e9 Sathairn an 30 Ean\u00e1ir ag 5.10pm (t\u00e1 sceideal ioml\u00e1n mh\u00ed Feabhra th\u00edos).<br \/>\n&nbsp;<br \/>\nBeidh ceithre imreoir d\u00e9ag de chuid na h\u00c9ireann ag imirt i s\u00e9as\u00far NAB AFL na mBan an s\u00e9as\u00far seo.<br \/>\n&nbsp;<br \/>\nIs \u00e9 AFL na mBan (AFLW) sraith Peile Rialacha na hAstr\u00e1ile n\u00e1isi\u00fanta leathghairmi\u00fail d&#8217;imreoir\u00ed mn\u00e1.  8 gcinn d&#8217;fhoirne a d&#8217;imir i gc\u00e9ad s\u00e9as\u00far na sraithe sa bhliain 2017; 10 gcinn d&#8217;fhoirne a bh\u00ed p\u00e1irteach i s\u00e9as\u00far 2019 agus is 14 fhoireann a bh\u00ed p\u00e1irteach i s\u00e9as\u00far 2020. An tSraith Peile Astr\u00e1la\u00ed (AFL) at\u00e1 i mbun na sraithe agus b\u00edonn fo-thacar de chumainn san ioma\u00edocht sa chom\u00f3rtas sin.<br \/>\n&nbsp;<br \/>\nD\u00fairt Ceann Pheil na mBan AFL Nicole Livingstone go raibh \u00e1thas uirthi faoin bhf\u00f3gra agus go bhfuil s\u00ed ag s\u00fail go m\u00f3r le craoladh Chom\u00f3rtas NAB AFL na mBan in \u00c9irinn. <em>&#8220;T\u00e1imid m\u00f3rtasach as craoladh an AFLW a leathn\u00fa go h\u00c9irinn agus is f\u00f3gra suntasach \u00e9 do Pheil na hAstr\u00e1ile go h\u00e1irithe mar gheall ar an tionchar at\u00e1 ag peilead\u00f3ir\u00ed na h\u00c9ireann ar Chom\u00f3rtas NAB ALF na mBan,&#8221;<\/em> a d\u00fairt s\u00ed. <em>&#8220;T\u00e1 14 imreoir de chuid na h\u00c9ireann ar liosta\u00ed AFLW faoi l\u00e1thair agus is iontach an sc\u00e9al \u00e9 go mbeidh a dteaghlaigh agus a gcairde in ann a bheith ag breathn\u00fa orthu i mbun imeartha an s\u00e9as\u00far seo.&#8221;<\/em><br \/>\n&nbsp;<br \/>\nD\u00fairt Ceannasa\u00ed Sp\u00f3irt TG4 R\u00f3n\u00e1n \u00d3 Coistealbha: <em>&#8220;T\u00e1imid thar a bheith s\u00e1sta go bhfuil margadh comhaontaithe ag TG4 leis an tSraith Peile Astr\u00e1la\u00ed (AFL) chun cluich\u00ed a chraoladh \u00f3 ALF NAB na mBan. T\u00e1 go leor imreoir\u00ed as \u00c9irinn ag imirt in AFL na mBan agus t\u00e1 sp\u00e9is ollmh\u00f3r d\u00e1 r\u00e9ir sna cluich\u00ed. Ba mhaith linn \u00e1r mbu\u00edochas a chur in i\u00fal do AFL na mBan as an deis a thabhairt d\u00fainn le hard\u00e1n a thabhairt don sp\u00f3rt seo in \u00c9irinn.&#8221;<\/em><br \/>\n&nbsp;<\/p>\n<p><em>Is iad seo a leanas an ceithre imreoir d\u00e9ag de chuid na h\u00c9ireann at\u00e1 deimhnithe do sh\u00e9as\u00far 2021:<\/em><br \/>\nSarah Rowe (Collingwood \/ Maigh Eo)<\/p>\n<p>Cora Staunton (GWS Giants \/ Maigh Eo)<\/p>\n<p>Aileen Gilroy (North Melbourne \/ Maigh Eo)<\/p>\n<p>Grace Kelly (West Coast Eagles \/ Maigh Eo)<\/p>\n<p>Niamh Kelly (West Coast Eagles \/ Maigh Eo)<\/p>\n<p>Sin\u00e9ad Goldrick (Melbourne FC \/ Baile \u00c1tha Cliath)<\/p>\n<p>Niamh McEvoy (Melbourne FC \/ Baile \u00c1tha Cliath)<\/p>\n<p>Lauren Magee (Melbourne FC \/ Baile \u00c1tha Cliath)<\/p>\n<p>Aisling McCarthy (West Coast Eagles \/ Tiobraid \u00c1rann)<\/p>\n<p>Orla O&#8217;Dwyer (Brisbane Lions \/ Tiobraid \u00c1rann)<\/p>\n<p>Ailish Considine (Adelaide Crows \/ An Cl\u00e1r)<\/p>\n<p>\u00c1ine Tighe (Fremantle Dockers \/ Liatroim)<\/p>\n<p>Br\u00edd Stack (GWS Giants \/ Corcaigh)<\/p>\n<p>Aishling Sheridan (Collingwood \/ An Cabh\u00e1n)<br \/>\n&nbsp;<br \/>\n&nbsp;<\/p>\n<p>D\u00c1TA\u00cd SH\u00c9AS\u00daR NAB AFL NA mBAN:<\/p>\n<p>Babhta 1  &#8211;  Deireadh Seachtaine an 28 \/ 29 \/ 30 \/ 31 Ean\u00e1ir<\/p>\n<p>Babhta 2  &#8211; Deireadh Seachtaine an 5 \/ 6 \/ 7 Feabhra<\/p>\n<p>Babhta 3  &#8211; Deireadh Seachtaine an 12 \/ 13 \/ 14 Feabhra<\/p>\n<p>Babhta 4  &#8211;  Deireadh Seachtaine an 19 \/ 20 \/ 21 \/ 31 Feabhra<\/p>\n<p>Babhta 5  &#8211; Deireadh Seachtaine an 26 \/ 27 \/ 28 Feabhra<\/p>\n<p>Babhta 6  &#8211;  Deireadh Seachtaine an 5 \/ 6 \/ 7 M\u00e1rta<\/p>\n<p>Babhta 7  &#8211;  Deireadh Seachtaine an 12 \/ 13 \/ 14 M\u00e1rta<\/p>\n<p>Babhta 8  &#8211;  Deireadh Seachtaine an 19 \/ 20 \/ 21 M\u00e1rta<\/p>\n<p>Babhta 9  &#8211;  Deireadh Seachtaine an 26 \/ 27 \/ 28 M\u00e1rta<br \/>\n&nbsp;<\/p>\n<p>Sraith na mBabhta\u00ed Ceannais \/ Cluich\u00ed Ceannais D\u00edch\u00e1ili\u00fach\u00e1in  &#8211;  Deireadh Seachtaine an 4 Aibre\u00e1n  (3\u00fa h\u00e1it v 6\u00fa h\u00e1it &#038; 4\u00fa h\u00e1it v 5\u00fa h\u00e1it)<br \/>\n&nbsp;<br \/>\nSraith na mBabhta\u00ed Ceannais \/ na R\u00e9amhbhabhta\u00ed Ceannais &#8211; Deireadh seachtaine an 10 Aibre\u00e1n (Cluich\u00ed Leathcheannais, Tabharfaidh buaiteoir an chluiche idir an 3\u00fa agus an 6\u00fa h\u00e1it aghaidh ar an bhfoireann a th\u00e1inig sa 2\u00fa h\u00e1it, tabharfaidh buaiteoir an chluiche idir an 4\u00fa agus 5\u00fa h\u00e1it aghaidh ar an bhfoireann a th\u00e1inig sa 1\u00fa h\u00e1it)<br \/>\n&nbsp;<br \/>\nCLUICHE CEANNAIS  &#8211;  D\u00e9 Sathairn an 17 Aibre\u00e1n<br \/>\n&nbsp;<br \/>\n<strong>Cl\u00fadach TG4<\/strong><br \/>\nD\u00e9 Sathairn an 30 Ean\u00e1ir     5.10pm &#8211; craoladh ioml\u00e1n iarbheo ar chluiche den scoth \u00f3n 1\u00fa babhta.<br \/>\nD\u00e9 Luain an 1 Feabhra       8pm &#8211; buaicphoint\u00ed \u00f3 chluich\u00ed an 1\u00fa babhta ag an deireadh seachtaine.<\/p>\n<p>D\u00e9 Sathairn an 6 Feabhra     5.10pm &#8211; craoladh ioml\u00e1n iarbheo ar chluiche den scoth \u00f3n 2\u00fa babhta.<br \/>\nD\u00e9 Luain an 8 Feabhra       8pm &#8211; buaicphoint\u00ed \u00f3 chluich\u00ed an 2\u00fa babhta ag an deireadh seachtaine.<\/p>\n<p>D\u00e9 Sathairn an 13 Feabhra     5.10pm &#8211; craoladh ioml\u00e1n iarbheo ar chluiche den scoth \u00f3n 3\u00fa babhta.<br \/>\nD\u00e9 Luain an 15 Feabhra       8pm &#8211; buaicphoint\u00ed \u00f3 chluich\u00ed an 3\u00fa babhta ag an deireadh seachtaine.<\/p>\n<p>D\u00e9 Sathairn an 20 Feabhra     5.10pm &#8211; craoladh ioml\u00e1n iarbheo ar chluiche den scoth \u00f3n 4\u00fa babhta.<br \/>\nD\u00e9 Luain an 22 Feabhra       8pm &#8211; buaicphoint\u00ed \u00f3 chluich\u00ed an 4\u00fa babhta ag an deireadh seachtaine.<\/p>\n<p>D\u00e9 Sathairn an 27 Feabhra     5.10pm &#8211; craoladh ioml\u00e1n iarbheo ar chluiche den scoth \u00f3n 5\u00fa babhta.<br \/>\n&nbsp;<\/p>\n<p><strong>Is f\u00e9idir tuilleadh eolais a fh\u00e1il anseo:<\/strong><br \/>\nLiosta de na cluich\u00ed:  <a href=\"https:\/\/womens.afl\/matches\/2021\" rel=\"noopener\" target=\"_blank\">https:\/\/womens.afl\/matches\/2021<\/a><br \/>\n<a href=\"https:\/\/womens.afl\/discover\/aflw\/the-game\" rel=\"noopener\" target=\"_blank\">https:\/\/womens.afl\/discover\/aflw\/the-game  <\/a><br \/>\n&nbsp;<br \/>\n&nbsp;<br \/>\n&nbsp;<\/p>\n","protected":false},"excerpt":{"rendered":"<p>&nbsp; T\u00e1 s\u00e9 f\u00f3gartha ag TG4 go gcraolfaidh an st\u00e1isi\u00fan cluich\u00ed agus buaicphoint\u00ed \u00f3n gc\u00e9ad s\u00e9as\u00far eile de Shraith Pheil Astr\u00e1lach na mBan (AFLW) go seachtaini\u00fail. &nbsp; Cuirfear t\u00fas le s\u00e9as\u00far nua Shraith Pheil Astr\u00e1lach na mBan an deireadh seachtaine deiridh de mh\u00ed Ean\u00e1ir agus tabharfaidh 14 fhoireann aghaidh ar a ch\u00e9ile ar feadh dh\u00e1 [&hellip;]<\/p>\n","protected":false},"author":876,"featured_media":0,"parent":115579,"menu_order":7,"comment_status":"closed","ping_status":"closed","template":"page-templates\/template-pr.php","meta":{"_acf_changed":false,"footnotes":""},"acf":[],"yoast_head":"<!-- This site is optimized with the Yoast SEO plugin v22.6 - https:\/\/yoast.com\/wordpress\/plugins\/seo\/ -->\n<title>Sraith Pheil Astr\u00e1lach na mBan (AFLW) le craoladh ar TG4 | Preas R\u00e1iteas | TG4<\/title>\n<meta name=\"robots\" content=\"index, follow, max-snippet:-1, max-image-preview:large, max-video-preview:-1\" \/>\n<meta property=\"og:locale\" content=\"en_US\" \/>\n<meta property=\"og:type\" content=\"article\" \/>\n<meta property=\"og:title\" content=\"Sraith Pheil Astr\u00e1lach na mBan (AFLW) le craoladh ar TG4 | Preas R\u00e1iteas | TG4\" \/>\n<meta property=\"og:description\" content=\"&nbsp; T\u00e1 s\u00e9 f\u00f3gartha ag TG4 go gcraolfaidh an st\u00e1isi\u00fan cluich\u00ed agus buaicphoint\u00ed \u00f3n gc\u00e9ad s\u00e9as\u00far eile de Shraith Pheil Astr\u00e1lach na mBan (AFLW) go seachtaini\u00fail. &nbsp; Cuirfear t\u00fas le s\u00e9as\u00far nua Shraith Pheil Astr\u00e1lach na mBan an deireadh seachtaine deiridh de mh\u00ed Ean\u00e1ir agus tabharfaidh 14 fhoireann aghaidh ar a ch\u00e9ile ar feadh dh\u00e1 [&hellip;]\" \/>\n<meta property=\"og:url\" content=\"https:\/\/dev.tg4.ie\/ga\/eolas\/preas\/nuacht-raitis\/2021-2\/sraith-pheil-astralach-na-mban-aflw-le-craoladh-ar-tg4\/\" \/>\n<meta property=\"og:site_name\" content=\"TG4\" \/>\n<meta property=\"article:publisher\" content=\"https:\/\/www.facebook.com\/TG4TV\" \/>\n<meta property=\"og:image\" content=\"https:\/\/tg4-docs.s3.amazonaws.com\/tg4-redesign-2015\/wp-content\/uploads\/2021\/01\/Sinead_Goldrick-AFL-1920x1080-1.jpg\" \/>\n\t<meta property=\"og:image:width\" content=\"1920\" \/>\n\t<meta property=\"og:image:height\" content=\"1080\" \/>\n\t<meta property=\"og:image:type\" content=\"image\/jpeg\" \/>\n<meta name=\"twitter:card\" content=\"summary_large_image\" \/>\n<meta name=\"twitter:image\" content=\"https:\/\/tg4-docs.s3.amazonaws.com\/tg4-redesign-2015\/wp-content\/uploads\/2021\/01\/Sinead_Goldrick-AFL-1920x1080-1.jpg\" \/>\n<meta name=\"twitter:site\" content=\"@TG4TV\" \/>\n<meta name=\"twitter:label1\" content=\"Est. reading time\" \/>\n\t<meta name=\"twitter:data1\" content=\"5 minutes\" \/>\n<script type=\"application\/ld+json\" class=\"yoast-schema-graph\">{\"@context\":\"https:\/\/schema.org\",\"@graph\":[{\"@type\":\"WebPage\",\"@id\":\"https:\/\/dev.tg4.ie\/ga\/eolas\/preas\/nuacht-raitis\/2021-2\/sraith-pheil-astralach-na-mban-aflw-le-craoladh-ar-tg4\/\",\"url\":\"https:\/\/dev.tg4.ie\/ga\/eolas\/preas\/nuacht-raitis\/2021-2\/sraith-pheil-astralach-na-mban-aflw-le-craoladh-ar-tg4\/\",\"name\":\"Sraith Pheil Astr\u00e1lach na mBan (AFLW) le craoladh ar TG4 | Preas R\u00e1iteas | TG4\",\"isPartOf\":{\"@id\":\"https:\/\/dev.tg4.ie\/en\/#website\"},\"primaryImageOfPage\":{\"@id\":\"https:\/\/dev.tg4.ie\/ga\/eolas\/preas\/nuacht-raitis\/2021-2\/sraith-pheil-astralach-na-mban-aflw-le-craoladh-ar-tg4\/#primaryimage\"},\"image\":{\"@id\":\"https:\/\/dev.tg4.ie\/ga\/eolas\/preas\/nuacht-raitis\/2021-2\/sraith-pheil-astralach-na-mban-aflw-le-craoladh-ar-tg4\/#primaryimage\"},\"thumbnailUrl\":\"https:\/\/dev.tg4.ie\/wp-content\/uploads\/2021\/01\/Sinead_Goldrick-AFL-1920x1080-1.jpg\",\"datePublished\":\"2021-01-22T14:47:52+00:00\",\"dateModified\":\"2021-01-22T14:47:52+00:00\",\"breadcrumb\":{\"@id\":\"https:\/\/dev.tg4.ie\/ga\/eolas\/preas\/nuacht-raitis\/2021-2\/sraith-pheil-astralach-na-mban-aflw-le-craoladh-ar-tg4\/#breadcrumb\"},\"inLanguage\":\"ga\",\"potentialAction\":[{\"@type\":\"ReadAction\",\"target\":[\"https:\/\/dev.tg4.ie\/ga\/eolas\/preas\/nuacht-raitis\/2021-2\/sraith-pheil-astralach-na-mban-aflw-le-craoladh-ar-tg4\/\"]}]},{\"@type\":\"ImageObject\",\"inLanguage\":\"ga\",\"@id\":\"https:\/\/dev.tg4.ie\/ga\/eolas\/preas\/nuacht-raitis\/2021-2\/sraith-pheil-astralach-na-mban-aflw-le-craoladh-ar-tg4\/#primaryimage\",\"url\":\"https:\/\/dev.tg4.ie\/wp-content\/uploads\/2021\/01\/Sinead_Goldrick-AFL-1920x1080-1.jpg\",\"contentUrl\":\"https:\/\/dev.tg4.ie\/wp-content\/uploads\/2021\/01\/Sinead_Goldrick-AFL-1920x1080-1.jpg\"},{\"@type\":\"BreadcrumbList\",\"@id\":\"https:\/\/dev.tg4.ie\/ga\/eolas\/preas\/nuacht-raitis\/2021-2\/sraith-pheil-astralach-na-mban-aflw-le-craoladh-ar-tg4\/#breadcrumb\",\"itemListElement\":[{\"@type\":\"ListItem\",\"position\":1,\"name\":\"Home\",\"item\":\"https:\/\/dev.tg4.ie\/ga\/\"},{\"@type\":\"ListItem\",\"position\":2,\"name\":\"Eolas\",\"item\":\"https:\/\/dev.tg4.ie\/ga\/eolas\/\"},{\"@type\":\"ListItem\",\"position\":3,\"name\":\"Preas\",\"item\":\"https:\/\/dev.tg4.ie\/ga\/eolas\/preas\/\"},{\"@type\":\"ListItem\",\"position\":4,\"name\":\"Nuacht R\u00e1itis\",\"item\":\"https:\/\/dev.tg4.ie\/ga\/eolas\/preas\/nuacht-raitis\/\"},{\"@type\":\"ListItem\",\"position\":5,\"name\":\"2021\",\"item\":\"https:\/\/dev.tg4.ie\/ga\/eolas\/preas\/nuacht-raitis\/2021-2\/\"},{\"@type\":\"ListItem\",\"position\":6,\"name\":\"Sraith Pheil Astr\u00e1lach na mBan (AFLW) le craoladh ar TG4\"}]},{\"@type\":\"WebSite\",\"@id\":\"https:\/\/dev.tg4.ie\/en\/#website\",\"url\":\"https:\/\/dev.tg4.ie\/en\/\",\"name\":\"TG4\",\"description\":\"S\u00fail Eile\",\"potentialAction\":[{\"@type\":\"SearchAction\",\"target\":{\"@type\":\"EntryPoint\",\"urlTemplate\":\"https:\/\/dev.tg4.ie\/en\/?s={search_term_string}\"},\"query-input\":\"required name=search_term_string\"}],\"inLanguage\":\"ga\"}]}<\/script>\n<!-- \/ Yoast SEO plugin. -->","yoast_head_json":{"title":"Sraith Pheil Astr\u00e1lach na mBan (AFLW) le craoladh ar TG4 | Preas R\u00e1iteas | TG4","robots":{"index":"index","follow":"follow","max-snippet":"max-snippet:-1","max-image-preview":"max-image-preview:large","max-video-preview":"max-video-preview:-1"},"og_locale":"en_US","og_type":"article","og_title":"Sraith Pheil Astr\u00e1lach na mBan (AFLW) le craoladh ar TG4 | Preas R\u00e1iteas | TG4","og_description":"&nbsp; T\u00e1 s\u00e9 f\u00f3gartha ag TG4 go gcraolfaidh an st\u00e1isi\u00fan cluich\u00ed agus buaicphoint\u00ed \u00f3n gc\u00e9ad s\u00e9as\u00far eile de Shraith Pheil Astr\u00e1lach na mBan (AFLW) go seachtaini\u00fail. &nbsp; Cuirfear t\u00fas le s\u00e9as\u00far nua Shraith Pheil Astr\u00e1lach na mBan an deireadh seachtaine deiridh de mh\u00ed Ean\u00e1ir agus tabharfaidh 14 fhoireann aghaidh ar a ch\u00e9ile ar feadh dh\u00e1 [&hellip;]","og_url":"https:\/\/dev.tg4.ie\/ga\/eolas\/preas\/nuacht-raitis\/2021-2\/sraith-pheil-astralach-na-mban-aflw-le-craoladh-ar-tg4\/","og_site_name":"TG4","article_publisher":"https:\/\/www.facebook.com\/TG4TV","og_image":[{"width":1920,"height":1080,"url":"https:\/\/tg4-docs.s3.amazonaws.com\/tg4-redesign-2015\/wp-content\/uploads\/2021\/01\/Sinead_Goldrick-AFL-1920x1080-1.jpg","type":"image\/jpeg"}],"twitter_card":"summary_large_image","twitter_image":"https:\/\/tg4-docs.s3.amazonaws.com\/tg4-redesign-2015\/wp-content\/uploads\/2021\/01\/Sinead_Goldrick-AFL-1920x1080-1.jpg","twitter_site":"@TG4TV","twitter_misc":{"Est. reading time":"5 minutes"},"schema":{"@context":"https:\/\/schema.org","@graph":[{"@type":"WebPage","@id":"https:\/\/dev.tg4.ie\/ga\/eolas\/preas\/nuacht-raitis\/2021-2\/sraith-pheil-astralach-na-mban-aflw-le-craoladh-ar-tg4\/","url":"https:\/\/dev.tg4.ie\/ga\/eolas\/preas\/nuacht-raitis\/2021-2\/sraith-pheil-astralach-na-mban-aflw-le-craoladh-ar-tg4\/","name":"Sraith Pheil Astr\u00e1lach na mBan (AFLW) le craoladh ar TG4 | Preas R\u00e1iteas | TG4","isPartOf":{"@id":"https:\/\/dev.tg4.ie\/en\/#website"},"primaryImageOfPage":{"@id":"https:\/\/dev.tg4.ie\/ga\/eolas\/preas\/nuacht-raitis\/2021-2\/sraith-pheil-astralach-na-mban-aflw-le-craoladh-ar-tg4\/#primaryimage"},"image":{"@id":"https:\/\/dev.tg4.ie\/ga\/eolas\/preas\/nuacht-raitis\/2021-2\/sraith-pheil-astralach-na-mban-aflw-le-craoladh-ar-tg4\/#primaryimage"},"thumbnailUrl":"https:\/\/dev.tg4.ie\/wp-content\/uploads\/2021\/01\/Sinead_Goldrick-AFL-1920x1080-1.jpg","datePublished":"2021-01-22T14:47:52+00:00","dateModified":"2021-01-22T14:47:52+00:00","breadcrumb":{"@id":"https:\/\/dev.tg4.ie\/ga\/eolas\/preas\/nuacht-raitis\/2021-2\/sraith-pheil-astralach-na-mban-aflw-le-craoladh-ar-tg4\/#breadcrumb"},"inLanguage":"ga","potentialAction":[{"@type":"ReadAction","target":["https:\/\/dev.tg4.ie\/ga\/eolas\/preas\/nuacht-raitis\/2021-2\/sraith-pheil-astralach-na-mban-aflw-le-craoladh-ar-tg4\/"]}]},{"@type":"ImageObject","inLanguage":"ga","@id":"https:\/\/dev.tg4.ie\/ga\/eolas\/preas\/nuacht-raitis\/2021-2\/sraith-pheil-astralach-na-mban-aflw-le-craoladh-ar-tg4\/#primaryimage","url":"https:\/\/dev.tg4.ie\/wp-content\/uploads\/2021\/01\/Sinead_Goldrick-AFL-1920x1080-1.jpg","contentUrl":"https:\/\/dev.tg4.ie\/wp-content\/uploads\/2021\/01\/Sinead_Goldrick-AFL-1920x1080-1.jpg"},{"@type":"BreadcrumbList","@id":"https:\/\/dev.tg4.ie\/ga\/eolas\/preas\/nuacht-raitis\/2021-2\/sraith-pheil-astralach-na-mban-aflw-le-craoladh-ar-tg4\/#breadcrumb","itemListElement":[{"@type":"ListItem","position":1,"name":"Home","item":"https:\/\/dev.tg4.ie\/ga\/"},{"@type":"ListItem","position":2,"name":"Eolas","item":"https:\/\/dev.tg4.ie\/ga\/eolas\/"},{"@type":"ListItem","position":3,"name":"Preas","item":"https:\/\/dev.tg4.ie\/ga\/eolas\/preas\/"},{"@type":"ListItem","position":4,"name":"Nuacht R\u00e1itis","item":"https:\/\/dev.tg4.ie\/ga\/eolas\/preas\/nuacht-raitis\/"},{"@type":"ListItem","position":5,"name":"2021","item":"https:\/\/dev.tg4.ie\/ga\/eolas\/preas\/nuacht-raitis\/2021-2\/"},{"@type":"ListItem","position":6,"name":"Sraith Pheil Astr\u00e1lach na mBan (AFLW) le craoladh ar TG4"}]},{"@type":"WebSite","@id":"https:\/\/dev.tg4.ie\/en\/#website","url":"https:\/\/dev.tg4.ie\/en\/","name":"TG4","description":"S\u00fail Eile","potentialAction":[{"@type":"SearchAction","target":{"@type":"EntryPoint","urlTemplate":"https:\/\/dev.tg4.ie\/en\/?s={search_term_string}"},"query-input":"required name=search_term_string"}],"inLanguage":"ga"}]}},"_links":{"self":[{"href":"https:\/\/dev.tg4.ie\/ga\/wp-json\/wp\/v2\/pages\/115768"}],"collection":[{"href":"https:\/\/dev.tg4.ie\/ga\/wp-json\/wp\/v2\/pages"}],"about":[{"href":"https:\/\/dev.tg4.ie\/ga\/wp-json\/wp\/v2\/types\/page"}],"author":[{"embeddable":true,"href":"https:\/\/dev.tg4.ie\/ga\/wp-json\/wp\/v2\/users\/876"}],"replies":[{"embeddable":true,"href":"https:\/\/dev.tg4.ie\/ga\/wp-json\/wp\/v2\/comments?post=115768"}],"version-history":[{"count":0,"href":"https:\/\/dev.tg4.ie\/ga\/wp-json\/wp\/v2\/pages\/115768\/revisions"}],"up":[{"embeddable":true,"href":"https:\/\/dev.tg4.ie\/ga\/wp-json\/wp\/v2\/pages\/115579"}],"wp:attachment":[{"href":"https:\/\/dev.tg4.ie\/ga\/wp-json\/wp\/v2\/media?parent=115768"}],"curies":[{"name":"wp","href":"https:\/\/api.w.org\/{rel}","templated":true}]}}