{"id":115804,"date":"2021-01-25T15:40:15","date_gmt":"2021-01-25T15:40:15","guid":{"rendered":"https:\/\/dev.tg4.ie\/?page_id=115804"},"modified":"2021-01-25T18:41:14","modified_gmt":"2021-01-25T18:41:14","slug":"cursa-san-iriseoireacht-do-dhaltai-idirbhliana-le-reachtail-ag-oe-gaillimh-nuacht-rte-agus-tg4","status":"publish","type":"page","link":"https:\/\/dev.tg4.ie\/ga\/eolas\/preas\/nuacht-raitis\/2021-2\/cursa-san-iriseoireacht-do-dhaltai-idirbhliana-le-reachtail-ag-oe-gaillimh-nuacht-rte-agus-tg4\/","title":{"rendered":"C\u00farsa san iriseoireacht do dhalta\u00ed Idirbhliana le re\u00e1cht\u00e1il ag O\u00c9 Gaillimh, Nuacht RT\u00c9 agus TG4"},"content":{"rendered":"<p><a href=\"https:\/\/tg4-docs.s3.amazonaws.com\/tg4-redesign-2015\/wp-content\/uploads\/2021\/01\/IALA_2021-2_169_Bravo_1920x1080.jpg\"><img loading=\"lazy\" decoding=\"async\" width=\"1920\" height=\"1080\" src=\"https:\/\/tg4-docs.s3.amazonaws.com\/tg4-redesign-2015\/wp-content\/uploads\/2021\/01\/IALA_2021-2_169_Bravo_1920x1080.jpg\" alt=\"\" class=\"aligncenter size-full wp-image-115817\" srcset=\"https:\/\/tg4-docs.s3.amazonaws.com\/tg4-redesign-2015\/wp-content\/uploads\/2021\/01\/IALA_2021-2_169_Bravo_1920x1080.jpg 1920w, https:\/\/tg4-docs.s3.amazonaws.com\/tg4-redesign-2015\/wp-content\/uploads\/2021\/01\/IALA_2021-2_169_Bravo_1920x1080-250x141.jpg 250w, https:\/\/tg4-docs.s3.amazonaws.com\/tg4-redesign-2015\/wp-content\/uploads\/2021\/01\/IALA_2021-2_169_Bravo_1920x1080-700x394.jpg 700w, https:\/\/tg4-docs.s3.amazonaws.com\/tg4-redesign-2015\/wp-content\/uploads\/2021\/01\/IALA_2021-2_169_Bravo_1920x1080-252x141.jpg 252w, https:\/\/tg4-docs.s3.amazonaws.com\/tg4-redesign-2015\/wp-content\/uploads\/2021\/01\/IALA_2021-2_169_Bravo_1920x1080-1536x864.jpg 1536w, https:\/\/tg4-docs.s3.amazonaws.com\/tg4-redesign-2015\/wp-content\/uploads\/2021\/01\/IALA_2021-2_169_Bravo_1920x1080-120x68.jpg 120w\" sizes=\"(max-width: 1920px) 100vw, 1920px\" \/><\/a><br \/>\n&nbsp;<\/p>\n<p>Beidh deis ag dalta\u00ed idirbhliana tabhairt faoi ch\u00farsa nua iriseoireachta ar l\u00edne \u00e1 mh\u00faineadh ag pl\u00far na n-iriseoir\u00ed teilif\u00edse, raidi\u00f3 agus digit\u00ed.<br \/>\n&nbsp;<\/p>\n<p>Re\u00e1cht\u00e1lfaidh O\u00c9 Gaillimh agus Nuacht RT\u00c9 agus TG4 an c\u00farsa, <em>Iriseoir\u00ed an Lae Am\u00e1rach<\/em> le comhairle \u00f3n gComhairle um Oideachas Gaeltachta agus Gaelscola\u00edochta (COGG) agus \u00f3n Roinn Oideachais.<br \/>\n&nbsp;<\/p>\n<p>T\u00e1 an c\u00farsa d\u00edrithe ar dhalta\u00ed in Iar-bhunscoileanna Gaeltachta agus L\u00e1n-Ghaeilge ar fud na t\u00edre agus beidh s\u00e9 ar si\u00fal ar an ard\u00e1n Zoom idir 1-4 M\u00e1rta 2021.<br \/>\n&nbsp;<br \/>\nCuirfidh foireann \u00f3 ch\u00farsa\u00ed me\u00e1n agus cumars\u00e1ide O\u00c9 Gaillimh agus iriseoir\u00ed RT\u00c9 a chraolann ar TG4, RT\u00c9 Raidi\u00f3 na Gaeltachta agus a shol\u00e1thra\u00edonn \u00e1bhar d\u2019\u00e1rd\u00e1in digiteacha an c\u00farsa i l\u00e1thair ar l\u00edne.<br \/>\n&nbsp;<\/p>\n<p>Roinnfidh an t-iriseoir f\u00edse agus fear d\u00e9anta scann\u00e1n, Se\u00e1n Mac an tS\u00edthigh a chuid scileanna agus a chuid taith\u00ed de bheith ag sol\u00e1thar sc\u00e9alta f\u00edse d\u2019ardchaighde\u00e1n do TG4 agus RT\u00c9.  Tabharfaidh Gormfhlaith N\u00ed Thuairisg cuntas ar na ceisteanna crua a chuireann s\u00ed ar dhaoine gach l\u00e1 ar <em>Adhmhaidin<\/em> ar RT\u00c9 Raidi\u00f3 na Gaeltachta.  Glacfaidh na l\u00e1ithreoir\u00ed nuachta Eimear N\u00ed Chonaola agus Si\u00fan Nic Gearailt p\u00e1irt sna ranganna ag tabhairt l\u00e9argais ar an saol laeth\u00fail sna me\u00e1in.  Cl\u00fad\u00f3idh Si\u00fan N\u00ed Dhuinn \u00f3 RT\u00c9 Digiteach\/Gaeilge.ie na d\u00fashl\u00e1in a bhaineann le sc\u00e9alta a shol\u00e1thar d\u2019ard\u00e1in ar l\u00edne.<br \/>\n&nbsp;<br \/>\nTabharfaidh an c\u00farsa l\u00e9argas freisin ar ghairmeacha sna me\u00e1in agus ar sc\u00e9alta sp\u00f3irt a chl\u00fadach do phobal na h\u00c9ireann, dream a bhfuil sp\u00e9is mh\u00f3r acu ina leith\u00e9id.<br \/>\n&nbsp;<\/p>\n<p>D\u00fairt an tOllamh Brenad\u00e1n Mac Suibhne, Sti\u00farth\u00f3ir L\u00e9inn, Acadamh na hOllscola\u00edochta Gaeilge, O\u00c9 Gaillimh: <em>\u201cT\u00e1 gn\u00f3tha\u00ed nuachta \u2013 gn\u00f3tha\u00ed br\u00e9ag-nuachta, san \u00e1ireamh \u2013 ina n-\u00e1bhar consp\u00f3ide le c\u00fapla bliain anuas, agus aird n\u00edos m\u00f3 anois ag daoine ar fud an domhain ar th\u00e1bhacht na hiriseoireachta i socha\u00ed dhaonlathach ar bith.  Cos\u00e1n at\u00e1 sa ch\u00farsa, Iriseoir\u00ed an lae am\u00e1rach \u00f3n scoil go dt\u00ed an ollscoil.  Deis at\u00e1 ann l\u00e9argas ar leith a fh\u00e1il ar shaol na hiriseoireachta go bhfeice scol\u00e1ir\u00ed Idirbhliana an bhfuil siad ag iarraidh oibri\u00fa sa r\u00e9imse sin n\u00f3 nach bhfuil.  Agus is deis fosta at\u00e1 ann eolas n\u00edos m\u00f3 a fh\u00e1il f\u00e1 Ollscoil na h\u00c9ireann, Gaillimh agus saol na mac l\u00e9inn cois Coiribe.\u201d<\/em><br \/>\n&nbsp;<\/p>\n<p>D\u00fairt Ardsti\u00farth\u00f3ir TG4, Alan Esslemont: <em>\u201cT\u00e1 an iriseoireacht Ghaeilge mar bhunchloch l\u00e1rnach do sheirbh\u00eds TG4 agus cuireann muid f\u00e1ilte roimh an gcomhoibri\u00fa seo le O\u00c9 Gaillimh chun iriseoir\u00ed an lae am\u00e1rach a spreagadh.&#8221;<\/em><br \/>\n&nbsp;<\/p>\n<p>D\u00fairt Sti\u00farth\u00f3ir Cl\u00e1ir an MA (Cleachtas Gairmi\u00fail sna Me\u00e1in), O\u00c9 Gaillimh, Aodh \u00d3 Coile\u00e1in: <em>\u201cIs minic a thug an Ch\u00fairt Eorpach um Chearta an Duine \u2018gadhar faire an phobail\u2019 ar r\u00f3l t\u00e1bhachtach na hiriseoireachta.  Go deimhin, bronnann an Ch\u00fairt cosaint ar leith don phreas mar go bfhuil feidhmi\u00fa an daonlathais ag brath ar shaoirse an phreasa.  Anois, n\u00edos m\u00f3 n\u00e1 riamh t\u00e1 iriseoireacht chruinn, chothrom, neamhchlaonta de dh\u00edth ar phobal na h\u00c9ireann.\u201d<\/em><\/p>\n<p><em>\u201cT\u00e1 s\u00fail ag Ollscoil na h\u00c9ireann, Gaillimh, Nuacht RT\u00c9 agus TG4 agus an Chomhairle um Oideachas Gaeltachta agus Gaelscola\u00edochta go dtabharfaidh an c\u00farsa nua l\u00e9argas do dhalta\u00ed Idirbhliana ar r\u00f3l  agus ar obair na me\u00e1n agus go mb\u2019fh\u00e9idir go spreagfaidh s\u00e9 cuid acu tabhairt faoi ghairmeacha sna me\u00e1in amach anseo.  T\u00e1 an fh\u00edrinne t\u00e1bhachtach in aon phobal.\u201d<\/em> a d\u00fairt \u00d3 Coile\u00e1in.<br \/>\n&nbsp;<\/p>\n<p>Le cl\u00e1r\u00fa don ch\u00farsa agus breis eolais:  <a href=\"mailto:peadar@cogg.ie\" rel=\"noopener\" target=\"_blank\">peadar@cogg.ie<\/a><br \/>\n&nbsp;<br \/>\n&nbsp;<br \/>\n&nbsp;<\/p>\n","protected":false},"excerpt":{"rendered":"<p>&nbsp; Beidh deis ag dalta\u00ed idirbhliana tabhairt faoi ch\u00farsa nua iriseoireachta ar l\u00edne \u00e1 mh\u00faineadh ag pl\u00far na n-iriseoir\u00ed teilif\u00edse, raidi\u00f3 agus digit\u00ed. &nbsp; Re\u00e1cht\u00e1lfaidh O\u00c9 Gaillimh agus Nuacht RT\u00c9 agus TG4 an c\u00farsa, Iriseoir\u00ed an Lae Am\u00e1rach le comhairle \u00f3n gComhairle um Oideachas Gaeltachta agus Gaelscola\u00edochta (COGG) agus \u00f3n Roinn Oideachais. &nbsp; T\u00e1 an [&hellip;]<\/p>\n","protected":false},"author":876,"featured_media":0,"parent":115579,"menu_order":8,"comment_status":"closed","ping_status":"closed","template":"page-templates\/template-pr.php","meta":{"_acf_changed":false,"footnotes":""},"acf":[],"yoast_head":"<!-- This site is optimized with the Yoast SEO plugin v22.6 - https:\/\/yoast.com\/wordpress\/plugins\/seo\/ -->\n<title>C\u00farsa san iriseoireacht do dhalta\u00ed Idirbhliana le re\u00e1cht\u00e1il ag O\u00c9 Gaillimh, Nuacht RT\u00c9 agus TG4 | Preas R\u00e1iteas | TG4<\/title>\n<meta name=\"robots\" content=\"index, follow, max-snippet:-1, max-image-preview:large, max-video-preview:-1\" \/>\n<meta property=\"og:locale\" content=\"en_US\" \/>\n<meta property=\"og:type\" content=\"article\" \/>\n<meta property=\"og:title\" content=\"C\u00farsa san iriseoireacht do dhalta\u00ed Idirbhliana le re\u00e1cht\u00e1il ag O\u00c9 Gaillimh, Nuacht RT\u00c9 agus TG4 | Preas R\u00e1iteas | TG4\" \/>\n<meta property=\"og:description\" content=\"&nbsp; Beidh deis ag dalta\u00ed idirbhliana tabhairt faoi ch\u00farsa nua iriseoireachta ar l\u00edne \u00e1 mh\u00faineadh ag pl\u00far na n-iriseoir\u00ed teilif\u00edse, raidi\u00f3 agus digit\u00ed. &nbsp; Re\u00e1cht\u00e1lfaidh O\u00c9 Gaillimh agus Nuacht RT\u00c9 agus TG4 an c\u00farsa, Iriseoir\u00ed an Lae Am\u00e1rach le comhairle \u00f3n gComhairle um Oideachas Gaeltachta agus Gaelscola\u00edochta (COGG) agus \u00f3n Roinn Oideachais. &nbsp; T\u00e1 an [&hellip;]\" \/>\n<meta property=\"og:url\" content=\"https:\/\/dev.tg4.ie\/ga\/eolas\/preas\/nuacht-raitis\/2021-2\/cursa-san-iriseoireacht-do-dhaltai-idirbhliana-le-reachtail-ag-oe-gaillimh-nuacht-rte-agus-tg4\/\" \/>\n<meta property=\"og:site_name\" content=\"TG4\" \/>\n<meta property=\"article:publisher\" content=\"https:\/\/www.facebook.com\/TG4TV\" \/>\n<meta property=\"article:modified_time\" content=\"2021-01-25T18:41:14+00:00\" \/>\n<meta property=\"og:image\" content=\"https:\/\/tg4-docs.s3.amazonaws.com\/tg4-redesign-2015\/wp-content\/uploads\/2021\/01\/IALA_2021-2_169_Bravo_1920x1080.jpg\" \/>\n\t<meta property=\"og:image:width\" content=\"1920\" \/>\n\t<meta property=\"og:image:height\" content=\"1080\" \/>\n\t<meta property=\"og:image:type\" content=\"image\/jpeg\" \/>\n<meta name=\"twitter:card\" content=\"summary_large_image\" \/>\n<meta name=\"twitter:image\" content=\"https:\/\/tg4-docs.s3.amazonaws.com\/tg4-redesign-2015\/wp-content\/uploads\/2021\/01\/IALA_2021-2_169_Bravo_1920x1080.jpg\" \/>\n<meta name=\"twitter:site\" content=\"@TG4TV\" \/>\n<meta name=\"twitter:label1\" content=\"Est. reading time\" \/>\n\t<meta name=\"twitter:data1\" content=\"3 minutes\" \/>\n<script type=\"application\/ld+json\" class=\"yoast-schema-graph\">{\"@context\":\"https:\/\/schema.org\",\"@graph\":[{\"@type\":\"WebPage\",\"@id\":\"https:\/\/dev.tg4.ie\/ga\/eolas\/preas\/nuacht-raitis\/2021-2\/cursa-san-iriseoireacht-do-dhaltai-idirbhliana-le-reachtail-ag-oe-gaillimh-nuacht-rte-agus-tg4\/\",\"url\":\"https:\/\/dev.tg4.ie\/ga\/eolas\/preas\/nuacht-raitis\/2021-2\/cursa-san-iriseoireacht-do-dhaltai-idirbhliana-le-reachtail-ag-oe-gaillimh-nuacht-rte-agus-tg4\/\",\"name\":\"C\u00farsa san iriseoireacht do dhalta\u00ed Idirbhliana le re\u00e1cht\u00e1il ag O\u00c9 Gaillimh, Nuacht RT\u00c9 agus TG4 | Preas R\u00e1iteas | TG4\",\"isPartOf\":{\"@id\":\"https:\/\/dev.tg4.ie\/en\/#website\"},\"primaryImageOfPage\":{\"@id\":\"https:\/\/dev.tg4.ie\/ga\/eolas\/preas\/nuacht-raitis\/2021-2\/cursa-san-iriseoireacht-do-dhaltai-idirbhliana-le-reachtail-ag-oe-gaillimh-nuacht-rte-agus-tg4\/#primaryimage\"},\"image\":{\"@id\":\"https:\/\/dev.tg4.ie\/ga\/eolas\/preas\/nuacht-raitis\/2021-2\/cursa-san-iriseoireacht-do-dhaltai-idirbhliana-le-reachtail-ag-oe-gaillimh-nuacht-rte-agus-tg4\/#primaryimage\"},\"thumbnailUrl\":\"https:\/\/dev.tg4.ie\/wp-content\/uploads\/2021\/01\/IALA_2021-2_169_Bravo_1920x1080.jpg\",\"datePublished\":\"2021-01-25T15:40:15+00:00\",\"dateModified\":\"2021-01-25T18:41:14+00:00\",\"breadcrumb\":{\"@id\":\"https:\/\/dev.tg4.ie\/ga\/eolas\/preas\/nuacht-raitis\/2021-2\/cursa-san-iriseoireacht-do-dhaltai-idirbhliana-le-reachtail-ag-oe-gaillimh-nuacht-rte-agus-tg4\/#breadcrumb\"},\"inLanguage\":\"ga\",\"potentialAction\":[{\"@type\":\"ReadAction\",\"target\":[\"https:\/\/dev.tg4.ie\/ga\/eolas\/preas\/nuacht-raitis\/2021-2\/cursa-san-iriseoireacht-do-dhaltai-idirbhliana-le-reachtail-ag-oe-gaillimh-nuacht-rte-agus-tg4\/\"]}]},{\"@type\":\"ImageObject\",\"inLanguage\":\"ga\",\"@id\":\"https:\/\/dev.tg4.ie\/ga\/eolas\/preas\/nuacht-raitis\/2021-2\/cursa-san-iriseoireacht-do-dhaltai-idirbhliana-le-reachtail-ag-oe-gaillimh-nuacht-rte-agus-tg4\/#primaryimage\",\"url\":\"https:\/\/dev.tg4.ie\/wp-content\/uploads\/2021\/01\/IALA_2021-2_169_Bravo_1920x1080.jpg\",\"contentUrl\":\"https:\/\/dev.tg4.ie\/wp-content\/uploads\/2021\/01\/IALA_2021-2_169_Bravo_1920x1080.jpg\"},{\"@type\":\"BreadcrumbList\",\"@id\":\"https:\/\/dev.tg4.ie\/ga\/eolas\/preas\/nuacht-raitis\/2021-2\/cursa-san-iriseoireacht-do-dhaltai-idirbhliana-le-reachtail-ag-oe-gaillimh-nuacht-rte-agus-tg4\/#breadcrumb\",\"itemListElement\":[{\"@type\":\"ListItem\",\"position\":1,\"name\":\"Home\",\"item\":\"https:\/\/dev.tg4.ie\/ga\/\"},{\"@type\":\"ListItem\",\"position\":2,\"name\":\"Eolas\",\"item\":\"https:\/\/dev.tg4.ie\/ga\/eolas\/\"},{\"@type\":\"ListItem\",\"position\":3,\"name\":\"Preas\",\"item\":\"https:\/\/dev.tg4.ie\/ga\/eolas\/preas\/\"},{\"@type\":\"ListItem\",\"position\":4,\"name\":\"Nuacht R\u00e1itis\",\"item\":\"https:\/\/dev.tg4.ie\/ga\/eolas\/preas\/nuacht-raitis\/\"},{\"@type\":\"ListItem\",\"position\":5,\"name\":\"2021\",\"item\":\"https:\/\/dev.tg4.ie\/ga\/eolas\/preas\/nuacht-raitis\/2021-2\/\"},{\"@type\":\"ListItem\",\"position\":6,\"name\":\"C\u00farsa san iriseoireacht do dhalta\u00ed Idirbhliana le re\u00e1cht\u00e1il ag O\u00c9 Gaillimh, Nuacht RT\u00c9 agus TG4\"}]},{\"@type\":\"WebSite\",\"@id\":\"https:\/\/dev.tg4.ie\/en\/#website\",\"url\":\"https:\/\/dev.tg4.ie\/en\/\",\"name\":\"TG4\",\"description\":\"S\u00fail Eile\",\"potentialAction\":[{\"@type\":\"SearchAction\",\"target\":{\"@type\":\"EntryPoint\",\"urlTemplate\":\"https:\/\/dev.tg4.ie\/en\/?s={search_term_string}\"},\"query-input\":\"required name=search_term_string\"}],\"inLanguage\":\"ga\"}]}<\/script>\n<!-- \/ Yoast SEO plugin. -->","yoast_head_json":{"title":"C\u00farsa san iriseoireacht do dhalta\u00ed Idirbhliana le re\u00e1cht\u00e1il ag O\u00c9 Gaillimh, Nuacht RT\u00c9 agus TG4 | Preas R\u00e1iteas | TG4","robots":{"index":"index","follow":"follow","max-snippet":"max-snippet:-1","max-image-preview":"max-image-preview:large","max-video-preview":"max-video-preview:-1"},"og_locale":"en_US","og_type":"article","og_title":"C\u00farsa san iriseoireacht do dhalta\u00ed Idirbhliana le re\u00e1cht\u00e1il ag O\u00c9 Gaillimh, Nuacht RT\u00c9 agus TG4 | Preas R\u00e1iteas | TG4","og_description":"&nbsp; Beidh deis ag dalta\u00ed idirbhliana tabhairt faoi ch\u00farsa nua iriseoireachta ar l\u00edne \u00e1 mh\u00faineadh ag pl\u00far na n-iriseoir\u00ed teilif\u00edse, raidi\u00f3 agus digit\u00ed. &nbsp; Re\u00e1cht\u00e1lfaidh O\u00c9 Gaillimh agus Nuacht RT\u00c9 agus TG4 an c\u00farsa, Iriseoir\u00ed an Lae Am\u00e1rach le comhairle \u00f3n gComhairle um Oideachas Gaeltachta agus Gaelscola\u00edochta (COGG) agus \u00f3n Roinn Oideachais. &nbsp; T\u00e1 an [&hellip;]","og_url":"https:\/\/dev.tg4.ie\/ga\/eolas\/preas\/nuacht-raitis\/2021-2\/cursa-san-iriseoireacht-do-dhaltai-idirbhliana-le-reachtail-ag-oe-gaillimh-nuacht-rte-agus-tg4\/","og_site_name":"TG4","article_publisher":"https:\/\/www.facebook.com\/TG4TV","article_modified_time":"2021-01-25T18:41:14+00:00","og_image":[{"width":1920,"height":1080,"url":"https:\/\/tg4-docs.s3.amazonaws.com\/tg4-redesign-2015\/wp-content\/uploads\/2021\/01\/IALA_2021-2_169_Bravo_1920x1080.jpg","type":"image\/jpeg"}],"twitter_card":"summary_large_image","twitter_image":"https:\/\/tg4-docs.s3.amazonaws.com\/tg4-redesign-2015\/wp-content\/uploads\/2021\/01\/IALA_2021-2_169_Bravo_1920x1080.jpg","twitter_site":"@TG4TV","twitter_misc":{"Est. reading time":"3 minutes"},"schema":{"@context":"https:\/\/schema.org","@graph":[{"@type":"WebPage","@id":"https:\/\/dev.tg4.ie\/ga\/eolas\/preas\/nuacht-raitis\/2021-2\/cursa-san-iriseoireacht-do-dhaltai-idirbhliana-le-reachtail-ag-oe-gaillimh-nuacht-rte-agus-tg4\/","url":"https:\/\/dev.tg4.ie\/ga\/eolas\/preas\/nuacht-raitis\/2021-2\/cursa-san-iriseoireacht-do-dhaltai-idirbhliana-le-reachtail-ag-oe-gaillimh-nuacht-rte-agus-tg4\/","name":"C\u00farsa san iriseoireacht do dhalta\u00ed Idirbhliana le re\u00e1cht\u00e1il ag O\u00c9 Gaillimh, Nuacht RT\u00c9 agus TG4 | Preas R\u00e1iteas | TG4","isPartOf":{"@id":"https:\/\/dev.tg4.ie\/en\/#website"},"primaryImageOfPage":{"@id":"https:\/\/dev.tg4.ie\/ga\/eolas\/preas\/nuacht-raitis\/2021-2\/cursa-san-iriseoireacht-do-dhaltai-idirbhliana-le-reachtail-ag-oe-gaillimh-nuacht-rte-agus-tg4\/#primaryimage"},"image":{"@id":"https:\/\/dev.tg4.ie\/ga\/eolas\/preas\/nuacht-raitis\/2021-2\/cursa-san-iriseoireacht-do-dhaltai-idirbhliana-le-reachtail-ag-oe-gaillimh-nuacht-rte-agus-tg4\/#primaryimage"},"thumbnailUrl":"https:\/\/dev.tg4.ie\/wp-content\/uploads\/2021\/01\/IALA_2021-2_169_Bravo_1920x1080.jpg","datePublished":"2021-01-25T15:40:15+00:00","dateModified":"2021-01-25T18:41:14+00:00","breadcrumb":{"@id":"https:\/\/dev.tg4.ie\/ga\/eolas\/preas\/nuacht-raitis\/2021-2\/cursa-san-iriseoireacht-do-dhaltai-idirbhliana-le-reachtail-ag-oe-gaillimh-nuacht-rte-agus-tg4\/#breadcrumb"},"inLanguage":"ga","potentialAction":[{"@type":"ReadAction","target":["https:\/\/dev.tg4.ie\/ga\/eolas\/preas\/nuacht-raitis\/2021-2\/cursa-san-iriseoireacht-do-dhaltai-idirbhliana-le-reachtail-ag-oe-gaillimh-nuacht-rte-agus-tg4\/"]}]},{"@type":"ImageObject","inLanguage":"ga","@id":"https:\/\/dev.tg4.ie\/ga\/eolas\/preas\/nuacht-raitis\/2021-2\/cursa-san-iriseoireacht-do-dhaltai-idirbhliana-le-reachtail-ag-oe-gaillimh-nuacht-rte-agus-tg4\/#primaryimage","url":"https:\/\/dev.tg4.ie\/wp-content\/uploads\/2021\/01\/IALA_2021-2_169_Bravo_1920x1080.jpg","contentUrl":"https:\/\/dev.tg4.ie\/wp-content\/uploads\/2021\/01\/IALA_2021-2_169_Bravo_1920x1080.jpg"},{"@type":"BreadcrumbList","@id":"https:\/\/dev.tg4.ie\/ga\/eolas\/preas\/nuacht-raitis\/2021-2\/cursa-san-iriseoireacht-do-dhaltai-idirbhliana-le-reachtail-ag-oe-gaillimh-nuacht-rte-agus-tg4\/#breadcrumb","itemListElement":[{"@type":"ListItem","position":1,"name":"Home","item":"https:\/\/dev.tg4.ie\/ga\/"},{"@type":"ListItem","position":2,"name":"Eolas","item":"https:\/\/dev.tg4.ie\/ga\/eolas\/"},{"@type":"ListItem","position":3,"name":"Preas","item":"https:\/\/dev.tg4.ie\/ga\/eolas\/preas\/"},{"@type":"ListItem","position":4,"name":"Nuacht R\u00e1itis","item":"https:\/\/dev.tg4.ie\/ga\/eolas\/preas\/nuacht-raitis\/"},{"@type":"ListItem","position":5,"name":"2021","item":"https:\/\/dev.tg4.ie\/ga\/eolas\/preas\/nuacht-raitis\/2021-2\/"},{"@type":"ListItem","position":6,"name":"C\u00farsa san iriseoireacht do dhalta\u00ed Idirbhliana le re\u00e1cht\u00e1il ag O\u00c9 Gaillimh, Nuacht RT\u00c9 agus TG4"}]},{"@type":"WebSite","@id":"https:\/\/dev.tg4.ie\/en\/#website","url":"https:\/\/dev.tg4.ie\/en\/","name":"TG4","description":"S\u00fail Eile","potentialAction":[{"@type":"SearchAction","target":{"@type":"EntryPoint","urlTemplate":"https:\/\/dev.tg4.ie\/en\/?s={search_term_string}"},"query-input":"required name=search_term_string"}],"inLanguage":"ga"}]}},"_links":{"self":[{"href":"https:\/\/dev.tg4.ie\/ga\/wp-json\/wp\/v2\/pages\/115804"}],"collection":[{"href":"https:\/\/dev.tg4.ie\/ga\/wp-json\/wp\/v2\/pages"}],"about":[{"href":"https:\/\/dev.tg4.ie\/ga\/wp-json\/wp\/v2\/types\/page"}],"author":[{"embeddable":true,"href":"https:\/\/dev.tg4.ie\/ga\/wp-json\/wp\/v2\/users\/876"}],"replies":[{"embeddable":true,"href":"https:\/\/dev.tg4.ie\/ga\/wp-json\/wp\/v2\/comments?post=115804"}],"version-history":[{"count":0,"href":"https:\/\/dev.tg4.ie\/ga\/wp-json\/wp\/v2\/pages\/115804\/revisions"}],"up":[{"embeddable":true,"href":"https:\/\/dev.tg4.ie\/ga\/wp-json\/wp\/v2\/pages\/115579"}],"wp:attachment":[{"href":"https:\/\/dev.tg4.ie\/ga\/wp-json\/wp\/v2\/media?parent=115804"}],"curies":[{"name":"wp","href":"https:\/\/api.w.org\/{rel}","templated":true}]}}