{"id":115928,"date":"2021-02-01T12:43:05","date_gmt":"2021-02-01T12:43:05","guid":{"rendered":"https:\/\/dev.tg4.ie\/?page_id=115928"},"modified":"2021-02-01T12:43:05","modified_gmt":"2021-02-01T12:43:05","slug":"branda-nua-seolta-ag-tg4","status":"publish","type":"page","link":"https:\/\/dev.tg4.ie\/ga\/eolas\/preas\/nuacht-raitis\/2021-2\/branda-nua-seolta-ag-tg4\/","title":{"rendered":"Branda Nua Seolta ag TG4"},"content":{"rendered":"<p><a href=\"https:\/\/tg4-docs.s3.amazonaws.com\/tg4-redesign-2015\/wp-content\/uploads\/2021\/02\/La_na_Scolb_1_1920x1080.jpg\"><img loading=\"lazy\" decoding=\"async\" width=\"1920\" height=\"1080\" src=\"https:\/\/tg4-docs.s3.amazonaws.com\/tg4-redesign-2015\/wp-content\/uploads\/2021\/02\/La_na_Scolb_1_1920x1080.jpg\" alt=\"\" class=\"aligncenter size-full wp-image-115933\" srcset=\"https:\/\/tg4-docs.s3.amazonaws.com\/tg4-redesign-2015\/wp-content\/uploads\/2021\/02\/La_na_Scolb_1_1920x1080.jpg 1920w, https:\/\/tg4-docs.s3.amazonaws.com\/tg4-redesign-2015\/wp-content\/uploads\/2021\/02\/La_na_Scolb_1_1920x1080-250x141.jpg 250w, https:\/\/tg4-docs.s3.amazonaws.com\/tg4-redesign-2015\/wp-content\/uploads\/2021\/02\/La_na_Scolb_1_1920x1080-700x394.jpg 700w, https:\/\/tg4-docs.s3.amazonaws.com\/tg4-redesign-2015\/wp-content\/uploads\/2021\/02\/La_na_Scolb_1_1920x1080-252x141.jpg 252w, https:\/\/tg4-docs.s3.amazonaws.com\/tg4-redesign-2015\/wp-content\/uploads\/2021\/02\/La_na_Scolb_1_1920x1080-1536x864.jpg 1536w, https:\/\/tg4-docs.s3.amazonaws.com\/tg4-redesign-2015\/wp-content\/uploads\/2021\/02\/La_na_Scolb_1_1920x1080-120x68.jpg 120w\" sizes=\"(max-width: 1920px) 100vw, 1920px\" \/><\/a><br \/>\n&nbsp;<\/p>\n<p>T\u00e1 \u00e1thas ar TG4 branda nua an st\u00e1isi\u00fain a sheoladh inniu, L\u00e1 Fh\u00e9ile Br\u00edde.   T\u00e1 cuma nua an bhranda le feice\u00e1il ar gach ard\u00e1n de chuid TG4 agus t\u00e1 s\u00e9 aitheantas nuachoimisi\u00fanaithe mar chuid den bhranda chomh maith.   Cuireann na haitheantais le f\u00e9ini\u00falacht TG4 i gc\u00f3na\u00ed agus is l\u00e9iri\u00fa f\u00edse iad ar mhana an st\u00e1isi\u00fain &#8216;S\u00fail Eile&#8217;.<br \/>\n&nbsp;<br \/>\nTar \u00e9is pr\u00f3iseas ioma\u00edoch tairisceana, is \u00e9 an comhlacht cruthaitheach Red Bee a roghna\u00edodh chun an tsraith aitheantais a chruth\u00fa i gcomhar le foireann chruthaitheach inmhe\u00e1nach TG4.  D\u2019fhorbair an fhoireann inmhe\u00e1nach grafaic\u00ed agus dearadh l\u00e1ithreachais agus ard\u00e1n chun tac\u00fa leis na haitheantais nua.<br \/>\nL\u00e9iri\u00fa comhaimseartha iad na s\u00e9 aitheantas ar th\u00edrdhreach na h\u00c9ireann agus bua sc\u00e9ala\u00edochta na t\u00edre. T\u00e1 imeartas ar nathanna cainte sa Ghaeilge sna haitheantais nua.  Cuims\u00edonn an coincheap t\u00edrdhreach na h\u00c9ireann le casadh neamhghn\u00e1ch gan choinne. Is iad t\u00e9ama\u00ed na s\u00e9 aitheantas: Spite Feamainne, L\u00e1 na Scolb, N\u00ed h\u00e9 l\u00e1 na b\u00e1ist\u00ed, Gloine, C\u00fainne an Ghiorria, agus L\u00e9im Sr\u00e1ide.<br \/>\n&nbsp;<br \/>\n<strong>D\u00fairt Sti\u00farth\u00f3ir Cruthaitheach TG4, Se\u00e1n Cathal \u00d3 Coile\u00e1in<\/strong>, <em>\u201cT\u00e1 TG4 athruithe \u00f3 theilif\u00eds l\u00edneach go branda ilmhe\u00e1n, cialla\u00edonn an \u00e9abhl\u00f3id sin go gcaithfidh na haitheantais nua oibri\u00fa i dtimpeallacht il-ard\u00e1n, ilsc\u00e1ile\u00e1in. Iarracht is ea an smaoineamh branda TG4 a shimpli\u00fa ar gach sc\u00e1ile\u00e1n agus ar na me\u00e1in cuid de l\u00e1idreachta\u00ed na f\u00e9ini\u00falachta a bh\u00ed ag TG4 riamh a choinne\u00e1il.&#8221;<\/em><br \/>\n&nbsp;<br \/>\nIs gn\u00edomhaireacht chruthaitheach \u00ed Red Bee at\u00e1 ag pl\u00e9 le r\u00e9imse na siamsa\u00edochta. Is iad cruthaitheoir\u00ed an bhranda &#8216;Dave&#8217;. Cuireann siad strait\u00e9is bhranda, feachtais l\u00e1idre agus dearadh branda ar f\u00e1il d\u00e1 gcliaint,  lena n-\u00e1ir\u00edtear NBCUniversal, Kurt Geiger, Discovery Networks, Oasis, Disney, DreamWorks agus Netflix. <a href=\"http:\/\/redbeecreative.com\/\" rel=\"noopener\" target=\"_blank\">http:\/\/redbeecreative.com\/<\/a><br \/>\n&nbsp;<br \/>\n<em>&#8220;Bh\u00ed treoir spreag\u00fail againn \u00f3 TG4. Tuiscint shoil\u00e9ir ar an gcain\u00e9al, a lucht f\u00e9achana agus an g\u00e1 at\u00e1 le raon leathan lucht f\u00e9achana a mhealladh ar gach ard\u00e1n. Thug siad d\u00fashl\u00e1n d\u00fainn aitheantais a dhearadh don chain\u00e9al a cheangla\u00edonn leis na me\u00e1in sh\u00f3isialta at\u00e1 acu. Ba iontach an t-eisp\u00e9ireas a bh\u00ed ann d\u00fainn tabhairt faoin d\u00fashl\u00e1n seo. Leis an gcomhoibri\u00fa seo leo, tugadh treoir, muin\u00edn agus fuinneamh d\u00fainn chun coincheap cruthaitheach nu\u00e1lach a shol\u00e1thar.&#8221;<\/em> <strong>Jane Fielder &#8211;  Sti\u00farth\u00f3ir Cruthaitheach, Red Bee Creative<\/strong>.<br \/>\n&nbsp;<\/p>\n<p><em>&#8220;Is iontach an rud \u00e9 f\u00e9ini\u00falacht a fheice\u00e1il at\u00e1 f\u00f3s d\u00edlis do n\u00e1d\u00far an bhranda, an l\u00f3g\u00f3 d\u00ed-th\u00f3gtha agus na carachtair neamhghn\u00e1cha CGI a chuims\u00edonn an moth\u00fa  &#8216;gan choinne&#8217;. Ba mh\u00f3r an pl\u00e9isi\u00far dom a bheith ag obair ar thionscadal ina raibh an d\u00e1 fhoireann chruthaitheacha comhsheasmhach \u00f3n t\u00fas. T\u00e1 an t-\u00e1bhar a chuirtear go haer ag teacht leis an cur s\u00edos a cuireadh os a gcomhair an ch\u00e9ad l\u00e1 riamh agus l\u00e9ir\u00edonn sin f\u00eds chruthaitheach chomhaontaithe i nd\u00e1ir\u00edre.&#8221;<\/em> <strong>Christopher Godfree \u2013 Ceannasa\u00ed Sheirbh\u00eds\u00ed Cliant, Red Bee Creative<\/strong>.<br \/>\n&nbsp;<\/p>\n<p>T\u00e1 na haitheantais don bhranda nua ar an aer \u00f3 inniu agus is f\u00e9idir iad a fheice\u00e1il anseo ar chain\u00e9al YouTube TG4:<br \/>\n&nbsp;<br \/>\n<a href=\"https:\/\/www.youtube.com\/playlist?list=PLZCDKZI5tB4oKtf26PpxDIEVB5TZFwYwY\" rel=\"noopener\" target=\"_blank\">YouTube Aitheantais TG4<\/a><\/p>\n<div style=\"position: relative; overflow: auto; width: 100%; padding-bottom: 56.25%;\"><iframe loading=\"lazy\" src=\"https:\/\/www.youtube.com\/embed\/videoseries?list=PLZCDKZI5tB4oKtf26PpxDIEVB5TZFwYwY\" width=\"100%\" height=\"100%\" frameborder=\"0\" scrolling=\"no\" allowFullscreen=\"true\" style=\"position: absolute; top: 0px; display: block;\"><\/iframe><\/div>\n<p>&nbsp;<\/p>\n<p>&nbsp;<br \/>\n&nbsp;<br \/>\n&nbsp;<\/p>\n","protected":false},"excerpt":{"rendered":"<p>&nbsp; T\u00e1 \u00e1thas ar TG4 branda nua an st\u00e1isi\u00fain a sheoladh inniu, L\u00e1 Fh\u00e9ile Br\u00edde. T\u00e1 cuma nua an bhranda le feice\u00e1il ar gach ard\u00e1n de chuid TG4 agus t\u00e1 s\u00e9 aitheantas nuachoimisi\u00fanaithe mar chuid den bhranda chomh maith. Cuireann na haitheantais le f\u00e9ini\u00falacht TG4 i gc\u00f3na\u00ed agus is l\u00e9iri\u00fa f\u00edse iad ar mhana an [&hellip;]<\/p>\n","protected":false},"author":876,"featured_media":0,"parent":115579,"menu_order":9,"comment_status":"closed","ping_status":"closed","template":"page-templates\/template-pr.php","meta":{"_acf_changed":false,"footnotes":""},"acf":[],"yoast_head":"<!-- This site is optimized with the Yoast SEO plugin v22.6 - https:\/\/yoast.com\/wordpress\/plugins\/seo\/ -->\n<title>Branda Nua Seolta ag TG4 | Preas R\u00e1iteas | TG4<\/title>\n<meta name=\"robots\" content=\"index, follow, max-snippet:-1, max-image-preview:large, max-video-preview:-1\" \/>\n<meta property=\"og:locale\" content=\"en_US\" \/>\n<meta property=\"og:type\" content=\"article\" \/>\n<meta property=\"og:title\" content=\"Branda Nua Seolta ag TG4 | Preas R\u00e1iteas | TG4\" \/>\n<meta property=\"og:description\" content=\"&nbsp; T\u00e1 \u00e1thas ar TG4 branda nua an st\u00e1isi\u00fain a sheoladh inniu, L\u00e1 Fh\u00e9ile Br\u00edde. T\u00e1 cuma nua an bhranda le feice\u00e1il ar gach ard\u00e1n de chuid TG4 agus t\u00e1 s\u00e9 aitheantas nuachoimisi\u00fanaithe mar chuid den bhranda chomh maith. Cuireann na haitheantais le f\u00e9ini\u00falacht TG4 i gc\u00f3na\u00ed agus is l\u00e9iri\u00fa f\u00edse iad ar mhana an [&hellip;]\" \/>\n<meta property=\"og:url\" content=\"https:\/\/dev.tg4.ie\/ga\/eolas\/preas\/nuacht-raitis\/2021-2\/branda-nua-seolta-ag-tg4\/\" \/>\n<meta property=\"og:site_name\" content=\"TG4\" \/>\n<meta property=\"article:publisher\" content=\"https:\/\/www.facebook.com\/TG4TV\" \/>\n<meta property=\"og:image\" content=\"https:\/\/tg4-docs.s3.amazonaws.com\/tg4-redesign-2015\/wp-content\/uploads\/2021\/02\/La_na_Scolb_1_1920x1080.jpg\" \/>\n\t<meta property=\"og:image:width\" content=\"1920\" \/>\n\t<meta property=\"og:image:height\" content=\"1080\" \/>\n\t<meta property=\"og:image:type\" content=\"image\/jpeg\" \/>\n<meta name=\"twitter:card\" content=\"summary_large_image\" \/>\n<meta name=\"twitter:image\" content=\"https:\/\/tg4-docs.s3.amazonaws.com\/tg4-redesign-2015\/wp-content\/uploads\/2021\/02\/La_na_Scolb_1_1920x1080.jpg\" \/>\n<meta name=\"twitter:site\" content=\"@TG4TV\" \/>\n<meta name=\"twitter:label1\" content=\"Est. reading time\" \/>\n\t<meta name=\"twitter:data1\" content=\"3 minutes\" \/>\n<script type=\"application\/ld+json\" class=\"yoast-schema-graph\">{\"@context\":\"https:\/\/schema.org\",\"@graph\":[{\"@type\":\"WebPage\",\"@id\":\"https:\/\/dev.tg4.ie\/ga\/eolas\/preas\/nuacht-raitis\/2021-2\/branda-nua-seolta-ag-tg4\/\",\"url\":\"https:\/\/dev.tg4.ie\/ga\/eolas\/preas\/nuacht-raitis\/2021-2\/branda-nua-seolta-ag-tg4\/\",\"name\":\"Branda Nua Seolta ag TG4 | Preas R\u00e1iteas | TG4\",\"isPartOf\":{\"@id\":\"https:\/\/dev.tg4.ie\/en\/#website\"},\"primaryImageOfPage\":{\"@id\":\"https:\/\/dev.tg4.ie\/ga\/eolas\/preas\/nuacht-raitis\/2021-2\/branda-nua-seolta-ag-tg4\/#primaryimage\"},\"image\":{\"@id\":\"https:\/\/dev.tg4.ie\/ga\/eolas\/preas\/nuacht-raitis\/2021-2\/branda-nua-seolta-ag-tg4\/#primaryimage\"},\"thumbnailUrl\":\"https:\/\/dev.tg4.ie\/wp-content\/uploads\/2021\/02\/La_na_Scolb_1_1920x1080.jpg\",\"datePublished\":\"2021-02-01T12:43:05+00:00\",\"dateModified\":\"2021-02-01T12:43:05+00:00\",\"breadcrumb\":{\"@id\":\"https:\/\/dev.tg4.ie\/ga\/eolas\/preas\/nuacht-raitis\/2021-2\/branda-nua-seolta-ag-tg4\/#breadcrumb\"},\"inLanguage\":\"ga\",\"potentialAction\":[{\"@type\":\"ReadAction\",\"target\":[\"https:\/\/dev.tg4.ie\/ga\/eolas\/preas\/nuacht-raitis\/2021-2\/branda-nua-seolta-ag-tg4\/\"]}]},{\"@type\":\"ImageObject\",\"inLanguage\":\"ga\",\"@id\":\"https:\/\/dev.tg4.ie\/ga\/eolas\/preas\/nuacht-raitis\/2021-2\/branda-nua-seolta-ag-tg4\/#primaryimage\",\"url\":\"https:\/\/dev.tg4.ie\/wp-content\/uploads\/2021\/02\/La_na_Scolb_1_1920x1080.jpg\",\"contentUrl\":\"https:\/\/dev.tg4.ie\/wp-content\/uploads\/2021\/02\/La_na_Scolb_1_1920x1080.jpg\"},{\"@type\":\"BreadcrumbList\",\"@id\":\"https:\/\/dev.tg4.ie\/ga\/eolas\/preas\/nuacht-raitis\/2021-2\/branda-nua-seolta-ag-tg4\/#breadcrumb\",\"itemListElement\":[{\"@type\":\"ListItem\",\"position\":1,\"name\":\"Home\",\"item\":\"https:\/\/dev.tg4.ie\/ga\/\"},{\"@type\":\"ListItem\",\"position\":2,\"name\":\"Eolas\",\"item\":\"https:\/\/dev.tg4.ie\/ga\/eolas\/\"},{\"@type\":\"ListItem\",\"position\":3,\"name\":\"Preas\",\"item\":\"https:\/\/dev.tg4.ie\/ga\/eolas\/preas\/\"},{\"@type\":\"ListItem\",\"position\":4,\"name\":\"Nuacht R\u00e1itis\",\"item\":\"https:\/\/dev.tg4.ie\/ga\/eolas\/preas\/nuacht-raitis\/\"},{\"@type\":\"ListItem\",\"position\":5,\"name\":\"2021\",\"item\":\"https:\/\/dev.tg4.ie\/ga\/eolas\/preas\/nuacht-raitis\/2021-2\/\"},{\"@type\":\"ListItem\",\"position\":6,\"name\":\"Branda Nua Seolta ag TG4\"}]},{\"@type\":\"WebSite\",\"@id\":\"https:\/\/dev.tg4.ie\/en\/#website\",\"url\":\"https:\/\/dev.tg4.ie\/en\/\",\"name\":\"TG4\",\"description\":\"S\u00fail Eile\",\"potentialAction\":[{\"@type\":\"SearchAction\",\"target\":{\"@type\":\"EntryPoint\",\"urlTemplate\":\"https:\/\/dev.tg4.ie\/en\/?s={search_term_string}\"},\"query-input\":\"required name=search_term_string\"}],\"inLanguage\":\"ga\"}]}<\/script>\n<!-- \/ Yoast SEO plugin. -->","yoast_head_json":{"title":"Branda Nua Seolta ag TG4 | Preas R\u00e1iteas | TG4","robots":{"index":"index","follow":"follow","max-snippet":"max-snippet:-1","max-image-preview":"max-image-preview:large","max-video-preview":"max-video-preview:-1"},"og_locale":"en_US","og_type":"article","og_title":"Branda Nua Seolta ag TG4 | Preas R\u00e1iteas | TG4","og_description":"&nbsp; T\u00e1 \u00e1thas ar TG4 branda nua an st\u00e1isi\u00fain a sheoladh inniu, L\u00e1 Fh\u00e9ile Br\u00edde. T\u00e1 cuma nua an bhranda le feice\u00e1il ar gach ard\u00e1n de chuid TG4 agus t\u00e1 s\u00e9 aitheantas nuachoimisi\u00fanaithe mar chuid den bhranda chomh maith. Cuireann na haitheantais le f\u00e9ini\u00falacht TG4 i gc\u00f3na\u00ed agus is l\u00e9iri\u00fa f\u00edse iad ar mhana an [&hellip;]","og_url":"https:\/\/dev.tg4.ie\/ga\/eolas\/preas\/nuacht-raitis\/2021-2\/branda-nua-seolta-ag-tg4\/","og_site_name":"TG4","article_publisher":"https:\/\/www.facebook.com\/TG4TV","og_image":[{"width":1920,"height":1080,"url":"https:\/\/tg4-docs.s3.amazonaws.com\/tg4-redesign-2015\/wp-content\/uploads\/2021\/02\/La_na_Scolb_1_1920x1080.jpg","type":"image\/jpeg"}],"twitter_card":"summary_large_image","twitter_image":"https:\/\/tg4-docs.s3.amazonaws.com\/tg4-redesign-2015\/wp-content\/uploads\/2021\/02\/La_na_Scolb_1_1920x1080.jpg","twitter_site":"@TG4TV","twitter_misc":{"Est. reading time":"3 minutes"},"schema":{"@context":"https:\/\/schema.org","@graph":[{"@type":"WebPage","@id":"https:\/\/dev.tg4.ie\/ga\/eolas\/preas\/nuacht-raitis\/2021-2\/branda-nua-seolta-ag-tg4\/","url":"https:\/\/dev.tg4.ie\/ga\/eolas\/preas\/nuacht-raitis\/2021-2\/branda-nua-seolta-ag-tg4\/","name":"Branda Nua Seolta ag TG4 | Preas R\u00e1iteas | TG4","isPartOf":{"@id":"https:\/\/dev.tg4.ie\/en\/#website"},"primaryImageOfPage":{"@id":"https:\/\/dev.tg4.ie\/ga\/eolas\/preas\/nuacht-raitis\/2021-2\/branda-nua-seolta-ag-tg4\/#primaryimage"},"image":{"@id":"https:\/\/dev.tg4.ie\/ga\/eolas\/preas\/nuacht-raitis\/2021-2\/branda-nua-seolta-ag-tg4\/#primaryimage"},"thumbnailUrl":"https:\/\/dev.tg4.ie\/wp-content\/uploads\/2021\/02\/La_na_Scolb_1_1920x1080.jpg","datePublished":"2021-02-01T12:43:05+00:00","dateModified":"2021-02-01T12:43:05+00:00","breadcrumb":{"@id":"https:\/\/dev.tg4.ie\/ga\/eolas\/preas\/nuacht-raitis\/2021-2\/branda-nua-seolta-ag-tg4\/#breadcrumb"},"inLanguage":"ga","potentialAction":[{"@type":"ReadAction","target":["https:\/\/dev.tg4.ie\/ga\/eolas\/preas\/nuacht-raitis\/2021-2\/branda-nua-seolta-ag-tg4\/"]}]},{"@type":"ImageObject","inLanguage":"ga","@id":"https:\/\/dev.tg4.ie\/ga\/eolas\/preas\/nuacht-raitis\/2021-2\/branda-nua-seolta-ag-tg4\/#primaryimage","url":"https:\/\/dev.tg4.ie\/wp-content\/uploads\/2021\/02\/La_na_Scolb_1_1920x1080.jpg","contentUrl":"https:\/\/dev.tg4.ie\/wp-content\/uploads\/2021\/02\/La_na_Scolb_1_1920x1080.jpg"},{"@type":"BreadcrumbList","@id":"https:\/\/dev.tg4.ie\/ga\/eolas\/preas\/nuacht-raitis\/2021-2\/branda-nua-seolta-ag-tg4\/#breadcrumb","itemListElement":[{"@type":"ListItem","position":1,"name":"Home","item":"https:\/\/dev.tg4.ie\/ga\/"},{"@type":"ListItem","position":2,"name":"Eolas","item":"https:\/\/dev.tg4.ie\/ga\/eolas\/"},{"@type":"ListItem","position":3,"name":"Preas","item":"https:\/\/dev.tg4.ie\/ga\/eolas\/preas\/"},{"@type":"ListItem","position":4,"name":"Nuacht R\u00e1itis","item":"https:\/\/dev.tg4.ie\/ga\/eolas\/preas\/nuacht-raitis\/"},{"@type":"ListItem","position":5,"name":"2021","item":"https:\/\/dev.tg4.ie\/ga\/eolas\/preas\/nuacht-raitis\/2021-2\/"},{"@type":"ListItem","position":6,"name":"Branda Nua Seolta ag TG4"}]},{"@type":"WebSite","@id":"https:\/\/dev.tg4.ie\/en\/#website","url":"https:\/\/dev.tg4.ie\/en\/","name":"TG4","description":"S\u00fail Eile","potentialAction":[{"@type":"SearchAction","target":{"@type":"EntryPoint","urlTemplate":"https:\/\/dev.tg4.ie\/en\/?s={search_term_string}"},"query-input":"required name=search_term_string"}],"inLanguage":"ga"}]}},"_links":{"self":[{"href":"https:\/\/dev.tg4.ie\/ga\/wp-json\/wp\/v2\/pages\/115928"}],"collection":[{"href":"https:\/\/dev.tg4.ie\/ga\/wp-json\/wp\/v2\/pages"}],"about":[{"href":"https:\/\/dev.tg4.ie\/ga\/wp-json\/wp\/v2\/types\/page"}],"author":[{"embeddable":true,"href":"https:\/\/dev.tg4.ie\/ga\/wp-json\/wp\/v2\/users\/876"}],"replies":[{"embeddable":true,"href":"https:\/\/dev.tg4.ie\/ga\/wp-json\/wp\/v2\/comments?post=115928"}],"version-history":[{"count":0,"href":"https:\/\/dev.tg4.ie\/ga\/wp-json\/wp\/v2\/pages\/115928\/revisions"}],"up":[{"embeddable":true,"href":"https:\/\/dev.tg4.ie\/ga\/wp-json\/wp\/v2\/pages\/115579"}],"wp:attachment":[{"href":"https:\/\/dev.tg4.ie\/ga\/wp-json\/wp\/v2\/media?parent=115928"}],"curies":[{"name":"wp","href":"https:\/\/api.w.org\/{rel}","templated":true}]}}