{"id":115945,"date":"2021-02-02T13:06:11","date_gmt":"2021-02-02T13:06:11","guid":{"rendered":"https:\/\/dev.tg4.ie\/?page_id=115945"},"modified":"2021-02-02T13:07:54","modified_gmt":"2021-02-02T13:07:54","slug":"turas-clainne-sraith-faoi-an-turas-on-bhroinn-go-dti-an-saol","status":"publish","type":"page","link":"https:\/\/dev.tg4.ie\/ga\/eolas\/preas\/nuacht-raitis\/2021-2\/turas-clainne-sraith-faoi-an-turas-on-bhroinn-go-dti-an-saol\/","title":{"rendered":"Turas Clainne &#8211; sraith faoi an turas \u00f3n bhroinn go dt\u00ed an saol"},"content":{"rendered":"<p><a href=\"https:\/\/tg4-docs.s3.amazonaws.com\/tg4-redesign-2015\/wp-content\/uploads\/2021\/02\/Turas_Clainne_2_1920x1080.jpg\"><img loading=\"lazy\" decoding=\"async\" width=\"1920\" height=\"1080\" src=\"https:\/\/tg4-docs.s3.amazonaws.com\/tg4-redesign-2015\/wp-content\/uploads\/2021\/02\/Turas_Clainne_2_1920x1080.jpg\" alt=\"\" class=\"aligncenter size-full wp-image-115947\" srcset=\"https:\/\/tg4-docs.s3.amazonaws.com\/tg4-redesign-2015\/wp-content\/uploads\/2021\/02\/Turas_Clainne_2_1920x1080.jpg 1920w, https:\/\/tg4-docs.s3.amazonaws.com\/tg4-redesign-2015\/wp-content\/uploads\/2021\/02\/Turas_Clainne_2_1920x1080-250x141.jpg 250w, https:\/\/tg4-docs.s3.amazonaws.com\/tg4-redesign-2015\/wp-content\/uploads\/2021\/02\/Turas_Clainne_2_1920x1080-700x394.jpg 700w, https:\/\/tg4-docs.s3.amazonaws.com\/tg4-redesign-2015\/wp-content\/uploads\/2021\/02\/Turas_Clainne_2_1920x1080-252x141.jpg 252w, https:\/\/tg4-docs.s3.amazonaws.com\/tg4-redesign-2015\/wp-content\/uploads\/2021\/02\/Turas_Clainne_2_1920x1080-1536x864.jpg 1536w, https:\/\/tg4-docs.s3.amazonaws.com\/tg4-redesign-2015\/wp-content\/uploads\/2021\/02\/Turas_Clainne_2_1920x1080-120x68.jpg 120w\" sizes=\"(max-width: 1920px) 100vw, 1920px\" \/><\/a><br \/>\n&nbsp;<\/p>\n<p><strong>Ag tos\u00fa: 18\/02\/2021  8pm ar TG4<\/strong><\/p>\n<p><strong>#TurasClainne         @AniarTV<\/strong><br \/>\n&nbsp;<\/p>\n<div style=\"position: relative; overflow: auto; width: 100%; padding-bottom: 56.25%;\"><iframe loading=\"lazy\" src=\"https:\/\/www.youtube.com\/embed\/lc7Xcl5z4Es\" width=\"100%\" height=\"100%\" frameborder=\"0\" scrolling=\"no\" allowFullscreen=\"true\" style=\"position: absolute; top: 0px; display: block;\"><\/iframe><\/div>\n<p>&nbsp;<\/p>\n<p>Gach bliain in \u00c9irinn tagann os cionn 60,000 leanbh ar an saol. Is \u00e9 an turas \u00f3n bhroinn go dt\u00ed an saol seo ceann de na turas is ionta\u00ed d\u00e1 bhfuil ann, l\u00e1n le gr\u00e1, \u00e1thas, imn\u00ed agus deora. Sa tsraith Turas Clainne fiosr\u00f3imid an turas speisialta seo tr\u00ed sh\u00faile na mban at\u00e1 ag iompar clainne agus caithfimid am in \u00e9ineacht le tuismitheoir\u00ed ar ioma\u00ed cor agus casadh a bh\u00ed i gceist leis an turas sin d\u00f3ibhsean.<br \/>\n&nbsp;<br \/>\nSraith faisn\u00e9ise ceithre chl\u00e1r is ea Turas Clainne ina dtugtar l\u00e9argas pearsanta ar bhreith clainne agus ar an saol le p\u00e1iste nuabheirthe. Tr\u00edd an tsraith, pl\u00e9ifear \u00e1bhair chorraitheacha at\u00e1 coitianta go leor ar an turas seo, \u00e1bhair ar n\u00f3s breith anaba\u00ed, d\u00falagar iar-bhreithe agus neamhthorth\u00falacht. Inseoidh mn\u00e1 a bhfuil taith\u00ed phearsanta acu ar na h\u00e1bhair bhr\u00f3nacha agus uaigneacha a sc\u00e9alta f\u00e9in d\u00fainn.<br \/>\n&nbsp;<br \/>\nI gCeantar na nOile\u00e1n i gConamara cuirfimid eolas ar Prisscilla De B\u00farca at\u00e1 ag f\u00e1il faoi r\u00e9ir le f\u00e1ilte a chur roimh a tr\u00ed\u00fa p\u00e1iste. N\u00ed raibh breith a dara leanbh \u00e9asca uirthi dh\u00e1 bhliain \u00f3 shin agus t\u00e1 s\u00e9 go f\u00f3ill ar a hintinn. Gheobhaidh s\u00ed comhairle \u00f3 doula chun go mbeidh s\u00ed ar a suaimhneas nuair a bheidh s\u00e9 in am an p\u00e1iste a thabhairt ar an saol. An mbeidh an bhreith seo n\u00edos \u00e9asca uirthi?<br \/>\n&nbsp;<br \/>\nIn Earrach 2020, bh\u00ed scaipeadh an chor\u00f3inv\u00edris ag cur imn\u00ed mh\u00f3r ar mhn\u00e1 a bh\u00ed ag iompar clainne. In I\u00fair Chinn Tr\u00e1 t\u00e1 Louise Smith r\u00e9idh lena tr\u00ed\u00fa leanbh a bheith aici i l\u00e1r na paind\u00e9ime agus gan fhios aici c\u00e9ard at\u00e1 amach roimpi don bhreith. An mbeidh uirthi na pleananna a bh\u00ed leagtha amach aici a athr\u00fa mar gheall ar na srianta nua Covid -19?<br \/>\n&nbsp;<br \/>\nN\u00ed bh\u00edonn aon toircheas n\u00e1 aon turas le p\u00e1iste a bheith agat riamh mar a ch\u00e9ile. Faraor n\u00ed dea-sc\u00e9ala a bh\u00edonn i nd\u00e1n do gach duine. Meastar go mb\u00edonn 14,000 breith anaba\u00ed in \u00c9irinn gach bliain agus tuigeann muintir U\u00ed Adhmaill go maith an fhulaingt agus an briseadh cro\u00ed a bhaineann leis seo. Inseoidh Tara U\u00ed Adhmaill a sc\u00e9al tochtmhar f\u00e9in faoin mbreith anaba\u00ed a bh\u00ed aici.<br \/>\n&nbsp;<br \/>\nIs ioma\u00ed cor agus casadh sa saol agus is minic a mb\u00edonn deacrachta\u00ed ag l\u00e1n\u00faineacha leanbh a bheith acu. Tuigeann an grianghrafad\u00f3ir Marilyn McGivern na moth\u00fach\u00e1in a th\u00e9ann le neamhthorth\u00falacht. Nuair a theip ar ch\u00f3ire\u00e1il neamhthorth\u00falachta IVF agus IUI bh\u00ed Marilyn agus a fear c\u00e9ile Wayne scriosta agus in \u00edsle br\u00ed.<br \/>\n&nbsp;<br \/>\nI nGaillimh t\u00e1 leanbh mhuintir Mhic Dhonnacha tagtha ar an saol i ndiaidh breith chasta, imn\u00edoch. Is ioma\u00ed plean breithe nach dtarla\u00edonn mar is eol d\u00f3ibh. D\u00e9anfaidh Sin\u00e9ad cur s\u00edos ar an gc\u00e9ad o\u00edche a bh\u00ed sa mbaile acu lena p\u00e1ist\u00edn \u00f3g Eve agus ar bhreith thar a bheith eachtr\u00fail.<br \/>\n&nbsp;<br \/>\nB\u00edonn an turas seo casta agus do thuismitheoir\u00ed \u00e1irithe, is \u00e9 an t-aon bhealach at\u00e1 acu chun p\u00e1iste a bheith acu n\u00e1 tr\u00ed mh\u00e1thairionada\u00edocht. I gCo. na M\u00ed, d&#8217;iompar Becky Loftus Dore p\u00e1iste a cairde. Tr\u00e1chtfaidh Becky ar an aistear \u00f3n mbroinn go dt\u00ed an saol seo.<br \/>\n&nbsp;<br \/>\nIs f\u00e9idir leis an saol le leanbh \u00f3g a bheith d\u00fashl\u00e1nach, mar is eol do Nicola Fallon. Bh\u00ed breith a mic Louis thar a bheith tr\u00e1mach uirthi. Diagn\u00f3is\u00edodh go raibh d\u00falagar iar-bhreithe uirthi, ach fuair ruda\u00ed i bhfad n\u00edos measa nuair a d&#8217;iompaigh an d\u00falagar iar-bhreithe isteach i s\u00edoc\u00f3is. Socra\u00edodh \u00ed a chur faoi ch\u00faram Aonad s\u00edciatrach in Ospid\u00e9al na hOllscoile, Gaillimh agus chaith s\u00ed m\u00edonna fada scartha \u00f3na mic. Ins\u00edonn Nicola a sc\u00e9al goilli\u00fanach f\u00e9in chun c\u00fanamh agus faoiseamh a thabhairt do mhn\u00e1 agus teaghlaigh eile at\u00e1 ag fulaingt mar gheall ar dh\u00falagar iar-bhreithe. Meastar go bhfulaing\u00edonn os cionn 18,000 ban le d\u00falagar iar-bhreithe gach bliain in \u00c9irinn.<br \/>\n&nbsp;<br \/>\n<em>T\u00e1 rannph\u00e1irtithe na sraithe ar f\u00e1il i gcomhair agallaimh.<\/em><\/p>\n<p>&nbsp;<br \/>\n&nbsp;<br \/>\n&nbsp;<\/p>\n","protected":false},"excerpt":{"rendered":"<p>&nbsp; Ag tos\u00fa: 18\/02\/2021 8pm ar TG4 #TurasClainne @AniarTV &nbsp; &nbsp; Gach bliain in \u00c9irinn tagann os cionn 60,000 leanbh ar an saol. Is \u00e9 an turas \u00f3n bhroinn go dt\u00ed an saol seo ceann de na turas is ionta\u00ed d\u00e1 bhfuil ann, l\u00e1n le gr\u00e1, \u00e1thas, imn\u00ed agus deora. Sa tsraith Turas Clainne fiosr\u00f3imid [&hellip;]<\/p>\n","protected":false},"author":876,"featured_media":0,"parent":115579,"menu_order":10,"comment_status":"closed","ping_status":"closed","template":"page-templates\/template-pr.php","meta":{"_acf_changed":false,"footnotes":""},"acf":[],"yoast_head":"<!-- This site is optimized with the Yoast SEO plugin v22.6 - https:\/\/yoast.com\/wordpress\/plugins\/seo\/ -->\n<title>Turas Clainne - sraith faoi an turas \u00f3n bhroinn go dt\u00ed an saol | Preas R\u00e1iteas | TG4<\/title>\n<meta name=\"robots\" content=\"index, follow, max-snippet:-1, max-image-preview:large, max-video-preview:-1\" \/>\n<meta property=\"og:locale\" content=\"en_US\" \/>\n<meta property=\"og:type\" content=\"article\" \/>\n<meta property=\"og:title\" content=\"Turas Clainne - sraith faoi an turas \u00f3n bhroinn go dt\u00ed an saol | Preas R\u00e1iteas | TG4\" \/>\n<meta property=\"og:description\" content=\"&nbsp; Ag tos\u00fa: 18\/02\/2021 8pm ar TG4 #TurasClainne @AniarTV &nbsp; &nbsp; Gach bliain in \u00c9irinn tagann os cionn 60,000 leanbh ar an saol. Is \u00e9 an turas \u00f3n bhroinn go dt\u00ed an saol seo ceann de na turas is ionta\u00ed d\u00e1 bhfuil ann, l\u00e1n le gr\u00e1, \u00e1thas, imn\u00ed agus deora. Sa tsraith Turas Clainne fiosr\u00f3imid [&hellip;]\" \/>\n<meta property=\"og:url\" content=\"https:\/\/dev.tg4.ie\/ga\/eolas\/preas\/nuacht-raitis\/2021-2\/turas-clainne-sraith-faoi-an-turas-on-bhroinn-go-dti-an-saol\/\" \/>\n<meta property=\"og:site_name\" content=\"TG4\" \/>\n<meta property=\"article:publisher\" content=\"https:\/\/www.facebook.com\/TG4TV\" \/>\n<meta property=\"article:modified_time\" content=\"2021-02-02T13:07:54+00:00\" \/>\n<meta property=\"og:image\" content=\"https:\/\/tg4-docs.s3.amazonaws.com\/tg4-redesign-2015\/wp-content\/uploads\/2021\/02\/Turas_Clainne_2_1920x1080.jpg\" \/>\n\t<meta property=\"og:image:width\" content=\"1920\" \/>\n\t<meta property=\"og:image:height\" content=\"1080\" \/>\n\t<meta property=\"og:image:type\" content=\"image\/jpeg\" \/>\n<meta name=\"twitter:card\" content=\"summary_large_image\" \/>\n<meta name=\"twitter:image\" content=\"https:\/\/tg4-docs.s3.amazonaws.com\/tg4-redesign-2015\/wp-content\/uploads\/2021\/02\/Turas_Clainne_2_1920x1080.jpg\" \/>\n<meta name=\"twitter:site\" content=\"@TG4TV\" \/>\n<meta name=\"twitter:label1\" content=\"Est. reading time\" \/>\n\t<meta name=\"twitter:data1\" content=\"4 minutes\" \/>\n<script type=\"application\/ld+json\" class=\"yoast-schema-graph\">{\"@context\":\"https:\/\/schema.org\",\"@graph\":[{\"@type\":\"WebPage\",\"@id\":\"https:\/\/dev.tg4.ie\/ga\/eolas\/preas\/nuacht-raitis\/2021-2\/turas-clainne-sraith-faoi-an-turas-on-bhroinn-go-dti-an-saol\/\",\"url\":\"https:\/\/dev.tg4.ie\/ga\/eolas\/preas\/nuacht-raitis\/2021-2\/turas-clainne-sraith-faoi-an-turas-on-bhroinn-go-dti-an-saol\/\",\"name\":\"Turas Clainne - sraith faoi an turas \u00f3n bhroinn go dt\u00ed an saol | Preas R\u00e1iteas | TG4\",\"isPartOf\":{\"@id\":\"https:\/\/dev.tg4.ie\/en\/#website\"},\"primaryImageOfPage\":{\"@id\":\"https:\/\/dev.tg4.ie\/ga\/eolas\/preas\/nuacht-raitis\/2021-2\/turas-clainne-sraith-faoi-an-turas-on-bhroinn-go-dti-an-saol\/#primaryimage\"},\"image\":{\"@id\":\"https:\/\/dev.tg4.ie\/ga\/eolas\/preas\/nuacht-raitis\/2021-2\/turas-clainne-sraith-faoi-an-turas-on-bhroinn-go-dti-an-saol\/#primaryimage\"},\"thumbnailUrl\":\"https:\/\/dev.tg4.ie\/wp-content\/uploads\/2021\/02\/Turas_Clainne_2_1920x1080.jpg\",\"datePublished\":\"2021-02-02T13:06:11+00:00\",\"dateModified\":\"2021-02-02T13:07:54+00:00\",\"breadcrumb\":{\"@id\":\"https:\/\/dev.tg4.ie\/ga\/eolas\/preas\/nuacht-raitis\/2021-2\/turas-clainne-sraith-faoi-an-turas-on-bhroinn-go-dti-an-saol\/#breadcrumb\"},\"inLanguage\":\"ga\",\"potentialAction\":[{\"@type\":\"ReadAction\",\"target\":[\"https:\/\/dev.tg4.ie\/ga\/eolas\/preas\/nuacht-raitis\/2021-2\/turas-clainne-sraith-faoi-an-turas-on-bhroinn-go-dti-an-saol\/\"]}]},{\"@type\":\"ImageObject\",\"inLanguage\":\"ga\",\"@id\":\"https:\/\/dev.tg4.ie\/ga\/eolas\/preas\/nuacht-raitis\/2021-2\/turas-clainne-sraith-faoi-an-turas-on-bhroinn-go-dti-an-saol\/#primaryimage\",\"url\":\"https:\/\/dev.tg4.ie\/wp-content\/uploads\/2021\/02\/Turas_Clainne_2_1920x1080.jpg\",\"contentUrl\":\"https:\/\/dev.tg4.ie\/wp-content\/uploads\/2021\/02\/Turas_Clainne_2_1920x1080.jpg\"},{\"@type\":\"BreadcrumbList\",\"@id\":\"https:\/\/dev.tg4.ie\/ga\/eolas\/preas\/nuacht-raitis\/2021-2\/turas-clainne-sraith-faoi-an-turas-on-bhroinn-go-dti-an-saol\/#breadcrumb\",\"itemListElement\":[{\"@type\":\"ListItem\",\"position\":1,\"name\":\"Home\",\"item\":\"https:\/\/dev.tg4.ie\/ga\/\"},{\"@type\":\"ListItem\",\"position\":2,\"name\":\"Eolas\",\"item\":\"https:\/\/dev.tg4.ie\/ga\/eolas\/\"},{\"@type\":\"ListItem\",\"position\":3,\"name\":\"Preas\",\"item\":\"https:\/\/dev.tg4.ie\/ga\/eolas\/preas\/\"},{\"@type\":\"ListItem\",\"position\":4,\"name\":\"Nuacht R\u00e1itis\",\"item\":\"https:\/\/dev.tg4.ie\/ga\/eolas\/preas\/nuacht-raitis\/\"},{\"@type\":\"ListItem\",\"position\":5,\"name\":\"2021\",\"item\":\"https:\/\/dev.tg4.ie\/ga\/eolas\/preas\/nuacht-raitis\/2021-2\/\"},{\"@type\":\"ListItem\",\"position\":6,\"name\":\"Turas Clainne &#8211; sraith faoi an turas \u00f3n bhroinn go dt\u00ed an saol\"}]},{\"@type\":\"WebSite\",\"@id\":\"https:\/\/dev.tg4.ie\/en\/#website\",\"url\":\"https:\/\/dev.tg4.ie\/en\/\",\"name\":\"TG4\",\"description\":\"S\u00fail Eile\",\"potentialAction\":[{\"@type\":\"SearchAction\",\"target\":{\"@type\":\"EntryPoint\",\"urlTemplate\":\"https:\/\/dev.tg4.ie\/en\/?s={search_term_string}\"},\"query-input\":\"required name=search_term_string\"}],\"inLanguage\":\"ga\"}]}<\/script>\n<!-- \/ Yoast SEO plugin. -->","yoast_head_json":{"title":"Turas Clainne - sraith faoi an turas \u00f3n bhroinn go dt\u00ed an saol | Preas R\u00e1iteas | TG4","robots":{"index":"index","follow":"follow","max-snippet":"max-snippet:-1","max-image-preview":"max-image-preview:large","max-video-preview":"max-video-preview:-1"},"og_locale":"en_US","og_type":"article","og_title":"Turas Clainne - sraith faoi an turas \u00f3n bhroinn go dt\u00ed an saol | Preas R\u00e1iteas | TG4","og_description":"&nbsp; Ag tos\u00fa: 18\/02\/2021 8pm ar TG4 #TurasClainne @AniarTV &nbsp; &nbsp; Gach bliain in \u00c9irinn tagann os cionn 60,000 leanbh ar an saol. Is \u00e9 an turas \u00f3n bhroinn go dt\u00ed an saol seo ceann de na turas is ionta\u00ed d\u00e1 bhfuil ann, l\u00e1n le gr\u00e1, \u00e1thas, imn\u00ed agus deora. Sa tsraith Turas Clainne fiosr\u00f3imid [&hellip;]","og_url":"https:\/\/dev.tg4.ie\/ga\/eolas\/preas\/nuacht-raitis\/2021-2\/turas-clainne-sraith-faoi-an-turas-on-bhroinn-go-dti-an-saol\/","og_site_name":"TG4","article_publisher":"https:\/\/www.facebook.com\/TG4TV","article_modified_time":"2021-02-02T13:07:54+00:00","og_image":[{"width":1920,"height":1080,"url":"https:\/\/tg4-docs.s3.amazonaws.com\/tg4-redesign-2015\/wp-content\/uploads\/2021\/02\/Turas_Clainne_2_1920x1080.jpg","type":"image\/jpeg"}],"twitter_card":"summary_large_image","twitter_image":"https:\/\/tg4-docs.s3.amazonaws.com\/tg4-redesign-2015\/wp-content\/uploads\/2021\/02\/Turas_Clainne_2_1920x1080.jpg","twitter_site":"@TG4TV","twitter_misc":{"Est. reading time":"4 minutes"},"schema":{"@context":"https:\/\/schema.org","@graph":[{"@type":"WebPage","@id":"https:\/\/dev.tg4.ie\/ga\/eolas\/preas\/nuacht-raitis\/2021-2\/turas-clainne-sraith-faoi-an-turas-on-bhroinn-go-dti-an-saol\/","url":"https:\/\/dev.tg4.ie\/ga\/eolas\/preas\/nuacht-raitis\/2021-2\/turas-clainne-sraith-faoi-an-turas-on-bhroinn-go-dti-an-saol\/","name":"Turas Clainne - sraith faoi an turas \u00f3n bhroinn go dt\u00ed an saol | Preas R\u00e1iteas | TG4","isPartOf":{"@id":"https:\/\/dev.tg4.ie\/en\/#website"},"primaryImageOfPage":{"@id":"https:\/\/dev.tg4.ie\/ga\/eolas\/preas\/nuacht-raitis\/2021-2\/turas-clainne-sraith-faoi-an-turas-on-bhroinn-go-dti-an-saol\/#primaryimage"},"image":{"@id":"https:\/\/dev.tg4.ie\/ga\/eolas\/preas\/nuacht-raitis\/2021-2\/turas-clainne-sraith-faoi-an-turas-on-bhroinn-go-dti-an-saol\/#primaryimage"},"thumbnailUrl":"https:\/\/dev.tg4.ie\/wp-content\/uploads\/2021\/02\/Turas_Clainne_2_1920x1080.jpg","datePublished":"2021-02-02T13:06:11+00:00","dateModified":"2021-02-02T13:07:54+00:00","breadcrumb":{"@id":"https:\/\/dev.tg4.ie\/ga\/eolas\/preas\/nuacht-raitis\/2021-2\/turas-clainne-sraith-faoi-an-turas-on-bhroinn-go-dti-an-saol\/#breadcrumb"},"inLanguage":"ga","potentialAction":[{"@type":"ReadAction","target":["https:\/\/dev.tg4.ie\/ga\/eolas\/preas\/nuacht-raitis\/2021-2\/turas-clainne-sraith-faoi-an-turas-on-bhroinn-go-dti-an-saol\/"]}]},{"@type":"ImageObject","inLanguage":"ga","@id":"https:\/\/dev.tg4.ie\/ga\/eolas\/preas\/nuacht-raitis\/2021-2\/turas-clainne-sraith-faoi-an-turas-on-bhroinn-go-dti-an-saol\/#primaryimage","url":"https:\/\/dev.tg4.ie\/wp-content\/uploads\/2021\/02\/Turas_Clainne_2_1920x1080.jpg","contentUrl":"https:\/\/dev.tg4.ie\/wp-content\/uploads\/2021\/02\/Turas_Clainne_2_1920x1080.jpg"},{"@type":"BreadcrumbList","@id":"https:\/\/dev.tg4.ie\/ga\/eolas\/preas\/nuacht-raitis\/2021-2\/turas-clainne-sraith-faoi-an-turas-on-bhroinn-go-dti-an-saol\/#breadcrumb","itemListElement":[{"@type":"ListItem","position":1,"name":"Home","item":"https:\/\/dev.tg4.ie\/ga\/"},{"@type":"ListItem","position":2,"name":"Eolas","item":"https:\/\/dev.tg4.ie\/ga\/eolas\/"},{"@type":"ListItem","position":3,"name":"Preas","item":"https:\/\/dev.tg4.ie\/ga\/eolas\/preas\/"},{"@type":"ListItem","position":4,"name":"Nuacht R\u00e1itis","item":"https:\/\/dev.tg4.ie\/ga\/eolas\/preas\/nuacht-raitis\/"},{"@type":"ListItem","position":5,"name":"2021","item":"https:\/\/dev.tg4.ie\/ga\/eolas\/preas\/nuacht-raitis\/2021-2\/"},{"@type":"ListItem","position":6,"name":"Turas Clainne &#8211; sraith faoi an turas \u00f3n bhroinn go dt\u00ed an saol"}]},{"@type":"WebSite","@id":"https:\/\/dev.tg4.ie\/en\/#website","url":"https:\/\/dev.tg4.ie\/en\/","name":"TG4","description":"S\u00fail Eile","potentialAction":[{"@type":"SearchAction","target":{"@type":"EntryPoint","urlTemplate":"https:\/\/dev.tg4.ie\/en\/?s={search_term_string}"},"query-input":"required name=search_term_string"}],"inLanguage":"ga"}]}},"_links":{"self":[{"href":"https:\/\/dev.tg4.ie\/ga\/wp-json\/wp\/v2\/pages\/115945"}],"collection":[{"href":"https:\/\/dev.tg4.ie\/ga\/wp-json\/wp\/v2\/pages"}],"about":[{"href":"https:\/\/dev.tg4.ie\/ga\/wp-json\/wp\/v2\/types\/page"}],"author":[{"embeddable":true,"href":"https:\/\/dev.tg4.ie\/ga\/wp-json\/wp\/v2\/users\/876"}],"replies":[{"embeddable":true,"href":"https:\/\/dev.tg4.ie\/ga\/wp-json\/wp\/v2\/comments?post=115945"}],"version-history":[{"count":0,"href":"https:\/\/dev.tg4.ie\/ga\/wp-json\/wp\/v2\/pages\/115945\/revisions"}],"up":[{"embeddable":true,"href":"https:\/\/dev.tg4.ie\/ga\/wp-json\/wp\/v2\/pages\/115579"}],"wp:attachment":[{"href":"https:\/\/dev.tg4.ie\/ga\/wp-json\/wp\/v2\/media?parent=115945"}],"curies":[{"name":"wp","href":"https:\/\/api.w.org\/{rel}","templated":true}]}}