{"id":115960,"date":"2021-02-03T13:02:16","date_gmt":"2021-02-03T13:02:16","guid":{"rendered":"https:\/\/dev.tg4.ie\/?page_id=115960"},"modified":"2021-02-03T14:59:08","modified_gmt":"2021-02-03T14:59:08","slug":"aip-nua-don-teilfis-chliste-seolta-ag-tg4","status":"publish","type":"page","link":"https:\/\/dev.tg4.ie\/ga\/eolas\/preas\/nuacht-raitis\/2021-2\/aip-nua-don-teilfis-chliste-seolta-ag-tg4\/","title":{"rendered":"Aip nua don Teilf\u00eds Chliste seolta ag TG4"},"content":{"rendered":"<p><a href=\"https:\/\/tg4-docs.s3.amazonaws.com\/tg4-redesign-2015\/wp-content\/uploads\/2021\/02\/Aip_Cliste_1_1920x1080.jpg\"><img loading=\"lazy\" decoding=\"async\" width=\"1920\" height=\"1080\" src=\"https:\/\/tg4-docs.s3.amazonaws.com\/tg4-redesign-2015\/wp-content\/uploads\/2021\/02\/Aip_Cliste_1_1920x1080.jpg\" alt=\"\" class=\"aligncenter size-full wp-image-115973\" srcset=\"https:\/\/tg4-docs.s3.amazonaws.com\/tg4-redesign-2015\/wp-content\/uploads\/2021\/02\/Aip_Cliste_1_1920x1080.jpg 1920w, https:\/\/tg4-docs.s3.amazonaws.com\/tg4-redesign-2015\/wp-content\/uploads\/2021\/02\/Aip_Cliste_1_1920x1080-250x141.jpg 250w, https:\/\/tg4-docs.s3.amazonaws.com\/tg4-redesign-2015\/wp-content\/uploads\/2021\/02\/Aip_Cliste_1_1920x1080-700x394.jpg 700w, https:\/\/tg4-docs.s3.amazonaws.com\/tg4-redesign-2015\/wp-content\/uploads\/2021\/02\/Aip_Cliste_1_1920x1080-252x141.jpg 252w, https:\/\/tg4-docs.s3.amazonaws.com\/tg4-redesign-2015\/wp-content\/uploads\/2021\/02\/Aip_Cliste_1_1920x1080-1536x864.jpg 1536w, https:\/\/tg4-docs.s3.amazonaws.com\/tg4-redesign-2015\/wp-content\/uploads\/2021\/02\/Aip_Cliste_1_1920x1080-120x68.jpg 120w\" sizes=\"(max-width: 1920px) 100vw, 1920px\" \/><\/a><br \/>\n&nbsp;<\/p>\n<p>T\u00e1 \u00e1thas ar TG4 a fh\u00f3gairt go bhfuil aip nua teilif\u00edse seolta aige do theilif\u00edse\u00e1in chliste.  Is f\u00e9idir an aip teilif\u00edse a \u00edosl\u00f3d\u00e1il \u00f3n App Store ar theilif\u00edse\u00e1in chliste de dh\u00e9ant\u00fas <strong>Samsung<\/strong>, <strong>Sony<\/strong> agus <strong>LG<\/strong>, chomh maith le gairis eile OTT <strong>Apple TV<\/strong> (4\u00fa agus 5\u00fa gl\u00fain), <strong>Amazon Fire<\/strong>, <strong>AndroidTV<\/strong> agus <strong>Google TV<\/strong>.<br \/>\n&nbsp;<\/p>\n<p>Is ag TG4 a bh\u00ed an ch\u00e9ad seinnteoir teilif\u00edse in \u00c9irinn <a href=\"https:\/\/dev.tg4.ie\" rel=\"noopener\" target=\"_blank\">www.tg4.ie<\/a> a seoladh in 2002.  Rinne foireann inmhe\u00e1nach i TG4 dearadh agus forbairt ar an aip nua don teilif\u00eds chliste i gcomhar le 8bytes, comhlacht forbartha gr\u00e9as\u00e1in as \u00c9irinn.  Is \u00ed an aip seo an fhorbairt is d\u00e9ana\u00ed \u00f3 TG4 chun freastal ar lucht f\u00e9achana teilif\u00edse ar ard\u00e1in agus gairis \u00e9ags\u00fala.<br \/>\n&nbsp;<br \/>\nIs f\u00e9idir chomh maith aip TG4 a \u00edosl\u00f3d\u00e1il ar ghairis soghluaiste iOS agus Android, agus cl\u00e1r a theilg le Google Chromecast agus Apple TV.<br \/>\n&nbsp;<\/p>\n<p>T\u00e1 roghanna eisiacha nua ar f\u00e1il ar an aip don teilif\u00eds chliste nach bhfuil ar f\u00e1il ar sheinnteoir\u00ed eile; ar n\u00f3s &#8216;Tosaigh \u00f3n T\u00fas&#8217; <strong>(start over)<\/strong> + 1 agus + 2 nuair at\u00e1 duine ag breathn\u00fa ar an sruth BEO.   Tugann sin roghanna nua don lucht f\u00e9achana agus iad ag \u00fas\u00e1id na haipe i nd\u00e1il le cathain agus conas ar mhaith leo f\u00e9achaint ar TG4 ar a dteilif\u00edse\u00e1in chliste.  Is f\u00e9idir leis an t\u00e9 at\u00e1 ag iarraidh fotheidil a chur ar si\u00fal sin a dh\u00e9anamh ar an aip nua.<br \/>\n&nbsp;<\/p>\n<p>Is f\u00e9idir le lucht f\u00e9achana taitneamh a bhaint as sceideal reatha TG4 ar an aip nua chomh maith le n\u00edos m\u00f3 n\u00e1 c\u00e9ad baili\u00fach\u00e1n de na cl\u00e1racha is fearr at\u00e1 ag TG4 idir cheol, dhr\u00e1ma\u00edocht, fhaisn\u00e9is, fhaisn\u00e9is sp\u00f3irt ar n\u00f3s Laochra Gael, baili\u00fach\u00e1in siamsa\u00edochta cos\u00fail le Hector agus Paisean Faisean agus r\u00e9imse leathan cl\u00e1racha do ph\u00e1ist\u00ed.  T\u00e1 an chuid is m\u00f3 den \u00e1bhar at\u00e1 ar sheinnteoir TG4 ar f\u00e1il ar fud an domhain.  Is f\u00e9idir le m\u00fainteoir\u00ed agus tuismitheoir\u00ed leas a bhaint as an aip nua le teacht ar \u00e1bhar C\u00fala4 ar Scoil chun tac\u00fa le p\u00e1ist\u00ed at\u00e1 ag foghlaim sa bhaile mar gheall ar scoileanna a bheith d\u00fanta de bharr srianta Leibh\u00e9al 5.<br \/>\n&nbsp;<\/p>\n<p><strong>D\u00fairt Bainisteoir C\u00f3rais Craolach\u00e1in TG4, John Higgins<\/strong>, <em>&#8220;T\u00e1imid i gc\u00f3na\u00ed ag lorg beala\u00ed nua agus nu\u00e1lacha chun freastal ar \u00e1r lucht f\u00e9achana. Cuireann an aip is d\u00e9ana\u00ed don teilif\u00eds chliste roinnt roghanna nua ar f\u00e1il at\u00e1 eisiach do TG4. M\u00e1 chaill t\u00fa t\u00fas aon chl\u00e1r beo a thaitn\u00edonn go m\u00f3r leat, is f\u00e9idir leat \u00e9 a chur siar go dt\u00ed an t\u00fas ar\u00eds, \u00e9 a stopadh n\u00f3 \u00e9 a chasadh air ar\u00eds agus t\u00fa ag breathn\u00fa ar an sruth BEO. Mar gheall gur baineadh \u00fas\u00e1id as teicneola\u00edocht Cloud agus chomh oilte agus cruthaitheach is at\u00e1 foireann TG4, t\u00e1 go leor roghanna ann anois chun f\u00e9achaint ar \u00e1bhar TG4 agus taitneamh a bhaint as.&#8221;<\/em><br \/>\n&nbsp;<\/p>\n<p><strong>D\u00fairt Bainisteoir Ard\u00e1in TG4 Peadar \u00d3 Flatharta<\/strong>, <em>&#8220;Is c\u00e9im mh\u00f3r eile \u00e9 seoladh na haipe nua don teilif\u00eds chliste chun \u00e1r misean &#8216;TG4 Gach \u00c1it&#8217; a bhaint amach. Is f\u00e9idir teacht ar \u00e1bhar TG4 anois ar gach ard\u00e1n; ar theilif\u00edse\u00e1in chliste, OTT, go soghluaiste agus ar an idirl\u00edon. Th\u00e1inig m\u00e9ad\u00fa 158% ar shruthanna f\u00edse ar \u00e9ileamh ar sheinnteoir TG4 anuraidh.  Tugann an aip seo rogha eile don lucht f\u00e9achana maidir leis an mbealach is mian leo f\u00e9achaint ar chl\u00e1racha TG4.&#8221;<\/em><\/p>\n<p>&nbsp;<br \/>\n&nbsp;<br \/>\n&nbsp;<\/p>\n","protected":false},"excerpt":{"rendered":"<p>&nbsp; T\u00e1 \u00e1thas ar TG4 a fh\u00f3gairt go bhfuil aip nua teilif\u00edse seolta aige do theilif\u00edse\u00e1in chliste. Is f\u00e9idir an aip teilif\u00edse a \u00edosl\u00f3d\u00e1il \u00f3n App Store ar theilif\u00edse\u00e1in chliste de dh\u00e9ant\u00fas Samsung, Sony agus LG, chomh maith le gairis eile OTT Apple TV (4\u00fa agus 5\u00fa gl\u00fain), Amazon Fire, AndroidTV agus Google TV. &nbsp; [&hellip;]<\/p>\n","protected":false},"author":876,"featured_media":0,"parent":115579,"menu_order":11,"comment_status":"closed","ping_status":"closed","template":"page-templates\/template-pr.php","meta":{"_acf_changed":false,"footnotes":""},"acf":[],"yoast_head":"<!-- This site is optimized with the Yoast SEO plugin v22.6 - https:\/\/yoast.com\/wordpress\/plugins\/seo\/ -->\n<title>Aip nua don Teilf\u00eds Chliste seolta ag TG4 | Preas R\u00e1iteas | TG4<\/title>\n<meta name=\"robots\" content=\"index, follow, max-snippet:-1, max-image-preview:large, max-video-preview:-1\" \/>\n<meta property=\"og:locale\" content=\"en_US\" \/>\n<meta property=\"og:type\" content=\"article\" \/>\n<meta property=\"og:title\" content=\"Aip nua don Teilf\u00eds Chliste seolta ag TG4 | Preas R\u00e1iteas | TG4\" \/>\n<meta property=\"og:description\" content=\"&nbsp; T\u00e1 \u00e1thas ar TG4 a fh\u00f3gairt go bhfuil aip nua teilif\u00edse seolta aige do theilif\u00edse\u00e1in chliste. Is f\u00e9idir an aip teilif\u00edse a \u00edosl\u00f3d\u00e1il \u00f3n App Store ar theilif\u00edse\u00e1in chliste de dh\u00e9ant\u00fas Samsung, Sony agus LG, chomh maith le gairis eile OTT Apple TV (4\u00fa agus 5\u00fa gl\u00fain), Amazon Fire, AndroidTV agus Google TV. &nbsp; [&hellip;]\" \/>\n<meta property=\"og:url\" content=\"https:\/\/dev.tg4.ie\/ga\/eolas\/preas\/nuacht-raitis\/2021-2\/aip-nua-don-teilfis-chliste-seolta-ag-tg4\/\" \/>\n<meta property=\"og:site_name\" content=\"TG4\" \/>\n<meta property=\"article:publisher\" content=\"https:\/\/www.facebook.com\/TG4TV\" \/>\n<meta property=\"article:modified_time\" content=\"2021-02-03T14:59:08+00:00\" \/>\n<meta property=\"og:image\" content=\"https:\/\/tg4-docs.s3.amazonaws.com\/tg4-redesign-2015\/wp-content\/uploads\/2021\/02\/Aip_Cliste_1_1920x1080.jpg\" \/>\n\t<meta property=\"og:image:width\" content=\"1920\" \/>\n\t<meta property=\"og:image:height\" content=\"1080\" \/>\n\t<meta property=\"og:image:type\" content=\"image\/jpeg\" \/>\n<meta name=\"twitter:card\" content=\"summary_large_image\" \/>\n<meta name=\"twitter:image\" content=\"https:\/\/tg4-docs.s3.amazonaws.com\/tg4-redesign-2015\/wp-content\/uploads\/2021\/02\/Aip_Cliste_1_1920x1080.jpg\" \/>\n<meta name=\"twitter:site\" content=\"@TG4TV\" \/>\n<meta name=\"twitter:label1\" content=\"Est. reading time\" \/>\n\t<meta name=\"twitter:data1\" content=\"3 minutes\" \/>\n<script type=\"application\/ld+json\" class=\"yoast-schema-graph\">{\"@context\":\"https:\/\/schema.org\",\"@graph\":[{\"@type\":\"WebPage\",\"@id\":\"https:\/\/dev.tg4.ie\/ga\/eolas\/preas\/nuacht-raitis\/2021-2\/aip-nua-don-teilfis-chliste-seolta-ag-tg4\/\",\"url\":\"https:\/\/dev.tg4.ie\/ga\/eolas\/preas\/nuacht-raitis\/2021-2\/aip-nua-don-teilfis-chliste-seolta-ag-tg4\/\",\"name\":\"Aip nua don Teilf\u00eds Chliste seolta ag TG4 | Preas R\u00e1iteas | TG4\",\"isPartOf\":{\"@id\":\"https:\/\/dev.tg4.ie\/en\/#website\"},\"primaryImageOfPage\":{\"@id\":\"https:\/\/dev.tg4.ie\/ga\/eolas\/preas\/nuacht-raitis\/2021-2\/aip-nua-don-teilfis-chliste-seolta-ag-tg4\/#primaryimage\"},\"image\":{\"@id\":\"https:\/\/dev.tg4.ie\/ga\/eolas\/preas\/nuacht-raitis\/2021-2\/aip-nua-don-teilfis-chliste-seolta-ag-tg4\/#primaryimage\"},\"thumbnailUrl\":\"https:\/\/dev.tg4.ie\/wp-content\/uploads\/2021\/02\/Aip_Cliste_1_1920x1080.jpg\",\"datePublished\":\"2021-02-03T13:02:16+00:00\",\"dateModified\":\"2021-02-03T14:59:08+00:00\",\"breadcrumb\":{\"@id\":\"https:\/\/dev.tg4.ie\/ga\/eolas\/preas\/nuacht-raitis\/2021-2\/aip-nua-don-teilfis-chliste-seolta-ag-tg4\/#breadcrumb\"},\"inLanguage\":\"ga\",\"potentialAction\":[{\"@type\":\"ReadAction\",\"target\":[\"https:\/\/dev.tg4.ie\/ga\/eolas\/preas\/nuacht-raitis\/2021-2\/aip-nua-don-teilfis-chliste-seolta-ag-tg4\/\"]}]},{\"@type\":\"ImageObject\",\"inLanguage\":\"ga\",\"@id\":\"https:\/\/dev.tg4.ie\/ga\/eolas\/preas\/nuacht-raitis\/2021-2\/aip-nua-don-teilfis-chliste-seolta-ag-tg4\/#primaryimage\",\"url\":\"https:\/\/dev.tg4.ie\/wp-content\/uploads\/2021\/02\/Aip_Cliste_1_1920x1080.jpg\",\"contentUrl\":\"https:\/\/dev.tg4.ie\/wp-content\/uploads\/2021\/02\/Aip_Cliste_1_1920x1080.jpg\"},{\"@type\":\"BreadcrumbList\",\"@id\":\"https:\/\/dev.tg4.ie\/ga\/eolas\/preas\/nuacht-raitis\/2021-2\/aip-nua-don-teilfis-chliste-seolta-ag-tg4\/#breadcrumb\",\"itemListElement\":[{\"@type\":\"ListItem\",\"position\":1,\"name\":\"Home\",\"item\":\"https:\/\/dev.tg4.ie\/ga\/\"},{\"@type\":\"ListItem\",\"position\":2,\"name\":\"Eolas\",\"item\":\"https:\/\/dev.tg4.ie\/ga\/eolas\/\"},{\"@type\":\"ListItem\",\"position\":3,\"name\":\"Preas\",\"item\":\"https:\/\/dev.tg4.ie\/ga\/eolas\/preas\/\"},{\"@type\":\"ListItem\",\"position\":4,\"name\":\"Nuacht R\u00e1itis\",\"item\":\"https:\/\/dev.tg4.ie\/ga\/eolas\/preas\/nuacht-raitis\/\"},{\"@type\":\"ListItem\",\"position\":5,\"name\":\"2021\",\"item\":\"https:\/\/dev.tg4.ie\/ga\/eolas\/preas\/nuacht-raitis\/2021-2\/\"},{\"@type\":\"ListItem\",\"position\":6,\"name\":\"Aip nua don Teilf\u00eds Chliste seolta ag TG4\"}]},{\"@type\":\"WebSite\",\"@id\":\"https:\/\/dev.tg4.ie\/en\/#website\",\"url\":\"https:\/\/dev.tg4.ie\/en\/\",\"name\":\"TG4\",\"description\":\"S\u00fail Eile\",\"potentialAction\":[{\"@type\":\"SearchAction\",\"target\":{\"@type\":\"EntryPoint\",\"urlTemplate\":\"https:\/\/dev.tg4.ie\/en\/?s={search_term_string}\"},\"query-input\":\"required name=search_term_string\"}],\"inLanguage\":\"ga\"}]}<\/script>\n<!-- \/ Yoast SEO plugin. -->","yoast_head_json":{"title":"Aip nua don Teilf\u00eds Chliste seolta ag TG4 | Preas R\u00e1iteas | TG4","robots":{"index":"index","follow":"follow","max-snippet":"max-snippet:-1","max-image-preview":"max-image-preview:large","max-video-preview":"max-video-preview:-1"},"og_locale":"en_US","og_type":"article","og_title":"Aip nua don Teilf\u00eds Chliste seolta ag TG4 | Preas R\u00e1iteas | TG4","og_description":"&nbsp; T\u00e1 \u00e1thas ar TG4 a fh\u00f3gairt go bhfuil aip nua teilif\u00edse seolta aige do theilif\u00edse\u00e1in chliste. Is f\u00e9idir an aip teilif\u00edse a \u00edosl\u00f3d\u00e1il \u00f3n App Store ar theilif\u00edse\u00e1in chliste de dh\u00e9ant\u00fas Samsung, Sony agus LG, chomh maith le gairis eile OTT Apple TV (4\u00fa agus 5\u00fa gl\u00fain), Amazon Fire, AndroidTV agus Google TV. &nbsp; [&hellip;]","og_url":"https:\/\/dev.tg4.ie\/ga\/eolas\/preas\/nuacht-raitis\/2021-2\/aip-nua-don-teilfis-chliste-seolta-ag-tg4\/","og_site_name":"TG4","article_publisher":"https:\/\/www.facebook.com\/TG4TV","article_modified_time":"2021-02-03T14:59:08+00:00","og_image":[{"width":1920,"height":1080,"url":"https:\/\/tg4-docs.s3.amazonaws.com\/tg4-redesign-2015\/wp-content\/uploads\/2021\/02\/Aip_Cliste_1_1920x1080.jpg","type":"image\/jpeg"}],"twitter_card":"summary_large_image","twitter_image":"https:\/\/tg4-docs.s3.amazonaws.com\/tg4-redesign-2015\/wp-content\/uploads\/2021\/02\/Aip_Cliste_1_1920x1080.jpg","twitter_site":"@TG4TV","twitter_misc":{"Est. reading time":"3 minutes"},"schema":{"@context":"https:\/\/schema.org","@graph":[{"@type":"WebPage","@id":"https:\/\/dev.tg4.ie\/ga\/eolas\/preas\/nuacht-raitis\/2021-2\/aip-nua-don-teilfis-chliste-seolta-ag-tg4\/","url":"https:\/\/dev.tg4.ie\/ga\/eolas\/preas\/nuacht-raitis\/2021-2\/aip-nua-don-teilfis-chliste-seolta-ag-tg4\/","name":"Aip nua don Teilf\u00eds Chliste seolta ag TG4 | Preas R\u00e1iteas | TG4","isPartOf":{"@id":"https:\/\/dev.tg4.ie\/en\/#website"},"primaryImageOfPage":{"@id":"https:\/\/dev.tg4.ie\/ga\/eolas\/preas\/nuacht-raitis\/2021-2\/aip-nua-don-teilfis-chliste-seolta-ag-tg4\/#primaryimage"},"image":{"@id":"https:\/\/dev.tg4.ie\/ga\/eolas\/preas\/nuacht-raitis\/2021-2\/aip-nua-don-teilfis-chliste-seolta-ag-tg4\/#primaryimage"},"thumbnailUrl":"https:\/\/dev.tg4.ie\/wp-content\/uploads\/2021\/02\/Aip_Cliste_1_1920x1080.jpg","datePublished":"2021-02-03T13:02:16+00:00","dateModified":"2021-02-03T14:59:08+00:00","breadcrumb":{"@id":"https:\/\/dev.tg4.ie\/ga\/eolas\/preas\/nuacht-raitis\/2021-2\/aip-nua-don-teilfis-chliste-seolta-ag-tg4\/#breadcrumb"},"inLanguage":"ga","potentialAction":[{"@type":"ReadAction","target":["https:\/\/dev.tg4.ie\/ga\/eolas\/preas\/nuacht-raitis\/2021-2\/aip-nua-don-teilfis-chliste-seolta-ag-tg4\/"]}]},{"@type":"ImageObject","inLanguage":"ga","@id":"https:\/\/dev.tg4.ie\/ga\/eolas\/preas\/nuacht-raitis\/2021-2\/aip-nua-don-teilfis-chliste-seolta-ag-tg4\/#primaryimage","url":"https:\/\/dev.tg4.ie\/wp-content\/uploads\/2021\/02\/Aip_Cliste_1_1920x1080.jpg","contentUrl":"https:\/\/dev.tg4.ie\/wp-content\/uploads\/2021\/02\/Aip_Cliste_1_1920x1080.jpg"},{"@type":"BreadcrumbList","@id":"https:\/\/dev.tg4.ie\/ga\/eolas\/preas\/nuacht-raitis\/2021-2\/aip-nua-don-teilfis-chliste-seolta-ag-tg4\/#breadcrumb","itemListElement":[{"@type":"ListItem","position":1,"name":"Home","item":"https:\/\/dev.tg4.ie\/ga\/"},{"@type":"ListItem","position":2,"name":"Eolas","item":"https:\/\/dev.tg4.ie\/ga\/eolas\/"},{"@type":"ListItem","position":3,"name":"Preas","item":"https:\/\/dev.tg4.ie\/ga\/eolas\/preas\/"},{"@type":"ListItem","position":4,"name":"Nuacht R\u00e1itis","item":"https:\/\/dev.tg4.ie\/ga\/eolas\/preas\/nuacht-raitis\/"},{"@type":"ListItem","position":5,"name":"2021","item":"https:\/\/dev.tg4.ie\/ga\/eolas\/preas\/nuacht-raitis\/2021-2\/"},{"@type":"ListItem","position":6,"name":"Aip nua don Teilf\u00eds Chliste seolta ag TG4"}]},{"@type":"WebSite","@id":"https:\/\/dev.tg4.ie\/en\/#website","url":"https:\/\/dev.tg4.ie\/en\/","name":"TG4","description":"S\u00fail Eile","potentialAction":[{"@type":"SearchAction","target":{"@type":"EntryPoint","urlTemplate":"https:\/\/dev.tg4.ie\/en\/?s={search_term_string}"},"query-input":"required name=search_term_string"}],"inLanguage":"ga"}]}},"_links":{"self":[{"href":"https:\/\/dev.tg4.ie\/ga\/wp-json\/wp\/v2\/pages\/115960"}],"collection":[{"href":"https:\/\/dev.tg4.ie\/ga\/wp-json\/wp\/v2\/pages"}],"about":[{"href":"https:\/\/dev.tg4.ie\/ga\/wp-json\/wp\/v2\/types\/page"}],"author":[{"embeddable":true,"href":"https:\/\/dev.tg4.ie\/ga\/wp-json\/wp\/v2\/users\/876"}],"replies":[{"embeddable":true,"href":"https:\/\/dev.tg4.ie\/ga\/wp-json\/wp\/v2\/comments?post=115960"}],"version-history":[{"count":0,"href":"https:\/\/dev.tg4.ie\/ga\/wp-json\/wp\/v2\/pages\/115960\/revisions"}],"up":[{"embeddable":true,"href":"https:\/\/dev.tg4.ie\/ga\/wp-json\/wp\/v2\/pages\/115579"}],"wp:attachment":[{"href":"https:\/\/dev.tg4.ie\/ga\/wp-json\/wp\/v2\/media?parent=115960"}],"curies":[{"name":"wp","href":"https:\/\/api.w.org\/{rel}","templated":true}]}}