{"id":116017,"date":"2021-02-09T17:16:20","date_gmt":"2021-02-09T17:16:20","guid":{"rendered":"https:\/\/dev.tg4.ie\/?page_id=116017"},"modified":"2021-02-09T17:16:20","modified_gmt":"2021-02-09T17:16:20","slug":"sraith-nua-faoin-rasaiocht-seilge-naisiunta","status":"publish","type":"page","link":"https:\/\/dev.tg4.ie\/ga\/eolas\/preas\/nuacht-raitis\/2021-2\/sraith-nua-faoin-rasaiocht-seilge-naisiunta\/","title":{"rendered":"Sraith Nua Faoin R\u00e1sa\u00edocht Seilge N\u00e1isi\u00fanta"},"content":{"rendered":"<p><a href=\"https:\/\/tg4-docs.s3.amazonaws.com\/tg4-redesign-2015\/wp-content\/uploads\/2021\/02\/Arkle_1_1920x1080.jpg\"><img loading=\"lazy\" decoding=\"async\" width=\"1920\" height=\"1080\" src=\"https:\/\/tg4-docs.s3.amazonaws.com\/tg4-redesign-2015\/wp-content\/uploads\/2021\/02\/Arkle_1_1920x1080.jpg\" alt=\"Arkle\" class=\"aligncenter size-full wp-image-116020\" srcset=\"https:\/\/tg4-docs.s3.amazonaws.com\/tg4-redesign-2015\/wp-content\/uploads\/2021\/02\/Arkle_1_1920x1080.jpg 1920w, https:\/\/tg4-docs.s3.amazonaws.com\/tg4-redesign-2015\/wp-content\/uploads\/2021\/02\/Arkle_1_1920x1080-250x141.jpg 250w, https:\/\/tg4-docs.s3.amazonaws.com\/tg4-redesign-2015\/wp-content\/uploads\/2021\/02\/Arkle_1_1920x1080-700x394.jpg 700w, https:\/\/tg4-docs.s3.amazonaws.com\/tg4-redesign-2015\/wp-content\/uploads\/2021\/02\/Arkle_1_1920x1080-252x141.jpg 252w, https:\/\/tg4-docs.s3.amazonaws.com\/tg4-redesign-2015\/wp-content\/uploads\/2021\/02\/Arkle_1_1920x1080-1536x864.jpg 1536w, https:\/\/tg4-docs.s3.amazonaws.com\/tg4-redesign-2015\/wp-content\/uploads\/2021\/02\/Arkle_1_1920x1080-120x68.jpg 120w\" sizes=\"(max-width: 1920px) 100vw, 1920px\" \/><\/a><br \/>\n&nbsp;<\/p>\n<p>&nbsp;<\/p>\n<div style=\"position: relative; overflow: auto; width: 100%; padding-bottom: 56.25%;\"><iframe loading=\"lazy\" src=\"https:\/\/www.youtube.com\/embed\/AtHz73wwRJI\" width=\"100%\" height=\"100%\" frameborder=\"0\" scrolling=\"no\" allowFullscreen=\"true\" style=\"position: absolute; top: 0px; display: block;\"><\/iframe><\/div>\n<p>&nbsp;<\/p>\n<p>T\u00e1 r\u00edm\u00e9ad ar TG4 agus ar Touchline Media a fh\u00f3gairt go bhfuil sraith nua faoi r\u00e1sa\u00edocht chapall,<em>\u2018Laochra Na R\u00e1sa\u00edochta\u2019<\/em>, ar a mbeidh cur s\u00edos ar roinnt de na capaill Seilge N\u00e1isi\u00fanta is fearr in \u00c9ireann, coimisi\u00fanaithe go speisialta ag TG4 agus cuirfear t\u00fas leis D\u00e9ardaoin an 18 Feabhra le cl\u00e1r faisn\u00e9ise uair a chloig ina n-inseofar sc\u00e9al <strong>Arkle<\/strong>, a bhuaigh an Corn \u00d3ir ag Cheltenham tr\u00ed ghe\u00e1bh sna 1960id\u00ed. Is athchraoladh at\u00e1 sa chl\u00e1r seo, cl\u00e1r a bhua Gradam IFTA don Chl\u00e1r Faisn\u00e9ise Sp\u00f3irt is Fearr, agus a craoladh den ch\u00e9ad uair ar TG4 i M\u00e1rta 2014.<br \/>\n&nbsp;<br \/>\nCraolfar an Dara Cl\u00e1r de <em>\u2018Laochra Na R\u00e1sa\u00edochta\u2019<\/em>  an 25 Feabhra, cl\u00e1r ina n-inseofar sc\u00e9al: <strong>L\u2019Escargot<\/strong> \u2013 a bhuaigh an Corn \u00d3ir i 1970 agus i 1971 agus an Grand National i 1975. <strong>Captain Christy<\/strong> \u2013 a bhuaigh an Corn \u00d3ir i 1974. <strong>Brown Lad<\/strong> \u2013 an t-aon chapall riamh a bhuaigh Grand National na h\u00c9ireann tr\u00ed ghe\u00e1bh. <strong>Monksfield<\/strong> \u2013 a bhuaigh an Champion Hurdle dh\u00e1 bhliain as a ch\u00e9ile i 1978 agus i 1979. Agus <strong>Istabraq<\/strong> \u2013 an capall cliathr\u00e1sa\u00edochta ab fhearr riamh dar le daoine, a bhuaigh tr\u00ed Champion Hurdle as a ch\u00e9ile. Beidh Aidan O\u2019Brien, JP McManus, Charlie Swan, Arthur Moore, Ted Walsh, Tom Taaffe, Jim Dreaper, Des McDonogh, Jonjo O\u2019Neill, Sandra Hughes, Paul Carberry agus Nina Carberry p\u00e1irteach sa chl\u00e1r.<br \/>\n&nbsp;<br \/>\nCraolfar an Tr\u00ed\u00fa Cl\u00e1r de <em>\u2018Laochra Na R\u00e1sa\u00edochta\u2019<\/em>  an 4 M\u00e1rta, ina nd\u00e9anfar cur s\u00edos ar sc\u00e9al cheithre chapall a bhfuil an-ghean ag lucht sp\u00e9ise r\u00e1sa\u00edochta capall na h\u00c9ireann orthu: <strong>Limestone Lad<\/strong> \u2013 a mba le muintir Bowe as an nGeata B\u00e1n i gContae Chill Chainnigh \u00ed, agus ba ann a t\u00f3gadh agus a traen\u00e1ladh freisin \u00ed. <strong>Danoli<\/strong> \u2013 \u2018Curadh na nDaoine \u2019 dar le go leor \u2013 ba \u00e9 Tom Foley a thraen\u00e1il \u00ed ina aice le Muine Bheag i gContae Cheatharlach. Agus <strong>Dorans Pride<\/strong> agus <strong>Beef Or Salmon<\/strong> \u2013 dh\u00e1 chapall a tharraing cl\u00fa agus c\u00e1il ollmh\u00f3r ar a dtraen\u00e1la\u00ed, Michael Hourigan as Luimneach i saol na r\u00e1sa\u00edochta capall.   Beidh Michael and John Bowe, Tom Foley, Tommy agus Jim Treacy, Michael Hourigan, Kay Hourigan, Charlie Swan, Aidan O\u2019Brien agus Ted Walsh p\u00e1irteach sa chl\u00e1r.<br \/>\n&nbsp;<br \/>\nCraolfar an Ceathr\u00fa Cl\u00e1r de <em>\u2018Laochra Na R\u00e1sa\u00edochta\u2019<\/em>  an 11 M\u00e1rta, cl\u00e1r ina n-inseofar sc\u00e9al: <strong>Florida Pearl<\/strong> \u2013 an capall a tharraing c\u00e1il ar an traen\u00e1la\u00ed Willie Mullins agus a bhuaigh Corn \u00d3ir Hennessy ceithre huaire. <strong>Hardy Eustace<\/strong> \u2013 a bhuaigh an Champion Hurdle ag Cheltenham dh\u00e1 bhliain as a ch\u00e9ile in 2004 &#038; 2005, le linn r\u00e9 \u00f3rga do lucht na gcapall cliathr\u00e1sa\u00edochta as \u00c9irinn. Agus <strong>Moscow Flyer<\/strong> \u2013 a thraen\u00e1il Jessica Harrington agus a raibh Barry Geraghty ag marca\u00edocht uirthi &#8211; capall a bhuaigh roinnt r\u00e1sa\u00ed den Ch\u00e9ad Ghr\u00e1d, lena n-\u00e1ir\u00edtear an Queen Mother Champion Chase a bhuachan faoi dh\u00f3 ag F\u00e9ile Cheltenham. Beidh Willie Mullins, Jessica Harrington, Barry Geraghty, Conor O\u2019Dwyer, Davy Russell, David Casey, Sandra Hughes agus Eamonn Leigh p\u00e1irteach sa chl\u00e1r.<br \/>\n&nbsp;<br \/>\nBeidh na pr\u00edomhcharachtair ar fad p\u00e1irteach sa chl\u00e1r faisn\u00e9ise speisialta seo faoi <strong>Dawn Run<\/strong>, (an c\u00faigi\u00fa cl\u00e1r) agus an cl\u00e1r deiridh de <em>&#8216;Laochra Na R\u00e1sa\u00edochta&#8217;<\/em>, ina n-inseofar sc\u00e9al at\u00e1 deacair le creidi\u00faint agus an d\u00f3chas agus an gaisce, an d\u00edom\u00e1 agus an gradam agus, ar deireadh thiar, an tubaiste i gcoimhlint lena ch\u00e9ile. I measc na ndaoine a bheidh p\u00e1irteach sa chl\u00e1r seo beidh Paddy Mullins, nach maireann, a bhean Maureen, agus a gclann mhac Tony, Tom agus Willie Mullins. Feicfear chomh maith an t-\u00fain\u00e9ir Charmian Hill, nach maireann, agus a mac Jeremy Hill agus tabharfaidh an marcach Jonjo O\u2019Neill a l\u00e9argas saini\u00fail f\u00e9in ar cheann de na sc\u00e9alta is ionta\u00ed \u00f3 thaobh na r\u00e1sa\u00edochta de. Mar chuid den chl\u00e1r faisn\u00e9ise seo faoi Dawn Run, taispe\u00e1nfar freisin an choimhlint nach nd\u00e9anfar dearmad cho\u00edche air a bh\u00ed ann i 1986 idir Dawn Run agus Buck House ag Baile Ph\u00fainse agus d\u00e9anfaidh an traen\u00e1la\u00ed,  Mouse Morris, agus an marcach Tommy Carmody cur s\u00edos ar na cuimhn\u00ed cinn at\u00e1 acu f\u00e9in ar an l\u00e1 speisialta sin.<br \/>\n&nbsp;<br \/>\nIs \u00e9 Stephen Cullinane a sti\u00fair <em>\u2018Laochra na R\u00e1sa\u00edochta\u2019<\/em> , is iad Denis Kirwan agus Dave Keena l\u00e9iritheoir\u00ed na sraithe, agus is \u00e9 Peter Moffett an sti\u00farth\u00f3ir f\u00f3tagrafa\u00edochta.<br \/>\n&nbsp;<br \/>\n<em>&#8220;C\u00e9 is moite den \u00e9acht ollmh\u00f3r a rinne Arkle sna 60aid\u00ed, agus an gaisce m\u00f3r at\u00e1 d\u00e9anta ag capaill na h\u00c9ireann leis na deicheanna de bhlianta, bh\u00ed blianta \u00e1irithe ann nach raibh thar mholadh beirte ach amh\u00e1in go mb\u00edodh, anois agus ar\u00eds, capall \u00e9igin buacach ag na himeachta\u00ed m\u00f3ra a d\u2019ard\u00f3dh cro\u00ed duine. Cuireann \u2018Laochra na R\u00e1sa\u00edochta\u2019 beocht i gcuid mhaith de na himeachta\u00ed iontacha seo. T\u00e1 l\u00fach\u00e1ir ar Touchline Media gur choimisi\u00fanaigh TG4 go speisialta iad leis an tsraith de chl\u00e1ir faisn\u00e9ise th\u00e1bhachtacha seo a l\u00e9iri\u00fa, sraith a ndeineadh scann\u00e1na\u00edocht agus eagarth\u00f3ireacht uirthi le roinnt m\u00edonna anuas, in ainneoin na srianta a bhaineann le paind\u00e9im an chor\u00f3inv\u00edris. T\u00e1imid cinnte go mbainfidh lucht sp\u00e9ise na r\u00e1sa\u00edochta capall sult as an gcuimhne siar bhr\u00edomhar seo. T\u00e1 s\u00e9 beag\u00e1n cos\u00fail le sraith eile de chuid TG4, <em>&#8216;Laochra Gael&#8217;<\/em> , a raibh an-t\u00f3ir uirthi, agus t\u00e1 s\u00fail againn go mbainfidh idir \u00f3g agus sean sult as&#8221;<\/em> a d\u00fairt Denis Kirwan, L\u00e9iritheoir, Touchline Media.<br \/>\n&nbsp;<br \/>\nT\u00e1 dea-theist cheana f\u00e9in ar Touchline Media \u00f3 thaobh cl\u00e1ir faisn\u00e9ise r\u00e1sa\u00edochta a l\u00e9iri\u00fa; Bhuaigh <em>\u2018Arkle \u2013 The Legend Lives On\u2019<\/em>,  duais IFTA do Chl\u00e1r Sp\u00f3irt na Bliana in 2015 chomh maith leis an gc\u00e9ad \u00e1it a bhaint amach ar\u00eds i gCom\u00f3rtas na Me\u00e1n Ceilteach in 2015 sa chatag\u00f3ir c\u00e9anna. In 2012 l\u00e9irigh an fhoireann ch\u00e9anna seo <em>\u2018Jump Boys\u2019<\/em>, cl\u00e1r faisn\u00e9ise sp\u00f3irt a fuair ainmni\u00fach\u00e1n le haghaidh gradam IFTA agus, i m\u00ed Feabhra 2019, <em>&#8216;Jump Girls&#8217;<\/em>  a bhain dea-ch\u00e1il amach. Is iad Touchline Media freisin a l\u00e9irigh an tsraith ceithre chuid faoi R\u00e1sa\u00ed na Gaillimhe &#8211; <em>\u2018Seachtain na R\u00e1sa\u00ed\u2019<\/em>  chomh maith le cl\u00e1ir r\u00e9amhl\u00e9irithe, le breis agus deich mbliana anuas, d\u2019Fh\u00e9ilte Cheltenham agus Bhaile Ph\u00fainse.<\/p>\n<p>&nbsp;<br \/>\n&nbsp;<br \/>\n&nbsp;<\/p>\n","protected":false},"excerpt":{"rendered":"<p>&nbsp; &nbsp; &nbsp; T\u00e1 r\u00edm\u00e9ad ar TG4 agus ar Touchline Media a fh\u00f3gairt go bhfuil sraith nua faoi r\u00e1sa\u00edocht chapall,\u2018Laochra Na R\u00e1sa\u00edochta\u2019, ar a mbeidh cur s\u00edos ar roinnt de na capaill Seilge N\u00e1isi\u00fanta is fearr in \u00c9ireann, coimisi\u00fanaithe go speisialta ag TG4 agus cuirfear t\u00fas leis D\u00e9ardaoin an 18 Feabhra le cl\u00e1r faisn\u00e9ise uair [&hellip;]<\/p>\n","protected":false},"author":876,"featured_media":0,"parent":115579,"menu_order":12,"comment_status":"closed","ping_status":"closed","template":"page-templates\/template-pr.php","meta":{"_acf_changed":false,"footnotes":""},"acf":[],"yoast_head":"<!-- This site is optimized with the Yoast SEO plugin v22.6 - https:\/\/yoast.com\/wordpress\/plugins\/seo\/ -->\n<title>Sraith Nua Faoin R\u00e1sa\u00edocht Seilge N\u00e1isi\u00fanta | Preas R\u00e1iteas | TG4<\/title>\n<meta name=\"robots\" content=\"index, follow, max-snippet:-1, max-image-preview:large, max-video-preview:-1\" \/>\n<meta property=\"og:locale\" content=\"en_US\" \/>\n<meta property=\"og:type\" content=\"article\" \/>\n<meta property=\"og:title\" content=\"Sraith Nua Faoin R\u00e1sa\u00edocht Seilge N\u00e1isi\u00fanta | Preas R\u00e1iteas | TG4\" \/>\n<meta property=\"og:description\" content=\"&nbsp; &nbsp; &nbsp; T\u00e1 r\u00edm\u00e9ad ar TG4 agus ar Touchline Media a fh\u00f3gairt go bhfuil sraith nua faoi r\u00e1sa\u00edocht chapall,\u2018Laochra Na R\u00e1sa\u00edochta\u2019, ar a mbeidh cur s\u00edos ar roinnt de na capaill Seilge N\u00e1isi\u00fanta is fearr in \u00c9ireann, coimisi\u00fanaithe go speisialta ag TG4 agus cuirfear t\u00fas leis D\u00e9ardaoin an 18 Feabhra le cl\u00e1r faisn\u00e9ise uair [&hellip;]\" \/>\n<meta property=\"og:url\" content=\"https:\/\/dev.tg4.ie\/ga\/eolas\/preas\/nuacht-raitis\/2021-2\/sraith-nua-faoin-rasaiocht-seilge-naisiunta\/\" \/>\n<meta property=\"og:site_name\" content=\"TG4\" \/>\n<meta property=\"article:publisher\" content=\"https:\/\/www.facebook.com\/TG4TV\" \/>\n<meta property=\"og:image\" content=\"https:\/\/tg4-docs.s3.amazonaws.com\/tg4-redesign-2015\/wp-content\/uploads\/2021\/02\/Arkle_1_1920x1080.jpg\" \/>\n\t<meta property=\"og:image:width\" content=\"1920\" \/>\n\t<meta property=\"og:image:height\" content=\"1080\" \/>\n\t<meta property=\"og:image:type\" content=\"image\/jpeg\" \/>\n<meta name=\"twitter:card\" content=\"summary_large_image\" \/>\n<meta name=\"twitter:image\" content=\"https:\/\/tg4-docs.s3.amazonaws.com\/tg4-redesign-2015\/wp-content\/uploads\/2021\/02\/Arkle_1_1920x1080.jpg\" \/>\n<meta name=\"twitter:site\" content=\"@TG4TV\" \/>\n<meta name=\"twitter:label1\" content=\"Est. reading time\" \/>\n\t<meta name=\"twitter:data1\" content=\"6 minutes\" \/>\n<script type=\"application\/ld+json\" class=\"yoast-schema-graph\">{\"@context\":\"https:\/\/schema.org\",\"@graph\":[{\"@type\":\"WebPage\",\"@id\":\"https:\/\/dev.tg4.ie\/ga\/eolas\/preas\/nuacht-raitis\/2021-2\/sraith-nua-faoin-rasaiocht-seilge-naisiunta\/\",\"url\":\"https:\/\/dev.tg4.ie\/ga\/eolas\/preas\/nuacht-raitis\/2021-2\/sraith-nua-faoin-rasaiocht-seilge-naisiunta\/\",\"name\":\"Sraith Nua Faoin R\u00e1sa\u00edocht Seilge N\u00e1isi\u00fanta | Preas R\u00e1iteas | TG4\",\"isPartOf\":{\"@id\":\"https:\/\/dev.tg4.ie\/en\/#website\"},\"primaryImageOfPage\":{\"@id\":\"https:\/\/dev.tg4.ie\/ga\/eolas\/preas\/nuacht-raitis\/2021-2\/sraith-nua-faoin-rasaiocht-seilge-naisiunta\/#primaryimage\"},\"image\":{\"@id\":\"https:\/\/dev.tg4.ie\/ga\/eolas\/preas\/nuacht-raitis\/2021-2\/sraith-nua-faoin-rasaiocht-seilge-naisiunta\/#primaryimage\"},\"thumbnailUrl\":\"https:\/\/dev.tg4.ie\/wp-content\/uploads\/2021\/02\/Arkle_1_1920x1080.jpg\",\"datePublished\":\"2021-02-09T17:16:20+00:00\",\"dateModified\":\"2021-02-09T17:16:20+00:00\",\"breadcrumb\":{\"@id\":\"https:\/\/dev.tg4.ie\/ga\/eolas\/preas\/nuacht-raitis\/2021-2\/sraith-nua-faoin-rasaiocht-seilge-naisiunta\/#breadcrumb\"},\"inLanguage\":\"ga\",\"potentialAction\":[{\"@type\":\"ReadAction\",\"target\":[\"https:\/\/dev.tg4.ie\/ga\/eolas\/preas\/nuacht-raitis\/2021-2\/sraith-nua-faoin-rasaiocht-seilge-naisiunta\/\"]}]},{\"@type\":\"ImageObject\",\"inLanguage\":\"ga\",\"@id\":\"https:\/\/dev.tg4.ie\/ga\/eolas\/preas\/nuacht-raitis\/2021-2\/sraith-nua-faoin-rasaiocht-seilge-naisiunta\/#primaryimage\",\"url\":\"https:\/\/dev.tg4.ie\/wp-content\/uploads\/2021\/02\/Arkle_1_1920x1080.jpg\",\"contentUrl\":\"https:\/\/dev.tg4.ie\/wp-content\/uploads\/2021\/02\/Arkle_1_1920x1080.jpg\"},{\"@type\":\"BreadcrumbList\",\"@id\":\"https:\/\/dev.tg4.ie\/ga\/eolas\/preas\/nuacht-raitis\/2021-2\/sraith-nua-faoin-rasaiocht-seilge-naisiunta\/#breadcrumb\",\"itemListElement\":[{\"@type\":\"ListItem\",\"position\":1,\"name\":\"Home\",\"item\":\"https:\/\/dev.tg4.ie\/ga\/\"},{\"@type\":\"ListItem\",\"position\":2,\"name\":\"Eolas\",\"item\":\"https:\/\/dev.tg4.ie\/ga\/eolas\/\"},{\"@type\":\"ListItem\",\"position\":3,\"name\":\"Preas\",\"item\":\"https:\/\/dev.tg4.ie\/ga\/eolas\/preas\/\"},{\"@type\":\"ListItem\",\"position\":4,\"name\":\"Nuacht R\u00e1itis\",\"item\":\"https:\/\/dev.tg4.ie\/ga\/eolas\/preas\/nuacht-raitis\/\"},{\"@type\":\"ListItem\",\"position\":5,\"name\":\"2021\",\"item\":\"https:\/\/dev.tg4.ie\/ga\/eolas\/preas\/nuacht-raitis\/2021-2\/\"},{\"@type\":\"ListItem\",\"position\":6,\"name\":\"Sraith Nua Faoin R\u00e1sa\u00edocht Seilge N\u00e1isi\u00fanta\"}]},{\"@type\":\"WebSite\",\"@id\":\"https:\/\/dev.tg4.ie\/en\/#website\",\"url\":\"https:\/\/dev.tg4.ie\/en\/\",\"name\":\"TG4\",\"description\":\"S\u00fail Eile\",\"potentialAction\":[{\"@type\":\"SearchAction\",\"target\":{\"@type\":\"EntryPoint\",\"urlTemplate\":\"https:\/\/dev.tg4.ie\/en\/?s={search_term_string}\"},\"query-input\":\"required name=search_term_string\"}],\"inLanguage\":\"ga\"}]}<\/script>\n<!-- \/ Yoast SEO plugin. -->","yoast_head_json":{"title":"Sraith Nua Faoin R\u00e1sa\u00edocht Seilge N\u00e1isi\u00fanta | Preas R\u00e1iteas | TG4","robots":{"index":"index","follow":"follow","max-snippet":"max-snippet:-1","max-image-preview":"max-image-preview:large","max-video-preview":"max-video-preview:-1"},"og_locale":"en_US","og_type":"article","og_title":"Sraith Nua Faoin R\u00e1sa\u00edocht Seilge N\u00e1isi\u00fanta | Preas R\u00e1iteas | TG4","og_description":"&nbsp; &nbsp; &nbsp; T\u00e1 r\u00edm\u00e9ad ar TG4 agus ar Touchline Media a fh\u00f3gairt go bhfuil sraith nua faoi r\u00e1sa\u00edocht chapall,\u2018Laochra Na R\u00e1sa\u00edochta\u2019, ar a mbeidh cur s\u00edos ar roinnt de na capaill Seilge N\u00e1isi\u00fanta is fearr in \u00c9ireann, coimisi\u00fanaithe go speisialta ag TG4 agus cuirfear t\u00fas leis D\u00e9ardaoin an 18 Feabhra le cl\u00e1r faisn\u00e9ise uair [&hellip;]","og_url":"https:\/\/dev.tg4.ie\/ga\/eolas\/preas\/nuacht-raitis\/2021-2\/sraith-nua-faoin-rasaiocht-seilge-naisiunta\/","og_site_name":"TG4","article_publisher":"https:\/\/www.facebook.com\/TG4TV","og_image":[{"width":1920,"height":1080,"url":"https:\/\/tg4-docs.s3.amazonaws.com\/tg4-redesign-2015\/wp-content\/uploads\/2021\/02\/Arkle_1_1920x1080.jpg","type":"image\/jpeg"}],"twitter_card":"summary_large_image","twitter_image":"https:\/\/tg4-docs.s3.amazonaws.com\/tg4-redesign-2015\/wp-content\/uploads\/2021\/02\/Arkle_1_1920x1080.jpg","twitter_site":"@TG4TV","twitter_misc":{"Est. reading time":"6 minutes"},"schema":{"@context":"https:\/\/schema.org","@graph":[{"@type":"WebPage","@id":"https:\/\/dev.tg4.ie\/ga\/eolas\/preas\/nuacht-raitis\/2021-2\/sraith-nua-faoin-rasaiocht-seilge-naisiunta\/","url":"https:\/\/dev.tg4.ie\/ga\/eolas\/preas\/nuacht-raitis\/2021-2\/sraith-nua-faoin-rasaiocht-seilge-naisiunta\/","name":"Sraith Nua Faoin R\u00e1sa\u00edocht Seilge N\u00e1isi\u00fanta | Preas R\u00e1iteas | TG4","isPartOf":{"@id":"https:\/\/dev.tg4.ie\/en\/#website"},"primaryImageOfPage":{"@id":"https:\/\/dev.tg4.ie\/ga\/eolas\/preas\/nuacht-raitis\/2021-2\/sraith-nua-faoin-rasaiocht-seilge-naisiunta\/#primaryimage"},"image":{"@id":"https:\/\/dev.tg4.ie\/ga\/eolas\/preas\/nuacht-raitis\/2021-2\/sraith-nua-faoin-rasaiocht-seilge-naisiunta\/#primaryimage"},"thumbnailUrl":"https:\/\/dev.tg4.ie\/wp-content\/uploads\/2021\/02\/Arkle_1_1920x1080.jpg","datePublished":"2021-02-09T17:16:20+00:00","dateModified":"2021-02-09T17:16:20+00:00","breadcrumb":{"@id":"https:\/\/dev.tg4.ie\/ga\/eolas\/preas\/nuacht-raitis\/2021-2\/sraith-nua-faoin-rasaiocht-seilge-naisiunta\/#breadcrumb"},"inLanguage":"ga","potentialAction":[{"@type":"ReadAction","target":["https:\/\/dev.tg4.ie\/ga\/eolas\/preas\/nuacht-raitis\/2021-2\/sraith-nua-faoin-rasaiocht-seilge-naisiunta\/"]}]},{"@type":"ImageObject","inLanguage":"ga","@id":"https:\/\/dev.tg4.ie\/ga\/eolas\/preas\/nuacht-raitis\/2021-2\/sraith-nua-faoin-rasaiocht-seilge-naisiunta\/#primaryimage","url":"https:\/\/dev.tg4.ie\/wp-content\/uploads\/2021\/02\/Arkle_1_1920x1080.jpg","contentUrl":"https:\/\/dev.tg4.ie\/wp-content\/uploads\/2021\/02\/Arkle_1_1920x1080.jpg"},{"@type":"BreadcrumbList","@id":"https:\/\/dev.tg4.ie\/ga\/eolas\/preas\/nuacht-raitis\/2021-2\/sraith-nua-faoin-rasaiocht-seilge-naisiunta\/#breadcrumb","itemListElement":[{"@type":"ListItem","position":1,"name":"Home","item":"https:\/\/dev.tg4.ie\/ga\/"},{"@type":"ListItem","position":2,"name":"Eolas","item":"https:\/\/dev.tg4.ie\/ga\/eolas\/"},{"@type":"ListItem","position":3,"name":"Preas","item":"https:\/\/dev.tg4.ie\/ga\/eolas\/preas\/"},{"@type":"ListItem","position":4,"name":"Nuacht R\u00e1itis","item":"https:\/\/dev.tg4.ie\/ga\/eolas\/preas\/nuacht-raitis\/"},{"@type":"ListItem","position":5,"name":"2021","item":"https:\/\/dev.tg4.ie\/ga\/eolas\/preas\/nuacht-raitis\/2021-2\/"},{"@type":"ListItem","position":6,"name":"Sraith Nua Faoin R\u00e1sa\u00edocht Seilge N\u00e1isi\u00fanta"}]},{"@type":"WebSite","@id":"https:\/\/dev.tg4.ie\/en\/#website","url":"https:\/\/dev.tg4.ie\/en\/","name":"TG4","description":"S\u00fail Eile","potentialAction":[{"@type":"SearchAction","target":{"@type":"EntryPoint","urlTemplate":"https:\/\/dev.tg4.ie\/en\/?s={search_term_string}"},"query-input":"required name=search_term_string"}],"inLanguage":"ga"}]}},"_links":{"self":[{"href":"https:\/\/dev.tg4.ie\/ga\/wp-json\/wp\/v2\/pages\/116017"}],"collection":[{"href":"https:\/\/dev.tg4.ie\/ga\/wp-json\/wp\/v2\/pages"}],"about":[{"href":"https:\/\/dev.tg4.ie\/ga\/wp-json\/wp\/v2\/types\/page"}],"author":[{"embeddable":true,"href":"https:\/\/dev.tg4.ie\/ga\/wp-json\/wp\/v2\/users\/876"}],"replies":[{"embeddable":true,"href":"https:\/\/dev.tg4.ie\/ga\/wp-json\/wp\/v2\/comments?post=116017"}],"version-history":[{"count":0,"href":"https:\/\/dev.tg4.ie\/ga\/wp-json\/wp\/v2\/pages\/116017\/revisions"}],"up":[{"embeddable":true,"href":"https:\/\/dev.tg4.ie\/ga\/wp-json\/wp\/v2\/pages\/115579"}],"wp:attachment":[{"href":"https:\/\/dev.tg4.ie\/ga\/wp-json\/wp\/v2\/media?parent=116017"}],"curies":[{"name":"wp","href":"https:\/\/api.w.org\/{rel}","templated":true}]}}