{"id":116033,"date":"2021-02-10T11:12:07","date_gmt":"2021-02-10T11:12:07","guid":{"rendered":"https:\/\/dev.tg4.ie\/?page_id=116033"},"modified":"2021-02-10T11:12:07","modified_gmt":"2021-02-10T11:12:07","slug":"spongebob-an-scannan-rith-spuinse-rith-ar-fail-i-ngaeilge-ar-netflix","status":"publish","type":"page","link":"https:\/\/dev.tg4.ie\/ga\/eolas\/preas\/nuacht-raitis\/2021-2\/spongebob-an-scannan-rith-spuinse-rith-ar-fail-i-ngaeilge-ar-netflix\/","title":{"rendered":"&#8216;Spongebob an Scann\u00e1n: Rith Sp\u00fainse Rith&#8217; ar f\u00e1il i nGaeilge ar Netflix"},"content":{"rendered":"<p><a href=\"https:\/\/tg4-docs.s3.amazonaws.com\/tg4-redesign-2015\/wp-content\/uploads\/2021\/02\/Spongebob_Rith_Spuinse_Rith_2_1920x1080.jpg\"><img loading=\"lazy\" decoding=\"async\" width=\"1920\" height=\"1080\" src=\"https:\/\/tg4-docs.s3.amazonaws.com\/tg4-redesign-2015\/wp-content\/uploads\/2021\/02\/Spongebob_Rith_Spuinse_Rith_2_1920x1080.jpg\" alt=\"\" class=\"aligncenter size-full wp-image-116039\" srcset=\"https:\/\/tg4-docs.s3.amazonaws.com\/tg4-redesign-2015\/wp-content\/uploads\/2021\/02\/Spongebob_Rith_Spuinse_Rith_2_1920x1080.jpg 1920w, https:\/\/tg4-docs.s3.amazonaws.com\/tg4-redesign-2015\/wp-content\/uploads\/2021\/02\/Spongebob_Rith_Spuinse_Rith_2_1920x1080-250x141.jpg 250w, https:\/\/tg4-docs.s3.amazonaws.com\/tg4-redesign-2015\/wp-content\/uploads\/2021\/02\/Spongebob_Rith_Spuinse_Rith_2_1920x1080-700x394.jpg 700w, https:\/\/tg4-docs.s3.amazonaws.com\/tg4-redesign-2015\/wp-content\/uploads\/2021\/02\/Spongebob_Rith_Spuinse_Rith_2_1920x1080-252x141.jpg 252w, https:\/\/tg4-docs.s3.amazonaws.com\/tg4-redesign-2015\/wp-content\/uploads\/2021\/02\/Spongebob_Rith_Spuinse_Rith_2_1920x1080-1536x864.jpg 1536w, https:\/\/tg4-docs.s3.amazonaws.com\/tg4-redesign-2015\/wp-content\/uploads\/2021\/02\/Spongebob_Rith_Spuinse_Rith_2_1920x1080-120x68.jpg 120w\" sizes=\"(max-width: 1920px) 100vw, 1920px\" \/><\/a><br \/>\n&nbsp;<\/p>\n<p>Beidh tuismitheoir\u00ed at\u00e1 ag streachailt leis an scola\u00edocht bhaile an-s\u00e1sta a chloiste\u00e1il go bhfuil scann\u00e1n Spongebob le f\u00e1il i nGaeilge anois ar Netflix.  Is \u00e9 <strong>SpongeBob an Scann\u00e1n: Rith Sp\u00fainse Rith<\/strong> arna chruth\u00fa ag Macalla Teo, le taca\u00edocht \u00f3 TG4 agus Paramount Pictures, an ch\u00e9ad leagan Gaeilge de scann\u00e1n ar Netflix.<br \/>\n&nbsp;<\/p>\n<p>T\u00e1 SpongeBob SquarePants, an cara is fearr at\u00e1 aige Patrick Star agus an chuid eile de gheaing Bikini Bottom ar fad sa ch\u00e9ad scann\u00e1n ioml\u00e1n CGI SpongeBob riamh seo.  Nuair a fhuada\u00edtear peata dil SpongeBob, Gary an seilide, tugann SpongeBob agus Patrick faoi eachtra m\u00f3r go dt\u00ed an Lost City of Atlantic City chun Gary a thabhairt abhaile ar\u00eds. Taispe\u00e1nann SpongeBob agus a chuid cairde d\u00fainn nach bhfuil dada n\u00edos l\u00e1idre n\u00e1 an cairdeas fad is a bh\u00edonn siad ag tabhairt aghaidh ar na hiontais agus na cont\u00fairt\u00ed go l\u00e9ir ar an misean tarrth\u00e1la dains\u00e9arach agus an-bharr\u00fail go deo seo.   Is iad Tom Kenny (SpongeBob), Keanu Reeves (Sage) agus Matt Berry (Poseidon) a dh\u00e9anann na guthanna sa leagan B\u00e9arla den scann\u00e1n agus is iad Marcus Lamb, Lochlainn \u00d3 Mear\u00e1in, Brian Thunder, Carmel Stephens agus an l\u00e1ithreoir teilif\u00edse D\u00e1ith\u00ed \u00d3 S\u00e9 na haisteoir\u00ed m\u00f3r le r\u00e1 as \u00c9irinn at\u00e1 i mbun leagan Gaeilge an scann\u00e1in.<br \/>\n&nbsp;<\/p>\n<p>D&#8217;oibrigh Paramount Animation agus Nickelodeon Movies i gcomhph\u00e1irt\u00edocht le TG4 agus Macalla chun an leagan Gaeilge den scann\u00e1n a eis\u00edodh le gairid <strong>The SpongeBob Movie: Sponge on The Run<\/strong> a chruth\u00fa.   Is \u00e9ard a d\u00fairt <strong>C\u00fa\u00e1n Mac Conghail, L\u00e9iritheoir Feidhmi\u00fach\u00e1in \u00f3 Macalla<\/strong> <em>\u201cIs pl\u00e9isi\u00far do Macalla a bheith ag obair ar SpongeBob, carachtar a bhfuilimid ag d\u00e9anamh athghuthaithe air do TG4 \u00f3n mbliain 2006.  Bh\u00ed sceitim\u00edn\u00ed orainn dul ag obair le TG4 agus Paramount Pictures chun an leagan Gaeilge den scann\u00e1n, &#8216;SpongeBob an Scann\u00e1n: Rith, Sp\u00fainse, Rith a chruth\u00fa.   Is iontach an rud \u00e9 go bhfuil an leagan Gaeilge den scann\u00e1n ar f\u00e1il ar Netflix anois agus go mbeidh teacht ag \u00f3g agus aosta air i nGaeilge.&#8221;<\/em><br \/>\n&nbsp;<\/p>\n<p>Is \u00e9 an l\u00e1ithreoir teilif\u00edse <strong>D\u00e1ith\u00ed \u00d3 S\u00e9<\/strong> a dh\u00e9anann guth R\u00ed Poseidon i nGaeilge agus d\u00fairt seisean <em>\u201cCarachtar g\u00e1ifeach \u00e9 R\u00ed Poseidon agus fear \u00e9 at\u00e1 l\u00e1n de f\u00e9in. Bu\u00edochas le Dia n\u00edlim cos\u00fail leis in aon chor agus chaith m\u00e9 dul ag aisteoireacht!  Carachtar iontach at\u00e1 ann agus bh\u00ed an-chraic agam \u00e1 dh\u00e9anamh.  Toisc Covid 19, rinne m\u00e9 an taifeadadh \u00f3n mbaile agus bh\u00ed an fear \u00f3g liom i gcomhair cuid de. T\u00e1 seisean an-s\u00e1sta go bhfuil Daid\u00ed sa scann\u00e1n seo!\u201d<\/em><br \/>\n&nbsp;<\/p>\n<p>D\u00fairt <strong>L\u00eds N\u00ed Dh\u00e1laigh, Sti\u00farth\u00f3ir Marga\u00edochta agus Forbartha TG4<\/strong>, <em>&#8220;T\u00e1 \u00e1thas ar TG4 a bheith i bp\u00e1irt le Paramount Pictures agus Macalla chun an leagan Gaeilge den scann\u00e1n &#8216;Rith Sp\u00fainse Rith&#8217; a chruth\u00fa.  T\u00e1 TG4 tiomanta don mhana go mbeadh \u2018Gaeilge Gach \u00c1it\u2019 don lucht f\u00e9achana, cib\u00e9 sc\u00e1ile\u00e1n ar a bhfuil siad ag breathn\u00fa. T\u00e1 \u00e9acht bainte amach ag SpongeBob \u00f3 thaobh na Gaeilge de. Ba \u00e9 SpongeBob Sp\u00fainse as Uisce an ch\u00e9ad scann\u00e1n Gaeilge do ph\u00e1ist\u00ed \u00f3 dh\u00e1ileoir idirn\u00e1isi\u00fanta a eis\u00edodh sna picti\u00farlanna in 2015 agus anois is \u00e9 Rith Sp\u00fainse Rith an ch\u00e9ad scann\u00e1n Gaeilge do ph\u00e1ist\u00ed a bheidh ar f\u00e1il ar Netflix.&#8221;<\/em><br \/>\n&nbsp;<\/p>\n<p>Maidir leis na tuismitheoir\u00ed sin nach bhfuil ach \u2018c\u00fapla focal\u2019 acu agus a bhfuil c\u00farsa athnuachana uathu, is f\u00e9idir f\u00e9achaint ar <strong>SpongeBob an Scann\u00e1n: Rith Sp\u00fainse Rith<\/strong> le guthanna i nGaeilge agus fotheidil Bh\u00e9arla chun cuidi\u00fa leis an aistri\u00fach\u00e1n, n\u00f3 le guthanna i nGaeilge agus fotheidil Ghaeilge.  Is f\u00e9idir na socruithe sin a athr\u00fa go h\u00e9asca sna socruithe fuaime agus fotheidil ar Netflix.<\/p>\n<p>&nbsp;<br \/>\n&nbsp;<br \/>\n&nbsp;<\/p>\n","protected":false},"excerpt":{"rendered":"<p>&nbsp; Beidh tuismitheoir\u00ed at\u00e1 ag streachailt leis an scola\u00edocht bhaile an-s\u00e1sta a chloiste\u00e1il go bhfuil scann\u00e1n Spongebob le f\u00e1il i nGaeilge anois ar Netflix. Is \u00e9 SpongeBob an Scann\u00e1n: Rith Sp\u00fainse Rith arna chruth\u00fa ag Macalla Teo, le taca\u00edocht \u00f3 TG4 agus Paramount Pictures, an ch\u00e9ad leagan Gaeilge de scann\u00e1n ar Netflix. &nbsp; T\u00e1 SpongeBob [&hellip;]<\/p>\n","protected":false},"author":876,"featured_media":0,"parent":115579,"menu_order":13,"comment_status":"closed","ping_status":"closed","template":"page-templates\/template-pr.php","meta":{"_acf_changed":false,"footnotes":""},"acf":[],"yoast_head":"<!-- This site is optimized with the Yoast SEO plugin v22.6 - https:\/\/yoast.com\/wordpress\/plugins\/seo\/ -->\n<title>&#039;Spongebob an Scann\u00e1n: Rith Sp\u00fainse Rith&#039; ar f\u00e1il i nGaeilge ar Netflix | Preas R\u00e1iteas | TG4<\/title>\n<meta name=\"robots\" content=\"index, follow, max-snippet:-1, max-image-preview:large, max-video-preview:-1\" \/>\n<meta property=\"og:locale\" content=\"en_US\" \/>\n<meta property=\"og:type\" content=\"article\" \/>\n<meta property=\"og:title\" content=\"&#039;Spongebob an Scann\u00e1n: Rith Sp\u00fainse Rith&#039; ar f\u00e1il i nGaeilge ar Netflix | Preas R\u00e1iteas | TG4\" \/>\n<meta property=\"og:description\" content=\"&nbsp; Beidh tuismitheoir\u00ed at\u00e1 ag streachailt leis an scola\u00edocht bhaile an-s\u00e1sta a chloiste\u00e1il go bhfuil scann\u00e1n Spongebob le f\u00e1il i nGaeilge anois ar Netflix. Is \u00e9 SpongeBob an Scann\u00e1n: Rith Sp\u00fainse Rith arna chruth\u00fa ag Macalla Teo, le taca\u00edocht \u00f3 TG4 agus Paramount Pictures, an ch\u00e9ad leagan Gaeilge de scann\u00e1n ar Netflix. &nbsp; T\u00e1 SpongeBob [&hellip;]\" \/>\n<meta property=\"og:url\" content=\"https:\/\/dev.tg4.ie\/ga\/eolas\/preas\/nuacht-raitis\/2021-2\/spongebob-an-scannan-rith-spuinse-rith-ar-fail-i-ngaeilge-ar-netflix\/\" \/>\n<meta property=\"og:site_name\" content=\"TG4\" \/>\n<meta property=\"article:publisher\" content=\"https:\/\/www.facebook.com\/TG4TV\" \/>\n<meta property=\"og:image\" content=\"https:\/\/tg4-docs.s3.amazonaws.com\/tg4-redesign-2015\/wp-content\/uploads\/2021\/02\/Spongebob_Rith_Spuinse_Rith_2_1920x1080.jpg\" \/>\n\t<meta property=\"og:image:width\" content=\"1920\" \/>\n\t<meta property=\"og:image:height\" content=\"1080\" \/>\n\t<meta property=\"og:image:type\" content=\"image\/jpeg\" \/>\n<meta name=\"twitter:card\" content=\"summary_large_image\" \/>\n<meta name=\"twitter:image\" content=\"https:\/\/tg4-docs.s3.amazonaws.com\/tg4-redesign-2015\/wp-content\/uploads\/2021\/02\/Spongebob_Rith_Spuinse_Rith_2_1920x1080.jpg\" \/>\n<meta name=\"twitter:site\" content=\"@TG4TV\" \/>\n<meta name=\"twitter:label1\" content=\"Est. reading time\" \/>\n\t<meta name=\"twitter:data1\" content=\"3 minutes\" \/>\n<script type=\"application\/ld+json\" class=\"yoast-schema-graph\">{\"@context\":\"https:\/\/schema.org\",\"@graph\":[{\"@type\":\"WebPage\",\"@id\":\"https:\/\/dev.tg4.ie\/ga\/eolas\/preas\/nuacht-raitis\/2021-2\/spongebob-an-scannan-rith-spuinse-rith-ar-fail-i-ngaeilge-ar-netflix\/\",\"url\":\"https:\/\/dev.tg4.ie\/ga\/eolas\/preas\/nuacht-raitis\/2021-2\/spongebob-an-scannan-rith-spuinse-rith-ar-fail-i-ngaeilge-ar-netflix\/\",\"name\":\"'Spongebob an Scann\u00e1n: Rith Sp\u00fainse Rith' ar f\u00e1il i nGaeilge ar Netflix | Preas R\u00e1iteas | TG4\",\"isPartOf\":{\"@id\":\"https:\/\/dev.tg4.ie\/en\/#website\"},\"primaryImageOfPage\":{\"@id\":\"https:\/\/dev.tg4.ie\/ga\/eolas\/preas\/nuacht-raitis\/2021-2\/spongebob-an-scannan-rith-spuinse-rith-ar-fail-i-ngaeilge-ar-netflix\/#primaryimage\"},\"image\":{\"@id\":\"https:\/\/dev.tg4.ie\/ga\/eolas\/preas\/nuacht-raitis\/2021-2\/spongebob-an-scannan-rith-spuinse-rith-ar-fail-i-ngaeilge-ar-netflix\/#primaryimage\"},\"thumbnailUrl\":\"https:\/\/dev.tg4.ie\/wp-content\/uploads\/2021\/02\/Spongebob_Rith_Spuinse_Rith_2_1920x1080.jpg\",\"datePublished\":\"2021-02-10T11:12:07+00:00\",\"dateModified\":\"2021-02-10T11:12:07+00:00\",\"breadcrumb\":{\"@id\":\"https:\/\/dev.tg4.ie\/ga\/eolas\/preas\/nuacht-raitis\/2021-2\/spongebob-an-scannan-rith-spuinse-rith-ar-fail-i-ngaeilge-ar-netflix\/#breadcrumb\"},\"inLanguage\":\"ga\",\"potentialAction\":[{\"@type\":\"ReadAction\",\"target\":[\"https:\/\/dev.tg4.ie\/ga\/eolas\/preas\/nuacht-raitis\/2021-2\/spongebob-an-scannan-rith-spuinse-rith-ar-fail-i-ngaeilge-ar-netflix\/\"]}]},{\"@type\":\"ImageObject\",\"inLanguage\":\"ga\",\"@id\":\"https:\/\/dev.tg4.ie\/ga\/eolas\/preas\/nuacht-raitis\/2021-2\/spongebob-an-scannan-rith-spuinse-rith-ar-fail-i-ngaeilge-ar-netflix\/#primaryimage\",\"url\":\"https:\/\/dev.tg4.ie\/wp-content\/uploads\/2021\/02\/Spongebob_Rith_Spuinse_Rith_2_1920x1080.jpg\",\"contentUrl\":\"https:\/\/dev.tg4.ie\/wp-content\/uploads\/2021\/02\/Spongebob_Rith_Spuinse_Rith_2_1920x1080.jpg\"},{\"@type\":\"BreadcrumbList\",\"@id\":\"https:\/\/dev.tg4.ie\/ga\/eolas\/preas\/nuacht-raitis\/2021-2\/spongebob-an-scannan-rith-spuinse-rith-ar-fail-i-ngaeilge-ar-netflix\/#breadcrumb\",\"itemListElement\":[{\"@type\":\"ListItem\",\"position\":1,\"name\":\"Home\",\"item\":\"https:\/\/dev.tg4.ie\/ga\/\"},{\"@type\":\"ListItem\",\"position\":2,\"name\":\"Eolas\",\"item\":\"https:\/\/dev.tg4.ie\/ga\/eolas\/\"},{\"@type\":\"ListItem\",\"position\":3,\"name\":\"Preas\",\"item\":\"https:\/\/dev.tg4.ie\/ga\/eolas\/preas\/\"},{\"@type\":\"ListItem\",\"position\":4,\"name\":\"Nuacht R\u00e1itis\",\"item\":\"https:\/\/dev.tg4.ie\/ga\/eolas\/preas\/nuacht-raitis\/\"},{\"@type\":\"ListItem\",\"position\":5,\"name\":\"2021\",\"item\":\"https:\/\/dev.tg4.ie\/ga\/eolas\/preas\/nuacht-raitis\/2021-2\/\"},{\"@type\":\"ListItem\",\"position\":6,\"name\":\"&#8216;Spongebob an Scann\u00e1n: Rith Sp\u00fainse Rith&#8217; ar f\u00e1il i nGaeilge ar Netflix\"}]},{\"@type\":\"WebSite\",\"@id\":\"https:\/\/dev.tg4.ie\/en\/#website\",\"url\":\"https:\/\/dev.tg4.ie\/en\/\",\"name\":\"TG4\",\"description\":\"S\u00fail Eile\",\"potentialAction\":[{\"@type\":\"SearchAction\",\"target\":{\"@type\":\"EntryPoint\",\"urlTemplate\":\"https:\/\/dev.tg4.ie\/en\/?s={search_term_string}\"},\"query-input\":\"required name=search_term_string\"}],\"inLanguage\":\"ga\"}]}<\/script>\n<!-- \/ Yoast SEO plugin. -->","yoast_head_json":{"title":"'Spongebob an Scann\u00e1n: Rith Sp\u00fainse Rith' ar f\u00e1il i nGaeilge ar Netflix | Preas R\u00e1iteas | TG4","robots":{"index":"index","follow":"follow","max-snippet":"max-snippet:-1","max-image-preview":"max-image-preview:large","max-video-preview":"max-video-preview:-1"},"og_locale":"en_US","og_type":"article","og_title":"'Spongebob an Scann\u00e1n: Rith Sp\u00fainse Rith' ar f\u00e1il i nGaeilge ar Netflix | Preas R\u00e1iteas | TG4","og_description":"&nbsp; Beidh tuismitheoir\u00ed at\u00e1 ag streachailt leis an scola\u00edocht bhaile an-s\u00e1sta a chloiste\u00e1il go bhfuil scann\u00e1n Spongebob le f\u00e1il i nGaeilge anois ar Netflix. Is \u00e9 SpongeBob an Scann\u00e1n: Rith Sp\u00fainse Rith arna chruth\u00fa ag Macalla Teo, le taca\u00edocht \u00f3 TG4 agus Paramount Pictures, an ch\u00e9ad leagan Gaeilge de scann\u00e1n ar Netflix. &nbsp; T\u00e1 SpongeBob [&hellip;]","og_url":"https:\/\/dev.tg4.ie\/ga\/eolas\/preas\/nuacht-raitis\/2021-2\/spongebob-an-scannan-rith-spuinse-rith-ar-fail-i-ngaeilge-ar-netflix\/","og_site_name":"TG4","article_publisher":"https:\/\/www.facebook.com\/TG4TV","og_image":[{"width":1920,"height":1080,"url":"https:\/\/tg4-docs.s3.amazonaws.com\/tg4-redesign-2015\/wp-content\/uploads\/2021\/02\/Spongebob_Rith_Spuinse_Rith_2_1920x1080.jpg","type":"image\/jpeg"}],"twitter_card":"summary_large_image","twitter_image":"https:\/\/tg4-docs.s3.amazonaws.com\/tg4-redesign-2015\/wp-content\/uploads\/2021\/02\/Spongebob_Rith_Spuinse_Rith_2_1920x1080.jpg","twitter_site":"@TG4TV","twitter_misc":{"Est. reading time":"3 minutes"},"schema":{"@context":"https:\/\/schema.org","@graph":[{"@type":"WebPage","@id":"https:\/\/dev.tg4.ie\/ga\/eolas\/preas\/nuacht-raitis\/2021-2\/spongebob-an-scannan-rith-spuinse-rith-ar-fail-i-ngaeilge-ar-netflix\/","url":"https:\/\/dev.tg4.ie\/ga\/eolas\/preas\/nuacht-raitis\/2021-2\/spongebob-an-scannan-rith-spuinse-rith-ar-fail-i-ngaeilge-ar-netflix\/","name":"'Spongebob an Scann\u00e1n: Rith Sp\u00fainse Rith' ar f\u00e1il i nGaeilge ar Netflix | Preas R\u00e1iteas | TG4","isPartOf":{"@id":"https:\/\/dev.tg4.ie\/en\/#website"},"primaryImageOfPage":{"@id":"https:\/\/dev.tg4.ie\/ga\/eolas\/preas\/nuacht-raitis\/2021-2\/spongebob-an-scannan-rith-spuinse-rith-ar-fail-i-ngaeilge-ar-netflix\/#primaryimage"},"image":{"@id":"https:\/\/dev.tg4.ie\/ga\/eolas\/preas\/nuacht-raitis\/2021-2\/spongebob-an-scannan-rith-spuinse-rith-ar-fail-i-ngaeilge-ar-netflix\/#primaryimage"},"thumbnailUrl":"https:\/\/dev.tg4.ie\/wp-content\/uploads\/2021\/02\/Spongebob_Rith_Spuinse_Rith_2_1920x1080.jpg","datePublished":"2021-02-10T11:12:07+00:00","dateModified":"2021-02-10T11:12:07+00:00","breadcrumb":{"@id":"https:\/\/dev.tg4.ie\/ga\/eolas\/preas\/nuacht-raitis\/2021-2\/spongebob-an-scannan-rith-spuinse-rith-ar-fail-i-ngaeilge-ar-netflix\/#breadcrumb"},"inLanguage":"ga","potentialAction":[{"@type":"ReadAction","target":["https:\/\/dev.tg4.ie\/ga\/eolas\/preas\/nuacht-raitis\/2021-2\/spongebob-an-scannan-rith-spuinse-rith-ar-fail-i-ngaeilge-ar-netflix\/"]}]},{"@type":"ImageObject","inLanguage":"ga","@id":"https:\/\/dev.tg4.ie\/ga\/eolas\/preas\/nuacht-raitis\/2021-2\/spongebob-an-scannan-rith-spuinse-rith-ar-fail-i-ngaeilge-ar-netflix\/#primaryimage","url":"https:\/\/dev.tg4.ie\/wp-content\/uploads\/2021\/02\/Spongebob_Rith_Spuinse_Rith_2_1920x1080.jpg","contentUrl":"https:\/\/dev.tg4.ie\/wp-content\/uploads\/2021\/02\/Spongebob_Rith_Spuinse_Rith_2_1920x1080.jpg"},{"@type":"BreadcrumbList","@id":"https:\/\/dev.tg4.ie\/ga\/eolas\/preas\/nuacht-raitis\/2021-2\/spongebob-an-scannan-rith-spuinse-rith-ar-fail-i-ngaeilge-ar-netflix\/#breadcrumb","itemListElement":[{"@type":"ListItem","position":1,"name":"Home","item":"https:\/\/dev.tg4.ie\/ga\/"},{"@type":"ListItem","position":2,"name":"Eolas","item":"https:\/\/dev.tg4.ie\/ga\/eolas\/"},{"@type":"ListItem","position":3,"name":"Preas","item":"https:\/\/dev.tg4.ie\/ga\/eolas\/preas\/"},{"@type":"ListItem","position":4,"name":"Nuacht R\u00e1itis","item":"https:\/\/dev.tg4.ie\/ga\/eolas\/preas\/nuacht-raitis\/"},{"@type":"ListItem","position":5,"name":"2021","item":"https:\/\/dev.tg4.ie\/ga\/eolas\/preas\/nuacht-raitis\/2021-2\/"},{"@type":"ListItem","position":6,"name":"&#8216;Spongebob an Scann\u00e1n: Rith Sp\u00fainse Rith&#8217; ar f\u00e1il i nGaeilge ar Netflix"}]},{"@type":"WebSite","@id":"https:\/\/dev.tg4.ie\/en\/#website","url":"https:\/\/dev.tg4.ie\/en\/","name":"TG4","description":"S\u00fail Eile","potentialAction":[{"@type":"SearchAction","target":{"@type":"EntryPoint","urlTemplate":"https:\/\/dev.tg4.ie\/en\/?s={search_term_string}"},"query-input":"required name=search_term_string"}],"inLanguage":"ga"}]}},"_links":{"self":[{"href":"https:\/\/dev.tg4.ie\/ga\/wp-json\/wp\/v2\/pages\/116033"}],"collection":[{"href":"https:\/\/dev.tg4.ie\/ga\/wp-json\/wp\/v2\/pages"}],"about":[{"href":"https:\/\/dev.tg4.ie\/ga\/wp-json\/wp\/v2\/types\/page"}],"author":[{"embeddable":true,"href":"https:\/\/dev.tg4.ie\/ga\/wp-json\/wp\/v2\/users\/876"}],"replies":[{"embeddable":true,"href":"https:\/\/dev.tg4.ie\/ga\/wp-json\/wp\/v2\/comments?post=116033"}],"version-history":[{"count":0,"href":"https:\/\/dev.tg4.ie\/ga\/wp-json\/wp\/v2\/pages\/116033\/revisions"}],"up":[{"embeddable":true,"href":"https:\/\/dev.tg4.ie\/ga\/wp-json\/wp\/v2\/pages\/115579"}],"wp:attachment":[{"href":"https:\/\/dev.tg4.ie\/ga\/wp-json\/wp\/v2\/media?parent=116033"}],"curies":[{"name":"wp","href":"https:\/\/api.w.org\/{rel}","templated":true}]}}