{"id":116109,"date":"2021-02-12T16:02:22","date_gmt":"2021-02-12T16:02:22","guid":{"rendered":"https:\/\/dev.tg4.ie\/?page_id=116109"},"modified":"2021-02-16T10:34:03","modified_gmt":"2021-02-16T10:34:03","slug":"sruth-sraith-ur-cheoil-ar-tg4","status":"publish","type":"page","link":"https:\/\/dev.tg4.ie\/ga\/eolas\/preas\/nuacht-raitis\/2021-2\/sruth-sraith-ur-cheoil-ar-tg4\/","title":{"rendered":"Sruth &#8211; Sraith \u00dar Cheoil ar TG4"},"content":{"rendered":"<p><a href=\"https:\/\/tg4-docs.s3.amazonaws.com\/tg4-redesign-2015\/wp-content\/uploads\/2021\/01\/Sruth_Megan_Phil_1_1920x1080.jpg\"><img loading=\"lazy\" decoding=\"async\" width=\"1920\" height=\"1080\" src=\"https:\/\/tg4-docs.s3.amazonaws.com\/tg4-redesign-2015\/wp-content\/uploads\/2021\/01\/Sruth_Megan_Phil_1_1920x1080.jpg\" alt=\"\" class=\"aligncenter size-full wp-image-115882\" srcset=\"https:\/\/tg4-docs.s3.amazonaws.com\/tg4-redesign-2015\/wp-content\/uploads\/2021\/01\/Sruth_Megan_Phil_1_1920x1080.jpg 1920w, https:\/\/tg4-docs.s3.amazonaws.com\/tg4-redesign-2015\/wp-content\/uploads\/2021\/01\/Sruth_Megan_Phil_1_1920x1080-250x141.jpg 250w, https:\/\/tg4-docs.s3.amazonaws.com\/tg4-redesign-2015\/wp-content\/uploads\/2021\/01\/Sruth_Megan_Phil_1_1920x1080-700x394.jpg 700w, https:\/\/tg4-docs.s3.amazonaws.com\/tg4-redesign-2015\/wp-content\/uploads\/2021\/01\/Sruth_Megan_Phil_1_1920x1080-252x141.jpg 252w, https:\/\/tg4-docs.s3.amazonaws.com\/tg4-redesign-2015\/wp-content\/uploads\/2021\/01\/Sruth_Megan_Phil_1_1920x1080-1536x864.jpg 1536w, https:\/\/tg4-docs.s3.amazonaws.com\/tg4-redesign-2015\/wp-content\/uploads\/2021\/01\/Sruth_Megan_Phil_1_1920x1080-120x68.jpg 120w\" sizes=\"(max-width: 1920px) 100vw, 1920px\" \/><\/a><br \/>\n&nbsp;<\/p>\n<div style=\"position: relative; overflow: auto; width: 100%; padding-bottom: 56.25%;\"><iframe loading=\"lazy\" src=\"https:\/\/www.youtube.com\/embed\/EM_vbCdA5gs\" width=\"100%\" height=\"100%\" frameborder=\"0\" scrolling=\"no\" allowFullscreen=\"true\" style=\"position: absolute; top: 0px; display: block;\"><\/iframe><\/div>\n<p>&nbsp;<br \/>\n<strong>Sruth<\/strong> &#8211; n\u00edl focal n\u00edos fearr le cur s\u00edos a dh\u00e9anamh ar an ghluaiseacht at\u00e1 ar bun trasna Shruth na Maoile leis na m\u00edlte blianta anuas, idir dhaoine, theangacha agus chult\u00far, an turas farraige is giorra idir \u00c9ire agus Albain.<br \/>\n&nbsp;<\/p>\n<p>Is br\u00edomhar an focal \u00e9 agus gheobhaidh muid l\u00e9argas iontach ar an bheocht sin i dtaobh an chult\u00fair i Sruth, sraith \u00far cheoil de cuid T\u00e1in Media a chraolfar ar TG4 agus ar BBC Alba i m\u00ed Feabhra. <\/p>\n<p>Tabharfar an deis do chuid de na ceolt\u00f3ir\u00ed \u00f3ga is fearr as tuaisceart na h\u00c9ireann agus as Albain an cumas bre\u00e1 at\u00e1 iontu a chur os comhair lucht f\u00e9achana teilif\u00edse astu f\u00e9in n\u00f3 ag seinm le cuid de r\u00e9alta\u00ed seanbhunaithe an cheoil thraidisi\u00fanta \u00f3n d\u00e1 th\u00edr. <\/p>\n<p> Is \u00ed an t-amhr\u00e1na\u00ed cl\u00faiteach, Maighread N\u00ed Dhomhnaill, a bheidh i mbun tr\u00e1chtaireachta agus buailfimid leis na ceolt\u00f3ir\u00ed \u00f3ga is c\u00fais leis an dul chun cinn iontach at\u00e1 \u00e1 dh\u00e9anamh i nd\u00e1il le ceol d\u00fachasach sa d\u00e1 th\u00edr le sc\u00f3r bliain anuas. <\/p>\n<p>L\u00e9ireofar sa tsraith go bhfuil an traidisi\u00fan chomh l\u00e1idir c\u00e9anna i gc\u00falsr\u00e1ideanna Bh\u00e9al Feirste n\u00f3 in east\u00e1it tith\u00edochta i nGlasch\u00fa agus at\u00e1 s\u00e9 faoi sc\u00e1th na hEaragaile n\u00f3 ar Eilean Sg\u00edtheanach. <\/p>\n<p>Is sraith \u00ed Sruth a bhfuil rian lucht an cheoil go m\u00f3r le brath uirthi, sa mh\u00e9id is go l\u00e9ir\u00edonn s\u00e9 t\u00e1bhacht an teaghlaigh i gcoth\u00fa an cheoil agus t\u00e1bhacht an phobail a chuid\u00edonn leis an gceol a bheith faoi bhl\u00e1th.<\/p>\n<p>Mar a deir an fidl\u00e9ir as Albain, Duncan Chisholm: <em>\u201cEascra\u00edonn an ceol as an \u00e1it arb as muid, as c\u00e9 muid f\u00e9in agus t\u00e1 an nasc sin idir tuaisceart na h\u00c9ireann agus Albain thar a bheith soil\u00e9ir.\u201d<\/em> <\/p>\n<p>Athchruth\u00f3idh an tsraith an paisean at\u00e1 ag ochtar ceolt\u00f3ir\u00ed \u00f3ga d\u00e1 n-uirlis\u00ed agus d\u00e1 n-oidhreacht agus t\u00e1 siad uilig chomh deisbh\u00e9alach ag caint ar a gcuid ceoil \u2013 i nGaeilge, i nG\u00e0idhlig n\u00f3 i mB\u00e9arla \u2013 agus at\u00e1 siad i mbun cheoil.<br \/>\n&nbsp;<\/p>\n<p>Is i nD\u00fan \u00c9ideann, i nGlasch\u00fa i mB\u00e9al Feirste, i dT\u00edr Chonaill agus in \u00e1iteanna eile a rinneadh an scann\u00e1n\u00fa ach bh\u00ed d\u00fashl\u00e1in ar leith roimh lucht a dh\u00e9anta mar gheall ar  shrianta an Chor\u00f3inv\u00edris a bh\u00ed i r\u00e9im ag an am, c\u00e9 gur clo\u00edodh le scaradh s\u00f3isialta, chruthaigh an ceol droichead dl\u00fathchaidrimh idir na ceolt\u00f3ir\u00ed. <\/p>\n<p>Beidh idir dh\u00eds\u00e9id, thr\u00edr\u00e9id agus ghr\u00fapa\u00ed le cluinstin in Sruth, ach mar a deir D\u00f3nal O\u2019Connor \u00f3n chomhlacht l\u00e9iri\u00fach\u00e1in: \u201cGo bun\u00fasach, is \u00e9 an l\u00e9iri\u00fa aonair cro\u00ed an cheoil thraidisi\u00fanta agus tugann na ceithre chl\u00e1r an deis d\u00fainn an dra\u00edocht a eascra\u00edonn as an cheol a mhoth\u00fa go hinstinni\u00fail. <\/p>\n<p><em>\u201cN\u00edl l\u00e9amh, scr\u00edobh n\u00e1 inse b\u00e9il ar an d\u00f3igh a dt\u00e9ann l\u00e9iri\u00fa maorga ceoil thraidisi\u00fanta i bhfeidhm ar an cheolt\u00f3ir agus ar an \u00e9isteoir.&#8221; <\/em><\/p>\n<p><em>\u201cM\u00fascla\u00edonn s\u00e9 moth\u00fach\u00e1in dhoimhne ionainn, an l\u00fach\u00e1ir n\u00f3 an dobr\u00f3n\u201d ar s\u00e9 agus is cinnte go bhfuil taibhl\u00e9irithe a bhainfidh an an\u00e1il d\u00edot le cluinstin in Sruth.&#8221; <\/em><\/p>\n<p>M\u00e1s pl\u00e9isi\u00far m\u00f3r don chluas \u00e9 Sruth, meallfaidh t\u00edrdhreacha aille na h\u00c9ireann agus na hAlban an ts\u00fail, na h\u00edomh\u00e1nna ceaptha go gleoite ag Feilim\u00ed O\u2019Connor, ach t\u00e1 an d\u00e1 ghn\u00e9 fite fuaite ina ch\u00e9ile mar gur minic a eascra\u00edonn an ceol as an inspior\u00e1id a fhaigheann an ceolt\u00f3ir agus an t-amhr\u00e1na\u00ed \u00f3n t\u00edrdhreach. <\/p>\n<p><em>\u201cThig leis an cheol muid a chur i dteagmh\u00e1il linn f\u00e9in ar dh\u00f3igh nach f\u00e9idir le heala\u00edn eile a dh\u00e9anamh,\u201d<\/em> arsa D\u00f3nal. <\/p>\n<p><em>\u201cCuireann s\u00e9 a mh\u00e9ar ar chuisle \u00e1r sinsir agus ligeann s\u00e9 d\u00fainn na haisling\u00ed at\u00e1 againn faoi cad is \u00c9ireannach n\u00f3 cad is Albanach ann a fh\u00edor\u00fa,\u201d<\/em> a d\u00fairt s\u00e9. <\/p>\n<p>Is sraith ar leith \u00ed Sruth ina dtugtar l\u00e9argas ar an cheol traidisi\u00fanta i gC\u00faige Uladh agus in Albain sa l\u00e1 at\u00e1 inniu ann, a thugann \u00f3m\u00f3s do na gl\u00fanta a chuaigh romhainn, idir aitheanta agus gan iomr\u00e1, agus a chuireann f\u00e1ilte mh\u00f3r chro\u00ed\u00fail roimh an am at\u00e1 le teacht.<br \/>\n&nbsp;<\/p>\n<p>Ag glacadh p\u00e1irte sa tsraith, beidh: <\/p>\n<p>Cl\u00e1r 1: <strong>M\u00e9abh Smyth<\/strong> (fidil) agus <strong>Innes White<\/strong> (giot\u00e1r) <\/p>\n<p>Cl\u00e1r 2: <strong>Megan Nic Fhionnghaile<\/strong> (fidil) agus <strong>Padruig Morrison<\/strong> (bosca ceoil) <\/p>\n<p>Cl\u00e1r 3: <strong>Niall Hanna<\/strong> (amhr\u00e1na\u00ed) <strong>Br\u00ecghde Chambeul<\/strong> (p\u00edb) <\/p>\n<p>Cl\u00e1r 4: <strong>Lauren O\u2019Neill<\/strong> (cl\u00e1irseach) agus <strong>Ali Levack<\/strong> (p\u00edb agus fead\u00f3ga)<br \/>\n&nbsp;<\/p>\n<p>Is comhl\u00e9iri\u00fach\u00e1n do <strong>TG4<\/strong> &#038; do <strong>BBC Alba<\/strong> \u00ed an tsraith Sruth idir <strong>T\u00e1in Media<\/strong>, a buna\u00edodh le d\u00e9ana\u00ed, agus <strong>Beezr Studios<\/strong> agus at\u00e1 c\u00f3mhaoinithe ag Ciste Craolt\u00f3ireachta Gaeilge Sc\u00e1ile\u00e1in Thuaisceart \u00c9ireann. Is iad an Sti\u00farth\u00f3ir Feilim\u00ed O\u2019Connor &#038; L\u00e9iritheoir Feidhmi\u00fach\u00e1in Alasdair MacCuish a rinne an beart iontach chun an ceol agus na hamhr\u00e1in a chur ar sc\u00e1ile\u00e1n agus beidh an lucht f\u00e9achana agus \u00e9isteachta faoi gheasa ceart ag \u00e1illeacht agus maorgacht th\u00edrdhreach na h\u00c9ireann agus na hAlban, as a dtagann an inspior\u00e1id  don cheol.<br \/>\n&nbsp;<br \/>\nCraolfar an ch\u00e9ad chl\u00e1r den tsraith ag an 9.30pm an 21 Feabhra ar TG4 agus ar fud an domhain ar www.tg4.ie<\/p>\n<p>&nbsp;<br \/>\n&nbsp;<br \/>\n&nbsp;<\/p>\n","protected":false},"excerpt":{"rendered":"<p>&nbsp; &nbsp; Sruth &#8211; n\u00edl focal n\u00edos fearr le cur s\u00edos a dh\u00e9anamh ar an ghluaiseacht at\u00e1 ar bun trasna Shruth na Maoile leis na m\u00edlte blianta anuas, idir dhaoine, theangacha agus chult\u00far, an turas farraige is giorra idir \u00c9ire agus Albain. &nbsp; Is br\u00edomhar an focal \u00e9 agus gheobhaidh muid l\u00e9argas iontach ar an [&hellip;]<\/p>\n","protected":false},"author":876,"featured_media":0,"parent":115579,"menu_order":14,"comment_status":"closed","ping_status":"closed","template":"page-templates\/template-pr.php","meta":{"_acf_changed":false,"footnotes":""},"acf":[],"yoast_head":"<!-- This site is optimized with the Yoast SEO plugin v22.6 - https:\/\/yoast.com\/wordpress\/plugins\/seo\/ -->\n<title>Sruth - Sraith \u00dar Cheoil ar TG4 | Preas R\u00e1iteas | TG4<\/title>\n<meta name=\"robots\" content=\"index, follow, max-snippet:-1, max-image-preview:large, max-video-preview:-1\" \/>\n<meta property=\"og:locale\" content=\"en_US\" \/>\n<meta property=\"og:type\" content=\"article\" \/>\n<meta property=\"og:title\" content=\"Sruth - Sraith \u00dar Cheoil ar TG4 | Preas R\u00e1iteas | TG4\" \/>\n<meta property=\"og:description\" content=\"&nbsp; &nbsp; Sruth &#8211; n\u00edl focal n\u00edos fearr le cur s\u00edos a dh\u00e9anamh ar an ghluaiseacht at\u00e1 ar bun trasna Shruth na Maoile leis na m\u00edlte blianta anuas, idir dhaoine, theangacha agus chult\u00far, an turas farraige is giorra idir \u00c9ire agus Albain. &nbsp; Is br\u00edomhar an focal \u00e9 agus gheobhaidh muid l\u00e9argas iontach ar an [&hellip;]\" \/>\n<meta property=\"og:url\" content=\"https:\/\/dev.tg4.ie\/ga\/eolas\/preas\/nuacht-raitis\/2021-2\/sruth-sraith-ur-cheoil-ar-tg4\/\" \/>\n<meta property=\"og:site_name\" content=\"TG4\" \/>\n<meta property=\"article:publisher\" content=\"https:\/\/www.facebook.com\/TG4TV\" \/>\n<meta property=\"article:modified_time\" content=\"2021-02-16T10:34:03+00:00\" \/>\n<meta property=\"og:image\" content=\"https:\/\/tg4-docs.s3.amazonaws.com\/tg4-redesign-2015\/wp-content\/uploads\/2021\/01\/Sruth_Megan_Phil_1_1920x1080.jpg\" \/>\n\t<meta property=\"og:image:width\" content=\"1920\" \/>\n\t<meta property=\"og:image:height\" content=\"1080\" \/>\n\t<meta property=\"og:image:type\" content=\"image\/jpeg\" \/>\n<meta name=\"twitter:card\" content=\"summary_large_image\" \/>\n<meta name=\"twitter:image\" content=\"https:\/\/tg4-docs.s3.amazonaws.com\/tg4-redesign-2015\/wp-content\/uploads\/2021\/01\/Sruth_Megan_Phil_1_1920x1080.jpg\" \/>\n<meta name=\"twitter:site\" content=\"@TG4TV\" \/>\n<meta name=\"twitter:label1\" content=\"Est. reading time\" \/>\n\t<meta name=\"twitter:data1\" content=\"5 minutes\" \/>\n<script type=\"application\/ld+json\" class=\"yoast-schema-graph\">{\"@context\":\"https:\/\/schema.org\",\"@graph\":[{\"@type\":\"WebPage\",\"@id\":\"https:\/\/dev.tg4.ie\/ga\/eolas\/preas\/nuacht-raitis\/2021-2\/sruth-sraith-ur-cheoil-ar-tg4\/\",\"url\":\"https:\/\/dev.tg4.ie\/ga\/eolas\/preas\/nuacht-raitis\/2021-2\/sruth-sraith-ur-cheoil-ar-tg4\/\",\"name\":\"Sruth - Sraith \u00dar Cheoil ar TG4 | Preas R\u00e1iteas | TG4\",\"isPartOf\":{\"@id\":\"https:\/\/dev.tg4.ie\/en\/#website\"},\"primaryImageOfPage\":{\"@id\":\"https:\/\/dev.tg4.ie\/ga\/eolas\/preas\/nuacht-raitis\/2021-2\/sruth-sraith-ur-cheoil-ar-tg4\/#primaryimage\"},\"image\":{\"@id\":\"https:\/\/dev.tg4.ie\/ga\/eolas\/preas\/nuacht-raitis\/2021-2\/sruth-sraith-ur-cheoil-ar-tg4\/#primaryimage\"},\"thumbnailUrl\":\"https:\/\/dev.tg4.ie\/wp-content\/uploads\/2021\/01\/Sruth_Megan_Phil_1_1920x1080.jpg\",\"datePublished\":\"2021-02-12T16:02:22+00:00\",\"dateModified\":\"2021-02-16T10:34:03+00:00\",\"breadcrumb\":{\"@id\":\"https:\/\/dev.tg4.ie\/ga\/eolas\/preas\/nuacht-raitis\/2021-2\/sruth-sraith-ur-cheoil-ar-tg4\/#breadcrumb\"},\"inLanguage\":\"ga\",\"potentialAction\":[{\"@type\":\"ReadAction\",\"target\":[\"https:\/\/dev.tg4.ie\/ga\/eolas\/preas\/nuacht-raitis\/2021-2\/sruth-sraith-ur-cheoil-ar-tg4\/\"]}]},{\"@type\":\"ImageObject\",\"inLanguage\":\"ga\",\"@id\":\"https:\/\/dev.tg4.ie\/ga\/eolas\/preas\/nuacht-raitis\/2021-2\/sruth-sraith-ur-cheoil-ar-tg4\/#primaryimage\",\"url\":\"https:\/\/dev.tg4.ie\/wp-content\/uploads\/2021\/01\/Sruth_Megan_Phil_1_1920x1080.jpg\",\"contentUrl\":\"https:\/\/dev.tg4.ie\/wp-content\/uploads\/2021\/01\/Sruth_Megan_Phil_1_1920x1080.jpg\"},{\"@type\":\"BreadcrumbList\",\"@id\":\"https:\/\/dev.tg4.ie\/ga\/eolas\/preas\/nuacht-raitis\/2021-2\/sruth-sraith-ur-cheoil-ar-tg4\/#breadcrumb\",\"itemListElement\":[{\"@type\":\"ListItem\",\"position\":1,\"name\":\"Home\",\"item\":\"https:\/\/dev.tg4.ie\/ga\/\"},{\"@type\":\"ListItem\",\"position\":2,\"name\":\"Eolas\",\"item\":\"https:\/\/dev.tg4.ie\/ga\/eolas\/\"},{\"@type\":\"ListItem\",\"position\":3,\"name\":\"Preas\",\"item\":\"https:\/\/dev.tg4.ie\/ga\/eolas\/preas\/\"},{\"@type\":\"ListItem\",\"position\":4,\"name\":\"Nuacht R\u00e1itis\",\"item\":\"https:\/\/dev.tg4.ie\/ga\/eolas\/preas\/nuacht-raitis\/\"},{\"@type\":\"ListItem\",\"position\":5,\"name\":\"2021\",\"item\":\"https:\/\/dev.tg4.ie\/ga\/eolas\/preas\/nuacht-raitis\/2021-2\/\"},{\"@type\":\"ListItem\",\"position\":6,\"name\":\"Sruth &#8211; Sraith \u00dar Cheoil ar TG4\"}]},{\"@type\":\"WebSite\",\"@id\":\"https:\/\/dev.tg4.ie\/en\/#website\",\"url\":\"https:\/\/dev.tg4.ie\/en\/\",\"name\":\"TG4\",\"description\":\"S\u00fail Eile\",\"potentialAction\":[{\"@type\":\"SearchAction\",\"target\":{\"@type\":\"EntryPoint\",\"urlTemplate\":\"https:\/\/dev.tg4.ie\/en\/?s={search_term_string}\"},\"query-input\":\"required name=search_term_string\"}],\"inLanguage\":\"ga\"}]}<\/script>\n<!-- \/ Yoast SEO plugin. -->","yoast_head_json":{"title":"Sruth - Sraith \u00dar Cheoil ar TG4 | Preas R\u00e1iteas | TG4","robots":{"index":"index","follow":"follow","max-snippet":"max-snippet:-1","max-image-preview":"max-image-preview:large","max-video-preview":"max-video-preview:-1"},"og_locale":"en_US","og_type":"article","og_title":"Sruth - Sraith \u00dar Cheoil ar TG4 | Preas R\u00e1iteas | TG4","og_description":"&nbsp; &nbsp; Sruth &#8211; n\u00edl focal n\u00edos fearr le cur s\u00edos a dh\u00e9anamh ar an ghluaiseacht at\u00e1 ar bun trasna Shruth na Maoile leis na m\u00edlte blianta anuas, idir dhaoine, theangacha agus chult\u00far, an turas farraige is giorra idir \u00c9ire agus Albain. &nbsp; Is br\u00edomhar an focal \u00e9 agus gheobhaidh muid l\u00e9argas iontach ar an [&hellip;]","og_url":"https:\/\/dev.tg4.ie\/ga\/eolas\/preas\/nuacht-raitis\/2021-2\/sruth-sraith-ur-cheoil-ar-tg4\/","og_site_name":"TG4","article_publisher":"https:\/\/www.facebook.com\/TG4TV","article_modified_time":"2021-02-16T10:34:03+00:00","og_image":[{"width":1920,"height":1080,"url":"https:\/\/tg4-docs.s3.amazonaws.com\/tg4-redesign-2015\/wp-content\/uploads\/2021\/01\/Sruth_Megan_Phil_1_1920x1080.jpg","type":"image\/jpeg"}],"twitter_card":"summary_large_image","twitter_image":"https:\/\/tg4-docs.s3.amazonaws.com\/tg4-redesign-2015\/wp-content\/uploads\/2021\/01\/Sruth_Megan_Phil_1_1920x1080.jpg","twitter_site":"@TG4TV","twitter_misc":{"Est. reading time":"5 minutes"},"schema":{"@context":"https:\/\/schema.org","@graph":[{"@type":"WebPage","@id":"https:\/\/dev.tg4.ie\/ga\/eolas\/preas\/nuacht-raitis\/2021-2\/sruth-sraith-ur-cheoil-ar-tg4\/","url":"https:\/\/dev.tg4.ie\/ga\/eolas\/preas\/nuacht-raitis\/2021-2\/sruth-sraith-ur-cheoil-ar-tg4\/","name":"Sruth - Sraith \u00dar Cheoil ar TG4 | Preas R\u00e1iteas | TG4","isPartOf":{"@id":"https:\/\/dev.tg4.ie\/en\/#website"},"primaryImageOfPage":{"@id":"https:\/\/dev.tg4.ie\/ga\/eolas\/preas\/nuacht-raitis\/2021-2\/sruth-sraith-ur-cheoil-ar-tg4\/#primaryimage"},"image":{"@id":"https:\/\/dev.tg4.ie\/ga\/eolas\/preas\/nuacht-raitis\/2021-2\/sruth-sraith-ur-cheoil-ar-tg4\/#primaryimage"},"thumbnailUrl":"https:\/\/dev.tg4.ie\/wp-content\/uploads\/2021\/01\/Sruth_Megan_Phil_1_1920x1080.jpg","datePublished":"2021-02-12T16:02:22+00:00","dateModified":"2021-02-16T10:34:03+00:00","breadcrumb":{"@id":"https:\/\/dev.tg4.ie\/ga\/eolas\/preas\/nuacht-raitis\/2021-2\/sruth-sraith-ur-cheoil-ar-tg4\/#breadcrumb"},"inLanguage":"ga","potentialAction":[{"@type":"ReadAction","target":["https:\/\/dev.tg4.ie\/ga\/eolas\/preas\/nuacht-raitis\/2021-2\/sruth-sraith-ur-cheoil-ar-tg4\/"]}]},{"@type":"ImageObject","inLanguage":"ga","@id":"https:\/\/dev.tg4.ie\/ga\/eolas\/preas\/nuacht-raitis\/2021-2\/sruth-sraith-ur-cheoil-ar-tg4\/#primaryimage","url":"https:\/\/dev.tg4.ie\/wp-content\/uploads\/2021\/01\/Sruth_Megan_Phil_1_1920x1080.jpg","contentUrl":"https:\/\/dev.tg4.ie\/wp-content\/uploads\/2021\/01\/Sruth_Megan_Phil_1_1920x1080.jpg"},{"@type":"BreadcrumbList","@id":"https:\/\/dev.tg4.ie\/ga\/eolas\/preas\/nuacht-raitis\/2021-2\/sruth-sraith-ur-cheoil-ar-tg4\/#breadcrumb","itemListElement":[{"@type":"ListItem","position":1,"name":"Home","item":"https:\/\/dev.tg4.ie\/ga\/"},{"@type":"ListItem","position":2,"name":"Eolas","item":"https:\/\/dev.tg4.ie\/ga\/eolas\/"},{"@type":"ListItem","position":3,"name":"Preas","item":"https:\/\/dev.tg4.ie\/ga\/eolas\/preas\/"},{"@type":"ListItem","position":4,"name":"Nuacht R\u00e1itis","item":"https:\/\/dev.tg4.ie\/ga\/eolas\/preas\/nuacht-raitis\/"},{"@type":"ListItem","position":5,"name":"2021","item":"https:\/\/dev.tg4.ie\/ga\/eolas\/preas\/nuacht-raitis\/2021-2\/"},{"@type":"ListItem","position":6,"name":"Sruth &#8211; Sraith \u00dar Cheoil ar TG4"}]},{"@type":"WebSite","@id":"https:\/\/dev.tg4.ie\/en\/#website","url":"https:\/\/dev.tg4.ie\/en\/","name":"TG4","description":"S\u00fail Eile","potentialAction":[{"@type":"SearchAction","target":{"@type":"EntryPoint","urlTemplate":"https:\/\/dev.tg4.ie\/en\/?s={search_term_string}"},"query-input":"required name=search_term_string"}],"inLanguage":"ga"}]}},"_links":{"self":[{"href":"https:\/\/dev.tg4.ie\/ga\/wp-json\/wp\/v2\/pages\/116109"}],"collection":[{"href":"https:\/\/dev.tg4.ie\/ga\/wp-json\/wp\/v2\/pages"}],"about":[{"href":"https:\/\/dev.tg4.ie\/ga\/wp-json\/wp\/v2\/types\/page"}],"author":[{"embeddable":true,"href":"https:\/\/dev.tg4.ie\/ga\/wp-json\/wp\/v2\/users\/876"}],"replies":[{"embeddable":true,"href":"https:\/\/dev.tg4.ie\/ga\/wp-json\/wp\/v2\/comments?post=116109"}],"version-history":[{"count":0,"href":"https:\/\/dev.tg4.ie\/ga\/wp-json\/wp\/v2\/pages\/116109\/revisions"}],"up":[{"embeddable":true,"href":"https:\/\/dev.tg4.ie\/ga\/wp-json\/wp\/v2\/pages\/115579"}],"wp:attachment":[{"href":"https:\/\/dev.tg4.ie\/ga\/wp-json\/wp\/v2\/media?parent=116109"}],"curies":[{"name":"wp","href":"https:\/\/api.w.org\/{rel}","templated":true}]}}