{"id":116138,"date":"2021-02-16T11:52:45","date_gmt":"2021-02-16T11:52:45","guid":{"rendered":"https:\/\/dev.tg4.ie\/?page_id=116138"},"modified":"2021-02-16T11:52:45","modified_gmt":"2021-02-16T11:52:45","slug":"babhta-nua-ollsolathair-agus-babhta-coimisiunaithe-do-earrach-2021-fogartha-inniu-ag-tg4","status":"publish","type":"page","link":"https:\/\/dev.tg4.ie\/ga\/eolas\/preas\/nuacht-raitis\/2021-2\/babhta-nua-ollsolathair-agus-babhta-coimisiunaithe-do-earrach-2021-fogartha-inniu-ag-tg4\/","title":{"rendered":"Babhta nua ollsol\u00e1thair agus babhta coimisi\u00fanaithe do Earrach 2021 f\u00f3gartha inniu ag TG4"},"content":{"rendered":"<p><a href=\"https:\/\/tg4-docs.s3.amazonaws.com\/tg4-redesign-2015\/wp-content\/uploads\/2021\/02\/TG4_Sat_1_1920x1080.jpg\"><img loading=\"lazy\" decoding=\"async\" width=\"1920\" height=\"1080\" src=\"https:\/\/tg4-docs.s3.amazonaws.com\/tg4-redesign-2015\/wp-content\/uploads\/2021\/02\/TG4_Sat_1_1920x1080.jpg\" alt=\"\" class=\"aligncenter size-full wp-image-116140\" srcset=\"https:\/\/tg4-docs.s3.amazonaws.com\/tg4-redesign-2015\/wp-content\/uploads\/2021\/02\/TG4_Sat_1_1920x1080.jpg 1920w, https:\/\/tg4-docs.s3.amazonaws.com\/tg4-redesign-2015\/wp-content\/uploads\/2021\/02\/TG4_Sat_1_1920x1080-250x141.jpg 250w, https:\/\/tg4-docs.s3.amazonaws.com\/tg4-redesign-2015\/wp-content\/uploads\/2021\/02\/TG4_Sat_1_1920x1080-700x394.jpg 700w, https:\/\/tg4-docs.s3.amazonaws.com\/tg4-redesign-2015\/wp-content\/uploads\/2021\/02\/TG4_Sat_1_1920x1080-252x141.jpg 252w, https:\/\/tg4-docs.s3.amazonaws.com\/tg4-redesign-2015\/wp-content\/uploads\/2021\/02\/TG4_Sat_1_1920x1080-1536x864.jpg 1536w, https:\/\/tg4-docs.s3.amazonaws.com\/tg4-redesign-2015\/wp-content\/uploads\/2021\/02\/TG4_Sat_1_1920x1080-120x68.jpg 120w\" sizes=\"(max-width: 1920px) 100vw, 1920px\" \/><\/a><br \/>\n&nbsp;<\/p>\n<p>D&#8217;fh\u00f3gair TG4 inniu ag L\u00e1 na L\u00e9iritheoir\u00ed go bhfuil iarratais \u00e1 lorg le haghaidh conartha\u00ed ollsol\u00e1thar nua.  Tiocfaidh deireadh leis na conartha\u00ed reatha ag deireadh 2021.  T\u00e1 iarratais \u00e1 lorg do 12 conaratha\u00ed ollsol\u00e1thar ceithre bliana. T\u00e1 dh\u00e1 phota ollsol\u00e1thar breise san \u00e1ireamh i bhf\u00f3gra an lae inniu.   Beidh luach \u20ac1.8m ar na conartha\u00ed n\u00f3 \u20ac450,000 sa bhliain. Is m\u00e9ad\u00fa \u00e9 sin \u00f3 \u20ac400,000 sa bhliain at\u00e1 ag na conartha\u00ed ollsol\u00e1thar reatha.<br \/>\n&nbsp;<br \/>\nDe r\u00e9ir mar at\u00e1 t\u00edrdhreach na craolt\u00f3ireachta ag \u00e9ir\u00ed n\u00edos scoilte, t\u00e1 aitheantas bainte amach ag TG4 go bhfuil s\u00e9 i bhfabhar na nu\u00e1la\u00edochta, na f\u00edsi\u00falachta, na crutha\u00edochta agus thar rud ar bith eile l\u00e1idreacht na sc\u00e9ala\u00edochta.   Tr\u00edd na coimisi\u00fain lean\u00fanacha seo, t\u00e1 s\u00fail ag TG4 oibri\u00fa i gcomhph\u00e1irt leis na l\u00e9iritheoir\u00ed agus cruthaitheoir\u00ed teilif\u00edse sc\u00e9alta at\u00e1 gaelach, eis\u00edoch agus f\u00edsi\u00fail a chur ar f\u00e1il do lucht f\u00e9achana TG4.<br \/>\n&nbsp;<br \/>\nT\u00e1 iarratais \u00e1 lorg do na se\u00e1nra\u00ed seo a leanas; F\u00edorasach Cro\u00ed Lucht F\u00e9achana, <strong>F\u00edorasach N\u00e1isi\u00fanta, F\u00edorasach Siamsi\u00fail, Siamsa\u00edocht cheoil thraidisi\u00fanta, Siamsa\u00edocht cheoil, Saolchl\u00e1r \/ Faisn\u00e9is siams\u00fail do dhaoine f\u00e1sta faoi 35<\/strong> agus <strong>Siamsa\u00edocht do ph\u00e1ist\u00ed<\/strong>.   Is \u00e9 D\u00e9 Luain an 12 Aibre\u00e1n an sprioc-am d\u2019iarratais ollsol\u00e1thair.<br \/>\nF\u00f3gra\u00edodh conartha breise ollsol\u00e1thar i 2020.  Beidh 13 chonartha ollsol\u00e1thar anois ag TG4 leis an earn\u00e1il l\u00e9iri\u00fach\u00e1n neamhsple\u00e1ch. T\u00e1 naoi gconradh eile ollsol\u00e1thar ag TG4 le comhlachta\u00ed san earn\u00e1il le coinn\u00edollacha difr\u00fala leo chomh maith le conartha\u00ed seirbh\u00edse do fotheidil agus athghuth\u00fa.<br \/>\n&nbsp;<br \/>\nF\u00f3gra\u00edodh Babhta Coimis\u00fanaithe don Earrach 2021 inniu chomh maith. T\u00e1 iarratais \u00e1 lorg \u00f3n earn\u00e1il ar smaoint\u00ed do chl\u00e1racha at\u00e1 tr\u00e1th\u00fail agus a bheidh ina seoda sa sceideal mar aon le cl\u00e1racha \/ sraitheanna nach dtagann faoi mholta\u00ed ollsol\u00e1thair.  Is deis \u00ed seo do l\u00e9iritheoir\u00ed nach bhfuil s\u00e9 i gceist acu iarratas a dh\u00e9anamh ar ollsol\u00e1thar l\u00e9irithe l\u00e9iri\u00fa a dh\u00e9anamh ar shraitheanna \/ cl\u00e1racha aonair amh\u00e1in.  Bheadh sp\u00e9is ag TG4 in iarratais do <strong>F\u00edorasach &#038; Siamsa\u00edocht Cro\u00edlucht f\u00e9achana, \u00c1bhar do lucht f\u00e9achana faoi F35, F\u00edorasach &#8211; N\u00e1isi\u00fanta, F\u00edorasach Siams\u00fail N\u00e1isi\u00fanta, Siamsa\u00edocht Cheoil Thraidisi\u00fanta, Siamsa\u00edocht Cheoil nach Ceol Traidisi\u00fanta \u00e9<\/strong> agus <strong>Siamsa\u00edocht do Ph\u00e1ist\u00ed<\/strong>.  Is \u00e9 an 17 Bealtaine 2021 an sprioc-am d\u2019iarratais chuig TG4.<br \/>\n&nbsp;<br \/>\nIs ionann \u20ac23.2m infheist\u00edocht TG4 i gcomhlachta\u00ed l\u00e9iri\u00fach\u00e1in san earn\u00e1il neamhsple\u00e1ch l\u00e9iri\u00fach\u00e1in.<br \/>\n&nbsp;<br \/>\nD\u00fairt Ard Sti\u00farth\u00f3ir TG4, Alan Esslemont inniu ag L\u00e1 na L\u00e9iritheoir\u00ed,  <em>&#8220;T\u00e1 comhph\u00e1irt\u00edocht leis an earn\u00e1il l\u00e9iri\u00fach\u00e1in neamhsple\u00e1ch i gcro\u00edl\u00e1r strait\u00e9is TG4 mar chraolt\u00f3ir \/ foilsitheoir.  Bliain gan choinne, chrua a bh\u00ed in 2020 do gach duine. Tagann cruthaitheacht agus uaillmhian chl\u00e1rsceideal TG4 \u00f3 na l\u00e9iritheoir\u00ed neamhsple\u00e1cha a chrutha\u00edonn \u00e1bhar d\u00fainn. Cuireadh m\u00e9ad\u00fa \u20ac3.5m ar mhaoini\u00fa TG4 in 2020 agus infheisteofar sin go d\u00edreach san earn\u00e1il l\u00e9iri\u00fach\u00e1in. Molaimid do l\u00e9iritheoir\u00ed smaoineamh faoi lucht f\u00e9achana TG4 agus tuiscint a fh\u00e1il air, go h\u00e1irithe an lucht f\u00e9achana faoi 35 agus na babhta\u00ed coimisi\u00fanaithe seo a \u00fas\u00e1id mar dheis nua don chruthaitheacht, smaointe a chruth\u00fa at\u00e1 d\u00edrithe ar an lucht f\u00e9achana.&#8221;<\/em><br \/>\n&nbsp;<\/p>\n<p>Sonra\u00ed faoi na babhta\u00ed ar f\u00e1il ag:  <a href=\"https:\/\/dev.tg4.ie\/Coimisi\u00fan\u00fa\" rel=\"noopener\" target=\"_blank\">www.tg4.ie\/Coimisi\u00fan\u00fa<\/a><\/p>\n<p>&nbsp;<br \/>\n&nbsp;<br \/>\n&nbsp;<\/p>\n","protected":false},"excerpt":{"rendered":"<p>&nbsp; D&#8217;fh\u00f3gair TG4 inniu ag L\u00e1 na L\u00e9iritheoir\u00ed go bhfuil iarratais \u00e1 lorg le haghaidh conartha\u00ed ollsol\u00e1thar nua. Tiocfaidh deireadh leis na conartha\u00ed reatha ag deireadh 2021. T\u00e1 iarratais \u00e1 lorg do 12 conaratha\u00ed ollsol\u00e1thar ceithre bliana. T\u00e1 dh\u00e1 phota ollsol\u00e1thar breise san \u00e1ireamh i bhf\u00f3gra an lae inniu. Beidh luach \u20ac1.8m ar na conartha\u00ed [&hellip;]<\/p>\n","protected":false},"author":876,"featured_media":0,"parent":115579,"menu_order":15,"comment_status":"closed","ping_status":"closed","template":"page-templates\/template-pr.php","meta":{"_acf_changed":false,"footnotes":""},"acf":[],"yoast_head":"<!-- This site is optimized with the Yoast SEO plugin v22.6 - https:\/\/yoast.com\/wordpress\/plugins\/seo\/ -->\n<title>Babhta nua ollsol\u00e1thair agus babhta coimisi\u00fanaithe do Earrach 2021 f\u00f3gartha inniu ag TG4 | Preas R\u00e1iteas | TG4<\/title>\n<meta name=\"robots\" content=\"index, follow, max-snippet:-1, max-image-preview:large, max-video-preview:-1\" \/>\n<meta property=\"og:locale\" content=\"en_US\" \/>\n<meta property=\"og:type\" content=\"article\" \/>\n<meta property=\"og:title\" content=\"Babhta nua ollsol\u00e1thair agus babhta coimisi\u00fanaithe do Earrach 2021 f\u00f3gartha inniu ag TG4 | Preas R\u00e1iteas | TG4\" \/>\n<meta property=\"og:description\" content=\"&nbsp; D&#8217;fh\u00f3gair TG4 inniu ag L\u00e1 na L\u00e9iritheoir\u00ed go bhfuil iarratais \u00e1 lorg le haghaidh conartha\u00ed ollsol\u00e1thar nua. Tiocfaidh deireadh leis na conartha\u00ed reatha ag deireadh 2021. T\u00e1 iarratais \u00e1 lorg do 12 conaratha\u00ed ollsol\u00e1thar ceithre bliana. T\u00e1 dh\u00e1 phota ollsol\u00e1thar breise san \u00e1ireamh i bhf\u00f3gra an lae inniu. Beidh luach \u20ac1.8m ar na conartha\u00ed [&hellip;]\" \/>\n<meta property=\"og:url\" content=\"https:\/\/dev.tg4.ie\/ga\/eolas\/preas\/nuacht-raitis\/2021-2\/babhta-nua-ollsolathair-agus-babhta-coimisiunaithe-do-earrach-2021-fogartha-inniu-ag-tg4\/\" \/>\n<meta property=\"og:site_name\" content=\"TG4\" \/>\n<meta property=\"article:publisher\" content=\"https:\/\/www.facebook.com\/TG4TV\" \/>\n<meta property=\"og:image\" content=\"https:\/\/tg4-docs.s3.amazonaws.com\/tg4-redesign-2015\/wp-content\/uploads\/2021\/02\/TG4_Sat_1_1920x1080.jpg\" \/>\n\t<meta property=\"og:image:width\" content=\"1920\" \/>\n\t<meta property=\"og:image:height\" content=\"1080\" \/>\n\t<meta property=\"og:image:type\" content=\"image\/jpeg\" \/>\n<meta name=\"twitter:card\" content=\"summary_large_image\" \/>\n<meta name=\"twitter:image\" content=\"https:\/\/tg4-docs.s3.amazonaws.com\/tg4-redesign-2015\/wp-content\/uploads\/2021\/02\/TG4_Sat_1_1920x1080.jpg\" \/>\n<meta name=\"twitter:site\" content=\"@TG4TV\" \/>\n<meta name=\"twitter:label1\" content=\"Est. reading time\" \/>\n\t<meta name=\"twitter:data1\" content=\"3 minutes\" \/>\n<script type=\"application\/ld+json\" class=\"yoast-schema-graph\">{\"@context\":\"https:\/\/schema.org\",\"@graph\":[{\"@type\":\"WebPage\",\"@id\":\"https:\/\/dev.tg4.ie\/ga\/eolas\/preas\/nuacht-raitis\/2021-2\/babhta-nua-ollsolathair-agus-babhta-coimisiunaithe-do-earrach-2021-fogartha-inniu-ag-tg4\/\",\"url\":\"https:\/\/dev.tg4.ie\/ga\/eolas\/preas\/nuacht-raitis\/2021-2\/babhta-nua-ollsolathair-agus-babhta-coimisiunaithe-do-earrach-2021-fogartha-inniu-ag-tg4\/\",\"name\":\"Babhta nua ollsol\u00e1thair agus babhta coimisi\u00fanaithe do Earrach 2021 f\u00f3gartha inniu ag TG4 | Preas R\u00e1iteas | TG4\",\"isPartOf\":{\"@id\":\"https:\/\/dev.tg4.ie\/en\/#website\"},\"primaryImageOfPage\":{\"@id\":\"https:\/\/dev.tg4.ie\/ga\/eolas\/preas\/nuacht-raitis\/2021-2\/babhta-nua-ollsolathair-agus-babhta-coimisiunaithe-do-earrach-2021-fogartha-inniu-ag-tg4\/#primaryimage\"},\"image\":{\"@id\":\"https:\/\/dev.tg4.ie\/ga\/eolas\/preas\/nuacht-raitis\/2021-2\/babhta-nua-ollsolathair-agus-babhta-coimisiunaithe-do-earrach-2021-fogartha-inniu-ag-tg4\/#primaryimage\"},\"thumbnailUrl\":\"https:\/\/dev.tg4.ie\/wp-content\/uploads\/2021\/02\/TG4_Sat_1_1920x1080.jpg\",\"datePublished\":\"2021-02-16T11:52:45+00:00\",\"dateModified\":\"2021-02-16T11:52:45+00:00\",\"breadcrumb\":{\"@id\":\"https:\/\/dev.tg4.ie\/ga\/eolas\/preas\/nuacht-raitis\/2021-2\/babhta-nua-ollsolathair-agus-babhta-coimisiunaithe-do-earrach-2021-fogartha-inniu-ag-tg4\/#breadcrumb\"},\"inLanguage\":\"ga\",\"potentialAction\":[{\"@type\":\"ReadAction\",\"target\":[\"https:\/\/dev.tg4.ie\/ga\/eolas\/preas\/nuacht-raitis\/2021-2\/babhta-nua-ollsolathair-agus-babhta-coimisiunaithe-do-earrach-2021-fogartha-inniu-ag-tg4\/\"]}]},{\"@type\":\"ImageObject\",\"inLanguage\":\"ga\",\"@id\":\"https:\/\/dev.tg4.ie\/ga\/eolas\/preas\/nuacht-raitis\/2021-2\/babhta-nua-ollsolathair-agus-babhta-coimisiunaithe-do-earrach-2021-fogartha-inniu-ag-tg4\/#primaryimage\",\"url\":\"https:\/\/dev.tg4.ie\/wp-content\/uploads\/2021\/02\/TG4_Sat_1_1920x1080.jpg\",\"contentUrl\":\"https:\/\/dev.tg4.ie\/wp-content\/uploads\/2021\/02\/TG4_Sat_1_1920x1080.jpg\"},{\"@type\":\"BreadcrumbList\",\"@id\":\"https:\/\/dev.tg4.ie\/ga\/eolas\/preas\/nuacht-raitis\/2021-2\/babhta-nua-ollsolathair-agus-babhta-coimisiunaithe-do-earrach-2021-fogartha-inniu-ag-tg4\/#breadcrumb\",\"itemListElement\":[{\"@type\":\"ListItem\",\"position\":1,\"name\":\"Home\",\"item\":\"https:\/\/dev.tg4.ie\/ga\/\"},{\"@type\":\"ListItem\",\"position\":2,\"name\":\"Eolas\",\"item\":\"https:\/\/dev.tg4.ie\/ga\/eolas\/\"},{\"@type\":\"ListItem\",\"position\":3,\"name\":\"Preas\",\"item\":\"https:\/\/dev.tg4.ie\/ga\/eolas\/preas\/\"},{\"@type\":\"ListItem\",\"position\":4,\"name\":\"Nuacht R\u00e1itis\",\"item\":\"https:\/\/dev.tg4.ie\/ga\/eolas\/preas\/nuacht-raitis\/\"},{\"@type\":\"ListItem\",\"position\":5,\"name\":\"2021\",\"item\":\"https:\/\/dev.tg4.ie\/ga\/eolas\/preas\/nuacht-raitis\/2021-2\/\"},{\"@type\":\"ListItem\",\"position\":6,\"name\":\"Babhta nua ollsol\u00e1thair agus babhta coimisi\u00fanaithe do Earrach 2021 f\u00f3gartha inniu ag TG4\"}]},{\"@type\":\"WebSite\",\"@id\":\"https:\/\/dev.tg4.ie\/en\/#website\",\"url\":\"https:\/\/dev.tg4.ie\/en\/\",\"name\":\"TG4\",\"description\":\"S\u00fail Eile\",\"potentialAction\":[{\"@type\":\"SearchAction\",\"target\":{\"@type\":\"EntryPoint\",\"urlTemplate\":\"https:\/\/dev.tg4.ie\/en\/?s={search_term_string}\"},\"query-input\":\"required name=search_term_string\"}],\"inLanguage\":\"ga\"}]}<\/script>\n<!-- \/ Yoast SEO plugin. -->","yoast_head_json":{"title":"Babhta nua ollsol\u00e1thair agus babhta coimisi\u00fanaithe do Earrach 2021 f\u00f3gartha inniu ag TG4 | Preas R\u00e1iteas | TG4","robots":{"index":"index","follow":"follow","max-snippet":"max-snippet:-1","max-image-preview":"max-image-preview:large","max-video-preview":"max-video-preview:-1"},"og_locale":"en_US","og_type":"article","og_title":"Babhta nua ollsol\u00e1thair agus babhta coimisi\u00fanaithe do Earrach 2021 f\u00f3gartha inniu ag TG4 | Preas R\u00e1iteas | TG4","og_description":"&nbsp; D&#8217;fh\u00f3gair TG4 inniu ag L\u00e1 na L\u00e9iritheoir\u00ed go bhfuil iarratais \u00e1 lorg le haghaidh conartha\u00ed ollsol\u00e1thar nua. Tiocfaidh deireadh leis na conartha\u00ed reatha ag deireadh 2021. T\u00e1 iarratais \u00e1 lorg do 12 conaratha\u00ed ollsol\u00e1thar ceithre bliana. T\u00e1 dh\u00e1 phota ollsol\u00e1thar breise san \u00e1ireamh i bhf\u00f3gra an lae inniu. Beidh luach \u20ac1.8m ar na conartha\u00ed [&hellip;]","og_url":"https:\/\/dev.tg4.ie\/ga\/eolas\/preas\/nuacht-raitis\/2021-2\/babhta-nua-ollsolathair-agus-babhta-coimisiunaithe-do-earrach-2021-fogartha-inniu-ag-tg4\/","og_site_name":"TG4","article_publisher":"https:\/\/www.facebook.com\/TG4TV","og_image":[{"width":1920,"height":1080,"url":"https:\/\/tg4-docs.s3.amazonaws.com\/tg4-redesign-2015\/wp-content\/uploads\/2021\/02\/TG4_Sat_1_1920x1080.jpg","type":"image\/jpeg"}],"twitter_card":"summary_large_image","twitter_image":"https:\/\/tg4-docs.s3.amazonaws.com\/tg4-redesign-2015\/wp-content\/uploads\/2021\/02\/TG4_Sat_1_1920x1080.jpg","twitter_site":"@TG4TV","twitter_misc":{"Est. reading time":"3 minutes"},"schema":{"@context":"https:\/\/schema.org","@graph":[{"@type":"WebPage","@id":"https:\/\/dev.tg4.ie\/ga\/eolas\/preas\/nuacht-raitis\/2021-2\/babhta-nua-ollsolathair-agus-babhta-coimisiunaithe-do-earrach-2021-fogartha-inniu-ag-tg4\/","url":"https:\/\/dev.tg4.ie\/ga\/eolas\/preas\/nuacht-raitis\/2021-2\/babhta-nua-ollsolathair-agus-babhta-coimisiunaithe-do-earrach-2021-fogartha-inniu-ag-tg4\/","name":"Babhta nua ollsol\u00e1thair agus babhta coimisi\u00fanaithe do Earrach 2021 f\u00f3gartha inniu ag TG4 | Preas R\u00e1iteas | TG4","isPartOf":{"@id":"https:\/\/dev.tg4.ie\/en\/#website"},"primaryImageOfPage":{"@id":"https:\/\/dev.tg4.ie\/ga\/eolas\/preas\/nuacht-raitis\/2021-2\/babhta-nua-ollsolathair-agus-babhta-coimisiunaithe-do-earrach-2021-fogartha-inniu-ag-tg4\/#primaryimage"},"image":{"@id":"https:\/\/dev.tg4.ie\/ga\/eolas\/preas\/nuacht-raitis\/2021-2\/babhta-nua-ollsolathair-agus-babhta-coimisiunaithe-do-earrach-2021-fogartha-inniu-ag-tg4\/#primaryimage"},"thumbnailUrl":"https:\/\/dev.tg4.ie\/wp-content\/uploads\/2021\/02\/TG4_Sat_1_1920x1080.jpg","datePublished":"2021-02-16T11:52:45+00:00","dateModified":"2021-02-16T11:52:45+00:00","breadcrumb":{"@id":"https:\/\/dev.tg4.ie\/ga\/eolas\/preas\/nuacht-raitis\/2021-2\/babhta-nua-ollsolathair-agus-babhta-coimisiunaithe-do-earrach-2021-fogartha-inniu-ag-tg4\/#breadcrumb"},"inLanguage":"ga","potentialAction":[{"@type":"ReadAction","target":["https:\/\/dev.tg4.ie\/ga\/eolas\/preas\/nuacht-raitis\/2021-2\/babhta-nua-ollsolathair-agus-babhta-coimisiunaithe-do-earrach-2021-fogartha-inniu-ag-tg4\/"]}]},{"@type":"ImageObject","inLanguage":"ga","@id":"https:\/\/dev.tg4.ie\/ga\/eolas\/preas\/nuacht-raitis\/2021-2\/babhta-nua-ollsolathair-agus-babhta-coimisiunaithe-do-earrach-2021-fogartha-inniu-ag-tg4\/#primaryimage","url":"https:\/\/dev.tg4.ie\/wp-content\/uploads\/2021\/02\/TG4_Sat_1_1920x1080.jpg","contentUrl":"https:\/\/dev.tg4.ie\/wp-content\/uploads\/2021\/02\/TG4_Sat_1_1920x1080.jpg"},{"@type":"BreadcrumbList","@id":"https:\/\/dev.tg4.ie\/ga\/eolas\/preas\/nuacht-raitis\/2021-2\/babhta-nua-ollsolathair-agus-babhta-coimisiunaithe-do-earrach-2021-fogartha-inniu-ag-tg4\/#breadcrumb","itemListElement":[{"@type":"ListItem","position":1,"name":"Home","item":"https:\/\/dev.tg4.ie\/ga\/"},{"@type":"ListItem","position":2,"name":"Eolas","item":"https:\/\/dev.tg4.ie\/ga\/eolas\/"},{"@type":"ListItem","position":3,"name":"Preas","item":"https:\/\/dev.tg4.ie\/ga\/eolas\/preas\/"},{"@type":"ListItem","position":4,"name":"Nuacht R\u00e1itis","item":"https:\/\/dev.tg4.ie\/ga\/eolas\/preas\/nuacht-raitis\/"},{"@type":"ListItem","position":5,"name":"2021","item":"https:\/\/dev.tg4.ie\/ga\/eolas\/preas\/nuacht-raitis\/2021-2\/"},{"@type":"ListItem","position":6,"name":"Babhta nua ollsol\u00e1thair agus babhta coimisi\u00fanaithe do Earrach 2021 f\u00f3gartha inniu ag TG4"}]},{"@type":"WebSite","@id":"https:\/\/dev.tg4.ie\/en\/#website","url":"https:\/\/dev.tg4.ie\/en\/","name":"TG4","description":"S\u00fail Eile","potentialAction":[{"@type":"SearchAction","target":{"@type":"EntryPoint","urlTemplate":"https:\/\/dev.tg4.ie\/en\/?s={search_term_string}"},"query-input":"required name=search_term_string"}],"inLanguage":"ga"}]}},"_links":{"self":[{"href":"https:\/\/dev.tg4.ie\/ga\/wp-json\/wp\/v2\/pages\/116138"}],"collection":[{"href":"https:\/\/dev.tg4.ie\/ga\/wp-json\/wp\/v2\/pages"}],"about":[{"href":"https:\/\/dev.tg4.ie\/ga\/wp-json\/wp\/v2\/types\/page"}],"author":[{"embeddable":true,"href":"https:\/\/dev.tg4.ie\/ga\/wp-json\/wp\/v2\/users\/876"}],"replies":[{"embeddable":true,"href":"https:\/\/dev.tg4.ie\/ga\/wp-json\/wp\/v2\/comments?post=116138"}],"version-history":[{"count":0,"href":"https:\/\/dev.tg4.ie\/ga\/wp-json\/wp\/v2\/pages\/116138\/revisions"}],"up":[{"embeddable":true,"href":"https:\/\/dev.tg4.ie\/ga\/wp-json\/wp\/v2\/pages\/115579"}],"wp:attachment":[{"href":"https:\/\/dev.tg4.ie\/ga\/wp-json\/wp\/v2\/media?parent=116138"}],"curies":[{"name":"wp","href":"https:\/\/api.w.org\/{rel}","templated":true}]}}