{"id":116161,"date":"2021-02-18T16:03:50","date_gmt":"2021-02-18T16:03:50","guid":{"rendered":"https:\/\/dev.tg4.ie\/?page_id=116161"},"modified":"2021-02-18T16:03:50","modified_gmt":"2021-02-18T16:03:50","slug":"go-gasta-sraith-nua-ar-tg4","status":"publish","type":"page","link":"https:\/\/dev.tg4.ie\/ga\/eolas\/preas\/nuacht-raitis\/2021-2\/go-gasta-sraith-nua-ar-tg4\/","title":{"rendered":"GO GASTA &#8211; Sraith Nua ar TG4"},"content":{"rendered":"<p><a href=\"https:\/\/tg4-docs.s3.amazonaws.com\/tg4-redesign-2015\/wp-content\/uploads\/2021\/02\/GoGasta2_2_1920x1080.jpg\"><img loading=\"lazy\" decoding=\"async\" width=\"1920\" height=\"1080\" src=\"https:\/\/tg4-docs.s3.amazonaws.com\/tg4-redesign-2015\/wp-content\/uploads\/2021\/02\/GoGasta2_2_1920x1080.jpg\" alt=\"\" class=\"aligncenter size-full wp-image-116162\" srcset=\"https:\/\/tg4-docs.s3.amazonaws.com\/tg4-redesign-2015\/wp-content\/uploads\/2021\/02\/GoGasta2_2_1920x1080.jpg 1920w, https:\/\/tg4-docs.s3.amazonaws.com\/tg4-redesign-2015\/wp-content\/uploads\/2021\/02\/GoGasta2_2_1920x1080-250x141.jpg 250w, https:\/\/tg4-docs.s3.amazonaws.com\/tg4-redesign-2015\/wp-content\/uploads\/2021\/02\/GoGasta2_2_1920x1080-700x394.jpg 700w, https:\/\/tg4-docs.s3.amazonaws.com\/tg4-redesign-2015\/wp-content\/uploads\/2021\/02\/GoGasta2_2_1920x1080-252x141.jpg 252w, https:\/\/tg4-docs.s3.amazonaws.com\/tg4-redesign-2015\/wp-content\/uploads\/2021\/02\/GoGasta2_2_1920x1080-1536x864.jpg 1536w, https:\/\/tg4-docs.s3.amazonaws.com\/tg4-redesign-2015\/wp-content\/uploads\/2021\/02\/GoGasta2_2_1920x1080-120x68.jpg 120w\" sizes=\"(max-width: 1920px) 100vw, 1920px\" \/><\/a><br \/>\n&nbsp;<\/p>\n<div style=\"position: relative; overflow: auto; width: 100%; padding-bottom: 56.25%;\"><iframe loading=\"lazy\" src=\"https:\/\/www.youtube.com\/embed\/tNruGGny4zc\" width=\"100%\" height=\"100%\" frameborder=\"0\" scrolling=\"no\" allowFullscreen=\"true\" style=\"position: absolute; top: 0px; display: block;\"><\/iframe><\/div>\n<p>&nbsp;<br \/>\nI Sraith 2 de chl\u00e1r siamsa\u00edochta Ab\u00fa Media a raibh an-t\u00f3ir air, Go Gasta , t\u00e9ann na meant\u00f3ir\u00ed <strong>M\u00e1ire Treasa N\u00ed Dhubhghaill<\/strong>, <strong>Conall \u00d3 M\u00e1irt\u00edn<\/strong> agus an t-aoi-mheant\u00f3ir, an t-imreoir Idirn\u00e1isi\u00fanta Rugba\u00ed <strong>Eimear Considine<\/strong> ar fud na t\u00edre chun meant\u00f3ireacht a dh\u00e9anamh ar a gcuid foirne sula dtabharfaidh siad aghaidh ar Dh\u00fashl\u00e1n Go Gasta.<br \/>\n&nbsp;<br \/>\nSa dara sraith de <strong>GO GASTA<\/strong>, tabharfaidh dh\u00e1 shr\u00e1idbhaile, a bhfuil coimhlint mh\u00f3r eatarthu ar ph\u00e1irc na himeartha, aghaidh ar a ch\u00e9ile ar ch\u00farsa at\u00e1 l\u00e1n de dh\u00fashl\u00e1in agus constaic\u00ed, c\u00farsa a th\u00e9ann \u00f3 bhaile amh\u00e1in go dt\u00ed an baile eile chun an comhar a dh\u00edol faoi dheireadh thiar thall.<br \/>\n&nbsp;<br \/>\nCaithfidh foireann de sheisear \u00f3 bhaile amh\u00e1in rith i dtreo an bhaile eile ach n\u00ed gn\u00e1thr\u00e1s ar bith \u00e9 seo.  Beidh orthu NAOI gcinn de chonstaic\u00ed \u00e9ags\u00fala a sh\u00e1r\u00fa agus iad in aghaidh an chloig.<br \/>\n&nbsp;<br \/>\nIs \u00ed an fhoireann is sciobtha a bhainfidh ceann scr\u00edbe amach a thabharfaidh l\u00e9i an duais.<br \/>\n&nbsp;<br \/>\n<a href=\"https:\/\/tg4-docs.s3.amazonaws.com\/tg4-redesign-2015\/wp-content\/uploads\/2021\/01\/GoGasta2_1_1920x1080.jpg\"><img loading=\"lazy\" decoding=\"async\" width=\"700\" height=\"394\" src=\"https:\/\/tg4-docs.s3.amazonaws.com\/tg4-redesign-2015\/wp-content\/uploads\/2021\/01\/GoGasta2_1_1920x1080-700x394.jpg\" alt=\"\" class=\"aligncenter size-large wp-image-115859\" srcset=\"https:\/\/tg4-docs.s3.amazonaws.com\/tg4-redesign-2015\/wp-content\/uploads\/2021\/01\/GoGasta2_1_1920x1080-700x394.jpg 700w, https:\/\/tg4-docs.s3.amazonaws.com\/tg4-redesign-2015\/wp-content\/uploads\/2021\/01\/GoGasta2_1_1920x1080-250x141.jpg 250w, https:\/\/tg4-docs.s3.amazonaws.com\/tg4-redesign-2015\/wp-content\/uploads\/2021\/01\/GoGasta2_1_1920x1080-252x141.jpg 252w, https:\/\/tg4-docs.s3.amazonaws.com\/tg4-redesign-2015\/wp-content\/uploads\/2021\/01\/GoGasta2_1_1920x1080-1536x864.jpg 1536w, https:\/\/tg4-docs.s3.amazonaws.com\/tg4-redesign-2015\/wp-content\/uploads\/2021\/01\/GoGasta2_1_1920x1080-120x68.jpg 120w, https:\/\/tg4-docs.s3.amazonaws.com\/tg4-redesign-2015\/wp-content\/uploads\/2021\/01\/GoGasta2_1_1920x1080.jpg 1920w\" sizes=\"(max-width: 700px) 100vw, 700px\" \/><\/a><br \/>\n&nbsp;<br \/>\nIs i gCinn Mhara agus i nDroichead an Chl\u00e1ir\u00edn i gContae na Gaillimhe a bheidh muid don ch\u00e9ad chl\u00e1r. T\u00e1 coimhlint mh\u00f3r idir Droichead an Chl\u00e1ir\u00edn agus Cinn Mhara ar ph\u00e1irc na hiom\u00e1na le breis is 100 bliain. Bh\u00ed an d\u00e1 chumann CLG ar bhoird Roinne Ghaillimh Theas, rud a d&#8217;fh\u00e1g go raibh ar an d\u00e1 chumann aghaidh a thabhairt ar a ch\u00e9ile go minic i ngach gr\u00e1d, \u00f3 faoi 14 go dt\u00ed na foirne sinsearacha. Is minic a thug an d\u00e1 fhoireann cam\u00f3ga\u00edochta aghaidh ar a ch\u00e9ile agus t\u00e1 aithne mhaith ag go leor de na himreoir\u00ed ar a ch\u00e9ile \u00f3s rud \u00e9 gur fhreastail siad ar Chol\u00e1iste Seamount i gCinn Mhara.<br \/>\n&nbsp;<br \/>\nIs i gCo. na M\u00ed a bheifear sa dara cl\u00e1r agus Baile an Shl\u00e1ine in \u00e9adan Dh\u00fan Uabhair. Is i gCo. na Gaillimhe a bheifear sa tr\u00ed\u00fa cl\u00e1r nuair a thabharfaidh an Gort aghaidh ar Naomh Tom\u00e1s.<br \/>\n&nbsp;<br \/>\nAb\u00fa Media a l\u00e9irigh an tsraith. Gach Domhnach \u00f3n 21 Feabhra ag 8.30pm agus athchraolfar na cl\u00e1ir gach C\u00e9adaoin ag 7.30pm.<\/p>\n<p>&nbsp;<br \/>\n&nbsp;<br \/>\n&nbsp;<\/p>\n","protected":false},"excerpt":{"rendered":"<p>&nbsp; &nbsp; I Sraith 2 de chl\u00e1r siamsa\u00edochta Ab\u00fa Media a raibh an-t\u00f3ir air, Go Gasta , t\u00e9ann na meant\u00f3ir\u00ed M\u00e1ire Treasa N\u00ed Dhubhghaill, Conall \u00d3 M\u00e1irt\u00edn agus an t-aoi-mheant\u00f3ir, an t-imreoir Idirn\u00e1isi\u00fanta Rugba\u00ed Eimear Considine ar fud na t\u00edre chun meant\u00f3ireacht a dh\u00e9anamh ar a gcuid foirne sula dtabharfaidh siad aghaidh ar Dh\u00fashl\u00e1n Go [&hellip;]<\/p>\n","protected":false},"author":876,"featured_media":0,"parent":115579,"menu_order":16,"comment_status":"closed","ping_status":"closed","template":"page-templates\/template-pr.php","meta":{"_acf_changed":false,"footnotes":""},"acf":[],"yoast_head":"<!-- This site is optimized with the Yoast SEO plugin v22.6 - https:\/\/yoast.com\/wordpress\/plugins\/seo\/ -->\n<title>GO GASTA - Sraith Nua ar TG4 | Preas R\u00e1iteas | TG4<\/title>\n<meta name=\"robots\" content=\"index, follow, max-snippet:-1, max-image-preview:large, max-video-preview:-1\" \/>\n<meta property=\"og:locale\" content=\"en_US\" \/>\n<meta property=\"og:type\" content=\"article\" \/>\n<meta property=\"og:title\" content=\"GO GASTA - Sraith Nua ar TG4 | Preas R\u00e1iteas | TG4\" \/>\n<meta property=\"og:description\" content=\"&nbsp; &nbsp; I Sraith 2 de chl\u00e1r siamsa\u00edochta Ab\u00fa Media a raibh an-t\u00f3ir air, Go Gasta , t\u00e9ann na meant\u00f3ir\u00ed M\u00e1ire Treasa N\u00ed Dhubhghaill, Conall \u00d3 M\u00e1irt\u00edn agus an t-aoi-mheant\u00f3ir, an t-imreoir Idirn\u00e1isi\u00fanta Rugba\u00ed Eimear Considine ar fud na t\u00edre chun meant\u00f3ireacht a dh\u00e9anamh ar a gcuid foirne sula dtabharfaidh siad aghaidh ar Dh\u00fashl\u00e1n Go [&hellip;]\" \/>\n<meta property=\"og:url\" content=\"https:\/\/dev.tg4.ie\/ga\/eolas\/preas\/nuacht-raitis\/2021-2\/go-gasta-sraith-nua-ar-tg4\/\" \/>\n<meta property=\"og:site_name\" content=\"TG4\" \/>\n<meta property=\"article:publisher\" content=\"https:\/\/www.facebook.com\/TG4TV\" \/>\n<meta property=\"og:image\" content=\"https:\/\/tg4-docs.s3.amazonaws.com\/tg4-redesign-2015\/wp-content\/uploads\/2021\/02\/GoGasta2_2_1920x1080.jpg\" \/>\n\t<meta property=\"og:image:width\" content=\"1920\" \/>\n\t<meta property=\"og:image:height\" content=\"1080\" \/>\n\t<meta property=\"og:image:type\" content=\"image\/jpeg\" \/>\n<meta name=\"twitter:card\" content=\"summary_large_image\" \/>\n<meta name=\"twitter:image\" content=\"https:\/\/tg4-docs.s3.amazonaws.com\/tg4-redesign-2015\/wp-content\/uploads\/2021\/02\/GoGasta2_2_1920x1080.jpg\" \/>\n<meta name=\"twitter:site\" content=\"@TG4TV\" \/>\n<meta name=\"twitter:label1\" content=\"Est. reading time\" \/>\n\t<meta name=\"twitter:data1\" content=\"2 minutes\" \/>\n<script type=\"application\/ld+json\" class=\"yoast-schema-graph\">{\"@context\":\"https:\/\/schema.org\",\"@graph\":[{\"@type\":\"WebPage\",\"@id\":\"https:\/\/dev.tg4.ie\/ga\/eolas\/preas\/nuacht-raitis\/2021-2\/go-gasta-sraith-nua-ar-tg4\/\",\"url\":\"https:\/\/dev.tg4.ie\/ga\/eolas\/preas\/nuacht-raitis\/2021-2\/go-gasta-sraith-nua-ar-tg4\/\",\"name\":\"GO GASTA - Sraith Nua ar TG4 | Preas R\u00e1iteas | TG4\",\"isPartOf\":{\"@id\":\"https:\/\/dev.tg4.ie\/en\/#website\"},\"primaryImageOfPage\":{\"@id\":\"https:\/\/dev.tg4.ie\/ga\/eolas\/preas\/nuacht-raitis\/2021-2\/go-gasta-sraith-nua-ar-tg4\/#primaryimage\"},\"image\":{\"@id\":\"https:\/\/dev.tg4.ie\/ga\/eolas\/preas\/nuacht-raitis\/2021-2\/go-gasta-sraith-nua-ar-tg4\/#primaryimage\"},\"thumbnailUrl\":\"https:\/\/dev.tg4.ie\/wp-content\/uploads\/2021\/02\/GoGasta2_2_1920x1080.jpg\",\"datePublished\":\"2021-02-18T16:03:50+00:00\",\"dateModified\":\"2021-02-18T16:03:50+00:00\",\"breadcrumb\":{\"@id\":\"https:\/\/dev.tg4.ie\/ga\/eolas\/preas\/nuacht-raitis\/2021-2\/go-gasta-sraith-nua-ar-tg4\/#breadcrumb\"},\"inLanguage\":\"ga\",\"potentialAction\":[{\"@type\":\"ReadAction\",\"target\":[\"https:\/\/dev.tg4.ie\/ga\/eolas\/preas\/nuacht-raitis\/2021-2\/go-gasta-sraith-nua-ar-tg4\/\"]}]},{\"@type\":\"ImageObject\",\"inLanguage\":\"ga\",\"@id\":\"https:\/\/dev.tg4.ie\/ga\/eolas\/preas\/nuacht-raitis\/2021-2\/go-gasta-sraith-nua-ar-tg4\/#primaryimage\",\"url\":\"https:\/\/dev.tg4.ie\/wp-content\/uploads\/2021\/02\/GoGasta2_2_1920x1080.jpg\",\"contentUrl\":\"https:\/\/dev.tg4.ie\/wp-content\/uploads\/2021\/02\/GoGasta2_2_1920x1080.jpg\"},{\"@type\":\"BreadcrumbList\",\"@id\":\"https:\/\/dev.tg4.ie\/ga\/eolas\/preas\/nuacht-raitis\/2021-2\/go-gasta-sraith-nua-ar-tg4\/#breadcrumb\",\"itemListElement\":[{\"@type\":\"ListItem\",\"position\":1,\"name\":\"Home\",\"item\":\"https:\/\/dev.tg4.ie\/ga\/\"},{\"@type\":\"ListItem\",\"position\":2,\"name\":\"Eolas\",\"item\":\"https:\/\/dev.tg4.ie\/ga\/eolas\/\"},{\"@type\":\"ListItem\",\"position\":3,\"name\":\"Preas\",\"item\":\"https:\/\/dev.tg4.ie\/ga\/eolas\/preas\/\"},{\"@type\":\"ListItem\",\"position\":4,\"name\":\"Nuacht R\u00e1itis\",\"item\":\"https:\/\/dev.tg4.ie\/ga\/eolas\/preas\/nuacht-raitis\/\"},{\"@type\":\"ListItem\",\"position\":5,\"name\":\"2021\",\"item\":\"https:\/\/dev.tg4.ie\/ga\/eolas\/preas\/nuacht-raitis\/2021-2\/\"},{\"@type\":\"ListItem\",\"position\":6,\"name\":\"GO GASTA &#8211; Sraith Nua ar TG4\"}]},{\"@type\":\"WebSite\",\"@id\":\"https:\/\/dev.tg4.ie\/en\/#website\",\"url\":\"https:\/\/dev.tg4.ie\/en\/\",\"name\":\"TG4\",\"description\":\"S\u00fail Eile\",\"potentialAction\":[{\"@type\":\"SearchAction\",\"target\":{\"@type\":\"EntryPoint\",\"urlTemplate\":\"https:\/\/dev.tg4.ie\/en\/?s={search_term_string}\"},\"query-input\":\"required name=search_term_string\"}],\"inLanguage\":\"ga\"}]}<\/script>\n<!-- \/ Yoast SEO plugin. -->","yoast_head_json":{"title":"GO GASTA - Sraith Nua ar TG4 | Preas R\u00e1iteas | TG4","robots":{"index":"index","follow":"follow","max-snippet":"max-snippet:-1","max-image-preview":"max-image-preview:large","max-video-preview":"max-video-preview:-1"},"og_locale":"en_US","og_type":"article","og_title":"GO GASTA - Sraith Nua ar TG4 | Preas R\u00e1iteas | TG4","og_description":"&nbsp; &nbsp; I Sraith 2 de chl\u00e1r siamsa\u00edochta Ab\u00fa Media a raibh an-t\u00f3ir air, Go Gasta , t\u00e9ann na meant\u00f3ir\u00ed M\u00e1ire Treasa N\u00ed Dhubhghaill, Conall \u00d3 M\u00e1irt\u00edn agus an t-aoi-mheant\u00f3ir, an t-imreoir Idirn\u00e1isi\u00fanta Rugba\u00ed Eimear Considine ar fud na t\u00edre chun meant\u00f3ireacht a dh\u00e9anamh ar a gcuid foirne sula dtabharfaidh siad aghaidh ar Dh\u00fashl\u00e1n Go [&hellip;]","og_url":"https:\/\/dev.tg4.ie\/ga\/eolas\/preas\/nuacht-raitis\/2021-2\/go-gasta-sraith-nua-ar-tg4\/","og_site_name":"TG4","article_publisher":"https:\/\/www.facebook.com\/TG4TV","og_image":[{"width":1920,"height":1080,"url":"https:\/\/tg4-docs.s3.amazonaws.com\/tg4-redesign-2015\/wp-content\/uploads\/2021\/02\/GoGasta2_2_1920x1080.jpg","type":"image\/jpeg"}],"twitter_card":"summary_large_image","twitter_image":"https:\/\/tg4-docs.s3.amazonaws.com\/tg4-redesign-2015\/wp-content\/uploads\/2021\/02\/GoGasta2_2_1920x1080.jpg","twitter_site":"@TG4TV","twitter_misc":{"Est. reading time":"2 minutes"},"schema":{"@context":"https:\/\/schema.org","@graph":[{"@type":"WebPage","@id":"https:\/\/dev.tg4.ie\/ga\/eolas\/preas\/nuacht-raitis\/2021-2\/go-gasta-sraith-nua-ar-tg4\/","url":"https:\/\/dev.tg4.ie\/ga\/eolas\/preas\/nuacht-raitis\/2021-2\/go-gasta-sraith-nua-ar-tg4\/","name":"GO GASTA - Sraith Nua ar TG4 | Preas R\u00e1iteas | TG4","isPartOf":{"@id":"https:\/\/dev.tg4.ie\/en\/#website"},"primaryImageOfPage":{"@id":"https:\/\/dev.tg4.ie\/ga\/eolas\/preas\/nuacht-raitis\/2021-2\/go-gasta-sraith-nua-ar-tg4\/#primaryimage"},"image":{"@id":"https:\/\/dev.tg4.ie\/ga\/eolas\/preas\/nuacht-raitis\/2021-2\/go-gasta-sraith-nua-ar-tg4\/#primaryimage"},"thumbnailUrl":"https:\/\/dev.tg4.ie\/wp-content\/uploads\/2021\/02\/GoGasta2_2_1920x1080.jpg","datePublished":"2021-02-18T16:03:50+00:00","dateModified":"2021-02-18T16:03:50+00:00","breadcrumb":{"@id":"https:\/\/dev.tg4.ie\/ga\/eolas\/preas\/nuacht-raitis\/2021-2\/go-gasta-sraith-nua-ar-tg4\/#breadcrumb"},"inLanguage":"ga","potentialAction":[{"@type":"ReadAction","target":["https:\/\/dev.tg4.ie\/ga\/eolas\/preas\/nuacht-raitis\/2021-2\/go-gasta-sraith-nua-ar-tg4\/"]}]},{"@type":"ImageObject","inLanguage":"ga","@id":"https:\/\/dev.tg4.ie\/ga\/eolas\/preas\/nuacht-raitis\/2021-2\/go-gasta-sraith-nua-ar-tg4\/#primaryimage","url":"https:\/\/dev.tg4.ie\/wp-content\/uploads\/2021\/02\/GoGasta2_2_1920x1080.jpg","contentUrl":"https:\/\/dev.tg4.ie\/wp-content\/uploads\/2021\/02\/GoGasta2_2_1920x1080.jpg"},{"@type":"BreadcrumbList","@id":"https:\/\/dev.tg4.ie\/ga\/eolas\/preas\/nuacht-raitis\/2021-2\/go-gasta-sraith-nua-ar-tg4\/#breadcrumb","itemListElement":[{"@type":"ListItem","position":1,"name":"Home","item":"https:\/\/dev.tg4.ie\/ga\/"},{"@type":"ListItem","position":2,"name":"Eolas","item":"https:\/\/dev.tg4.ie\/ga\/eolas\/"},{"@type":"ListItem","position":3,"name":"Preas","item":"https:\/\/dev.tg4.ie\/ga\/eolas\/preas\/"},{"@type":"ListItem","position":4,"name":"Nuacht R\u00e1itis","item":"https:\/\/dev.tg4.ie\/ga\/eolas\/preas\/nuacht-raitis\/"},{"@type":"ListItem","position":5,"name":"2021","item":"https:\/\/dev.tg4.ie\/ga\/eolas\/preas\/nuacht-raitis\/2021-2\/"},{"@type":"ListItem","position":6,"name":"GO GASTA &#8211; Sraith Nua ar TG4"}]},{"@type":"WebSite","@id":"https:\/\/dev.tg4.ie\/en\/#website","url":"https:\/\/dev.tg4.ie\/en\/","name":"TG4","description":"S\u00fail Eile","potentialAction":[{"@type":"SearchAction","target":{"@type":"EntryPoint","urlTemplate":"https:\/\/dev.tg4.ie\/en\/?s={search_term_string}"},"query-input":"required name=search_term_string"}],"inLanguage":"ga"}]}},"_links":{"self":[{"href":"https:\/\/dev.tg4.ie\/ga\/wp-json\/wp\/v2\/pages\/116161"}],"collection":[{"href":"https:\/\/dev.tg4.ie\/ga\/wp-json\/wp\/v2\/pages"}],"about":[{"href":"https:\/\/dev.tg4.ie\/ga\/wp-json\/wp\/v2\/types\/page"}],"author":[{"embeddable":true,"href":"https:\/\/dev.tg4.ie\/ga\/wp-json\/wp\/v2\/users\/876"}],"replies":[{"embeddable":true,"href":"https:\/\/dev.tg4.ie\/ga\/wp-json\/wp\/v2\/comments?post=116161"}],"version-history":[{"count":0,"href":"https:\/\/dev.tg4.ie\/ga\/wp-json\/wp\/v2\/pages\/116161\/revisions"}],"up":[{"embeddable":true,"href":"https:\/\/dev.tg4.ie\/ga\/wp-json\/wp\/v2\/pages\/115579"}],"wp:attachment":[{"href":"https:\/\/dev.tg4.ie\/ga\/wp-json\/wp\/v2\/media?parent=116161"}],"curies":[{"name":"wp","href":"https:\/\/api.w.org\/{rel}","templated":true}]}}