{"id":116177,"date":"2021-02-22T11:58:55","date_gmt":"2021-02-22T11:58:55","guid":{"rendered":"https:\/\/dev.tg4.ie\/?page_id=116177"},"modified":"2021-02-22T11:58:55","modified_gmt":"2021-02-22T11:58:55","slug":"seacht-la-de-rasaiocht-capall-beo-ar-tg4-le-linn-mi-an-mharta-agus-mi-aibreain","status":"publish","type":"page","link":"https:\/\/dev.tg4.ie\/ga\/eolas\/preas\/nuacht-raitis\/2021-2\/seacht-la-de-rasaiocht-capall-beo-ar-tg4-le-linn-mi-an-mharta-agus-mi-aibreain\/","title":{"rendered":"Seacht l\u00e1 de r\u00e1sa\u00edocht capall beo ar TG4 le linn M\u00ed an Mh\u00e1rta agus M\u00ed Aibre\u00e1in"},"content":{"rendered":"<p><a href=\"https:\/\/tg4-docs.s3.amazonaws.com\/tg4-redesign-2015\/wp-content\/uploads\/2021\/02\/Rasai_Beo_2021-1_1920x1080.jpg\"><img loading=\"lazy\" decoding=\"async\" width=\"1920\" height=\"1080\" src=\"https:\/\/tg4-docs.s3.amazonaws.com\/tg4-redesign-2015\/wp-content\/uploads\/2021\/02\/Rasai_Beo_2021-1_1920x1080.jpg\" alt=\"\" class=\"aligncenter size-full wp-image-116178\" srcset=\"https:\/\/tg4-docs.s3.amazonaws.com\/tg4-redesign-2015\/wp-content\/uploads\/2021\/02\/Rasai_Beo_2021-1_1920x1080.jpg 1920w, https:\/\/tg4-docs.s3.amazonaws.com\/tg4-redesign-2015\/wp-content\/uploads\/2021\/02\/Rasai_Beo_2021-1_1920x1080-250x141.jpg 250w, https:\/\/tg4-docs.s3.amazonaws.com\/tg4-redesign-2015\/wp-content\/uploads\/2021\/02\/Rasai_Beo_2021-1_1920x1080-700x394.jpg 700w, https:\/\/tg4-docs.s3.amazonaws.com\/tg4-redesign-2015\/wp-content\/uploads\/2021\/02\/Rasai_Beo_2021-1_1920x1080-252x141.jpg 252w, https:\/\/tg4-docs.s3.amazonaws.com\/tg4-redesign-2015\/wp-content\/uploads\/2021\/02\/Rasai_Beo_2021-1_1920x1080-1536x864.jpg 1536w, https:\/\/tg4-docs.s3.amazonaws.com\/tg4-redesign-2015\/wp-content\/uploads\/2021\/02\/Rasai_Beo_2021-1_1920x1080-120x68.jpg 120w\" sizes=\"(max-width: 1920px) 100vw, 1920px\" \/><\/a><br \/>\n&nbsp;<br \/>\nD\u2019fh\u00f3gair <strong>Horse Racing Ireland<\/strong> agus <strong>TG4<\/strong> go gcraolfar seacht l\u00e1 de r\u00e1sa\u00edocht capall beo ar TG4 ag tos\u00fa D\u00e9 Domhnaigh 7 M\u00e1rta. Leanfaidh an cl\u00fadach beo seachtaini\u00fail ar TG4 gach deireadh seachtaine suas go dt\u00ed an 18 Aibre\u00e1n agus ina mbeidh r\u00e1sa\u00edocht bheo \u00f3 Bhaile na Lobhar, Luimneach, An N\u00e1s, An Curragh, Fairyhouse, Corcaigh, an Tr\u00e1 Mh\u00f3r agus D\u00fan Dealgan.<br \/>\n&nbsp;<\/p>\n<p>Beidh ceamara\u00ed TG4 i mBaile na Lobhar D\u00e9 Domhnaigh 7 M\u00e1rta don phr\u00edomh r\u00e1s \u2018The TRI Equestrian Handicap Steeplechase (Gr\u00e1d B)\u2019 ag 4:30 in.<br \/>\n&nbsp;<br \/>\nTar \u00e9is chruinni\u00fa Bhaile na Lobhar, craolfaidh TG4 r\u00e1sa\u00edo beo \u00f3 N\u00e1s agus \u00f3 Luimneach D\u00e9 Domhnaigh 14 M\u00e1rta. Craolfar gach gach r\u00e1s \u00f3n d\u00e1 ionad ar an l\u00e1 lena n-\u00e1ir\u00edtear r\u00e1s 3:05pm \u00f3 N\u00e1s \u2018The BARONERACING.com Leinster National Handicap Steeplechase\u2019 agus \u2018The Charleville Cheese Irish EBF Mares Novice Steeplechase\u2019 ag 4:25pm \u00f3 Luimneach.<br \/>\n&nbsp;<\/p>\n<p>Cuirfidh Se\u00e1n B\u00e1n Breathnach agus M\u00e1nus \u00d3 Conghaile R\u00e1sa\u00ed Beo i l\u00e1thair ar TG4.  Beidh Daragh \u00d3 Conch\u00fair ag tuairisci\u00fa ag na r\u00e1sa\u00ed agus beidh agallaimh aige le na traen\u00e1laithe agus na marcaigh lasmuigh de fh\u00e1inne na par\u00e1ide.<br \/>\n&nbsp;<\/p>\n<p>Beidh cl\u00fadach beo freisin ar th\u00fas Fh\u00e9ile na C\u00e1sta \u00f3 Fairyhouse ar an Satharn 3 Aibre\u00e1n.<br \/>\n&nbsp;<\/p>\n<p>D\u00fairt Ceannasa\u00ed Sp\u00f3irt TG4, R\u00f3n\u00e1n \u00d3 Coisdealbha <em>\u201cIs mian le TG4 bu\u00edochas a ghabh\u00e1il le Horse Racing Ireland as an deis iontach seo a thabhairt do TG4 r\u00e1sa\u00edocht bheo a thaispe\u00e1int agus a chraoladh \u00f3 ionaid \u00e9ags\u00fala ar fud na t\u00edre.&#8221;<\/em><br \/>\n&nbsp;<\/p>\n<p><strong>D\u00e1ta\u00ed craolta agus R\u00e1sch\u00farsa\u00ed<\/strong><\/p>\n<ul>\n<li>D\u00e9 Domhnaigh 7 M\u00e1rta &#8211; Baile na Lobhar<\/li>\n<li>D\u00e9 Domhnaigh 14 M\u00e1rta &#8211; Luimneach &#038; An N\u00e1s<\/li>\n<li>D\u00e9 Domhnaigh 21 M\u00e1rta &#8211; Curragh<\/li>\n<li>D\u00e9 Domhnaigh 28 M\u00e1rta &#8211; Luimneach \/ N\u00e1s<\/li>\n<li>D\u00e9 Sathairn 3 Aibre\u00e1n &#8211; Fairyhouse &#038; Corcaigh<\/li>\n<li>D\u00e9 Domhnaigh 11 Aibre\u00e1n &#8211; Baile na Lobhar<\/li>\n<li>D\u00e9 Domhnaigh 18 Aibre\u00e1n &#8211; An Tr\u00e1 Mh\u00f3r &#038; D\u00fan Dealgan<\/li>\n<\/ul>\n<p>&nbsp;<br \/>\n&nbsp;<br \/>\n&nbsp;<\/p>\n","protected":false},"excerpt":{"rendered":"<p>&nbsp; D\u2019fh\u00f3gair Horse Racing Ireland agus TG4 go gcraolfar seacht l\u00e1 de r\u00e1sa\u00edocht capall beo ar TG4 ag tos\u00fa D\u00e9 Domhnaigh 7 M\u00e1rta. Leanfaidh an cl\u00fadach beo seachtaini\u00fail ar TG4 gach deireadh seachtaine suas go dt\u00ed an 18 Aibre\u00e1n agus ina mbeidh r\u00e1sa\u00edocht bheo \u00f3 Bhaile na Lobhar, Luimneach, An N\u00e1s, An Curragh, Fairyhouse, Corcaigh, [&hellip;]<\/p>\n","protected":false},"author":876,"featured_media":0,"parent":115579,"menu_order":17,"comment_status":"closed","ping_status":"closed","template":"page-templates\/template-pr.php","meta":{"_acf_changed":false,"footnotes":""},"acf":[],"yoast_head":"<!-- This site is optimized with the Yoast SEO plugin v22.6 - https:\/\/yoast.com\/wordpress\/plugins\/seo\/ -->\n<title>Seacht l\u00e1 de r\u00e1sa\u00edocht capall beo ar TG4 le linn M\u00ed an Mh\u00e1rta agus M\u00ed Aibre\u00e1in | Preas R\u00e1iteas | TG4<\/title>\n<meta name=\"robots\" content=\"index, follow, max-snippet:-1, max-image-preview:large, max-video-preview:-1\" \/>\n<meta property=\"og:locale\" content=\"en_US\" \/>\n<meta property=\"og:type\" content=\"article\" \/>\n<meta property=\"og:title\" content=\"Seacht l\u00e1 de r\u00e1sa\u00edocht capall beo ar TG4 le linn M\u00ed an Mh\u00e1rta agus M\u00ed Aibre\u00e1in | Preas R\u00e1iteas | TG4\" \/>\n<meta property=\"og:description\" content=\"&nbsp; D\u2019fh\u00f3gair Horse Racing Ireland agus TG4 go gcraolfar seacht l\u00e1 de r\u00e1sa\u00edocht capall beo ar TG4 ag tos\u00fa D\u00e9 Domhnaigh 7 M\u00e1rta. Leanfaidh an cl\u00fadach beo seachtaini\u00fail ar TG4 gach deireadh seachtaine suas go dt\u00ed an 18 Aibre\u00e1n agus ina mbeidh r\u00e1sa\u00edocht bheo \u00f3 Bhaile na Lobhar, Luimneach, An N\u00e1s, An Curragh, Fairyhouse, Corcaigh, [&hellip;]\" \/>\n<meta property=\"og:url\" content=\"https:\/\/dev.tg4.ie\/ga\/eolas\/preas\/nuacht-raitis\/2021-2\/seacht-la-de-rasaiocht-capall-beo-ar-tg4-le-linn-mi-an-mharta-agus-mi-aibreain\/\" \/>\n<meta property=\"og:site_name\" content=\"TG4\" \/>\n<meta property=\"article:publisher\" content=\"https:\/\/www.facebook.com\/TG4TV\" \/>\n<meta property=\"og:image\" content=\"https:\/\/tg4-docs.s3.amazonaws.com\/tg4-redesign-2015\/wp-content\/uploads\/2021\/02\/Rasai_Beo_2021-1_1920x1080.jpg\" \/>\n\t<meta property=\"og:image:width\" content=\"1920\" \/>\n\t<meta property=\"og:image:height\" content=\"1080\" \/>\n\t<meta property=\"og:image:type\" content=\"image\/jpeg\" \/>\n<meta name=\"twitter:card\" content=\"summary_large_image\" \/>\n<meta name=\"twitter:image\" content=\"https:\/\/tg4-docs.s3.amazonaws.com\/tg4-redesign-2015\/wp-content\/uploads\/2021\/02\/Rasai_Beo_2021-1_1920x1080.jpg\" \/>\n<meta name=\"twitter:site\" content=\"@TG4TV\" \/>\n<meta name=\"twitter:label1\" content=\"Est. reading time\" \/>\n\t<meta name=\"twitter:data1\" content=\"2 minutes\" \/>\n<script type=\"application\/ld+json\" class=\"yoast-schema-graph\">{\"@context\":\"https:\/\/schema.org\",\"@graph\":[{\"@type\":\"WebPage\",\"@id\":\"https:\/\/dev.tg4.ie\/ga\/eolas\/preas\/nuacht-raitis\/2021-2\/seacht-la-de-rasaiocht-capall-beo-ar-tg4-le-linn-mi-an-mharta-agus-mi-aibreain\/\",\"url\":\"https:\/\/dev.tg4.ie\/ga\/eolas\/preas\/nuacht-raitis\/2021-2\/seacht-la-de-rasaiocht-capall-beo-ar-tg4-le-linn-mi-an-mharta-agus-mi-aibreain\/\",\"name\":\"Seacht l\u00e1 de r\u00e1sa\u00edocht capall beo ar TG4 le linn M\u00ed an Mh\u00e1rta agus M\u00ed Aibre\u00e1in | Preas R\u00e1iteas | TG4\",\"isPartOf\":{\"@id\":\"https:\/\/dev.tg4.ie\/en\/#website\"},\"primaryImageOfPage\":{\"@id\":\"https:\/\/dev.tg4.ie\/ga\/eolas\/preas\/nuacht-raitis\/2021-2\/seacht-la-de-rasaiocht-capall-beo-ar-tg4-le-linn-mi-an-mharta-agus-mi-aibreain\/#primaryimage\"},\"image\":{\"@id\":\"https:\/\/dev.tg4.ie\/ga\/eolas\/preas\/nuacht-raitis\/2021-2\/seacht-la-de-rasaiocht-capall-beo-ar-tg4-le-linn-mi-an-mharta-agus-mi-aibreain\/#primaryimage\"},\"thumbnailUrl\":\"https:\/\/dev.tg4.ie\/wp-content\/uploads\/2021\/02\/Rasai_Beo_2021-1_1920x1080.jpg\",\"datePublished\":\"2021-02-22T11:58:55+00:00\",\"dateModified\":\"2021-02-22T11:58:55+00:00\",\"breadcrumb\":{\"@id\":\"https:\/\/dev.tg4.ie\/ga\/eolas\/preas\/nuacht-raitis\/2021-2\/seacht-la-de-rasaiocht-capall-beo-ar-tg4-le-linn-mi-an-mharta-agus-mi-aibreain\/#breadcrumb\"},\"inLanguage\":\"ga\",\"potentialAction\":[{\"@type\":\"ReadAction\",\"target\":[\"https:\/\/dev.tg4.ie\/ga\/eolas\/preas\/nuacht-raitis\/2021-2\/seacht-la-de-rasaiocht-capall-beo-ar-tg4-le-linn-mi-an-mharta-agus-mi-aibreain\/\"]}]},{\"@type\":\"ImageObject\",\"inLanguage\":\"ga\",\"@id\":\"https:\/\/dev.tg4.ie\/ga\/eolas\/preas\/nuacht-raitis\/2021-2\/seacht-la-de-rasaiocht-capall-beo-ar-tg4-le-linn-mi-an-mharta-agus-mi-aibreain\/#primaryimage\",\"url\":\"https:\/\/dev.tg4.ie\/wp-content\/uploads\/2021\/02\/Rasai_Beo_2021-1_1920x1080.jpg\",\"contentUrl\":\"https:\/\/dev.tg4.ie\/wp-content\/uploads\/2021\/02\/Rasai_Beo_2021-1_1920x1080.jpg\"},{\"@type\":\"BreadcrumbList\",\"@id\":\"https:\/\/dev.tg4.ie\/ga\/eolas\/preas\/nuacht-raitis\/2021-2\/seacht-la-de-rasaiocht-capall-beo-ar-tg4-le-linn-mi-an-mharta-agus-mi-aibreain\/#breadcrumb\",\"itemListElement\":[{\"@type\":\"ListItem\",\"position\":1,\"name\":\"Home\",\"item\":\"https:\/\/dev.tg4.ie\/ga\/\"},{\"@type\":\"ListItem\",\"position\":2,\"name\":\"Eolas\",\"item\":\"https:\/\/dev.tg4.ie\/ga\/eolas\/\"},{\"@type\":\"ListItem\",\"position\":3,\"name\":\"Preas\",\"item\":\"https:\/\/dev.tg4.ie\/ga\/eolas\/preas\/\"},{\"@type\":\"ListItem\",\"position\":4,\"name\":\"Nuacht R\u00e1itis\",\"item\":\"https:\/\/dev.tg4.ie\/ga\/eolas\/preas\/nuacht-raitis\/\"},{\"@type\":\"ListItem\",\"position\":5,\"name\":\"2021\",\"item\":\"https:\/\/dev.tg4.ie\/ga\/eolas\/preas\/nuacht-raitis\/2021-2\/\"},{\"@type\":\"ListItem\",\"position\":6,\"name\":\"Seacht l\u00e1 de r\u00e1sa\u00edocht capall beo ar TG4 le linn M\u00ed an Mh\u00e1rta agus M\u00ed Aibre\u00e1in\"}]},{\"@type\":\"WebSite\",\"@id\":\"https:\/\/dev.tg4.ie\/en\/#website\",\"url\":\"https:\/\/dev.tg4.ie\/en\/\",\"name\":\"TG4\",\"description\":\"S\u00fail Eile\",\"potentialAction\":[{\"@type\":\"SearchAction\",\"target\":{\"@type\":\"EntryPoint\",\"urlTemplate\":\"https:\/\/dev.tg4.ie\/en\/?s={search_term_string}\"},\"query-input\":\"required name=search_term_string\"}],\"inLanguage\":\"ga\"}]}<\/script>\n<!-- \/ Yoast SEO plugin. -->","yoast_head_json":{"title":"Seacht l\u00e1 de r\u00e1sa\u00edocht capall beo ar TG4 le linn M\u00ed an Mh\u00e1rta agus M\u00ed Aibre\u00e1in | Preas R\u00e1iteas | TG4","robots":{"index":"index","follow":"follow","max-snippet":"max-snippet:-1","max-image-preview":"max-image-preview:large","max-video-preview":"max-video-preview:-1"},"og_locale":"en_US","og_type":"article","og_title":"Seacht l\u00e1 de r\u00e1sa\u00edocht capall beo ar TG4 le linn M\u00ed an Mh\u00e1rta agus M\u00ed Aibre\u00e1in | Preas R\u00e1iteas | TG4","og_description":"&nbsp; D\u2019fh\u00f3gair Horse Racing Ireland agus TG4 go gcraolfar seacht l\u00e1 de r\u00e1sa\u00edocht capall beo ar TG4 ag tos\u00fa D\u00e9 Domhnaigh 7 M\u00e1rta. Leanfaidh an cl\u00fadach beo seachtaini\u00fail ar TG4 gach deireadh seachtaine suas go dt\u00ed an 18 Aibre\u00e1n agus ina mbeidh r\u00e1sa\u00edocht bheo \u00f3 Bhaile na Lobhar, Luimneach, An N\u00e1s, An Curragh, Fairyhouse, Corcaigh, [&hellip;]","og_url":"https:\/\/dev.tg4.ie\/ga\/eolas\/preas\/nuacht-raitis\/2021-2\/seacht-la-de-rasaiocht-capall-beo-ar-tg4-le-linn-mi-an-mharta-agus-mi-aibreain\/","og_site_name":"TG4","article_publisher":"https:\/\/www.facebook.com\/TG4TV","og_image":[{"width":1920,"height":1080,"url":"https:\/\/tg4-docs.s3.amazonaws.com\/tg4-redesign-2015\/wp-content\/uploads\/2021\/02\/Rasai_Beo_2021-1_1920x1080.jpg","type":"image\/jpeg"}],"twitter_card":"summary_large_image","twitter_image":"https:\/\/tg4-docs.s3.amazonaws.com\/tg4-redesign-2015\/wp-content\/uploads\/2021\/02\/Rasai_Beo_2021-1_1920x1080.jpg","twitter_site":"@TG4TV","twitter_misc":{"Est. reading time":"2 minutes"},"schema":{"@context":"https:\/\/schema.org","@graph":[{"@type":"WebPage","@id":"https:\/\/dev.tg4.ie\/ga\/eolas\/preas\/nuacht-raitis\/2021-2\/seacht-la-de-rasaiocht-capall-beo-ar-tg4-le-linn-mi-an-mharta-agus-mi-aibreain\/","url":"https:\/\/dev.tg4.ie\/ga\/eolas\/preas\/nuacht-raitis\/2021-2\/seacht-la-de-rasaiocht-capall-beo-ar-tg4-le-linn-mi-an-mharta-agus-mi-aibreain\/","name":"Seacht l\u00e1 de r\u00e1sa\u00edocht capall beo ar TG4 le linn M\u00ed an Mh\u00e1rta agus M\u00ed Aibre\u00e1in | Preas R\u00e1iteas | TG4","isPartOf":{"@id":"https:\/\/dev.tg4.ie\/en\/#website"},"primaryImageOfPage":{"@id":"https:\/\/dev.tg4.ie\/ga\/eolas\/preas\/nuacht-raitis\/2021-2\/seacht-la-de-rasaiocht-capall-beo-ar-tg4-le-linn-mi-an-mharta-agus-mi-aibreain\/#primaryimage"},"image":{"@id":"https:\/\/dev.tg4.ie\/ga\/eolas\/preas\/nuacht-raitis\/2021-2\/seacht-la-de-rasaiocht-capall-beo-ar-tg4-le-linn-mi-an-mharta-agus-mi-aibreain\/#primaryimage"},"thumbnailUrl":"https:\/\/dev.tg4.ie\/wp-content\/uploads\/2021\/02\/Rasai_Beo_2021-1_1920x1080.jpg","datePublished":"2021-02-22T11:58:55+00:00","dateModified":"2021-02-22T11:58:55+00:00","breadcrumb":{"@id":"https:\/\/dev.tg4.ie\/ga\/eolas\/preas\/nuacht-raitis\/2021-2\/seacht-la-de-rasaiocht-capall-beo-ar-tg4-le-linn-mi-an-mharta-agus-mi-aibreain\/#breadcrumb"},"inLanguage":"ga","potentialAction":[{"@type":"ReadAction","target":["https:\/\/dev.tg4.ie\/ga\/eolas\/preas\/nuacht-raitis\/2021-2\/seacht-la-de-rasaiocht-capall-beo-ar-tg4-le-linn-mi-an-mharta-agus-mi-aibreain\/"]}]},{"@type":"ImageObject","inLanguage":"ga","@id":"https:\/\/dev.tg4.ie\/ga\/eolas\/preas\/nuacht-raitis\/2021-2\/seacht-la-de-rasaiocht-capall-beo-ar-tg4-le-linn-mi-an-mharta-agus-mi-aibreain\/#primaryimage","url":"https:\/\/dev.tg4.ie\/wp-content\/uploads\/2021\/02\/Rasai_Beo_2021-1_1920x1080.jpg","contentUrl":"https:\/\/dev.tg4.ie\/wp-content\/uploads\/2021\/02\/Rasai_Beo_2021-1_1920x1080.jpg"},{"@type":"BreadcrumbList","@id":"https:\/\/dev.tg4.ie\/ga\/eolas\/preas\/nuacht-raitis\/2021-2\/seacht-la-de-rasaiocht-capall-beo-ar-tg4-le-linn-mi-an-mharta-agus-mi-aibreain\/#breadcrumb","itemListElement":[{"@type":"ListItem","position":1,"name":"Home","item":"https:\/\/dev.tg4.ie\/ga\/"},{"@type":"ListItem","position":2,"name":"Eolas","item":"https:\/\/dev.tg4.ie\/ga\/eolas\/"},{"@type":"ListItem","position":3,"name":"Preas","item":"https:\/\/dev.tg4.ie\/ga\/eolas\/preas\/"},{"@type":"ListItem","position":4,"name":"Nuacht R\u00e1itis","item":"https:\/\/dev.tg4.ie\/ga\/eolas\/preas\/nuacht-raitis\/"},{"@type":"ListItem","position":5,"name":"2021","item":"https:\/\/dev.tg4.ie\/ga\/eolas\/preas\/nuacht-raitis\/2021-2\/"},{"@type":"ListItem","position":6,"name":"Seacht l\u00e1 de r\u00e1sa\u00edocht capall beo ar TG4 le linn M\u00ed an Mh\u00e1rta agus M\u00ed Aibre\u00e1in"}]},{"@type":"WebSite","@id":"https:\/\/dev.tg4.ie\/en\/#website","url":"https:\/\/dev.tg4.ie\/en\/","name":"TG4","description":"S\u00fail Eile","potentialAction":[{"@type":"SearchAction","target":{"@type":"EntryPoint","urlTemplate":"https:\/\/dev.tg4.ie\/en\/?s={search_term_string}"},"query-input":"required name=search_term_string"}],"inLanguage":"ga"}]}},"_links":{"self":[{"href":"https:\/\/dev.tg4.ie\/ga\/wp-json\/wp\/v2\/pages\/116177"}],"collection":[{"href":"https:\/\/dev.tg4.ie\/ga\/wp-json\/wp\/v2\/pages"}],"about":[{"href":"https:\/\/dev.tg4.ie\/ga\/wp-json\/wp\/v2\/types\/page"}],"author":[{"embeddable":true,"href":"https:\/\/dev.tg4.ie\/ga\/wp-json\/wp\/v2\/users\/876"}],"replies":[{"embeddable":true,"href":"https:\/\/dev.tg4.ie\/ga\/wp-json\/wp\/v2\/comments?post=116177"}],"version-history":[{"count":0,"href":"https:\/\/dev.tg4.ie\/ga\/wp-json\/wp\/v2\/pages\/116177\/revisions"}],"up":[{"embeddable":true,"href":"https:\/\/dev.tg4.ie\/ga\/wp-json\/wp\/v2\/pages\/115579"}],"wp:attachment":[{"href":"https:\/\/dev.tg4.ie\/ga\/wp-json\/wp\/v2\/media?parent=116177"}],"curies":[{"name":"wp","href":"https:\/\/api.w.org\/{rel}","templated":true}]}}