{"id":116214,"date":"2021-02-25T08:35:08","date_gmt":"2021-02-25T08:35:08","guid":{"rendered":"https:\/\/dev.tg4.ie\/?page_id=116214"},"modified":"2021-02-25T08:40:32","modified_gmt":"2021-02-25T08:40:32","slug":"leirionn-taighde-nua-o-red-c-marketing-research-do-tg4-go-n-usaideann-nios-mo-na-10000-muinteoir-cula4-sa-seomra-ranga","status":"publish","type":"page","link":"https:\/\/dev.tg4.ie\/ga\/eolas\/preas\/nuacht-raitis\/2021-2\/leirionn-taighde-nua-o-red-c-marketing-research-do-tg4-go-n-usaideann-nios-mo-na-10000-muinteoir-cula4-sa-seomra-ranga\/","title":{"rendered":"L\u00e9ir\u00edonn taighde nua \u00f3 RED C Marketing &#038; Research do TG4 go n-\u00fas\u00e1ideann n\u00edos m\u00f3 n\u00e1 10,000 m\u00fainteoir C\u00fala4 sa seomra ranga"},"content":{"rendered":"<p><a href=\"https:\/\/tg4-docs.s3.amazonaws.com\/tg4-redesign-2015\/wp-content\/uploads\/2021\/02\/Red_C_Infografaic_C4_2021.jpg\"><img loading=\"lazy\" decoding=\"async\" width=\"1920\" height=\"1080\" src=\"https:\/\/tg4-docs.s3.amazonaws.com\/tg4-redesign-2015\/wp-content\/uploads\/2021\/02\/Red_C_Infografaic_C4_2021.jpg\" alt=\"\" class=\"aligncenter size-full wp-image-116215\" srcset=\"https:\/\/tg4-docs.s3.amazonaws.com\/tg4-redesign-2015\/wp-content\/uploads\/2021\/02\/Red_C_Infografaic_C4_2021.jpg 1920w, https:\/\/tg4-docs.s3.amazonaws.com\/tg4-redesign-2015\/wp-content\/uploads\/2021\/02\/Red_C_Infografaic_C4_2021-250x141.jpg 250w, https:\/\/tg4-docs.s3.amazonaws.com\/tg4-redesign-2015\/wp-content\/uploads\/2021\/02\/Red_C_Infografaic_C4_2021-700x394.jpg 700w, https:\/\/tg4-docs.s3.amazonaws.com\/tg4-redesign-2015\/wp-content\/uploads\/2021\/02\/Red_C_Infografaic_C4_2021-252x141.jpg 252w, https:\/\/tg4-docs.s3.amazonaws.com\/tg4-redesign-2015\/wp-content\/uploads\/2021\/02\/Red_C_Infografaic_C4_2021-1536x864.jpg 1536w, https:\/\/tg4-docs.s3.amazonaws.com\/tg4-redesign-2015\/wp-content\/uploads\/2021\/02\/Red_C_Infografaic_C4_2021-120x68.jpg 120w\" sizes=\"(max-width: 1920px) 100vw, 1920px\" \/><\/a><br \/>\n&nbsp;<br \/>\n<strong>L\u00e9ir\u00edonn \u200b\u200btaighde ceannr\u00f3da\u00edoch a choimisi\u00fanaigh TG4 agus a rinne RED C Marketing &#038; Research go mbaineann 44% de mh\u00fainteoir\u00ed bunscoile \u00fas\u00e1id as TG4 \/ C\u00fala4 sa seomra ranga. Is ionann sin agus 10,100 m\u00fainteoir ar fud na t\u00edre agus 244,000 dalta. I scoileanna Gaeltachta agus Gaelscoileanna, t\u00e1 an figi\u00far sin n\u00edos airde f\u00f3s mar go n-\u00fas\u00e1ideann 81% de mh\u00fainteoir\u00ed TG4 \/ C\u00fala4 sa seomra ranga.<\/strong><br \/>\n&nbsp;<br \/>\nTugann an taighde le fios gur seirbh\u00eds \u00e9 C\u00fala4 ar Scoil a fhreastala\u00edonn ar gach scoil agus n\u00ed ar Scoileanna Gaeltachta agus Gaelscoileanna amh\u00e1in.  Bhain 18% de na m\u00fainteoir\u00ed uile a ndearnadh suirbh\u00e9 orthu \u00fas\u00e1id as C\u00fala4 ar Scoil sa rang sa bhliain acad\u00fail reatha agus 14% \u00e1 \u00fas\u00e1id ar bhonn rialta.  Cialla\u00edonn s\u00e9 sin go bhfaca thart ar 100,000 leanbh C\u00fala4 ar Scoil sa rang sa ch\u00e9ad t\u00e9arma.<br \/>\n&nbsp;<\/p>\n<p>Is \u00e9 pr\u00edomhthoradh an taighde, in ainneoin d\u00fashl\u00e1in acmhainn\u00ed i scoileanna, go mbaineann tromlach m\u00f3r m\u00fainteoir\u00ed \u00fas\u00e1id as acmhainn\u00ed f\u00edse agus iad i mbun teagaisc.  T\u00e1 teacht ag 94% de mh\u00fainteoir\u00ed ar r\u00edomhaire sa seomra ranga agus \u00fas\u00e1ideann 88% de na m\u00fainteoir\u00ed a ndearnadh suirbh\u00e9 orthu \u00e1bhar f\u00edse gach seachtain agus iad ag m\u00faineadh.<br \/>\n&nbsp;<br \/>\nIs cuid l\u00e1rnach den phlean ceachta na me\u00e1in fh\u00edsi\u00fala d\u2019fhormh\u00f3r na m\u00fainteoir\u00ed.  Is \u00ed an Ghaeilge an t-\u00e1bhar is m\u00f3 ina n-\u00fas\u00e1idtear \u00e1bhair fh\u00edse seachas aon \u00e1bhar eile. Beag\u00e1n os cionn leath de na m\u00fainteoir\u00ed (agus gar do dh\u00e1 thrian de mh\u00fainteoir\u00ed na ranganna s\u00f3isearacha) a bhaineann \u00fas\u00e1id as na me\u00e1in fh\u00edsi\u00fala an chuid is m\u00f3 den am agus iad ag m\u00faineadh na Gaeilge. \u00das\u00e1idtear na me\u00e1in fh\u00edsi\u00fala go rialta freisin i raon leathan \u00e1bhar. Feictear go bhfuil f\u00edorluach oideachais ag baint le h\u00e1bhar f\u00edse\u00e1n-bhunaithe a \u00fas\u00e1id sa seomra ranga agus t\u00e1 aitheantas agus fonn ann cur le hacmhainn\u00ed na Gaeilge.  T\u00e1 m\u00fainteoir\u00ed ag \u00fas\u00e1id f\u00edse\u00e1in ghearrfhoirme chun an t-eisp\u00e9ireas foghlama a shaibhri\u00fa agus \u00e9ags\u00fal\u00fa agus chun leana\u00ed a mhealladh.<br \/>\n&nbsp;<\/p>\n<p><strong>Baineann 84% de mh\u00fainteoir\u00ed \u00fas\u00e1id as YouTube sa rang agus astu sin, b\u00edonn n\u00edos m\u00f3 n\u00e1 an tr\u00ed\u00fa cuid acu ag baint \u00fas\u00e1id as cain\u00e9il YouTube TG4 agus \/ n\u00f3 C\u00fala4.<\/strong> T\u00e1 s\u00e9 seo ar aon dul leis an \u00fas\u00e1id a bhaintear as cain\u00e9al YouTube RT\u00c9.  T\u00e1 <strong>seinnteoir TG4<\/strong> agus <strong>seinnteoir C\u00fala4<\/strong> ar aon dul le <em>RT\u00c9 Homeschool Hub<\/em> mar \u00e1is le teacht ar mhe\u00e1in fh\u00edsi\u00fala ach is \u00e9 Bua na Cainte is fearr a chruthaigh.  T\u00e1 meas n\u00edos m\u00f3 ag m\u00fainteoir\u00ed at\u00e1 ag m\u00faineadh tr\u00ed Ghaeilge ar <em>C\u00fala4<\/em> n\u00e1 iad si\u00fad at\u00e1 ag m\u00faineadh tr\u00ed Bh\u00e9arla. D\u00fairt n\u00edos m\u00f3 n\u00e1 90% de na m\u00fainteoir\u00ed a \u00fas\u00e1ideann \u00e9 go raibh s\u00e9 go maith n\u00f3 an-mhaith.<br \/>\n&nbsp;<br \/>\nIs iad seo a leanas na freagra\u00ed is coitianta a thug na m\u00fainteoir\u00ed a bh\u00ed p\u00e1irteach sa suirbh\u00e9 nuair a fiafra\u00edodh d\u00edobh c\u00e9n f\u00e1th a dtaitn\u00edonn leo C\u00fala4 a \u00fas\u00e1id: Oiri\u00fanach don Aois, Taitneamhach \/ Spra\u00ed\u00fail agus \u00c9ags\u00falacht. Is iad na cl\u00e1ir C\u00fala4 seo is m\u00f3 a \u00fas\u00e1ideann daoine at\u00e1 ag m\u00faineadh tr\u00ed Ghaeilge sa seomra ranga go rialta: <em>C\u00fala4 ar Scoil<\/em> 39%, <em>Is Eola\u00ed M\u00e9<\/em> 35%, <em>D\u00f3nall D\u00e1na<\/em> 29%, <em>SpongeBob SquarePants<\/em> 23% agus <em>Sc\u00e9al an Lae<\/em> 16%.<br \/>\n&nbsp;<\/p>\n<p>D\u00fairt L\u00eds N\u00ed Dh\u00e1laigh, Sti\u00farth\u00f3ir Marga\u00edochta agus Forbartha TG4, <em>&#8220;T\u00e1imid an-bhu\u00edoch de na m\u00fainteoir\u00ed a ghlac p\u00e1irt sa staid\u00e9ar taighde seo le Red C Marketing &#038; Research do TG4. Is m\u00f3r an t-\u00fadar misnigh do TG4 na tortha\u00ed sa mh\u00e9id is go l\u00e9ir\u00edonn an staid\u00e9ar go bhfuil luach oideachas\u00fail ag \u00e1bhar C\u00fala4 agus TG4 i dteagasc na Gaeilge. T\u00e1 an-\u00e1thas orainn a fheice\u00e1il go mbaineann gach scoil \u00fas\u00e1id as C\u00fala4, n\u00ed hamh\u00e1in scoileanna Gaelscoileanna agus Gaeltachta. Is acmhainn iad na cl\u00e1ir a chuireann le saibhri\u00fa agus sealbh\u00fa na Gaeilge.  T\u00e1 cl\u00e1ir iontacha ar f\u00e1il cos\u00fail le &#8216;Is Eola\u00ed M\u00e9&#8217;, &#8216;Is Mise&#8217;, &#8216;An Siopa Eala\u00edne&#8217; chomh maith le &#8216;C\u00fala4 ar Scoil&#8217; a chuireann \u00e1bhar sprao\u00fail, fis\u00ed\u00fail agus mealltach le tac\u00fa le foghlaim sa seomra ranga agus ar f\u00e9idir teacht air go h\u00e9asca ar sheinnteoir C\u00fala4 agus Cain\u00e9al YouTube C\u00fala4.&#8221;<\/em><br \/>\n&nbsp;<br \/>\n&nbsp;<br \/>\n&nbsp;<\/p>\n","protected":false},"excerpt":{"rendered":"<p>&nbsp; L\u00e9ir\u00edonn \u200b\u200btaighde ceannr\u00f3da\u00edoch a choimisi\u00fanaigh TG4 agus a rinne RED C Marketing &#038; Research go mbaineann 44% de mh\u00fainteoir\u00ed bunscoile \u00fas\u00e1id as TG4 \/ C\u00fala4 sa seomra ranga. Is ionann sin agus 10,100 m\u00fainteoir ar fud na t\u00edre agus 244,000 dalta. I scoileanna Gaeltachta agus Gaelscoileanna, t\u00e1 an figi\u00far sin n\u00edos airde f\u00f3s mar [&hellip;]<\/p>\n","protected":false},"author":876,"featured_media":0,"parent":115579,"menu_order":18,"comment_status":"closed","ping_status":"closed","template":"page-templates\/template-pr.php","meta":{"_acf_changed":false,"footnotes":""},"acf":[],"yoast_head":"<!-- This site is optimized with the Yoast SEO plugin v22.6 - https:\/\/yoast.com\/wordpress\/plugins\/seo\/ -->\n<title>L\u00e9ir\u00edonn taighde nua \u00f3 RED C Marketing &amp; Research do TG4 go n-\u00fas\u00e1ideann n\u00edos m\u00f3 n\u00e1 10,000 m\u00fainteoir C\u00fala4 sa seomra ranga | Preas R\u00e1iteas | TG4<\/title>\n<meta name=\"robots\" content=\"index, follow, max-snippet:-1, max-image-preview:large, max-video-preview:-1\" \/>\n<meta property=\"og:locale\" content=\"en_US\" \/>\n<meta property=\"og:type\" content=\"article\" \/>\n<meta property=\"og:title\" content=\"L\u00e9ir\u00edonn taighde nua \u00f3 RED C Marketing &amp; Research do TG4 go n-\u00fas\u00e1ideann n\u00edos m\u00f3 n\u00e1 10,000 m\u00fainteoir C\u00fala4 sa seomra ranga | Preas R\u00e1iteas | TG4\" \/>\n<meta property=\"og:description\" content=\"&nbsp; L\u00e9ir\u00edonn \u200b\u200btaighde ceannr\u00f3da\u00edoch a choimisi\u00fanaigh TG4 agus a rinne RED C Marketing &#038; Research go mbaineann 44% de mh\u00fainteoir\u00ed bunscoile \u00fas\u00e1id as TG4 \/ C\u00fala4 sa seomra ranga. Is ionann sin agus 10,100 m\u00fainteoir ar fud na t\u00edre agus 244,000 dalta. I scoileanna Gaeltachta agus Gaelscoileanna, t\u00e1 an figi\u00far sin n\u00edos airde f\u00f3s mar [&hellip;]\" \/>\n<meta property=\"og:url\" content=\"https:\/\/dev.tg4.ie\/ga\/eolas\/preas\/nuacht-raitis\/2021-2\/leirionn-taighde-nua-o-red-c-marketing-research-do-tg4-go-n-usaideann-nios-mo-na-10000-muinteoir-cula4-sa-seomra-ranga\/\" \/>\n<meta property=\"og:site_name\" content=\"TG4\" \/>\n<meta property=\"article:publisher\" content=\"https:\/\/www.facebook.com\/TG4TV\" \/>\n<meta property=\"article:modified_time\" content=\"2021-02-25T08:40:32+00:00\" \/>\n<meta property=\"og:image\" content=\"https:\/\/tg4-docs.s3.amazonaws.com\/tg4-redesign-2015\/wp-content\/uploads\/2021\/02\/Red_C_Infografaic_C4_2021.jpg\" \/>\n\t<meta property=\"og:image:width\" content=\"1920\" \/>\n\t<meta property=\"og:image:height\" content=\"1080\" \/>\n\t<meta property=\"og:image:type\" content=\"image\/jpeg\" \/>\n<meta name=\"twitter:card\" content=\"summary_large_image\" \/>\n<meta name=\"twitter:image\" content=\"https:\/\/tg4-docs.s3.amazonaws.com\/tg4-redesign-2015\/wp-content\/uploads\/2021\/02\/Red_C_Infografaic_C4_2021.jpg\" \/>\n<meta name=\"twitter:site\" content=\"@TG4TV\" \/>\n<meta name=\"twitter:label1\" content=\"Est. reading time\" \/>\n\t<meta name=\"twitter:data1\" content=\"4 minutes\" \/>\n<script type=\"application\/ld+json\" class=\"yoast-schema-graph\">{\"@context\":\"https:\/\/schema.org\",\"@graph\":[{\"@type\":\"WebPage\",\"@id\":\"https:\/\/dev.tg4.ie\/ga\/eolas\/preas\/nuacht-raitis\/2021-2\/leirionn-taighde-nua-o-red-c-marketing-research-do-tg4-go-n-usaideann-nios-mo-na-10000-muinteoir-cula4-sa-seomra-ranga\/\",\"url\":\"https:\/\/dev.tg4.ie\/ga\/eolas\/preas\/nuacht-raitis\/2021-2\/leirionn-taighde-nua-o-red-c-marketing-research-do-tg4-go-n-usaideann-nios-mo-na-10000-muinteoir-cula4-sa-seomra-ranga\/\",\"name\":\"L\u00e9ir\u00edonn taighde nua \u00f3 RED C Marketing & Research do TG4 go n-\u00fas\u00e1ideann n\u00edos m\u00f3 n\u00e1 10,000 m\u00fainteoir C\u00fala4 sa seomra ranga | Preas R\u00e1iteas | TG4\",\"isPartOf\":{\"@id\":\"https:\/\/dev.tg4.ie\/en\/#website\"},\"primaryImageOfPage\":{\"@id\":\"https:\/\/dev.tg4.ie\/ga\/eolas\/preas\/nuacht-raitis\/2021-2\/leirionn-taighde-nua-o-red-c-marketing-research-do-tg4-go-n-usaideann-nios-mo-na-10000-muinteoir-cula4-sa-seomra-ranga\/#primaryimage\"},\"image\":{\"@id\":\"https:\/\/dev.tg4.ie\/ga\/eolas\/preas\/nuacht-raitis\/2021-2\/leirionn-taighde-nua-o-red-c-marketing-research-do-tg4-go-n-usaideann-nios-mo-na-10000-muinteoir-cula4-sa-seomra-ranga\/#primaryimage\"},\"thumbnailUrl\":\"https:\/\/dev.tg4.ie\/wp-content\/uploads\/2021\/02\/Red_C_Infografaic_C4_2021.jpg\",\"datePublished\":\"2021-02-25T08:35:08+00:00\",\"dateModified\":\"2021-02-25T08:40:32+00:00\",\"breadcrumb\":{\"@id\":\"https:\/\/dev.tg4.ie\/ga\/eolas\/preas\/nuacht-raitis\/2021-2\/leirionn-taighde-nua-o-red-c-marketing-research-do-tg4-go-n-usaideann-nios-mo-na-10000-muinteoir-cula4-sa-seomra-ranga\/#breadcrumb\"},\"inLanguage\":\"ga\",\"potentialAction\":[{\"@type\":\"ReadAction\",\"target\":[\"https:\/\/dev.tg4.ie\/ga\/eolas\/preas\/nuacht-raitis\/2021-2\/leirionn-taighde-nua-o-red-c-marketing-research-do-tg4-go-n-usaideann-nios-mo-na-10000-muinteoir-cula4-sa-seomra-ranga\/\"]}]},{\"@type\":\"ImageObject\",\"inLanguage\":\"ga\",\"@id\":\"https:\/\/dev.tg4.ie\/ga\/eolas\/preas\/nuacht-raitis\/2021-2\/leirionn-taighde-nua-o-red-c-marketing-research-do-tg4-go-n-usaideann-nios-mo-na-10000-muinteoir-cula4-sa-seomra-ranga\/#primaryimage\",\"url\":\"https:\/\/dev.tg4.ie\/wp-content\/uploads\/2021\/02\/Red_C_Infografaic_C4_2021.jpg\",\"contentUrl\":\"https:\/\/dev.tg4.ie\/wp-content\/uploads\/2021\/02\/Red_C_Infografaic_C4_2021.jpg\"},{\"@type\":\"BreadcrumbList\",\"@id\":\"https:\/\/dev.tg4.ie\/ga\/eolas\/preas\/nuacht-raitis\/2021-2\/leirionn-taighde-nua-o-red-c-marketing-research-do-tg4-go-n-usaideann-nios-mo-na-10000-muinteoir-cula4-sa-seomra-ranga\/#breadcrumb\",\"itemListElement\":[{\"@type\":\"ListItem\",\"position\":1,\"name\":\"Home\",\"item\":\"https:\/\/dev.tg4.ie\/ga\/\"},{\"@type\":\"ListItem\",\"position\":2,\"name\":\"Eolas\",\"item\":\"https:\/\/dev.tg4.ie\/ga\/eolas\/\"},{\"@type\":\"ListItem\",\"position\":3,\"name\":\"Preas\",\"item\":\"https:\/\/dev.tg4.ie\/ga\/eolas\/preas\/\"},{\"@type\":\"ListItem\",\"position\":4,\"name\":\"Nuacht R\u00e1itis\",\"item\":\"https:\/\/dev.tg4.ie\/ga\/eolas\/preas\/nuacht-raitis\/\"},{\"@type\":\"ListItem\",\"position\":5,\"name\":\"2021\",\"item\":\"https:\/\/dev.tg4.ie\/ga\/eolas\/preas\/nuacht-raitis\/2021-2\/\"},{\"@type\":\"ListItem\",\"position\":6,\"name\":\"L\u00e9ir\u00edonn taighde nua \u00f3 RED C Marketing &#038; Research do TG4 go n-\u00fas\u00e1ideann n\u00edos m\u00f3 n\u00e1 10,000 m\u00fainteoir C\u00fala4 sa seomra ranga\"}]},{\"@type\":\"WebSite\",\"@id\":\"https:\/\/dev.tg4.ie\/en\/#website\",\"url\":\"https:\/\/dev.tg4.ie\/en\/\",\"name\":\"TG4\",\"description\":\"S\u00fail Eile\",\"potentialAction\":[{\"@type\":\"SearchAction\",\"target\":{\"@type\":\"EntryPoint\",\"urlTemplate\":\"https:\/\/dev.tg4.ie\/en\/?s={search_term_string}\"},\"query-input\":\"required name=search_term_string\"}],\"inLanguage\":\"ga\"}]}<\/script>\n<!-- \/ Yoast SEO plugin. -->","yoast_head_json":{"title":"L\u00e9ir\u00edonn taighde nua \u00f3 RED C Marketing & Research do TG4 go n-\u00fas\u00e1ideann n\u00edos m\u00f3 n\u00e1 10,000 m\u00fainteoir C\u00fala4 sa seomra ranga | Preas R\u00e1iteas | TG4","robots":{"index":"index","follow":"follow","max-snippet":"max-snippet:-1","max-image-preview":"max-image-preview:large","max-video-preview":"max-video-preview:-1"},"og_locale":"en_US","og_type":"article","og_title":"L\u00e9ir\u00edonn taighde nua \u00f3 RED C Marketing & Research do TG4 go n-\u00fas\u00e1ideann n\u00edos m\u00f3 n\u00e1 10,000 m\u00fainteoir C\u00fala4 sa seomra ranga | Preas R\u00e1iteas | TG4","og_description":"&nbsp; L\u00e9ir\u00edonn \u200b\u200btaighde ceannr\u00f3da\u00edoch a choimisi\u00fanaigh TG4 agus a rinne RED C Marketing &#038; Research go mbaineann 44% de mh\u00fainteoir\u00ed bunscoile \u00fas\u00e1id as TG4 \/ C\u00fala4 sa seomra ranga. Is ionann sin agus 10,100 m\u00fainteoir ar fud na t\u00edre agus 244,000 dalta. I scoileanna Gaeltachta agus Gaelscoileanna, t\u00e1 an figi\u00far sin n\u00edos airde f\u00f3s mar [&hellip;]","og_url":"https:\/\/dev.tg4.ie\/ga\/eolas\/preas\/nuacht-raitis\/2021-2\/leirionn-taighde-nua-o-red-c-marketing-research-do-tg4-go-n-usaideann-nios-mo-na-10000-muinteoir-cula4-sa-seomra-ranga\/","og_site_name":"TG4","article_publisher":"https:\/\/www.facebook.com\/TG4TV","article_modified_time":"2021-02-25T08:40:32+00:00","og_image":[{"width":1920,"height":1080,"url":"https:\/\/tg4-docs.s3.amazonaws.com\/tg4-redesign-2015\/wp-content\/uploads\/2021\/02\/Red_C_Infografaic_C4_2021.jpg","type":"image\/jpeg"}],"twitter_card":"summary_large_image","twitter_image":"https:\/\/tg4-docs.s3.amazonaws.com\/tg4-redesign-2015\/wp-content\/uploads\/2021\/02\/Red_C_Infografaic_C4_2021.jpg","twitter_site":"@TG4TV","twitter_misc":{"Est. reading time":"4 minutes"},"schema":{"@context":"https:\/\/schema.org","@graph":[{"@type":"WebPage","@id":"https:\/\/dev.tg4.ie\/ga\/eolas\/preas\/nuacht-raitis\/2021-2\/leirionn-taighde-nua-o-red-c-marketing-research-do-tg4-go-n-usaideann-nios-mo-na-10000-muinteoir-cula4-sa-seomra-ranga\/","url":"https:\/\/dev.tg4.ie\/ga\/eolas\/preas\/nuacht-raitis\/2021-2\/leirionn-taighde-nua-o-red-c-marketing-research-do-tg4-go-n-usaideann-nios-mo-na-10000-muinteoir-cula4-sa-seomra-ranga\/","name":"L\u00e9ir\u00edonn taighde nua \u00f3 RED C Marketing & Research do TG4 go n-\u00fas\u00e1ideann n\u00edos m\u00f3 n\u00e1 10,000 m\u00fainteoir C\u00fala4 sa seomra ranga | Preas R\u00e1iteas | TG4","isPartOf":{"@id":"https:\/\/dev.tg4.ie\/en\/#website"},"primaryImageOfPage":{"@id":"https:\/\/dev.tg4.ie\/ga\/eolas\/preas\/nuacht-raitis\/2021-2\/leirionn-taighde-nua-o-red-c-marketing-research-do-tg4-go-n-usaideann-nios-mo-na-10000-muinteoir-cula4-sa-seomra-ranga\/#primaryimage"},"image":{"@id":"https:\/\/dev.tg4.ie\/ga\/eolas\/preas\/nuacht-raitis\/2021-2\/leirionn-taighde-nua-o-red-c-marketing-research-do-tg4-go-n-usaideann-nios-mo-na-10000-muinteoir-cula4-sa-seomra-ranga\/#primaryimage"},"thumbnailUrl":"https:\/\/dev.tg4.ie\/wp-content\/uploads\/2021\/02\/Red_C_Infografaic_C4_2021.jpg","datePublished":"2021-02-25T08:35:08+00:00","dateModified":"2021-02-25T08:40:32+00:00","breadcrumb":{"@id":"https:\/\/dev.tg4.ie\/ga\/eolas\/preas\/nuacht-raitis\/2021-2\/leirionn-taighde-nua-o-red-c-marketing-research-do-tg4-go-n-usaideann-nios-mo-na-10000-muinteoir-cula4-sa-seomra-ranga\/#breadcrumb"},"inLanguage":"ga","potentialAction":[{"@type":"ReadAction","target":["https:\/\/dev.tg4.ie\/ga\/eolas\/preas\/nuacht-raitis\/2021-2\/leirionn-taighde-nua-o-red-c-marketing-research-do-tg4-go-n-usaideann-nios-mo-na-10000-muinteoir-cula4-sa-seomra-ranga\/"]}]},{"@type":"ImageObject","inLanguage":"ga","@id":"https:\/\/dev.tg4.ie\/ga\/eolas\/preas\/nuacht-raitis\/2021-2\/leirionn-taighde-nua-o-red-c-marketing-research-do-tg4-go-n-usaideann-nios-mo-na-10000-muinteoir-cula4-sa-seomra-ranga\/#primaryimage","url":"https:\/\/dev.tg4.ie\/wp-content\/uploads\/2021\/02\/Red_C_Infografaic_C4_2021.jpg","contentUrl":"https:\/\/dev.tg4.ie\/wp-content\/uploads\/2021\/02\/Red_C_Infografaic_C4_2021.jpg"},{"@type":"BreadcrumbList","@id":"https:\/\/dev.tg4.ie\/ga\/eolas\/preas\/nuacht-raitis\/2021-2\/leirionn-taighde-nua-o-red-c-marketing-research-do-tg4-go-n-usaideann-nios-mo-na-10000-muinteoir-cula4-sa-seomra-ranga\/#breadcrumb","itemListElement":[{"@type":"ListItem","position":1,"name":"Home","item":"https:\/\/dev.tg4.ie\/ga\/"},{"@type":"ListItem","position":2,"name":"Eolas","item":"https:\/\/dev.tg4.ie\/ga\/eolas\/"},{"@type":"ListItem","position":3,"name":"Preas","item":"https:\/\/dev.tg4.ie\/ga\/eolas\/preas\/"},{"@type":"ListItem","position":4,"name":"Nuacht R\u00e1itis","item":"https:\/\/dev.tg4.ie\/ga\/eolas\/preas\/nuacht-raitis\/"},{"@type":"ListItem","position":5,"name":"2021","item":"https:\/\/dev.tg4.ie\/ga\/eolas\/preas\/nuacht-raitis\/2021-2\/"},{"@type":"ListItem","position":6,"name":"L\u00e9ir\u00edonn taighde nua \u00f3 RED C Marketing &#038; Research do TG4 go n-\u00fas\u00e1ideann n\u00edos m\u00f3 n\u00e1 10,000 m\u00fainteoir C\u00fala4 sa seomra ranga"}]},{"@type":"WebSite","@id":"https:\/\/dev.tg4.ie\/en\/#website","url":"https:\/\/dev.tg4.ie\/en\/","name":"TG4","description":"S\u00fail Eile","potentialAction":[{"@type":"SearchAction","target":{"@type":"EntryPoint","urlTemplate":"https:\/\/dev.tg4.ie\/en\/?s={search_term_string}"},"query-input":"required name=search_term_string"}],"inLanguage":"ga"}]}},"_links":{"self":[{"href":"https:\/\/dev.tg4.ie\/ga\/wp-json\/wp\/v2\/pages\/116214"}],"collection":[{"href":"https:\/\/dev.tg4.ie\/ga\/wp-json\/wp\/v2\/pages"}],"about":[{"href":"https:\/\/dev.tg4.ie\/ga\/wp-json\/wp\/v2\/types\/page"}],"author":[{"embeddable":true,"href":"https:\/\/dev.tg4.ie\/ga\/wp-json\/wp\/v2\/users\/876"}],"replies":[{"embeddable":true,"href":"https:\/\/dev.tg4.ie\/ga\/wp-json\/wp\/v2\/comments?post=116214"}],"version-history":[{"count":0,"href":"https:\/\/dev.tg4.ie\/ga\/wp-json\/wp\/v2\/pages\/116214\/revisions"}],"up":[{"embeddable":true,"href":"https:\/\/dev.tg4.ie\/ga\/wp-json\/wp\/v2\/pages\/115579"}],"wp:attachment":[{"href":"https:\/\/dev.tg4.ie\/ga\/wp-json\/wp\/v2\/media?parent=116214"}],"curies":[{"name":"wp","href":"https:\/\/api.w.org\/{rel}","templated":true}]}}