{"id":116278,"date":"2021-03-05T13:40:51","date_gmt":"2021-03-05T13:40:51","guid":{"rendered":"https:\/\/dev.tg4.ie\/?page_id=116278"},"modified":"2021-03-05T13:40:51","modified_gmt":"2021-03-05T13:40:51","slug":"sraith-nua-cheoil-ar-tg4","status":"publish","type":"page","link":"https:\/\/dev.tg4.ie\/ga\/eolas\/preas\/nuacht-raitis\/2021-2\/sraith-nua-cheoil-ar-tg4\/","title":{"rendered":"Sraith Nua Cheoil ar TG4"},"content":{"rendered":"<p><a href=\"https:\/\/tg4-docs.s3.amazonaws.com\/tg4-redesign-2015\/wp-content\/uploads\/2021\/03\/Comhluadar_Ceoil_Daithi_Preas_1_1920x1080.jpg\"><img loading=\"lazy\" decoding=\"async\" width=\"1920\" height=\"1080\" src=\"https:\/\/tg4-docs.s3.amazonaws.com\/tg4-redesign-2015\/wp-content\/uploads\/2021\/03\/Comhluadar_Ceoil_Daithi_Preas_1_1920x1080.jpg\" alt=\"\" class=\"aligncenter size-full wp-image-116282\" srcset=\"https:\/\/tg4-docs.s3.amazonaws.com\/tg4-redesign-2015\/wp-content\/uploads\/2021\/03\/Comhluadar_Ceoil_Daithi_Preas_1_1920x1080.jpg 1920w, https:\/\/tg4-docs.s3.amazonaws.com\/tg4-redesign-2015\/wp-content\/uploads\/2021\/03\/Comhluadar_Ceoil_Daithi_Preas_1_1920x1080-250x141.jpg 250w, https:\/\/tg4-docs.s3.amazonaws.com\/tg4-redesign-2015\/wp-content\/uploads\/2021\/03\/Comhluadar_Ceoil_Daithi_Preas_1_1920x1080-700x394.jpg 700w, https:\/\/tg4-docs.s3.amazonaws.com\/tg4-redesign-2015\/wp-content\/uploads\/2021\/03\/Comhluadar_Ceoil_Daithi_Preas_1_1920x1080-252x141.jpg 252w, https:\/\/tg4-docs.s3.amazonaws.com\/tg4-redesign-2015\/wp-content\/uploads\/2021\/03\/Comhluadar_Ceoil_Daithi_Preas_1_1920x1080-1536x864.jpg 1536w, https:\/\/tg4-docs.s3.amazonaws.com\/tg4-redesign-2015\/wp-content\/uploads\/2021\/03\/Comhluadar_Ceoil_Daithi_Preas_1_1920x1080-120x68.jpg 120w\" sizes=\"(max-width: 1920px) 100vw, 1920px\" \/><\/a><br \/>\n&nbsp;<\/p>\n<div style=\"position: relative; overflow: auto; width: 100%; padding-bottom: 56.25%;\"><iframe loading=\"lazy\" src=\"https:\/\/www.youtube.com\/embed\/pyKhT20Mbho\" width=\"100%\" height=\"100%\" frameborder=\"0\" scrolling=\"no\" allowFullscreen=\"true\" style=\"position: absolute; top: 0px; display: block;\"><\/iframe><\/div>\n<p>&nbsp;<br \/>\n<strong>Sraith nua cheoil arna l\u00e9iri\u00fa ag Tyrone Productions do TG4 ina mbuailfidh D\u00e1ith\u00ed \u00d3 S\u00e9 le cuid de bhanna\u00ed agus teaghlaigh na t\u00edre a bhfuil c\u00e1il an cheoil orthu.<\/strong><br \/>\n&nbsp;<br \/>\nCloisfear an-chuid comhr\u00e1 chomh maith ceol den ch\u00e9ad scoth sa tsraith seo. Beidh Sharon Shannon agus a muintir, Altan, Hothouse Flowers, Clann Mhic Ruair\u00ed, T\u00e9ada, Dan\u00fa, The Kilfenora C\u00e9il\u00ed Band agus neart eile i measc na mbanna\u00ed a bheidh p\u00e1irteach sa tsraith. Craolfar an tsraith ar TG4 gach Domhnach ag 20:30 \u00f3n 14\u00fa de mh\u00ed an Mh\u00e1rta ar aghaidh.<br \/>\n&nbsp;<br \/>\nBeidh D\u00e1ith\u00ed ag comhr\u00e1 le Clann O&#8217;Connor sa ch\u00e9ad chl\u00e1r den tsraith \u2013 Gerry agus a chlann D\u00f3nal, Feilim\u00ed, Siubh\u00e1n agus Finnian. Is as Gleann na bhFiach i gcontae an L\u00fa don teaghlach m\u00f3r ceoil seo. Mar chuid den chl\u00e1r, cloisfear faoi ch\u00falra an teaghlaigh \u00f3 thaobh an cheoil de, mar aon le sc\u00e9al a m\u00e1thar, Eithne N\u00ed Uallach\u00e1in, a cailleadh i 1999. Seinnfidh an teaghlach ceol \u00f3na gceantar d\u00fachais mar aon le p\u00edosa\u00ed ceoil a bh\u00ed taifeadta ag Gerry, Eithne agus an gr\u00fapa ceoil L\u00e1 L\u00fagh.<br \/>\n&nbsp;<br \/>\nBuailfidh D\u00e1ith\u00ed le The Kilfenora C\u00e9il\u00ed Band sa dara cl\u00e1r den tsraith. Beidh neart cainte idir \u00e9 agus John Lynch, Garry Shannon agus Sharon Howley \u00f3n ngr\u00fapa ceoil iontach seo, gr\u00fapa at\u00e1 ar an bhf\u00f3d \u00f3 1909. Ansin an 28 M\u00e1rta 2021 buailfidh D\u00e1ith\u00ed le T\u00e9ada \u2013 banna a bhfuil an domhan m\u00f3r si\u00falta acu le fiche bliain anuas. Labhr\u00f3idh Ois\u00edn Mac Diarmada, Tristan Rosenstock agus S\u00e9amus \u00d3 Beaglaoich le D\u00e1ith\u00ed faoin gceol agus faoin taisteal at\u00e1 d\u00e9anta acu, idir Mheirice\u00e1 agus an tSeap\u00e1in. Beidh ceol agus comhr\u00e1 ansin \u00f3 The Bonnymen ar Dhomhnach C\u00e1sca. Labhr\u00f3idh Maiti\u00fa \u00d3 Casaide agus Natalie N\u00ed Chasaide faoin mbanna agus faoin tionchar a bh\u00ed ag a muintir f\u00e9in ar a gcuid ceoil. Sa ch\u00faigi\u00fa cl\u00e1r, caithfidh Hothouse Flowers s\u00fail siar ar a sc\u00e9al f\u00e9in \u2013 \u00f3 na ch\u00e9ad laethanta agus iad i gCol\u00e1iste Eoin go dt\u00ed gur thug siad aghaidh ar Wembley Arena. Beidh Dan\u00fa i dteannta D\u00e1ith\u00ed an 18 M\u00e1rta 2021 \u2013 inseoidh Benny McCarthy agus Nell N\u00ed Chr\u00f3in\u00edn sc\u00e9al an bhanna agus faoin saol ar an mb\u00f3thar. Buailfidh D\u00e1ith\u00ed le Sharon Shannon agus a muintir sa ch\u00e9ad chl\u00e1r eile agus beidh s\u00e9 ag comhr\u00e1 le Clann Mhic Ruair\u00ed \u00f3 Rann na Feirste chomh maith. Is iad Cherish the Ladies a bheidh ag seinm agus ag comhr\u00e1 le D\u00e1ith\u00ed an 9 Bealtaine 2021 agus beidh Altan ina theannta don chl\u00e1r deireanach an 16 Bealtaine 2021.<br \/>\n&nbsp;<br \/>\nCloisfear neart ceoil agus gabh\u00e1il fhoinn \u00f3 a\u00edonna speisialta le linn na sraithe, Moya N\u00ed Bhraon\u00e1in, Clare Sands, R\u00f3is\u00edn Chambers, Don Stiffe, Kate Purcell agus Ciar\u00e1n \u00d3 Maonaigh ina measc.<\/p>\n<p>&nbsp;<br \/>\n&nbsp;<br \/>\n&nbsp;<\/p>\n","protected":false},"excerpt":{"rendered":"<p>&nbsp; &nbsp; Sraith nua cheoil arna l\u00e9iri\u00fa ag Tyrone Productions do TG4 ina mbuailfidh D\u00e1ith\u00ed \u00d3 S\u00e9 le cuid de bhanna\u00ed agus teaghlaigh na t\u00edre a bhfuil c\u00e1il an cheoil orthu. &nbsp; Cloisfear an-chuid comhr\u00e1 chomh maith ceol den ch\u00e9ad scoth sa tsraith seo. Beidh Sharon Shannon agus a muintir, Altan, Hothouse Flowers, Clann Mhic [&hellip;]<\/p>\n","protected":false},"author":876,"featured_media":0,"parent":115579,"menu_order":19,"comment_status":"closed","ping_status":"closed","template":"page-templates\/template-pr.php","meta":{"_acf_changed":false,"footnotes":""},"acf":[],"yoast_head":"<!-- This site is optimized with the Yoast SEO plugin v22.6 - https:\/\/yoast.com\/wordpress\/plugins\/seo\/ -->\n<title>Sraith Nua Cheoil ar TG4 | Preas R\u00e1iteas | TG4<\/title>\n<meta name=\"robots\" content=\"index, follow, max-snippet:-1, max-image-preview:large, max-video-preview:-1\" \/>\n<meta property=\"og:locale\" content=\"en_US\" \/>\n<meta property=\"og:type\" content=\"article\" \/>\n<meta property=\"og:title\" content=\"Sraith Nua Cheoil ar TG4 | Preas R\u00e1iteas | TG4\" \/>\n<meta property=\"og:description\" content=\"&nbsp; &nbsp; Sraith nua cheoil arna l\u00e9iri\u00fa ag Tyrone Productions do TG4 ina mbuailfidh D\u00e1ith\u00ed \u00d3 S\u00e9 le cuid de bhanna\u00ed agus teaghlaigh na t\u00edre a bhfuil c\u00e1il an cheoil orthu. &nbsp; Cloisfear an-chuid comhr\u00e1 chomh maith ceol den ch\u00e9ad scoth sa tsraith seo. Beidh Sharon Shannon agus a muintir, Altan, Hothouse Flowers, Clann Mhic [&hellip;]\" \/>\n<meta property=\"og:url\" content=\"https:\/\/dev.tg4.ie\/ga\/eolas\/preas\/nuacht-raitis\/2021-2\/sraith-nua-cheoil-ar-tg4\/\" \/>\n<meta property=\"og:site_name\" content=\"TG4\" \/>\n<meta property=\"article:publisher\" content=\"https:\/\/www.facebook.com\/TG4TV\" \/>\n<meta property=\"og:image\" content=\"https:\/\/tg4-docs.s3.amazonaws.com\/tg4-redesign-2015\/wp-content\/uploads\/2021\/03\/Comhluadar_Ceoil_Daithi_Preas_1_1920x1080.jpg\" \/>\n\t<meta property=\"og:image:width\" content=\"1920\" \/>\n\t<meta property=\"og:image:height\" content=\"1080\" \/>\n\t<meta property=\"og:image:type\" content=\"image\/jpeg\" \/>\n<meta name=\"twitter:card\" content=\"summary_large_image\" \/>\n<meta name=\"twitter:image\" content=\"https:\/\/tg4-docs.s3.amazonaws.com\/tg4-redesign-2015\/wp-content\/uploads\/2021\/03\/Comhluadar_Ceoil_Daithi_Preas_1_1920x1080.jpg\" \/>\n<meta name=\"twitter:site\" content=\"@TG4TV\" \/>\n<meta name=\"twitter:label1\" content=\"Est. reading time\" \/>\n\t<meta name=\"twitter:data1\" content=\"2 minutes\" \/>\n<script type=\"application\/ld+json\" class=\"yoast-schema-graph\">{\"@context\":\"https:\/\/schema.org\",\"@graph\":[{\"@type\":\"WebPage\",\"@id\":\"https:\/\/dev.tg4.ie\/ga\/eolas\/preas\/nuacht-raitis\/2021-2\/sraith-nua-cheoil-ar-tg4\/\",\"url\":\"https:\/\/dev.tg4.ie\/ga\/eolas\/preas\/nuacht-raitis\/2021-2\/sraith-nua-cheoil-ar-tg4\/\",\"name\":\"Sraith Nua Cheoil ar TG4 | Preas R\u00e1iteas | TG4\",\"isPartOf\":{\"@id\":\"https:\/\/dev.tg4.ie\/en\/#website\"},\"primaryImageOfPage\":{\"@id\":\"https:\/\/dev.tg4.ie\/ga\/eolas\/preas\/nuacht-raitis\/2021-2\/sraith-nua-cheoil-ar-tg4\/#primaryimage\"},\"image\":{\"@id\":\"https:\/\/dev.tg4.ie\/ga\/eolas\/preas\/nuacht-raitis\/2021-2\/sraith-nua-cheoil-ar-tg4\/#primaryimage\"},\"thumbnailUrl\":\"https:\/\/dev.tg4.ie\/wp-content\/uploads\/2021\/03\/Comhluadar_Ceoil_Daithi_Preas_1_1920x1080.jpg\",\"datePublished\":\"2021-03-05T13:40:51+00:00\",\"dateModified\":\"2021-03-05T13:40:51+00:00\",\"breadcrumb\":{\"@id\":\"https:\/\/dev.tg4.ie\/ga\/eolas\/preas\/nuacht-raitis\/2021-2\/sraith-nua-cheoil-ar-tg4\/#breadcrumb\"},\"inLanguage\":\"ga\",\"potentialAction\":[{\"@type\":\"ReadAction\",\"target\":[\"https:\/\/dev.tg4.ie\/ga\/eolas\/preas\/nuacht-raitis\/2021-2\/sraith-nua-cheoil-ar-tg4\/\"]}]},{\"@type\":\"ImageObject\",\"inLanguage\":\"ga\",\"@id\":\"https:\/\/dev.tg4.ie\/ga\/eolas\/preas\/nuacht-raitis\/2021-2\/sraith-nua-cheoil-ar-tg4\/#primaryimage\",\"url\":\"https:\/\/dev.tg4.ie\/wp-content\/uploads\/2021\/03\/Comhluadar_Ceoil_Daithi_Preas_1_1920x1080.jpg\",\"contentUrl\":\"https:\/\/dev.tg4.ie\/wp-content\/uploads\/2021\/03\/Comhluadar_Ceoil_Daithi_Preas_1_1920x1080.jpg\"},{\"@type\":\"BreadcrumbList\",\"@id\":\"https:\/\/dev.tg4.ie\/ga\/eolas\/preas\/nuacht-raitis\/2021-2\/sraith-nua-cheoil-ar-tg4\/#breadcrumb\",\"itemListElement\":[{\"@type\":\"ListItem\",\"position\":1,\"name\":\"Home\",\"item\":\"https:\/\/dev.tg4.ie\/ga\/\"},{\"@type\":\"ListItem\",\"position\":2,\"name\":\"Eolas\",\"item\":\"https:\/\/dev.tg4.ie\/ga\/eolas\/\"},{\"@type\":\"ListItem\",\"position\":3,\"name\":\"Preas\",\"item\":\"https:\/\/dev.tg4.ie\/ga\/eolas\/preas\/\"},{\"@type\":\"ListItem\",\"position\":4,\"name\":\"Nuacht R\u00e1itis\",\"item\":\"https:\/\/dev.tg4.ie\/ga\/eolas\/preas\/nuacht-raitis\/\"},{\"@type\":\"ListItem\",\"position\":5,\"name\":\"2021\",\"item\":\"https:\/\/dev.tg4.ie\/ga\/eolas\/preas\/nuacht-raitis\/2021-2\/\"},{\"@type\":\"ListItem\",\"position\":6,\"name\":\"Sraith Nua Cheoil ar TG4\"}]},{\"@type\":\"WebSite\",\"@id\":\"https:\/\/dev.tg4.ie\/en\/#website\",\"url\":\"https:\/\/dev.tg4.ie\/en\/\",\"name\":\"TG4\",\"description\":\"S\u00fail Eile\",\"potentialAction\":[{\"@type\":\"SearchAction\",\"target\":{\"@type\":\"EntryPoint\",\"urlTemplate\":\"https:\/\/dev.tg4.ie\/en\/?s={search_term_string}\"},\"query-input\":\"required name=search_term_string\"}],\"inLanguage\":\"ga\"}]}<\/script>\n<!-- \/ Yoast SEO plugin. -->","yoast_head_json":{"title":"Sraith Nua Cheoil ar TG4 | Preas R\u00e1iteas | TG4","robots":{"index":"index","follow":"follow","max-snippet":"max-snippet:-1","max-image-preview":"max-image-preview:large","max-video-preview":"max-video-preview:-1"},"og_locale":"en_US","og_type":"article","og_title":"Sraith Nua Cheoil ar TG4 | Preas R\u00e1iteas | TG4","og_description":"&nbsp; &nbsp; Sraith nua cheoil arna l\u00e9iri\u00fa ag Tyrone Productions do TG4 ina mbuailfidh D\u00e1ith\u00ed \u00d3 S\u00e9 le cuid de bhanna\u00ed agus teaghlaigh na t\u00edre a bhfuil c\u00e1il an cheoil orthu. &nbsp; Cloisfear an-chuid comhr\u00e1 chomh maith ceol den ch\u00e9ad scoth sa tsraith seo. Beidh Sharon Shannon agus a muintir, Altan, Hothouse Flowers, Clann Mhic [&hellip;]","og_url":"https:\/\/dev.tg4.ie\/ga\/eolas\/preas\/nuacht-raitis\/2021-2\/sraith-nua-cheoil-ar-tg4\/","og_site_name":"TG4","article_publisher":"https:\/\/www.facebook.com\/TG4TV","og_image":[{"width":1920,"height":1080,"url":"https:\/\/tg4-docs.s3.amazonaws.com\/tg4-redesign-2015\/wp-content\/uploads\/2021\/03\/Comhluadar_Ceoil_Daithi_Preas_1_1920x1080.jpg","type":"image\/jpeg"}],"twitter_card":"summary_large_image","twitter_image":"https:\/\/tg4-docs.s3.amazonaws.com\/tg4-redesign-2015\/wp-content\/uploads\/2021\/03\/Comhluadar_Ceoil_Daithi_Preas_1_1920x1080.jpg","twitter_site":"@TG4TV","twitter_misc":{"Est. reading time":"2 minutes"},"schema":{"@context":"https:\/\/schema.org","@graph":[{"@type":"WebPage","@id":"https:\/\/dev.tg4.ie\/ga\/eolas\/preas\/nuacht-raitis\/2021-2\/sraith-nua-cheoil-ar-tg4\/","url":"https:\/\/dev.tg4.ie\/ga\/eolas\/preas\/nuacht-raitis\/2021-2\/sraith-nua-cheoil-ar-tg4\/","name":"Sraith Nua Cheoil ar TG4 | Preas R\u00e1iteas | TG4","isPartOf":{"@id":"https:\/\/dev.tg4.ie\/en\/#website"},"primaryImageOfPage":{"@id":"https:\/\/dev.tg4.ie\/ga\/eolas\/preas\/nuacht-raitis\/2021-2\/sraith-nua-cheoil-ar-tg4\/#primaryimage"},"image":{"@id":"https:\/\/dev.tg4.ie\/ga\/eolas\/preas\/nuacht-raitis\/2021-2\/sraith-nua-cheoil-ar-tg4\/#primaryimage"},"thumbnailUrl":"https:\/\/dev.tg4.ie\/wp-content\/uploads\/2021\/03\/Comhluadar_Ceoil_Daithi_Preas_1_1920x1080.jpg","datePublished":"2021-03-05T13:40:51+00:00","dateModified":"2021-03-05T13:40:51+00:00","breadcrumb":{"@id":"https:\/\/dev.tg4.ie\/ga\/eolas\/preas\/nuacht-raitis\/2021-2\/sraith-nua-cheoil-ar-tg4\/#breadcrumb"},"inLanguage":"ga","potentialAction":[{"@type":"ReadAction","target":["https:\/\/dev.tg4.ie\/ga\/eolas\/preas\/nuacht-raitis\/2021-2\/sraith-nua-cheoil-ar-tg4\/"]}]},{"@type":"ImageObject","inLanguage":"ga","@id":"https:\/\/dev.tg4.ie\/ga\/eolas\/preas\/nuacht-raitis\/2021-2\/sraith-nua-cheoil-ar-tg4\/#primaryimage","url":"https:\/\/dev.tg4.ie\/wp-content\/uploads\/2021\/03\/Comhluadar_Ceoil_Daithi_Preas_1_1920x1080.jpg","contentUrl":"https:\/\/dev.tg4.ie\/wp-content\/uploads\/2021\/03\/Comhluadar_Ceoil_Daithi_Preas_1_1920x1080.jpg"},{"@type":"BreadcrumbList","@id":"https:\/\/dev.tg4.ie\/ga\/eolas\/preas\/nuacht-raitis\/2021-2\/sraith-nua-cheoil-ar-tg4\/#breadcrumb","itemListElement":[{"@type":"ListItem","position":1,"name":"Home","item":"https:\/\/dev.tg4.ie\/ga\/"},{"@type":"ListItem","position":2,"name":"Eolas","item":"https:\/\/dev.tg4.ie\/ga\/eolas\/"},{"@type":"ListItem","position":3,"name":"Preas","item":"https:\/\/dev.tg4.ie\/ga\/eolas\/preas\/"},{"@type":"ListItem","position":4,"name":"Nuacht R\u00e1itis","item":"https:\/\/dev.tg4.ie\/ga\/eolas\/preas\/nuacht-raitis\/"},{"@type":"ListItem","position":5,"name":"2021","item":"https:\/\/dev.tg4.ie\/ga\/eolas\/preas\/nuacht-raitis\/2021-2\/"},{"@type":"ListItem","position":6,"name":"Sraith Nua Cheoil ar TG4"}]},{"@type":"WebSite","@id":"https:\/\/dev.tg4.ie\/en\/#website","url":"https:\/\/dev.tg4.ie\/en\/","name":"TG4","description":"S\u00fail Eile","potentialAction":[{"@type":"SearchAction","target":{"@type":"EntryPoint","urlTemplate":"https:\/\/dev.tg4.ie\/en\/?s={search_term_string}"},"query-input":"required name=search_term_string"}],"inLanguage":"ga"}]}},"_links":{"self":[{"href":"https:\/\/dev.tg4.ie\/ga\/wp-json\/wp\/v2\/pages\/116278"}],"collection":[{"href":"https:\/\/dev.tg4.ie\/ga\/wp-json\/wp\/v2\/pages"}],"about":[{"href":"https:\/\/dev.tg4.ie\/ga\/wp-json\/wp\/v2\/types\/page"}],"author":[{"embeddable":true,"href":"https:\/\/dev.tg4.ie\/ga\/wp-json\/wp\/v2\/users\/876"}],"replies":[{"embeddable":true,"href":"https:\/\/dev.tg4.ie\/ga\/wp-json\/wp\/v2\/comments?post=116278"}],"version-history":[{"count":0,"href":"https:\/\/dev.tg4.ie\/ga\/wp-json\/wp\/v2\/pages\/116278\/revisions"}],"up":[{"embeddable":true,"href":"https:\/\/dev.tg4.ie\/ga\/wp-json\/wp\/v2\/pages\/115579"}],"wp:attachment":[{"href":"https:\/\/dev.tg4.ie\/ga\/wp-json\/wp\/v2\/media?parent=116278"}],"curies":[{"name":"wp","href":"https:\/\/api.w.org\/{rel}","templated":true}]}}