{"id":116317,"date":"2021-03-12T14:56:08","date_gmt":"2021-03-12T14:56:08","guid":{"rendered":"https:\/\/dev.tg4.ie\/?page_id=116317"},"modified":"2021-03-12T14:56:08","modified_gmt":"2021-03-12T14:56:08","slug":"cumhacht-an-naduir","status":"publish","type":"page","link":"https:\/\/dev.tg4.ie\/ga\/eolas\/preas\/nuacht-raitis\/2021-2\/cumhacht-an-naduir\/","title":{"rendered":"Cumhacht an N\u00e1d\u00fair"},"content":{"rendered":"<p>\u00c1 chur i l\u00e1thair ag Darach \u00d3 Murch\u00fa | Sti\u00farth\u00f3ir:  Martin Danneels<br \/>\n&nbsp;<\/p>\n<div style=\"position: relative; overflow: auto; width: 100%; padding-bottom: 56.25%;\"><iframe loading=\"lazy\" src=\"https:\/\/www.youtube.com\/embed\/_E0Zc4RW8KU\" width=\"100%\" height=\"100%\" frameborder=\"0\" scrolling=\"no\" allowFullscreen=\"true\" style=\"position: absolute; top: 0px; display: block;\"><\/iframe><\/div>\n<p>&nbsp;<br \/>\nCl\u00e1r Faisn\u00e9ise nua ina dh\u00e1 chuid le haghaidh TG4 is ea <strong>Cumhacht an N\u00e1d\u00fair<\/strong> agus breathna\u00edonn s\u00e9 ar an gcaoi ar thug an n\u00e1d\u00far s\u00f3l\u00e1s do dhaoine le linn na paind\u00e9ime seo agus an bealach a bhf\u00e9adfadh s\u00e9 seo d\u00edosp\u00f3ireacht a spreagadh i dtaobh cur le gn\u00e1th\u00f3ga le haghaidh ainmhithe fi\u00e1ine agus i dtaobh bainisti\u00fa tal\u00fan.<br \/>\n&nbsp;<br \/>\n<a href=\"https:\/\/tg4-docs.s3.amazonaws.com\/tg4-redesign-2015\/wp-content\/uploads\/2021\/02\/Cumhacht_an_Naduir_1_1920x1080.jpg\"><img loading=\"lazy\" decoding=\"async\" width=\"1920\" height=\"1080\" src=\"https:\/\/tg4-docs.s3.amazonaws.com\/tg4-redesign-2015\/wp-content\/uploads\/2021\/02\/Cumhacht_an_Naduir_1_1920x1080.jpg\" alt=\"\" class=\"aligncenter size-full wp-image-116208\" srcset=\"https:\/\/tg4-docs.s3.amazonaws.com\/tg4-redesign-2015\/wp-content\/uploads\/2021\/02\/Cumhacht_an_Naduir_1_1920x1080.jpg 1920w, https:\/\/tg4-docs.s3.amazonaws.com\/tg4-redesign-2015\/wp-content\/uploads\/2021\/02\/Cumhacht_an_Naduir_1_1920x1080-250x141.jpg 250w, https:\/\/tg4-docs.s3.amazonaws.com\/tg4-redesign-2015\/wp-content\/uploads\/2021\/02\/Cumhacht_an_Naduir_1_1920x1080-700x394.jpg 700w, https:\/\/tg4-docs.s3.amazonaws.com\/tg4-redesign-2015\/wp-content\/uploads\/2021\/02\/Cumhacht_an_Naduir_1_1920x1080-252x141.jpg 252w, https:\/\/tg4-docs.s3.amazonaws.com\/tg4-redesign-2015\/wp-content\/uploads\/2021\/02\/Cumhacht_an_Naduir_1_1920x1080-1536x864.jpg 1536w, https:\/\/tg4-docs.s3.amazonaws.com\/tg4-redesign-2015\/wp-content\/uploads\/2021\/02\/Cumhacht_an_Naduir_1_1920x1080-120x68.jpg 120w\" sizes=\"(max-width: 1920px) 100vw, 1920px\" \/><\/a><br \/>\nPic: Darach \u00d3 Murch\u00fa<br \/>\n&nbsp;<br \/>\nRud dearfach a th\u00e1inig as an gcor\u00f3inv\u00edreas is ea an bealach ar thosaigh go leor againn ag cur n\u00edos m\u00f3 suime in\u00e1r dtimpeallacht n\u00e1d\u00fartha agus ag dul amach ag f\u00e1maireacht.  Ba mh\u00f3r an faoiseamh d\u00fainn \u00e9 le linn na paind\u00e9ime seo go raibh muid in ann aghaidh a thabhairt ar an bhfi\u00e1ntas, ar na c\u00f3sta\u00ed agus ar na fearainn ph\u00e1irce. Sa chl\u00e1r faisn\u00e9ise seo, <strong>Cumhacht an N\u00e1d\u00fair<\/strong>, a thaispe\u00e1nfar ina dh\u00e1 chuid, gheobhaidh muid amach an ndeachaigh an tuiscint nua seo d\u00e1r gcuid chun tairbhe don fhiadh\u00falra agus an bhf\u00e9adfadh, de bharr muid a bheith faoi dhianghlas\u00e1il, go mbeadh n\u00edos m\u00f3 cothroma\u00edochta idir an duine agus an n\u00e1d\u00far.<br \/>\n&nbsp;<br \/>\n<a href=\"https:\/\/tg4-docs.s3.amazonaws.com\/tg4-redesign-2015\/wp-content\/uploads\/2021\/03\/Cumhacht_an_Naduir_2_1920x1080.jpg\"><img loading=\"lazy\" decoding=\"async\" width=\"1920\" height=\"1080\" src=\"https:\/\/tg4-docs.s3.amazonaws.com\/tg4-redesign-2015\/wp-content\/uploads\/2021\/03\/Cumhacht_an_Naduir_2_1920x1080.jpg\" alt=\"\" class=\"aligncenter size-full wp-image-116318\" srcset=\"https:\/\/tg4-docs.s3.amazonaws.com\/tg4-redesign-2015\/wp-content\/uploads\/2021\/03\/Cumhacht_an_Naduir_2_1920x1080.jpg 1920w, https:\/\/tg4-docs.s3.amazonaws.com\/tg4-redesign-2015\/wp-content\/uploads\/2021\/03\/Cumhacht_an_Naduir_2_1920x1080-250x141.jpg 250w, https:\/\/tg4-docs.s3.amazonaws.com\/tg4-redesign-2015\/wp-content\/uploads\/2021\/03\/Cumhacht_an_Naduir_2_1920x1080-700x394.jpg 700w, https:\/\/tg4-docs.s3.amazonaws.com\/tg4-redesign-2015\/wp-content\/uploads\/2021\/03\/Cumhacht_an_Naduir_2_1920x1080-252x141.jpg 252w, https:\/\/tg4-docs.s3.amazonaws.com\/tg4-redesign-2015\/wp-content\/uploads\/2021\/03\/Cumhacht_an_Naduir_2_1920x1080-1536x864.jpg 1536w, https:\/\/tg4-docs.s3.amazonaws.com\/tg4-redesign-2015\/wp-content\/uploads\/2021\/03\/Cumhacht_an_Naduir_2_1920x1080-120x68.jpg 120w\" sizes=\"(max-width: 1920px) 100vw, 1920px\" \/><\/a><br \/>\nPic: John Bhaba Jeaic \u00d3&#8217;Conghaile agus Darach \u00d3 Murch\u00fa<br \/>\n&nbsp;<br \/>\nC\u00e9ard a tharla\u00edonn nuair a thiteann tost aisteach agus \u00e1lainn ar na su\u00edmh, nuair a bh\u00edonn deis ag an n\u00e1d\u00far a an\u00e1il a tharraingt agus teacht chuige f\u00e9in? An bhfuil n\u00edos m\u00f3 fonn orainn, i ndiaidh an d\u00e1 mh\u00ed dh\u00e9ag at\u00e1 curtha tharainn againn, aire a thabhairt do na ceantair fhi\u00e1ine agus iad a leathn\u00fa amach?<\/p>\n<p>Faoi sti\u00fair an l\u00e1ithreora <strong>Darach \u00d3 Murch\u00fa<\/strong>, teagasc\u00f3ir ar ch\u00farsa\u00ed imshaoil ar tugadh cead d\u00f3 taisteal taobh amuigh de theorainneacha a cheantair f\u00e9in, tabharfaimid cuairt ar chuid de na h\u00e1iteanna is c\u00e1ili\u00fala agus is m\u00f3 a mb\u00edonn turas\u00f3ir\u00ed ag tarraingt orthu, in \u00c9irinn: Cionn Mh\u00e1lanna, Na Blascaoda\u00ed, Gleann D\u00e1 Loch, agus Garinis, chomh maith le sp\u00e1sanna pobail agus radhairc \u00e1ille sa gceantar m\u00e1guaird. Feiceann muid na h\u00e1iteanna seo agus gan deora\u00ed, ar \u00e9igean, ag tabhairt cuairte orthu agus gheobhaidh muid amach mar d\u2019\u00e9irigh leis an bhfiadh\u00falra d\u00e1r n-uireasa. I ndiaidh na dianghlas\u00e1la rachaidh muid ar ais ar\u00eds le breathn\u00fa c\u00e9n chaoi a bhf\u00e9adfa\u00ed bainisti\u00fa n\u00edos fearr a dh\u00e9anamh ar na l\u00e1ithreacha seo sna blianta r\u00edth\u00e1bhachtacha at\u00e1 amach romhainn.<\/p>\n<p>N\u00ed h\u00e9 amh\u00e1in gur mh\u00fascail an phaind\u00e9im agus an dianghlas\u00e1il a bhain l\u00e9i \u00e1r sp\u00e9is sa n\u00e1d\u00far, ach d\u2019fh\u00e9adfadh s\u00e9 freisin gur athraigh siad \u00e1r st\u00edl mhaireacht\u00e1la go fadt\u00e9armach,  agus as sin go dtiocfadh laghd\u00fa ar \u00e1r n-asta\u00edocht charb\u00f3in. Is g\u00e1 na speicis dh\u00fachasach a bh\u00ed ruaigthe a thabhairt ar ais, a chinnti\u00fa nach scriosfar tuilleadh gn\u00e1th\u00f3ga n\u00e1d\u00fartha agus athshl\u00e1n\u00fa a dh\u00e9anamh ar \u00e1r bportaigh agus ar na ceantair fhi\u00e1ine. L\u00e9irigh an phaind\u00e9im seo d\u00fainn go bhfuil muid in ann glacadh go fonnmhar le hathruithe; spreag s\u00ed muid chomh maith le cuairt a thabhairt ar thionscnaimh a thaca\u00edonn leis an bhfiadh\u00falra agus leis an mbith\u00e9ags\u00falacht.<br \/>\n&nbsp;<br \/>\n<a href=\"https:\/\/tg4-docs.s3.amazonaws.com\/tg4-redesign-2015\/wp-content\/uploads\/2021\/03\/Cumhacht_an_Naduir_3_1920x1080.jpg\"><img loading=\"lazy\" decoding=\"async\" width=\"1920\" height=\"1080\" src=\"https:\/\/tg4-docs.s3.amazonaws.com\/tg4-redesign-2015\/wp-content\/uploads\/2021\/03\/Cumhacht_an_Naduir_3_1920x1080.jpg\" alt=\"\" class=\"aligncenter size-full wp-image-116319\" srcset=\"https:\/\/tg4-docs.s3.amazonaws.com\/tg4-redesign-2015\/wp-content\/uploads\/2021\/03\/Cumhacht_an_Naduir_3_1920x1080.jpg 1920w, https:\/\/tg4-docs.s3.amazonaws.com\/tg4-redesign-2015\/wp-content\/uploads\/2021\/03\/Cumhacht_an_Naduir_3_1920x1080-250x141.jpg 250w, https:\/\/tg4-docs.s3.amazonaws.com\/tg4-redesign-2015\/wp-content\/uploads\/2021\/03\/Cumhacht_an_Naduir_3_1920x1080-700x394.jpg 700w, https:\/\/tg4-docs.s3.amazonaws.com\/tg4-redesign-2015\/wp-content\/uploads\/2021\/03\/Cumhacht_an_Naduir_3_1920x1080-252x141.jpg 252w, https:\/\/tg4-docs.s3.amazonaws.com\/tg4-redesign-2015\/wp-content\/uploads\/2021\/03\/Cumhacht_an_Naduir_3_1920x1080-1536x864.jpg 1536w, https:\/\/tg4-docs.s3.amazonaws.com\/tg4-redesign-2015\/wp-content\/uploads\/2021\/03\/Cumhacht_an_Naduir_3_1920x1080-120x68.jpg 120w\" sizes=\"(max-width: 1920px) 100vw, 1920px\" \/><\/a><br \/>\nPic: Darach \u00d3 Murch\u00fa<br \/>\n&nbsp;<br \/>\nRinneadh an scann\u00e1na\u00edocht idir m\u00ed M\u00e1rta agus t\u00fas mh\u00ed na Nollag agus tugtar l\u00e1nl\u00e9argas sa d\u00e1 eagr\u00e1n ar chuid den t\u00edr le linn na dianghlas\u00e1la.<\/p>\n<p>Tr\u00e1th a raibh muid ag cluthar\u00fa n\u00f3 ag f\u00e9inleithlisi\u00fa, ag dul ar shi\u00fal\u00f3id\u00ed n\u00f3 ag reatha\u00edocht taobh istigh de na teorainn dh\u00e1 mh\u00edle n\u00f3 c\u00faig mh\u00edle, c\u00e9ard a bh\u00ed ag titim amach i gcuid de na h\u00e1iteanna is m\u00f3rthaibhs\u00ed agus is m\u00f3 le r\u00e1 d\u00e1 bhfuil againn? C\u00e9n tionchar a bh\u00ed ag na m\u00edonna ar f\u00e1gadh tr\u00e9igthe iad ar na l\u00e1ithreacha n\u00e1d\u00fartha a mb\u00edonn earn\u00e1il ioml\u00e1n ag brath orthu de ghn\u00e1th? Agus c\u00e9ard at\u00e1 le foghlaim againn \u00f3n m\u00e9id seo?<\/p>\n<p><em>* T\u00e1 f\u00e1il, ach iad a iarraidh, ar agallaimh leis an l\u00e1ithreoir Darach \u00d3 Murch\u00fa agus leis na rannph\u00e1irtithe *<br \/>\nT\u00e1 f\u00e1il ar ch\u00f3ip r\u00e9amhl\u00e9irithe, ach \u00e9 a iarraidh.<\/em><\/p>\n<p>I measc na gcl\u00e1r faisn\u00e9ise at\u00e1 d\u00e9anta ag Red Pepper Productions\u2019 (<a href=\"http:\/\/www.redpepper.ie\/\" rel=\"noopener\" target=\"_blank\">www.redpepper.ie<\/a>) roimhe seo t\u00e1 <strong>Fota: Into the Wild<\/strong> (VMTV, 2020), <strong>Born Addicted<\/strong> (RT\u00c92, 2015) and <strong>Tar Abhaile<\/strong> (TG4, 2013).<\/p>\n<p>Ba \u00e9 <strong>Martin Danneels<\/strong> a sti\u00fair na cl\u00e1ir faisn\u00e9ise \u2018Reality Bites\u2019 ar RT\u00c9 2, a moladh go hard: <em>Ireland\u2019s Sulky Racers<\/em> agus <em>Rural Addiction<\/em>. Le deireanas sti\u00fair s\u00e9 na cl\u00e1ir faisn\u00e9ise cheannr\u00f3da\u00edocha <em>Will Ireland Survive 2050?<\/em> do RT\u00c9.  Roimhe seo, i measc cl\u00e1ir eile, rinne s\u00e9 <em>How the Irish have Sex<\/em> (2009), sraith a bh\u00ed ainmnithe do ghradam IFTA, agus <em>Only Fools Buy Horses<\/em> (2004).<br \/>\n&nbsp;<\/p>\n<p>EOLAS SCEIDIL<\/p>\n<p>Cumhacht an N\u00e1d\u00fair<\/p>\n<p>@ 9.30in, 24 M\u00e1rta  &#038; 31 M\u00e1rta 2021, ar TG4<br \/>\n&nbsp;<br \/>\n&nbsp;<\/p>\n","protected":false},"excerpt":{"rendered":"<p>\u00c1 chur i l\u00e1thair ag Darach \u00d3 Murch\u00fa | Sti\u00farth\u00f3ir: Martin Danneels &nbsp; &nbsp; Cl\u00e1r Faisn\u00e9ise nua ina dh\u00e1 chuid le haghaidh TG4 is ea Cumhacht an N\u00e1d\u00fair agus breathna\u00edonn s\u00e9 ar an gcaoi ar thug an n\u00e1d\u00far s\u00f3l\u00e1s do dhaoine le linn na paind\u00e9ime seo agus an bealach a bhf\u00e9adfadh s\u00e9 seo d\u00edosp\u00f3ireacht a [&hellip;]<\/p>\n","protected":false},"author":876,"featured_media":0,"parent":115579,"menu_order":20,"comment_status":"closed","ping_status":"closed","template":"page-templates\/template-pr.php","meta":{"_acf_changed":false,"footnotes":""},"acf":[],"yoast_head":"<!-- This site is optimized with the Yoast SEO plugin v22.6 - https:\/\/yoast.com\/wordpress\/plugins\/seo\/ -->\n<title>Cumhacht an N\u00e1d\u00fair | Preas R\u00e1iteas | TG4<\/title>\n<meta name=\"robots\" content=\"index, follow, max-snippet:-1, max-image-preview:large, max-video-preview:-1\" \/>\n<meta property=\"og:locale\" content=\"en_US\" \/>\n<meta property=\"og:type\" content=\"article\" \/>\n<meta property=\"og:title\" content=\"Cumhacht an N\u00e1d\u00fair | Preas R\u00e1iteas | TG4\" \/>\n<meta property=\"og:description\" content=\"\u00c1 chur i l\u00e1thair ag Darach \u00d3 Murch\u00fa | Sti\u00farth\u00f3ir: Martin Danneels &nbsp; &nbsp; Cl\u00e1r Faisn\u00e9ise nua ina dh\u00e1 chuid le haghaidh TG4 is ea Cumhacht an N\u00e1d\u00fair agus breathna\u00edonn s\u00e9 ar an gcaoi ar thug an n\u00e1d\u00far s\u00f3l\u00e1s do dhaoine le linn na paind\u00e9ime seo agus an bealach a bhf\u00e9adfadh s\u00e9 seo d\u00edosp\u00f3ireacht a [&hellip;]\" \/>\n<meta property=\"og:url\" content=\"https:\/\/dev.tg4.ie\/ga\/eolas\/preas\/nuacht-raitis\/2021-2\/cumhacht-an-naduir\/\" \/>\n<meta property=\"og:site_name\" content=\"TG4\" \/>\n<meta property=\"article:publisher\" content=\"https:\/\/www.facebook.com\/TG4TV\" \/>\n<meta property=\"og:image\" content=\"https:\/\/tg4-docs.s3.amazonaws.com\/tg4-redesign-2015\/wp-content\/uploads\/2021\/02\/Cumhacht_an_Naduir_1_1920x1080.jpg\" \/>\n\t<meta property=\"og:image:width\" content=\"1920\" \/>\n\t<meta property=\"og:image:height\" content=\"1080\" \/>\n\t<meta property=\"og:image:type\" content=\"image\/jpeg\" \/>\n<meta name=\"twitter:card\" content=\"summary_large_image\" \/>\n<meta name=\"twitter:image\" content=\"https:\/\/tg4-docs.s3.amazonaws.com\/tg4-redesign-2015\/wp-content\/uploads\/2021\/02\/Cumhacht_an_Naduir_1_1920x1080.jpg\" \/>\n<meta name=\"twitter:site\" content=\"@TG4TV\" \/>\n<meta name=\"twitter:label1\" content=\"Est. reading time\" \/>\n\t<meta name=\"twitter:data1\" content=\"4 minutes\" \/>\n<script type=\"application\/ld+json\" class=\"yoast-schema-graph\">{\"@context\":\"https:\/\/schema.org\",\"@graph\":[{\"@type\":\"WebPage\",\"@id\":\"https:\/\/dev.tg4.ie\/ga\/eolas\/preas\/nuacht-raitis\/2021-2\/cumhacht-an-naduir\/\",\"url\":\"https:\/\/dev.tg4.ie\/ga\/eolas\/preas\/nuacht-raitis\/2021-2\/cumhacht-an-naduir\/\",\"name\":\"Cumhacht an N\u00e1d\u00fair | Preas R\u00e1iteas | TG4\",\"isPartOf\":{\"@id\":\"https:\/\/dev.tg4.ie\/en\/#website\"},\"primaryImageOfPage\":{\"@id\":\"https:\/\/dev.tg4.ie\/ga\/eolas\/preas\/nuacht-raitis\/2021-2\/cumhacht-an-naduir\/#primaryimage\"},\"image\":{\"@id\":\"https:\/\/dev.tg4.ie\/ga\/eolas\/preas\/nuacht-raitis\/2021-2\/cumhacht-an-naduir\/#primaryimage\"},\"thumbnailUrl\":\"https:\/\/dev.tg4.ie\/wp-content\/uploads\/2021\/02\/Cumhacht_an_Naduir_1_1920x1080.jpg\",\"datePublished\":\"2021-03-12T14:56:08+00:00\",\"dateModified\":\"2021-03-12T14:56:08+00:00\",\"breadcrumb\":{\"@id\":\"https:\/\/dev.tg4.ie\/ga\/eolas\/preas\/nuacht-raitis\/2021-2\/cumhacht-an-naduir\/#breadcrumb\"},\"inLanguage\":\"ga\",\"potentialAction\":[{\"@type\":\"ReadAction\",\"target\":[\"https:\/\/dev.tg4.ie\/ga\/eolas\/preas\/nuacht-raitis\/2021-2\/cumhacht-an-naduir\/\"]}]},{\"@type\":\"ImageObject\",\"inLanguage\":\"ga\",\"@id\":\"https:\/\/dev.tg4.ie\/ga\/eolas\/preas\/nuacht-raitis\/2021-2\/cumhacht-an-naduir\/#primaryimage\",\"url\":\"https:\/\/dev.tg4.ie\/wp-content\/uploads\/2021\/02\/Cumhacht_an_Naduir_1_1920x1080.jpg\",\"contentUrl\":\"https:\/\/dev.tg4.ie\/wp-content\/uploads\/2021\/02\/Cumhacht_an_Naduir_1_1920x1080.jpg\"},{\"@type\":\"BreadcrumbList\",\"@id\":\"https:\/\/dev.tg4.ie\/ga\/eolas\/preas\/nuacht-raitis\/2021-2\/cumhacht-an-naduir\/#breadcrumb\",\"itemListElement\":[{\"@type\":\"ListItem\",\"position\":1,\"name\":\"Home\",\"item\":\"https:\/\/dev.tg4.ie\/ga\/\"},{\"@type\":\"ListItem\",\"position\":2,\"name\":\"Eolas\",\"item\":\"https:\/\/dev.tg4.ie\/ga\/eolas\/\"},{\"@type\":\"ListItem\",\"position\":3,\"name\":\"Preas\",\"item\":\"https:\/\/dev.tg4.ie\/ga\/eolas\/preas\/\"},{\"@type\":\"ListItem\",\"position\":4,\"name\":\"Nuacht R\u00e1itis\",\"item\":\"https:\/\/dev.tg4.ie\/ga\/eolas\/preas\/nuacht-raitis\/\"},{\"@type\":\"ListItem\",\"position\":5,\"name\":\"2021\",\"item\":\"https:\/\/dev.tg4.ie\/ga\/eolas\/preas\/nuacht-raitis\/2021-2\/\"},{\"@type\":\"ListItem\",\"position\":6,\"name\":\"Cumhacht an N\u00e1d\u00fair\"}]},{\"@type\":\"WebSite\",\"@id\":\"https:\/\/dev.tg4.ie\/en\/#website\",\"url\":\"https:\/\/dev.tg4.ie\/en\/\",\"name\":\"TG4\",\"description\":\"S\u00fail Eile\",\"potentialAction\":[{\"@type\":\"SearchAction\",\"target\":{\"@type\":\"EntryPoint\",\"urlTemplate\":\"https:\/\/dev.tg4.ie\/en\/?s={search_term_string}\"},\"query-input\":\"required name=search_term_string\"}],\"inLanguage\":\"ga\"}]}<\/script>\n<!-- \/ Yoast SEO plugin. -->","yoast_head_json":{"title":"Cumhacht an N\u00e1d\u00fair | Preas R\u00e1iteas | TG4","robots":{"index":"index","follow":"follow","max-snippet":"max-snippet:-1","max-image-preview":"max-image-preview:large","max-video-preview":"max-video-preview:-1"},"og_locale":"en_US","og_type":"article","og_title":"Cumhacht an N\u00e1d\u00fair | Preas R\u00e1iteas | TG4","og_description":"\u00c1 chur i l\u00e1thair ag Darach \u00d3 Murch\u00fa | Sti\u00farth\u00f3ir: Martin Danneels &nbsp; &nbsp; Cl\u00e1r Faisn\u00e9ise nua ina dh\u00e1 chuid le haghaidh TG4 is ea Cumhacht an N\u00e1d\u00fair agus breathna\u00edonn s\u00e9 ar an gcaoi ar thug an n\u00e1d\u00far s\u00f3l\u00e1s do dhaoine le linn na paind\u00e9ime seo agus an bealach a bhf\u00e9adfadh s\u00e9 seo d\u00edosp\u00f3ireacht a [&hellip;]","og_url":"https:\/\/dev.tg4.ie\/ga\/eolas\/preas\/nuacht-raitis\/2021-2\/cumhacht-an-naduir\/","og_site_name":"TG4","article_publisher":"https:\/\/www.facebook.com\/TG4TV","og_image":[{"width":1920,"height":1080,"url":"https:\/\/tg4-docs.s3.amazonaws.com\/tg4-redesign-2015\/wp-content\/uploads\/2021\/02\/Cumhacht_an_Naduir_1_1920x1080.jpg","type":"image\/jpeg"}],"twitter_card":"summary_large_image","twitter_image":"https:\/\/tg4-docs.s3.amazonaws.com\/tg4-redesign-2015\/wp-content\/uploads\/2021\/02\/Cumhacht_an_Naduir_1_1920x1080.jpg","twitter_site":"@TG4TV","twitter_misc":{"Est. reading time":"4 minutes"},"schema":{"@context":"https:\/\/schema.org","@graph":[{"@type":"WebPage","@id":"https:\/\/dev.tg4.ie\/ga\/eolas\/preas\/nuacht-raitis\/2021-2\/cumhacht-an-naduir\/","url":"https:\/\/dev.tg4.ie\/ga\/eolas\/preas\/nuacht-raitis\/2021-2\/cumhacht-an-naduir\/","name":"Cumhacht an N\u00e1d\u00fair | Preas R\u00e1iteas | TG4","isPartOf":{"@id":"https:\/\/dev.tg4.ie\/en\/#website"},"primaryImageOfPage":{"@id":"https:\/\/dev.tg4.ie\/ga\/eolas\/preas\/nuacht-raitis\/2021-2\/cumhacht-an-naduir\/#primaryimage"},"image":{"@id":"https:\/\/dev.tg4.ie\/ga\/eolas\/preas\/nuacht-raitis\/2021-2\/cumhacht-an-naduir\/#primaryimage"},"thumbnailUrl":"https:\/\/dev.tg4.ie\/wp-content\/uploads\/2021\/02\/Cumhacht_an_Naduir_1_1920x1080.jpg","datePublished":"2021-03-12T14:56:08+00:00","dateModified":"2021-03-12T14:56:08+00:00","breadcrumb":{"@id":"https:\/\/dev.tg4.ie\/ga\/eolas\/preas\/nuacht-raitis\/2021-2\/cumhacht-an-naduir\/#breadcrumb"},"inLanguage":"ga","potentialAction":[{"@type":"ReadAction","target":["https:\/\/dev.tg4.ie\/ga\/eolas\/preas\/nuacht-raitis\/2021-2\/cumhacht-an-naduir\/"]}]},{"@type":"ImageObject","inLanguage":"ga","@id":"https:\/\/dev.tg4.ie\/ga\/eolas\/preas\/nuacht-raitis\/2021-2\/cumhacht-an-naduir\/#primaryimage","url":"https:\/\/dev.tg4.ie\/wp-content\/uploads\/2021\/02\/Cumhacht_an_Naduir_1_1920x1080.jpg","contentUrl":"https:\/\/dev.tg4.ie\/wp-content\/uploads\/2021\/02\/Cumhacht_an_Naduir_1_1920x1080.jpg"},{"@type":"BreadcrumbList","@id":"https:\/\/dev.tg4.ie\/ga\/eolas\/preas\/nuacht-raitis\/2021-2\/cumhacht-an-naduir\/#breadcrumb","itemListElement":[{"@type":"ListItem","position":1,"name":"Home","item":"https:\/\/dev.tg4.ie\/ga\/"},{"@type":"ListItem","position":2,"name":"Eolas","item":"https:\/\/dev.tg4.ie\/ga\/eolas\/"},{"@type":"ListItem","position":3,"name":"Preas","item":"https:\/\/dev.tg4.ie\/ga\/eolas\/preas\/"},{"@type":"ListItem","position":4,"name":"Nuacht R\u00e1itis","item":"https:\/\/dev.tg4.ie\/ga\/eolas\/preas\/nuacht-raitis\/"},{"@type":"ListItem","position":5,"name":"2021","item":"https:\/\/dev.tg4.ie\/ga\/eolas\/preas\/nuacht-raitis\/2021-2\/"},{"@type":"ListItem","position":6,"name":"Cumhacht an N\u00e1d\u00fair"}]},{"@type":"WebSite","@id":"https:\/\/dev.tg4.ie\/en\/#website","url":"https:\/\/dev.tg4.ie\/en\/","name":"TG4","description":"S\u00fail Eile","potentialAction":[{"@type":"SearchAction","target":{"@type":"EntryPoint","urlTemplate":"https:\/\/dev.tg4.ie\/en\/?s={search_term_string}"},"query-input":"required name=search_term_string"}],"inLanguage":"ga"}]}},"_links":{"self":[{"href":"https:\/\/dev.tg4.ie\/ga\/wp-json\/wp\/v2\/pages\/116317"}],"collection":[{"href":"https:\/\/dev.tg4.ie\/ga\/wp-json\/wp\/v2\/pages"}],"about":[{"href":"https:\/\/dev.tg4.ie\/ga\/wp-json\/wp\/v2\/types\/page"}],"author":[{"embeddable":true,"href":"https:\/\/dev.tg4.ie\/ga\/wp-json\/wp\/v2\/users\/876"}],"replies":[{"embeddable":true,"href":"https:\/\/dev.tg4.ie\/ga\/wp-json\/wp\/v2\/comments?post=116317"}],"version-history":[{"count":0,"href":"https:\/\/dev.tg4.ie\/ga\/wp-json\/wp\/v2\/pages\/116317\/revisions"}],"up":[{"embeddable":true,"href":"https:\/\/dev.tg4.ie\/ga\/wp-json\/wp\/v2\/pages\/115579"}],"wp:attachment":[{"href":"https:\/\/dev.tg4.ie\/ga\/wp-json\/wp\/v2\/media?parent=116317"}],"curies":[{"name":"wp","href":"https:\/\/api.w.org\/{rel}","templated":true}]}}