{"id":116762,"date":"2021-03-16T16:17:04","date_gmt":"2021-03-16T16:17:04","guid":{"rendered":"https:\/\/dev.tg4.ie\/?page_id=116762"},"modified":"2021-03-16T16:17:04","modified_gmt":"2021-03-16T16:17:04","slug":"cod-cleachtais-coirthradala-comhaontaithe-ag-tg4-agus-leiritheoiri-scaileain-na-heireann-den-chead-uair","status":"publish","type":"page","link":"https:\/\/dev.tg4.ie\/ga\/eolas\/preas\/nuacht-raitis\/2021-2\/cod-cleachtais-coirthradala-comhaontaithe-ag-tg4-agus-leiritheoiri-scaileain-na-heireann-den-chead-uair\/","title":{"rendered":"C\u00f3d Cleachtais C\u00f3irthr\u00e1d\u00e1la comhaontaithe ag TG4 agus L\u00e9iritheoir\u00ed Sc\u00e1ile\u00e1in na h\u00c9ireann den ch\u00e9ad uair"},"content":{"rendered":"<p><a href=\"https:\/\/tg4-docs.s3.amazonaws.com\/tg4-redesign-2015\/wp-content\/uploads\/2021\/03\/TG4_Foirgneamh_2021_1_1920x1080.jpg\"><img loading=\"lazy\" decoding=\"async\" width=\"1920\" height=\"1080\" src=\"https:\/\/tg4-docs.s3.amazonaws.com\/tg4-redesign-2015\/wp-content\/uploads\/2021\/03\/TG4_Foirgneamh_2021_1_1920x1080.jpg\" alt=\"\" class=\"aligncenter size-full wp-image-116764\" srcset=\"https:\/\/tg4-docs.s3.amazonaws.com\/tg4-redesign-2015\/wp-content\/uploads\/2021\/03\/TG4_Foirgneamh_2021_1_1920x1080.jpg 1920w, https:\/\/tg4-docs.s3.amazonaws.com\/tg4-redesign-2015\/wp-content\/uploads\/2021\/03\/TG4_Foirgneamh_2021_1_1920x1080-250x141.jpg 250w, https:\/\/tg4-docs.s3.amazonaws.com\/tg4-redesign-2015\/wp-content\/uploads\/2021\/03\/TG4_Foirgneamh_2021_1_1920x1080-700x394.jpg 700w, https:\/\/tg4-docs.s3.amazonaws.com\/tg4-redesign-2015\/wp-content\/uploads\/2021\/03\/TG4_Foirgneamh_2021_1_1920x1080-252x141.jpg 252w, https:\/\/tg4-docs.s3.amazonaws.com\/tg4-redesign-2015\/wp-content\/uploads\/2021\/03\/TG4_Foirgneamh_2021_1_1920x1080-1536x864.jpg 1536w, https:\/\/tg4-docs.s3.amazonaws.com\/tg4-redesign-2015\/wp-content\/uploads\/2021\/03\/TG4_Foirgneamh_2021_1_1920x1080-120x68.jpg 120w\" sizes=\"(max-width: 1920px) 100vw, 1920px\" \/><\/a><br \/>\n&nbsp;<\/p>\n<div style=\"position: relative; overflow: auto; width: 100%; padding-bottom: 56.25%;\"><iframe loading=\"lazy\" src=\"https:\/\/www.youtube.com\/embed\/np9v8ub47A0\" width=\"100%\" height=\"100%\" frameborder=\"0\" scrolling=\"no\" allowFullscreen=\"true\" style=\"position: absolute; top: 0px; display: block;\"><\/iframe><\/div>\n<p>&nbsp;<br \/>\nT\u00e1 s\u00e9 f\u00f3gartha ag TG4 agus ag L\u00e9iritheoir\u00ed Sc\u00e1ile\u00e1n na h\u00c9ireann inniu go bhfuil C\u00f3d Cleachtais C\u00f3irthr\u00e1d\u00e1la comhaontaithe idir an d\u00e1 ph\u00e1irt\u00ed.   Faoi Alt 112 (1) den Acht Craolach\u00e1in 2009, ceangla\u00edtear ar TG4 C\u00f3d Cleachtais C\u00f3irthr\u00e1d\u00e1la a bheith aige ina leagtar amach na prionsabail a mbeidh feidhm acu nuair at\u00e1 bun\u00e1bhar cl\u00e1r \u00f3 l\u00e9iritheoir\u00ed neamhsple\u00e1cha \u00e1 choimisi\u00fan\u00fa.  Is \u00e9 seo an ch\u00e9ad chomhaont\u00fa d\u00e1 leith\u00e9id idir L\u00e9iritheoir\u00ed Sc\u00e1ile\u00e1in na h\u00c9ireann agus TG4.<br \/>\n&nbsp;<\/p>\n<p>Is ionann branda TG4 agus a r\u00e1 go bhfuil \u00e1bhar l\u00e1idir cruthaitheach Gaeilge ann.  T\u00e1 earn\u00e1il na l\u00e9iri\u00fach\u00e1n neamhsple\u00e1ch a fhorbairt agus a neart\u00fa l\u00e1rnach i strait\u00e9is c\u00faig bliana TG4.  Tr\u00ed chomhph\u00e1irt\u00edocht leis an earn\u00e1il f\u00edse agus fuaime, cuireann TG4 ar chumas l\u00e9iritheoir\u00ed \u00e1bhar de scoth an domhain a chruth\u00fa agus tac\u00fa le f\u00e1s eacnama\u00edoch in \u00c9irinn.  F\u00e1ilt\u00edonn TG4 roimh an gcur chuige comhph\u00e1irt\u00edochta seo le L\u00e9iritheoir\u00ed Sc\u00e1ile\u00e1in na h\u00c9ireann mar bhealach lena chinnti\u00fa go gcuirtear cl\u00e1racha d&#8217;ardchaighde\u00e1n ar f\u00e1il do lucht f\u00e9achana TG4 anseo sa bhaile agus thar lear agus lena chinnti\u00fa chomh maith go leagtar amach cleachtais tr\u00e1d\u00e1la ina mbaintear an \u00fas\u00e1id is \u00e9ifeachta\u00ed agus is f\u00e9idir as airgead poibl\u00ed.<br \/>\n&nbsp;<\/p>\n<p>T\u00e1 an C\u00f3d Cleachtais C\u00f3irthr\u00e1d\u00e1la ceadaithe ag an BAI agus ag Catherine Martin, an tAire Turas\u00f3ireachta, Cult\u00fair, Eala\u00edon, Gaeltachta, Sp\u00f3irt agus Me\u00e1n.<br \/>\n&nbsp;<br \/>\n\u00c1ir\u00edtear ar na pr\u00edomhphoint\u00ed a comhaonta\u00edodh sa C\u00f3d Cleachtais C\u00f3irthr\u00e1d\u00e1la:<\/p>\n<ul>\n<li>Coinneoidh cuideachta\u00ed l\u00e9iri\u00fach\u00e1in an c\u00f3ipcheart chomh maith leis na cearta d\u00e1ileach\u00e1in maidir le cl\u00e1racha a l\u00e9ir\u00edtear do TG4.<\/li>\n<li>Beidh cearta ilard\u00e1in ag TG4 i nd\u00e1il le cl\u00e1racha a choimisi\u00fana\u00edtear ar feadh tr\u00e9imhse 5 bliana.<\/li>\n<li>Beidh an ch\u00e9ad rogha ag TG4 cead\u00fanas a fh\u00e1il ar\u00eds maidir leis na cearta Ilard\u00e1in go ceann 5 bliana eile nuair a bheidh t\u00e1ille breise \u00edoctha leis an L\u00e9iritheoir. <\/li>\n<li>Cuirfidh TG4 na cl\u00e1racha ar f\u00e1il ar ard\u00e1in \u00e9ags\u00fala agus ar sheinnteoir TG4 ar fud an domhain chun aitheantas a thabhairt do r\u00f3l TG4 mar sheirbh\u00eds Ghaeilge dhomhanda. <\/li>\n<li>Roinnfear an brab\u00fas d\u00e1ileach\u00e1in idir TG4 agus an chuideachta l\u00e9iri\u00fach\u00e1in.<\/li>\n<\/ul>\n<p>&nbsp;<br \/>\nChuir an <strong>tAire Catherine Martin<\/strong> f\u00e1ilte roimh an bhf\u00f3gra agus d\u00fairt <em>&#8220;Sol\u00e1thr\u00f3idh an comhaont\u00fa seo an bhunchloch don chomhoibri\u00fa lean\u00fanach idir TG4 agus an earn\u00e1il neamhsple\u00e1ch chlosamhairc lena chinnti\u00fa go mbeidh teacht ag lucht f\u00e9achana na h\u00c9ireann ar \u00e1bhar Gaeilge d&#8217;ardchaighde\u00e1n agus go mbeidh taca\u00edocht lean\u00fanach ann do phoist san earn\u00e1il sin go h\u00e1irithe sna r\u00e9igi\u00fain.&#8221;<\/em><br \/>\n&nbsp;<br \/>\nIs \u00e9ard a d\u00fairt <strong>Ard-Sti\u00farth\u00f3ir TG4 Alan Esslemont<\/strong>, <em>&#8220;T\u00e1 TG4 tugtha go hioml\u00e1n d&#8217;oibri\u00fa ar bhealach cothrom chun tac\u00fa le forbairt agus m\u00e9id na hearn\u00e1la closamhairc.   Mar Fhoilsitheoir \/ Craolt\u00f3ir, creideann TG4 sa chomhluach ollmh\u00f3r a chrutha\u00edtear tr\u00edna chomhph\u00e1irt\u00edocht shiomb\u00f3isiach leis an earn\u00e1il l\u00e9iri\u00fach\u00e1n neamhsple\u00e1ch.   Is gealltanas at\u00e1 sa Ch\u00f3d Cleachtais C\u00f3irthr\u00e1d\u00e1la seo le L\u00e9iritheoir\u00ed Sc\u00e1ile\u00e1in na h\u00c9ireann oibri\u00fa leis an earn\u00e1il ar bhealach at\u00e1 c\u00f3ir agus ionraic.  Ba mhaith liom mo bhu\u00edochas a chur in i\u00fal do gach p\u00e1irt\u00ed i TG4 agus in SPI i nd\u00e1il leis an gcomhaont\u00fa seo a chur i bhfeidhm.&#8221;<\/em><br \/>\n&nbsp;<br \/>\nD\u00fairt <strong>Susan Kirby, Pr\u00edomhfheidhmeannach L\u00e9iritheoir\u00ed Sc\u00e1ile\u00e1in na h\u00c9ireann<\/strong>, <em>&#8220;Beidh tr\u00e9dhearcacht agus cothromas n\u00edos fearr ann i nd\u00e1il leis an gcaidreamh at\u00e1 idir l\u00e9iritheoir\u00ed neamhsple\u00e1cha Gaeilge agus an craolt\u00f3ir mar gheall ar na T\u00e9arma\u00ed Tr\u00e1d\u00e1la nua seo idir SPI agus TG4. Rachaidh sin chun leasa cruth\u00fa \u00e1bhair agus inbhuanaitheacht agus fhor\u00e1s earn\u00e1il na Gaeilge. Crutha\u00edonn \u00e1r gcuid l\u00e9iritheoir\u00ed \u00e1bhar ar ardchaighde\u00e1n a mb\u00edonn lucht f\u00e9achana TG4 ag s\u00fail leis agus t\u00e1imidne ag iarraidh tac\u00fa leis an m\u00e9ad\u00fa lean\u00fanach at\u00e1 ar a chuid lucht f\u00e9achana ar gach ard\u00e1n. D\u00e9anfaidh Coiste nuachruthaithe Gaeilge an SPI monat\u00f3ireacht chomh maith ar chur i bhfeidhm na dT\u00e9arma\u00ed Tr\u00e1d\u00e1la lena chinnti\u00fa go bhfuil gach p\u00e1irt\u00ed s\u00e1sta leis an tsl\u00ed at\u00e1thar ag cur an ch\u00f3id i bhfeidhm.&#8221; <\/em><\/p>\n<p>&nbsp;<br \/>\n&nbsp;<br \/>\n&nbsp;<\/p>\n","protected":false},"excerpt":{"rendered":"<p>&nbsp; &nbsp; T\u00e1 s\u00e9 f\u00f3gartha ag TG4 agus ag L\u00e9iritheoir\u00ed Sc\u00e1ile\u00e1n na h\u00c9ireann inniu go bhfuil C\u00f3d Cleachtais C\u00f3irthr\u00e1d\u00e1la comhaontaithe idir an d\u00e1 ph\u00e1irt\u00ed. Faoi Alt 112 (1) den Acht Craolach\u00e1in 2009, ceangla\u00edtear ar TG4 C\u00f3d Cleachtais C\u00f3irthr\u00e1d\u00e1la a bheith aige ina leagtar amach na prionsabail a mbeidh feidhm acu nuair at\u00e1 bun\u00e1bhar cl\u00e1r \u00f3 [&hellip;]<\/p>\n","protected":false},"author":876,"featured_media":0,"parent":115579,"menu_order":21,"comment_status":"closed","ping_status":"closed","template":"page-templates\/template-pr.php","meta":{"_acf_changed":false,"footnotes":""},"acf":[],"yoast_head":"<!-- This site is optimized with the Yoast SEO plugin v22.6 - https:\/\/yoast.com\/wordpress\/plugins\/seo\/ -->\n<title>C\u00f3d Cleachtais C\u00f3irthr\u00e1d\u00e1la comhaontaithe ag TG4 agus L\u00e9iritheoir\u00ed Sc\u00e1ile\u00e1in na h\u00c9ireann den ch\u00e9ad uair | Preas R\u00e1iteas | TG4<\/title>\n<meta name=\"robots\" content=\"index, follow, max-snippet:-1, max-image-preview:large, max-video-preview:-1\" \/>\n<meta property=\"og:locale\" content=\"en_US\" \/>\n<meta property=\"og:type\" content=\"article\" \/>\n<meta property=\"og:title\" content=\"C\u00f3d Cleachtais C\u00f3irthr\u00e1d\u00e1la comhaontaithe ag TG4 agus L\u00e9iritheoir\u00ed Sc\u00e1ile\u00e1in na h\u00c9ireann den ch\u00e9ad uair | Preas R\u00e1iteas | TG4\" \/>\n<meta property=\"og:description\" content=\"&nbsp; &nbsp; T\u00e1 s\u00e9 f\u00f3gartha ag TG4 agus ag L\u00e9iritheoir\u00ed Sc\u00e1ile\u00e1n na h\u00c9ireann inniu go bhfuil C\u00f3d Cleachtais C\u00f3irthr\u00e1d\u00e1la comhaontaithe idir an d\u00e1 ph\u00e1irt\u00ed. Faoi Alt 112 (1) den Acht Craolach\u00e1in 2009, ceangla\u00edtear ar TG4 C\u00f3d Cleachtais C\u00f3irthr\u00e1d\u00e1la a bheith aige ina leagtar amach na prionsabail a mbeidh feidhm acu nuair at\u00e1 bun\u00e1bhar cl\u00e1r \u00f3 [&hellip;]\" \/>\n<meta property=\"og:url\" content=\"https:\/\/dev.tg4.ie\/ga\/eolas\/preas\/nuacht-raitis\/2021-2\/cod-cleachtais-coirthradala-comhaontaithe-ag-tg4-agus-leiritheoiri-scaileain-na-heireann-den-chead-uair\/\" \/>\n<meta property=\"og:site_name\" content=\"TG4\" \/>\n<meta property=\"article:publisher\" content=\"https:\/\/www.facebook.com\/TG4TV\" \/>\n<meta property=\"og:image\" content=\"https:\/\/tg4-docs.s3.amazonaws.com\/tg4-redesign-2015\/wp-content\/uploads\/2021\/03\/TG4_Foirgneamh_2021_1_1920x1080.jpg\" \/>\n\t<meta property=\"og:image:width\" content=\"1920\" \/>\n\t<meta property=\"og:image:height\" content=\"1080\" \/>\n\t<meta property=\"og:image:type\" content=\"image\/jpeg\" \/>\n<meta name=\"twitter:card\" content=\"summary_large_image\" \/>\n<meta name=\"twitter:image\" content=\"https:\/\/tg4-docs.s3.amazonaws.com\/tg4-redesign-2015\/wp-content\/uploads\/2021\/03\/TG4_Foirgneamh_2021_1_1920x1080.jpg\" \/>\n<meta name=\"twitter:site\" content=\"@TG4TV\" \/>\n<meta name=\"twitter:label1\" content=\"Est. reading time\" \/>\n\t<meta name=\"twitter:data1\" content=\"4 minutes\" \/>\n<script type=\"application\/ld+json\" class=\"yoast-schema-graph\">{\"@context\":\"https:\/\/schema.org\",\"@graph\":[{\"@type\":\"WebPage\",\"@id\":\"https:\/\/dev.tg4.ie\/ga\/eolas\/preas\/nuacht-raitis\/2021-2\/cod-cleachtais-coirthradala-comhaontaithe-ag-tg4-agus-leiritheoiri-scaileain-na-heireann-den-chead-uair\/\",\"url\":\"https:\/\/dev.tg4.ie\/ga\/eolas\/preas\/nuacht-raitis\/2021-2\/cod-cleachtais-coirthradala-comhaontaithe-ag-tg4-agus-leiritheoiri-scaileain-na-heireann-den-chead-uair\/\",\"name\":\"C\u00f3d Cleachtais C\u00f3irthr\u00e1d\u00e1la comhaontaithe ag TG4 agus L\u00e9iritheoir\u00ed Sc\u00e1ile\u00e1in na h\u00c9ireann den ch\u00e9ad uair | Preas R\u00e1iteas | TG4\",\"isPartOf\":{\"@id\":\"https:\/\/dev.tg4.ie\/en\/#website\"},\"primaryImageOfPage\":{\"@id\":\"https:\/\/dev.tg4.ie\/ga\/eolas\/preas\/nuacht-raitis\/2021-2\/cod-cleachtais-coirthradala-comhaontaithe-ag-tg4-agus-leiritheoiri-scaileain-na-heireann-den-chead-uair\/#primaryimage\"},\"image\":{\"@id\":\"https:\/\/dev.tg4.ie\/ga\/eolas\/preas\/nuacht-raitis\/2021-2\/cod-cleachtais-coirthradala-comhaontaithe-ag-tg4-agus-leiritheoiri-scaileain-na-heireann-den-chead-uair\/#primaryimage\"},\"thumbnailUrl\":\"https:\/\/dev.tg4.ie\/wp-content\/uploads\/2021\/03\/TG4_Foirgneamh_2021_1_1920x1080.jpg\",\"datePublished\":\"2021-03-16T16:17:04+00:00\",\"dateModified\":\"2021-03-16T16:17:04+00:00\",\"breadcrumb\":{\"@id\":\"https:\/\/dev.tg4.ie\/ga\/eolas\/preas\/nuacht-raitis\/2021-2\/cod-cleachtais-coirthradala-comhaontaithe-ag-tg4-agus-leiritheoiri-scaileain-na-heireann-den-chead-uair\/#breadcrumb\"},\"inLanguage\":\"ga\",\"potentialAction\":[{\"@type\":\"ReadAction\",\"target\":[\"https:\/\/dev.tg4.ie\/ga\/eolas\/preas\/nuacht-raitis\/2021-2\/cod-cleachtais-coirthradala-comhaontaithe-ag-tg4-agus-leiritheoiri-scaileain-na-heireann-den-chead-uair\/\"]}]},{\"@type\":\"ImageObject\",\"inLanguage\":\"ga\",\"@id\":\"https:\/\/dev.tg4.ie\/ga\/eolas\/preas\/nuacht-raitis\/2021-2\/cod-cleachtais-coirthradala-comhaontaithe-ag-tg4-agus-leiritheoiri-scaileain-na-heireann-den-chead-uair\/#primaryimage\",\"url\":\"https:\/\/dev.tg4.ie\/wp-content\/uploads\/2021\/03\/TG4_Foirgneamh_2021_1_1920x1080.jpg\",\"contentUrl\":\"https:\/\/dev.tg4.ie\/wp-content\/uploads\/2021\/03\/TG4_Foirgneamh_2021_1_1920x1080.jpg\"},{\"@type\":\"BreadcrumbList\",\"@id\":\"https:\/\/dev.tg4.ie\/ga\/eolas\/preas\/nuacht-raitis\/2021-2\/cod-cleachtais-coirthradala-comhaontaithe-ag-tg4-agus-leiritheoiri-scaileain-na-heireann-den-chead-uair\/#breadcrumb\",\"itemListElement\":[{\"@type\":\"ListItem\",\"position\":1,\"name\":\"Home\",\"item\":\"https:\/\/dev.tg4.ie\/ga\/\"},{\"@type\":\"ListItem\",\"position\":2,\"name\":\"Eolas\",\"item\":\"https:\/\/dev.tg4.ie\/ga\/eolas\/\"},{\"@type\":\"ListItem\",\"position\":3,\"name\":\"Preas\",\"item\":\"https:\/\/dev.tg4.ie\/ga\/eolas\/preas\/\"},{\"@type\":\"ListItem\",\"position\":4,\"name\":\"Nuacht R\u00e1itis\",\"item\":\"https:\/\/dev.tg4.ie\/ga\/eolas\/preas\/nuacht-raitis\/\"},{\"@type\":\"ListItem\",\"position\":5,\"name\":\"2021\",\"item\":\"https:\/\/dev.tg4.ie\/ga\/eolas\/preas\/nuacht-raitis\/2021-2\/\"},{\"@type\":\"ListItem\",\"position\":6,\"name\":\"C\u00f3d Cleachtais C\u00f3irthr\u00e1d\u00e1la comhaontaithe ag TG4 agus L\u00e9iritheoir\u00ed Sc\u00e1ile\u00e1in na h\u00c9ireann den ch\u00e9ad uair\"}]},{\"@type\":\"WebSite\",\"@id\":\"https:\/\/dev.tg4.ie\/en\/#website\",\"url\":\"https:\/\/dev.tg4.ie\/en\/\",\"name\":\"TG4\",\"description\":\"S\u00fail Eile\",\"potentialAction\":[{\"@type\":\"SearchAction\",\"target\":{\"@type\":\"EntryPoint\",\"urlTemplate\":\"https:\/\/dev.tg4.ie\/en\/?s={search_term_string}\"},\"query-input\":\"required name=search_term_string\"}],\"inLanguage\":\"ga\"}]}<\/script>\n<!-- \/ Yoast SEO plugin. -->","yoast_head_json":{"title":"C\u00f3d Cleachtais C\u00f3irthr\u00e1d\u00e1la comhaontaithe ag TG4 agus L\u00e9iritheoir\u00ed Sc\u00e1ile\u00e1in na h\u00c9ireann den ch\u00e9ad uair | Preas R\u00e1iteas | TG4","robots":{"index":"index","follow":"follow","max-snippet":"max-snippet:-1","max-image-preview":"max-image-preview:large","max-video-preview":"max-video-preview:-1"},"og_locale":"en_US","og_type":"article","og_title":"C\u00f3d Cleachtais C\u00f3irthr\u00e1d\u00e1la comhaontaithe ag TG4 agus L\u00e9iritheoir\u00ed Sc\u00e1ile\u00e1in na h\u00c9ireann den ch\u00e9ad uair | Preas R\u00e1iteas | TG4","og_description":"&nbsp; &nbsp; T\u00e1 s\u00e9 f\u00f3gartha ag TG4 agus ag L\u00e9iritheoir\u00ed Sc\u00e1ile\u00e1n na h\u00c9ireann inniu go bhfuil C\u00f3d Cleachtais C\u00f3irthr\u00e1d\u00e1la comhaontaithe idir an d\u00e1 ph\u00e1irt\u00ed. Faoi Alt 112 (1) den Acht Craolach\u00e1in 2009, ceangla\u00edtear ar TG4 C\u00f3d Cleachtais C\u00f3irthr\u00e1d\u00e1la a bheith aige ina leagtar amach na prionsabail a mbeidh feidhm acu nuair at\u00e1 bun\u00e1bhar cl\u00e1r \u00f3 [&hellip;]","og_url":"https:\/\/dev.tg4.ie\/ga\/eolas\/preas\/nuacht-raitis\/2021-2\/cod-cleachtais-coirthradala-comhaontaithe-ag-tg4-agus-leiritheoiri-scaileain-na-heireann-den-chead-uair\/","og_site_name":"TG4","article_publisher":"https:\/\/www.facebook.com\/TG4TV","og_image":[{"width":1920,"height":1080,"url":"https:\/\/tg4-docs.s3.amazonaws.com\/tg4-redesign-2015\/wp-content\/uploads\/2021\/03\/TG4_Foirgneamh_2021_1_1920x1080.jpg","type":"image\/jpeg"}],"twitter_card":"summary_large_image","twitter_image":"https:\/\/tg4-docs.s3.amazonaws.com\/tg4-redesign-2015\/wp-content\/uploads\/2021\/03\/TG4_Foirgneamh_2021_1_1920x1080.jpg","twitter_site":"@TG4TV","twitter_misc":{"Est. reading time":"4 minutes"},"schema":{"@context":"https:\/\/schema.org","@graph":[{"@type":"WebPage","@id":"https:\/\/dev.tg4.ie\/ga\/eolas\/preas\/nuacht-raitis\/2021-2\/cod-cleachtais-coirthradala-comhaontaithe-ag-tg4-agus-leiritheoiri-scaileain-na-heireann-den-chead-uair\/","url":"https:\/\/dev.tg4.ie\/ga\/eolas\/preas\/nuacht-raitis\/2021-2\/cod-cleachtais-coirthradala-comhaontaithe-ag-tg4-agus-leiritheoiri-scaileain-na-heireann-den-chead-uair\/","name":"C\u00f3d Cleachtais C\u00f3irthr\u00e1d\u00e1la comhaontaithe ag TG4 agus L\u00e9iritheoir\u00ed Sc\u00e1ile\u00e1in na h\u00c9ireann den ch\u00e9ad uair | Preas R\u00e1iteas | TG4","isPartOf":{"@id":"https:\/\/dev.tg4.ie\/en\/#website"},"primaryImageOfPage":{"@id":"https:\/\/dev.tg4.ie\/ga\/eolas\/preas\/nuacht-raitis\/2021-2\/cod-cleachtais-coirthradala-comhaontaithe-ag-tg4-agus-leiritheoiri-scaileain-na-heireann-den-chead-uair\/#primaryimage"},"image":{"@id":"https:\/\/dev.tg4.ie\/ga\/eolas\/preas\/nuacht-raitis\/2021-2\/cod-cleachtais-coirthradala-comhaontaithe-ag-tg4-agus-leiritheoiri-scaileain-na-heireann-den-chead-uair\/#primaryimage"},"thumbnailUrl":"https:\/\/dev.tg4.ie\/wp-content\/uploads\/2021\/03\/TG4_Foirgneamh_2021_1_1920x1080.jpg","datePublished":"2021-03-16T16:17:04+00:00","dateModified":"2021-03-16T16:17:04+00:00","breadcrumb":{"@id":"https:\/\/dev.tg4.ie\/ga\/eolas\/preas\/nuacht-raitis\/2021-2\/cod-cleachtais-coirthradala-comhaontaithe-ag-tg4-agus-leiritheoiri-scaileain-na-heireann-den-chead-uair\/#breadcrumb"},"inLanguage":"ga","potentialAction":[{"@type":"ReadAction","target":["https:\/\/dev.tg4.ie\/ga\/eolas\/preas\/nuacht-raitis\/2021-2\/cod-cleachtais-coirthradala-comhaontaithe-ag-tg4-agus-leiritheoiri-scaileain-na-heireann-den-chead-uair\/"]}]},{"@type":"ImageObject","inLanguage":"ga","@id":"https:\/\/dev.tg4.ie\/ga\/eolas\/preas\/nuacht-raitis\/2021-2\/cod-cleachtais-coirthradala-comhaontaithe-ag-tg4-agus-leiritheoiri-scaileain-na-heireann-den-chead-uair\/#primaryimage","url":"https:\/\/dev.tg4.ie\/wp-content\/uploads\/2021\/03\/TG4_Foirgneamh_2021_1_1920x1080.jpg","contentUrl":"https:\/\/dev.tg4.ie\/wp-content\/uploads\/2021\/03\/TG4_Foirgneamh_2021_1_1920x1080.jpg"},{"@type":"BreadcrumbList","@id":"https:\/\/dev.tg4.ie\/ga\/eolas\/preas\/nuacht-raitis\/2021-2\/cod-cleachtais-coirthradala-comhaontaithe-ag-tg4-agus-leiritheoiri-scaileain-na-heireann-den-chead-uair\/#breadcrumb","itemListElement":[{"@type":"ListItem","position":1,"name":"Home","item":"https:\/\/dev.tg4.ie\/ga\/"},{"@type":"ListItem","position":2,"name":"Eolas","item":"https:\/\/dev.tg4.ie\/ga\/eolas\/"},{"@type":"ListItem","position":3,"name":"Preas","item":"https:\/\/dev.tg4.ie\/ga\/eolas\/preas\/"},{"@type":"ListItem","position":4,"name":"Nuacht R\u00e1itis","item":"https:\/\/dev.tg4.ie\/ga\/eolas\/preas\/nuacht-raitis\/"},{"@type":"ListItem","position":5,"name":"2021","item":"https:\/\/dev.tg4.ie\/ga\/eolas\/preas\/nuacht-raitis\/2021-2\/"},{"@type":"ListItem","position":6,"name":"C\u00f3d Cleachtais C\u00f3irthr\u00e1d\u00e1la comhaontaithe ag TG4 agus L\u00e9iritheoir\u00ed Sc\u00e1ile\u00e1in na h\u00c9ireann den ch\u00e9ad uair"}]},{"@type":"WebSite","@id":"https:\/\/dev.tg4.ie\/en\/#website","url":"https:\/\/dev.tg4.ie\/en\/","name":"TG4","description":"S\u00fail Eile","potentialAction":[{"@type":"SearchAction","target":{"@type":"EntryPoint","urlTemplate":"https:\/\/dev.tg4.ie\/en\/?s={search_term_string}"},"query-input":"required name=search_term_string"}],"inLanguage":"ga"}]}},"_links":{"self":[{"href":"https:\/\/dev.tg4.ie\/ga\/wp-json\/wp\/v2\/pages\/116762"}],"collection":[{"href":"https:\/\/dev.tg4.ie\/ga\/wp-json\/wp\/v2\/pages"}],"about":[{"href":"https:\/\/dev.tg4.ie\/ga\/wp-json\/wp\/v2\/types\/page"}],"author":[{"embeddable":true,"href":"https:\/\/dev.tg4.ie\/ga\/wp-json\/wp\/v2\/users\/876"}],"replies":[{"embeddable":true,"href":"https:\/\/dev.tg4.ie\/ga\/wp-json\/wp\/v2\/comments?post=116762"}],"version-history":[{"count":0,"href":"https:\/\/dev.tg4.ie\/ga\/wp-json\/wp\/v2\/pages\/116762\/revisions"}],"up":[{"embeddable":true,"href":"https:\/\/dev.tg4.ie\/ga\/wp-json\/wp\/v2\/pages\/115579"}],"wp:attachment":[{"href":"https:\/\/dev.tg4.ie\/ga\/wp-json\/wp\/v2\/media?parent=116762"}],"curies":[{"name":"wp","href":"https:\/\/api.w.org\/{rel}","templated":true}]}}