{"id":118687,"date":"2021-04-27T12:30:56","date_gmt":"2021-04-27T11:30:56","guid":{"rendered":"https:\/\/dev.tg4.ie\/?page_id=118687"},"modified":"2021-04-27T12:30:56","modified_gmt":"2021-04-27T11:30:56","slug":"gaa-beo-ar-ais-go-luath-le-sraitheanna-iomana-agus-peile-allianz","status":"publish","type":"page","link":"https:\/\/dev.tg4.ie\/ga\/eolas\/preas\/nuacht-raitis\/2021-2\/gaa-beo-ar-ais-go-luath-le-sraitheanna-iomana-agus-peile-allianz\/","title":{"rendered":"GAA Beo ar ais go luath le sraitheanna iom\u00e1na agus peile Allianz"},"content":{"rendered":"<p><a href=\"https:\/\/tg4-docs.s3.amazonaws.com\/tg4-redesign-2015\/wp-content\/uploads\/2019\/12\/GAA_Beo_O_Domhnaill_Tyers.jpg\"><img loading=\"lazy\" decoding=\"async\" width=\"1920\" height=\"1080\" src=\"https:\/\/tg4-docs.s3.amazonaws.com\/tg4-redesign-2015\/wp-content\/uploads\/2019\/12\/GAA_Beo_O_Domhnaill_Tyers.jpg\" alt=\"\" class=\"aligncenter size-full wp-image-111189\" srcset=\"https:\/\/tg4-docs.s3.amazonaws.com\/tg4-redesign-2015\/wp-content\/uploads\/2019\/12\/GAA_Beo_O_Domhnaill_Tyers.jpg 1920w, https:\/\/tg4-docs.s3.amazonaws.com\/tg4-redesign-2015\/wp-content\/uploads\/2019\/12\/GAA_Beo_O_Domhnaill_Tyers-250x141.jpg 250w, https:\/\/tg4-docs.s3.amazonaws.com\/tg4-redesign-2015\/wp-content\/uploads\/2019\/12\/GAA_Beo_O_Domhnaill_Tyers-700x394.jpg 700w, https:\/\/tg4-docs.s3.amazonaws.com\/tg4-redesign-2015\/wp-content\/uploads\/2019\/12\/GAA_Beo_O_Domhnaill_Tyers-252x141.jpg 252w, https:\/\/tg4-docs.s3.amazonaws.com\/tg4-redesign-2015\/wp-content\/uploads\/2019\/12\/GAA_Beo_O_Domhnaill_Tyers-1536x864.jpg 1536w, https:\/\/tg4-docs.s3.amazonaws.com\/tg4-redesign-2015\/wp-content\/uploads\/2019\/12\/GAA_Beo_O_Domhnaill_Tyers-120x68.jpg 120w\" sizes=\"(max-width: 1920px) 100vw, 1920px\" \/><\/a><br \/>\n&nbsp;<br \/>\n<center>T\u00e1 rim\u00e9ad ar TG4 an sceideal a fh\u00f3gairt do <strong>Shraitheanna Iom\u00e1na agus Peile Allianz<\/strong> don bhliain 2021.<\/center><br \/>\n<center><strong>GAA BEO 8 Bealtaine ar TG4<\/strong><\/center><br \/>\n&nbsp;<br \/>\nBeidh cl\u00fadach cuimsitheach den <strong>25 cluiche<\/strong> CLG \u00f3 Shraitheanna Peile agus Iom\u00e1na Allianz ar TG4 sna m\u00edonna amach romhainn.<br \/>\n&nbsp;<br \/>\nCraolfar ar a laghad ceithre chluiche gach deireadh seachtaine. Beidh cluiche amh\u00e1in ar si\u00fal gach Satharn agus tr\u00ed chluiche ar si\u00fal gach Domhnach; craolfar dh\u00e1 chluiche d\u00edobh beo ar TG4, agus craolfar an tr\u00ed\u00fa cluiche beo ar Aip TG4, craolfar an cluiche sin ar fad iarbheo ar TG4 ina dhiaidh sin.<br \/>\n&nbsp;<br \/>\nCuirfear t\u00fas le cl\u00fadach na bliana 2021 ar TG4 D\u00e9 Sathairn agus D\u00e9 Domhnaigh an 8 agus 9 Bealtaine le craoladh beo ar Shraith Iom\u00e1na Allianz. Is mar seo a leanas at\u00e1 cluich\u00ed na deireadh seachtaine sin leagtha amach; An Iarmh\u00ed v Gaillimh, Loch Garman v Laois, Corcaigh v Port L\u00e1irge agus Aontroim v An Chl\u00e1r.<br \/>\n&nbsp;<br \/>\nIs ar <em>GAA Beo<\/em> a dh\u00e9antar cl\u00fadach beo agus eisiach ar ch\u00farsa\u00ed CLG ar TG4. Is \u00e9 Miche\u00e1l \u00d3 Domhnaill l\u00e1ithreoir na sraithe, agus beidh pain\u00e9al saineolaithe agus tr\u00e1chtair\u00ed \u00e9ags\u00fala ina theannta gach seachtain. Is \u00e9 Nemeton TV, at\u00e1 lonnaithe i nGaeltacht na Rinne i bPort L\u00e1irge, at\u00e1 i mbun l\u00e9irithe.<br \/>\n&nbsp;<\/p>\n<p>Chomh maith leis an gcraoladh beo ar chluich\u00ed Shraitheanna Allianz, gach cuirfear t\u00fas le sraith nua seachtaini\u00fail de <em>GAA 2021<\/em> ar an Luain 10 Bealtaine ag 8pm ina dtaispe\u00e1nfar buaicphoint\u00ed chluich\u00ed CLG \u00f3n deireadh seachtaine roimhe sin.<br \/>\n&nbsp;<\/p>\n<p>Beidh gn\u00e9ithe ar leith ag baint le cl\u00fadach GAA Beo, gn\u00e9ithe mar <em>Athfh\u00e9achaint<\/em> \u00e1 taispe\u00e1int ar sc\u00e1ile\u00e1n beag eile fad is a leanfar den chraoladh beo a thaispe\u00e1int chun a chinnti\u00fa nach gcaillfidh an lucht f\u00e9achana soicind amh\u00e1in f\u00e9in den imirt bheo, chomh maith le ceamara\u00ed suite taobh thiar den d\u00e1 ch\u00fal chun seatanna beo a fh\u00e1il de na poic amach agus de na ciceanna amach, tr\u00edna bhfaighidh an lucht f\u00e9achana tuiscint i bhfad \u00c9ireann n\u00edos teaictici\u00fala ar an ngn\u00e9 th\u00e1bhachtach seo den chluiche.  Cuirfidh foireann <em>GAA Beo<\/em> sc\u00e9alta na n-imreoir\u00ed i l\u00e1thair an lucht f\u00e9achana chomh maith, agus craolfar gn\u00e9chl\u00e1ir ar mh\u00f3rimreoir\u00ed iom\u00e1na agus peile, imreoir\u00ed mar Jamie Barron Phort L\u00e1irge agus Ryan McHugh Dh\u00fan na nGall.<br \/>\n&nbsp;<\/p>\n<p><strong>D\u00fairt Ceannasa\u00ed Sp\u00f3irt TG4 R\u00f3n\u00e1n \u00d3 Coisdealbha:<\/strong>  <em>\u201cT\u00e1 an-\u00e1thas ar TG4  go mbeidh Sraitheanna Iom\u00e1na agus Peile Allianz ar ais linn i mbliana, agus go mbeimid in ann an imirt ar fad a thabhairt chomh fada libh sa mbaile.  Beidh muid ag obair len\u00e1r gcomhph\u00e1irte i gCLG agus sna hionad imeartha \u00e9ags\u00fala ar fud an oile\u00e1in chun a chinnti\u00fa go mbeidh na hionaid sin s\u00e1bh\u00e1ilte do gach duine a bheidh i l\u00e1thair. T\u00e1 stair fhada ag \u00e1r st\u00e1isi\u00fan cl\u00fadach cuimsitheach CLG a chur ar f\u00e1il, agus t\u00e1imid s\u00e1sta gur f\u00e9idir linn \u00e9 seo a dh\u00e9anamh go f\u00f3ill fi\u00fa le linn na tr\u00e9imhse d\u00fashl\u00e1na\u00ed seo\u201d<\/em><br \/>\n&nbsp;<br \/>\n&nbsp;<\/p>\n<p><strong>N\u00f3ta\u00ed don Eagarth\u00f3ir:<\/strong><\/p>\n<ul>\n<li>Is f\u00e9idir Aip TG4 \u00edosl\u00f3d\u00e1il \u00f3n Apple App Store n\u00f3 ar Google Play<\/li>\n<li>M\u00e1 t\u00e1 t\u00fa ag breathn\u00fa ar GAA Beo ar an Aip i dTuaisceart \u00c9ireann, is g\u00e1 duit cinnti\u00fa go bhfuil do \u2018Location Services\u2019 ar si\u00fal ar do ghiorras.<\/li>\n<li>Is f\u00e9idir Aip TG4 a casadh ar scal\u00e1n teilif\u00edse m\u00f3r<\/li>\n<\/ul>\n<p>&nbsp;<br \/>\n&nbsp;<br \/>\n&nbsp;<\/p>\n","protected":false},"excerpt":{"rendered":"<p>&nbsp; T\u00e1 rim\u00e9ad ar TG4 an sceideal a fh\u00f3gairt do Shraitheanna Iom\u00e1na agus Peile Allianz don bhliain 2021. GAA BEO 8 Bealtaine ar TG4 &nbsp; Beidh cl\u00fadach cuimsitheach den 25 cluiche CLG \u00f3 Shraitheanna Peile agus Iom\u00e1na Allianz ar TG4 sna m\u00edonna amach romhainn. &nbsp; Craolfar ar a laghad ceithre chluiche gach deireadh seachtaine. Beidh [&hellip;]<\/p>\n","protected":false},"author":876,"featured_media":0,"parent":115579,"menu_order":22,"comment_status":"closed","ping_status":"closed","template":"page-templates\/template-pr.php","meta":{"_acf_changed":false,"footnotes":""},"acf":[],"yoast_head":"<!-- This site is optimized with the Yoast SEO plugin v22.6 - https:\/\/yoast.com\/wordpress\/plugins\/seo\/ -->\n<title>GAA Beo ar ais go luath le sraitheanna iom\u00e1na agus peile Allianz | Preas R\u00e1iteas | TG4<\/title>\n<meta name=\"robots\" content=\"index, follow, max-snippet:-1, max-image-preview:large, max-video-preview:-1\" \/>\n<meta property=\"og:locale\" content=\"en_US\" \/>\n<meta property=\"og:type\" content=\"article\" \/>\n<meta property=\"og:title\" content=\"GAA Beo ar ais go luath le sraitheanna iom\u00e1na agus peile Allianz | Preas R\u00e1iteas | TG4\" \/>\n<meta property=\"og:description\" content=\"&nbsp; T\u00e1 rim\u00e9ad ar TG4 an sceideal a fh\u00f3gairt do Shraitheanna Iom\u00e1na agus Peile Allianz don bhliain 2021. GAA BEO 8 Bealtaine ar TG4 &nbsp; Beidh cl\u00fadach cuimsitheach den 25 cluiche CLG \u00f3 Shraitheanna Peile agus Iom\u00e1na Allianz ar TG4 sna m\u00edonna amach romhainn. &nbsp; Craolfar ar a laghad ceithre chluiche gach deireadh seachtaine. Beidh [&hellip;]\" \/>\n<meta property=\"og:url\" content=\"https:\/\/dev.tg4.ie\/ga\/eolas\/preas\/nuacht-raitis\/2021-2\/gaa-beo-ar-ais-go-luath-le-sraitheanna-iomana-agus-peile-allianz\/\" \/>\n<meta property=\"og:site_name\" content=\"TG4\" \/>\n<meta property=\"article:publisher\" content=\"https:\/\/www.facebook.com\/TG4TV\" \/>\n<meta property=\"og:image\" content=\"https:\/\/tg4-docs.s3.amazonaws.com\/tg4-redesign-2015\/wp-content\/uploads\/2019\/12\/GAA_Beo_O_Domhnaill_Tyers.jpg\" \/>\n\t<meta property=\"og:image:width\" content=\"1920\" \/>\n\t<meta property=\"og:image:height\" content=\"1080\" \/>\n\t<meta property=\"og:image:type\" content=\"image\/jpeg\" \/>\n<meta name=\"twitter:card\" content=\"summary_large_image\" \/>\n<meta name=\"twitter:image\" content=\"https:\/\/tg4-docs.s3.amazonaws.com\/tg4-redesign-2015\/wp-content\/uploads\/2019\/12\/GAA_Beo_O_Domhnaill_Tyers.jpg\" \/>\n<meta name=\"twitter:site\" content=\"@TG4TV\" \/>\n<meta name=\"twitter:label1\" content=\"Est. reading time\" \/>\n\t<meta name=\"twitter:data1\" content=\"3 minutes\" \/>\n<script type=\"application\/ld+json\" class=\"yoast-schema-graph\">{\"@context\":\"https:\/\/schema.org\",\"@graph\":[{\"@type\":\"WebPage\",\"@id\":\"https:\/\/dev.tg4.ie\/ga\/eolas\/preas\/nuacht-raitis\/2021-2\/gaa-beo-ar-ais-go-luath-le-sraitheanna-iomana-agus-peile-allianz\/\",\"url\":\"https:\/\/dev.tg4.ie\/ga\/eolas\/preas\/nuacht-raitis\/2021-2\/gaa-beo-ar-ais-go-luath-le-sraitheanna-iomana-agus-peile-allianz\/\",\"name\":\"GAA Beo ar ais go luath le sraitheanna iom\u00e1na agus peile Allianz | Preas R\u00e1iteas | TG4\",\"isPartOf\":{\"@id\":\"https:\/\/dev.tg4.ie\/en\/#website\"},\"primaryImageOfPage\":{\"@id\":\"https:\/\/dev.tg4.ie\/ga\/eolas\/preas\/nuacht-raitis\/2021-2\/gaa-beo-ar-ais-go-luath-le-sraitheanna-iomana-agus-peile-allianz\/#primaryimage\"},\"image\":{\"@id\":\"https:\/\/dev.tg4.ie\/ga\/eolas\/preas\/nuacht-raitis\/2021-2\/gaa-beo-ar-ais-go-luath-le-sraitheanna-iomana-agus-peile-allianz\/#primaryimage\"},\"thumbnailUrl\":\"https:\/\/dev.tg4.ie\/wp-content\/uploads\/2019\/12\/GAA_Beo_O_Domhnaill_Tyers.jpg\",\"datePublished\":\"2021-04-27T11:30:56+00:00\",\"dateModified\":\"2021-04-27T11:30:56+00:00\",\"breadcrumb\":{\"@id\":\"https:\/\/dev.tg4.ie\/ga\/eolas\/preas\/nuacht-raitis\/2021-2\/gaa-beo-ar-ais-go-luath-le-sraitheanna-iomana-agus-peile-allianz\/#breadcrumb\"},\"inLanguage\":\"ga\",\"potentialAction\":[{\"@type\":\"ReadAction\",\"target\":[\"https:\/\/dev.tg4.ie\/ga\/eolas\/preas\/nuacht-raitis\/2021-2\/gaa-beo-ar-ais-go-luath-le-sraitheanna-iomana-agus-peile-allianz\/\"]}]},{\"@type\":\"ImageObject\",\"inLanguage\":\"ga\",\"@id\":\"https:\/\/dev.tg4.ie\/ga\/eolas\/preas\/nuacht-raitis\/2021-2\/gaa-beo-ar-ais-go-luath-le-sraitheanna-iomana-agus-peile-allianz\/#primaryimage\",\"url\":\"https:\/\/dev.tg4.ie\/wp-content\/uploads\/2019\/12\/GAA_Beo_O_Domhnaill_Tyers.jpg\",\"contentUrl\":\"https:\/\/dev.tg4.ie\/wp-content\/uploads\/2019\/12\/GAA_Beo_O_Domhnaill_Tyers.jpg\"},{\"@type\":\"BreadcrumbList\",\"@id\":\"https:\/\/dev.tg4.ie\/ga\/eolas\/preas\/nuacht-raitis\/2021-2\/gaa-beo-ar-ais-go-luath-le-sraitheanna-iomana-agus-peile-allianz\/#breadcrumb\",\"itemListElement\":[{\"@type\":\"ListItem\",\"position\":1,\"name\":\"Home\",\"item\":\"https:\/\/dev.tg4.ie\/ga\/\"},{\"@type\":\"ListItem\",\"position\":2,\"name\":\"Eolas\",\"item\":\"https:\/\/dev.tg4.ie\/ga\/eolas\/\"},{\"@type\":\"ListItem\",\"position\":3,\"name\":\"Preas\",\"item\":\"https:\/\/dev.tg4.ie\/ga\/eolas\/preas\/\"},{\"@type\":\"ListItem\",\"position\":4,\"name\":\"Nuacht R\u00e1itis\",\"item\":\"https:\/\/dev.tg4.ie\/ga\/eolas\/preas\/nuacht-raitis\/\"},{\"@type\":\"ListItem\",\"position\":5,\"name\":\"2021\",\"item\":\"https:\/\/dev.tg4.ie\/ga\/eolas\/preas\/nuacht-raitis\/2021-2\/\"},{\"@type\":\"ListItem\",\"position\":6,\"name\":\"GAA Beo ar ais go luath le sraitheanna iom\u00e1na agus peile Allianz\"}]},{\"@type\":\"WebSite\",\"@id\":\"https:\/\/dev.tg4.ie\/en\/#website\",\"url\":\"https:\/\/dev.tg4.ie\/en\/\",\"name\":\"TG4\",\"description\":\"S\u00fail Eile\",\"potentialAction\":[{\"@type\":\"SearchAction\",\"target\":{\"@type\":\"EntryPoint\",\"urlTemplate\":\"https:\/\/dev.tg4.ie\/en\/?s={search_term_string}\"},\"query-input\":\"required name=search_term_string\"}],\"inLanguage\":\"ga\"}]}<\/script>\n<!-- \/ Yoast SEO plugin. -->","yoast_head_json":{"title":"GAA Beo ar ais go luath le sraitheanna iom\u00e1na agus peile Allianz | Preas R\u00e1iteas | TG4","robots":{"index":"index","follow":"follow","max-snippet":"max-snippet:-1","max-image-preview":"max-image-preview:large","max-video-preview":"max-video-preview:-1"},"og_locale":"en_US","og_type":"article","og_title":"GAA Beo ar ais go luath le sraitheanna iom\u00e1na agus peile Allianz | Preas R\u00e1iteas | TG4","og_description":"&nbsp; T\u00e1 rim\u00e9ad ar TG4 an sceideal a fh\u00f3gairt do Shraitheanna Iom\u00e1na agus Peile Allianz don bhliain 2021. GAA BEO 8 Bealtaine ar TG4 &nbsp; Beidh cl\u00fadach cuimsitheach den 25 cluiche CLG \u00f3 Shraitheanna Peile agus Iom\u00e1na Allianz ar TG4 sna m\u00edonna amach romhainn. &nbsp; Craolfar ar a laghad ceithre chluiche gach deireadh seachtaine. Beidh [&hellip;]","og_url":"https:\/\/dev.tg4.ie\/ga\/eolas\/preas\/nuacht-raitis\/2021-2\/gaa-beo-ar-ais-go-luath-le-sraitheanna-iomana-agus-peile-allianz\/","og_site_name":"TG4","article_publisher":"https:\/\/www.facebook.com\/TG4TV","og_image":[{"width":1920,"height":1080,"url":"https:\/\/tg4-docs.s3.amazonaws.com\/tg4-redesign-2015\/wp-content\/uploads\/2019\/12\/GAA_Beo_O_Domhnaill_Tyers.jpg","type":"image\/jpeg"}],"twitter_card":"summary_large_image","twitter_image":"https:\/\/tg4-docs.s3.amazonaws.com\/tg4-redesign-2015\/wp-content\/uploads\/2019\/12\/GAA_Beo_O_Domhnaill_Tyers.jpg","twitter_site":"@TG4TV","twitter_misc":{"Est. reading time":"3 minutes"},"schema":{"@context":"https:\/\/schema.org","@graph":[{"@type":"WebPage","@id":"https:\/\/dev.tg4.ie\/ga\/eolas\/preas\/nuacht-raitis\/2021-2\/gaa-beo-ar-ais-go-luath-le-sraitheanna-iomana-agus-peile-allianz\/","url":"https:\/\/dev.tg4.ie\/ga\/eolas\/preas\/nuacht-raitis\/2021-2\/gaa-beo-ar-ais-go-luath-le-sraitheanna-iomana-agus-peile-allianz\/","name":"GAA Beo ar ais go luath le sraitheanna iom\u00e1na agus peile Allianz | Preas R\u00e1iteas | TG4","isPartOf":{"@id":"https:\/\/dev.tg4.ie\/en\/#website"},"primaryImageOfPage":{"@id":"https:\/\/dev.tg4.ie\/ga\/eolas\/preas\/nuacht-raitis\/2021-2\/gaa-beo-ar-ais-go-luath-le-sraitheanna-iomana-agus-peile-allianz\/#primaryimage"},"image":{"@id":"https:\/\/dev.tg4.ie\/ga\/eolas\/preas\/nuacht-raitis\/2021-2\/gaa-beo-ar-ais-go-luath-le-sraitheanna-iomana-agus-peile-allianz\/#primaryimage"},"thumbnailUrl":"https:\/\/dev.tg4.ie\/wp-content\/uploads\/2019\/12\/GAA_Beo_O_Domhnaill_Tyers.jpg","datePublished":"2021-04-27T11:30:56+00:00","dateModified":"2021-04-27T11:30:56+00:00","breadcrumb":{"@id":"https:\/\/dev.tg4.ie\/ga\/eolas\/preas\/nuacht-raitis\/2021-2\/gaa-beo-ar-ais-go-luath-le-sraitheanna-iomana-agus-peile-allianz\/#breadcrumb"},"inLanguage":"ga","potentialAction":[{"@type":"ReadAction","target":["https:\/\/dev.tg4.ie\/ga\/eolas\/preas\/nuacht-raitis\/2021-2\/gaa-beo-ar-ais-go-luath-le-sraitheanna-iomana-agus-peile-allianz\/"]}]},{"@type":"ImageObject","inLanguage":"ga","@id":"https:\/\/dev.tg4.ie\/ga\/eolas\/preas\/nuacht-raitis\/2021-2\/gaa-beo-ar-ais-go-luath-le-sraitheanna-iomana-agus-peile-allianz\/#primaryimage","url":"https:\/\/dev.tg4.ie\/wp-content\/uploads\/2019\/12\/GAA_Beo_O_Domhnaill_Tyers.jpg","contentUrl":"https:\/\/dev.tg4.ie\/wp-content\/uploads\/2019\/12\/GAA_Beo_O_Domhnaill_Tyers.jpg"},{"@type":"BreadcrumbList","@id":"https:\/\/dev.tg4.ie\/ga\/eolas\/preas\/nuacht-raitis\/2021-2\/gaa-beo-ar-ais-go-luath-le-sraitheanna-iomana-agus-peile-allianz\/#breadcrumb","itemListElement":[{"@type":"ListItem","position":1,"name":"Home","item":"https:\/\/dev.tg4.ie\/ga\/"},{"@type":"ListItem","position":2,"name":"Eolas","item":"https:\/\/dev.tg4.ie\/ga\/eolas\/"},{"@type":"ListItem","position":3,"name":"Preas","item":"https:\/\/dev.tg4.ie\/ga\/eolas\/preas\/"},{"@type":"ListItem","position":4,"name":"Nuacht R\u00e1itis","item":"https:\/\/dev.tg4.ie\/ga\/eolas\/preas\/nuacht-raitis\/"},{"@type":"ListItem","position":5,"name":"2021","item":"https:\/\/dev.tg4.ie\/ga\/eolas\/preas\/nuacht-raitis\/2021-2\/"},{"@type":"ListItem","position":6,"name":"GAA Beo ar ais go luath le sraitheanna iom\u00e1na agus peile Allianz"}]},{"@type":"WebSite","@id":"https:\/\/dev.tg4.ie\/en\/#website","url":"https:\/\/dev.tg4.ie\/en\/","name":"TG4","description":"S\u00fail Eile","potentialAction":[{"@type":"SearchAction","target":{"@type":"EntryPoint","urlTemplate":"https:\/\/dev.tg4.ie\/en\/?s={search_term_string}"},"query-input":"required name=search_term_string"}],"inLanguage":"ga"}]}},"_links":{"self":[{"href":"https:\/\/dev.tg4.ie\/ga\/wp-json\/wp\/v2\/pages\/118687"}],"collection":[{"href":"https:\/\/dev.tg4.ie\/ga\/wp-json\/wp\/v2\/pages"}],"about":[{"href":"https:\/\/dev.tg4.ie\/ga\/wp-json\/wp\/v2\/types\/page"}],"author":[{"embeddable":true,"href":"https:\/\/dev.tg4.ie\/ga\/wp-json\/wp\/v2\/users\/876"}],"replies":[{"embeddable":true,"href":"https:\/\/dev.tg4.ie\/ga\/wp-json\/wp\/v2\/comments?post=118687"}],"version-history":[{"count":0,"href":"https:\/\/dev.tg4.ie\/ga\/wp-json\/wp\/v2\/pages\/118687\/revisions"}],"up":[{"embeddable":true,"href":"https:\/\/dev.tg4.ie\/ga\/wp-json\/wp\/v2\/pages\/115579"}],"wp:attachment":[{"href":"https:\/\/dev.tg4.ie\/ga\/wp-json\/wp\/v2\/media?parent=118687"}],"curies":[{"name":"wp","href":"https:\/\/api.w.org\/{rel}","templated":true}]}}