{"id":118817,"date":"2021-04-29T17:12:08","date_gmt":"2021-04-29T16:12:08","guid":{"rendered":"https:\/\/dev.tg4.ie\/?page_id=118817"},"modified":"2021-05-28T11:35:07","modified_gmt":"2021-05-28T10:35:07","slug":"gradaim-buaite-ag-samhlu-2020-agus-ag-is-olc-an-ghaoth-ag-prix-circom-2021","status":"publish","type":"page","link":"https:\/\/dev.tg4.ie\/ga\/eolas\/preas\/nuacht-raitis\/2021-2\/gradaim-buaite-ag-samhlu-2020-agus-ag-is-olc-an-ghaoth-ag-prix-circom-2021\/","title":{"rendered":"Gradaim buaite ag Samhl\u00fa 2020 agus ag Is Olc an Ghaoth ag PRIX CIRCOM 2021"},"content":{"rendered":"<p><a href=\"https:\/\/tg4-docs.s3.amazonaws.com\/tg4-redesign-2015\/wp-content\/uploads\/2021\/04\/Samhlu2020_IsOlcAnGhaoth_1_3840x1080-scaled.jpg\"><img loading=\"lazy\" decoding=\"async\" width=\"2560\" height=\"720\" src=\"https:\/\/tg4-docs.s3.amazonaws.com\/tg4-redesign-2015\/wp-content\/uploads\/2021\/04\/Samhlu2020_IsOlcAnGhaoth_1_3840x1080-scaled.jpg\" alt=\"\" class=\"aligncenter size-full wp-image-118833\" srcset=\"https:\/\/tg4-docs.s3.amazonaws.com\/tg4-redesign-2015\/wp-content\/uploads\/2021\/04\/Samhlu2020_IsOlcAnGhaoth_1_3840x1080-scaled.jpg 2560w, https:\/\/tg4-docs.s3.amazonaws.com\/tg4-redesign-2015\/wp-content\/uploads\/2021\/04\/Samhlu2020_IsOlcAnGhaoth_1_3840x1080-250x70.jpg 250w, https:\/\/tg4-docs.s3.amazonaws.com\/tg4-redesign-2015\/wp-content\/uploads\/2021\/04\/Samhlu2020_IsOlcAnGhaoth_1_3840x1080-700x197.jpg 700w, https:\/\/tg4-docs.s3.amazonaws.com\/tg4-redesign-2015\/wp-content\/uploads\/2021\/04\/Samhlu2020_IsOlcAnGhaoth_1_3840x1080-252x71.jpg 252w, https:\/\/tg4-docs.s3.amazonaws.com\/tg4-redesign-2015\/wp-content\/uploads\/2021\/04\/Samhlu2020_IsOlcAnGhaoth_1_3840x1080-1536x432.jpg 1536w, https:\/\/tg4-docs.s3.amazonaws.com\/tg4-redesign-2015\/wp-content\/uploads\/2021\/04\/Samhlu2020_IsOlcAnGhaoth_1_3840x1080-2048x576.jpg 2048w, https:\/\/tg4-docs.s3.amazonaws.com\/tg4-redesign-2015\/wp-content\/uploads\/2021\/04\/Samhlu2020_IsOlcAnGhaoth_1_3840x1080-120x34.jpg 120w\" sizes=\"(max-width: 2560px) 100vw, 2560px\" \/><\/a><br \/>\n&nbsp;<\/p>\n<div style=\"position: relative; overflow: auto; width: 75%; padding-bottom: 56.25%;\"><iframe loading=\"lazy\" src=\"https:\/\/www.youtube.com\/embed\/2c_e7ajjNWc\" width=\"100%\" height=\"100%\" frameborder=\"0\" scrolling=\"no\" allowFullscreen=\"true\" style=\"position: absolute; top: 0px; display: block;\"><\/iframe><\/div>\n<p>&nbsp;<br \/>\nT\u00e1 gradaim buaite ag cl\u00e1racha TG4 <strong>Samhl\u00fa 2020<\/strong> agus <strong>Is Olc an Ghaoth<\/strong> ag gradaim PRIX CIRCOM 2021 a f\u00f3gra\u00edodh inniu. Gach bliain, tugann gradaim Prix CIRCOM aitheantas do na l\u00e9iri\u00fach\u00e1in r\u00e9igi\u00fanacha is fearr. Is iad na gradaim seo na gradaim idirn\u00e1isi\u00fanta is t\u00e1bhachta\u00ed i dtaobh cl\u00e1racha r\u00e9igi\u00fanacha agus is sa bhliain 1990 a bronnadh iad den ch\u00e9ad uair. Deich <strong>mBuaiteoir Catag\u00f3ire<\/strong> agus naoi <strong>ngradam Ardmholadh<\/strong> a roghna\u00edodh sa bhliain 2021. 191 iontr\u00e1il a cuireadh ar aghaidh do na gradaim i mbliana i gcom\u00f3rtas le 193 iontr\u00e1il anuraidh ach l\u00e9ir\u00edonn sin, fi\u00fa i mbliain mh\u00f3r Covid-19, gur lean na st\u00e1isi\u00fain phoibl\u00ed de lear m\u00f3r \u00e1bhair a l\u00e9iri\u00fa d\u00e1 lucht f\u00e9achana le linn na bliana tubaist\u00ed seo. Ar an ioml\u00e1n, chuir craolt\u00f3ir\u00ed i 23 st\u00e1t iontr\u00e1lacha ar aghaidh do na gradaim.<br \/>\n&nbsp;<br \/>\nIs \u00e9 <strong>Samhl\u00fa 2020<\/strong> le TG4 <strong>Buaiteoir<\/strong> an ghradaim <strong>CL\u00c1R IS \u00daRNUA AGUS IS NU\u00c1LA\u00cd<\/strong> a nd\u00e9anann NRK NORWAY urra\u00edocht air.  Taispe\u00e1ntas cult\u00fair cinni\u00fanach \u00e9 <strong>Samhl\u00fa 2020<\/strong> a dh\u00e9anann gaisc\u00ed agus an chruthaitheacht eala\u00edonta at\u00e1 tagtha chun cinn ar fud na h\u00c9ireann sa bhliain 2020 a cheili\u00faradh, ainneoin gurbh bhliain thar a bheith d\u00fashl\u00e1nach a bh\u00ed inti. An Cl\u00e1r \u00c9ire Ild\u00e1nach a mhaoinigh Samhl\u00fa 2020 agus Meangadh F\u00edb\u00edn a l\u00e9irigh \u00e9 agus faoi sti\u00fair Philip Doherty do TG4.  I gceantar \u00e1lainn Chloch na R\u00f3n, Conamara, Co. na Gaillimhe at\u00e1 an cl\u00e1r lonnaithe. Tugann Tommy Tiernan, An F\u00e1na\u00ed, an lucht f\u00e9achana ar aistear gliondrach agus dra\u00edocht\u00fail de cheol, damhsa agus amharclanna\u00edocht.  Cuireadh &#8216;Samhl\u00fa\u2019 p\u00edosa nua ceoil \u00f3n gcumad\u00f3ir Bill Whelan, a bhfuil c\u00e1il ar fud an domhain air agus at\u00e1 ina ch\u00f3na\u00ed i gCloch na R\u00f3n,  os comhair an phobail den ch\u00e9ad uair sa chraolach\u00e1n \u00fad.  Bh\u00ed s\u00e9 ghearrscann\u00e1n oidhreachta i gceist i Samhl\u00fa 2020 freisin at\u00e1 fite le taibhithe \u00f3 Shane Hennessey, Moxie, Slow Moving Clouds, Julie Feeney, Morgan Bullock, David Geaney, R\u00f3n\u00e1n \u00d3 Snodaigh, Varo agus Tonnta.<br \/>\n&nbsp;<\/p>\n<p>Bronnadh gradam <strong>Ardmholadh<\/strong> ar <strong>Is Olc an Ghaoth<\/strong> sa chatag\u00f3ir <strong>SIAMSA\u00cdOCHT AGUS DR\u00c1MA\u00cdOCHT<\/strong> a ndearna TPA Asturias-TVG Galicia urra\u00edocht air. Triptic Ghotach Acla \u2013 tr\u00ed ghearrscann\u00e1n bhr\u00f3nacha ach bharr\u00fala a shn\u00edomhann ina ch\u00e9ile, suite ar oile\u00e1n lena mbaineann beag\u00e1n aist\u00edola agus a bhfuil Covid ar an mbealach ann.  T\u00e1 roinnt de na haisteoir\u00ed is fearr sa t\u00edr p\u00e1irteach ann, ina measc, Stiof\u00e1n Seoige <em>(Murdair Mh\u00e1m Trasna, Na Cloigne, Ros na R\u00fan)<\/em>, John Finn <em>(Cold Case, The Walking Dead, The Crown, An Bronntanas)<\/em>, Carrie Crowley <em>(Fair City, R\u00e1sa\u00ed na Gaillimhe)<\/em> agus Peadar Cox <em>(Song of Granite, Fir Bolg, Ros na R\u00fan)<\/em>. Niamh Fagan a l\u00e9irigh an cl\u00e1r arna sti\u00faradh ag Tom Sullivan, sti\u00farth\u00f3ir a bhfuil IFTA buaite aige, agus ag Kevin Toolis, scr\u00edbhneoir a bhfuil BAFTA buaite aige.<br \/>\n&nbsp;<br \/>\nF\u00f3gr\u00f3far buaiteoir an <strong>Grand Prix \u2013 the Best of the Best<\/strong>, at\u00e1 urraithe ag TVP Poland ag \u00f3c\u00e1id cheili\u00fartha ar l\u00edne <strong>D\u00e9 C\u00e9adaoin an 12 Bealtaine, 20:00 CET<\/strong>.  T\u00e1 an <strong>Gradam Speisialta<\/strong> le f\u00f3gairt, at\u00e1 urraithe ag BNT Bulgaria.<br \/>\n&nbsp;<\/p>\n<p>Is saineolaithe at\u00e1 ag obair ina l\u00e9iritheoir\u00ed i st\u00e1isi\u00fain r\u00e9igi\u00fanacha molt\u00f3ir\u00ed na ngradam.  Ba iad sin: Sybren Terpstra, Omrop Fryslan, An \u00cdsilt\u00edr; Cathrine Gaukerud, NRK, An Iorua; Erica Stenback, SVT, An tSualainn; L\u00e9a Zilber, RTBF, An Bheilg; Adriano Nazareth, RTP, An Phortaing\u00e9il; Lisa Reynolds, BBC, An RA; Zsuszanna Antala, MTVA, An Ung\u00e1ir; Chiara Tomasoni, RSI, An Eilv\u00e9is; Daniela Dra\u0161tata, HRT, An Chr\u00f3it; Daniele Guido Gessa, RAI, An Iod\u00e1il; Fran\u00e7oise Erb, France 3, An Fhrainc; Alina Amza, TVR, An R\u00f3m\u00e1in; Montse Armengou Mart\u00edn, CCMA, An Sp\u00e1inn; Dagmara Drzazga, TVP, An Pholainn; Christine Schwarz, RTBF, An Bheilg; Andreas Riedl, ORF, An Ostair; Mojca Recek, RTVSLO, An tSl\u00f3iv\u00e9in; Martin Novosad, \u010cT, Poblacht na Seice; Luc\u00eda Herrera Cueva, RTPA, An Sp\u00e1inn; R\u00f3is\u00edn N\u00ed Thuairisg, TG4, \u00c9ire; Janina Strothman, HR, An Ghearm\u00e1in; Joe Reddington, RT\u00c9, \u00c9ire; Gunnar Henrich, HR, An Ghearm\u00e1in;Eivind Undrum Jacobsen, NRK, An Iorua.<br \/>\n&nbsp;<br \/>\n<strong>Is \u00e9ard a d\u00fairt Alan Esslemont, Ard-Sti\u00farth\u00f3ir TG4<\/strong>, <em>&#8220;Ba mhaith liom comhghairdeas a dh\u00e9anamh le gach duine a raibh baint acu le Samhl\u00fa 2020 agus le Is Olc an Ghaoth ar na gradaim at\u00e1 buaite inniu acu agus comhghairdeas a dh\u00e9anamh freisin leis na l\u00e9iritheoir\u00ed Meangadh F\u00edb\u00edn agus Lunar Pictures.  Tionscadal thar a bheith uaillmhianach agus t\u00e1bhachtach ab ea Samhl\u00fa 2020 a dh\u00e9anann ceili\u00faradh ar scoth na n-eala\u00edon in \u00c9irinn i mbliain a bh\u00ed deacair agus nach bhfacthas a leith\u00e9id riamh cheana.  Bh\u00ed rath ar an gcomhph\u00e1irt\u00edocht a bh\u00ed againn leis an gCl\u00e1r \u00c9ire Ild\u00e1nach agus t\u00e1 r\u00edm\u00e9ad orainn faoi ghradam an lae inniu.  N\u00ed g\u00e1 aon n\u00ed eile a r\u00e1 faoi chaighde\u00e1n na ndaoine cumasacha a bh\u00ed p\u00e1irteach in Is Olc an Ghaoth, agus is l\u00e9iri\u00fa sin ar an rath a bh\u00edonn ar bhundr\u00e1ma\u00edocht a l\u00e9ir\u00edtear in \u00c9irinn mar go mb\u00edonn s\u00ed \u00e1balta teorainneacha a sh\u00e1r\u00fa agus sp\u00e9is lucht f\u00e9achana idirn\u00e1isi\u00fanta a tharraingt.&#8221;<\/em><br \/>\n&nbsp;<br \/>\n<strong>D\u00fairt an tAire Turas\u00f3ireachta, Cult\u00fair, Eala\u00edon, Gaeltachta, Sp\u00f3irt agus Me\u00e1n Catherine Martin<\/strong>, <em>&#8220;Comhghairdeas m\u00f3r le TG4 agus le F\u00edb\u00edn Media i gConamara. Is iontach an gaisce an gradam don chl\u00e1r is \u00farnua agus is nu\u00e1la\u00ed a bhuachan agus sibh i gcom\u00f3rtas le craolt\u00f3ir\u00ed r\u00e9igi\u00fanacha at\u00e1 i bhfad n\u00edos m\u00f3 n\u00e1 sibh. T\u00e1 an-mheas againn ar fad ar an ts\u00fail eile \u00f3 TG4. T\u00e1 an-\u00e1thas orm go raibh s\u00e9 ar mo chumas an cl\u00e1r Samhl\u00fa a mhaoini\u00fa. Ba \u00e9 an uaillmhian a bh\u00ed againn ard\u00e1n a thabhairt do chleachtas cruthaitheach den ch\u00e9ad scoth a raibh borradh faoi ainneoin COVID agus leis sin a raibh 126 eala\u00edont\u00f3ir \u00f3 ar fud na h\u00c9ireann p\u00e1irteach ann, ceol nuachumtha \u00f3n gcumad\u00f3ir Bill Whelan san \u00e1ireamh. Is dea-theist freisin \u00e9 ar phobal an l\u00e9iri\u00fach\u00e1in neamhsple\u00e1ch in iarthar na t\u00edre.&#8221;<\/em><br \/>\n&nbsp;<br \/>\n<strong>D\u00fairt David Lowen CIRCOM<\/strong> : <em>&#8220;Ba mh\u00f3r an pl\u00e9isi\u00far agus on\u00f3ir dom a bheith i mo Chathaoirleach ar na Molt\u00f3ir\u00ed. Is saineolaithe aitheanta iad \u00f3 ar fud na hEorpa a bhfuil taith\u00ed mh\u00f3r acu. D\u2019oibrigh siad go d\u00edograiseach agus bh\u00ed roghanna dearca le d\u00e9anamh acu. T\u00e1 an m\u00e9id a d&#8217;\u00e9irigh le craolt\u00f3ir\u00ed seirbh\u00edse poibl\u00ed agus sol\u00e1thr\u00f3ir\u00ed me\u00e1n r\u00e9igi\u00fanacha a bhaint amach i dtr\u00e9imhse a bh\u00ed deacair don lucht f\u00e9achana agus do lucht gairmi\u00fail araon le moladh. T\u00e1imid ag tn\u00fath anois le f\u00f3gra an Grand Prix agus an Ghradaim Speisialta agus le f\u00edse\u00e1in de cheili\u00faradh bhuaiteoir\u00ed na gcatag\u00f3ir\u00ed  a roinnt libh.&#8221;<\/em><br \/>\n&nbsp;<br \/>\n&nbsp;<br \/>\n&nbsp;<\/p>\n","protected":false},"excerpt":{"rendered":"<p>&nbsp; &nbsp; T\u00e1 gradaim buaite ag cl\u00e1racha TG4 Samhl\u00fa 2020 agus Is Olc an Ghaoth ag gradaim PRIX CIRCOM 2021 a f\u00f3gra\u00edodh inniu. Gach bliain, tugann gradaim Prix CIRCOM aitheantas do na l\u00e9iri\u00fach\u00e1in r\u00e9igi\u00fanacha is fearr. Is iad na gradaim seo na gradaim idirn\u00e1isi\u00fanta is t\u00e1bhachta\u00ed i dtaobh cl\u00e1racha r\u00e9igi\u00fanacha agus is sa bhliain 1990 [&hellip;]<\/p>\n","protected":false},"author":876,"featured_media":0,"parent":115579,"menu_order":23,"comment_status":"closed","ping_status":"closed","template":"page-templates\/template-pr.php","meta":{"_acf_changed":false,"footnotes":""},"acf":[],"yoast_head":"<!-- This site is optimized with the Yoast SEO plugin v22.6 - https:\/\/yoast.com\/wordpress\/plugins\/seo\/ -->\n<title>Gradaim buaite ag Samhl\u00fa 2020 agus ag Is Olc an Ghaoth ag PRIX CIRCOM 2021 | Preas R\u00e1iteas | TG4<\/title>\n<meta name=\"robots\" content=\"index, follow, max-snippet:-1, max-image-preview:large, max-video-preview:-1\" \/>\n<meta property=\"og:locale\" content=\"en_US\" \/>\n<meta property=\"og:type\" content=\"article\" \/>\n<meta property=\"og:title\" content=\"Gradaim buaite ag Samhl\u00fa 2020 agus ag Is Olc an Ghaoth ag PRIX CIRCOM 2021 | Preas R\u00e1iteas | TG4\" \/>\n<meta property=\"og:description\" content=\"&nbsp; &nbsp; T\u00e1 gradaim buaite ag cl\u00e1racha TG4 Samhl\u00fa 2020 agus Is Olc an Ghaoth ag gradaim PRIX CIRCOM 2021 a f\u00f3gra\u00edodh inniu. Gach bliain, tugann gradaim Prix CIRCOM aitheantas do na l\u00e9iri\u00fach\u00e1in r\u00e9igi\u00fanacha is fearr. Is iad na gradaim seo na gradaim idirn\u00e1isi\u00fanta is t\u00e1bhachta\u00ed i dtaobh cl\u00e1racha r\u00e9igi\u00fanacha agus is sa bhliain 1990 [&hellip;]\" \/>\n<meta property=\"og:url\" content=\"https:\/\/dev.tg4.ie\/ga\/eolas\/preas\/nuacht-raitis\/2021-2\/gradaim-buaite-ag-samhlu-2020-agus-ag-is-olc-an-ghaoth-ag-prix-circom-2021\/\" \/>\n<meta property=\"og:site_name\" content=\"TG4\" \/>\n<meta property=\"article:publisher\" content=\"https:\/\/www.facebook.com\/TG4TV\" \/>\n<meta property=\"article:modified_time\" content=\"2021-05-28T10:35:07+00:00\" \/>\n<meta property=\"og:image\" content=\"https:\/\/tg4-docs.s3.amazonaws.com\/tg4-redesign-2015\/wp-content\/uploads\/2021\/04\/Samhlu2020_IsOlcAnGhaoth_Pad_1920x1080.jpg\" \/>\n\t<meta property=\"og:image:width\" content=\"1920\" \/>\n\t<meta property=\"og:image:height\" content=\"1080\" \/>\n\t<meta property=\"og:image:type\" content=\"image\/jpeg\" \/>\n<meta name=\"twitter:card\" content=\"summary_large_image\" \/>\n<meta name=\"twitter:image\" content=\"https:\/\/tg4-docs.s3.amazonaws.com\/tg4-redesign-2015\/wp-content\/uploads\/2021\/04\/Samhlu2020_IsOlcAnGhaoth_Pad_1920x1080.jpg\" \/>\n<meta name=\"twitter:site\" content=\"@TG4TV\" \/>\n<meta name=\"twitter:label1\" content=\"Est. reading time\" \/>\n\t<meta name=\"twitter:data1\" content=\"6 minutes\" \/>\n<script type=\"application\/ld+json\" class=\"yoast-schema-graph\">{\"@context\":\"https:\/\/schema.org\",\"@graph\":[{\"@type\":\"WebPage\",\"@id\":\"https:\/\/dev.tg4.ie\/ga\/eolas\/preas\/nuacht-raitis\/2021-2\/gradaim-buaite-ag-samhlu-2020-agus-ag-is-olc-an-ghaoth-ag-prix-circom-2021\/\",\"url\":\"https:\/\/dev.tg4.ie\/ga\/eolas\/preas\/nuacht-raitis\/2021-2\/gradaim-buaite-ag-samhlu-2020-agus-ag-is-olc-an-ghaoth-ag-prix-circom-2021\/\",\"name\":\"Gradaim buaite ag Samhl\u00fa 2020 agus ag Is Olc an Ghaoth ag PRIX CIRCOM 2021 | Preas R\u00e1iteas | TG4\",\"isPartOf\":{\"@id\":\"https:\/\/dev.tg4.ie\/en\/#website\"},\"primaryImageOfPage\":{\"@id\":\"https:\/\/dev.tg4.ie\/ga\/eolas\/preas\/nuacht-raitis\/2021-2\/gradaim-buaite-ag-samhlu-2020-agus-ag-is-olc-an-ghaoth-ag-prix-circom-2021\/#primaryimage\"},\"image\":{\"@id\":\"https:\/\/dev.tg4.ie\/ga\/eolas\/preas\/nuacht-raitis\/2021-2\/gradaim-buaite-ag-samhlu-2020-agus-ag-is-olc-an-ghaoth-ag-prix-circom-2021\/#primaryimage\"},\"thumbnailUrl\":\"https:\/\/dev.tg4.ie\/wp-content\/uploads\/2021\/04\/Samhlu2020_IsOlcAnGhaoth_1_3840x1080-scaled.jpg\",\"datePublished\":\"2021-04-29T16:12:08+00:00\",\"dateModified\":\"2021-05-28T10:35:07+00:00\",\"breadcrumb\":{\"@id\":\"https:\/\/dev.tg4.ie\/ga\/eolas\/preas\/nuacht-raitis\/2021-2\/gradaim-buaite-ag-samhlu-2020-agus-ag-is-olc-an-ghaoth-ag-prix-circom-2021\/#breadcrumb\"},\"inLanguage\":\"ga\",\"potentialAction\":[{\"@type\":\"ReadAction\",\"target\":[\"https:\/\/dev.tg4.ie\/ga\/eolas\/preas\/nuacht-raitis\/2021-2\/gradaim-buaite-ag-samhlu-2020-agus-ag-is-olc-an-ghaoth-ag-prix-circom-2021\/\"]}]},{\"@type\":\"ImageObject\",\"inLanguage\":\"ga\",\"@id\":\"https:\/\/dev.tg4.ie\/ga\/eolas\/preas\/nuacht-raitis\/2021-2\/gradaim-buaite-ag-samhlu-2020-agus-ag-is-olc-an-ghaoth-ag-prix-circom-2021\/#primaryimage\",\"url\":\"https:\/\/dev.tg4.ie\/wp-content\/uploads\/2021\/04\/Samhlu2020_IsOlcAnGhaoth_1_3840x1080-scaled.jpg\",\"contentUrl\":\"https:\/\/dev.tg4.ie\/wp-content\/uploads\/2021\/04\/Samhlu2020_IsOlcAnGhaoth_1_3840x1080-scaled.jpg\"},{\"@type\":\"BreadcrumbList\",\"@id\":\"https:\/\/dev.tg4.ie\/ga\/eolas\/preas\/nuacht-raitis\/2021-2\/gradaim-buaite-ag-samhlu-2020-agus-ag-is-olc-an-ghaoth-ag-prix-circom-2021\/#breadcrumb\",\"itemListElement\":[{\"@type\":\"ListItem\",\"position\":1,\"name\":\"Home\",\"item\":\"https:\/\/dev.tg4.ie\/ga\/\"},{\"@type\":\"ListItem\",\"position\":2,\"name\":\"Eolas\",\"item\":\"https:\/\/dev.tg4.ie\/ga\/eolas\/\"},{\"@type\":\"ListItem\",\"position\":3,\"name\":\"Preas\",\"item\":\"https:\/\/dev.tg4.ie\/ga\/eolas\/preas\/\"},{\"@type\":\"ListItem\",\"position\":4,\"name\":\"Nuacht R\u00e1itis\",\"item\":\"https:\/\/dev.tg4.ie\/ga\/eolas\/preas\/nuacht-raitis\/\"},{\"@type\":\"ListItem\",\"position\":5,\"name\":\"2021\",\"item\":\"https:\/\/dev.tg4.ie\/ga\/eolas\/preas\/nuacht-raitis\/2021-2\/\"},{\"@type\":\"ListItem\",\"position\":6,\"name\":\"Gradaim buaite ag Samhl\u00fa 2020 agus ag Is Olc an Ghaoth ag PRIX CIRCOM 2021\"}]},{\"@type\":\"WebSite\",\"@id\":\"https:\/\/dev.tg4.ie\/en\/#website\",\"url\":\"https:\/\/dev.tg4.ie\/en\/\",\"name\":\"TG4\",\"description\":\"S\u00fail Eile\",\"potentialAction\":[{\"@type\":\"SearchAction\",\"target\":{\"@type\":\"EntryPoint\",\"urlTemplate\":\"https:\/\/dev.tg4.ie\/en\/?s={search_term_string}\"},\"query-input\":\"required name=search_term_string\"}],\"inLanguage\":\"ga\"}]}<\/script>\n<!-- \/ Yoast SEO plugin. -->","yoast_head_json":{"title":"Gradaim buaite ag Samhl\u00fa 2020 agus ag Is Olc an Ghaoth ag PRIX CIRCOM 2021 | Preas R\u00e1iteas | TG4","robots":{"index":"index","follow":"follow","max-snippet":"max-snippet:-1","max-image-preview":"max-image-preview:large","max-video-preview":"max-video-preview:-1"},"og_locale":"en_US","og_type":"article","og_title":"Gradaim buaite ag Samhl\u00fa 2020 agus ag Is Olc an Ghaoth ag PRIX CIRCOM 2021 | Preas R\u00e1iteas | TG4","og_description":"&nbsp; &nbsp; T\u00e1 gradaim buaite ag cl\u00e1racha TG4 Samhl\u00fa 2020 agus Is Olc an Ghaoth ag gradaim PRIX CIRCOM 2021 a f\u00f3gra\u00edodh inniu. Gach bliain, tugann gradaim Prix CIRCOM aitheantas do na l\u00e9iri\u00fach\u00e1in r\u00e9igi\u00fanacha is fearr. Is iad na gradaim seo na gradaim idirn\u00e1isi\u00fanta is t\u00e1bhachta\u00ed i dtaobh cl\u00e1racha r\u00e9igi\u00fanacha agus is sa bhliain 1990 [&hellip;]","og_url":"https:\/\/dev.tg4.ie\/ga\/eolas\/preas\/nuacht-raitis\/2021-2\/gradaim-buaite-ag-samhlu-2020-agus-ag-is-olc-an-ghaoth-ag-prix-circom-2021\/","og_site_name":"TG4","article_publisher":"https:\/\/www.facebook.com\/TG4TV","article_modified_time":"2021-05-28T10:35:07+00:00","og_image":[{"width":1920,"height":1080,"url":"https:\/\/tg4-docs.s3.amazonaws.com\/tg4-redesign-2015\/wp-content\/uploads\/2021\/04\/Samhlu2020_IsOlcAnGhaoth_Pad_1920x1080.jpg","type":"image\/jpeg"}],"twitter_card":"summary_large_image","twitter_image":"https:\/\/tg4-docs.s3.amazonaws.com\/tg4-redesign-2015\/wp-content\/uploads\/2021\/04\/Samhlu2020_IsOlcAnGhaoth_Pad_1920x1080.jpg","twitter_site":"@TG4TV","twitter_misc":{"Est. reading time":"6 minutes"},"schema":{"@context":"https:\/\/schema.org","@graph":[{"@type":"WebPage","@id":"https:\/\/dev.tg4.ie\/ga\/eolas\/preas\/nuacht-raitis\/2021-2\/gradaim-buaite-ag-samhlu-2020-agus-ag-is-olc-an-ghaoth-ag-prix-circom-2021\/","url":"https:\/\/dev.tg4.ie\/ga\/eolas\/preas\/nuacht-raitis\/2021-2\/gradaim-buaite-ag-samhlu-2020-agus-ag-is-olc-an-ghaoth-ag-prix-circom-2021\/","name":"Gradaim buaite ag Samhl\u00fa 2020 agus ag Is Olc an Ghaoth ag PRIX CIRCOM 2021 | Preas R\u00e1iteas | TG4","isPartOf":{"@id":"https:\/\/dev.tg4.ie\/en\/#website"},"primaryImageOfPage":{"@id":"https:\/\/dev.tg4.ie\/ga\/eolas\/preas\/nuacht-raitis\/2021-2\/gradaim-buaite-ag-samhlu-2020-agus-ag-is-olc-an-ghaoth-ag-prix-circom-2021\/#primaryimage"},"image":{"@id":"https:\/\/dev.tg4.ie\/ga\/eolas\/preas\/nuacht-raitis\/2021-2\/gradaim-buaite-ag-samhlu-2020-agus-ag-is-olc-an-ghaoth-ag-prix-circom-2021\/#primaryimage"},"thumbnailUrl":"https:\/\/dev.tg4.ie\/wp-content\/uploads\/2021\/04\/Samhlu2020_IsOlcAnGhaoth_1_3840x1080-scaled.jpg","datePublished":"2021-04-29T16:12:08+00:00","dateModified":"2021-05-28T10:35:07+00:00","breadcrumb":{"@id":"https:\/\/dev.tg4.ie\/ga\/eolas\/preas\/nuacht-raitis\/2021-2\/gradaim-buaite-ag-samhlu-2020-agus-ag-is-olc-an-ghaoth-ag-prix-circom-2021\/#breadcrumb"},"inLanguage":"ga","potentialAction":[{"@type":"ReadAction","target":["https:\/\/dev.tg4.ie\/ga\/eolas\/preas\/nuacht-raitis\/2021-2\/gradaim-buaite-ag-samhlu-2020-agus-ag-is-olc-an-ghaoth-ag-prix-circom-2021\/"]}]},{"@type":"ImageObject","inLanguage":"ga","@id":"https:\/\/dev.tg4.ie\/ga\/eolas\/preas\/nuacht-raitis\/2021-2\/gradaim-buaite-ag-samhlu-2020-agus-ag-is-olc-an-ghaoth-ag-prix-circom-2021\/#primaryimage","url":"https:\/\/dev.tg4.ie\/wp-content\/uploads\/2021\/04\/Samhlu2020_IsOlcAnGhaoth_1_3840x1080-scaled.jpg","contentUrl":"https:\/\/dev.tg4.ie\/wp-content\/uploads\/2021\/04\/Samhlu2020_IsOlcAnGhaoth_1_3840x1080-scaled.jpg"},{"@type":"BreadcrumbList","@id":"https:\/\/dev.tg4.ie\/ga\/eolas\/preas\/nuacht-raitis\/2021-2\/gradaim-buaite-ag-samhlu-2020-agus-ag-is-olc-an-ghaoth-ag-prix-circom-2021\/#breadcrumb","itemListElement":[{"@type":"ListItem","position":1,"name":"Home","item":"https:\/\/dev.tg4.ie\/ga\/"},{"@type":"ListItem","position":2,"name":"Eolas","item":"https:\/\/dev.tg4.ie\/ga\/eolas\/"},{"@type":"ListItem","position":3,"name":"Preas","item":"https:\/\/dev.tg4.ie\/ga\/eolas\/preas\/"},{"@type":"ListItem","position":4,"name":"Nuacht R\u00e1itis","item":"https:\/\/dev.tg4.ie\/ga\/eolas\/preas\/nuacht-raitis\/"},{"@type":"ListItem","position":5,"name":"2021","item":"https:\/\/dev.tg4.ie\/ga\/eolas\/preas\/nuacht-raitis\/2021-2\/"},{"@type":"ListItem","position":6,"name":"Gradaim buaite ag Samhl\u00fa 2020 agus ag Is Olc an Ghaoth ag PRIX CIRCOM 2021"}]},{"@type":"WebSite","@id":"https:\/\/dev.tg4.ie\/en\/#website","url":"https:\/\/dev.tg4.ie\/en\/","name":"TG4","description":"S\u00fail Eile","potentialAction":[{"@type":"SearchAction","target":{"@type":"EntryPoint","urlTemplate":"https:\/\/dev.tg4.ie\/en\/?s={search_term_string}"},"query-input":"required name=search_term_string"}],"inLanguage":"ga"}]}},"_links":{"self":[{"href":"https:\/\/dev.tg4.ie\/ga\/wp-json\/wp\/v2\/pages\/118817"}],"collection":[{"href":"https:\/\/dev.tg4.ie\/ga\/wp-json\/wp\/v2\/pages"}],"about":[{"href":"https:\/\/dev.tg4.ie\/ga\/wp-json\/wp\/v2\/types\/page"}],"author":[{"embeddable":true,"href":"https:\/\/dev.tg4.ie\/ga\/wp-json\/wp\/v2\/users\/876"}],"replies":[{"embeddable":true,"href":"https:\/\/dev.tg4.ie\/ga\/wp-json\/wp\/v2\/comments?post=118817"}],"version-history":[{"count":0,"href":"https:\/\/dev.tg4.ie\/ga\/wp-json\/wp\/v2\/pages\/118817\/revisions"}],"up":[{"embeddable":true,"href":"https:\/\/dev.tg4.ie\/ga\/wp-json\/wp\/v2\/pages\/115579"}],"wp:attachment":[{"href":"https:\/\/dev.tg4.ie\/ga\/wp-json\/wp\/v2\/media?parent=118817"}],"curies":[{"name":"wp","href":"https:\/\/api.w.org\/{rel}","templated":true}]}}