{"id":119006,"date":"2021-05-05T12:56:45","date_gmt":"2021-05-05T11:56:45","guid":{"rendered":"https:\/\/dev.tg4.ie\/?page_id=119006"},"modified":"2021-05-05T12:56:45","modified_gmt":"2021-05-05T11:56:45","slug":"2018-2","status":"publish","type":"page","link":"https:\/\/dev.tg4.ie\/ga\/eolas\/gradaim\/2018-2\/","title":{"rendered":"2018"},"content":{"rendered":"<h1>2018<\/h1>\n<table>\n<tbody>\n<tr>\n<td><strong>Cl\u00e1r \/ Duine<\/strong><\/td>\n<td><strong>Gradam<\/strong><\/td>\n<td><strong>Eagras<\/strong><\/td>\n<\/tr>\n<tr>\n<td>Poc na nGael<\/td>\n<td>Gradam Mac Con M\u00ed<\/td>\n<td>Cumann L\u00fathchleas Gael \/ GAA<\/td>\n<\/tr>\n<tr>\n<td>Cl\u00fadach TG4 ar an Tour de France<\/td>\n<td>Gearrliosta sa \u201cBest Sport &#038; Activity Feature\u201d<\/td>\n<td>French Travel Media Awards<\/td>\n<\/tr>\n<tr>\n<td>An B\u00e9al Bocht<\/td>\n<td>Beochana<\/td>\n<td>F\u00e9ile na Me\u00e1n Ceilteach<\/td>\n<\/tr>\n<tr>\n<td>Rocky Ros Muc<\/td>\n<td>Sp\u00f3irt<\/td>\n<td>F\u00e9ile na Me\u00e1n Ceilteach<\/td>\n<\/tr>\n<tr>\n<td>Murdair Mh\u00e1m Trasna<\/td>\n<td>Sraith Staire<\/td>\n<td>F\u00e9ile na Me\u00e1n Ceilteach<\/td>\n<\/tr>\n<tr>\n<td>Song of Granite<\/td>\n<td>Duais na nEala\u00edon<\/td>\n<td>Celtic Media Festival<\/td>\n<\/tr>\n<tr>\n<td>Camino Voyage<\/td>\n<td>Faisn\u00e9is 2018<\/td>\n<td>Irish Screen America Film Festival i NYC<\/td>\n<\/tr>\n<tr>\n<td>Camino Voyage<\/td>\n<td>Duais lucht f\u00e9achana<\/td>\n<td>Dingle International Film Festival<\/td>\n<\/tr>\n<tr>\n<td>Camino Voyage<\/td>\n<td>Duais lucht f\u00e9achana<\/td>\n<td>Luxembourg British &#038; Irish Film Season<\/td>\n<\/tr>\n<tr>\n<td>TG4XX BEO (Gifted Empire\/TG4)<\/td>\n<td>\u00d3c\u00e1id Bheo<\/td>\n<td>IFTA<\/td>\n<\/tr>\n<tr>\n<td>Hector Central (Good Company Productions)<\/td>\n<td>Ainmni\u00fach\u00e1n Rann\u00f3g F\u00edorasach<\/td>\n<td>IFTA<\/td>\n<\/tr>\n<tr>\n<td>\u00c9ire Fhi\u00e1in- An C\u00f3sta Thiar (Crossing the Line Productions)<\/td>\n<td>Ainmni\u00fach\u00e1n Sraith Faisn\u00e9ise<\/td>\n<td>IFTA<\/td>\n<\/tr>\n<tr>\n<td>Ros na R\u00fan (EO Teilif\u00eds &#038; Tyrone)<\/td>\n<td>Ainmni\u00fach\u00e1n Sobal dr\u00e1ma<\/td>\n<td>IFTA<\/td>\n<\/tr>\n<tr>\n<td>Is Eola\u00ed M\u00e9 (Meangadh F\u00edb\u00edn)<\/td>\n<td>Ainmni\u00fach\u00e1n &#8211; Daoine \u00d3ga<\/td>\n<td>IFTA<\/td>\n<\/tr>\n<tr>\n<td>Lurgan 2K17 (Iris Productions)<\/td>\n<td>Ainmni\u00fach\u00e1n \u2013 Daoine \u00d3ga<\/td>\n<td>IFTA<\/td>\n<\/tr>\n<tr>\n<td>Fir Bolg (Dearg Films)<\/td>\n<td>Ainmni\u00fach\u00e1n \u2013 Cl\u00e1racha Gaeilge<\/td>\n<td>IFTA<\/td>\n<\/tr>\n<tr>\n<td>Frank O\u2019Connor- Idir Dh\u00e1 Shruth (AnimoTV)<\/td>\n<td>Ainmni\u00fach\u00e1n \u2013 Cl\u00e1racha Gaeilge<\/td>\n<td>IFTA<\/td>\n<\/tr>\n<tr>\n<td>Rocky Ros Muc (Below the Radar)<\/td>\n<td>Ainmni\u00fach\u00e1n &#8211; Cl\u00e1racha Gaeilge<\/td>\n<td>IFTA<\/td>\n<\/tr>\n<tr>\n<td>Ros na R\u00fan (EO Teilif\u00eds &#038; Tyrone Productions)<\/td>\n<td>Ainmni\u00fach\u00e1n \u2013 Cl\u00e1racha Gaeilge<\/td>\n<td>IFTA<\/td>\n<\/tr>\n<tr>\n<td>Se\u00e1n McGinley, Fir Bolg (Dearg Films)<\/td>\n<td>Ainmni\u00fach\u00e1n \u2013 Taispe\u00e1ntas is fearr ag fear<\/td>\n<td>IFTA<\/td>\n<\/tr>\n<tr>\n<td>Domenico Pontillo, Wild Ireland &#8211; the Edge of the World<\/td>\n<td>Ceamara (Teilif\u00eds) Ainmni\u00fach\u00e1n<\/td>\n<td>IFTA<\/td>\n<\/tr>\n<tr>\n<td>Camino an tS\u00e1ile<\/td>\n<td>Buaiteoir &#8211; Sraith Teilif\u00edse na Bliana<\/td>\n<td>Gradaim Chumars\u00e1ide an Oireachtais<\/td>\n<\/tr>\n<tr>\n<td>Song of Granite<\/td>\n<td>Buaiteoir &#8211; Scann\u00e1n\/Cl\u00e1r Teilif\u00edse na Bliana<\/td>\n<td>Gradaim Chumars\u00e1ide an Oireachtais<\/td>\n<\/tr>\n<tr>\n<td>Beidh M\u00e9 Ar Ais<\/td>\n<td>Ainmni\u00fach\u00e1n &#8211; Sraith Teilif\u00edse na Bliana<\/td>\n<td>Gradaim Chumars\u00e1ide an Oireachtais<\/td>\n<\/tr>\n<tr>\n<td>C\u00fal St\u00e1itse<\/td>\n<td>Ainmni\u00fach\u00e1n &#8211; Sraith Teilif\u00edse na Bliana<\/td>\n<td>Gradaim Chumars\u00e1ide an Oireachtais<\/td>\n<\/tr>\n<tr>\n<td>Grace Harte (Wildfire Films)<\/td>\n<td>Ainmni\u00fach\u00e1n &#8211; Sraith Teilif\u00edse na Bliana<\/td>\n<td>Gradaim Chumars\u00e1ide an Oireachtais<\/td>\n<\/tr>\n<tr>\n<td>Murdair Mh\u00e1m Trasna (Rosg)<\/td>\n<td>Ainmni\u00fach\u00e1n &#8211; Cl\u00e1r Teilif\u00edse na Bliana<\/td>\n<td>Gradaim Chumars\u00e1ide an Oireachtais<\/td>\n<\/tr>\n<tr>\n<td>Rocky Ros Muc (Below the Radar)<\/td>\n<td>Ainmni\u00fach\u00e1n &#8211; Cl\u00e1r Teilif\u00edse na Bliana<\/td>\n<td>Gradaim Chumars\u00e1ide an Oireachtais<\/td>\n<\/tr>\n<tr>\n<td>Anseo i L\u00e1r an Ghleanna<\/td>\n<td>Ainmni\u00fach\u00e1n &#8211; Cl\u00e1r Teilif\u00edse na Bliana<\/td>\n<td>Gradaim Chumars\u00e1ide an Oireachtais<\/td>\n<\/tr>\n<tr>\n<td>Se\u00e1n Mac an tS\u00edthigh<\/td>\n<td>Ainmni\u00fach\u00e1n &#8211; Iriseoir na Bliana<\/td>\n<td>Gradaim Chumars\u00e1ide an Oireachtais<\/td>\n<\/tr>\n<tr>\n<td>Caitl\u00edn Nic Aoidh (TG4)<\/td>\n<td>Pearsa Teilif\u00edse na Bliana Buaiteoir<\/td>\n<td>Gradaim Chumars\u00e1ide an Oireachtais<\/td>\n<\/tr>\n<tr>\n<td>Anna Marie Nic Dhonnchadha (Ros na R\u00fan)<\/td>\n<td>Ainmni\u00fach\u00e1n &#8211; Pearsa Teilif\u00edse na Bliana<\/td>\n<td>Gradaim Chumars\u00e1ide an Oireachtais<\/td>\n<\/tr>\n<tr>\n<td>Brian Tyers (TG4)<\/td>\n<td>Ainmni\u00fach\u00e1n &#8211; Pearsa Teilif\u00edse na Bliana<\/td>\n<td>Gradaim Chumars\u00e1ide an Oireachtais<\/td>\n<\/tr>\n<tr>\n<td>Miche\u00e1l \u00d3 Ciaraidh<\/td>\n<td>Ainmni\u00fach\u00e1n &#8211; Pearsa Teilif\u00edse na Bliana<\/td>\n<td>Gradaim Chumars\u00e1ide an Oireachtais<\/td>\n<\/tr>\n<tr>\n<td>P\u00e1dhraic \u00d3 Ciardha<\/td>\n<td>Buaicghradam Cumars\u00e1ide na Bliana<\/td>\n<td>Gradaim Chumars\u00e1ide an Oireachtais<\/td>\n<\/tr>\n<tr>\n<td>#MurdairMh\u00e1mTrasna<\/td>\n<td>Ainmni\u00fach\u00e1n &#8211; Feachtas Me\u00e1n S\u00f3isialta na Bliana<\/td>\n<td>Gradaim Chumars\u00e1ide an Oireachtais<\/td>\n<\/tr>\n<tr>\n<td>#anl\u00e1seo &#8211; Molsc\u00e9al<\/td>\n<td>Ainmni\u00fach\u00e1n &#8211; Feachtas Me\u00e1n S\u00f3isialta na Bliana<\/td>\n<td>Gradaim Chumars\u00e1ide an Oireachtais<\/td>\n<\/tr>\n<tr>\n<td>Bloc TG4<\/td>\n<td>Buaiteoir &#8211; \u00das\u00e1id na Me\u00e1in Sh\u00f3isialta<\/td>\n<td>Sockies<\/td>\n<\/tr>\n<tr>\n<td>Grace Harte<\/td>\n<td>Gradam Idirn\u00e1isi\u00fanta don Dr\u00e1ma is fearr<\/td>\n<td>Circom<\/td>\n<\/tr>\n<tr>\n<td>Biafra &#8211; Misean Dearmadta<\/td>\n<td>Ard Mholadh<\/td>\n<td>Radharc Awards<\/td>\n<\/tr>\n<tr>\n<td>XL (do Ros na R\u00fan)<\/td>\n<td>Gradam Best Low Budget Sponsorship Award<\/td>\n<td> <\/td>\n<\/tr>\n<\/tbody>\n<\/table>\n","protected":false},"excerpt":{"rendered":"<p>2018 Cl\u00e1r \/ Duine Gradam Eagras Poc na nGael Gradam Mac Con M\u00ed Cumann L\u00fathchleas Gael \/ GAA Cl\u00fadach TG4 ar an Tour de France Gearrliosta sa \u201cBest Sport &#038; Activity Feature\u201d French Travel Media Awards An B\u00e9al Bocht Beochana F\u00e9ile na Me\u00e1n Ceilteach Rocky Ros Muc Sp\u00f3irt F\u00e9ile na Me\u00e1n Ceilteach Murdair Mh\u00e1m Trasna [&hellip;]<\/p>\n","protected":false},"author":876,"featured_media":0,"parent":1219,"menu_order":20,"comment_status":"closed","ping_status":"closed","template":"page-templates\/template-corporate.php","meta":{"_acf_changed":false,"footnotes":""},"acf":[],"yoast_head":"<!-- This site is optimized with the Yoast SEO plugin v22.6 - https:\/\/yoast.com\/wordpress\/plugins\/seo\/ -->\n<title>2018 - TG4<\/title>\n<meta name=\"robots\" content=\"index, follow, max-snippet:-1, max-image-preview:large, max-video-preview:-1\" \/>\n<meta property=\"og:locale\" content=\"en_US\" \/>\n<meta property=\"og:type\" content=\"article\" \/>\n<meta property=\"og:title\" content=\"2018 - TG4\" \/>\n<meta property=\"og:description\" content=\"2018 Cl\u00e1r \/ Duine Gradam Eagras Poc na nGael Gradam Mac Con M\u00ed Cumann L\u00fathchleas Gael \/ GAA Cl\u00fadach TG4 ar an Tour de France Gearrliosta sa \u201cBest Sport &#038; Activity Feature\u201d French Travel Media Awards An B\u00e9al Bocht Beochana F\u00e9ile na Me\u00e1n Ceilteach Rocky Ros Muc Sp\u00f3irt F\u00e9ile na Me\u00e1n Ceilteach Murdair Mh\u00e1m Trasna [&hellip;]\" \/>\n<meta property=\"og:url\" content=\"https:\/\/dev.tg4.ie\/ga\/eolas\/gradaim\/2018-2\/\" \/>\n<meta property=\"og:site_name\" content=\"TG4\" \/>\n<meta property=\"article:publisher\" content=\"https:\/\/www.facebook.com\/TG4TV\" \/>\n<meta property=\"og:image\" content=\"https:\/\/tg4-docs.s3.amazonaws.com\/wp-content\/uploads\/2024\/11\/18151812\/TG4_2024_corcra_teal_1-1920x1080-1.jpg\" \/>\n\t<meta property=\"og:image:width\" content=\"1920\" \/>\n\t<meta property=\"og:image:height\" content=\"1080\" \/>\n\t<meta property=\"og:image:type\" content=\"image\/jpeg\" \/>\n<meta name=\"twitter:card\" content=\"summary_large_image\" \/>\n<meta name=\"twitter:site\" content=\"@TG4TV\" \/>\n<meta name=\"twitter:label1\" content=\"Est. reading time\" \/>\n\t<meta name=\"twitter:data1\" content=\"3 minutes\" \/>\n<script type=\"application\/ld+json\" class=\"yoast-schema-graph\">{\"@context\":\"https:\/\/schema.org\",\"@graph\":[{\"@type\":\"WebPage\",\"@id\":\"https:\/\/dev.tg4.ie\/ga\/eolas\/gradaim\/2018-2\/\",\"url\":\"https:\/\/dev.tg4.ie\/ga\/eolas\/gradaim\/2018-2\/\",\"name\":\"2018 - TG4\",\"isPartOf\":{\"@id\":\"https:\/\/dev.tg4.ie\/en\/#website\"},\"datePublished\":\"2021-05-05T11:56:45+00:00\",\"dateModified\":\"2021-05-05T11:56:45+00:00\",\"breadcrumb\":{\"@id\":\"https:\/\/dev.tg4.ie\/ga\/eolas\/gradaim\/2018-2\/#breadcrumb\"},\"inLanguage\":\"ga\",\"potentialAction\":[{\"@type\":\"ReadAction\",\"target\":[\"https:\/\/dev.tg4.ie\/ga\/eolas\/gradaim\/2018-2\/\"]}]},{\"@type\":\"BreadcrumbList\",\"@id\":\"https:\/\/dev.tg4.ie\/ga\/eolas\/gradaim\/2018-2\/#breadcrumb\",\"itemListElement\":[{\"@type\":\"ListItem\",\"position\":1,\"name\":\"Home\",\"item\":\"https:\/\/dev.tg4.ie\/ga\/\"},{\"@type\":\"ListItem\",\"position\":2,\"name\":\"Eolas\",\"item\":\"https:\/\/dev.tg4.ie\/ga\/eolas\/\"},{\"@type\":\"ListItem\",\"position\":3,\"name\":\"Gradaim\",\"item\":\"https:\/\/dev.tg4.ie\/ga\/eolas\/gradaim\/\"},{\"@type\":\"ListItem\",\"position\":4,\"name\":\"2018\"}]},{\"@type\":\"WebSite\",\"@id\":\"https:\/\/dev.tg4.ie\/en\/#website\",\"url\":\"https:\/\/dev.tg4.ie\/en\/\",\"name\":\"TG4\",\"description\":\"S\u00fail Eile\",\"potentialAction\":[{\"@type\":\"SearchAction\",\"target\":{\"@type\":\"EntryPoint\",\"urlTemplate\":\"https:\/\/dev.tg4.ie\/en\/?s={search_term_string}\"},\"query-input\":\"required name=search_term_string\"}],\"inLanguage\":\"ga\"}]}<\/script>\n<!-- \/ Yoast SEO plugin. -->","yoast_head_json":{"title":"2018 - TG4","robots":{"index":"index","follow":"follow","max-snippet":"max-snippet:-1","max-image-preview":"max-image-preview:large","max-video-preview":"max-video-preview:-1"},"og_locale":"en_US","og_type":"article","og_title":"2018 - TG4","og_description":"2018 Cl\u00e1r \/ Duine Gradam Eagras Poc na nGael Gradam Mac Con M\u00ed Cumann L\u00fathchleas Gael \/ GAA Cl\u00fadach TG4 ar an Tour de France Gearrliosta sa \u201cBest Sport &#038; Activity Feature\u201d French Travel Media Awards An B\u00e9al Bocht Beochana F\u00e9ile na Me\u00e1n Ceilteach Rocky Ros Muc Sp\u00f3irt F\u00e9ile na Me\u00e1n Ceilteach Murdair Mh\u00e1m Trasna [&hellip;]","og_url":"https:\/\/dev.tg4.ie\/ga\/eolas\/gradaim\/2018-2\/","og_site_name":"TG4","article_publisher":"https:\/\/www.facebook.com\/TG4TV","og_image":[{"width":1920,"height":1080,"url":"https:\/\/tg4-docs.s3.amazonaws.com\/wp-content\/uploads\/2024\/11\/18151812\/TG4_2024_corcra_teal_1-1920x1080-1.jpg","type":"image\/jpeg"}],"twitter_card":"summary_large_image","twitter_site":"@TG4TV","twitter_misc":{"Est. reading time":"3 minutes"},"schema":{"@context":"https:\/\/schema.org","@graph":[{"@type":"WebPage","@id":"https:\/\/dev.tg4.ie\/ga\/eolas\/gradaim\/2018-2\/","url":"https:\/\/dev.tg4.ie\/ga\/eolas\/gradaim\/2018-2\/","name":"2018 - TG4","isPartOf":{"@id":"https:\/\/dev.tg4.ie\/en\/#website"},"datePublished":"2021-05-05T11:56:45+00:00","dateModified":"2021-05-05T11:56:45+00:00","breadcrumb":{"@id":"https:\/\/dev.tg4.ie\/ga\/eolas\/gradaim\/2018-2\/#breadcrumb"},"inLanguage":"ga","potentialAction":[{"@type":"ReadAction","target":["https:\/\/dev.tg4.ie\/ga\/eolas\/gradaim\/2018-2\/"]}]},{"@type":"BreadcrumbList","@id":"https:\/\/dev.tg4.ie\/ga\/eolas\/gradaim\/2018-2\/#breadcrumb","itemListElement":[{"@type":"ListItem","position":1,"name":"Home","item":"https:\/\/dev.tg4.ie\/ga\/"},{"@type":"ListItem","position":2,"name":"Eolas","item":"https:\/\/dev.tg4.ie\/ga\/eolas\/"},{"@type":"ListItem","position":3,"name":"Gradaim","item":"https:\/\/dev.tg4.ie\/ga\/eolas\/gradaim\/"},{"@type":"ListItem","position":4,"name":"2018"}]},{"@type":"WebSite","@id":"https:\/\/dev.tg4.ie\/en\/#website","url":"https:\/\/dev.tg4.ie\/en\/","name":"TG4","description":"S\u00fail Eile","potentialAction":[{"@type":"SearchAction","target":{"@type":"EntryPoint","urlTemplate":"https:\/\/dev.tg4.ie\/en\/?s={search_term_string}"},"query-input":"required name=search_term_string"}],"inLanguage":"ga"}]}},"_links":{"self":[{"href":"https:\/\/dev.tg4.ie\/ga\/wp-json\/wp\/v2\/pages\/119006"}],"collection":[{"href":"https:\/\/dev.tg4.ie\/ga\/wp-json\/wp\/v2\/pages"}],"about":[{"href":"https:\/\/dev.tg4.ie\/ga\/wp-json\/wp\/v2\/types\/page"}],"author":[{"embeddable":true,"href":"https:\/\/dev.tg4.ie\/ga\/wp-json\/wp\/v2\/users\/876"}],"replies":[{"embeddable":true,"href":"https:\/\/dev.tg4.ie\/ga\/wp-json\/wp\/v2\/comments?post=119006"}],"version-history":[{"count":0,"href":"https:\/\/dev.tg4.ie\/ga\/wp-json\/wp\/v2\/pages\/119006\/revisions"}],"up":[{"embeddable":true,"href":"https:\/\/dev.tg4.ie\/ga\/wp-json\/wp\/v2\/pages\/1219"}],"wp:attachment":[{"href":"https:\/\/dev.tg4.ie\/ga\/wp-json\/wp\/v2\/media?parent=119006"}],"curies":[{"name":"wp","href":"https:\/\/api.w.org\/{rel}","templated":true}]}}